{"id":608,"date":"2024-01-12T13:17:40","date_gmt":"2024-01-12T12:17:40","guid":{"rendered":"https:\/\/shop.dachzeltnomaden.com\/?post_type=product&#038;p=608"},"modified":"2026-03-08T07:45:05","modified_gmt":"2026-03-08T06:45:05","slug":"airpassdachzelte","status":"publish","type":"product","link":"https:\/\/dachzeltnomaden.com\/shop\/produkt\/airpassdachzelte\/","title":{"rendered":"AirPass<br>Dachzelte"},"content":{"rendered":"\n<p>WERBUNG<br><br>Du suchst ein Airpass Dachzelt? Dann bist du hier genau richtig! Airpass Dachzelte gibt es in folgenden Ausf\u00fchrungen:<\/p>\n\n\n\n<ul class=\"wp-block-list\">\n<li>Hartschalendachzelte (GFK)<\/li>\n\n\n\n<li>Liegefl\u00e4che Breite: 210 &#8211; 230 x 130 &#8211; 160 cm<\/li>\n\n\n\n<li>Gewicht: ab 59 Kg<\/li>\n\n\n\n<li>Preis: ab 2814 Euro<\/li>\n<\/ul>\n\n\n\n<p style=\"margin-top:30px\">*Die Links sind Affiliate Links. Wenn du dich f\u00fcr den Kauf eines Dachzeltes entscheidest, erhalten die Dachzeltnomaden eine Provision. Damit unterst\u00fctzt du uns &amp; unsere Arbeit. F\u00fcr dich kostet das Dachzelt deshalb nicht mehr.<br><br>Diese AirPass Dachzelt Modelle sind aktuell zu haben:<\/p>\n\n\n\n<div class=\"wp-block-uagb-container uagb-block-4e207270 default uagb-is-root-container\">\n<div class=\"wp-block-uagb-container uagb-block-751e462b\">\n<div class=\"wp-block-group is-layout-constrained wp-container-core-group-is-layout-bdcbbb17 wp-block-group-is-layout-constrained\">\n<div class=\"wp-block-uagb-advanced-heading uagb-block-a9630844\"><h2 class=\"uagb-heading-text\">AirPass Variant<\/h2><div class=\"uagb-separator\"><\/div><p class=\"uagb-desc-text\">ab <strong>3.058.20 \u20ac<\/strong><\/p><\/div>\n\n\n\n<div class=\"wp-block-uagb-image uagb-block-f3e48046 wp-block-uagb-image--layout-default wp-block-uagb-image--effect-static wp-block-uagb-image--align-none\"><figure class=\"wp-block-uagb-image__figure\"><img decoding=\"async\" srcset=\"https:\/\/dachzeltnomaden.com\/shop\/wp-content\/uploads\/2024\/01\/dachzeltnomaden-airpass-dachzelte-variant-small-x-long-600x600-1.webp ,https:\/\/dachzeltnomaden.com\/shop\/wp-content\/uploads\/2024\/01\/dachzeltnomaden-airpass-dachzelte-variant-small-x-long-600x600-1.webp 780w, https:\/\/dachzeltnomaden.com\/shop\/wp-content\/uploads\/2024\/01\/dachzeltnomaden-airpass-dachzelte-variant-small-x-long-600x600-1.webp 360w\" sizes=\"auto, (max-width: 480px) 150px\" src=\"https:\/\/dachzeltnomaden.com\/shop\/wp-content\/uploads\/2024\/01\/dachzeltnomaden-airpass-dachzelte-variant-small-x-long-600x600-1.webp\" alt=\"hartschalen dachzelt dreieck airpass variant kaufen produktbild\" class=\"uag-image-131320\" width=\"1024\" height=\"250\" title=\"dachzeltnomaden-airpass-dachzelte-variant-small-x-long-600x600-1\" loading=\"lazy\" role=\"img\"\/><\/figure><\/div>\n\n\n\n<p class=\"has-ast-global-color-2-color has-text-color has-link-color wp-elements-ad284f768ea41727dd5659f4adef8ee9\">1-3 Personen Dachzelt, 5 Gr\u00f6\u00dfen, GFK-Hartschale, f\u00fcr Fahrzeuge ab 64 kg Dachlast<\/p>\n\n\n\n<hr class=\"wp-block-separator has-text-color has-ast-global-color-2-color has-alpha-channel-opacity has-ast-global-color-2-background-color has-background\"\/>\n\n\n\n<p class=\"has-ast-global-color-2-color has-text-color has-link-color wp-elements-1288ad8ec270cf7831a21eee701d44a9\">Ma\u00dfe je nach Modell ab:<\/p>\n\n\n\n<ul style=\"font-size:15px\" class=\"wp-block-list has-ast-global-color-2-color has-text-color has-link-color wp-elements-1bad89deccc4883b9a56c5a58db0090a\">\n<li>Farbe: weiss\/ grau oder schwarz\/ carbon<\/li>\n\n\n\n<li>Ma\u00dfe geschlossen: 210 x 130 x 25 cm<\/li>\n\n\n\n<li>Ma\u00dfe ge\u00f6ffnet: 210 x 130 x 150 cm<\/li>\n\n\n\n<li>Ma\u00dfe Matratze: 200 x 125 cm<\/li>\n\n\n\n<li>Gewicht: 59 kg<\/li>\n<\/ul>\n<\/div>\n\n\n\n<div class=\"wp-block-uagb-buttons uagb-buttons__outer-wrap uagb-btn__default-btn uagb-btn-tablet__default-btn uagb-btn-mobile__default-btn uagb-block-e9253de5\"><div class=\"uagb-buttons__wrap uagb-buttons-layout-wrap \">\n<div class=\"wp-block-uagb-buttons-child uagb-buttons__outer-wrap uagb-block-7fedee46 wp-block-button\"><div class=\"uagb-button__wrapper\"><a class=\"uagb-buttons-repeater wp-block-button__link\" aria-label=\"\" href=\"#\" rel=\"follow noopener\" target=\"_self\" role=\"button\"><div class=\"uagb-button__link\">Zum AirPass Variant<\/div><\/a><\/div><\/div>\n<\/div><\/div>\n<a class=\"spectra-container-link-overlay\" rel=\"noopener\" target=\"_blank\" href=\"https:\/\/www.awin1.com\/cread.php?awinmid=12158&amp;awinaffid=728701&amp;platform=dl&amp;ued=https%3A%2F%2Fwww.campingwagner.de%2Fde%2Fp%2Fairpass-dachzelt-variant_m10392&amp;clickref=shop_airpass_airpassvariant_cwagner_bb_1\"> <\/a><\/div>\n\n\n\n<div class=\"wp-block-uagb-container uagb-block-754c70c4\">\n<div class=\"wp-block-group is-layout-constrained wp-container-core-group-is-layout-bdcbbb17 wp-block-group-is-layout-constrained\">\n<div class=\"wp-block-uagb-advanced-heading uagb-block-66f0d31e\"><h2 class=\"uagb-heading-text\">AirPass<\/h2><div class=\"uagb-separator\"><\/div><p class=\"uagb-desc-text\">ab <strong>2.814.40 \u20ac<\/strong><\/p><\/div>\n\n\n\n<div class=\"wp-block-uagb-image uagb-block-2bfd98ee wp-block-uagb-image--layout-default wp-block-uagb-image--effect-static wp-block-uagb-image--align-none\"><figure class=\"wp-block-uagb-image__figure\"><img decoding=\"async\" srcset=\"https:\/\/dachzeltnomaden.com\/shop\/wp-content\/uploads\/2024\/01\/dachzeltnomaden-airpass-dachzelte-airpass-medium-5661510_600x600-e1719720854524.webp ,https:\/\/dachzeltnomaden.com\/shop\/wp-content\/uploads\/2024\/01\/dachzeltnomaden-airpass-dachzelte-airpass-medium-5661510_600x600-e1719720854524.webp 780w, https:\/\/dachzeltnomaden.com\/shop\/wp-content\/uploads\/2024\/01\/dachzeltnomaden-airpass-dachzelte-airpass-medium-5661510_600x600-e1719720854524.webp 360w\" sizes=\"auto, (max-width: 480px) 150px\" src=\"https:\/\/dachzeltnomaden.com\/shop\/wp-content\/uploads\/2024\/01\/dachzeltnomaden-airpass-dachzelte-airpass-medium-5661510_600x600-e1719720854524.webp\" alt=\"hartschalen dachzelt airpass kaufen produktbild\" class=\"uag-image-131319\" width=\"1024\" height=\"250\" title=\"dachzeltnomaden-airpass-dachzelte-airpass-medium-5661510_600x600-e1719720854524\" loading=\"lazy\" role=\"img\"\/><\/figure><\/div>\n\n\n\n<p class=\"has-ast-global-color-2-color has-text-color has-link-color wp-elements-6dbbcd8a8fb13fc8658540cb3f1baa71\">1-3 Personen Dachzelt, 3 Gr\u00f6\u00dfen, GFK-Hartschale, f\u00fcr Kleinwagen ab 65 kg Dachlast<\/p>\n\n\n\n<hr class=\"wp-block-separator has-text-color has-ast-global-color-2-color has-alpha-channel-opacity has-ast-global-color-2-background-color has-background\"\/>\n\n\n\n<p class=\"has-ast-global-color-2-color has-text-color has-link-color wp-elements-1288ad8ec270cf7831a21eee701d44a9\">Ma\u00dfe je nach Modell ab:<\/p>\n\n\n\n<ul style=\"font-size:15px\" class=\"wp-block-list has-ast-global-color-2-color has-text-color has-link-color wp-elements-49a4c1eb2953253eb1dea4c39bf7ee7a\">\n<li>Farbe: weiss\/ grau oder schwarz\/ carbon<\/li>\n\n\n\n<li>Ma\u00dfe geschlossen: 210 x 130 x 25 cm<\/li>\n\n\n\n<li>Ma\u00dfe ge\u00f6ffnet: 210 x 130 x 98 cm<\/li>\n\n\n\n<li>Ma\u00dfe Matratze: 200 x 125 cm<\/li>\n\n\n\n<li>Gewicht: 60 kg<\/li>\n<\/ul>\n<\/div>\n\n\n\n<div class=\"wp-block-uagb-buttons uagb-buttons__outer-wrap uagb-btn__default-btn uagb-btn-tablet__default-btn uagb-btn-mobile__default-btn uagb-block-c48bea8a\"><div class=\"uagb-buttons__wrap uagb-buttons-layout-wrap \">\n<div class=\"wp-block-uagb-buttons-child uagb-buttons__outer-wrap uagb-block-560a85a0 wp-block-button\"><div class=\"uagb-button__wrapper\"><a class=\"uagb-buttons-repeater wp-block-button__link\" aria-label=\"\" href=\"#\" rel=\"follow noopener\" target=\"_self\" role=\"button\"><div class=\"uagb-button__link\">Zum AirPass AirPass<\/div><\/a><\/div><\/div>\n<\/div><\/div>\n<a class=\"spectra-container-link-overlay\" rel=\"noopener\" target=\"_blank\" href=\"https:\/\/www.awin1.com\/cread.php?awinmid=12158&amp;awinaffid=728701&amp;platform=dl&amp;ued=https%3A%2F%2Fwww.campingwagner.de%2Fde%2Fp%2Fairpass-dachzelt_m10374%3Futm_campaign%3Dawin_1%26utm_source%3Dawin%26utm_medium%3DCPC%26campaign%3Dawin%26sv1%3Daffiliate%26sv_campaign_id%3D728701%26awc%3D12158_1772175744_f9ce96d645d21dadf3bc2e5622dc5ab6&amp;clickref=shop_airpass_airpass_cwagner_bb_1\"> <\/a><\/div>\n\n\n\n<div class=\"wp-block-uagb-container uagb-block-626bd2ce\">\n<div class=\"wp-block-group is-layout-constrained wp-container-core-group-is-layout-bdcbbb17 wp-block-group-is-layout-constrained\">\n<div class=\"wp-block-uagb-advanced-heading uagb-block-349e6c1b\"><h2 class=\"uagb-heading-text\">AirPass View<\/h2><div class=\"uagb-separator\"><\/div><p class=\"uagb-desc-text\">ab <strong>3.037,37 \u20ac<\/strong><\/p><\/div>\n\n\n\n<div class=\"wp-block-uagb-image uagb-block-9eb996f5 wp-block-uagb-image--layout-default wp-block-uagb-image--effect-static wp-block-uagb-image--align-none\"><figure class=\"wp-block-uagb-image__figure\"><img decoding=\"async\" srcset=\"https:\/\/dachzeltnomaden.com\/shop\/wp-content\/uploads\/2024\/01\/Dachzeltnomaden-airpass-dachzelte-view-medium-grau-weiss.webp ,https:\/\/dachzeltnomaden.com\/shop\/wp-content\/uploads\/2024\/01\/Dachzeltnomaden-airpass-dachzelte-view-medium-grau-weiss.webp 780w, https:\/\/dachzeltnomaden.com\/shop\/wp-content\/uploads\/2024\/01\/Dachzeltnomaden-airpass-dachzelte-view-medium-grau-weiss.webp 360w\" sizes=\"auto, (max-width: 480px) 150px\" src=\"https:\/\/dachzeltnomaden.com\/shop\/wp-content\/uploads\/2024\/01\/Dachzeltnomaden-airpass-dachzelte-view-medium-grau-weiss.webp\" alt=\"Hartschalendachzelt airpass view kaufen produktbild\" class=\"uag-image-131321\" width=\"1024\" height=\"250\" title=\"Dachzeltnomaden-airpass-dachzelte-view-medium-grau-weiss\" loading=\"lazy\" role=\"img\"\/><\/figure><\/div>\n\n\n\n<p class=\"has-ast-global-color-2-color has-text-color has-link-color wp-elements-2e3af643aa16b6b201ebea77dc1deedc\">1-3 Personen Dachzelt, 3 Gr\u00f6\u00dfen, GFK-Hartschale, f\u00fcr Kleinwagen 65 kg Dachlast<\/p>\n\n\n\n<hr class=\"wp-block-separator has-text-color has-ast-global-color-2-color has-alpha-channel-opacity has-ast-global-color-2-background-color has-background\"\/>\n\n\n\n<p class=\"has-ast-global-color-2-color has-text-color has-link-color wp-elements-a6197e7872d3aab54f56ffe5402b3104\">Ma\u00dfe je nach Modell ab:<\/p>\n\n\n\n<ul style=\"font-size:15px\" class=\"wp-block-list has-ast-global-color-2-color has-text-color has-link-color wp-elements-a9fce847862dfa90da92a5b15e761d1e\">\n<li>Farbe: weiss\/ grau oder schwarz\/carbon<\/li>\n\n\n\n<li>Ma\u00dfe geschlossen: 210 x 130 x 25 cm<\/li>\n\n\n\n<li>Ma\u00dfe ge\u00f6ffnet: 210 x 130 x 98 cm<\/li>\n\n\n\n<li>Ma\u00dfe Matratze: 200 x 125 cm<\/li>\n\n\n\n<li>Gewicht: 60 kg<\/li>\n<\/ul>\n<\/div>\n\n\n\n<div class=\"wp-block-uagb-buttons uagb-buttons__outer-wrap uagb-btn__default-btn uagb-btn-tablet__default-btn uagb-btn-mobile__default-btn uagb-block-0cf5c1e7\"><div class=\"uagb-buttons__wrap uagb-buttons-layout-wrap \">\n<div class=\"wp-block-uagb-buttons-child uagb-buttons__outer-wrap uagb-block-3fa69e14 wp-block-button\"><div class=\"uagb-button__wrapper\"><a class=\"uagb-buttons-repeater wp-block-button__link\" aria-label=\"\" href=\"#\" rel=\"follow noopener\" target=\"_self\" role=\"button\"><div class=\"uagb-button__link\">Zum AirPass View<\/div><\/a><\/div><\/div>\n<\/div><\/div>\n<a class=\"spectra-container-link-overlay\" rel=\"noopener\" target=\"_blank\" href=\"https:\/\/www.awin1.com\/cread.php?awinmid=12158&amp;awinaffid=728701&amp;platform=dl&amp;ued=https%3A%2F%2Fwww.campingwagner.de%2Fde%2Fp%2Fairpass-dachzelt-view_m10375&amp;clickref=shop_airpass_airpassView_cwagner_bb_1\"> <\/a><\/div>\n<\/div>\n\n\n\n<div class=\"wp-block-uagb-container uagb-block-d2103d86 default uagb-is-root-container\">\n<div class=\"wp-block-uagb-container uagb-block-e02193c4\">\n<div class=\"wp-block-group is-layout-constrained wp-container-core-group-is-layout-bdcbbb17 wp-block-group-is-layout-constrained\">\n<div class=\"wp-block-uagb-advanced-heading uagb-block-7b909490\"><h2 class=\"uagb-heading-text\">AirPass 360<\/h2><div class=\"uagb-separator\"><\/div><p class=\"uagb-desc-text\">ab <strong>3.180,06 \u20ac<\/strong><\/p><\/div>\n\n\n\n<div class=\"wp-block-uagb-image uagb-block-62dd0ab4 wp-block-uagb-image--layout-default wp-block-uagb-image--effect-static wp-block-uagb-image--align-none\"><figure class=\"wp-block-uagb-image__figure\"><img decoding=\"async\" srcset=\"https:\/\/dachzeltnomaden.com\/shop\/wp-content\/uploads\/2024\/01\/dachzeltnomaden-airpass-dachzelte-360-small-Movera-L-0106786700_600x600.webp ,https:\/\/dachzeltnomaden.com\/shop\/wp-content\/uploads\/2024\/01\/dachzeltnomaden-airpass-dachzelte-360-small-Movera-L-0106786700_600x600.webp 780w, https:\/\/dachzeltnomaden.com\/shop\/wp-content\/uploads\/2024\/01\/dachzeltnomaden-airpass-dachzelte-360-small-Movera-L-0106786700_600x600.webp 360w\" sizes=\"auto, (max-width: 480px) 150px\" src=\"https:\/\/dachzeltnomaden.com\/shop\/wp-content\/uploads\/2024\/01\/dachzeltnomaden-airpass-dachzelte-360-small-Movera-L-0106786700_600x600.webp\" alt=\"hartschalendachzelt airpass 360 kaufen produktbild\" class=\"uag-image-131322\" width=\"1024\" height=\"250\" title=\"dachzeltnomaden-airpass-dachzelte-360-small-Movera-L-0106786700_600x600\" loading=\"lazy\" role=\"img\"\/><\/figure><\/div>\n\n\n\n<p class=\"has-ast-global-color-2-color has-text-color has-link-color wp-elements-d7f9ffeb2affd9f811fcb89559461fac\">1-3 Personen Dachzelt, 3 Gr\u00f6\u00dfen, GFK-Hartschale, f\u00fcr Fahrzeuge ab 65 kg Dachlast<\/p>\n\n\n\n<hr class=\"wp-block-separator has-text-color has-ast-global-color-2-color has-alpha-channel-opacity has-ast-global-color-2-background-color has-background\"\/>\n\n\n\n<p class=\"has-ast-global-color-2-color has-text-color has-link-color wp-elements-1288ad8ec270cf7831a21eee701d44a9\">Ma\u00dfe je nach Modell ab:<\/p>\n\n\n\n<ul style=\"font-size:15px\" class=\"wp-block-list has-ast-global-color-2-color has-text-color has-link-color wp-elements-9c17a0817f763ed7a007bed70da725a9\">\n<li>Farbe: weiss\/ carbon oder schwarz\/ carbon<\/li>\n\n\n\n<li>Ma\u00dfe geschlossen: 210 x 130 x 25 cm<\/li>\n\n\n\n<li>Ma\u00dfe ge\u00f6ffnet: 210 x 130 x 98 cm<\/li>\n\n\n\n<li>Ma\u00dfe Matratze: 200 x 125 cm<\/li>\n\n\n\n<li>Gewicht: 60 kg<\/li>\n<\/ul>\n<\/div>\n\n\n\n<div class=\"wp-block-uagb-buttons uagb-buttons__outer-wrap uagb-btn__default-btn uagb-btn-tablet__default-btn uagb-btn-mobile__default-btn uagb-block-cdac6560\"><div class=\"uagb-buttons__wrap uagb-buttons-layout-wrap \">\n<div class=\"wp-block-uagb-buttons-child uagb-buttons__outer-wrap uagb-block-8e3dac2a wp-block-button\"><div class=\"uagb-button__wrapper\"><a class=\"uagb-buttons-repeater wp-block-button__link\" aria-label=\"\" href=\"#\" rel=\"follow noopener\" target=\"_self\" role=\"button\"><div class=\"uagb-button__link\">Zum AirPass 360<\/div><\/a><\/div><\/div>\n<\/div><\/div>\n<a class=\"spectra-container-link-overlay\" rel=\"noopener\" target=\"_blank\" href=\"https:\/\/www.awin1.com\/cread.php?awinmid=12158&amp;awinaffid=728701&amp;platform=dl&amp;ued=https%3A%2F%2Fwww.campingwagner.de%2Fde%2Fp%2Fairpass-360-dachzelt_m12160&amp;clickref=shop_airpass_airpass360_cwagner_bb_1\"> <\/a><\/div>\n\n\n\n<div class=\"wp-block-uagb-container uag-hide-mob uagb-block-6ef586d0\"><a class=\"spectra-container-link-overlay\" rel=\"noopener\" target=\"_blank\" href=\"https:\/\/dachzeltnomaden.com\/ah-ai-b\"> <\/a><\/div>\n\n\n\n<div class=\"wp-block-uagb-container uag-hide-mob uagb-block-7403ec97\"><a class=\"spectra-container-link-overlay\" rel=\"noopener\" target=\"_blank\" href=\"https:\/\/www.campingwagner.de\/product_info.php\/info\/p124284_AirPass-Dachzelt-View--Small--weiss-grau.html?utm_campaign=awin_1&amp;utm_source=awin&amp;utm_medium=CPC&amp;campaign=awin&amp;sv1=affiliate&amp;sv_campaign_id=728701&amp;awc=12158_1743220569_43b254b1e0817d5bf6174bfb6be15672\"> <\/a><\/div>\n<\/div>\n","protected":false},"excerpt":{"rendered":"<p>WERBUNG Du suchst ein Airpass Dachzelt? Dann bist du hier genau richtig! Airpass Dachzelte gibt es in folgenden Ausf\u00fchrungen: *Die [&hellip;]<\/p>\n","protected":false},"featured_media":130232,"template":"","meta":{"_uag_custom_page_level_css":"","site-sidebar-layout":"default","site-content-layout":"","ast-site-content-layout":"default","site-content-style":"default","site-sidebar-style":"default","ast-global-header-display":"","ast-banner-title-visibility":"","ast-main-header-display":"","ast-hfb-above-header-display":"","ast-hfb-below-header-display":"","ast-hfb-mobile-header-display":"","site-post-title":"","ast-breadcrumbs-content":"","ast-featured-img":"","footer-sml-layout":"","ast-disable-related-posts":"","theme-transparent-header-meta":"default","adv-header-id-meta":"","stick-header-meta":"default","header-above-stick-meta":"","header-main-stick-meta":"","header-below-stick-meta":"","astra-migrate-meta-layouts":"set","ast-page-background-enabled":"default","ast-page-background-meta":{"desktop":{"background-color":"var(--ast-global-color-4)","background-image":"","background-repeat":"repeat","background-position":"center center","background-size":"auto","background-attachment":"scroll","background-type":"","background-media":"","overlay-type":"","overlay-color":"","overlay-opacity":"","overlay-gradient":""},"tablet":{"background-color":"","background-image":"","background-repeat":"repeat","background-position":"center center","background-size":"auto","background-attachment":"scroll","background-type":"","background-media":"","overlay-type":"","overlay-color":"","overlay-opacity":"","overlay-gradient":""},"mobile":{"background-color":"","background-image":"","background-repeat":"repeat","background-position":"center center","background-size":"auto","background-attachment":"scroll","background-type":"","background-media":"","overlay-type":"","overlay-color":"","overlay-opacity":"","overlay-gradient":""}},"ast-content-background-meta":{"desktop":{"background-color":"var(--ast-global-color-5)","background-image":"","background-repeat":"repeat","background-position":"center center","background-size":"auto","background-attachment":"scroll","background-type":"","background-media":"","overlay-type":"","overlay-color":"","overlay-opacity":"","overlay-gradient":""},"tablet":{"background-color":"var(--ast-global-color-5)","background-image":"","background-repeat":"repeat","background-position":"center center","background-size":"auto","background-attachment":"scroll","background-type":"","background-media":"","overlay-type":"","overlay-color":"","overlay-opacity":"","overlay-gradient":""},"mobile":{"background-color":"var(--ast-global-color-5)","background-image":"","background-repeat":"repeat","background-position":"center center","background-size":"auto","background-attachment":"scroll","background-type":"","background-media":"","overlay-type":"","overlay-color":"","overlay-opacity":"","overlay-gradient":""}},"_themeisle_gutenberg_block_has_review":false},"product_brand":[],"product_cat":[108],"product_tag":[110,128,129],"class_list":{"0":"post-608","1":"product","2":"type-product","3":"status-publish","4":"has-post-thumbnail","6":"product_cat-dachzelte","7":"product_tag-dachzelt","8":"product_tag-airpass","9":"product_tag-autodachzelt","10":"desktop-align-left","11":"tablet-align-left","12":"mobile-align-left","13":"ast-product-gallery-layout-vertical-slider","14":"ast-product-tabs-layout-horizontal","16":"first","17":"instock","18":"purchasable","19":"product-type-external"},"exclude_global_add_ons":[],"addons":[],"uagb_featured_image_src":{"full":["https:\/\/dachzeltnomaden.com\/shop\/wp-content\/uploads\/2024\/01\/Dachzeltnomaden_Shop_Dachzelt_kaufen_AirPass_small_1_90.webp",600,600,false],"thumbnail":["https:\/\/dachzeltnomaden.com\/shop\/wp-content\/uploads\/2024\/01\/Dachzeltnomaden_Shop_Dachzelt_kaufen_AirPass_small_1_90.webp",600,600,false],"medium":["https:\/\/dachzeltnomaden.com\/shop\/wp-content\/uploads\/2024\/01\/Dachzeltnomaden_Shop_Dachzelt_kaufen_AirPass_small_1_90-300x300.webp",300,300,true],"medium_large":["https:\/\/dachzeltnomaden.com\/shop\/wp-content\/uploads\/2024\/01\/Dachzeltnomaden_Shop_Dachzelt_kaufen_AirPass_small_1_90.webp",600,600,false],"large":["https:\/\/dachzeltnomaden.com\/shop\/wp-content\/uploads\/2024\/01\/Dachzeltnomaden_Shop_Dachzelt_kaufen_AirPass_small_1_90.webp",512,512,false],"1536x1536":["https:\/\/dachzeltnomaden.com\/shop\/wp-content\/uploads\/2024\/01\/Dachzeltnomaden_Shop_Dachzelt_kaufen_AirPass_small_1_90.webp",600,600,false],"2048x2048":["https:\/\/dachzeltnomaden.com\/shop\/wp-content\/uploads\/2024\/01\/Dachzeltnomaden_Shop_Dachzelt_kaufen_AirPass_small_1_90.webp",600,600,false],"woocommerce_thumbnail":["https:\/\/dachzeltnomaden.com\/shop\/wp-content\/uploads\/2024\/01\/Dachzeltnomaden_Shop_Dachzelt_kaufen_AirPass_small_1_90.webp",600,600,false],"woocommerce_single":["https:\/\/dachzeltnomaden.com\/shop\/wp-content\/uploads\/2024\/01\/Dachzeltnomaden_Shop_Dachzelt_kaufen_AirPass_small_1_90.webp",600,600,false],"woocommerce_gallery_thumbnail":["https:\/\/dachzeltnomaden.com\/shop\/wp-content\/uploads\/2024\/01\/Dachzeltnomaden_Shop_Dachzelt_kaufen_AirPass_small_1_90-100x100.webp",100,100,true]},"uagb_author_info":{"display_name":"Jasmine","author_link":"https:\/\/dachzeltnomaden.com\/shop\/author\/"},"uagb_comment_info":0,"uagb_excerpt":"WERBUNG Du suchst ein Airpass Dachzelt? Dann bist du hier genau richtig! Airpass Dachzelte gibt es in folgenden Ausf\u00fchrungen: *Die [&hellip;]","_links":{"self":[{"href":"https:\/\/dachzeltnomaden.com\/shop\/wp-json\/wp\/v2\/product\/608","targetHints":{"allow":["GET"]}}],"collection":[{"href":"https:\/\/dachzeltnomaden.com\/shop\/wp-json\/wp\/v2\/product"}],"about":[{"href":"https:\/\/dachzeltnomaden.com\/shop\/wp-json\/wp\/v2\/types\/product"}],"wp:featuredmedia":[{"embeddable":true,"href":"https:\/\/dachzeltnomaden.com\/shop\/wp-json\/wp\/v2\/media\/130232"}],"wp:attachment":[{"href":"https:\/\/dachzeltnomaden.com\/shop\/wp-json\/wp\/v2\/media?parent=608"}],"wp:term":[{"taxonomy":"product_brand","embeddable":true,"href":"https:\/\/dachzeltnomaden.com\/shop\/wp-json\/wp\/v2\/product_brand?post=608"},{"taxonomy":"product_cat","embeddable":true,"href":"https:\/\/dachzeltnomaden.com\/shop\/wp-json\/wp\/v2\/product_cat?post=608"},{"taxonomy":"product_tag","embeddable":true,"href":"https:\/\/dachzeltnomaden.com\/shop\/wp-json\/wp\/v2\/product_tag?post=608"}],"curies":[{"name":"wp","href":"https:\/\/api.w.org\/{rel}","templated":true}]}}