{"id":604,"date":"2024-01-12T13:17:40","date_gmt":"2024-01-12T12:17:40","guid":{"rendered":"https:\/\/shop.dachzeltnomaden.com\/?post_type=product&#038;p=604"},"modified":"2026-03-06T09:55:35","modified_gmt":"2026-03-06T08:55:35","slug":"front-runner-dachzelt","status":"publish","type":"product","link":"https:\/\/dachzeltnomaden.com\/shop\/produkt\/front-runner-dachzelt\/","title":{"rendered":"Front Runner Dometic<br>Dachzelt"},"content":{"rendered":"\n<p class=\"has-text-align-left\">WERBUNG<br><br>Du suchst ein Dachzelt von Front Runner Dometic? Dann bist du hier genau richtig! Das Front Runner Dometic Dachzelt ist als folgende Ausf\u00fchrung erh\u00e4ltlich:<\/p>\n\n\n\n<ul class=\"wp-block-list\">\n<li>Klappdachzelt<\/li>\n\n\n\n<li>Liegefl\u00e4che Breite: 130 cm<\/li>\n\n\n\n<li>Liegefl\u00e4che L\u00e4nge: 240 cm<\/li>\n\n\n\n<li>H\u00f6he: 33 cm<\/li>\n\n\n\n<li>Gewicht: Dachzelt ohne Leiter und Plane: 43 kg<\/li>\n\n\n\n<li>Gewicht: Dachzelt mit Leiter und Plane: 47 kg&nbsp;<\/li>\n\n\n\n<li>Preis: ab 1.199 Euro<\/li>\n<\/ul>\n\n\n\n<p style=\"margin-top:30px\">*Die Links sind Affiliate Links. Wenn du dich f\u00fcr den Kauf eines Dachzeltes entscheidest, erhalten die Dachzeltnomaden eine Provision. Damit unterst\u00fctzt du uns &amp; unsere Arbeit. F\u00fcr dich kostet das Dachzelt deshalb nicht mehr.<\/p>\n\n\n\n<div class=\"wp-block-uagb-container uagb-block-4e207270 default uagb-is-root-container\">\n<div class=\"wp-block-uagb-container uagb-block-754c70c4\">\n<div class=\"wp-block-group is-layout-constrained wp-container-core-group-is-layout-bdcbbb17 wp-block-group-is-layout-constrained\">\n<div class=\"wp-block-uagb-advanced-heading uagb-block-66f0d31e\"><h2 class=\"uagb-heading-text\">Front Runner Dometic Dachzelt<\/h2><div class=\"uagb-separator\"><\/div><p class=\"uagb-desc-text\"><strong>1.199 \u20ac<\/strong><\/p><\/div>\n\n\n\n<div class=\"wp-block-uagb-image uagb-block-2bfd98ee wp-block-uagb-image--layout-default wp-block-uagb-image--effect-static wp-block-uagb-image--align-none\"><figure class=\"wp-block-uagb-image__figure\"><img decoding=\"async\" srcset=\"https:\/\/dachzeltnomaden.com\/shop\/wp-content\/uploads\/2024\/01\/Dachzeltnomaden_Shop_Dachzelt_kaufen_Frontrunner_Feather-Lite_2_1024_20.webp ,https:\/\/dachzeltnomaden.com\/shop\/wp-content\/uploads\/2024\/01\/Dachzeltnomaden_Shop_Dachzelt_kaufen_Frontrunner_Feather-Lite_2_1024_20.webp 780w, https:\/\/dachzeltnomaden.com\/shop\/wp-content\/uploads\/2024\/01\/Dachzeltnomaden_Shop_Dachzelt_kaufen_Frontrunner_Feather-Lite_2_1024_20.webp 360w\" sizes=\"auto, (max-width: 480px) 150px\" src=\"https:\/\/dachzeltnomaden.com\/shop\/wp-content\/uploads\/2024\/01\/Dachzeltnomaden_Shop_Dachzelt_kaufen_Frontrunner_Feather-Lite_2_1024_20.webp\" alt=\"dachzeltnomaden shop dachzelt kaufen front runner feather lite\" class=\"uag-image-130197\" width=\"1024\" height=\"250\" title=\"Dachzeltnomaden_Shop_Dachzelt_kaufen_Frontrunner_Feather-Lite_2_1024_20\" loading=\"lazy\" role=\"img\"\/><\/figure><\/div>\n\n\n\n<p class=\"has-ast-global-color-2-color has-text-color has-link-color wp-elements-d6477afcf51f9eb3875ed471be079e9d\">1 Personen Dachzelt, leicht, <br>f\u00fcr Kleinwagen ab 48 kg Dachlast<\/p>\n\n\n\n<hr class=\"wp-block-separator has-text-color has-ast-global-color-2-color has-alpha-channel-opacity has-ast-global-color-2-background-color has-background\"\/>\n\n\n\n<ul style=\"font-size:15px\" class=\"wp-block-list has-ast-global-color-2-color has-text-color has-link-color wp-elements-7c6c2fe3cde67cb8a70c2492d7ca62d3\">\n<li>Ma\u00dfe geschlossen: 133 x 125 x 33 cm<\/li>\n\n\n\n<li>Ma\u00dfe ge\u00f6ffnet: 244 x 130 x 117cm<\/li>\n\n\n\n<li>Ma\u00dfe Matratze: 199 x 121 x 6 cm<\/li>\n\n\n\n<li>Gewicht: 47 kg (43 kg ohne Leiter + Abdeckung)<\/li>\n<\/ul>\n<\/div>\n\n\n\n<div class=\"wp-block-uagb-buttons uagb-buttons__outer-wrap uagb-btn__default-btn uagb-btn-tablet__default-btn uagb-btn-mobile__default-btn uagb-block-c48bea8a\"><div class=\"uagb-buttons__wrap uagb-buttons-layout-wrap \">\n<div class=\"wp-block-uagb-buttons-child uagb-buttons__outer-wrap uagb-block-560a85a0 wp-block-button\"><div class=\"uagb-button__wrapper\"><a class=\"uagb-buttons-repeater wp-block-button__link\" aria-label=\"\" href=\"#\" rel=\"follow noopener\" target=\"_self\" role=\"button\"><div class=\"uagb-button__link\">Zum Front Runner Dometic Dachzelt<\/div><\/a><\/div><\/div>\n<\/div><\/div>\n<a class=\"spectra-container-link-overlay\" rel=\"noopener\" target=\"_blank\" href=\"https:\/\/dachzeltnomaden.com\/ayhg\"> <\/a><\/div>\n\n\n\n<div class=\"wp-block-uagb-container uag-hide-mob uagb-block-751e462b\"><a class=\"spectra-container-link-overlay\" rel=\"noopener\"> <\/a><\/div>\n\n\n\n<div class=\"wp-block-uagb-container uag-hide-mob uagb-block-626bd2ce\"><a class=\"spectra-container-link-overlay\" rel=\"noopener\"> <\/a><\/div>\n<\/div>\n\n\n\n<div class=\"wp-block-uagb-buttons uagb-buttons__outer-wrap uagb-btn__default-btn uagb-btn-tablet__default-btn uagb-btn-mobile__default-btn uagb-block-858a8c1b\"><div class=\"uagb-buttons__wrap uagb-buttons-layout-wrap \">\n<div class=\"wp-block-uagb-buttons-child uagb-buttons__outer-wrap uagb-block-2b389987 wp-block-button\"><div class=\"uagb-button__wrapper\"><a class=\"uagb-buttons-repeater wp-block-button__link\" aria-label=\"\" href=\"https:\/\/dachzeltnomaden.com\/front-runner-dz-b\" rel=\"follow noopener\" target=\"_blank\" role=\"button\"><div class=\"uagb-button__link\">Hier gehts zu den Dachzelten von Front Runner Dometic<\/div><\/a><\/div><\/div>\n<\/div><\/div>\n","protected":false},"excerpt":{"rendered":"<p>WERBUNG Du suchst ein Dachzelt von Front Runner Dometic? Dann bist du hier genau richtig! Das Front Runner Dometic Dachzelt [&hellip;]<\/p>\n","protected":false},"featured_media":130196,"template":"","meta":{"_uag_custom_page_level_css":"","site-sidebar-layout":"default","site-content-layout":"","ast-site-content-layout":"default","site-content-style":"default","site-sidebar-style":"default","ast-global-header-display":"","ast-banner-title-visibility":"","ast-main-header-display":"","ast-hfb-above-header-display":"","ast-hfb-below-header-display":"","ast-hfb-mobile-header-display":"","site-post-title":"","ast-breadcrumbs-content":"","ast-featured-img":"","footer-sml-layout":"","ast-disable-related-posts":"","theme-transparent-header-meta":"default","adv-header-id-meta":"","stick-header-meta":"default","header-above-stick-meta":"","header-main-stick-meta":"","header-below-stick-meta":"","astra-migrate-meta-layouts":"set","ast-page-background-enabled":"default","ast-page-background-meta":{"desktop":{"background-color":"var(--ast-global-color-4)","background-image":"","background-repeat":"repeat","background-position":"center center","background-size":"auto","background-attachment":"scroll","background-type":"","background-media":"","overlay-type":"","overlay-color":"","overlay-opacity":"","overlay-gradient":""},"tablet":{"background-color":"","background-image":"","background-repeat":"repeat","background-position":"center center","background-size":"auto","background-attachment":"scroll","background-type":"","background-media":"","overlay-type":"","overlay-color":"","overlay-opacity":"","overlay-gradient":""},"mobile":{"background-color":"","background-image":"","background-repeat":"repeat","background-position":"center center","background-size":"auto","background-attachment":"scroll","background-type":"","background-media":"","overlay-type":"","overlay-color":"","overlay-opacity":"","overlay-gradient":""}},"ast-content-background-meta":{"desktop":{"background-color":"var(--ast-global-color-5)","background-image":"","background-repeat":"repeat","background-position":"center center","background-size":"auto","background-attachment":"scroll","background-type":"","background-media":"","overlay-type":"","overlay-color":"","overlay-opacity":"","overlay-gradient":""},"tablet":{"background-color":"var(--ast-global-color-5)","background-image":"","background-repeat":"repeat","background-position":"center center","background-size":"auto","background-attachment":"scroll","background-type":"","background-media":"","overlay-type":"","overlay-color":"","overlay-opacity":"","overlay-gradient":""},"mobile":{"background-color":"var(--ast-global-color-5)","background-image":"","background-repeat":"repeat","background-position":"center center","background-size":"auto","background-attachment":"scroll","background-type":"","background-media":"","overlay-type":"","overlay-color":"","overlay-opacity":"","overlay-gradient":""}},"_themeisle_gutenberg_block_has_review":false},"product_brand":[],"product_cat":[108],"product_tag":[],"class_list":{"0":"post-604","1":"product","2":"type-product","3":"status-publish","4":"has-post-thumbnail","6":"product_cat-dachzelte","7":"desktop-align-left","8":"tablet-align-left","9":"mobile-align-left","10":"ast-product-gallery-layout-vertical-slider","11":"ast-product-tabs-layout-horizontal","13":"first","14":"instock","15":"purchasable","16":"product-type-external"},"exclude_global_add_ons":[],"addons":[],"uagb_featured_image_src":{"full":["https:\/\/dachzeltnomaden.com\/shop\/wp-content\/uploads\/2024\/01\/Dachzeltnomaden_Shop_Dachzelt_kaufen_Frontrunner_Feather-Lite_1024_20.webp",1024,683,false],"thumbnail":["https:\/\/dachzeltnomaden.com\/shop\/wp-content\/uploads\/2024\/01\/Dachzeltnomaden_Shop_Dachzelt_kaufen_Frontrunner_Feather-Lite_1024_20.webp",600,400,false],"medium":["https:\/\/dachzeltnomaden.com\/shop\/wp-content\/uploads\/2024\/01\/Dachzeltnomaden_Shop_Dachzelt_kaufen_Frontrunner_Feather-Lite_1024_20-300x200.webp",300,200,true],"medium_large":["https:\/\/dachzeltnomaden.com\/shop\/wp-content\/uploads\/2024\/01\/Dachzeltnomaden_Shop_Dachzelt_kaufen_Frontrunner_Feather-Lite_1024_20-768x512.webp",768,512,true],"large":["https:\/\/dachzeltnomaden.com\/shop\/wp-content\/uploads\/2024\/01\/Dachzeltnomaden_Shop_Dachzelt_kaufen_Frontrunner_Feather-Lite_1024_20.webp",768,512,false],"1536x1536":["https:\/\/dachzeltnomaden.com\/shop\/wp-content\/uploads\/2024\/01\/Dachzeltnomaden_Shop_Dachzelt_kaufen_Frontrunner_Feather-Lite_1024_20.webp",1024,683,false],"2048x2048":["https:\/\/dachzeltnomaden.com\/shop\/wp-content\/uploads\/2024\/01\/Dachzeltnomaden_Shop_Dachzelt_kaufen_Frontrunner_Feather-Lite_1024_20.webp",1024,683,false],"woocommerce_thumbnail":["https:\/\/dachzeltnomaden.com\/shop\/wp-content\/uploads\/2024\/01\/Dachzeltnomaden_Shop_Dachzelt_kaufen_Frontrunner_Feather-Lite_1024_20-600x600.webp",600,600,true],"woocommerce_single":["https:\/\/dachzeltnomaden.com\/shop\/wp-content\/uploads\/2024\/01\/Dachzeltnomaden_Shop_Dachzelt_kaufen_Frontrunner_Feather-Lite_1024_20.webp",1024,683,false],"woocommerce_gallery_thumbnail":["https:\/\/dachzeltnomaden.com\/shop\/wp-content\/uploads\/2024\/01\/Dachzeltnomaden_Shop_Dachzelt_kaufen_Frontrunner_Feather-Lite_1024_20-100x100.webp",100,100,true]},"uagb_author_info":{"display_name":"Jasmine","author_link":"https:\/\/dachzeltnomaden.com\/shop\/author\/"},"uagb_comment_info":0,"uagb_excerpt":"WERBUNG Du suchst ein Dachzelt von Front Runner Dometic? Dann bist du hier genau richtig! Das Front Runner Dometic Dachzelt [&hellip;]","_links":{"self":[{"href":"https:\/\/dachzeltnomaden.com\/shop\/wp-json\/wp\/v2\/product\/604","targetHints":{"allow":["GET"]}}],"collection":[{"href":"https:\/\/dachzeltnomaden.com\/shop\/wp-json\/wp\/v2\/product"}],"about":[{"href":"https:\/\/dachzeltnomaden.com\/shop\/wp-json\/wp\/v2\/types\/product"}],"wp:featuredmedia":[{"embeddable":true,"href":"https:\/\/dachzeltnomaden.com\/shop\/wp-json\/wp\/v2\/media\/130196"}],"wp:attachment":[{"href":"https:\/\/dachzeltnomaden.com\/shop\/wp-json\/wp\/v2\/media?parent=604"}],"wp:term":[{"taxonomy":"product_brand","embeddable":true,"href":"https:\/\/dachzeltnomaden.com\/shop\/wp-json\/wp\/v2\/product_brand?post=604"},{"taxonomy":"product_cat","embeddable":true,"href":"https:\/\/dachzeltnomaden.com\/shop\/wp-json\/wp\/v2\/product_cat?post=604"},{"taxonomy":"product_tag","embeddable":true,"href":"https:\/\/dachzeltnomaden.com\/shop\/wp-json\/wp\/v2\/product_tag?post=604"}],"curies":[{"name":"wp","href":"https:\/\/api.w.org\/{rel}","templated":true}]}}