{"id":603,"date":"2024-01-12T13:17:40","date_gmt":"2024-01-12T12:17:40","guid":{"rendered":"https:\/\/shop.dachzeltnomaden.com\/?post_type=product&#038;p=603"},"modified":"2026-03-09T02:34:44","modified_gmt":"2026-03-09T01:34:44","slug":"decathlon-dachzelte","status":"publish","type":"product","link":"https:\/\/dachzeltnomaden.com\/shop\/produkt\/decathlon-dachzelte\/","title":{"rendered":"Decathlon <br>Dachzelte"},"content":{"rendered":"\n<p class=\"has-text-align-left\">WERBUNG<br><br>Du suchst ein Dachzelt der Marke Decathlon? Dann bist du hier genau richtig! Decathlon Dachzelte gibt es bisher als folgende Ausf\u00fchrung:<\/p>\n\n\n\n<ul class=\"wp-block-list\">\n<li>Klappdachzelt, Van Dachzelt, Hartschalendachzelt und als aufblasbares Klappdachzelt<\/li>\n\n\n\n<li>Liegefl\u00e4che Breite: 125 &#8211; 200 cm<\/li>\n\n\n\n<li>Liegefl\u00e4che L\u00e4nge: 205 &#8211; 237 cm<\/li>\n\n\n\n<li>H\u00f6he: 22 &#8211; 35 cm<\/li>\n\n\n\n<li>Gewicht: 23,6 &#8211; 80 Kg<\/li>\n\n\n\n<li>Preis: ab 799,99 Euro<\/li>\n<\/ul>\n\n\n\n<p style=\"margin-top:30px\">*Die Links sind Affiliate Links. Wenn du dich f\u00fcr den Kauf eines Dachzeltes entscheidest, erhalten die Dachzeltnomaden eine Provision. Damit unterst\u00fctzt du uns &amp; unsere Arbeit. F\u00fcr dich kostet das Dachzelt deshalb nicht mehr.<br><br>Diese Dachzelt Modelle von Decathlon sind aktuell zu haben:<\/p>\n\n\n\n<div class=\"wp-block-uagb-container uagb-block-4e207270 default uagb-is-root-container\">\n<div class=\"wp-block-uagb-container uagb-block-754c70c4\">\n<div class=\"wp-block-group is-layout-constrained wp-container-core-group-is-layout-bdcbbb17 wp-block-group-is-layout-constrained\">\n<div class=\"wp-block-uagb-advanced-heading uagb-block-66f0d31e\"><h2 class=\"uagb-heading-text\">MH500 fresh &amp; black<\/h2><div class=\"uagb-separator\"><\/div><p class=\"uagb-desc-text\"><strong>1.299,99 \u20ac<\/strong><\/p><\/div>\n\n\n\n<div class=\"wp-block-uagb-image uagb-block-2bfd98ee wp-block-uagb-image--layout-default wp-block-uagb-image--effect-static wp-block-uagb-image--align-none\"><figure class=\"wp-block-uagb-image__figure\"><img decoding=\"async\" srcset=\"https:\/\/dachzeltnomaden.com\/shop\/wp-content\/uploads\/2024\/01\/dachzeltnomaden-decathlon-dachzelt-mh500-fresh-and-black-fur-2-personen-innen_1024_50.webp ,https:\/\/dachzeltnomaden.com\/shop\/wp-content\/uploads\/2024\/01\/dachzeltnomaden-decathlon-dachzelt-mh500-fresh-and-black-fur-2-personen-innen_1024_50.webp 780w, https:\/\/dachzeltnomaden.com\/shop\/wp-content\/uploads\/2024\/01\/dachzeltnomaden-decathlon-dachzelt-mh500-fresh-and-black-fur-2-personen-innen_1024_50.webp 360w\" sizes=\"auto, (max-width: 480px) 150px\" src=\"https:\/\/dachzeltnomaden.com\/shop\/wp-content\/uploads\/2024\/01\/dachzeltnomaden-decathlon-dachzelt-mh500-fresh-and-black-fur-2-personen-innen_1024_50.webp\" alt=\"decathlon mh500 fresh &amp; black klappdachzelt kaufen produktbild\" class=\"uag-image-131287\" width=\"1024\" height=\"250\" title=\"dachzeltnomaden-decathlon-dachzelt-mh500-fresh-and-black-fur-2-personen-innen_1024_50\" loading=\"lazy\" role=\"img\"\/><\/figure><\/div>\n\n\n\n<p class=\"has-ast-global-color-2-color has-text-color has-link-color wp-elements-b8d55f9ec70851a4d5e382d528322ce5\">1-2 Personen Dachzelt, leicht, f\u00fcr Fahrzeuge ab 54 kg Dachlast<\/p>\n\n\n\n<hr class=\"wp-block-separator has-text-color has-ast-global-color-2-color has-alpha-channel-opacity has-ast-global-color-2-background-color has-background\"\/>\n\n\n\n<ul style=\"font-size:15px\" class=\"wp-block-list has-ast-global-color-2-color has-text-color has-link-color wp-elements-e9b21e495890ad4e340ee074d21a7647\">\n<li>Ma\u00dfe geschlossen: 148 x 123 x 35 cm<\/li>\n\n\n\n<li>Ma\u00dfe ge\u00f6ffnet: 240 x 140 x 106 cm<\/li>\n\n\n\n<li>Ma\u00dfe Matratze: 237 x 139 x 5 cm<\/li>\n\n\n\n<li>Gewicht: 55.5 kg (48.5 kg ohne Leiter)<\/li>\n<\/ul>\n<\/div>\n\n\n\n<div class=\"wp-block-uagb-buttons uagb-buttons__outer-wrap uagb-btn__default-btn uagb-btn-tablet__default-btn uagb-btn-mobile__default-btn uagb-block-c48bea8a\"><div class=\"uagb-buttons__wrap uagb-buttons-layout-wrap \">\n<div class=\"wp-block-uagb-buttons-child uagb-buttons__outer-wrap uagb-block-560a85a0 wp-block-button\"><div class=\"uagb-button__wrapper\"><a class=\"uagb-buttons-repeater wp-block-button__link\" aria-label=\"\" href=\"#\" rel=\"follow noopener\" target=\"_self\" role=\"button\"><div class=\"uagb-button__link\">Zum DECATHLON MH500 fresh &amp; black<\/div><\/a><\/div><\/div>\n<\/div><\/div>\n<a class=\"spectra-container-link-overlay\" rel=\"noopener\" target=\"_blank\" href=\"https:\/\/www.awin1.com\/cread.php?awinmid=14353&amp;awinaffid=728701&amp;platform=dl&amp;ued=https%3A%2F%2Fwww.decathlon.de%2Fp%2Fdachzelt-fresh-and-black-mh500-fur-2-personen%2F331938%2Fm8642422&amp;clickref=shop_decathlon_mh500_bb_1\"> <\/a><\/div>\n\n\n\n<div class=\"wp-block-uagb-container uagb-block-626bd2ce\">\n<div class=\"wp-block-group is-layout-constrained wp-container-core-group-is-layout-bdcbbb17 wp-block-group-is-layout-constrained\">\n<div class=\"wp-block-uagb-advanced-heading uagb-block-349e6c1b\"><h2 class=\"uagb-heading-text\">MH500 fresh &amp; black Family<\/h2><div class=\"uagb-separator\"><\/div><p class=\"uagb-desc-text\"><strong>1.990 \u20ac<\/strong><\/p><\/div>\n\n\n\n<div class=\"wp-block-uagb-image uagb-block-9eb996f5 wp-block-uagb-image--layout-default wp-block-uagb-image--effect-static wp-block-uagb-image--align-none\"><figure class=\"wp-block-uagb-image__figure\"><img decoding=\"async\" srcset=\"https:\/\/dachzeltnomaden.com\/shop\/wp-content\/uploads\/2024\/01\/dachzeltnomaden-decathlon-dachzelte-mh500-family-kaufen-509x512.webp ,https:\/\/dachzeltnomaden.com\/shop\/wp-content\/uploads\/2024\/01\/dachzeltnomaden-decathlon-dachzelte-mh500-family-kaufen.webp 780w, https:\/\/dachzeltnomaden.com\/shop\/wp-content\/uploads\/2024\/01\/dachzeltnomaden-decathlon-dachzelte-mh500-family-kaufen.webp 360w\" sizes=\"auto, (max-width: 480px) 150px\" src=\"https:\/\/dachzeltnomaden.com\/shop\/wp-content\/uploads\/2024\/01\/dachzeltnomaden-decathlon-dachzelte-mh500-family-kaufen-509x512.webp\" alt=\"decathlon dachzelt mh500 fresh black family kaufen\" class=\"uag-image-140028\" width=\"1024\" height=\"250\" title=\"dachzeltnomaden-decathlon-dachzelte-mh500-family-kaufen\" loading=\"lazy\" role=\"img\"\/><\/figure><\/div>\n\n\n\n<p class=\"has-ast-global-color-2-color has-text-color has-link-color wp-elements-e06e2291ed9a83344dd2bba50e326d91\">4 Personen Dachzelt, Klappdachzelt f\u00fcr Fahrzeuge ab 85 kg Dachlast<\/p>\n\n\n\n<hr class=\"wp-block-separator has-text-color has-ast-global-color-2-color has-alpha-channel-opacity has-ast-global-color-2-background-color has-background\"\/>\n\n\n\n<ul style=\"font-size:15px\" class=\"wp-block-list has-ast-global-color-2-color has-text-color has-link-color wp-elements-e462995718f9a14f65f45789e4413f98\">\n<li>Ma\u00dfe geschlossen: 210 x 115 x 30 cm<\/li>\n\n\n\n<li>Ma\u00dfe ge\u00f6ffnet: 213&nbsp;\u00d7&nbsp;200&nbsp;\u00d7&nbsp;107&nbsp;cm<\/li>\n\n\n\n<li>Ma\u00dfe Matratze: 213 x 200 x 6 cm<\/li>\n\n\n\n<li>Gewicht: 80 kg<\/li>\n<\/ul>\n<\/div>\n\n\n\n<div class=\"wp-block-uagb-buttons uagb-buttons__outer-wrap uagb-btn__default-btn uagb-btn-tablet__default-btn uagb-btn-mobile__default-btn uagb-block-0cf5c1e7\"><div class=\"uagb-buttons__wrap uagb-buttons-layout-wrap \">\n<div class=\"wp-block-uagb-buttons-child uagb-buttons__outer-wrap uagb-block-3fa69e14 wp-block-button\"><div class=\"uagb-button__wrapper\"><a class=\"uagb-buttons-repeater wp-block-button__link\" aria-label=\"\" href=\"#\" rel=\"follow noopener\" target=\"_self\" role=\"button\"><div class=\"uagb-button__link\">Zum DECATHLON MH500 fresh &amp; black Family<\/div><\/a><\/div><\/div>\n<\/div><\/div>\n<a class=\"spectra-container-link-overlay\" rel=\"noopener\" target=\"_blank\" href=\"https:\/\/www.awin1.com\/cread.php?awinmid=14353&amp;awinaffid=728701&amp;platform=dl&amp;ued=https%3A%2F%2Fwww.decathlon.de%2Fp%2Fdachzelt-fresh-and-black-500-family-fur-vier-personen%2F364289%2Fm8939574&amp;clickref=shop_decathlon_mh500Family_bb_1\"> <\/a><\/div>\n\n\n\n<div class=\"wp-block-uagb-container uagb-block-751e462b\">\n<div class=\"wp-block-group is-layout-constrained wp-container-core-group-is-layout-bdcbbb17 wp-block-group-is-layout-constrained\">\n<div class=\"wp-block-uagb-advanced-heading uagb-block-a9630844\"><h2 class=\"uagb-heading-text\">MH900 fresh &amp; black<\/h2><div class=\"uagb-separator\"><\/div><p class=\"uagb-desc-text\"><strong>1.049,89 \u20ac<\/strong><\/p><\/div>\n\n\n\n<div class=\"wp-block-uagb-image uagb-block-f3e48046 wp-block-uagb-image--layout-default wp-block-uagb-image--effect-static wp-block-uagb-image--align-none\"><figure class=\"wp-block-uagb-image__figure\"><img decoding=\"async\" srcset=\"https:\/\/dachzeltnomaden.com\/shop\/wp-content\/uploads\/2024\/01\/dachzeltnomaden-decathlon-dachzelte-aufblasbar-fresh-and-black-mh900-fur-2-personen-1024_5-1.webp ,https:\/\/dachzeltnomaden.com\/shop\/wp-content\/uploads\/2024\/01\/dachzeltnomaden-decathlon-dachzelte-aufblasbar-fresh-and-black-mh900-fur-2-personen-1024_5-1.webp 780w, https:\/\/dachzeltnomaden.com\/shop\/wp-content\/uploads\/2024\/01\/dachzeltnomaden-decathlon-dachzelte-aufblasbar-fresh-and-black-mh900-fur-2-personen-1024_5-1.webp 360w\" sizes=\"auto, (max-width: 480px) 150px\" src=\"https:\/\/dachzeltnomaden.com\/shop\/wp-content\/uploads\/2024\/01\/dachzeltnomaden-decathlon-dachzelte-aufblasbar-fresh-and-black-mh900-fur-2-personen-1024_5-1.webp\" alt=\"aufblasbares dachzelt decathlon mh900 fresh &amp; black kaufen produktbild\" class=\"uag-image-131286\" width=\"1024\" height=\"250\" title=\"dachzeltnomaden-decathlon-dachzelte-aufblasbar-fresh-and-black-mh900-fur-2-personen-1024_5-1\" loading=\"lazy\" role=\"img\"\/><\/figure><\/div>\n\n\n\n<p class=\"has-ast-global-color-2-color has-text-color has-link-color wp-elements-ca5080ffc4537c22319f0e79e93a9f5b\">1-2 Personen Dachzelt, aufblasbar, schmal &amp; leicht, f\u00fcr Kleinwagen ab 50 kg Dachlast<\/p>\n\n\n\n<hr class=\"wp-block-separator has-text-color has-ast-global-color-2-color has-alpha-channel-opacity has-ast-global-color-2-background-color has-background\"\/>\n\n\n\n<ul style=\"font-size:15px\" class=\"wp-block-list has-ast-global-color-2-color has-text-color has-link-color wp-elements-21dd6e74b58b14e687647786be7a44f3\">\n<li>Ma\u00dfe geschlossen: 148 x 77 x 35 cm<\/li>\n\n\n\n<li>Ma\u00dfe ge\u00f6ffnet: 220 x 145 x 101 cm<\/li>\n\n\n\n<li>Ma\u00dfe Matratze: 207 x 138 x 5 cm<\/li>\n\n\n\n<li>Gewicht: 52 kg (45 kg ohne Leiter)<\/li>\n<\/ul>\n<\/div>\n\n\n\n<div class=\"wp-block-uagb-buttons uagb-buttons__outer-wrap uagb-btn__default-btn uagb-btn-tablet__default-btn uagb-btn-mobile__default-btn uagb-block-e9253de5\"><div class=\"uagb-buttons__wrap uagb-buttons-layout-wrap \">\n<div class=\"wp-block-uagb-buttons-child uagb-buttons__outer-wrap uagb-block-7fedee46 wp-block-button\"><div class=\"uagb-button__wrapper\"><a class=\"uagb-buttons-repeater wp-block-button__link\" aria-label=\"\" href=\"#\" rel=\"follow noopener\" target=\"_self\" role=\"button\"><div class=\"uagb-button__link\">Zum DECATHLON MH900 fresh &amp; black<\/div><\/a><\/div><\/div>\n<\/div><\/div>\n<a class=\"spectra-container-link-overlay\" rel=\"noopener\" target=\"_blank\" href=\"https:\/\/www.awin1.com\/cread.php?awinmid=14353&amp;awinaffid=728701&amp;platform=dl&amp;ued=https%3A%2F%2Fwww.decathlon.de%2Fp%2Fgebraucht-dachzelt-aufblasbar-fresh-and-black-mh900-fur-2-personen%2F344868-N%2Fm8788265-N&amp;clickref=shop_decathlon_mh900_bb_1\"> <\/a><\/div>\n<\/div>\n\n\n\n<div class=\"wp-block-uagb-container uagb-block-c547fa0b default uagb-is-root-container\">\n<div class=\"wp-block-uagb-container uagb-block-f2e9eb54\">\n<div class=\"wp-block-group is-layout-constrained wp-container-core-group-is-layout-bdcbbb17 wp-block-group-is-layout-constrained\">\n<div class=\"wp-block-uagb-advanced-heading uagb-block-bce0d196\"><h2 class=\"uagb-heading-text\">VAN500 fresh &amp; black<\/h2><div class=\"uagb-separator\"><\/div><p class=\"uagb-desc-text\"><strong>799, 99 \u20ac<\/strong><\/p><\/div>\n\n\n\n<div class=\"wp-block-uagb-image uagb-block-6c5760f4 wp-block-uagb-image--layout-default wp-block-uagb-image--effect-static wp-block-uagb-image--align-none\"><figure class=\"wp-block-uagb-image__figure\"><img decoding=\"async\" srcset=\"https:\/\/dachzeltnomaden.com\/shop\/wp-content\/uploads\/2024\/01\/dachzeltnomaden-decathlon-dachzelte-van-500-aufblasbar-dachzelt1_1024_25.webp ,https:\/\/dachzeltnomaden.com\/shop\/wp-content\/uploads\/2024\/01\/dachzeltnomaden-decathlon-dachzelte-van-500-aufblasbar-dachzelt1_1024_25.webp 780w, https:\/\/dachzeltnomaden.com\/shop\/wp-content\/uploads\/2024\/01\/dachzeltnomaden-decathlon-dachzelte-van-500-aufblasbar-dachzelt1_1024_25.webp 360w\" sizes=\"auto, (max-width: 480px) 150px\" src=\"https:\/\/dachzeltnomaden.com\/shop\/wp-content\/uploads\/2024\/01\/dachzeltnomaden-decathlon-dachzelte-van-500-aufblasbar-dachzelt1_1024_25.webp\" alt=\"van500 aufblasbares dachzelt decathlon kaufen produktbild\" class=\"uag-image-131288\" width=\"1024\" height=\"250\" title=\"dachzeltnomaden-decathlon-dachzelte-van-500-aufblasbar-dachzelt1_1024_25\" loading=\"lazy\" role=\"img\"\/><\/figure><\/div>\n\n\n\n<p class=\"has-ast-global-color-2-color has-text-color has-link-color wp-elements-28a7b17d1e6d5520f998f66c4c58d490\">1-2 Personen Dachzelt, aufblasbar, ultra leicht, f\u00fcr Kleinwagen ab 35 kg Dachlast<\/p>\n\n\n\n<hr class=\"wp-block-separator has-text-color has-ast-global-color-2-color has-alpha-channel-opacity has-ast-global-color-2-background-color has-background\"\/>\n\n\n\n<ul style=\"font-size:15px\" class=\"wp-block-list has-ast-global-color-2-color has-text-color has-link-color wp-elements-ca6c3ab631066405490aa9752999cad4\">\n<li>Ma\u00dfe geschlossen: 130 x 37 x 32 cm<\/li>\n\n\n\n<li>Ma\u00dfe ge\u00f6ffnet: 210 x 130 x 93 cm<\/li>\n\n\n\n<li>Ma\u00dfe Matratze: 205 x 130 cm<\/li>\n\n\n\n<li>Gewicht: 30.8 kg (23.6 kg ohne Leiter)<\/li>\n<\/ul>\n<\/div>\n\n\n\n<div class=\"wp-block-uagb-buttons uagb-buttons__outer-wrap uagb-btn__default-btn uagb-btn-tablet__default-btn uagb-btn-mobile__default-btn uagb-block-dec59dcb\"><div class=\"uagb-buttons__wrap uagb-buttons-layout-wrap \">\n<div class=\"wp-block-uagb-buttons-child uagb-buttons__outer-wrap uagb-block-eb50c75f wp-block-button\"><div class=\"uagb-button__wrapper\"><a class=\"uagb-buttons-repeater wp-block-button__link\" aria-label=\"\" href=\"#\" rel=\"follow noopener\" target=\"_self\" role=\"button\"><div class=\"uagb-button__link\">Zum DECATHLON VAN500 fresh &amp; black<\/div><\/a><\/div><\/div>\n<\/div><\/div>\n<a class=\"spectra-container-link-overlay\" rel=\"noopener\" target=\"_blank\" href=\"https:\/\/www.awin1.com\/cread.php?awinmid=14353&amp;awinaffid=728701&amp;platform=dl&amp;ued=https%3A%2F%2Fwww.decathlon.de%2Fp%2Fdachzelt-aufblasbar-fresh-and-black-fur-2-personen-van%2F313004%2Fc241c71c335m8575763&amp;clickref=shop_decathlon_van500_bb_1\"> <\/a><\/div>\n\n\n\n<div class=\"wp-block-uagb-container uagb-block-76e346a5\">\n<div class=\"wp-block-group is-layout-constrained wp-container-core-group-is-layout-bdcbbb17 wp-block-group-is-layout-constrained\">\n<div class=\"wp-block-uagb-advanced-heading uagb-block-ddad80c2\"><h2 class=\"uagb-heading-text\">Hartschale fresh &amp; black<\/h2><div class=\"uagb-separator\"><\/div><p class=\"uagb-desc-text\"><strong>2.499,99 \u20ac<\/strong><\/p><\/div>\n\n\n\n<div class=\"wp-block-uagb-image uagb-block-c38690c9 wp-block-uagb-image--layout-default wp-block-uagb-image--effect-static wp-block-uagb-image--align-none\"><figure class=\"wp-block-uagb-image__figure\"><img decoding=\"async\" srcset=\"https:\/\/dachzeltnomaden.com\/shop\/wp-content\/uploads\/2024\/01\/dachzeltnomaden-decathlon-dachzelte-abs-hartschale-2-personen.webp ,https:\/\/dachzeltnomaden.com\/shop\/wp-content\/uploads\/2024\/01\/dachzeltnomaden-decathlon-dachzelte-abs-hartschale-2-personen.webp 780w, https:\/\/dachzeltnomaden.com\/shop\/wp-content\/uploads\/2024\/01\/dachzeltnomaden-decathlon-dachzelte-abs-hartschale-2-personen.webp 360w\" sizes=\"auto, (max-width: 480px) 150px\" src=\"https:\/\/dachzeltnomaden.com\/shop\/wp-content\/uploads\/2024\/01\/dachzeltnomaden-decathlon-dachzelte-abs-hartschale-2-personen.webp\" alt=\"decathlon hartschale abs dachzelt kaufen produktbild\" class=\"uag-image-131289\" width=\"1024\" height=\"250\" title=\"dachzeltnomaden-decathlon-dachzelte-abs-hartschale-2-personen\" loading=\"lazy\" role=\"img\"\/><\/figure><\/div>\n\n\n\n<p class=\"has-ast-global-color-2-color has-text-color has-link-color wp-elements-728ecbfc4d860decc6e065357e11c91b\">1 Personen Dachzelt, ABS-Hartschale, f\u00fcr Fahrzeuge ab 65 kg Dachlast<\/p>\n\n\n\n<hr class=\"wp-block-separator has-text-color has-ast-global-color-2-color has-alpha-channel-opacity has-ast-global-color-2-background-color has-background\"\/>\n\n\n\n<ul style=\"font-size:15px\" class=\"wp-block-list has-ast-global-color-2-color has-text-color has-link-color wp-elements-5f38aa3ad2d71c2f34fa139a0ec1e573\">\n<li>Ma\u00dfe geschlossen: 138 x 127 x 22 cm<\/li>\n\n\n\n<li>Ma\u00dfe ge\u00f6ffnet: 218 x 127 x 110 cm<\/li>\n\n\n\n<li>Ma\u00dfe Matratze: 215 x 125 x 5 cm<\/li>\n\n\n\n<li>Gewicht: 60 kg (53 kg ohne Leiter)<\/li>\n<\/ul>\n<\/div>\n\n\n\n<div class=\"wp-block-uagb-buttons uagb-buttons__outer-wrap uagb-btn__default-btn uagb-btn-tablet__default-btn uagb-btn-mobile__default-btn uagb-block-158ac044\"><div class=\"uagb-buttons__wrap uagb-buttons-layout-wrap \">\n<div class=\"wp-block-uagb-buttons-child uagb-buttons__outer-wrap uagb-block-f6a5814f wp-block-button\"><div class=\"uagb-button__wrapper\"><a class=\"uagb-buttons-repeater wp-block-button__link\" aria-label=\"\" href=\"#\" rel=\"follow noopener\" target=\"_self\" role=\"button\"><div class=\"uagb-button__link\">Zum DECATHLON Hartschale fresh &amp; black<\/div><\/a><\/div><\/div>\n<\/div><\/div>\n<a class=\"spectra-container-link-overlay\" rel=\"noopener\" target=\"_blank\" href=\"https:\/\/www.awin1.com\/cread.php?awinmid=14353&amp;awinaffid=728701&amp;platform=dl&amp;ued=https%3A%2F%2Fwww.decathlon.de%2Fp%2Fdachzelt-hartschale-fresh-and-black-quechua-naitup-fur-2-personen%2F342818%2Fm8767534&amp;clickref=shop_decathlon_hartschale_bb_1\"> <\/a><\/div>\n\n\n\n<div class=\"wp-block-uagb-container uag-hide-mob uagb-block-4d664aba\"><a class=\"spectra-container-link-overlay\" rel=\"noopener\" target=\"_blank\" href=\"https:\/\/dachzeltnomaden.com\/nb-flII-XL\"> <\/a><\/div>\n<\/div>\n","protected":false},"excerpt":{"rendered":"<p>WERBUNG Du suchst ein Dachzelt der Marke Decathlon? Dann bist du hier genau richtig! Decathlon Dachzelte gibt es bisher als [&hellip;]<\/p>\n","protected":false},"featured_media":130191,"template":"","meta":{"_uag_custom_page_level_css":"","site-sidebar-layout":"default","site-content-layout":"","ast-site-content-layout":"default","site-content-style":"default","site-sidebar-style":"default","ast-global-header-display":"","ast-banner-title-visibility":"","ast-main-header-display":"","ast-hfb-above-header-display":"","ast-hfb-below-header-display":"","ast-hfb-mobile-header-display":"","site-post-title":"","ast-breadcrumbs-content":"","ast-featured-img":"","footer-sml-layout":"","ast-disable-related-posts":"","theme-transparent-header-meta":"default","adv-header-id-meta":"","stick-header-meta":"default","header-above-stick-meta":"","header-main-stick-meta":"","header-below-stick-meta":"","astra-migrate-meta-layouts":"set","ast-page-background-enabled":"default","ast-page-background-meta":{"desktop":{"background-color":"var(--ast-global-color-4)","background-image":"","background-repeat":"repeat","background-position":"center center","background-size":"auto","background-attachment":"scroll","background-type":"","background-media":"","overlay-type":"","overlay-color":"","overlay-opacity":"","overlay-gradient":""},"tablet":{"background-color":"","background-image":"","background-repeat":"repeat","background-position":"center center","background-size":"auto","background-attachment":"scroll","background-type":"","background-media":"","overlay-type":"","overlay-color":"","overlay-opacity":"","overlay-gradient":""},"mobile":{"background-color":"","background-image":"","background-repeat":"repeat","background-position":"center center","background-size":"auto","background-attachment":"scroll","background-type":"","background-media":"","overlay-type":"","overlay-color":"","overlay-opacity":"","overlay-gradient":""}},"ast-content-background-meta":{"desktop":{"background-color":"var(--ast-global-color-5)","background-image":"","background-repeat":"repeat","background-position":"center center","background-size":"auto","background-attachment":"scroll","background-type":"","background-media":"","overlay-type":"","overlay-color":"","overlay-opacity":"","overlay-gradient":""},"tablet":{"background-color":"var(--ast-global-color-5)","background-image":"","background-repeat":"repeat","background-position":"center center","background-size":"auto","background-attachment":"scroll","background-type":"","background-media":"","overlay-type":"","overlay-color":"","overlay-opacity":"","overlay-gradient":""},"mobile":{"background-color":"var(--ast-global-color-5)","background-image":"","background-repeat":"repeat","background-position":"center center","background-size":"auto","background-attachment":"scroll","background-type":"","background-media":"","overlay-type":"","overlay-color":"","overlay-opacity":"","overlay-gradient":""}},"_themeisle_gutenberg_block_has_review":false},"product_brand":[],"product_cat":[108],"product_tag":[],"class_list":{"0":"post-603","1":"product","2":"type-product","3":"status-publish","4":"has-post-thumbnail","6":"product_cat-dachzelte","7":"desktop-align-left","8":"tablet-align-left","9":"mobile-align-left","10":"ast-product-gallery-layout-vertical-slider","11":"ast-product-tabs-layout-horizontal","13":"first","14":"instock","15":"purchasable","16":"product-type-external"},"exclude_global_add_ons":[],"addons":[],"uagb_featured_image_src":{"full":["https:\/\/dachzeltnomaden.com\/shop\/wp-content\/uploads\/2024\/01\/Dachzeltnomaden_Shop_Dachzelt_kaufen_Decathlon-MH-500_50.webp",960,640,false],"thumbnail":["https:\/\/dachzeltnomaden.com\/shop\/wp-content\/uploads\/2024\/01\/Dachzeltnomaden_Shop_Dachzelt_kaufen_Decathlon-MH-500_50.webp",600,400,false],"medium":["https:\/\/dachzeltnomaden.com\/shop\/wp-content\/uploads\/2024\/01\/Dachzeltnomaden_Shop_Dachzelt_kaufen_Decathlon-MH-500_50-300x200.webp",300,200,true],"medium_large":["https:\/\/dachzeltnomaden.com\/shop\/wp-content\/uploads\/2024\/01\/Dachzeltnomaden_Shop_Dachzelt_kaufen_Decathlon-MH-500_50-768x512.webp",768,512,true],"large":["https:\/\/dachzeltnomaden.com\/shop\/wp-content\/uploads\/2024\/01\/Dachzeltnomaden_Shop_Dachzelt_kaufen_Decathlon-MH-500_50.webp",768,512,false],"1536x1536":["https:\/\/dachzeltnomaden.com\/shop\/wp-content\/uploads\/2024\/01\/Dachzeltnomaden_Shop_Dachzelt_kaufen_Decathlon-MH-500_50.webp",960,640,false],"2048x2048":["https:\/\/dachzeltnomaden.com\/shop\/wp-content\/uploads\/2024\/01\/Dachzeltnomaden_Shop_Dachzelt_kaufen_Decathlon-MH-500_50.webp",960,640,false],"woocommerce_thumbnail":["https:\/\/dachzeltnomaden.com\/shop\/wp-content\/uploads\/2024\/01\/Dachzeltnomaden_Shop_Dachzelt_kaufen_Decathlon-MH-500_50-600x600.webp",600,600,true],"woocommerce_single":["https:\/\/dachzeltnomaden.com\/shop\/wp-content\/uploads\/2024\/01\/Dachzeltnomaden_Shop_Dachzelt_kaufen_Decathlon-MH-500_50.webp",960,640,false],"woocommerce_gallery_thumbnail":["https:\/\/dachzeltnomaden.com\/shop\/wp-content\/uploads\/2024\/01\/Dachzeltnomaden_Shop_Dachzelt_kaufen_Decathlon-MH-500_50-100x100.webp",100,100,true]},"uagb_author_info":{"display_name":"Jasmine","author_link":"https:\/\/dachzeltnomaden.com\/shop\/author\/"},"uagb_comment_info":0,"uagb_excerpt":"WERBUNG Du suchst ein Dachzelt der Marke Decathlon? Dann bist du hier genau richtig! Decathlon Dachzelte gibt es bisher als [&hellip;]","_links":{"self":[{"href":"https:\/\/dachzeltnomaden.com\/shop\/wp-json\/wp\/v2\/product\/603","targetHints":{"allow":["GET"]}}],"collection":[{"href":"https:\/\/dachzeltnomaden.com\/shop\/wp-json\/wp\/v2\/product"}],"about":[{"href":"https:\/\/dachzeltnomaden.com\/shop\/wp-json\/wp\/v2\/types\/product"}],"wp:featuredmedia":[{"embeddable":true,"href":"https:\/\/dachzeltnomaden.com\/shop\/wp-json\/wp\/v2\/media\/130191"}],"wp:attachment":[{"href":"https:\/\/dachzeltnomaden.com\/shop\/wp-json\/wp\/v2\/media?parent=603"}],"wp:term":[{"taxonomy":"product_brand","embeddable":true,"href":"https:\/\/dachzeltnomaden.com\/shop\/wp-json\/wp\/v2\/product_brand?post=603"},{"taxonomy":"product_cat","embeddable":true,"href":"https:\/\/dachzeltnomaden.com\/shop\/wp-json\/wp\/v2\/product_cat?post=603"},{"taxonomy":"product_tag","embeddable":true,"href":"https:\/\/dachzeltnomaden.com\/shop\/wp-json\/wp\/v2\/product_tag?post=603"}],"curies":[{"name":"wp","href":"https:\/\/api.w.org\/{rel}","templated":true}]}}