{"id":601,"date":"2024-01-12T13:17:39","date_gmt":"2024-01-12T12:17:39","guid":{"rendered":"https:\/\/shop.dachzeltnomaden.com\/?post_type=product&#038;p=601"},"modified":"2026-03-08T09:33:32","modified_gmt":"2026-03-08T08:33:32","slug":"tillhall-dachzelte","status":"publish","type":"product","link":"https:\/\/dachzeltnomaden.com\/shop\/produkt\/tillhall-dachzelte\/","title":{"rendered":"TILLH\u00c5LL <br>Dachzelte"},"content":{"rendered":"\n<p>WERBUNG<br>Du suchst ein Dachzelt der Marke TILLH\u00c5LL? Dann bist du hier genau richtig! TILLH\u00c5LL Dachzelte gibt es bisher als folgende Ausf\u00fchrung:<\/p>\n\n\n\n<ul class=\"wp-block-list\">\n<li>Klappdachzelt<\/li>\n\n\n\n<li>Liegefl\u00e4che Breite: 140 &#8211; 160 cm<\/li>\n\n\n\n<li>Liegefl\u00e4che L\u00e4nge: 240 cm<\/li>\n\n\n\n<li>H\u00f6he: 40 cm<\/li>\n\n\n\n<li>Gewicht: ab 60 Kg<\/li>\n\n\n\n<li>Preis: ab 1995 Euro inkl. Versand<\/li>\n<\/ul>\n\n\n\n<p style=\"margin-top:30px\">*Die Links sind Affiliate Links. Wenn du dich f\u00fcr den Kauf eines Dachzeltes entscheidest, erhalten die Dachzeltnomaden eine Provision. Damit unterst\u00fctzt du uns &amp; unsere Arbeit. F\u00fcr dich kostet das Dachzelt deshalb nicht mehr.<br><br>Diese Dachzelt Modelle von TILLH\u00c5LL sind aktuell zu haben:<\/p>\n\n\n\n<div class=\"wp-block-uagb-container uagb-block-4e207270 default uagb-is-root-container\">\n<div class=\"wp-block-uagb-container uagb-block-754c70c4\">\n<div class=\"wp-block-group is-layout-constrained wp-container-core-group-is-layout-bdcbbb17 wp-block-group-is-layout-constrained\">\n<div class=\"wp-block-uagb-advanced-heading uagb-block-66f0d31e\"><h2 class=\"uagb-heading-text\">Short Sand<\/h2><div class=\"uagb-separator\"><\/div><p class=\"uagb-desc-text\"><strong>1.995 \u20ac<\/strong><\/p><\/div>\n\n\n\n<div class=\"wp-block-uagb-image uagb-block-2bfd98ee wp-block-uagb-image--layout-default wp-block-uagb-image--effect-static wp-block-uagb-image--align-none\"><figure class=\"wp-block-uagb-image__figure\"><img decoding=\"async\" srcset=\"https:\/\/dachzeltnomaden.com\/shop\/wp-content\/uploads\/2024\/01\/dachzeltnomaden_shop_dachzelt_kaufen_tillhall-short-03-1024x1024_50.webp ,https:\/\/dachzeltnomaden.com\/shop\/wp-content\/uploads\/2024\/01\/dachzeltnomaden_shop_dachzelt_kaufen_tillhall-short-03-1024x1024_50.webp 780w, https:\/\/dachzeltnomaden.com\/shop\/wp-content\/uploads\/2024\/01\/dachzeltnomaden_shop_dachzelt_kaufen_tillhall-short-03-1024x1024_50.webp 360w\" sizes=\"auto, (max-width: 480px) 150px\" src=\"https:\/\/dachzeltnomaden.com\/shop\/wp-content\/uploads\/2024\/01\/dachzeltnomaden_shop_dachzelt_kaufen_tillhall-short-03-1024x1024_50.webp\" alt=\"Dachzeltnomaden Shop Dachzelt kaufen Tillhall Klappdachzelt Short\" class=\"uag-image-130161\" width=\"1024\" height=\"250\" title=\"dachzeltnomaden_shop_dachzelt_kaufen_tillhall-short-03-1024x1024_50\" loading=\"lazy\" role=\"img\"\/><\/figure><\/div>\n\n\n\n<p class=\"has-ast-global-color-2-color has-text-color has-link-color wp-elements-7ac180d8ba1d4b70cba4678ccc082df1\">1-2 Personen Dachzelt, f\u00fcr Fahrzeuge ab 65 kg Dachlast<\/p>\n\n\n\n<hr class=\"wp-block-separator has-text-color has-ast-global-color-2-color has-alpha-channel-opacity has-ast-global-color-2-background-color has-background\"\/>\n\n\n\n<ul style=\"font-size:15px\" class=\"wp-block-list has-ast-global-color-2-color has-text-color has-link-color wp-elements-9b1ef3953ecb58a61825d59b25c287f0\">\n<li>Ma\u00dfe geschlossen: 142 x 120 x 40 cm<\/li>\n\n\n\n<li>Ma\u00dfe ge\u00f6ffnet: 240 x 142 x 127 cm<\/li>\n\n\n\n<li>Ma\u00dfe Matratze: 240 x 140 x 6.3 cm<\/li>\n\n\n\n<li>Gewicht: 60 kg<\/li>\n<\/ul>\n<\/div>\n\n\n\n<div class=\"wp-block-uagb-buttons uagb-buttons__outer-wrap uagb-btn__default-btn uagb-btn-tablet__default-btn uagb-btn-mobile__default-btn uagb-block-c48bea8a\"><div class=\"uagb-buttons__wrap uagb-buttons-layout-wrap \">\n<div class=\"wp-block-uagb-buttons-child uagb-buttons__outer-wrap uagb-block-560a85a0 wp-block-button\"><div class=\"uagb-button__wrapper\"><a class=\"uagb-buttons-repeater wp-block-button__link\" aria-label=\"\" href=\"#\" rel=\"follow noopener\" target=\"_self\" role=\"button\"><div class=\"uagb-button__link\">Zum TILLHALL Short Sand<\/div><\/a><\/div><\/div>\n<\/div><\/div>\n<a class=\"spectra-container-link-overlay\" rel=\"noopener\" target=\"_blank\" href=\"https:\/\/www.tillhall.eu\/produkt\/tillhall-short-dachzelt-sand\/?ref=dzn&amp;sub_id=shop_tillhall_shortsand_bb_1\"> <\/a><\/div>\n\n\n\n<div class=\"wp-block-uagb-container uagb-block-751e462b\">\n<div class=\"wp-block-group is-layout-constrained wp-container-core-group-is-layout-bdcbbb17 wp-block-group-is-layout-constrained\">\n<div class=\"wp-block-uagb-advanced-heading uagb-block-a9630844\"><h2 class=\"uagb-heading-text\">Short Olive<\/h2><div class=\"uagb-separator\"><\/div><p class=\"uagb-desc-text\"><strong>1.995 \u20ac<\/strong><\/p><\/div>\n\n\n\n<div class=\"wp-block-uagb-image uagb-block-f3e48046 wp-block-uagb-image--layout-default wp-block-uagb-image--effect-static wp-block-uagb-image--align-none\"><figure class=\"wp-block-uagb-image__figure\"><img decoding=\"async\" srcset=\"https:\/\/dachzeltnomaden.com\/shop\/wp-content\/uploads\/2024\/01\/dachzeltnomaden_shop_dachzelt_kaufen_tillhall-short-olive-01_1024_25.webp ,https:\/\/dachzeltnomaden.com\/shop\/wp-content\/uploads\/2024\/01\/dachzeltnomaden_shop_dachzelt_kaufen_tillhall-short-olive-01_1024_25.webp 780w, https:\/\/dachzeltnomaden.com\/shop\/wp-content\/uploads\/2024\/01\/dachzeltnomaden_shop_dachzelt_kaufen_tillhall-short-olive-01_1024_25.webp 360w\" sizes=\"auto, (max-width: 480px) 150px\" src=\"https:\/\/dachzeltnomaden.com\/shop\/wp-content\/uploads\/2024\/01\/dachzeltnomaden_shop_dachzelt_kaufen_tillhall-short-olive-01_1024_25.webp\" alt=\"Dachzeltnomaden Shop Dachzelt kaufen Tillhall Klappdachzelt Short\" class=\"uag-image-130165\" width=\"1024\" height=\"250\" title=\"dachzeltnomaden_shop_dachzelt_kaufen_tillhall-short-olive-01_1024_25\" loading=\"lazy\" role=\"img\"\/><\/figure><\/div>\n\n\n\n<p class=\"has-ast-global-color-2-color has-text-color has-link-color wp-elements-7ac180d8ba1d4b70cba4678ccc082df1\">1-2 Personen Dachzelt, f\u00fcr Fahrzeuge ab 65 kg Dachlast<\/p>\n\n\n\n<hr class=\"wp-block-separator has-text-color has-ast-global-color-2-color has-alpha-channel-opacity has-ast-global-color-2-background-color has-background\"\/>\n\n\n\n<ul style=\"font-size:15px\" class=\"wp-block-list has-ast-global-color-2-color has-text-color has-link-color wp-elements-9b1ef3953ecb58a61825d59b25c287f0\">\n<li>Ma\u00dfe geschlossen: 142 x 120 x 40 cm<\/li>\n\n\n\n<li>Ma\u00dfe ge\u00f6ffnet: 240 x 142 x 127 cm<\/li>\n\n\n\n<li>Ma\u00dfe Matratze: 240 x 140 x 6.3 cm<\/li>\n\n\n\n<li>Gewicht: 60 kg<\/li>\n<\/ul>\n<\/div>\n\n\n\n<div class=\"wp-block-uagb-buttons uagb-buttons__outer-wrap uagb-btn__default-btn uagb-btn-tablet__default-btn uagb-btn-mobile__default-btn uagb-block-e9253de5\"><div class=\"uagb-buttons__wrap uagb-buttons-layout-wrap \">\n<div class=\"wp-block-uagb-buttons-child uagb-buttons__outer-wrap uagb-block-7fedee46 wp-block-button\"><div class=\"uagb-button__wrapper\"><a class=\"uagb-buttons-repeater wp-block-button__link\" aria-label=\"\" href=\"#\" rel=\"follow noopener\" target=\"_self\" role=\"button\"><div class=\"uagb-button__link\">Zum TILLHALL Short Olive<\/div><\/a><\/div><\/div>\n<\/div><\/div>\n<a class=\"spectra-container-link-overlay\" rel=\"noopener\" target=\"_blank\" href=\"https:\/\/www.tillhall.eu\/produkt\/tillhall-short-dachzelt-olive\/?ref=dzn&amp;sub_id=shop_tillhall_shortoliv_bb_1\"> <\/a><\/div>\n\n\n\n<div class=\"wp-block-uagb-container uagb-block-626bd2ce\">\n<div class=\"wp-block-group is-layout-constrained wp-container-core-group-is-layout-bdcbbb17 wp-block-group-is-layout-constrained\">\n<div class=\"wp-block-uagb-advanced-heading uagb-block-349e6c1b\"><h2 class=\"uagb-heading-text\">Extended 140 Sand<\/h2><div class=\"uagb-separator\"><\/div><p class=\"uagb-desc-text\"><strong>2.295 \u20ac<\/strong><\/p><\/div>\n\n\n\n<div class=\"wp-block-uagb-image uagb-block-9eb996f5 wp-block-uagb-image--layout-default wp-block-uagb-image--effect-static wp-block-uagb-image--align-none\"><figure class=\"wp-block-uagb-image__figure\"><img decoding=\"async\" srcset=\"https:\/\/dachzeltnomaden.com\/shop\/wp-content\/uploads\/2024\/01\/dachzeltnomaden_shop_dachzelt_kaufen_tillhall-extended-dzn_1024_50.webp ,https:\/\/dachzeltnomaden.com\/shop\/wp-content\/uploads\/2024\/01\/dachzeltnomaden_shop_dachzelt_kaufen_tillhall-extended-dzn_1024_50.webp 780w, https:\/\/dachzeltnomaden.com\/shop\/wp-content\/uploads\/2024\/01\/dachzeltnomaden_shop_dachzelt_kaufen_tillhall-extended-dzn_1024_50.webp 360w\" sizes=\"auto, (max-width: 480px) 150px\" src=\"https:\/\/dachzeltnomaden.com\/shop\/wp-content\/uploads\/2024\/01\/dachzeltnomaden_shop_dachzelt_kaufen_tillhall-extended-dzn_1024_50.webp\" alt=\"Dachzeltnomaden Shop Dachzelt kaufen Tillhall\" class=\"uag-image-130155\" width=\"1024\" height=\"250\" title=\"dachzeltnomaden_shop_dachzelt_kaufen_tillhall-extended-dzn_1024_50\" loading=\"lazy\" role=\"img\"\/><\/figure><\/div>\n\n\n\n<p class=\"has-ast-global-color-2-color has-text-color has-link-color wp-elements-31cc2a66b9751c4210aebed5523fb1ca\">1-2 Personen Dachzelt, f\u00fcr Fahrzeuge ab 70 kg Dachlast<\/p>\n\n\n\n<hr class=\"wp-block-separator has-text-color has-ast-global-color-2-color has-alpha-channel-opacity has-ast-global-color-2-background-color has-background\"\/>\n\n\n\n<ul style=\"font-size:15px\" class=\"wp-block-list has-ast-global-color-2-color has-text-color has-link-color wp-elements-e867bb840a2d74e146554c797d2d17f5\">\n<li>Ma\u00dfe geschlossen: 142 x 120 x 40 cm<\/li>\n\n\n\n<li>Ma\u00dfe ge\u00f6ffnet: 310 x 142 x 127 cm<\/li>\n\n\n\n<li>Ma\u00dfe Matratze: 240 x 140 x 6.3 cm<\/li>\n\n\n\n<li>Gewicht: 65 kg<\/li>\n<\/ul>\n<\/div>\n\n\n\n<div class=\"wp-block-uagb-buttons uagb-buttons__outer-wrap uagb-btn__default-btn uagb-btn-tablet__default-btn uagb-btn-mobile__default-btn uagb-block-0cf5c1e7\"><div class=\"uagb-buttons__wrap uagb-buttons-layout-wrap \">\n<div class=\"wp-block-uagb-buttons-child uagb-buttons__outer-wrap uagb-block-3fa69e14 wp-block-button\"><div class=\"uagb-button__wrapper\"><a class=\"uagb-buttons-repeater wp-block-button__link\" aria-label=\"\" href=\"#\" rel=\"follow noopener\" target=\"_self\" role=\"button\"><div class=\"uagb-button__link\">Zum TILLHALL Extended 140 Sand<\/div><\/a><\/div><\/div>\n<\/div><\/div>\n<a class=\"spectra-container-link-overlay\" rel=\"noopener\" target=\"_blank\" href=\"https:\/\/www.tillhall.eu\/produkt\/tillhall-extended-dachzelt-sand\/?ref=dzn&amp;sub_id=shop_tillhall_extended140sand_bb_1\"> <\/a><\/div>\n<\/div>\n\n\n\n<div class=\"wp-block-uagb-container uagb-block-c547fa0b default uagb-is-root-container\">\n<div class=\"wp-block-uagb-container uagb-block-76e346a5\">\n<div class=\"wp-block-group is-layout-constrained wp-container-core-group-is-layout-bdcbbb17 wp-block-group-is-layout-constrained\">\n<div class=\"wp-block-uagb-advanced-heading uagb-block-ddad80c2\"><h2 class=\"uagb-heading-text\">Extended 140 Olive<\/h2><div class=\"uagb-separator\"><\/div><p class=\"uagb-desc-text\"><strong>2.295\u20ac<\/strong><\/p><\/div>\n\n\n\n<div class=\"wp-block-uagb-image uagb-block-c38690c9 wp-block-uagb-image--layout-default wp-block-uagb-image--effect-static wp-block-uagb-image--align-none\"><figure class=\"wp-block-uagb-image__figure\"><img decoding=\"async\" srcset=\"https:\/\/dachzeltnomaden.com\/shop\/wp-content\/uploads\/2024\/01\/dachzeltnomaden_shop_dachzelt-kaufen-tillhall-extended-olive-02_1024_10.webp ,https:\/\/dachzeltnomaden.com\/shop\/wp-content\/uploads\/2024\/01\/dachzeltnomaden_shop_dachzelt-kaufen-tillhall-extended-olive-02_1024_10.webp 780w, https:\/\/dachzeltnomaden.com\/shop\/wp-content\/uploads\/2024\/01\/dachzeltnomaden_shop_dachzelt-kaufen-tillhall-extended-olive-02_1024_10.webp 360w\" sizes=\"auto, (max-width: 480px) 150px\" src=\"https:\/\/dachzeltnomaden.com\/shop\/wp-content\/uploads\/2024\/01\/dachzeltnomaden_shop_dachzelt-kaufen-tillhall-extended-olive-02_1024_10.webp\" alt=\"Dachzeltnomaden Shop Dachzelt kaufen Tillhall Klappdachzelt Extended\" class=\"uag-image-130166\" width=\"1024\" height=\"250\" title=\"dachzeltnomaden_shop_dachzelt-kaufen-tillhall-extended-olive-02_1024_10\" loading=\"lazy\" role=\"img\"\/><\/figure><\/div>\n\n\n\n<p class=\"has-ast-global-color-2-color has-text-color has-link-color wp-elements-31cc2a66b9751c4210aebed5523fb1ca\">1-2 Personen Dachzelt, f\u00fcr Fahrzeuge ab 70 kg Dachlast<\/p>\n\n\n\n<hr class=\"wp-block-separator has-text-color has-ast-global-color-2-color has-alpha-channel-opacity has-ast-global-color-2-background-color has-background\"\/>\n\n\n\n<ul style=\"font-size:15px\" class=\"wp-block-list has-ast-global-color-2-color has-text-color has-link-color wp-elements-e867bb840a2d74e146554c797d2d17f5\">\n<li>Ma\u00dfe geschlossen: 142 x 120 x 40 cm<\/li>\n\n\n\n<li>Ma\u00dfe ge\u00f6ffnet: 310 x 142 x 127 cm<\/li>\n\n\n\n<li>Ma\u00dfe Matratze: 240 x 140 x 6.3 cm<\/li>\n\n\n\n<li>Gewicht: 65 kg<\/li>\n<\/ul>\n<\/div>\n\n\n\n<div class=\"wp-block-uagb-buttons uagb-buttons__outer-wrap uagb-btn__default-btn uagb-btn-tablet__default-btn uagb-btn-mobile__default-btn uagb-block-158ac044\"><div class=\"uagb-buttons__wrap uagb-buttons-layout-wrap \">\n<div class=\"wp-block-uagb-buttons-child uagb-buttons__outer-wrap uagb-block-f6a5814f wp-block-button\"><div class=\"uagb-button__wrapper\"><a class=\"uagb-buttons-repeater wp-block-button__link\" aria-label=\"\" href=\"#\" rel=\"follow noopener\" target=\"_self\" role=\"button\"><div class=\"uagb-button__link\">Zum TILLHALL Extended 140 Olive<\/div><\/a><\/div><\/div>\n<\/div><\/div>\n<a class=\"spectra-container-link-overlay\" rel=\"noopener\" target=\"_blank\" href=\"https:\/\/www.tillhall.eu\/produkt\/tillhall-extended-dachzelt-olive\/?ref=dzn&amp;sub_id=shop_tillhall_extended140oliv_bb_1\"> <\/a><\/div>\n\n\n\n<div class=\"wp-block-uagb-container uag-hide-mob uagb-block-cf5e9df9\"><a class=\"spectra-container-link-overlay\" rel=\"noopener\" target=\"_blank\" href=\"https:\/\/www.tillhall.eu\/produkt\/tillhall-extended-dachzelt-olive\/?ref=dzn\"> <\/a><\/div>\n\n\n\n<div class=\"wp-block-uagb-container uag-hide-mob uagb-block-4d664aba\"><a class=\"spectra-container-link-overlay\" rel=\"noopener\"> <\/a><\/div>\n<\/div>\n\n\n\n<div class=\"wp-block-uagb-buttons uagb-buttons__outer-wrap uagb-btn__default-btn uagb-btn-tablet__default-btn uagb-btn-mobile__default-btn uagb-block-858a8c1b\"><div class=\"uagb-buttons__wrap uagb-buttons-layout-wrap \">\n<div class=\"wp-block-uagb-buttons-child uagb-buttons__outer-wrap uagb-block-2b389987 wp-block-button\"><div class=\"uagb-button__wrapper\"><a class=\"uagb-buttons-repeater wp-block-button__link\" aria-label=\"\" href=\"https:\/\/www.tillhall.eu\/shop-klappdachzelte\/?ref=dzn\" rel=\"follow noopener\" target=\"_blank\" role=\"button\"><div class=\"uagb-button__link\">Hier gehts zu den Dachzelten von TILLHALL<\/div><\/a><\/div><\/div>\n<\/div><\/div>\n","protected":false},"excerpt":{"rendered":"<p>WERBUNGDu suchst ein Dachzelt der Marke TILLH\u00c5LL? Dann bist du hier genau richtig! TILLH\u00c5LL Dachzelte gibt es bisher als folgende [&hellip;]<\/p>\n","protected":false},"featured_media":130155,"template":"","meta":{"_uag_custom_page_level_css":"","site-sidebar-layout":"default","site-content-layout":"","ast-site-content-layout":"default","site-content-style":"default","site-sidebar-style":"default","ast-global-header-display":"","ast-banner-title-visibility":"","ast-main-header-display":"","ast-hfb-above-header-display":"","ast-hfb-below-header-display":"","ast-hfb-mobile-header-display":"","site-post-title":"","ast-breadcrumbs-content":"","ast-featured-img":"","footer-sml-layout":"","ast-disable-related-posts":"","theme-transparent-header-meta":"default","adv-header-id-meta":"","stick-header-meta":"default","header-above-stick-meta":"","header-main-stick-meta":"","header-below-stick-meta":"","astra-migrate-meta-layouts":"set","ast-page-background-enabled":"default","ast-page-background-meta":{"desktop":{"background-color":"var(--ast-global-color-4)","background-image":"","background-repeat":"repeat","background-position":"center center","background-size":"auto","background-attachment":"scroll","background-type":"","background-media":"","overlay-type":"","overlay-color":"","overlay-opacity":"","overlay-gradient":""},"tablet":{"background-color":"","background-image":"","background-repeat":"repeat","background-position":"center center","background-size":"auto","background-attachment":"scroll","background-type":"","background-media":"","overlay-type":"","overlay-color":"","overlay-opacity":"","overlay-gradient":""},"mobile":{"background-color":"","background-image":"","background-repeat":"repeat","background-position":"center center","background-size":"auto","background-attachment":"scroll","background-type":"","background-media":"","overlay-type":"","overlay-color":"","overlay-opacity":"","overlay-gradient":""}},"ast-content-background-meta":{"desktop":{"background-color":"var(--ast-global-color-5)","background-image":"","background-repeat":"repeat","background-position":"center center","background-size":"auto","background-attachment":"scroll","background-type":"","background-media":"","overlay-type":"","overlay-color":"","overlay-opacity":"","overlay-gradient":""},"tablet":{"background-color":"var(--ast-global-color-5)","background-image":"","background-repeat":"repeat","background-position":"center center","background-size":"auto","background-attachment":"scroll","background-type":"","background-media":"","overlay-type":"","overlay-color":"","overlay-opacity":"","overlay-gradient":""},"mobile":{"background-color":"var(--ast-global-color-5)","background-image":"","background-repeat":"repeat","background-position":"center center","background-size":"auto","background-attachment":"scroll","background-type":"","background-media":"","overlay-type":"","overlay-color":"","overlay-opacity":"","overlay-gradient":""}},"_themeisle_gutenberg_block_has_review":false},"product_brand":[],"product_cat":[108],"product_tag":[],"class_list":{"0":"post-601","1":"product","2":"type-product","3":"status-publish","4":"has-post-thumbnail","6":"product_cat-dachzelte","7":"desktop-align-left","8":"tablet-align-left","9":"mobile-align-left","10":"ast-product-gallery-layout-vertical-slider","11":"ast-product-tabs-layout-horizontal","13":"first","14":"instock","15":"purchasable","16":"product-type-external"},"exclude_global_add_ons":[],"addons":[],"uagb_featured_image_src":{"full":["https:\/\/dachzeltnomaden.com\/shop\/wp-content\/uploads\/2024\/01\/dachzeltnomaden_shop_dachzelt_kaufen_tillhall-extended-dzn_1024_50.webp",1024,576,false],"thumbnail":["https:\/\/dachzeltnomaden.com\/shop\/wp-content\/uploads\/2024\/01\/dachzeltnomaden_shop_dachzelt_kaufen_tillhall-extended-dzn_1024_50.webp",600,338,false],"medium":["https:\/\/dachzeltnomaden.com\/shop\/wp-content\/uploads\/2024\/01\/dachzeltnomaden_shop_dachzelt_kaufen_tillhall-extended-dzn_1024_50-300x169.webp",300,169,true],"medium_large":["https:\/\/dachzeltnomaden.com\/shop\/wp-content\/uploads\/2024\/01\/dachzeltnomaden_shop_dachzelt_kaufen_tillhall-extended-dzn_1024_50-768x432.webp",768,432,true],"large":["https:\/\/dachzeltnomaden.com\/shop\/wp-content\/uploads\/2024\/01\/dachzeltnomaden_shop_dachzelt_kaufen_tillhall-extended-dzn_1024_50.webp",910,512,false],"1536x1536":["https:\/\/dachzeltnomaden.com\/shop\/wp-content\/uploads\/2024\/01\/dachzeltnomaden_shop_dachzelt_kaufen_tillhall-extended-dzn_1024_50.webp",1024,576,false],"2048x2048":["https:\/\/dachzeltnomaden.com\/shop\/wp-content\/uploads\/2024\/01\/dachzeltnomaden_shop_dachzelt_kaufen_tillhall-extended-dzn_1024_50.webp",1024,576,false],"woocommerce_thumbnail":["https:\/\/dachzeltnomaden.com\/shop\/wp-content\/uploads\/2024\/01\/dachzeltnomaden_shop_dachzelt_kaufen_tillhall-extended-dzn_1024_50-600x576.webp",600,576,true],"woocommerce_single":["https:\/\/dachzeltnomaden.com\/shop\/wp-content\/uploads\/2024\/01\/dachzeltnomaden_shop_dachzelt_kaufen_tillhall-extended-dzn_1024_50.webp",1024,576,false],"woocommerce_gallery_thumbnail":["https:\/\/dachzeltnomaden.com\/shop\/wp-content\/uploads\/2024\/01\/dachzeltnomaden_shop_dachzelt_kaufen_tillhall-extended-dzn_1024_50-100x100.webp",100,100,true]},"uagb_author_info":{"display_name":"Jasmine","author_link":"https:\/\/dachzeltnomaden.com\/shop\/author\/"},"uagb_comment_info":0,"uagb_excerpt":"WERBUNGDu suchst ein Dachzelt der Marke TILLH\u00c5LL? Dann bist du hier genau richtig! TILLH\u00c5LL Dachzelte gibt es bisher als folgende [&hellip;]","_links":{"self":[{"href":"https:\/\/dachzeltnomaden.com\/shop\/wp-json\/wp\/v2\/product\/601","targetHints":{"allow":["GET"]}}],"collection":[{"href":"https:\/\/dachzeltnomaden.com\/shop\/wp-json\/wp\/v2\/product"}],"about":[{"href":"https:\/\/dachzeltnomaden.com\/shop\/wp-json\/wp\/v2\/types\/product"}],"wp:featuredmedia":[{"embeddable":true,"href":"https:\/\/dachzeltnomaden.com\/shop\/wp-json\/wp\/v2\/media\/130155"}],"wp:attachment":[{"href":"https:\/\/dachzeltnomaden.com\/shop\/wp-json\/wp\/v2\/media?parent=601"}],"wp:term":[{"taxonomy":"product_brand","embeddable":true,"href":"https:\/\/dachzeltnomaden.com\/shop\/wp-json\/wp\/v2\/product_brand?post=601"},{"taxonomy":"product_cat","embeddable":true,"href":"https:\/\/dachzeltnomaden.com\/shop\/wp-json\/wp\/v2\/product_cat?post=601"},{"taxonomy":"product_tag","embeddable":true,"href":"https:\/\/dachzeltnomaden.com\/shop\/wp-json\/wp\/v2\/product_tag?post=601"}],"curies":[{"name":"wp","href":"https:\/\/api.w.org\/{rel}","templated":true}]}}