{"id":600,"date":"2024-01-12T13:17:39","date_gmt":"2024-01-12T12:17:39","guid":{"rendered":"https:\/\/shop.dachzeltnomaden.com\/?post_type=product&#038;p=600"},"modified":"2026-03-08T08:48:46","modified_gmt":"2026-03-08T07:48:46","slug":"topcampdachzelte","status":"publish","type":"product","link":"https:\/\/dachzeltnomaden.com\/shop\/produkt\/topcampdachzelte\/","title":{"rendered":"TopCamp<br>Dachzelte"},"content":{"rendered":"\n<p class=\"has-text-align-left\">WERBUNG<br><br>Du suchst ein Dachzelt der Marke TopCamp? Dann bist du hier genau richtig! TopCamp Dachzelte gibt es in folgenden Ausf\u00fchrungen:<\/p>\n\n\n\n<ul class=\"wp-block-list\">\n<li>Hartschalen Dachzelte Dreieck + Viereck<\/li>\n\n\n\n<li>Aluminium Leiter bis 240 cm erh\u00e4ltlich<\/li>\n\n\n\n<li>Liegefl\u00e4che Breite: 125-165 cm<\/li>\n\n\n\n<li>Liegefl\u00e4che L\u00e4nge: 200-200 cm<\/li>\n\n\n\n<li>H\u00f6he: 30-33 cm<\/li>\n\n\n\n<li>Gewicht: ab 52 Kg<\/li>\n\n\n\n<li>Preis: ab 2444 Euro<\/li>\n<\/ul>\n\n\n\n<p style=\"margin-top:30px\">Die TopCamp Dachzelte sind exklusiv f\u00fcr Reimo produzierte Dachzelte der <a href=\"https:\/\/dachzeltnomaden.com\/produkt\/autohome-dachzelte-kaufen\/\" target=\"_blank\" rel=\"nofollow noopener\">Marke Autohome.<\/a><br><br>*Die Links sind Affiliate Links. Wenn du dich f\u00fcr den Kauf eines Dachzeltes entscheidest, erhalten die Dachzeltnomaden eine Provision. Damit unterst\u00fctzt du uns &amp; unsere Arbeit. F\u00fcr dich kostet das Dachzelt deshalb nicht mehr.<br><br>Diese Dachzelt Modelle von TopCamp sind aktuell zu haben:<\/p>\n\n\n\n<div class=\"wp-block-uagb-container uagb-block-4e207270 default uagb-is-root-container\">\n<div class=\"wp-block-uagb-container uagb-block-754c70c4\">\n<div class=\"wp-block-group is-layout-constrained wp-container-core-group-is-layout-bdcbbb17 wp-block-group-is-layout-constrained\">\n<div class=\"wp-block-uagb-advanced-heading uagb-block-66f0d31e\"><h2 class=\"uagb-heading-text\">Dreieck<\/h2><div class=\"uagb-separator\"><\/div><p class=\"uagb-desc-text\">ab <strong>2.444 \u20ac<\/strong><\/p><\/div>\n\n\n\n<div class=\"wp-block-uagb-image uagb-block-2bfd98ee wp-block-uagb-image--layout-default wp-block-uagb-image--effect-static wp-block-uagb-image--align-none\"><figure class=\"wp-block-uagb-image__figure\"><img decoding=\"async\" srcset=\"https:\/\/dachzeltnomaden.com\/shop\/wp-content\/uploads\/2024\/01\/Dachzeltnomaden_Shop_Dachzelt_kaufen_Topcamp_dreieck_hartschale_offen.webp ,https:\/\/dachzeltnomaden.com\/shop\/wp-content\/uploads\/2024\/01\/Dachzeltnomaden_Shop_Dachzelt_kaufen_Topcamp_dreieck_hartschale_offen.webp 780w, https:\/\/dachzeltnomaden.com\/shop\/wp-content\/uploads\/2024\/01\/Dachzeltnomaden_Shop_Dachzelt_kaufen_Topcamp_dreieck_hartschale_offen.webp 360w\" sizes=\"auto, (max-width: 480px) 150px\" src=\"https:\/\/dachzeltnomaden.com\/shop\/wp-content\/uploads\/2024\/01\/Dachzeltnomaden_Shop_Dachzelt_kaufen_Topcamp_dreieck_hartschale_offen.webp\" alt=\"Dachzeltnomaden Shop Dachzelt kaufen TopCamp Dreieck\" class=\"uag-image-130227\" width=\"1024\" height=\"250\" title=\"Dachzeltnomaden_Shop_Dachzelt_kaufen_Topcamp_dreieck_hartschale_offen\" loading=\"lazy\" role=\"img\"\/><\/figure><\/div>\n\n\n\n<p class=\"has-ast-global-color-2-color has-text-color has-link-color wp-elements-e7aaba39473d53df0fd57a3ed70585a6\">1-2 Personen Dachzelt, in 4 Gr\u00f6\u00dfen lieferbar, f\u00fcr Fahrzeuge ab 57 kg Dachlast<\/p>\n\n\n\n<hr class=\"wp-block-separator has-text-color has-ast-global-color-2-color has-alpha-channel-opacity has-ast-global-color-2-background-color has-background\"\/>\n\n\n\n<p class=\"has-ast-global-color-2-color has-text-color has-link-color wp-elements-1288ad8ec270cf7831a21eee701d44a9\">Ma\u00dfe je nach Modell ab:<\/p>\n\n\n\n<ul style=\"font-size:15px\" class=\"wp-block-list has-ast-global-color-2-color has-text-color has-link-color wp-elements-c0cbca3fbfae1815fce2b420fc0607d2\">\n<li>Ma\u00dfe geschlossen: 210 x 130 x 30 cm<\/li>\n\n\n\n<li>Ma\u00dfe ge\u00f6ffnet: 210 x 130 x 150 cm<\/li>\n\n\n\n<li>Ma\u00dfe Matratze: 200 x 125 cm<\/li>\n\n\n\n<li>Gewicht: 52 kg<\/li>\n<\/ul>\n<\/div>\n\n\n\n<div class=\"wp-block-uagb-buttons uagb-buttons__outer-wrap uagb-btn__default-btn uagb-btn-tablet__default-btn uagb-btn-mobile__default-btn uagb-block-c48bea8a\"><div class=\"uagb-buttons__wrap uagb-buttons-layout-wrap \">\n<div class=\"wp-block-uagb-buttons-child uagb-buttons__outer-wrap uagb-block-560a85a0 wp-block-button\"><div class=\"uagb-button__wrapper\"><a class=\"uagb-buttons-repeater wp-block-button__link\" aria-label=\"\" href=\"#\" rel=\"follow noopener\" target=\"_self\" role=\"button\"><div class=\"uagb-button__link\">Zum TopCamp Dreieck<\/div><\/a><\/div><\/div>\n<\/div><\/div>\n<a class=\"spectra-container-link-overlay\" rel=\"noopener\" target=\"_blank\" href=\"https:\/\/www.campingwagner.de\/product_info.php\/info\/m512_TopCamp-Dachzelt-fuer-PKW--Busse--amp--Gelaendewagen.html?utm_campaign=awin_1&amp;utm_source=awin&amp;utm_medium=CPC&amp;campaign=awin&amp;sv1=affiliate&amp;sv_campaign_id=728701&amp;awc=12158_1743072199_301a9de6865f6e6d22a14c77e2af897d&amp;clickref=shop_topcamp_dreieck_cwagner_bb_1\"> <\/a><\/div>\n\n\n\n<div class=\"wp-block-uagb-container uagb-block-751e462b\">\n<div class=\"wp-block-group is-layout-constrained wp-container-core-group-is-layout-bdcbbb17 wp-block-group-is-layout-constrained\">\n<div class=\"wp-block-uagb-advanced-heading uagb-block-a9630844\"><h2 class=\"uagb-heading-text\">Viereck<\/h2><div class=\"uagb-separator\"><\/div><p class=\"uagb-desc-text\">ab <strong>2.958 \u20ac<\/strong><\/p><\/div>\n\n\n\n<div class=\"wp-block-uagb-image uagb-block-f3e48046 wp-block-uagb-image--layout-default wp-block-uagb-image--effect-static wp-block-uagb-image--align-none\"><figure class=\"wp-block-uagb-image__figure\"><img decoding=\"async\" srcset=\"https:\/\/dachzeltnomaden.com\/shop\/wp-content\/uploads\/2024\/01\/Dachzeltnomaden_Shop_Dachzelt_kaufen_Topcamp_Viereck_hartschale_offen_90.webp ,https:\/\/dachzeltnomaden.com\/shop\/wp-content\/uploads\/2024\/01\/Dachzeltnomaden_Shop_Dachzelt_kaufen_Topcamp_Viereck_hartschale_offen_90.webp 780w, https:\/\/dachzeltnomaden.com\/shop\/wp-content\/uploads\/2024\/01\/Dachzeltnomaden_Shop_Dachzelt_kaufen_Topcamp_Viereck_hartschale_offen_90.webp 360w\" sizes=\"auto, (max-width: 480px) 150px\" src=\"https:\/\/dachzeltnomaden.com\/shop\/wp-content\/uploads\/2024\/01\/Dachzeltnomaden_Shop_Dachzelt_kaufen_Topcamp_Viereck_hartschale_offen_90.webp\" alt=\"Dachzeltnomaden Shop Dachzelt kaufen TopCamp Viereck\" class=\"uag-image-130230\" width=\"1024\" height=\"250\" title=\"Dachzeltnomaden_Shop_Dachzelt_kaufen_Topcamp_Viereck_hartschale_offen_90\" loading=\"lazy\" role=\"img\"\/><\/figure><\/div>\n\n\n\n<p class=\"has-ast-global-color-2-color has-text-color has-link-color wp-elements-3dab75349c91371a3cc0adbd54316856\">1-3 Personen Dachzelt, in 2 Gr\u00f6\u00dfen lieferbar, f\u00fcr Fahrzeuge ab 70 kg Dachlast<\/p>\n\n\n\n<hr class=\"wp-block-separator has-text-color has-ast-global-color-2-color has-alpha-channel-opacity has-ast-global-color-2-background-color has-background\"\/>\n\n\n\n<p class=\"has-ast-global-color-2-color has-text-color has-link-color wp-elements-1288ad8ec270cf7831a21eee701d44a9\">Ma\u00dfe je nach Modell ab:<\/p>\n\n\n\n<ul style=\"font-size:15px\" class=\"wp-block-list has-ast-global-color-2-color has-text-color has-link-color wp-elements-7ba069060cd9adc992d13c5e38956755\">\n<li>Ma\u00dfe geschlossen: 210 x 140 x 33 cm<\/li>\n\n\n\n<li>Ma\u00dfe ge\u00f6ffnet: 210 x 140 x 94 cm<\/li>\n\n\n\n<li>Ma\u00dfe Matratze: 200 x 135 cm<\/li>\n\n\n\n<li>Gewicht: 65 kg<\/li>\n<\/ul>\n<\/div>\n\n\n\n<div class=\"wp-block-uagb-buttons uagb-buttons__outer-wrap uagb-btn__default-btn uagb-btn-tablet__default-btn uagb-btn-mobile__default-btn uagb-block-e9253de5\"><div class=\"uagb-buttons__wrap uagb-buttons-layout-wrap \">\n<div class=\"wp-block-uagb-buttons-child uagb-buttons__outer-wrap uagb-block-7fedee46 wp-block-button\"><div class=\"uagb-button__wrapper\"><a class=\"uagb-buttons-repeater wp-block-button__link\" aria-label=\"\" href=\"#\" rel=\"follow noopener\" target=\"_self\" role=\"button\"><div class=\"uagb-button__link\">Zum TopCamp Viereck<\/div><\/a><\/div><\/div>\n<\/div><\/div>\n<a class=\"spectra-container-link-overlay\" rel=\"noopener\" target=\"_blank\" href=\"https:\/\/www.campingwagner.de\/product_info.php\/info\/m3034_TopCamp-Double-Large-Parallelhubdachzelt.html?utm_campaign=awin_1&amp;utm_source=awin&amp;utm_medium=CPC&amp;campaign=awin&amp;sv1=affiliate&amp;sv_campaign_id=728701&amp;awc=12158_1743072756_3b721df82441cfd0ac89e562c9c09505&amp;clickref=shop_topcamp_viereck_cwagner_bb_1\"> <\/a><\/div>\n\n\n\n<div class=\"wp-block-uagb-container uag-hide-mob uagb-block-626bd2ce\"><a class=\"spectra-container-link-overlay\" rel=\"noopener\" href=\"https:\/\/dachzeltnomaden.com\/nb-flI-XL\"> <\/a><\/div>\n<\/div>\n","protected":false},"excerpt":{"rendered":"<p>WERBUNG Du suchst ein Dachzelt der Marke TopCamp? Dann bist du hier genau richtig! TopCamp Dachzelte gibt es in folgenden [&hellip;]<\/p>\n","protected":false},"featured_media":130230,"template":"","meta":{"_uag_custom_page_level_css":"","site-sidebar-layout":"default","site-content-layout":"","ast-site-content-layout":"default","site-content-style":"default","site-sidebar-style":"default","ast-global-header-display":"","ast-banner-title-visibility":"","ast-main-header-display":"","ast-hfb-above-header-display":"","ast-hfb-below-header-display":"","ast-hfb-mobile-header-display":"","site-post-title":"","ast-breadcrumbs-content":"","ast-featured-img":"","footer-sml-layout":"","ast-disable-related-posts":"","theme-transparent-header-meta":"default","adv-header-id-meta":"","stick-header-meta":"default","header-above-stick-meta":"","header-main-stick-meta":"","header-below-stick-meta":"","astra-migrate-meta-layouts":"set","ast-page-background-enabled":"default","ast-page-background-meta":{"desktop":{"background-color":"var(--ast-global-color-4)","background-image":"","background-repeat":"repeat","background-position":"center center","background-size":"auto","background-attachment":"scroll","background-type":"","background-media":"","overlay-type":"","overlay-color":"","overlay-opacity":"","overlay-gradient":""},"tablet":{"background-color":"","background-image":"","background-repeat":"repeat","background-position":"center center","background-size":"auto","background-attachment":"scroll","background-type":"","background-media":"","overlay-type":"","overlay-color":"","overlay-opacity":"","overlay-gradient":""},"mobile":{"background-color":"","background-image":"","background-repeat":"repeat","background-position":"center center","background-size":"auto","background-attachment":"scroll","background-type":"","background-media":"","overlay-type":"","overlay-color":"","overlay-opacity":"","overlay-gradient":""}},"ast-content-background-meta":{"desktop":{"background-color":"var(--ast-global-color-5)","background-image":"","background-repeat":"repeat","background-position":"center center","background-size":"auto","background-attachment":"scroll","background-type":"","background-media":"","overlay-type":"","overlay-color":"","overlay-opacity":"","overlay-gradient":""},"tablet":{"background-color":"var(--ast-global-color-5)","background-image":"","background-repeat":"repeat","background-position":"center center","background-size":"auto","background-attachment":"scroll","background-type":"","background-media":"","overlay-type":"","overlay-color":"","overlay-opacity":"","overlay-gradient":""},"mobile":{"background-color":"var(--ast-global-color-5)","background-image":"","background-repeat":"repeat","background-position":"center center","background-size":"auto","background-attachment":"scroll","background-type":"","background-media":"","overlay-type":"","overlay-color":"","overlay-opacity":"","overlay-gradient":""}},"_themeisle_gutenberg_block_has_review":false},"product_brand":[],"product_cat":[108],"product_tag":[],"class_list":{"0":"post-600","1":"product","2":"type-product","3":"status-publish","4":"has-post-thumbnail","6":"product_cat-dachzelte","7":"desktop-align-left","8":"tablet-align-left","9":"mobile-align-left","10":"ast-product-gallery-layout-vertical-slider","11":"ast-product-tabs-layout-horizontal","13":"first","14":"instock","15":"purchasable","16":"product-type-external"},"exclude_global_add_ons":[],"addons":[],"uagb_featured_image_src":{"full":["https:\/\/dachzeltnomaden.com\/shop\/wp-content\/uploads\/2024\/01\/Dachzeltnomaden_Shop_Dachzelt_kaufen_Topcamp_Viereck_hartschale_offen_90.webp",600,419,false],"thumbnail":["https:\/\/dachzeltnomaden.com\/shop\/wp-content\/uploads\/2024\/01\/Dachzeltnomaden_Shop_Dachzelt_kaufen_Topcamp_Viereck_hartschale_offen_90.webp",600,419,false],"medium":["https:\/\/dachzeltnomaden.com\/shop\/wp-content\/uploads\/2024\/01\/Dachzeltnomaden_Shop_Dachzelt_kaufen_Topcamp_Viereck_hartschale_offen_90-300x210.webp",300,210,true],"medium_large":["https:\/\/dachzeltnomaden.com\/shop\/wp-content\/uploads\/2024\/01\/Dachzeltnomaden_Shop_Dachzelt_kaufen_Topcamp_Viereck_hartschale_offen_90.webp",600,419,false],"large":["https:\/\/dachzeltnomaden.com\/shop\/wp-content\/uploads\/2024\/01\/Dachzeltnomaden_Shop_Dachzelt_kaufen_Topcamp_Viereck_hartschale_offen_90.webp",600,419,false],"1536x1536":["https:\/\/dachzeltnomaden.com\/shop\/wp-content\/uploads\/2024\/01\/Dachzeltnomaden_Shop_Dachzelt_kaufen_Topcamp_Viereck_hartschale_offen_90.webp",600,419,false],"2048x2048":["https:\/\/dachzeltnomaden.com\/shop\/wp-content\/uploads\/2024\/01\/Dachzeltnomaden_Shop_Dachzelt_kaufen_Topcamp_Viereck_hartschale_offen_90.webp",600,419,false],"woocommerce_thumbnail":["https:\/\/dachzeltnomaden.com\/shop\/wp-content\/uploads\/2024\/01\/Dachzeltnomaden_Shop_Dachzelt_kaufen_Topcamp_Viereck_hartschale_offen_90.webp",600,419,false],"woocommerce_single":["https:\/\/dachzeltnomaden.com\/shop\/wp-content\/uploads\/2024\/01\/Dachzeltnomaden_Shop_Dachzelt_kaufen_Topcamp_Viereck_hartschale_offen_90.webp",600,419,false],"woocommerce_gallery_thumbnail":["https:\/\/dachzeltnomaden.com\/shop\/wp-content\/uploads\/2024\/01\/Dachzeltnomaden_Shop_Dachzelt_kaufen_Topcamp_Viereck_hartschale_offen_90-100x100.webp",100,100,true]},"uagb_author_info":{"display_name":"Jasmine","author_link":"https:\/\/dachzeltnomaden.com\/shop\/author\/"},"uagb_comment_info":0,"uagb_excerpt":"WERBUNG Du suchst ein Dachzelt der Marke TopCamp? Dann bist du hier genau richtig! TopCamp Dachzelte gibt es in folgenden [&hellip;]","_links":{"self":[{"href":"https:\/\/dachzeltnomaden.com\/shop\/wp-json\/wp\/v2\/product\/600","targetHints":{"allow":["GET"]}}],"collection":[{"href":"https:\/\/dachzeltnomaden.com\/shop\/wp-json\/wp\/v2\/product"}],"about":[{"href":"https:\/\/dachzeltnomaden.com\/shop\/wp-json\/wp\/v2\/types\/product"}],"wp:featuredmedia":[{"embeddable":true,"href":"https:\/\/dachzeltnomaden.com\/shop\/wp-json\/wp\/v2\/media\/130230"}],"wp:attachment":[{"href":"https:\/\/dachzeltnomaden.com\/shop\/wp-json\/wp\/v2\/media?parent=600"}],"wp:term":[{"taxonomy":"product_brand","embeddable":true,"href":"https:\/\/dachzeltnomaden.com\/shop\/wp-json\/wp\/v2\/product_brand?post=600"},{"taxonomy":"product_cat","embeddable":true,"href":"https:\/\/dachzeltnomaden.com\/shop\/wp-json\/wp\/v2\/product_cat?post=600"},{"taxonomy":"product_tag","embeddable":true,"href":"https:\/\/dachzeltnomaden.com\/shop\/wp-json\/wp\/v2\/product_tag?post=600"}],"curies":[{"name":"wp","href":"https:\/\/api.w.org\/{rel}","templated":true}]}}