{"id":599,"date":"2024-01-12T13:17:39","date_gmt":"2024-01-12T12:17:39","guid":{"rendered":"https:\/\/shop.dachzeltnomaden.com\/?post_type=product&#038;p=599"},"modified":"2026-04-03T04:28:38","modified_gmt":"2026-04-03T02:28:38","slug":"oryx-solutions-dachzelte","status":"publish","type":"product","link":"https:\/\/dachzeltnomaden.com\/shop\/produkt\/oryx-solutions-dachzelte\/","title":{"rendered":"ORYX Solutions Dachzelte"},"content":{"rendered":"\n<p>WERBUNG<br><br>Du suchst ein Dachzelt der Marke ORYX Solutions? Dann bist du hier genau richtig! ORYX Solutions Dachzelte gibt es in folgenden Ausf\u00fchrungen:<\/p>\n\n\n\n<ul class=\"wp-block-list\">\n<li>Klappdachzelte, Hartschalen Dachzelte<\/li>\n\n\n\n<li>Vorzelt + Innenzelt + Zuladung &nbsp;m\u00f6glich<\/li>\n\n\n\n<li>Liegefl\u00e4che Breite: 120-220 cm<\/li>\n\n\n\n<li>Gewicht: ab 46 Kg<\/li>\n\n\n\n<li>Preis: ab 1.099 Euro<\/li>\n<\/ul>\n\n\n\n<p style=\"margin-top:30px\">*Die Links sind Affiliate Links. Wenn du dich f\u00fcr den Kauf eines Dachzeltes entscheidest, erhalten die Dachzeltnomaden eine Provision. Damit unterst\u00fctzt du uns &amp; unsere Arbeit. F\u00fcr dich kostet das Dachzelt deshalb nicht mehr.<br><br>Diese Dachzelt Modelle von ORYX Solutions sind aktuell zu haben:<\/p>\n\n\n\n<div class=\"wp-block-uagb-container uagb-block-4e207270 default uagb-is-root-container\">\n<div class=\"wp-block-uagb-container uagb-block-754c70c4\">\n<div class=\"wp-block-group is-layout-constrained wp-container-core-group-is-layout-bdcbbb17 wp-block-group-is-layout-constrained\">\n<div class=\"wp-block-uagb-advanced-heading uagb-block-66f0d31e\"><h2 class=\"uagb-heading-text\">Classic<\/h2><div class=\"uagb-separator\"><\/div><p class=\"uagb-desc-text\"><strong>1.099 \u20ac<\/strong><\/p><\/div>\n\n\n\n<div class=\"wp-block-uagb-image uagb-block-2bfd98ee wp-block-uagb-image--layout-default wp-block-uagb-image--effect-static wp-block-uagb-image--align-none\"><figure class=\"wp-block-uagb-image__figure\"><img decoding=\"async\" srcset=\"https:\/\/dachzeltnomaden.com\/shop\/wp-content\/uploads\/2024\/01\/dachzeltnomaden-oryx-solutions-dachzelte-classic-beige_600x600.webp ,https:\/\/dachzeltnomaden.com\/shop\/wp-content\/uploads\/2024\/01\/dachzeltnomaden-oryx-solutions-dachzelte-classic-beige_600x600.webp 780w, https:\/\/dachzeltnomaden.com\/shop\/wp-content\/uploads\/2024\/01\/dachzeltnomaden-oryx-solutions-dachzelte-classic-beige_600x600.webp 360w\" sizes=\"auto, (max-width: 480px) 150px\" src=\"https:\/\/dachzeltnomaden.com\/shop\/wp-content\/uploads\/2024\/01\/dachzeltnomaden-oryx-solutions-dachzelte-classic-beige_600x600.webp\" alt=\"klappdachzelt classic oryx solutions kaufen produktbild\" class=\"uag-image-131247\" width=\"1024\" height=\"250\" title=\"dachzeltnomaden-oryx-solutions-dachzelte-classic-beige_600x600\" loading=\"lazy\" role=\"img\"\/><\/figure><\/div>\n\n\n\n<p class=\"has-ast-global-color-2-color has-text-color has-link-color wp-elements-d498e29f7ba1edefa2c5a696d929f6b6\">1-2 Personen Dachzelt, kassisch, leicht, f\u00fcr Fahrzeuge ab 51 kg Dachlast<\/p>\n\n\n\n<hr class=\"wp-block-separator has-text-color has-ast-global-color-2-color has-alpha-channel-opacity has-ast-global-color-2-background-color has-background\"\/>\n\n\n\n<ul style=\"font-size:15px\" class=\"wp-block-list has-ast-global-color-2-color has-text-color has-link-color wp-elements-8981d4ccee8483db3930d54452877096\">\n<li>Farben: beige, gr\u00fcn und grau<\/li>\n\n\n\n<li>Ma\u00dfe geschlossen: 120 x 140 x 28 cm<\/li>\n\n\n\n<li>Ma\u00dfe ge\u00f6ffnet: 240 x 140 x 130 cm<\/li>\n\n\n\n<li>Ma\u00dfe Matratze: 220 x 135 x 6 cm<\/li>\n\n\n\n<li>Gewicht: 46 kg<\/li>\n<\/ul>\n<\/div>\n\n\n\n<div class=\"wp-block-uagb-buttons uagb-buttons__outer-wrap uagb-btn__default-btn uagb-btn-tablet__default-btn uagb-btn-mobile__default-btn uagb-block-c48bea8a\"><div class=\"uagb-buttons__wrap uagb-buttons-layout-wrap \">\n<div class=\"wp-block-uagb-buttons-child uagb-buttons__outer-wrap uagb-block-560a85a0 wp-block-button\"><div class=\"uagb-button__wrapper\"><a class=\"uagb-buttons-repeater wp-block-button__link\" aria-label=\"\" href=\"#\" rel=\"follow noopener\" target=\"_self\" role=\"button\"><div class=\"uagb-button__link\">Zum ORYX Solutions Classic<\/div><\/a><\/div><\/div>\n<\/div><\/div>\n<a class=\"spectra-container-link-overlay\" rel=\"noopener\" target=\"_blank\" href=\"https:\/\/www.oryxsolutions.de\/dachzelte-markisen\/dachzelte\/1055\/dachzelt-oryx-classic-beige-240x140x130cm?c=301?sPartner=dachzeltnomaden&amp;sub_id=shop_oryxsolutions_classic_bb_1\"> <\/a><\/div>\n\n\n\n<div class=\"wp-block-uagb-container uagb-block-751e462b\">\n<div class=\"wp-block-group is-layout-constrained wp-container-core-group-is-layout-bdcbbb17 wp-block-group-is-layout-constrained\">\n<div class=\"wp-block-uagb-advanced-heading uagb-block-a9630844\"><h2 class=\"uagb-heading-text\">Family<\/h2><div class=\"uagb-separator\"><\/div><p class=\"uagb-desc-text\"><strong>1.699 \u20ac<\/strong><\/p><\/div>\n\n\n\n<div class=\"wp-block-uagb-image uagb-block-f3e48046 wp-block-uagb-image--layout-default wp-block-uagb-image--effect-static wp-block-uagb-image--align-none\"><figure class=\"wp-block-uagb-image__figure\"><img decoding=\"async\" srcset=\"https:\/\/dachzeltnomaden.com\/shop\/wp-content\/uploads\/2024\/01\/dachzeltnomaden-oryx-solutions-dachzelte-classic-beige_600x400.webp ,https:\/\/dachzeltnomaden.com\/shop\/wp-content\/uploads\/2024\/01\/dachzeltnomaden-oryx-solutions-dachzelte-classic-beige_600x400.webp 780w, https:\/\/dachzeltnomaden.com\/shop\/wp-content\/uploads\/2024\/01\/dachzeltnomaden-oryx-solutions-dachzelte-classic-beige_600x400.webp 360w\" sizes=\"auto, (max-width: 480px) 150px\" src=\"https:\/\/dachzeltnomaden.com\/shop\/wp-content\/uploads\/2024\/01\/dachzeltnomaden-oryx-solutions-dachzelte-classic-beige_600x400.webp\" alt=\"klappdachzelt oryx solutions family inklusive Vorzelt kaufen Produktbild\" class=\"uag-image-131248\" width=\"1024\" height=\"250\" title=\"dachzeltnomaden-oryx-solutions-dachzelte-classic-beige_600x400\" loading=\"lazy\" role=\"img\"\/><\/figure><\/div>\n\n\n\n<p class=\"has-ast-global-color-2-color has-text-color has-link-color wp-elements-4fa80dda1b92408cac973504982370df\">3-4 Personen Dachzelt, inklusive Vorzelt, f\u00fcr Fahrzeuge ab 67 kg Dachlast<\/p>\n\n\n\n<hr class=\"wp-block-separator has-text-color has-ast-global-color-2-color has-alpha-channel-opacity has-ast-global-color-2-background-color has-background\"\/>\n\n\n\n<ul style=\"font-size:15px\" class=\"wp-block-list has-ast-global-color-2-color has-text-color has-link-color wp-elements-57a2d72d8228e7ff85f52a3539d49049\">\n<li>Farben: beige, gr\u00fcn und grau<\/li>\n\n\n\n<li>Ma\u00dfe geschlossen: 122 x 185 x 29 cm<\/li>\n\n\n\n<li>Ma\u00dfe ge\u00f6ffnet: 240 x 183 x 130 cm<\/li>\n\n\n\n<li>Ma\u00dfe Matratze: 220 x 180 x 6 cm<\/li>\n\n\n\n<li>Gewicht: 62 kg (exkl. Unterzelt)<\/li>\n<\/ul>\n<\/div>\n\n\n\n<div class=\"wp-block-uagb-buttons uagb-buttons__outer-wrap uagb-btn__default-btn uagb-btn-tablet__default-btn uagb-btn-mobile__default-btn uagb-block-e9253de5\"><div class=\"uagb-buttons__wrap uagb-buttons-layout-wrap \">\n<div class=\"wp-block-uagb-buttons-child uagb-buttons__outer-wrap uagb-block-7fedee46 wp-block-button\"><div class=\"uagb-button__wrapper\"><a class=\"uagb-buttons-repeater wp-block-button__link\" aria-label=\"\" href=\"#\" rel=\"follow noopener\" target=\"_self\" role=\"button\"><div class=\"uagb-button__link\">Zum ORYX Solutions Family<\/div><\/a><\/div><\/div>\n<\/div><\/div>\n<a class=\"spectra-container-link-overlay\" rel=\"noopener\" target=\"_blank\" href=\"https:\/\/www.oryxsolutions.de\/dachzelte-markisen\/dachzelte\/2879\/dachzelt-oryx-family-beige-320x183x130cm-inklusive-vorzelt?c=301?sPartner=dachzeltnomaden&amp;sub_id=shop_oryxsolutions_family_bb_1\"> <\/a><\/div>\n\n\n\n<div class=\"wp-block-uagb-container uagb-block-626bd2ce\">\n<div class=\"wp-block-group is-layout-constrained wp-container-core-group-is-layout-bdcbbb17 wp-block-group-is-layout-constrained\">\n<div class=\"wp-block-uagb-advanced-heading uagb-block-349e6c1b\"><h2 class=\"uagb-heading-text\">Overland<\/h2><div class=\"uagb-separator\"><\/div><p class=\"uagb-desc-text\"><strong>1.399 \u20ac<\/strong><\/p><\/div>\n\n\n\n<div class=\"wp-block-uagb-image uagb-block-9eb996f5 wp-block-uagb-image--layout-default wp-block-uagb-image--effect-static wp-block-uagb-image--align-none\"><figure class=\"wp-block-uagb-image__figure\"><img decoding=\"async\" srcset=\"https:\/\/dachzeltnomaden.com\/shop\/wp-content\/uploads\/2024\/01\/dachzeltnomaden-oryx-solutions-dachzelte-overland-beige-new_600x600.webp ,https:\/\/dachzeltnomaden.com\/shop\/wp-content\/uploads\/2024\/01\/dachzeltnomaden-oryx-solutions-dachzelte-overland-beige-new_600x600.webp 780w, https:\/\/dachzeltnomaden.com\/shop\/wp-content\/uploads\/2024\/01\/dachzeltnomaden-oryx-solutions-dachzelte-overland-beige-new_600x600.webp 360w\" sizes=\"auto, (max-width: 480px) 150px\" src=\"https:\/\/dachzeltnomaden.com\/shop\/wp-content\/uploads\/2024\/01\/dachzeltnomaden-oryx-solutions-dachzelte-overland-beige-new_600x600.webp\" alt=\"klappdachzelt oryx solutions overland inklusive vorzelt kaufen produktbild\" class=\"uag-image-131249\" width=\"1024\" height=\"250\" title=\"dachzeltnomaden-oryx-solutions-dachzelte-overland-beige-new_600x600\" loading=\"lazy\" role=\"img\"\/><\/figure><\/div>\n\n\n\n<p class=\"has-ast-global-color-2-color has-text-color has-link-color wp-elements-8e6f6b8f15739c1aba7fdb68164c6f12\">1-2 Personen Dachzelt, inklusive Vorzelt, <br>f\u00fcr Fahrzeuge ab 63 kg Dachlast<\/p>\n\n\n\n<hr class=\"wp-block-separator has-text-color has-ast-global-color-2-color has-alpha-channel-opacity has-ast-global-color-2-background-color has-background\"\/>\n\n\n\n<ul style=\"font-size:15px\" class=\"wp-block-list has-ast-global-color-2-color has-text-color has-link-color wp-elements-7fb05accb37e334c27ab628d1b7be0d2\">\n<li>Farben: beige, gr\u00fcn und grau<\/li>\n\n\n\n<li>Ma\u00dfe geschlossen: 120 x 140 x 28 cm<\/li>\n\n\n\n<li>Ma\u00dfe ge\u00f6ffnet: 240 x 140 x 130 cm<\/li>\n\n\n\n<li>Ma\u00dfe Matratze: 220 x 135 x 6 cm<\/li>\n\n\n\n<li>Gewicht: 58 kg<\/li>\n<\/ul>\n<\/div>\n\n\n\n<div class=\"wp-block-uagb-buttons uagb-buttons__outer-wrap uagb-btn__default-btn uagb-btn-tablet__default-btn uagb-btn-mobile__default-btn uagb-block-0cf5c1e7\"><div class=\"uagb-buttons__wrap uagb-buttons-layout-wrap \">\n<div class=\"wp-block-uagb-buttons-child uagb-buttons__outer-wrap uagb-block-3fa69e14 wp-block-button\"><div class=\"uagb-button__wrapper\"><a class=\"uagb-buttons-repeater wp-block-button__link\" aria-label=\"\" href=\"#\" rel=\"follow noopener\" target=\"_self\" role=\"button\"><div class=\"uagb-button__link\">Zum ORYX Solutions Overland<\/div><\/a><\/div><\/div>\n<\/div><\/div>\n<a class=\"spectra-container-link-overlay\" rel=\"noopener\" target=\"_blank\" href=\"https:\/\/www.oryxsolutions.de\/dachzelte-markisen\/dachzelte\/919\/dachzelt-oryx-overland-beige-320x140x130cm-inklusive-vorzelt?sPartner=dachzeltnomaden&amp;sub_id=shop_oryxsolutions_overland_bb_1\"> <\/a><\/div>\n<\/div>\n\n\n\n<div class=\"wp-block-uagb-container uagb-block-c547fa0b default uagb-is-root-container\">\n<div class=\"wp-block-uagb-container uagb-block-76e346a5\">\n<div class=\"wp-block-group is-layout-constrained wp-container-core-group-is-layout-bdcbbb17 wp-block-group-is-layout-constrained\">\n<div class=\"wp-block-uagb-advanced-heading uagb-block-ddad80c2\"><h2 class=\"uagb-heading-text\">Elephant<\/h2><div class=\"uagb-separator\"><\/div><p class=\"uagb-desc-text\"><strong>2.690 \u20ac<\/strong><\/p><\/div>\n\n\n\n<div class=\"wp-block-uagb-image uagb-block-c38690c9 wp-block-uagb-image--layout-default wp-block-uagb-image--effect-static wp-block-uagb-image--align-none\"><figure class=\"wp-block-uagb-image__figure\"><img decoding=\"async\" srcset=\"https:\/\/dachzeltnomaden.com\/shop\/wp-content\/uploads\/2024\/01\/Dachzeltnomaden-Dachzelt-ORYX_Solutions-Alu-Dachzelt_Elephant-1024x768_10.webp ,https:\/\/dachzeltnomaden.com\/shop\/wp-content\/uploads\/2024\/01\/Dachzeltnomaden-Dachzelt-ORYX_Solutions-Alu-Dachzelt_Elephant-1024x768_10.webp 780w, https:\/\/dachzeltnomaden.com\/shop\/wp-content\/uploads\/2024\/01\/Dachzeltnomaden-Dachzelt-ORYX_Solutions-Alu-Dachzelt_Elephant-1024x768_10.webp 360w\" sizes=\"auto, (max-width: 480px) 150px\" src=\"https:\/\/dachzeltnomaden.com\/shop\/wp-content\/uploads\/2024\/01\/Dachzeltnomaden-Dachzelt-ORYX_Solutions-Alu-Dachzelt_Elephant-1024x768_10.webp\" alt=\"dachzeltnomaden shop dachzelt kaufen Oryx Solutions Alu Hartschalen Dachzelt Elephant\" class=\"uag-image-130132\" width=\"1024\" height=\"250\" title=\"Dachzeltnomaden-Dachzelt-ORYX_Solutions-Alu-Dachzelt_Elephant-1024x768_10\" loading=\"lazy\" role=\"img\"\/><\/figure><\/div>\n\n\n\n<p class=\"has-ast-global-color-2-color has-text-color has-link-color wp-elements-8a65e28cca997b3117587c4bf3f9119a\">1-2 Personen Dachzelt, Alu-Hartschale, Zuladung bis 50 kg, flach, f\u00fcr Fahrzeuge ab 71 kg Dachlast<\/p>\n\n\n\n<hr class=\"wp-block-separator has-text-color has-ast-global-color-2-color has-alpha-channel-opacity has-ast-global-color-2-background-color has-background\"\/>\n\n\n\n<ul style=\"font-size:15px\" class=\"wp-block-list has-ast-global-color-2-color has-text-color has-link-color wp-elements-72e6d730775fe138bdb645d27a411c6b\">\n<li>Ma\u00dfe geschlossen: 215 x 140 x 17 cm<\/li>\n\n\n\n<li>Ma\u00dfe ge\u00f6ffnet: 215 x 140 x 128 cm<\/li>\n\n\n\n<li>Ma\u00dfe Matratze: 205 x 132 x 4 cm<\/li>\n\n\n\n<li>Gewicht: 66 kg<\/li>\n<\/ul>\n<\/div>\n\n\n\n<div class=\"wp-block-uagb-buttons uagb-buttons__outer-wrap uagb-btn__default-btn uagb-btn-tablet__default-btn uagb-btn-mobile__default-btn uagb-block-158ac044\"><div class=\"uagb-buttons__wrap uagb-buttons-layout-wrap \">\n<div class=\"wp-block-uagb-buttons-child uagb-buttons__outer-wrap uagb-block-f6a5814f wp-block-button\"><div class=\"uagb-button__wrapper\"><a class=\"uagb-buttons-repeater wp-block-button__link\" aria-label=\"\" href=\"#\" rel=\"follow noopener\" target=\"_self\" role=\"button\"><div class=\"uagb-button__link\">Zum ORYX Solutions Elephant<\/div><\/a><\/div><\/div>\n<\/div><\/div>\n<a class=\"spectra-container-link-overlay\" rel=\"noopener\" target=\"_blank\" href=\"https:\/\/www.oryxsolutions.de\/dachzelte-markisen\/dachzelte\/2862\/oryx-aluminium-hartschalen-dachzelt-elephant?sPartner=dachzeltnomaden&amp;sub_id=shop_oryxsolutions_elephant_bb_1\"> <\/a><\/div>\n\n\n\n<div class=\"wp-block-uagb-container uagb-block-4d664aba\">\n<div class=\"wp-block-group is-layout-constrained wp-container-core-group-is-layout-bdcbbb17 wp-block-group-is-layout-constrained\">\n<div class=\"wp-block-uagb-advanced-heading uagb-block-78d23789\"><h2 class=\"uagb-heading-text\">Chinchilla<\/h2><div class=\"uagb-separator\"><\/div><p class=\"uagb-desc-text\"><strong>2.290 \u20ac<\/strong><\/p><\/div>\n\n\n\n<div class=\"wp-block-uagb-image uagb-block-5f461128 wp-block-uagb-image--layout-default wp-block-uagb-image--effect-static wp-block-uagb-image--align-none\"><figure class=\"wp-block-uagb-image__figure\"><img decoding=\"async\" srcset=\"https:\/\/dachzeltnomaden.com\/shop\/wp-content\/uploads\/2024\/01\/dachzeltnomaden-oryx-solutions-dachzelte-chinchilla-Alu-hartschale-2personen.webp ,https:\/\/dachzeltnomaden.com\/shop\/wp-content\/uploads\/2024\/01\/dachzeltnomaden-oryx-solutions-dachzelte-chinchilla-Alu-hartschale-2personen.webp 780w, https:\/\/dachzeltnomaden.com\/shop\/wp-content\/uploads\/2024\/01\/dachzeltnomaden-oryx-solutions-dachzelte-chinchilla-Alu-hartschale-2personen.webp 360w\" sizes=\"auto, (max-width: 480px) 150px\" src=\"https:\/\/dachzeltnomaden.com\/shop\/wp-content\/uploads\/2024\/01\/dachzeltnomaden-oryx-solutions-dachzelte-chinchilla-Alu-hartschale-2personen.webp\" alt=\"Alu Hartschalen Dachzelt Chinchilla Oryx Solutions kaufen Produktbild\" class=\"uag-image-131250\" width=\"1024\" height=\"250\" title=\"dachzeltnomaden-oryx-solutions-dachzelte-chinchilla-Alu-hartschale-2personen\" loading=\"lazy\" role=\"img\"\/><\/figure><\/div>\n\n\n\n<p class=\"has-ast-global-color-2-color has-text-color has-link-color wp-elements-cfd09f31421dcc82fdc66ae338348f39\">1 Personen Dachzelt, Alu-Hartschale, Zuladung bis 50 kg, flach f\u00fcr Fahrzeuge ab 83 kg Dachlast<\/p>\n\n\n\n<hr class=\"wp-block-separator has-text-color has-ast-global-color-2-color has-alpha-channel-opacity has-ast-global-color-2-background-color has-background\"\/>\n\n\n\n<ul style=\"font-size:15px\" class=\"wp-block-list has-ast-global-color-2-color has-text-color has-link-color wp-elements-24c4f61e26869b44a27f36c7fb413f43\">\n<li>Ma\u00dfe geschlossen: 212 x 130 x 19 cm<\/li>\n\n\n\n<li>Ma\u00dfe ge\u00f6ffnet: 212 x 130 x 155 cm<\/li>\n\n\n\n<li>Ma\u00dfe Matratze: 200 x 120 cm<\/li>\n\n\n\n<li>Gewicht: 78 kg (exkl. Leiter)<\/li>\n<\/ul>\n<\/div>\n\n\n\n<div class=\"wp-block-uagb-buttons uagb-buttons__outer-wrap uagb-btn__default-btn uagb-btn-tablet__default-btn uagb-btn-mobile__default-btn uagb-block-4a7e4efa\"><div class=\"uagb-buttons__wrap uagb-buttons-layout-wrap \">\n<div class=\"wp-block-uagb-buttons-child uagb-buttons__outer-wrap uagb-block-ba5503c6 wp-block-button\"><div class=\"uagb-button__wrapper\"><a class=\"uagb-buttons-repeater wp-block-button__link\" aria-label=\"\" href=\"#\" rel=\"follow noopener\" target=\"_self\" role=\"button\"><div class=\"uagb-button__link\">Zum ORYX Solutions Chinchilla<\/div><\/a><\/div><\/div>\n<\/div><\/div>\n<a class=\"spectra-container-link-overlay\" rel=\"noopener\" target=\"_blank\" href=\"https:\/\/www.oryxsolutions.de\/dachzelte-markisen\/dachzelte\/4013\/oryx-aluminium-hartschalen-dachzelt-chinchilla?sPartner=dachzeltnomaden&amp;sub_id=shop_oryxsolutions_chinchilla_bb_1\"> <\/a><\/div>\n\n\n\n<div class=\"wp-block-uagb-container uag-hide-mob uagb-block-50ed6f9f\"><a class=\"spectra-container-link-overlay\" rel=\"noopener\"> <\/a><\/div>\n<\/div>\n\n\n\n<div class=\"wp-block-uagb-buttons uagb-buttons__outer-wrap uagb-btn__default-btn uagb-btn-tablet__default-btn uagb-btn-mobile__default-btn uagb-block-858a8c1b\"><div class=\"uagb-buttons__wrap uagb-buttons-layout-wrap \">\n<div class=\"wp-block-uagb-buttons-child uagb-buttons__outer-wrap uagb-block-2b389987 wp-block-button\"><div class=\"uagb-button__wrapper\"><a class=\"uagb-buttons-repeater wp-block-button__link\" aria-label=\"\" href=\"https:\/\/www.oryxsolutions.de\/dachzelte-markisen\/dachzelte\/?sPartner=dachzeltnomaden\" rel=\"follow noopener\" target=\"_blank\" role=\"button\"><div class=\"uagb-button__link\">Hier gehts zu den Dachzelten von ORYX Solutions<\/div><\/a><\/div><\/div>\n<\/div><\/div>\n","protected":false},"excerpt":{"rendered":"<p>WERBUNG Du suchst ein Dachzelt der Marke ORYX Solutions? Dann bist du hier genau richtig! ORYX Solutions Dachzelte gibt es [&hellip;]<\/p>\n","protected":false},"featured_media":130128,"template":"","meta":{"_uag_custom_page_level_css":"","site-sidebar-layout":"default","site-content-layout":"","ast-site-content-layout":"default","site-content-style":"default","site-sidebar-style":"default","ast-global-header-display":"","ast-banner-title-visibility":"","ast-main-header-display":"","ast-hfb-above-header-display":"","ast-hfb-below-header-display":"","ast-hfb-mobile-header-display":"","site-post-title":"","ast-breadcrumbs-content":"","ast-featured-img":"","footer-sml-layout":"","ast-disable-related-posts":"","theme-transparent-header-meta":"default","adv-header-id-meta":"","stick-header-meta":"default","header-above-stick-meta":"","header-main-stick-meta":"","header-below-stick-meta":"","astra-migrate-meta-layouts":"set","ast-page-background-enabled":"default","ast-page-background-meta":{"desktop":{"background-color":"var(--ast-global-color-4)","background-image":"","background-repeat":"repeat","background-position":"center center","background-size":"auto","background-attachment":"scroll","background-type":"","background-media":"","overlay-type":"","overlay-color":"","overlay-opacity":"","overlay-gradient":""},"tablet":{"background-color":"","background-image":"","background-repeat":"repeat","background-position":"center center","background-size":"auto","background-attachment":"scroll","background-type":"","background-media":"","overlay-type":"","overlay-color":"","overlay-opacity":"","overlay-gradient":""},"mobile":{"background-color":"","background-image":"","background-repeat":"repeat","background-position":"center center","background-size":"auto","background-attachment":"scroll","background-type":"","background-media":"","overlay-type":"","overlay-color":"","overlay-opacity":"","overlay-gradient":""}},"ast-content-background-meta":{"desktop":{"background-color":"var(--ast-global-color-5)","background-image":"","background-repeat":"repeat","background-position":"center center","background-size":"auto","background-attachment":"scroll","background-type":"","background-media":"","overlay-type":"","overlay-color":"","overlay-opacity":"","overlay-gradient":""},"tablet":{"background-color":"var(--ast-global-color-5)","background-image":"","background-repeat":"repeat","background-position":"center center","background-size":"auto","background-attachment":"scroll","background-type":"","background-media":"","overlay-type":"","overlay-color":"","overlay-opacity":"","overlay-gradient":""},"mobile":{"background-color":"var(--ast-global-color-5)","background-image":"","background-repeat":"repeat","background-position":"center center","background-size":"auto","background-attachment":"scroll","background-type":"","background-media":"","overlay-type":"","overlay-color":"","overlay-opacity":"","overlay-gradient":""}},"_themeisle_gutenberg_block_has_review":false},"product_brand":[],"product_cat":[108],"product_tag":[],"class_list":{"0":"post-599","1":"product","2":"type-product","3":"status-publish","4":"has-post-thumbnail","6":"product_cat-dachzelte","7":"desktop-align-left","8":"tablet-align-left","9":"mobile-align-left","10":"ast-product-gallery-layout-vertical-slider","11":"ast-product-tabs-layout-horizontal","13":"first","14":"instock","15":"purchasable","16":"product-type-external"},"exclude_global_add_ons":[],"addons":[],"uagb_featured_image_src":{"full":["https:\/\/dachzeltnomaden.com\/shop\/wp-content\/uploads\/2024\/01\/dachzeltnomaden_Shop_Oryx-Solutions-Klappdachzelt_Family_1024_20.webp",1024,768,false],"thumbnail":["https:\/\/dachzeltnomaden.com\/shop\/wp-content\/uploads\/2024\/01\/dachzeltnomaden_Shop_Oryx-Solutions-Klappdachzelt_Family_1024_20.webp",600,450,false],"medium":["https:\/\/dachzeltnomaden.com\/shop\/wp-content\/uploads\/2024\/01\/dachzeltnomaden_Shop_Oryx-Solutions-Klappdachzelt_Family_1024_20-300x225.webp",300,225,true],"medium_large":["https:\/\/dachzeltnomaden.com\/shop\/wp-content\/uploads\/2024\/01\/dachzeltnomaden_Shop_Oryx-Solutions-Klappdachzelt_Family_1024_20-768x576.webp",768,576,true],"large":["https:\/\/dachzeltnomaden.com\/shop\/wp-content\/uploads\/2024\/01\/dachzeltnomaden_Shop_Oryx-Solutions-Klappdachzelt_Family_1024_20.webp",683,512,false],"1536x1536":["https:\/\/dachzeltnomaden.com\/shop\/wp-content\/uploads\/2024\/01\/dachzeltnomaden_Shop_Oryx-Solutions-Klappdachzelt_Family_1024_20.webp",1024,768,false],"2048x2048":["https:\/\/dachzeltnomaden.com\/shop\/wp-content\/uploads\/2024\/01\/dachzeltnomaden_Shop_Oryx-Solutions-Klappdachzelt_Family_1024_20.webp",1024,768,false],"woocommerce_thumbnail":["https:\/\/dachzeltnomaden.com\/shop\/wp-content\/uploads\/2024\/01\/dachzeltnomaden_Shop_Oryx-Solutions-Klappdachzelt_Family_1024_20-600x600.webp",600,600,true],"woocommerce_single":["https:\/\/dachzeltnomaden.com\/shop\/wp-content\/uploads\/2024\/01\/dachzeltnomaden_Shop_Oryx-Solutions-Klappdachzelt_Family_1024_20.webp",1024,768,false],"woocommerce_gallery_thumbnail":["https:\/\/dachzeltnomaden.com\/shop\/wp-content\/uploads\/2024\/01\/dachzeltnomaden_Shop_Oryx-Solutions-Klappdachzelt_Family_1024_20-100x100.webp",100,100,true]},"uagb_author_info":{"display_name":"Jasmine","author_link":"https:\/\/dachzeltnomaden.com\/shop\/author\/"},"uagb_comment_info":0,"uagb_excerpt":"WERBUNG Du suchst ein Dachzelt der Marke ORYX Solutions? Dann bist du hier genau richtig! ORYX Solutions Dachzelte gibt es [&hellip;]","_links":{"self":[{"href":"https:\/\/dachzeltnomaden.com\/shop\/wp-json\/wp\/v2\/product\/599","targetHints":{"allow":["GET"]}}],"collection":[{"href":"https:\/\/dachzeltnomaden.com\/shop\/wp-json\/wp\/v2\/product"}],"about":[{"href":"https:\/\/dachzeltnomaden.com\/shop\/wp-json\/wp\/v2\/types\/product"}],"wp:featuredmedia":[{"embeddable":true,"href":"https:\/\/dachzeltnomaden.com\/shop\/wp-json\/wp\/v2\/media\/130128"}],"wp:attachment":[{"href":"https:\/\/dachzeltnomaden.com\/shop\/wp-json\/wp\/v2\/media?parent=599"}],"wp:term":[{"taxonomy":"product_brand","embeddable":true,"href":"https:\/\/dachzeltnomaden.com\/shop\/wp-json\/wp\/v2\/product_brand?post=599"},{"taxonomy":"product_cat","embeddable":true,"href":"https:\/\/dachzeltnomaden.com\/shop\/wp-json\/wp\/v2\/product_cat?post=599"},{"taxonomy":"product_tag","embeddable":true,"href":"https:\/\/dachzeltnomaden.com\/shop\/wp-json\/wp\/v2\/product_tag?post=599"}],"curies":[{"name":"wp","href":"https:\/\/api.w.org\/{rel}","templated":true}]}}