{"id":439,"date":"2024-01-12T12:08:03","date_gmt":"2024-01-12T11:08:03","guid":{"rendered":"https:\/\/shop.dachzeltnomaden.com\/?post_type=product&#038;p=439"},"modified":"2025-12-30T06:38:45","modified_gmt":"2025-12-30T05:38:45","slug":"dachzelt-dorf-amrum-gordigear-daintree-pro","status":"publish","type":"product","link":"https:\/\/dachzeltnomaden.com\/shop\/produkt\/dachzelt-dorf-amrum-gordigear-daintree-pro\/","title":{"rendered":"DACHZELT DORF Amrum &#8211; Gordigear Daintree PRO 180"},"content":{"rendered":"\n<div class=\"wp-block-uagb-advanced-heading uagb-block-a1a7c15c\"><h2 class=\"uagb-heading-text\"><strong>Sichere dir jetzt dein gebrauchtes Daintree PRO mit 45% Rabatt!<\/strong><\/h2><\/div>\n\n\n\n<p><strong>Hol dir das Gordigear Daintree PRO 180 Dachzelt direkt bei uns \u2013 getestet, gepflegt und bereit f\u00fcr dein n\u00e4chstes Abenteuer!<\/strong><\/p>\n\n\n\n<p>Das Dachzelt ist im April 2025 fabrikneu im <strong><a href=\"https:\/\/dachzelt-dorf.com\/amrum\/\" data-type=\"link\" data-id=\"https:\/\/dachzelt-dorf.com\/amrum\/\" target=\"_blank\" rel=\"noopener\">DACHZELT DORF Amrum<\/a><\/strong> auf der Plattform <strong><a href=\"https:\/\/dachzelt-dorf.com\/accommodation\/leucht-mir-den-weg\/\" data-type=\"link\" data-id=\"https:\/\/dachzelt-dorf.com\/accommodation\/leucht-mir-den-weg\/\" target=\"_blank\" rel=\"noopener\">Leucht mir den Weg <\/a>eingezogen. <\/strong>Seither wird es dort von unseren G\u00e4sten Probe geschlafen und war bis zum Ende der Saison etwa 50 N\u00e4chte im Einsatz.&nbsp;<\/p>\n\n\n\n<p><strong>Besichtigen<\/strong><br>Du m\u00f6chtest das Zelt vor dem Kauf live sehen und anfassen? Kein Problem! Du kannst das Daintree PRO nach Absprache im DACHZELT DORF Amrum <strong>besichtigen<\/strong> und bei Gefallen direkt kaufen.<\/p>\n\n\n\n<div class=\"wp-block-uagb-container uag-hide-desktop uag-hide-tab uag-hide-mob uagb-block-6fbff4cc alignfull uagb-is-root-container\"><div class=\"uagb-container-inner-blocks-wrap\">\n<p><strong>Testen<\/strong><br>Du willst ausf\u00fchrlicher <strong>testen<\/strong>, ob das Gordigear Daintree PRO 180 das Dachzelt deiner Tr\u00e4ume ist? Dann komm zum Probeschlafen vorbei! <strong><a href=\"https:\/\/dachzelt-dorf.com\/amrum\/\" target=\"_blank\" rel=\"noopener\">Buche dir hier deine Testnacht im DACHZELT DORF Amrum<\/a><\/strong> und finde heraus, ob das Daintree PRO dein neues Zuhause auf dem Autodach wird.&nbsp;<\/p>\n\n\n\n<div class=\"wp-block-uagb-advanced-heading uagb-block-fe0d0cc0\"><h3 class=\"uagb-heading-text\"><strong>Testen lohnt sich doppelt: Deine \u00dcbernachtung wird zum <\/strong>zus\u00e4tzlichen<strong> Rabatt!<\/strong><\/h3><\/div>\n\n\n\n<p>Als Gast im DACHZELT DORF bekommst du beim Kauf dieses Dachzelts einen <strong>zus\u00e4tzlichen Rabatt von 100<\/strong>\u20ac auf den Kaufpreis!<br>Wie das genau funktioniert, erf\u00e4hrst du bei der <strong><a href=\"https:\/\/dachzelt-dorf.com\/\" target=\"_blank\" rel=\"noopener\">Buchung deines Aufenthalts<\/a><\/strong>.<\/p>\n<\/div><\/div>\n\n\n\n<hr class=\"wp-block-separator has-alpha-channel-opacity\"\/>\n\n\n\n<div class=\"wp-block-uagb-advanced-heading uagb-block-d5111666\"><h3 class=\"uagb-heading-text\"><strong>Kauf &amp; Abholung<\/strong><\/h3><\/div>\n\n\n\n<p>So kommst du an dein neues Dachzelt.&nbsp;<\/p>\n\n\n\n<ol class=\"wp-block-list\">\n<li>Nach deinem erfolgreichen Kauf melden wir uns bei dir und vereinbaren gemeinsam die Abholung deines Dachzeltes. Die Abholung ist nach Absprache ab sofort m\u00f6glich.&nbsp;<\/li>\n\n\n\n<li>Wir sorgen daf\u00fcr, dass das Dachzelt im DACHZELT DORF abholbereit zur Verf\u00fcgung steht.&nbsp;<\/li>\n\n\n\n<li>Du kommst am vereinbarten Abholtermin vorbei und montierst das Dachzelte auf dein Autodach.<\/li>\n\n\n\n<li>Du freust dich auf die Abenteuer mit deinem neuen Dachzelt.<\/li>\n<\/ol>\n\n\n\n<p><strong>Wichtig: Nur Selbstabholung m\u00f6glich. Kein Versand.<\/strong><\/p>\n\n\n\n<hr class=\"wp-block-separator has-alpha-channel-opacity\"\/>\n\n\n\n<div class=\"wp-block-uagb-advanced-heading uagb-block-60608f0e\"><h3 class=\"uagb-heading-text\"><strong>Details zum Gordigear Daintree PRO 180<\/strong><\/h3><\/div>\n\n\n\n<p><strong>Abmessungen:<\/strong><\/p>\n\n\n\n<ul class=\"wp-block-list\">\n<li><strong>Liegefl\u00e4che:<\/strong>&nbsp;230 x 180cm<\/li>\n\n\n\n<li><strong>Matratzendicke<\/strong>: 8 cm<\/li>\n\n\n\n<li><strong>Zeltau\u00dfenma\u00dfe ge\u00f6ffnet:&nbsp;<\/strong>320 x 184 x 130cm<\/li>\n\n\n\n<li><strong>Zeltma\u00dfe geschlossen:<\/strong>&nbsp;120 x 184 x 35cm<\/li>\n\n\n\n<li><strong>Gewicht :<\/strong>&nbsp;ca. 79,5 kg<\/li>\n<\/ul>\n\n\n\n<p><strong>Material:<\/strong><\/p>\n\n\n\n<ul class=\"wp-block-list\">\n<li><strong>Zeltstoff<\/strong>: 320 gr\/m\u00b2 Ripstop Polyester-Baumwollmischung; wasserdicht, Polyurethan impr\u00e4gniert und UV best\u00e4ndig<\/li>\n\n\n\n<li><strong>Regenh\u00fclle<\/strong>: 150 g\/m\u00b2 leichtgewichtiges, wasserdichtes 600D Oxford \u00dcberzelt<\/li>\n\n\n\n<li><strong>Farbe Zeltstoff<\/strong>: steingrau<\/li>\n\n\n\n<li><strong>Farbe Regenh\u00fclle<\/strong>: grau<\/li>\n\n\n\n<li><strong>Rei\u00dfverschluss<\/strong>: Marken Outdoor-Reissverschl\u00fcsse von SBS \/ YKK<\/li>\n\n\n\n<li><strong>Boden<\/strong>: Aluminium Honeycomb<\/li>\n\n\n\n<li><strong>Au\u00dfenh\u00fclle<\/strong>: strapazierf\u00e4hige Reiseabdeckung aus 1000D PVC mit Rei\u00dfverschluss und UV-best\u00e4ndigen Befestigungsriemen<\/li>\n<\/ul>\n\n\n\n<p><strong>Zustand:<\/strong> <\/p>\n\n\n\n<ul class=\"wp-block-list\">\n<li>Gebraucht, in sehr gutem Zustand und mit geringen Gebrauchsspuren<\/li>\n<\/ul>\n\n\n\n<hr class=\"wp-block-separator has-alpha-channel-opacity\"\/>\n\n\n\n<div class=\"wp-block-uagb-advanced-heading uagb-block-c0606b9c\"><h3 class=\"uagb-heading-text\"><strong>Hast du Fragen?<\/strong><\/h3><\/div>\n\n\n\n<p>Dann melde dich gern bei uns:<br>\ud83d\udcf1 WhatsApp: [ <a href=\"https:\/\/wa.me\/4915124118335\" data-type=\"link\" data-id=\"https:\/\/wa.me\/4915124118335\" target=\"_blank\" rel=\"noopener\">+49 1512 4118335<\/a> ]<br>\ud83d\udce7 E-Mail: [ <a href=\"mailto:mail@dachzelt-dorf.com\">mail@dachzelt-dorf.com<\/a> ]<br>Wir beraten dich gern beim Dachzeltkauf und antworten dir von <strong>Montag bis Freitag innerhalb von 24 Stunden<\/strong>.<\/p>\n\n\n\n<hr class=\"wp-block-separator has-alpha-channel-opacity\"\/>\n\n\n\n<div class=\"wp-block-uagb-advanced-heading uagb-block-65de7599\"><h3 class=\"uagb-heading-text\"><strong>Lieber neu &amp; geliefert?<\/strong><\/h3><\/div>\n\n\n\n<p>Du m\u00f6chtest das <strong>Gordigear Dachzelt lieber neu und direkt zu dir nach Hause<\/strong> geliefert bekommen?<\/p>\n\n\n\n<div class=\"wp-block-uagb-buttons uagb-buttons__outer-wrap uagb-btn__default-btn uagb-btn-tablet__default-btn uagb-btn-mobile__default-btn uagb-block-d2a277df\"><div class=\"uagb-buttons__wrap uagb-buttons-layout-wrap \">\n<div class=\"wp-block-uagb-buttons-child uagb-buttons__outer-wrap uagb-block-49629f86 wp-block-button\"><div class=\"uagb-button__wrapper\"><a class=\"uagb-buttons-repeater wp-block-button__link\" aria-label=\"\" href=\"https:\/\/dachzeltnomaden.com\/shop\/produkt\/gordigear-dachzelte\/\" rel=\"follow noopener\" target=\"_self\" role=\"button\"><div class=\"uagb-button__link\">Zum Daintree PRO &#8211; Hier entlang!<\/div><\/a><\/div><\/div>\n<\/div><\/div>\n\n\n\n<hr class=\"wp-block-separator has-alpha-channel-opacity\"\/>\n\n\n\n<div class=\"wp-block-uagb-advanced-heading uagb-block-d4664a29\"><h4 class=\"uagb-heading-text\"><strong>Gew\u00e4hrleistung &amp; Bedingungen<\/strong><\/h4><\/div>\n\n\n\n<ul class=\"wp-block-list\">\n<li>Die Kaufvereinbarung gilt unter dem Vorbehalt, dass sich das Dachzelt zum Zeitpunkt der \u00dcbergabe in einem <strong>gebrauchten, aber technisch einwandfreien Zustand<\/strong> befindet.<br><\/li>\n\n\n\n<li>12 Monate Gew\u00e4hrleistung gem\u00e4\u00df \u00a7\u00a7434ff. BGB<br><\/li>\n\n\n\n<li>Es gelten die allgemeinen <strong>Garantiebedingungen des Herstellers<\/strong>.<br><\/li>\n<\/ul>\n","protected":false},"excerpt":{"rendered":"<p>Sichere dir jetzt dein gebrauchtes Daintree PRO mit 45% Rabatt! Hol dir das Gordigear Daintree PRO 180 Dachzelt direkt bei [&hellip;]<\/p>\n","protected":false},"featured_media":132438,"template":"","meta":{"_uag_custom_page_level_css":"","site-sidebar-layout":"default","site-content-layout":"","ast-site-content-layout":"default","site-content-style":"default","site-sidebar-style":"default","ast-global-header-display":"","ast-banner-title-visibility":"","ast-main-header-display":"","ast-hfb-above-header-display":"","ast-hfb-below-header-display":"","ast-hfb-mobile-header-display":"","site-post-title":"","ast-breadcrumbs-content":"","ast-featured-img":"","footer-sml-layout":"","ast-disable-related-posts":"","theme-transparent-header-meta":"","adv-header-id-meta":"","stick-header-meta":"","header-above-stick-meta":"","header-main-stick-meta":"","header-below-stick-meta":"","astra-migrate-meta-layouts":"default","ast-page-background-enabled":"default","ast-page-background-meta":{"desktop":{"background-color":"var(--ast-global-color-4)","background-image":"","background-repeat":"repeat","background-position":"center center","background-size":"auto","background-attachment":"scroll","background-type":"","background-media":"","overlay-type":"","overlay-color":"","overlay-opacity":"","overlay-gradient":""},"tablet":{"background-color":"","background-image":"","background-repeat":"repeat","background-position":"center center","background-size":"auto","background-attachment":"scroll","background-type":"","background-media":"","overlay-type":"","overlay-color":"","overlay-opacity":"","overlay-gradient":""},"mobile":{"background-color":"","background-image":"","background-repeat":"repeat","background-position":"center center","background-size":"auto","background-attachment":"scroll","background-type":"","background-media":"","overlay-type":"","overlay-color":"","overlay-opacity":"","overlay-gradient":""}},"ast-content-background-meta":{"desktop":{"background-color":"var(--ast-global-color-5)","background-image":"","background-repeat":"repeat","background-position":"center center","background-size":"auto","background-attachment":"scroll","background-type":"","background-media":"","overlay-type":"","overlay-color":"","overlay-opacity":"","overlay-gradient":""},"tablet":{"background-color":"var(--ast-global-color-5)","background-image":"","background-repeat":"repeat","background-position":"center center","background-size":"auto","background-attachment":"scroll","background-type":"","background-media":"","overlay-type":"","overlay-color":"","overlay-opacity":"","overlay-gradient":""},"mobile":{"background-color":"var(--ast-global-color-5)","background-image":"","background-repeat":"repeat","background-position":"center center","background-size":"auto","background-attachment":"scroll","background-type":"","background-media":"","overlay-type":"","overlay-color":"","overlay-opacity":"","overlay-gradient":""}},"_themeisle_gutenberg_block_has_review":false},"product_brand":[],"product_cat":[118],"product_tag":[],"class_list":{"0":"post-439","1":"product","2":"type-product","3":"status-publish","4":"has-post-thumbnail","6":"product_cat-dachzelt-abverkauf","7":"product_shipping_class-abholung-im-dachzelt-dorf","8":"desktop-align-left","9":"tablet-align-left","10":"mobile-align-left","11":"ast-product-gallery-layout-vertical-slider","12":"ast-product-tabs-layout-horizontal","14":"first","15":"outofstock","16":"sale","17":"taxable","18":"shipping-taxable","19":"purchasable","20":"product-type-simple"},"exclude_global_add_ons":[],"addons":[],"uagb_featured_image_src":{"full":["https:\/\/dachzeltnomaden.com\/shop\/wp-content\/uploads\/2024\/01\/20250512-DACHZELT-DORF-Amrum-Leucht-mir-den-Weg-Thilo-Vogel-Gordigear-Dachzeltnomaden-576.webp",2048,1536,false],"thumbnail":["https:\/\/dachzeltnomaden.com\/shop\/wp-content\/uploads\/2024\/01\/20250512-DACHZELT-DORF-Amrum-Leucht-mir-den-Weg-Thilo-Vogel-Gordigear-Dachzeltnomaden-576-600x600.webp",600,600,true],"medium":["https:\/\/dachzeltnomaden.com\/shop\/wp-content\/uploads\/2024\/01\/20250512-DACHZELT-DORF-Amrum-Leucht-mir-den-Weg-Thilo-Vogel-Gordigear-Dachzeltnomaden-576-300x225.webp",300,225,true],"medium_large":["https:\/\/dachzeltnomaden.com\/shop\/wp-content\/uploads\/2024\/01\/20250512-DACHZELT-DORF-Amrum-Leucht-mir-den-Weg-Thilo-Vogel-Gordigear-Dachzeltnomaden-576-768x576.webp",768,576,true],"large":["https:\/\/dachzeltnomaden.com\/shop\/wp-content\/uploads\/2024\/01\/20250512-DACHZELT-DORF-Amrum-Leucht-mir-den-Weg-Thilo-Vogel-Gordigear-Dachzeltnomaden-576-683x512.webp",683,512,true],"1536x1536":["https:\/\/dachzeltnomaden.com\/shop\/wp-content\/uploads\/2024\/01\/20250512-DACHZELT-DORF-Amrum-Leucht-mir-den-Weg-Thilo-Vogel-Gordigear-Dachzeltnomaden-576-1536x1152.webp",1536,1152,true],"2048x2048":["https:\/\/dachzeltnomaden.com\/shop\/wp-content\/uploads\/2024\/01\/20250512-DACHZELT-DORF-Amrum-Leucht-mir-den-Weg-Thilo-Vogel-Gordigear-Dachzeltnomaden-576.webp",2048,1536,false],"woocommerce_thumbnail":["https:\/\/dachzeltnomaden.com\/shop\/wp-content\/uploads\/2024\/01\/20250512-DACHZELT-DORF-Amrum-Leucht-mir-den-Weg-Thilo-Vogel-Gordigear-Dachzeltnomaden-576-600x600.webp",600,600,true],"woocommerce_single":["https:\/\/dachzeltnomaden.com\/shop\/wp-content\/uploads\/2024\/01\/20250512-DACHZELT-DORF-Amrum-Leucht-mir-den-Weg-Thilo-Vogel-Gordigear-Dachzeltnomaden-576-1024x768.webp",1024,768,true],"woocommerce_gallery_thumbnail":["https:\/\/dachzeltnomaden.com\/shop\/wp-content\/uploads\/2024\/01\/20250512-DACHZELT-DORF-Amrum-Leucht-mir-den-Weg-Thilo-Vogel-Gordigear-Dachzeltnomaden-576-100x100.webp",100,100,true]},"uagb_author_info":{"display_name":"Jasmine","author_link":"https:\/\/dachzeltnomaden.com\/shop\/author\/"},"uagb_comment_info":0,"uagb_excerpt":"Sichere dir jetzt dein gebrauchtes Daintree PRO mit 45% Rabatt! Hol dir das Gordigear Daintree PRO 180 Dachzelt direkt bei [&hellip;]","_links":{"self":[{"href":"https:\/\/dachzeltnomaden.com\/shop\/wp-json\/wp\/v2\/product\/439","targetHints":{"allow":["GET"]}}],"collection":[{"href":"https:\/\/dachzeltnomaden.com\/shop\/wp-json\/wp\/v2\/product"}],"about":[{"href":"https:\/\/dachzeltnomaden.com\/shop\/wp-json\/wp\/v2\/types\/product"}],"wp:featuredmedia":[{"embeddable":true,"href":"https:\/\/dachzeltnomaden.com\/shop\/wp-json\/wp\/v2\/media\/132438"}],"wp:attachment":[{"href":"https:\/\/dachzeltnomaden.com\/shop\/wp-json\/wp\/v2\/media?parent=439"}],"wp:term":[{"taxonomy":"product_brand","embeddable":true,"href":"https:\/\/dachzeltnomaden.com\/shop\/wp-json\/wp\/v2\/product_brand?post=439"},{"taxonomy":"product_cat","embeddable":true,"href":"https:\/\/dachzeltnomaden.com\/shop\/wp-json\/wp\/v2\/product_cat?post=439"},{"taxonomy":"product_tag","embeddable":true,"href":"https:\/\/dachzeltnomaden.com\/shop\/wp-json\/wp\/v2\/product_tag?post=439"}],"curies":[{"name":"wp","href":"https:\/\/api.w.org\/{rel}","templated":true}]}}