{"id":425,"date":"2024-01-12T12:08:02","date_gmt":"2024-01-12T11:08:02","guid":{"rendered":"https:\/\/shop.dachzeltnomaden.com\/?post_type=product&#038;p=425"},"modified":"2026-04-11T06:37:55","modified_gmt":"2026-04-11T04:37:55","slug":"dachzeltnomaden-ausstellungsstueck-tillhall-short-sand","status":"publish","type":"product","link":"https:\/\/dachzeltnomaden.com\/shop\/produkt\/dachzeltnomaden-ausstellungsstueck-tillhall-short-sand\/","title":{"rendered":"Dachzeltnomaden Ausstellungsst\u00fcck &#8211; TILLH\u00c5LL SHORT Sand"},"content":{"rendered":"\n<p>Hol dir das TILLH\u00c5LL Short Dachzelt direkt bei uns!<\/p>\n\n\n\n<p>*** <strong>Wir schenken dir<\/strong> zu dem Ausstellungsst\u00fcck 2 Karten f\u00fcr ein DACHZELT EVENT deiner Wahl!*** <a href=\"https:\/\/tickets-dachzeltnomaden.com\" target=\"_blank\" rel=\"noopener\">Hier findest du die n\u00e4chsten DACHZELT EVENTS.&nbsp;<\/a><\/p>\n\n\n\n<p>Das TILLH\u00c5LL Short stand auf dem DACHZELT CAMP Bayern 2023 im DACHZELT DORF zur Ausstellung und ist somit noch wie neu! Es wurde noch keine Nacht darin geschlafen und wartet nur darauf von dir eingeweiht zu werden.<\/p>\n\n\n\n<p><strong>Details zum Dachzelt:<\/strong><\/p>\n\n\n\n<ul class=\"wp-block-list\">\n<li>Matratze: 140 x 240 x 6,3 cm ErgoCell- Schaumstoffmatratze<\/li>\n\n\n\n<li>Zelt-Stoff: 420D Ripstop-Polyester<\/li>\n\n\n\n<li>Rainfly: 420D Oxford-Polyester<\/li>\n\n\n\n<li>Abdeckung: 1200D Heavy-Duty PVC Abmessung<\/li>\n\n\n\n<li>Geschlossen: 142cm B x 120cm L x 40cm H<\/li>\n\n\n\n<li>Gewicht: 60 kg<\/li>\n<\/ul>\n\n\n\n<p>Du willst das <strong>Dachzelt<\/strong> <strong>besichtigen<\/strong>? Dann kannst du das Dachzelt in unserem Lager in 54578 Wiesbaum anschauen und bei Kauf auch direkt damit losziehen! Bitte stimme vorher unter <a href=\"mailto:mail@dachzeltnomaden.com\" target=\"_blank\" rel=\"noopener\">mail@dachzeltnomaden.com<\/a> einen Termin mit uns ab!&nbsp;<\/p>\n\n\n\n<p>Du willst das <strong>Dachzelt direkt kaufen<\/strong>? Dann einfach das Produkt in den Warenkorb legen und zahlen, danach melden wir uns bei dir bez\u00fcglich eines Abholtermins.\u00a0<\/p>\n\n\n\n<p>Du willst genau dieses <strong>TILLH\u00c5LL Short Dachzel<\/strong>t<strong>&nbsp;lieber neu kaufen und dir liefern lassen?<\/strong> <a href=\"https:\/\/dachzeltnomaden.com\/produkt\/tillhall-dachzelt\/\">Dann gehts f\u00fcr dich hier entlang.<\/a><\/p>\n\n\n\n<p>Du willst das <strong>Dachzelt<\/strong> in einem unserer DACHZELT D\u00d6RFER <strong>testen<\/strong>? <a href=\"https:\/\/dachzelt-dorf.com\/accommodation\/storchennest\/\" target=\"_blank\" rel=\"noopener\">Dann einmal hier entlang bitte!<\/a><\/p>\n\n\n\n<p><strong>Hast du Fragen?<\/strong> <br>Dann schreibe uns eine Nachricht auf WhatsApp (+49 1516 2475553) oder per Mail (mail@dachzeltnomaden.com). <br>Wir meden uns von Mo-Fr innerhalb von 24 Stunden zur\u00fcck!&nbsp;<\/p>\n","protected":false},"excerpt":{"rendered":"<p>Hol dir das TILLH\u00c5LL Short Dachzelt direkt bei uns! *** Wir schenken dir zu dem Ausstellungsst\u00fcck 2 Karten f\u00fcr ein [&hellip;]<\/p>\n","protected":false},"featured_media":130241,"template":"","meta":{"_uag_custom_page_level_css":"","site-sidebar-layout":"default","site-content-layout":"","ast-site-content-layout":"default","site-content-style":"default","site-sidebar-style":"default","ast-global-header-display":"","ast-banner-title-visibility":"","ast-main-header-display":"","ast-hfb-above-header-display":"","ast-hfb-below-header-display":"","ast-hfb-mobile-header-display":"","site-post-title":"","ast-breadcrumbs-content":"","ast-featured-img":"","footer-sml-layout":"","ast-disable-related-posts":"","theme-transparent-header-meta":"","adv-header-id-meta":"","stick-header-meta":"","header-above-stick-meta":"","header-main-stick-meta":"","header-below-stick-meta":"","astra-migrate-meta-layouts":"default","ast-page-background-enabled":"default","ast-page-background-meta":{"desktop":{"background-color":"var(--ast-global-color-4)","background-image":"","background-repeat":"repeat","background-position":"center center","background-size":"auto","background-attachment":"scroll","background-type":"","background-media":"","overlay-type":"","overlay-color":"","overlay-opacity":"","overlay-gradient":""},"tablet":{"background-color":"","background-image":"","background-repeat":"repeat","background-position":"center center","background-size":"auto","background-attachment":"scroll","background-type":"","background-media":"","overlay-type":"","overlay-color":"","overlay-opacity":"","overlay-gradient":""},"mobile":{"background-color":"","background-image":"","background-repeat":"repeat","background-position":"center center","background-size":"auto","background-attachment":"scroll","background-type":"","background-media":"","overlay-type":"","overlay-color":"","overlay-opacity":"","overlay-gradient":""}},"ast-content-background-meta":{"desktop":{"background-color":"var(--ast-global-color-5)","background-image":"","background-repeat":"repeat","background-position":"center center","background-size":"auto","background-attachment":"scroll","background-type":"","background-media":"","overlay-type":"","overlay-color":"","overlay-opacity":"","overlay-gradient":""},"tablet":{"background-color":"var(--ast-global-color-5)","background-image":"","background-repeat":"repeat","background-position":"center center","background-size":"auto","background-attachment":"scroll","background-type":"","background-media":"","overlay-type":"","overlay-color":"","overlay-opacity":"","overlay-gradient":""},"mobile":{"background-color":"var(--ast-global-color-5)","background-image":"","background-repeat":"repeat","background-position":"center center","background-size":"auto","background-attachment":"scroll","background-type":"","background-media":"","overlay-type":"","overlay-color":"","overlay-opacity":"","overlay-gradient":""}},"_themeisle_gutenberg_block_has_review":false},"product_brand":[],"product_cat":[100],"product_tag":[],"class_list":{"0":"post-425","1":"product","2":"type-product","3":"status-publish","4":"has-post-thumbnail","6":"product_cat-rabatte","7":"product_shipping_class-abholung-im-dachzelt-dorf","8":"desktop-align-left","9":"tablet-align-left","10":"mobile-align-left","11":"ast-product-gallery-layout-vertical-slider","12":"ast-product-tabs-layout-horizontal","14":"first","15":"outofstock","16":"sale","17":"taxable","18":"shipping-taxable","19":"purchasable","20":"product-type-simple"},"exclude_global_add_ons":[],"addons":[],"uagb_featured_image_src":{"full":["https:\/\/dachzeltnomaden.com\/shop\/wp-content\/uploads\/2024\/01\/Dachzeltnomaden_Dachzelt_Abverkauf_Ausstellungsstueck_Tillhall_Short_sand_sebastian-klein_0036-scaled-1_1024_10.webp",1024,1539,false],"thumbnail":["https:\/\/dachzeltnomaden.com\/shop\/wp-content\/uploads\/2024\/01\/Dachzeltnomaden_Dachzelt_Abverkauf_Ausstellungsstueck_Tillhall_Short_sand_sebastian-klein_0036-scaled-1_1024_10-1024x1024.webp",600,600,true],"medium":["https:\/\/dachzeltnomaden.com\/shop\/wp-content\/uploads\/2024\/01\/Dachzeltnomaden_Dachzelt_Abverkauf_Ausstellungsstueck_Tillhall_Short_sand_sebastian-klein_0036-scaled-1_1024_10-200x300.webp",200,300,true],"medium_large":["https:\/\/dachzeltnomaden.com\/shop\/wp-content\/uploads\/2024\/01\/Dachzeltnomaden_Dachzelt_Abverkauf_Ausstellungsstueck_Tillhall_Short_sand_sebastian-klein_0036-scaled-1_1024_10-768x1154.webp",768,1154,true],"large":["https:\/\/dachzeltnomaden.com\/shop\/wp-content\/uploads\/2024\/01\/Dachzeltnomaden_Dachzelt_Abverkauf_Ausstellungsstueck_Tillhall_Short_sand_sebastian-klein_0036-scaled-1_1024_10-681x1024.webp",341,512,true],"1536x1536":["https:\/\/dachzeltnomaden.com\/shop\/wp-content\/uploads\/2024\/01\/Dachzeltnomaden_Dachzelt_Abverkauf_Ausstellungsstueck_Tillhall_Short_sand_sebastian-klein_0036-scaled-1_1024_10-1022x1536.webp",1022,1536,true],"2048x2048":["https:\/\/dachzeltnomaden.com\/shop\/wp-content\/uploads\/2024\/01\/Dachzeltnomaden_Dachzelt_Abverkauf_Ausstellungsstueck_Tillhall_Short_sand_sebastian-klein_0036-scaled-1_1024_10.webp",1024,1539,false],"woocommerce_thumbnail":["https:\/\/dachzeltnomaden.com\/shop\/wp-content\/uploads\/2024\/01\/Dachzeltnomaden_Dachzelt_Abverkauf_Ausstellungsstueck_Tillhall_Short_sand_sebastian-klein_0036-scaled-1_1024_10-600x600.webp",600,600,true],"woocommerce_single":["https:\/\/dachzeltnomaden.com\/shop\/wp-content\/uploads\/2024\/01\/Dachzeltnomaden_Dachzelt_Abverkauf_Ausstellungsstueck_Tillhall_Short_sand_sebastian-klein_0036-scaled-1_1024_10.webp",1024,1539,false],"woocommerce_gallery_thumbnail":["https:\/\/dachzeltnomaden.com\/shop\/wp-content\/uploads\/2024\/01\/Dachzeltnomaden_Dachzelt_Abverkauf_Ausstellungsstueck_Tillhall_Short_sand_sebastian-klein_0036-scaled-1_1024_10-100x100.webp",100,100,true]},"uagb_author_info":{"display_name":"Jasmine","author_link":"https:\/\/dachzeltnomaden.com\/shop\/author\/"},"uagb_comment_info":0,"uagb_excerpt":"Hol dir das TILLH\u00c5LL Short Dachzelt direkt bei uns! *** Wir schenken dir zu dem Ausstellungsst\u00fcck 2 Karten f\u00fcr ein [&hellip;]","_links":{"self":[{"href":"https:\/\/dachzeltnomaden.com\/shop\/wp-json\/wp\/v2\/product\/425","targetHints":{"allow":["GET"]}}],"collection":[{"href":"https:\/\/dachzeltnomaden.com\/shop\/wp-json\/wp\/v2\/product"}],"about":[{"href":"https:\/\/dachzeltnomaden.com\/shop\/wp-json\/wp\/v2\/types\/product"}],"wp:featuredmedia":[{"embeddable":true,"href":"https:\/\/dachzeltnomaden.com\/shop\/wp-json\/wp\/v2\/media\/130241"}],"wp:attachment":[{"href":"https:\/\/dachzeltnomaden.com\/shop\/wp-json\/wp\/v2\/media?parent=425"}],"wp:term":[{"taxonomy":"product_brand","embeddable":true,"href":"https:\/\/dachzeltnomaden.com\/shop\/wp-json\/wp\/v2\/product_brand?post=425"},{"taxonomy":"product_cat","embeddable":true,"href":"https:\/\/dachzeltnomaden.com\/shop\/wp-json\/wp\/v2\/product_cat?post=425"},{"taxonomy":"product_tag","embeddable":true,"href":"https:\/\/dachzeltnomaden.com\/shop\/wp-json\/wp\/v2\/product_tag?post=425"}],"curies":[{"name":"wp","href":"https:\/\/api.w.org\/{rel}","templated":true}]}}