{"id":40,"date":"2024-01-11T10:56:00","date_gmt":"2024-01-11T09:56:00","guid":{"rendered":"https:\/\/shop.dachzeltnomaden.com\/?post_type=product&#038;p=40"},"modified":"2026-04-07T09:27:50","modified_gmt":"2026-04-07T07:27:50","slug":"dachzelt-festival-label-2026","status":"publish","type":"product","link":"https:\/\/dachzeltnomaden.com\/shop\/produkt\/dachzelt-festival-label-2026\/","title":{"rendered":"DACHZELT FESTIVAL Label 2026"},"content":{"rendered":"\n<div class=\"wp-block-uagb-container uagb-block-b46be598 alignfull uagb-is-root-container\"><div class=\"uagb-container-inner-blocks-wrap\">\n<div class=\"wp-block-uagb-container uagb-block-b496f413\">\n<p class=\"has-ast-global-color-5-background-color has-background\" style=\"border-top-left-radius:7px;border-top-right-radius:7px;border-bottom-left-radius:7px;border-bottom-right-radius:7px\">Nach dem mega Ansturm ist unsere gratis Versand Aktion leider beendet \u2013 ab jetzt kannst du dir den offiziellen Festival-Sticker 2026 regul\u00e4r mit Versandkosten bis zum 6.4. sichern und weiterhin am Shirt-Gewinnspiel teilnehmen!<\/p>\n<\/div>\n\n\n\n<div class=\"wp-block-uagb-container uagb-block-92d3a798\">\n<p>Oh wir schwelgen schon in Vorfreude auf das DACHZELT FESTIVAL 2026.<br><br>Du hast dir schon <strong><a href=\"https:\/\/dachzeltnomaden.com\/dachzelt-festival-2026\/\">Tickets<\/a><\/strong> f\u00fcr das gr\u00f6\u00dfte Dachzelt Event 2026 gesichert? Hier bekommst du ab sofort das beliebte <strong>DACHZELT FESTIVAL Label 2026 <\/strong>f\u00fcr die Heckscheibe deines Lieblingsreisemobils!<br><br>Das DACHZELT FESTIVAL Label 2026 ist ca. <strong>25 x 90 cm<\/strong> gro\u00df und in der Farbe <strong>wei\u00df<\/strong> erh\u00e4ltlich.<\/p>\n\n\n\n<p>Du hast schon ein DACHZELT FESTIVAL Label auf deiner Heckscheibe? Daf\u00fcr haben wir das <strong>Austauschset<\/strong> mit <strong>neuem Datum<\/strong> und <strong>neuer Jahreszahl <\/strong>f\u00fcr dich geschaffen. Weniger Arbeit, weniger M\u00fcll, mehr Vorfreude!<br><br>Dieses tolle Label m\u00f6chten wir dir gern schenken, denn geteilte Freude ist die beste Freude! Du bezahlst lediglich die Versandkosten.<\/p>\n<\/div>\n<\/div><\/div>\n\n\n\n<p><\/p>\n","protected":false},"excerpt":{"rendered":"<p>Nach dem mega Ansturm ist unsere gratis Versand Aktion leider beendet \u2013 ab jetzt kannst du dir den offiziellen Festival-Sticker [&hellip;]<\/p>\n","protected":false},"featured_media":132133,"template":"","meta":{"_uag_custom_page_level_css":"","site-sidebar-layout":"default","site-content-layout":"","ast-site-content-layout":"","site-content-style":"default","site-sidebar-style":"default","ast-global-header-display":"","ast-banner-title-visibility":"","ast-main-header-display":"","ast-hfb-above-header-display":"","ast-hfb-below-header-display":"","ast-hfb-mobile-header-display":"","site-post-title":"","ast-breadcrumbs-content":"","ast-featured-img":"","footer-sml-layout":"","ast-disable-related-posts":"","theme-transparent-header-meta":"","adv-header-id-meta":"","stick-header-meta":"","header-above-stick-meta":"","header-main-stick-meta":"","header-below-stick-meta":"","astra-migrate-meta-layouts":"default","ast-page-background-enabled":"default","ast-page-background-meta":{"desktop":{"background-color":"var(--ast-global-color-4)","background-image":"","background-repeat":"repeat","background-position":"center center","background-size":"auto","background-attachment":"scroll","background-type":"","background-media":"","overlay-type":"","overlay-color":"","overlay-opacity":"","overlay-gradient":""},"tablet":{"background-color":"","background-image":"","background-repeat":"repeat","background-position":"center center","background-size":"auto","background-attachment":"scroll","background-type":"","background-media":"","overlay-type":"","overlay-color":"","overlay-opacity":"","overlay-gradient":""},"mobile":{"background-color":"","background-image":"","background-repeat":"repeat","background-position":"center center","background-size":"auto","background-attachment":"scroll","background-type":"","background-media":"","overlay-type":"","overlay-color":"","overlay-opacity":"","overlay-gradient":""}},"ast-content-background-meta":{"desktop":{"background-color":"var(--ast-global-color-5)","background-image":"","background-repeat":"repeat","background-position":"center center","background-size":"auto","background-attachment":"scroll","background-type":"","background-media":"","overlay-type":"","overlay-color":"","overlay-opacity":"","overlay-gradient":""},"tablet":{"background-color":"var(--ast-global-color-5)","background-image":"","background-repeat":"repeat","background-position":"center center","background-size":"auto","background-attachment":"scroll","background-type":"","background-media":"","overlay-type":"","overlay-color":"","overlay-opacity":"","overlay-gradient":""},"mobile":{"background-color":"var(--ast-global-color-5)","background-image":"","background-repeat":"repeat","background-position":"center center","background-size":"auto","background-attachment":"scroll","background-type":"","background-media":"","overlay-type":"","overlay-color":"","overlay-opacity":"","overlay-gradient":""}},"_themeisle_gutenberg_block_has_review":false},"product_brand":[],"product_cat":[18],"product_tag":[],"class_list":{"0":"post-40","1":"product","2":"type-product","3":"status-publish","4":"has-post-thumbnail","6":"product_cat-dzn-merch","7":"product_shipping_class-grossbrief","8":"desktop-align-left","9":"tablet-align-left","10":"mobile-align-left","11":"ast-product-gallery-layout-vertical-slider","12":"ast-product-single-variable","13":"ast-product-tabs-layout-horizontal","15":"first","16":"outofstock","17":"taxable","18":"shipping-taxable","19":"purchasable","20":"product-type-variable"},"exclude_global_add_ons":[],"addons":[],"uagb_featured_image_src":{"full":["https:\/\/dachzeltnomaden.com\/shop\/wp-content\/uploads\/2024\/01\/dachzelt-festival-2025-heckscheibe-label-scaled.jpeg",2560,1920,false],"thumbnail":["https:\/\/dachzeltnomaden.com\/shop\/wp-content\/uploads\/2024\/01\/dachzelt-festival-2025-heckscheibe-label-600x600.jpeg",600,600,true],"medium":["https:\/\/dachzeltnomaden.com\/shop\/wp-content\/uploads\/2024\/01\/dachzelt-festival-2025-heckscheibe-label-300x225.jpeg",300,225,true],"medium_large":["https:\/\/dachzeltnomaden.com\/shop\/wp-content\/uploads\/2024\/01\/dachzelt-festival-2025-heckscheibe-label-768x576.jpeg",768,576,true],"large":["https:\/\/dachzeltnomaden.com\/shop\/wp-content\/uploads\/2024\/01\/dachzelt-festival-2025-heckscheibe-label-1024x768.jpeg",683,512,true],"1536x1536":["https:\/\/dachzeltnomaden.com\/shop\/wp-content\/uploads\/2024\/01\/dachzelt-festival-2025-heckscheibe-label-1536x1152.jpeg",1536,1152,true],"2048x2048":["https:\/\/dachzeltnomaden.com\/shop\/wp-content\/uploads\/2024\/01\/dachzelt-festival-2025-heckscheibe-label-2048x1536.jpeg",2048,1536,true],"woocommerce_thumbnail":["https:\/\/dachzeltnomaden.com\/shop\/wp-content\/uploads\/2024\/01\/dachzelt-festival-2025-heckscheibe-label-600x600.jpeg",600,600,true],"woocommerce_single":["https:\/\/dachzeltnomaden.com\/shop\/wp-content\/uploads\/2024\/01\/dachzelt-festival-2025-heckscheibe-label-1024x768.jpeg",1024,768,true],"woocommerce_gallery_thumbnail":["https:\/\/dachzeltnomaden.com\/shop\/wp-content\/uploads\/2024\/01\/dachzelt-festival-2025-heckscheibe-label-100x100.jpeg",100,100,true]},"uagb_author_info":{"display_name":"admin","author_link":"https:\/\/dachzeltnomaden.com\/shop\/author\/"},"uagb_comment_info":0,"uagb_excerpt":"Nach dem mega Ansturm ist unsere gratis Versand Aktion leider beendet \u2013 ab jetzt kannst du dir den offiziellen Festival-Sticker [&hellip;]","_links":{"self":[{"href":"https:\/\/dachzeltnomaden.com\/shop\/wp-json\/wp\/v2\/product\/40","targetHints":{"allow":["GET"]}}],"collection":[{"href":"https:\/\/dachzeltnomaden.com\/shop\/wp-json\/wp\/v2\/product"}],"about":[{"href":"https:\/\/dachzeltnomaden.com\/shop\/wp-json\/wp\/v2\/types\/product"}],"wp:featuredmedia":[{"embeddable":true,"href":"https:\/\/dachzeltnomaden.com\/shop\/wp-json\/wp\/v2\/media\/132133"}],"wp:attachment":[{"href":"https:\/\/dachzeltnomaden.com\/shop\/wp-json\/wp\/v2\/media?parent=40"}],"wp:term":[{"taxonomy":"product_brand","embeddable":true,"href":"https:\/\/dachzeltnomaden.com\/shop\/wp-json\/wp\/v2\/product_brand?post=40"},{"taxonomy":"product_cat","embeddable":true,"href":"https:\/\/dachzeltnomaden.com\/shop\/wp-json\/wp\/v2\/product_cat?post=40"},{"taxonomy":"product_tag","embeddable":true,"href":"https:\/\/dachzeltnomaden.com\/shop\/wp-json\/wp\/v2\/product_tag?post=40"}],"curies":[{"name":"wp","href":"https:\/\/api.w.org\/{rel}","templated":true}]}}