{"id":28,"date":"2024-01-11T10:55:59","date_gmt":"2024-01-11T09:55:59","guid":{"rendered":"https:\/\/shop.dachzeltnomaden.com\/?post_type=product&#038;p=28"},"modified":"2026-03-29T20:53:05","modified_gmt":"2026-03-29T18:53:05","slug":"dzn-hoodie","status":"publish","type":"product","link":"https:\/\/dachzeltnomaden.com\/shop\/produkt\/dzn-hoodie\/","title":{"rendered":"DZN Hoodie"},"content":{"rendered":"<p>Der <strong>DZN HOODIE<\/strong> ist der perfekte Begleiter auf deinen Outdoor Abenteuern!<\/p>\n<p>Der DZN Hoodie hat vorne zwei <strong>l\u00e4ssige Beuteltaschen,<\/strong>\u00a0einen<strong> praktischen Rei\u00dfverschluss<\/strong>\u00a0und eine <strong>integrierte Kapuze<\/strong>. Au\u00dferdem ist der DZN Hoodie innen <strong>leicht angeraut<\/strong>\u00a0und h\u00e4lt <strong>mollig warm<\/strong>.<\/p>\n<p>Die DZN Hoodies sind aus <strong>85% gek\u00e4mmter ringgesponnener Bio-Baumwolle<\/strong> und <strong>15% recyceltem Polyester.<\/strong><\/p>\n<p>Du bekommst unseren beliebten <strong>DZN HOODIE<\/strong> in 2 verschiedenen Farben.<\/p>\n<p>Der DZN HOODIE ist ist in <strong>Unisex Gr\u00f6\u00dfen<\/strong> erh\u00e4ltlich. F\u00fcr Frauen, die eine enger anliegende Passform bevorzugen, empfehlen wir eine Gr\u00f6\u00dfe kleiner! Zum Beispiel: Wenn du als Frau normalerweise M tr\u00e4gst, dann solltest du dir S bestellen.<\/p>\n<table dir=\"ltr\" border=\"1\" cellspacing=\"0\" cellpadding=\"0\">\n<colgroup>\n<col width=\"154\" \/>\n<col width=\"100\" \/>\n<col width=\"100\" \/>\n<col width=\"100\" \/>\n<col width=\"100\" \/>\n<col width=\"100\" \/>\n<col width=\"100\" \/><\/colgroup>\n<tbody>\n<tr>\n<td data-sheets-value=\"{&quot;1&quot;:2,&quot;2&quot;:&quot;Erwachsene&quot;}\">Erwachsene<\/td>\n<td data-sheets-value=\"{&quot;1&quot;:2,&quot;2&quot;:&quot;XS&quot;}\">XS<\/td>\n<td data-sheets-value=\"{&quot;1&quot;:2,&quot;2&quot;:&quot;S&quot;}\">S<\/td>\n<td data-sheets-value=\"{&quot;1&quot;:2,&quot;2&quot;:&quot;M&quot;}\">M<\/td>\n<td data-sheets-value=\"{&quot;1&quot;:2,&quot;2&quot;:&quot;L&quot;}\">L<\/td>\n<td data-sheets-value=\"{&quot;1&quot;:2,&quot;2&quot;:&quot;XL&quot;}\">XL<\/td>\n<td data-sheets-value=\"{&quot;1&quot;:2,&quot;2&quot;:&quot;XXL&quot;}\">XXL<\/td>\n<\/tr>\n<tr>\n<td data-sheets-value=\"{&quot;1&quot;:2,&quot;2&quot;:&quot;Weite&quot;}\">Weite<\/td>\n<td data-sheets-value=\"{&quot;1&quot;:3,&quot;3&quot;:96}\">96<\/td>\n<td data-sheets-value=\"{&quot;1&quot;:3,&quot;3&quot;:103}\">103<\/td>\n<td data-sheets-value=\"{&quot;1&quot;:3,&quot;3&quot;:108}\">108<\/td>\n<td data-sheets-value=\"{&quot;1&quot;:3,&quot;3&quot;:114}\">114<\/td>\n<td data-sheets-value=\"{&quot;1&quot;:3,&quot;3&quot;:120}\">120<\/td>\n<td data-sheets-value=\"{&quot;1&quot;:3,&quot;3&quot;:126}\">126<\/td>\n<\/tr>\n<tr>\n<td data-sheets-value=\"{&quot;1&quot;:2,&quot;2&quot;:&quot;L\u00e4nge&quot;}\">L\u00e4nge<\/td>\n<td data-sheets-value=\"{&quot;1&quot;:3,&quot;3&quot;:65}\">65<\/td>\n<td data-sheets-value=\"{&quot;1&quot;:3,&quot;3&quot;:70}\">70<\/td>\n<td data-sheets-value=\"{&quot;1&quot;:3,&quot;3&quot;:72}\">72<\/td>\n<td data-sheets-value=\"{&quot;1&quot;:3,&quot;3&quot;:74}\">74<\/td>\n<td data-sheets-value=\"{&quot;1&quot;:3,&quot;3&quot;:76}\">76<\/td>\n<td data-sheets-value=\"{&quot;1&quot;:3,&quot;3&quot;:78}\">78<\/td>\n<\/tr>\n<tr>\n<td data-sheets-value=\"{&quot;1&quot;:2,&quot;2&quot;:&quot;\u00c4rmell\u00e4nge&quot;}\">\u00c4rmell\u00e4nge<\/td>\n<td data-sheets-value=\"{&quot;1&quot;:2,&quot;2&quot;:&quot;61,5&quot;}\">61,5<\/td>\n<td data-sheets-value=\"{&quot;1&quot;:3,&quot;3&quot;:64}\">64<\/td>\n<td data-sheets-value=\"{&quot;1&quot;:2,&quot;2&quot;:&quot;65,5&quot;}\">65,5<\/td>\n<td data-sheets-value=\"{&quot;1&quot;:3,&quot;3&quot;:67}\">67<\/td>\n<td data-sheets-value=\"{&quot;1&quot;:2,&quot;2&quot;:&quot;68,5&quot;}\">68,5<\/td>\n<td data-sheets-value=\"{&quot;1&quot;:3,&quot;3&quot;:70}\">70<\/td>\n<\/tr>\n<\/tbody>\n<\/table>\n<p>Sieh dir auch unseren <strong>DZN Kordelstopper<\/strong> an um deinen DZN Hoodie\u00a0noch individueller zu gestalten!<\/p>\n","protected":false},"excerpt":{"rendered":"<p>Der DZN HOODIE ist der perfekte Begleiter auf deinen Outdoor Abenteuern! Der DZN Hoodie hat vorne zwei l\u00e4ssige Beuteltaschen,\u00a0einen praktischen [&hellip;]<\/p>\n","protected":false},"featured_media":130287,"template":"","meta":{"_uag_custom_page_level_css":"","site-sidebar-layout":"default","site-content-layout":"","ast-site-content-layout":"","site-content-style":"default","site-sidebar-style":"default","ast-global-header-display":"","ast-banner-title-visibility":"","ast-main-header-display":"","ast-hfb-above-header-display":"","ast-hfb-below-header-display":"","ast-hfb-mobile-header-display":"","site-post-title":"","ast-breadcrumbs-content":"","ast-featured-img":"","footer-sml-layout":"","ast-disable-related-posts":"","theme-transparent-header-meta":"","adv-header-id-meta":"","stick-header-meta":"","header-above-stick-meta":"","header-main-stick-meta":"","header-below-stick-meta":"","astra-migrate-meta-layouts":"default","ast-page-background-enabled":"default","ast-page-background-meta":{"desktop":{"background-color":"var(--ast-global-color-4)","background-image":"","background-repeat":"repeat","background-position":"center center","background-size":"auto","background-attachment":"scroll","background-type":"","background-media":"","overlay-type":"","overlay-color":"","overlay-opacity":"","overlay-gradient":""},"tablet":{"background-color":"","background-image":"","background-repeat":"repeat","background-position":"center center","background-size":"auto","background-attachment":"scroll","background-type":"","background-media":"","overlay-type":"","overlay-color":"","overlay-opacity":"","overlay-gradient":""},"mobile":{"background-color":"","background-image":"","background-repeat":"repeat","background-position":"center center","background-size":"auto","background-attachment":"scroll","background-type":"","background-media":"","overlay-type":"","overlay-color":"","overlay-opacity":"","overlay-gradient":""}},"ast-content-background-meta":{"desktop":{"background-color":"var(--ast-global-color-5)","background-image":"","background-repeat":"repeat","background-position":"center center","background-size":"auto","background-attachment":"scroll","background-type":"","background-media":"","overlay-type":"","overlay-color":"","overlay-opacity":"","overlay-gradient":""},"tablet":{"background-color":"var(--ast-global-color-5)","background-image":"","background-repeat":"repeat","background-position":"center center","background-size":"auto","background-attachment":"scroll","background-type":"","background-media":"","overlay-type":"","overlay-color":"","overlay-opacity":"","overlay-gradient":""},"mobile":{"background-color":"var(--ast-global-color-5)","background-image":"","background-repeat":"repeat","background-position":"center center","background-size":"auto","background-attachment":"scroll","background-type":"","background-media":"","overlay-type":"","overlay-color":"","overlay-opacity":"","overlay-gradient":""}},"_themeisle_gutenberg_block_has_review":false},"product_brand":[],"product_cat":[18],"product_tag":[],"class_list":{"0":"post-28","1":"product","2":"type-product","3":"status-publish","4":"has-post-thumbnail","6":"product_cat-dzn-merch","7":"product_shipping_class-versand-m","8":"desktop-align-left","9":"tablet-align-left","10":"mobile-align-left","11":"ast-product-gallery-layout-vertical-slider","12":"ast-product-single-variable","13":"ast-product-tabs-layout-horizontal","15":"first","16":"instock","17":"taxable","18":"shipping-taxable","19":"purchasable","20":"product-type-variable"},"exclude_global_add_ons":[],"addons":[],"uagb_featured_image_src":{"full":["https:\/\/dachzeltnomaden.com\/shop\/wp-content\/uploads\/2024\/01\/Dachzeltnomaden_Shop_DZN_Merch_Hoodie_sand_grau_1024_10.webp",1024,1365,false],"thumbnail":["https:\/\/dachzeltnomaden.com\/shop\/wp-content\/uploads\/2024\/01\/Dachzeltnomaden_Shop_DZN_Merch_Hoodie_sand_grau_1024_10-1024x1024.webp",600,600,true],"medium":["https:\/\/dachzeltnomaden.com\/shop\/wp-content\/uploads\/2024\/01\/Dachzeltnomaden_Shop_DZN_Merch_Hoodie_sand_grau_1024_10-225x300.webp",225,300,true],"medium_large":["https:\/\/dachzeltnomaden.com\/shop\/wp-content\/uploads\/2024\/01\/Dachzeltnomaden_Shop_DZN_Merch_Hoodie_sand_grau_1024_10-768x1024.webp",768,1024,true],"large":["https:\/\/dachzeltnomaden.com\/shop\/wp-content\/uploads\/2024\/01\/Dachzeltnomaden_Shop_DZN_Merch_Hoodie_sand_grau_1024_10-768x1024.webp",384,512,true],"1536x1536":["https:\/\/dachzeltnomaden.com\/shop\/wp-content\/uploads\/2024\/01\/Dachzeltnomaden_Shop_DZN_Merch_Hoodie_sand_grau_1024_10.webp",1024,1365,false],"2048x2048":["https:\/\/dachzeltnomaden.com\/shop\/wp-content\/uploads\/2024\/01\/Dachzeltnomaden_Shop_DZN_Merch_Hoodie_sand_grau_1024_10.webp",1024,1365,false],"woocommerce_thumbnail":["https:\/\/dachzeltnomaden.com\/shop\/wp-content\/uploads\/2024\/01\/Dachzeltnomaden_Shop_DZN_Merch_Hoodie_sand_grau_1024_10-600x600.webp",600,600,true],"woocommerce_single":["https:\/\/dachzeltnomaden.com\/shop\/wp-content\/uploads\/2024\/01\/Dachzeltnomaden_Shop_DZN_Merch_Hoodie_sand_grau_1024_10.webp",1024,1365,false],"woocommerce_gallery_thumbnail":["https:\/\/dachzeltnomaden.com\/shop\/wp-content\/uploads\/2024\/01\/Dachzeltnomaden_Shop_DZN_Merch_Hoodie_sand_grau_1024_10-100x100.webp",100,100,true]},"uagb_author_info":{"display_name":"Sibylle","author_link":"https:\/\/dachzeltnomaden.com\/shop\/author\/"},"uagb_comment_info":0,"uagb_excerpt":"Der DZN HOODIE ist der perfekte Begleiter auf deinen Outdoor Abenteuern! Der DZN Hoodie hat vorne zwei l\u00e4ssige Beuteltaschen,\u00a0einen praktischen [&hellip;]","_links":{"self":[{"href":"https:\/\/dachzeltnomaden.com\/shop\/wp-json\/wp\/v2\/product\/28","targetHints":{"allow":["GET"]}}],"collection":[{"href":"https:\/\/dachzeltnomaden.com\/shop\/wp-json\/wp\/v2\/product"}],"about":[{"href":"https:\/\/dachzeltnomaden.com\/shop\/wp-json\/wp\/v2\/types\/product"}],"wp:featuredmedia":[{"embeddable":true,"href":"https:\/\/dachzeltnomaden.com\/shop\/wp-json\/wp\/v2\/media\/130287"}],"wp:attachment":[{"href":"https:\/\/dachzeltnomaden.com\/shop\/wp-json\/wp\/v2\/media?parent=28"}],"wp:term":[{"taxonomy":"product_brand","embeddable":true,"href":"https:\/\/dachzeltnomaden.com\/shop\/wp-json\/wp\/v2\/product_brand?post=28"},{"taxonomy":"product_cat","embeddable":true,"href":"https:\/\/dachzeltnomaden.com\/shop\/wp-json\/wp\/v2\/product_cat?post=28"},{"taxonomy":"product_tag","embeddable":true,"href":"https:\/\/dachzeltnomaden.com\/shop\/wp-json\/wp\/v2\/product_tag?post=28"}],"curies":[{"name":"wp","href":"https:\/\/api.w.org\/{rel}","templated":true}]}}