{"id":26,"date":"2024-01-11T10:55:59","date_gmt":"2024-01-11T09:55:59","guid":{"rendered":"https:\/\/shop.dachzeltnomaden.com\/?post_type=product&#038;p=26"},"modified":"2026-04-09T15:54:39","modified_gmt":"2026-04-09T13:54:39","slug":"dzn-vorsicht-sticker","status":"publish","type":"product","link":"https:\/\/dachzeltnomaden.com\/shop\/produkt\/dzn-vorsicht-sticker\/","title":{"rendered":"DZN Vorsicht-Sticker"},"content":{"rendered":"<p>Ist dein Dachzelt dein st\u00e4ndiger Begleiter und du vergisst trotzdem manchmal, dass es da ist?<\/p>\n<p>Oder fahren auch Freunde und Familie dein Auto und du m\u00f6chtest, dass sie daran denken das dein geliebtes Dachzelt mitf\u00e4hrt?<\/p>\n<p>Dann ist unser neuer <strong>DZN Vorsicht-Sticker <\/strong>genau das Richtige f\u00fcr dich.<\/p>\n<p>Auf dem<strong> Vorsicht-Sticker<\/strong> ist Platz um die Gesamth\u00f6he deines Autos einzutragen. Mit 3 x 4 cm kann er nahezu \u00fcberall im Fahrerraum angebracht werden und erinnert den Fahrer immer an die zus\u00e4tzliche H\u00f6he auf dem Dach.<\/p>\n","protected":false},"excerpt":{"rendered":"<p>Ist dein Dachzelt dein st\u00e4ndiger Begleiter und du vergisst trotzdem manchmal, dass es da ist? Oder fahren auch Freunde und [&hellip;]<\/p>\n","protected":false},"featured_media":130363,"template":"","meta":{"_uag_custom_page_level_css":"","site-sidebar-layout":"default","site-content-layout":"","ast-site-content-layout":"default","site-content-style":"default","site-sidebar-style":"default","ast-global-header-display":"","ast-banner-title-visibility":"","ast-main-header-display":"","ast-hfb-above-header-display":"","ast-hfb-below-header-display":"","ast-hfb-mobile-header-display":"","site-post-title":"","ast-breadcrumbs-content":"","ast-featured-img":"","footer-sml-layout":"","ast-disable-related-posts":"","theme-transparent-header-meta":"","adv-header-id-meta":"","stick-header-meta":"","header-above-stick-meta":"","header-main-stick-meta":"","header-below-stick-meta":"","astra-migrate-meta-layouts":"default","ast-page-background-enabled":"default","ast-page-background-meta":{"desktop":{"background-color":"var(--ast-global-color-4)","background-image":"","background-repeat":"repeat","background-position":"center center","background-size":"auto","background-attachment":"scroll","background-type":"","background-media":"","overlay-type":"","overlay-color":"","overlay-opacity":"","overlay-gradient":""},"tablet":{"background-color":"","background-image":"","background-repeat":"repeat","background-position":"center center","background-size":"auto","background-attachment":"scroll","background-type":"","background-media":"","overlay-type":"","overlay-color":"","overlay-opacity":"","overlay-gradient":""},"mobile":{"background-color":"","background-image":"","background-repeat":"repeat","background-position":"center center","background-size":"auto","background-attachment":"scroll","background-type":"","background-media":"","overlay-type":"","overlay-color":"","overlay-opacity":"","overlay-gradient":""}},"ast-content-background-meta":{"desktop":{"background-color":"var(--ast-global-color-5)","background-image":"","background-repeat":"repeat","background-position":"center center","background-size":"auto","background-attachment":"scroll","background-type":"","background-media":"","overlay-type":"","overlay-color":"","overlay-opacity":"","overlay-gradient":""},"tablet":{"background-color":"var(--ast-global-color-5)","background-image":"","background-repeat":"repeat","background-position":"center center","background-size":"auto","background-attachment":"scroll","background-type":"","background-media":"","overlay-type":"","overlay-color":"","overlay-opacity":"","overlay-gradient":""},"mobile":{"background-color":"var(--ast-global-color-5)","background-image":"","background-repeat":"repeat","background-position":"center center","background-size":"auto","background-attachment":"scroll","background-type":"","background-media":"","overlay-type":"","overlay-color":"","overlay-opacity":"","overlay-gradient":""}},"_themeisle_gutenberg_block_has_review":false},"product_brand":[],"product_cat":[18],"product_tag":[],"class_list":{"0":"post-26","1":"product","2":"type-product","3":"status-publish","4":"has-post-thumbnail","6":"product_cat-dzn-merch","7":"product_shipping_class-brief","8":"desktop-align-left","9":"tablet-align-left","10":"mobile-align-left","11":"ast-product-gallery-layout-vertical-slider","12":"ast-product-tabs-layout-horizontal","14":"first","15":"instock","16":"taxable","17":"shipping-taxable","18":"purchasable","19":"product-type-simple"},"exclude_global_add_ons":[],"addons":[],"uagb_featured_image_src":{"full":["https:\/\/dachzeltnomaden.com\/shop\/wp-content\/uploads\/2024\/01\/Dachzeltnomaden_Shop_DZN_Merch_Vorsicht_Sticker_Aufkleber_eckig_Autocockpit_Dennis-Brandt_DB_0223_75.webp",1024,683,false],"thumbnail":["https:\/\/dachzeltnomaden.com\/shop\/wp-content\/uploads\/2024\/01\/Dachzeltnomaden_Shop_DZN_Merch_Vorsicht_Sticker_Aufkleber_eckig_Autocockpit_Dennis-Brandt_DB_0223_75.webp",600,400,false],"medium":["https:\/\/dachzeltnomaden.com\/shop\/wp-content\/uploads\/2024\/01\/Dachzeltnomaden_Shop_DZN_Merch_Vorsicht_Sticker_Aufkleber_eckig_Autocockpit_Dennis-Brandt_DB_0223_75-300x200.webp",300,200,true],"medium_large":["https:\/\/dachzeltnomaden.com\/shop\/wp-content\/uploads\/2024\/01\/Dachzeltnomaden_Shop_DZN_Merch_Vorsicht_Sticker_Aufkleber_eckig_Autocockpit_Dennis-Brandt_DB_0223_75-768x512.webp",768,512,true],"large":["https:\/\/dachzeltnomaden.com\/shop\/wp-content\/uploads\/2024\/01\/Dachzeltnomaden_Shop_DZN_Merch_Vorsicht_Sticker_Aufkleber_eckig_Autocockpit_Dennis-Brandt_DB_0223_75.webp",768,512,false],"1536x1536":["https:\/\/dachzeltnomaden.com\/shop\/wp-content\/uploads\/2024\/01\/Dachzeltnomaden_Shop_DZN_Merch_Vorsicht_Sticker_Aufkleber_eckig_Autocockpit_Dennis-Brandt_DB_0223_75.webp",1024,683,false],"2048x2048":["https:\/\/dachzeltnomaden.com\/shop\/wp-content\/uploads\/2024\/01\/Dachzeltnomaden_Shop_DZN_Merch_Vorsicht_Sticker_Aufkleber_eckig_Autocockpit_Dennis-Brandt_DB_0223_75.webp",1024,683,false],"woocommerce_thumbnail":["https:\/\/dachzeltnomaden.com\/shop\/wp-content\/uploads\/2024\/01\/Dachzeltnomaden_Shop_DZN_Merch_Vorsicht_Sticker_Aufkleber_eckig_Autocockpit_Dennis-Brandt_DB_0223_75-600x600.webp",600,600,true],"woocommerce_single":["https:\/\/dachzeltnomaden.com\/shop\/wp-content\/uploads\/2024\/01\/Dachzeltnomaden_Shop_DZN_Merch_Vorsicht_Sticker_Aufkleber_eckig_Autocockpit_Dennis-Brandt_DB_0223_75.webp",1024,683,false],"woocommerce_gallery_thumbnail":["https:\/\/dachzeltnomaden.com\/shop\/wp-content\/uploads\/2024\/01\/Dachzeltnomaden_Shop_DZN_Merch_Vorsicht_Sticker_Aufkleber_eckig_Autocockpit_Dennis-Brandt_DB_0223_75-100x100.webp",100,100,true]},"uagb_author_info":{"display_name":"admin","author_link":"https:\/\/dachzeltnomaden.com\/shop\/author\/"},"uagb_comment_info":0,"uagb_excerpt":"Ist dein Dachzelt dein st\u00e4ndiger Begleiter und du vergisst trotzdem manchmal, dass es da ist? Oder fahren auch Freunde und [&hellip;]","_links":{"self":[{"href":"https:\/\/dachzeltnomaden.com\/shop\/wp-json\/wp\/v2\/product\/26","targetHints":{"allow":["GET"]}}],"collection":[{"href":"https:\/\/dachzeltnomaden.com\/shop\/wp-json\/wp\/v2\/product"}],"about":[{"href":"https:\/\/dachzeltnomaden.com\/shop\/wp-json\/wp\/v2\/types\/product"}],"wp:featuredmedia":[{"embeddable":true,"href":"https:\/\/dachzeltnomaden.com\/shop\/wp-json\/wp\/v2\/media\/130363"}],"wp:attachment":[{"href":"https:\/\/dachzeltnomaden.com\/shop\/wp-json\/wp\/v2\/media?parent=26"}],"wp:term":[{"taxonomy":"product_brand","embeddable":true,"href":"https:\/\/dachzeltnomaden.com\/shop\/wp-json\/wp\/v2\/product_brand?post=26"},{"taxonomy":"product_cat","embeddable":true,"href":"https:\/\/dachzeltnomaden.com\/shop\/wp-json\/wp\/v2\/product_cat?post=26"},{"taxonomy":"product_tag","embeddable":true,"href":"https:\/\/dachzeltnomaden.com\/shop\/wp-json\/wp\/v2\/product_tag?post=26"}],"curies":[{"name":"wp","href":"https:\/\/api.w.org\/{rel}","templated":true}]}}