{"id":25,"date":"2024-01-11T10:55:59","date_gmt":"2024-01-11T09:55:59","guid":{"rendered":"https:\/\/shop.dachzeltnomaden.com\/?post_type=product&#038;p=25"},"modified":"2026-04-18T20:34:52","modified_gmt":"2026-04-18T18:34:52","slug":"dzn-schluesselanhaenger","status":"publish","type":"product","link":"https:\/\/dachzeltnomaden.com\/shop\/produkt\/dzn-schluesselanhaenger\/","title":{"rendered":"DZN Schl\u00fcsselanh\u00e4nger"},"content":{"rendered":"<p>Der<strong> DZN Schl\u00fcsselanh\u00e4nger<\/strong> ist eine tolle M\u00f6glichkeit deine Dachzelt Leidenschaft zum Ausdruck zu bringen. Ob als Accessoire am Schl\u00fcssel oder als praktischer Helfer am Rei\u00dfverschluss deines Dachzeltes, der <strong>DZN Schl\u00fcsselanh\u00e4nger<\/strong> wird dir lange Freude bereiten. Aus <strong>rei\u00dffestem Material<\/strong>\u00a0gefertigt und mit einem robusten <strong>Schl\u00fcsselring<\/strong> ausgestattet bekommt der Anh\u00e4nger mit der Zeit eine sch\u00f6ne lederartige Optik.<\/p>\n<p>Alle Infos zum <strong>DZN Schl\u00fcsselanh\u00e4nger<\/strong> auf einen Blick<\/p>\n<ul>\n<li>Waschpapier (Mischung aus Pflanzenbestandteilen und Latex)<\/li>\n<li>10 x 2,5 cm<\/li>\n<li>robuster Schl\u00fcsselring<\/li>\n<li>waschbar<\/li>\n<\/ul>\n","protected":false},"excerpt":{"rendered":"<p>Der DZN Schl\u00fcsselanh\u00e4nger ist eine tolle M\u00f6glichkeit deine Dachzelt Leidenschaft zum Ausdruck zu bringen. Ob als Accessoire am Schl\u00fcssel oder [&hellip;]<\/p>\n","protected":false},"featured_media":130368,"template":"","meta":{"_uag_custom_page_level_css":"","site-sidebar-layout":"default","site-content-layout":"","ast-site-content-layout":"default","site-content-style":"default","site-sidebar-style":"default","ast-global-header-display":"","ast-banner-title-visibility":"","ast-main-header-display":"","ast-hfb-above-header-display":"","ast-hfb-below-header-display":"","ast-hfb-mobile-header-display":"","site-post-title":"","ast-breadcrumbs-content":"","ast-featured-img":"","footer-sml-layout":"","ast-disable-related-posts":"","theme-transparent-header-meta":"","adv-header-id-meta":"","stick-header-meta":"","header-above-stick-meta":"","header-main-stick-meta":"","header-below-stick-meta":"","astra-migrate-meta-layouts":"default","ast-page-background-enabled":"default","ast-page-background-meta":{"desktop":{"background-color":"var(--ast-global-color-4)","background-image":"","background-repeat":"repeat","background-position":"center center","background-size":"auto","background-attachment":"scroll","background-type":"","background-media":"","overlay-type":"","overlay-color":"","overlay-opacity":"","overlay-gradient":""},"tablet":{"background-color":"","background-image":"","background-repeat":"repeat","background-position":"center center","background-size":"auto","background-attachment":"scroll","background-type":"","background-media":"","overlay-type":"","overlay-color":"","overlay-opacity":"","overlay-gradient":""},"mobile":{"background-color":"","background-image":"","background-repeat":"repeat","background-position":"center center","background-size":"auto","background-attachment":"scroll","background-type":"","background-media":"","overlay-type":"","overlay-color":"","overlay-opacity":"","overlay-gradient":""}},"ast-content-background-meta":{"desktop":{"background-color":"var(--ast-global-color-5)","background-image":"","background-repeat":"repeat","background-position":"center center","background-size":"auto","background-attachment":"scroll","background-type":"","background-media":"","overlay-type":"","overlay-color":"","overlay-opacity":"","overlay-gradient":""},"tablet":{"background-color":"var(--ast-global-color-5)","background-image":"","background-repeat":"repeat","background-position":"center center","background-size":"auto","background-attachment":"scroll","background-type":"","background-media":"","overlay-type":"","overlay-color":"","overlay-opacity":"","overlay-gradient":""},"mobile":{"background-color":"var(--ast-global-color-5)","background-image":"","background-repeat":"repeat","background-position":"center center","background-size":"auto","background-attachment":"scroll","background-type":"","background-media":"","overlay-type":"","overlay-color":"","overlay-opacity":"","overlay-gradient":""}},"_themeisle_gutenberg_block_has_review":false},"product_brand":[],"product_cat":[18],"product_tag":[],"class_list":{"0":"post-25","1":"product","2":"type-product","3":"status-publish","4":"has-post-thumbnail","6":"product_cat-dzn-merch","7":"product_shipping_class-brief","8":"desktop-align-left","9":"tablet-align-left","10":"mobile-align-left","11":"ast-product-gallery-layout-vertical-slider","12":"ast-product-gallery-with-no-image","13":"ast-product-tabs-layout-horizontal","15":"first","16":"outofstock","17":"taxable","18":"shipping-taxable","19":"purchasable","20":"product-type-simple"},"exclude_global_add_ons":[],"addons":[],"uagb_featured_image_src":{"full":["https:\/\/dachzeltnomaden.com\/shop\/wp-content\/uploads\/2024\/01\/Dachzeltnomaden_Shop_DZN_Merch_Schluesselanhaenger-Dennis-_DB_1708-DZN-scaled-1-1024x670_50.webp",1024,670,false],"thumbnail":["https:\/\/dachzeltnomaden.com\/shop\/wp-content\/uploads\/2024\/01\/Dachzeltnomaden_Shop_DZN_Merch_Schluesselanhaenger-Dennis-_DB_1708-DZN-scaled-1-1024x670_50.webp",600,393,false],"medium":["https:\/\/dachzeltnomaden.com\/shop\/wp-content\/uploads\/2024\/01\/Dachzeltnomaden_Shop_DZN_Merch_Schluesselanhaenger-Dennis-_DB_1708-DZN-scaled-1-1024x670_50-300x196.webp",300,196,true],"medium_large":["https:\/\/dachzeltnomaden.com\/shop\/wp-content\/uploads\/2024\/01\/Dachzeltnomaden_Shop_DZN_Merch_Schluesselanhaenger-Dennis-_DB_1708-DZN-scaled-1-1024x670_50-768x503.webp",768,503,true],"large":["https:\/\/dachzeltnomaden.com\/shop\/wp-content\/uploads\/2024\/01\/Dachzeltnomaden_Shop_DZN_Merch_Schluesselanhaenger-Dennis-_DB_1708-DZN-scaled-1-1024x670_50.webp",783,512,false],"1536x1536":["https:\/\/dachzeltnomaden.com\/shop\/wp-content\/uploads\/2024\/01\/Dachzeltnomaden_Shop_DZN_Merch_Schluesselanhaenger-Dennis-_DB_1708-DZN-scaled-1-1024x670_50.webp",1024,670,false],"2048x2048":["https:\/\/dachzeltnomaden.com\/shop\/wp-content\/uploads\/2024\/01\/Dachzeltnomaden_Shop_DZN_Merch_Schluesselanhaenger-Dennis-_DB_1708-DZN-scaled-1-1024x670_50.webp",1024,670,false],"woocommerce_thumbnail":["https:\/\/dachzeltnomaden.com\/shop\/wp-content\/uploads\/2024\/01\/Dachzeltnomaden_Shop_DZN_Merch_Schluesselanhaenger-Dennis-_DB_1708-DZN-scaled-1-1024x670_50-600x600.webp",600,600,true],"woocommerce_single":["https:\/\/dachzeltnomaden.com\/shop\/wp-content\/uploads\/2024\/01\/Dachzeltnomaden_Shop_DZN_Merch_Schluesselanhaenger-Dennis-_DB_1708-DZN-scaled-1-1024x670_50.webp",1024,670,false],"woocommerce_gallery_thumbnail":["https:\/\/dachzeltnomaden.com\/shop\/wp-content\/uploads\/2024\/01\/Dachzeltnomaden_Shop_DZN_Merch_Schluesselanhaenger-Dennis-_DB_1708-DZN-scaled-1-1024x670_50-100x100.webp",100,100,true]},"uagb_author_info":{"display_name":"admin","author_link":"https:\/\/dachzeltnomaden.com\/shop\/author\/"},"uagb_comment_info":0,"uagb_excerpt":"Der DZN Schl\u00fcsselanh\u00e4nger ist eine tolle M\u00f6glichkeit deine Dachzelt Leidenschaft zum Ausdruck zu bringen. Ob als Accessoire am Schl\u00fcssel oder [&hellip;]","_links":{"self":[{"href":"https:\/\/dachzeltnomaden.com\/shop\/wp-json\/wp\/v2\/product\/25","targetHints":{"allow":["GET"]}}],"collection":[{"href":"https:\/\/dachzeltnomaden.com\/shop\/wp-json\/wp\/v2\/product"}],"about":[{"href":"https:\/\/dachzeltnomaden.com\/shop\/wp-json\/wp\/v2\/types\/product"}],"wp:featuredmedia":[{"embeddable":true,"href":"https:\/\/dachzeltnomaden.com\/shop\/wp-json\/wp\/v2\/media\/130368"}],"wp:attachment":[{"href":"https:\/\/dachzeltnomaden.com\/shop\/wp-json\/wp\/v2\/media?parent=25"}],"wp:term":[{"taxonomy":"product_brand","embeddable":true,"href":"https:\/\/dachzeltnomaden.com\/shop\/wp-json\/wp\/v2\/product_brand?post=25"},{"taxonomy":"product_cat","embeddable":true,"href":"https:\/\/dachzeltnomaden.com\/shop\/wp-json\/wp\/v2\/product_cat?post=25"},{"taxonomy":"product_tag","embeddable":true,"href":"https:\/\/dachzeltnomaden.com\/shop\/wp-json\/wp\/v2\/product_tag?post=25"}],"curies":[{"name":"wp","href":"https:\/\/api.w.org\/{rel}","templated":true}]}}