{"id":19,"date":"2024-01-11T10:55:58","date_gmt":"2024-01-11T09:55:58","guid":{"rendered":"https:\/\/shop.dachzeltnomaden.com\/?post_type=product&#038;p=19"},"modified":"2026-04-15T09:44:45","modified_gmt":"2026-04-15T07:44:45","slug":"dzn-emaille-tasse","status":"publish","type":"product","link":"https:\/\/dachzeltnomaden.com\/shop\/produkt\/dzn-emaille-tasse\/","title":{"rendered":"DZN Emaille Tasse"},"content":{"rendered":"<p>Hier bekommst du unseren Klassiker, die stylische <strong>Dachzeltnomaden Emaille Tasse<\/strong> mit dem beliebten Landschafts-Logo!\u00a0Ein <strong>Must-have<\/strong> f\u00fcr jeden Dachzeltnomaden!<\/p>\n<p>Die\u00a0<strong>DZN Emaille Tasse<\/strong> hat einen <strong>Durchmesser von 8 cm,<\/strong>\u00a0ist<strong> 8 cm tief <\/strong>und hat ein<strong> Fassungsverm\u00f6gen von 300 ml<\/strong>.<\/p>\n<p>Die DZN Emaille Tasse<strong> kann in der Sp\u00fclmaschine gereinigt werden<\/strong> (h\u00e4ufiges sp\u00fclen in der Sp\u00fclmaschine f\u00fchrt zu matter Oberfl\u00e4che)\u00a0und<strong> h\u00e4lt hoher Hitze wie im Backofen oder Lagerfeuer<\/strong> <strong>stand<\/strong>.<\/p>\n<p>Die DZN Emaille Tasse ist <strong>nicht mikrowellengeeignet<\/strong>!<\/p>\n<p>Genie\u00dfe dein Lieblingsgetr\u00e4nk aus deiner pers\u00f6nlichen Dachzeltnomaden Emaille-Tasse!<\/p>\n","protected":false},"excerpt":{"rendered":"<p>Hier bekommst du unseren Klassiker, die stylische Dachzeltnomaden Emaille Tasse mit dem beliebten Landschafts-Logo!\u00a0Ein Must-have f\u00fcr jeden Dachzeltnomaden! Die\u00a0DZN Emaille [&hellip;]<\/p>\n","protected":false},"featured_media":130334,"template":"","meta":{"_uag_custom_page_level_css":"","site-sidebar-layout":"default","site-content-layout":"","ast-site-content-layout":"default","site-content-style":"default","site-sidebar-style":"default","ast-global-header-display":"","ast-banner-title-visibility":"","ast-main-header-display":"","ast-hfb-above-header-display":"","ast-hfb-below-header-display":"","ast-hfb-mobile-header-display":"","site-post-title":"","ast-breadcrumbs-content":"","ast-featured-img":"","footer-sml-layout":"","ast-disable-related-posts":"","theme-transparent-header-meta":"default","adv-header-id-meta":"","stick-header-meta":"default","header-above-stick-meta":"","header-main-stick-meta":"","header-below-stick-meta":"","astra-migrate-meta-layouts":"set","ast-page-background-enabled":"default","ast-page-background-meta":{"desktop":{"background-color":"var(--ast-global-color-4)","background-image":"","background-repeat":"repeat","background-position":"center center","background-size":"auto","background-attachment":"scroll","background-type":"","background-media":"","overlay-type":"","overlay-color":"","overlay-opacity":"","overlay-gradient":""},"tablet":{"background-color":"","background-image":"","background-repeat":"repeat","background-position":"center center","background-size":"auto","background-attachment":"scroll","background-type":"","background-media":"","overlay-type":"","overlay-color":"","overlay-opacity":"","overlay-gradient":""},"mobile":{"background-color":"","background-image":"","background-repeat":"repeat","background-position":"center center","background-size":"auto","background-attachment":"scroll","background-type":"","background-media":"","overlay-type":"","overlay-color":"","overlay-opacity":"","overlay-gradient":""}},"ast-content-background-meta":{"desktop":{"background-color":"var(--ast-global-color-5)","background-image":"","background-repeat":"repeat","background-position":"center center","background-size":"auto","background-attachment":"scroll","background-type":"","background-media":"","overlay-type":"","overlay-color":"","overlay-opacity":"","overlay-gradient":""},"tablet":{"background-color":"var(--ast-global-color-5)","background-image":"","background-repeat":"repeat","background-position":"center center","background-size":"auto","background-attachment":"scroll","background-type":"","background-media":"","overlay-type":"","overlay-color":"","overlay-opacity":"","overlay-gradient":""},"mobile":{"background-color":"var(--ast-global-color-5)","background-image":"","background-repeat":"repeat","background-position":"center center","background-size":"auto","background-attachment":"scroll","background-type":"","background-media":"","overlay-type":"","overlay-color":"","overlay-opacity":"","overlay-gradient":""}},"_themeisle_gutenberg_block_has_review":false},"product_brand":[],"product_cat":[18],"product_tag":[],"class_list":{"0":"post-19","1":"product","2":"type-product","3":"status-publish","4":"has-post-thumbnail","6":"product_cat-dzn-merch","7":"product_shipping_class-versand-s","8":"desktop-align-left","9":"tablet-align-left","10":"mobile-align-left","11":"ast-product-gallery-layout-vertical-slider","12":"ast-product-single-variable","13":"ast-product-tabs-layout-horizontal","15":"first","16":"instock","17":"taxable","18":"shipping-taxable","19":"purchasable","20":"product-type-variable"},"exclude_global_add_ons":[],"addons":[],"uagb_featured_image_src":{"full":["https:\/\/dachzeltnomaden.com\/shop\/wp-content\/uploads\/2024\/01\/dachzeltnomaden_shop_DZN_Merch_emaille-tasse_weiss_schwarz-scaled-1_50.webp",1024,1365,false],"thumbnail":["https:\/\/dachzeltnomaden.com\/shop\/wp-content\/uploads\/2024\/01\/dachzeltnomaden_shop_DZN_Merch_emaille-tasse_weiss_schwarz-scaled-1_50-1024x1024.webp",600,600,true],"medium":["https:\/\/dachzeltnomaden.com\/shop\/wp-content\/uploads\/2024\/01\/dachzeltnomaden_shop_DZN_Merch_emaille-tasse_weiss_schwarz-scaled-1_50-225x300.webp",225,300,true],"medium_large":["https:\/\/dachzeltnomaden.com\/shop\/wp-content\/uploads\/2024\/01\/dachzeltnomaden_shop_DZN_Merch_emaille-tasse_weiss_schwarz-scaled-1_50-768x1024.webp",768,1024,true],"large":["https:\/\/dachzeltnomaden.com\/shop\/wp-content\/uploads\/2024\/01\/dachzeltnomaden_shop_DZN_Merch_emaille-tasse_weiss_schwarz-scaled-1_50-768x1024.webp",384,512,true],"1536x1536":["https:\/\/dachzeltnomaden.com\/shop\/wp-content\/uploads\/2024\/01\/dachzeltnomaden_shop_DZN_Merch_emaille-tasse_weiss_schwarz-scaled-1_50.webp",1024,1365,false],"2048x2048":["https:\/\/dachzeltnomaden.com\/shop\/wp-content\/uploads\/2024\/01\/dachzeltnomaden_shop_DZN_Merch_emaille-tasse_weiss_schwarz-scaled-1_50.webp",1024,1365,false],"woocommerce_thumbnail":["https:\/\/dachzeltnomaden.com\/shop\/wp-content\/uploads\/2024\/01\/dachzeltnomaden_shop_DZN_Merch_emaille-tasse_weiss_schwarz-scaled-1_50-600x600.webp",600,600,true],"woocommerce_single":["https:\/\/dachzeltnomaden.com\/shop\/wp-content\/uploads\/2024\/01\/dachzeltnomaden_shop_DZN_Merch_emaille-tasse_weiss_schwarz-scaled-1_50.webp",1024,1365,false],"woocommerce_gallery_thumbnail":["https:\/\/dachzeltnomaden.com\/shop\/wp-content\/uploads\/2024\/01\/dachzeltnomaden_shop_DZN_Merch_emaille-tasse_weiss_schwarz-scaled-1_50-100x100.webp",100,100,true]},"uagb_author_info":{"display_name":"Sibylle","author_link":"https:\/\/dachzeltnomaden.com\/shop\/author\/"},"uagb_comment_info":0,"uagb_excerpt":"Hier bekommst du unseren Klassiker, die stylische Dachzeltnomaden Emaille Tasse mit dem beliebten Landschafts-Logo!\u00a0Ein Must-have f\u00fcr jeden Dachzeltnomaden! Die\u00a0DZN Emaille [&hellip;]","_links":{"self":[{"href":"https:\/\/dachzeltnomaden.com\/shop\/wp-json\/wp\/v2\/product\/19","targetHints":{"allow":["GET"]}}],"collection":[{"href":"https:\/\/dachzeltnomaden.com\/shop\/wp-json\/wp\/v2\/product"}],"about":[{"href":"https:\/\/dachzeltnomaden.com\/shop\/wp-json\/wp\/v2\/types\/product"}],"wp:featuredmedia":[{"embeddable":true,"href":"https:\/\/dachzeltnomaden.com\/shop\/wp-json\/wp\/v2\/media\/130334"}],"wp:attachment":[{"href":"https:\/\/dachzeltnomaden.com\/shop\/wp-json\/wp\/v2\/media?parent=19"}],"wp:term":[{"taxonomy":"product_brand","embeddable":true,"href":"https:\/\/dachzeltnomaden.com\/shop\/wp-json\/wp\/v2\/product_brand?post=19"},{"taxonomy":"product_cat","embeddable":true,"href":"https:\/\/dachzeltnomaden.com\/shop\/wp-json\/wp\/v2\/product_cat?post=19"},{"taxonomy":"product_tag","embeddable":true,"href":"https:\/\/dachzeltnomaden.com\/shop\/wp-json\/wp\/v2\/product_tag?post=19"}],"curies":[{"name":"wp","href":"https:\/\/api.w.org\/{rel}","templated":true}]}}