{"id":1829,"date":"2024-03-21T08:50:03","date_gmt":"2024-03-21T07:50:03","guid":{"rendered":"https:\/\/shop.dachzeltnomaden.com\/?post_type=product&#038;p=1829"},"modified":"2026-04-13T09:08:04","modified_gmt":"2026-04-13T07:08:04","slug":"dachzelt-festival-2026-hoodie","status":"publish","type":"product","link":"https:\/\/dachzeltnomaden.com\/shop\/produkt\/dachzelt-festival-2026-hoodie\/","title":{"rendered":"DACHZELT FESTIVAL 2026 Hoodie"},"content":{"rendered":"<p data-start=\"72\" data-end=\"144\"><strong data-start=\"72\" data-end=\"142\">Der Vorverkauf f\u00fcr den DACHZELT FESTIVAL 2026 Merch ist gestartet!<\/strong><\/p>\n<p data-start=\"146\" data-end=\"311\">Viele haben schon darauf gewartet \u2013 jetzt ist es endlich so weit: Sichere dir jetzt deinen offiziellen <strong data-start=\"249\" data-end=\"281\">DACHZELT FESTIVAL 2026 Merch<\/strong>, solange der Vorrat reicht.<\/p>\n<p data-start=\"146\" data-end=\"311\">Du kannst dir dein DACHZELT FESTIVAL 26 Merch jetzt im Shop sichern und dann <strong>bequem auf dem DACHZELT FESTIVAL abholen<\/strong>! Wenn du also beim Festival garantiert dein Lieblingsst\u00fcck tragen m\u00f6chtest, solltest du nicht zu lange warten. <strong data-start=\"418\" data-end=\"505\">Auf dem Festival selbst wird es nur noch eine begrenzte Menge an Merch geben.<\/strong><\/p>\n<p>Der DZN Hoodie hat vorne zwei <strong>l\u00e4ssige Beuteltaschen,<\/strong>\u00a0einen<strong> praktischen Rei\u00dfverschluss<\/strong>\u00a0und eine <strong>integrierte Kapuze<\/strong>. Au\u00dferdem ist der DZN Hoodie sch\u00f6n leicht und perfekt f\u00fcr laue Sommerabende.<\/p>\n<p>Die DZN Hoodies sind aus <strong>85% gek\u00e4mmter ringgesponnener Bio-Baumwolle<\/strong> und <strong>15% recyceltem Polyester.<\/strong><\/p>\n<p>Der DZN HOODIE ist ist in <strong>Unisex Gr\u00f6\u00dfen<\/strong> erh\u00e4ltlich. F\u00fcr Frauen, die eine enger anliegende Passform bevorzugen, empfehlen wir eine Gr\u00f6\u00dfe kleiner! Zum Beispiel: Wenn du als Frau normalerweise M tr\u00e4gst, dann solltest du dir S bestellen.<\/p>\n<p><img decoding=\"async\" class=\"alignnone wp-image-1830 size-full\" src=\"https:\/\/shop.dachzeltnomaden.com\/wp-content\/uploads\/2024\/03\/Bildschirmfoto-2024-03-21-um-08.43.35.png\" alt=\"\" width=\"1546\" height=\"264\" srcset=\"https:\/\/dachzeltnomaden.com\/shop\/wp-content\/uploads\/2024\/03\/Bildschirmfoto-2024-03-21-um-08.43.35.png 1546w, https:\/\/dachzeltnomaden.com\/shop\/wp-content\/uploads\/2024\/03\/Bildschirmfoto-2024-03-21-um-08.43.35-1024x175.png 1024w, https:\/\/dachzeltnomaden.com\/shop\/wp-content\/uploads\/2024\/03\/Bildschirmfoto-2024-03-21-um-08.43.35-300x51.png 300w, https:\/\/dachzeltnomaden.com\/shop\/wp-content\/uploads\/2024\/03\/Bildschirmfoto-2024-03-21-um-08.43.35-768x131.png 768w, https:\/\/dachzeltnomaden.com\/shop\/wp-content\/uploads\/2024\/03\/Bildschirmfoto-2024-03-21-um-08.43.35-1536x262.png 1536w\" sizes=\"(max-width: 1546px) 100vw, 1546px\" \/><\/p>\n","protected":false},"excerpt":{"rendered":"<p>Der Vorverkauf f\u00fcr den DACHZELT FESTIVAL 2026 Merch ist gestartet! Viele haben schon darauf gewartet \u2013 jetzt ist es endlich [&hellip;]<\/p>\n","protected":false},"featured_media":140170,"template":"","meta":{"_uag_custom_page_level_css":"","site-sidebar-layout":"default","site-content-layout":"","ast-site-content-layout":"default","site-content-style":"default","site-sidebar-style":"default","ast-global-header-display":"","ast-banner-title-visibility":"","ast-main-header-display":"","ast-hfb-above-header-display":"","ast-hfb-below-header-display":"","ast-hfb-mobile-header-display":"","site-post-title":"","ast-breadcrumbs-content":"","ast-featured-img":"","footer-sml-layout":"","ast-disable-related-posts":"","theme-transparent-header-meta":"default","adv-header-id-meta":"","stick-header-meta":"default","header-above-stick-meta":"","header-main-stick-meta":"","header-below-stick-meta":"","astra-migrate-meta-layouts":"set","ast-page-background-enabled":"default","ast-page-background-meta":{"desktop":{"background-color":"var(--ast-global-color-4)","background-image":"","background-repeat":"repeat","background-position":"center center","background-size":"auto","background-attachment":"scroll","background-type":"","background-media":"","overlay-type":"","overlay-color":"","overlay-opacity":"","overlay-gradient":""},"tablet":{"background-color":"","background-image":"","background-repeat":"repeat","background-position":"center center","background-size":"auto","background-attachment":"scroll","background-type":"","background-media":"","overlay-type":"","overlay-color":"","overlay-opacity":"","overlay-gradient":""},"mobile":{"background-color":"","background-image":"","background-repeat":"repeat","background-position":"center center","background-size":"auto","background-attachment":"scroll","background-type":"","background-media":"","overlay-type":"","overlay-color":"","overlay-opacity":"","overlay-gradient":""}},"ast-content-background-meta":{"desktop":{"background-color":"var(--ast-global-color-5)","background-image":"","background-repeat":"repeat","background-position":"center center","background-size":"auto","background-attachment":"scroll","background-type":"","background-media":"","overlay-type":"","overlay-color":"","overlay-opacity":"","overlay-gradient":""},"tablet":{"background-color":"var(--ast-global-color-5)","background-image":"","background-repeat":"repeat","background-position":"center center","background-size":"auto","background-attachment":"scroll","background-type":"","background-media":"","overlay-type":"","overlay-color":"","overlay-opacity":"","overlay-gradient":""},"mobile":{"background-color":"var(--ast-global-color-5)","background-image":"","background-repeat":"repeat","background-position":"center center","background-size":"auto","background-attachment":"scroll","background-type":"","background-media":"","overlay-type":"","overlay-color":"","overlay-opacity":"","overlay-gradient":""}},"_themeisle_gutenberg_block_has_review":false},"product_brand":[],"product_cat":[222],"product_tag":[],"class_list":{"0":"post-1829","1":"product","2":"type-product","3":"status-publish","4":"has-post-thumbnail","6":"product_cat-dachzelt-festival-merch","7":"product_shipping_class-abholung-auf-dem-dzf","8":"desktop-align-left","9":"tablet-align-left","10":"mobile-align-left","11":"ast-product-gallery-layout-vertical-slider","12":"ast-product-single-variable","13":"ast-product-tabs-layout-horizontal","15":"first","16":"instock","17":"taxable","18":"shipping-taxable","19":"purchasable","20":"product-type-variable"},"exclude_global_add_ons":[],"addons":[],"uagb_featured_image_src":{"full":["https:\/\/dachzeltnomaden.com\/shop\/wp-content\/uploads\/2024\/03\/DZF26_Hoodie_Erw_back.jpg",1024,1024,false],"thumbnail":["https:\/\/dachzeltnomaden.com\/shop\/wp-content\/uploads\/2024\/03\/DZF26_Hoodie_Erw_back-600x600.jpg",600,600,true],"medium":["https:\/\/dachzeltnomaden.com\/shop\/wp-content\/uploads\/2024\/03\/DZF26_Hoodie_Erw_back-300x300.jpg",300,300,true],"medium_large":["https:\/\/dachzeltnomaden.com\/shop\/wp-content\/uploads\/2024\/03\/DZF26_Hoodie_Erw_back-768x768.jpg",768,768,true],"large":["https:\/\/dachzeltnomaden.com\/shop\/wp-content\/uploads\/2024\/03\/DZF26_Hoodie_Erw_back-512x512.jpg",512,512,true],"1536x1536":["https:\/\/dachzeltnomaden.com\/shop\/wp-content\/uploads\/2024\/03\/DZF26_Hoodie_Erw_back.jpg",1024,1024,false],"2048x2048":["https:\/\/dachzeltnomaden.com\/shop\/wp-content\/uploads\/2024\/03\/DZF26_Hoodie_Erw_back.jpg",1024,1024,false],"woocommerce_thumbnail":["https:\/\/dachzeltnomaden.com\/shop\/wp-content\/uploads\/2024\/03\/DZF26_Hoodie_Erw_back-600x600.jpg",600,600,true],"woocommerce_single":["https:\/\/dachzeltnomaden.com\/shop\/wp-content\/uploads\/2024\/03\/DZF26_Hoodie_Erw_back.jpg",1024,1024,false],"woocommerce_gallery_thumbnail":["https:\/\/dachzeltnomaden.com\/shop\/wp-content\/uploads\/2024\/03\/DZF26_Hoodie_Erw_back-100x100.jpg",100,100,true]},"uagb_author_info":{"display_name":"Sibylle","author_link":"https:\/\/dachzeltnomaden.com\/shop\/author\/"},"uagb_comment_info":0,"uagb_excerpt":"Der Vorverkauf f\u00fcr den DACHZELT FESTIVAL 2026 Merch ist gestartet! Viele haben schon darauf gewartet \u2013 jetzt ist es endlich [&hellip;]","_links":{"self":[{"href":"https:\/\/dachzeltnomaden.com\/shop\/wp-json\/wp\/v2\/product\/1829","targetHints":{"allow":["GET"]}}],"collection":[{"href":"https:\/\/dachzeltnomaden.com\/shop\/wp-json\/wp\/v2\/product"}],"about":[{"href":"https:\/\/dachzeltnomaden.com\/shop\/wp-json\/wp\/v2\/types\/product"}],"wp:featuredmedia":[{"embeddable":true,"href":"https:\/\/dachzeltnomaden.com\/shop\/wp-json\/wp\/v2\/media\/140170"}],"wp:attachment":[{"href":"https:\/\/dachzeltnomaden.com\/shop\/wp-json\/wp\/v2\/media?parent=1829"}],"wp:term":[{"taxonomy":"product_brand","embeddable":true,"href":"https:\/\/dachzeltnomaden.com\/shop\/wp-json\/wp\/v2\/product_brand?post=1829"},{"taxonomy":"product_cat","embeddable":true,"href":"https:\/\/dachzeltnomaden.com\/shop\/wp-json\/wp\/v2\/product_cat?post=1829"},{"taxonomy":"product_tag","embeddable":true,"href":"https:\/\/dachzeltnomaden.com\/shop\/wp-json\/wp\/v2\/product_tag?post=1829"}],"curies":[{"name":"wp","href":"https:\/\/api.w.org\/{rel}","templated":true}]}}