{"id":18,"date":"2024-01-11T10:55:58","date_gmt":"2024-01-11T09:55:58","guid":{"rendered":"https:\/\/shop.dachzeltnomaden.com\/?post_type=product&#038;p=18"},"modified":"2026-04-04T22:16:13","modified_gmt":"2026-04-04T20:16:13","slug":"dzn-label","status":"publish","type":"product","link":"https:\/\/dachzeltnomaden.com\/shop\/produkt\/dzn-label\/","title":{"rendered":"DZN Label"},"content":{"rendered":"<p><span style=\"font-size: 1rem;\">Hast du Lust auf eine echte Folierung? Wie w\u00e4re es mit einem besonderen Dachzeltnomaden-Outing. Mach&#8217;s jetzt gr\u00f6\u00dfer mit dem gro\u00dfen Bruder des Community-Aufklebers: dem<\/span><b style=\"font-size: 1rem;\">\u00a0DZN Label.<\/b><\/p>\n<p>Das DZ<span style=\"color: #000000;\">N Label ist <strong>wei\u00df<\/strong> und ca. <strong>15 x 15 cm<\/strong><\/span><\/p>\n<p><span style=\"color: #000000;\">Beim Label handelt es sich um eine <\/span><b><span style=\"color: #000000;\">ec<\/span>hte Folierung<\/b> f\u00fcr dein Auto, die es ab sofort in unserem Shop in vielen verschiedenen Farben zu kaufen gibt !<\/p>\n<p>Du hast individuelle W\u00fcnsche zur Gr\u00f6\u00dfe oder Farbe ? Schreib uns einfach an mail@dachzeltnomaden.com und wir versuchen es m\u00f6glich zu machen !<\/p>\n","protected":false},"excerpt":{"rendered":"<p>Hast du Lust auf eine echte Folierung? Wie w\u00e4re es mit einem besonderen Dachzeltnomaden-Outing. Mach&#8217;s jetzt gr\u00f6\u00dfer mit dem gro\u00dfen [&hellip;]<\/p>\n","protected":false},"featured_media":130357,"template":"","meta":{"_uag_custom_page_level_css":"","site-sidebar-layout":"default","site-content-layout":"","ast-site-content-layout":"default","site-content-style":"default","site-sidebar-style":"default","ast-global-header-display":"","ast-banner-title-visibility":"","ast-main-header-display":"","ast-hfb-above-header-display":"","ast-hfb-below-header-display":"","ast-hfb-mobile-header-display":"","site-post-title":"","ast-breadcrumbs-content":"","ast-featured-img":"","footer-sml-layout":"","ast-disable-related-posts":"","theme-transparent-header-meta":"","adv-header-id-meta":"","stick-header-meta":"","header-above-stick-meta":"","header-main-stick-meta":"","header-below-stick-meta":"","astra-migrate-meta-layouts":"default","ast-page-background-enabled":"default","ast-page-background-meta":{"desktop":{"background-color":"var(--ast-global-color-4)","background-image":"","background-repeat":"repeat","background-position":"center center","background-size":"auto","background-attachment":"scroll","background-type":"","background-media":"","overlay-type":"","overlay-color":"","overlay-opacity":"","overlay-gradient":""},"tablet":{"background-color":"","background-image":"","background-repeat":"repeat","background-position":"center center","background-size":"auto","background-attachment":"scroll","background-type":"","background-media":"","overlay-type":"","overlay-color":"","overlay-opacity":"","overlay-gradient":""},"mobile":{"background-color":"","background-image":"","background-repeat":"repeat","background-position":"center center","background-size":"auto","background-attachment":"scroll","background-type":"","background-media":"","overlay-type":"","overlay-color":"","overlay-opacity":"","overlay-gradient":""}},"ast-content-background-meta":{"desktop":{"background-color":"var(--ast-global-color-5)","background-image":"","background-repeat":"repeat","background-position":"center center","background-size":"auto","background-attachment":"scroll","background-type":"","background-media":"","overlay-type":"","overlay-color":"","overlay-opacity":"","overlay-gradient":""},"tablet":{"background-color":"var(--ast-global-color-5)","background-image":"","background-repeat":"repeat","background-position":"center center","background-size":"auto","background-attachment":"scroll","background-type":"","background-media":"","overlay-type":"","overlay-color":"","overlay-opacity":"","overlay-gradient":""},"mobile":{"background-color":"var(--ast-global-color-5)","background-image":"","background-repeat":"repeat","background-position":"center center","background-size":"auto","background-attachment":"scroll","background-type":"","background-media":"","overlay-type":"","overlay-color":"","overlay-opacity":"","overlay-gradient":""}},"_themeisle_gutenberg_block_has_review":false},"product_brand":[],"product_cat":[18],"product_tag":[],"class_list":{"0":"post-18","1":"product","2":"type-product","3":"status-publish","4":"has-post-thumbnail","6":"product_cat-dzn-merch","7":"product_shipping_class-grossbrief","8":"desktop-align-left","9":"tablet-align-left","10":"mobile-align-left","11":"ast-product-gallery-layout-vertical-slider","12":"ast-product-single-variable","13":"ast-product-tabs-layout-horizontal","15":"first","16":"instock","17":"taxable","18":"shipping-taxable","19":"purchasable","20":"product-type-variable"},"exclude_global_add_ons":[],"addons":[],"uagb_featured_image_src":{"full":["https:\/\/dachzeltnomaden.com\/shop\/wp-content\/uploads\/2024\/01\/Dachzeltnomaden_Shop_DZN_Merch_dachzelt-label-aufkleber-sticker-logo-5-1024x1365_25.webp",1024,1365,false],"thumbnail":["https:\/\/dachzeltnomaden.com\/shop\/wp-content\/uploads\/2024\/01\/Dachzeltnomaden_Shop_DZN_Merch_dachzelt-label-aufkleber-sticker-logo-5-1024x1365_25-1024x1024.webp",600,600,true],"medium":["https:\/\/dachzeltnomaden.com\/shop\/wp-content\/uploads\/2024\/01\/Dachzeltnomaden_Shop_DZN_Merch_dachzelt-label-aufkleber-sticker-logo-5-1024x1365_25-225x300.webp",225,300,true],"medium_large":["https:\/\/dachzeltnomaden.com\/shop\/wp-content\/uploads\/2024\/01\/Dachzeltnomaden_Shop_DZN_Merch_dachzelt-label-aufkleber-sticker-logo-5-1024x1365_25-768x1024.webp",768,1024,true],"large":["https:\/\/dachzeltnomaden.com\/shop\/wp-content\/uploads\/2024\/01\/Dachzeltnomaden_Shop_DZN_Merch_dachzelt-label-aufkleber-sticker-logo-5-1024x1365_25-768x1024.webp",384,512,true],"1536x1536":["https:\/\/dachzeltnomaden.com\/shop\/wp-content\/uploads\/2024\/01\/Dachzeltnomaden_Shop_DZN_Merch_dachzelt-label-aufkleber-sticker-logo-5-1024x1365_25.webp",1024,1365,false],"2048x2048":["https:\/\/dachzeltnomaden.com\/shop\/wp-content\/uploads\/2024\/01\/Dachzeltnomaden_Shop_DZN_Merch_dachzelt-label-aufkleber-sticker-logo-5-1024x1365_25.webp",1024,1365,false],"woocommerce_thumbnail":["https:\/\/dachzeltnomaden.com\/shop\/wp-content\/uploads\/2024\/01\/Dachzeltnomaden_Shop_DZN_Merch_dachzelt-label-aufkleber-sticker-logo-5-1024x1365_25-600x600.webp",600,600,true],"woocommerce_single":["https:\/\/dachzeltnomaden.com\/shop\/wp-content\/uploads\/2024\/01\/Dachzeltnomaden_Shop_DZN_Merch_dachzelt-label-aufkleber-sticker-logo-5-1024x1365_25.webp",1024,1365,false],"woocommerce_gallery_thumbnail":["https:\/\/dachzeltnomaden.com\/shop\/wp-content\/uploads\/2024\/01\/Dachzeltnomaden_Shop_DZN_Merch_dachzelt-label-aufkleber-sticker-logo-5-1024x1365_25-100x100.webp",100,100,true]},"uagb_author_info":{"display_name":"Sibylle","author_link":"https:\/\/dachzeltnomaden.com\/shop\/author\/"},"uagb_comment_info":0,"uagb_excerpt":"Hast du Lust auf eine echte Folierung? Wie w\u00e4re es mit einem besonderen Dachzeltnomaden-Outing. Mach&#8217;s jetzt gr\u00f6\u00dfer mit dem gro\u00dfen [&hellip;]","_links":{"self":[{"href":"https:\/\/dachzeltnomaden.com\/shop\/wp-json\/wp\/v2\/product\/18","targetHints":{"allow":["GET"]}}],"collection":[{"href":"https:\/\/dachzeltnomaden.com\/shop\/wp-json\/wp\/v2\/product"}],"about":[{"href":"https:\/\/dachzeltnomaden.com\/shop\/wp-json\/wp\/v2\/types\/product"}],"wp:featuredmedia":[{"embeddable":true,"href":"https:\/\/dachzeltnomaden.com\/shop\/wp-json\/wp\/v2\/media\/130357"}],"wp:attachment":[{"href":"https:\/\/dachzeltnomaden.com\/shop\/wp-json\/wp\/v2\/media?parent=18"}],"wp:term":[{"taxonomy":"product_brand","embeddable":true,"href":"https:\/\/dachzeltnomaden.com\/shop\/wp-json\/wp\/v2\/product_brand?post=18"},{"taxonomy":"product_cat","embeddable":true,"href":"https:\/\/dachzeltnomaden.com\/shop\/wp-json\/wp\/v2\/product_cat?post=18"},{"taxonomy":"product_tag","embeddable":true,"href":"https:\/\/dachzeltnomaden.com\/shop\/wp-json\/wp\/v2\/product_tag?post=18"}],"curies":[{"name":"wp","href":"https:\/\/api.w.org\/{rel}","templated":true}]}}