{"id":1789,"date":"2024-03-18T10:19:02","date_gmt":"2024-03-18T09:19:02","guid":{"rendered":"https:\/\/shop.dachzeltnomaden.com\/?post_type=product&#038;p=1789"},"modified":"2026-03-09T03:45:31","modified_gmt":"2026-03-09T02:45:31","slug":"roof-space-dachzelte","status":"publish","type":"product","link":"https:\/\/dachzeltnomaden.com\/shop\/produkt\/roof-space-dachzelte\/","title":{"rendered":"ROOF SPACE <br>Dachzelte"},"content":{"rendered":"\n<p class=\"has-text-align-left\">WERBUNG<br><br>Du suchst ein ROOF SPACE Dachzelt? Dann bist du hier genau richtig! ROOF SPACE Dachzelte gibt es in folgenden Ausf\u00fchrungen:<\/p>\n\n\n\n<ul class=\"wp-block-list\">\n<li>Hartschalen Klappdachzelt<\/li>\n\n\n\n<li>Liegefl\u00e4che Breite: ab 135 cm<\/li>\n\n\n\n<li>Liegefl\u00e4che L\u00e4nge: ab 205 cm<\/li>\n\n\n\n<li>Gewicht: ab 67 kg<\/li>\n\n\n\n<li>Preis: ab 3.599 Euro<\/li>\n<\/ul>\n\n\n\n<p style=\"margin-top:30px\">*Die Links sind Affiliate Links. Wenn du dich f\u00fcr den Kauf eines Dachzeltes entscheidest, erhalten die Dachzeltnomaden eine Provision. Damit unterst\u00fctzt du uns &amp; unsere Arbeit. F\u00fcr dich kostet das Dachzelt deshalb nicht mehr.<\/p>\n\n\n\n<p class=\"has-text-align-left\">Diese ROOF SPACE Dachzelt Modelle sind aktuell zu haben:<\/p>\n\n\n\n<div class=\"wp-block-uagb-container uagb-block-4e207270 default uagb-is-root-container\">\n<div class=\"wp-block-uagb-container uagb-block-754c70c4\">\n<div class=\"wp-block-group is-layout-constrained wp-container-core-group-is-layout-bdcbbb17 wp-block-group-is-layout-constrained\">\n<div class=\"wp-block-uagb-advanced-heading uagb-block-66f0d31e\"><h2 class=\"uagb-heading-text\">ROOF SPACE 2<\/h2><div class=\"uagb-separator\"><\/div><p class=\"uagb-desc-text\"><strong>3.599\u20ac<\/strong><\/p><\/div>\n\n\n\n<div class=\"wp-block-uagb-image uagb-block-2bfd98ee wp-block-uagb-image--layout-default wp-block-uagb-image--effect-static wp-block-uagb-image--align-none\"><figure class=\"wp-block-uagb-image__figure\"><img decoding=\"async\" srcset=\"https:\/\/dachzeltnomaden.com\/shop\/wp-content\/uploads\/2024\/03\/dachzeltnomaden-roof-space-dachzelte-Dachzelt_fuer_2_Personen_Roof_Space_2_Vollansicht-1024x1024.webp ,https:\/\/dachzeltnomaden.com\/shop\/wp-content\/uploads\/2024\/03\/dachzeltnomaden-roof-space-dachzelte-Dachzelt_fuer_2_Personen_Roof_Space_2_Vollansicht.webp 780w, https:\/\/dachzeltnomaden.com\/shop\/wp-content\/uploads\/2024\/03\/dachzeltnomaden-roof-space-dachzelte-Dachzelt_fuer_2_Personen_Roof_Space_2_Vollansicht.webp 360w\" sizes=\"auto, (max-width: 480px) 150px\" src=\"https:\/\/dachzeltnomaden.com\/shop\/wp-content\/uploads\/2024\/03\/dachzeltnomaden-roof-space-dachzelte-Dachzelt_fuer_2_Personen_Roof_Space_2_Vollansicht-1024x1024.webp\" alt=\"roof space 2 dachzelt kaufen produktbild\" class=\"uag-image-131271\" width=\"1024\" height=\"250\" title=\"dachzeltnomaden-roof-space-dachzelte-Dachzelt_fuer_2_Personen_Roof_Space_2_Vollansicht\" loading=\"lazy\" role=\"img\"\/><\/figure><\/div>\n\n\n\n<p class=\"has-ast-global-color-2-color has-text-color has-link-color wp-elements-084636346565622300b2faa4b17b0dd4\">1-2 Personen Dachzelt, Panorama-Modi, f\u00fcr Kleinwagen ab 72 kg Dachlast<\/p>\n\n\n\n<hr class=\"wp-block-separator has-text-color has-ast-global-color-2-color has-alpha-channel-opacity has-ast-global-color-2-background-color has-background\"\/>\n\n\n\n<ul style=\"font-size:15px\" class=\"wp-block-list has-ast-global-color-2-color has-text-color has-link-color wp-elements-c8a50b0302f7930e3986c03d7d0dea46\">\n<li>Ma\u00dfe geschlossen: 156 x 136 x 24 cm<\/li>\n\n\n\n<li>Ma\u00dfe ge\u00f6ffnet: 250 x 150 x 130 cm<\/li>\n\n\n\n<li>Ma\u00dfe Matratze: 205 x 135 cm<\/li>\n\n\n\n<li>Gewicht: 67 kg<\/li>\n<\/ul>\n<\/div>\n\n\n\n<div class=\"wp-block-uagb-buttons uagb-buttons__outer-wrap uagb-btn__default-btn uagb-btn-tablet__default-btn uagb-btn-mobile__default-btn uagb-block-c48bea8a\"><div class=\"uagb-buttons__wrap uagb-buttons-layout-wrap \">\n<div class=\"wp-block-uagb-buttons-child uagb-buttons__outer-wrap uagb-block-560a85a0 wp-block-button\"><div class=\"uagb-button__wrapper\"><a class=\"uagb-buttons-repeater wp-block-button__link\" aria-label=\"\" href=\"#\" rel=\"follow noopener\" target=\"_self\" role=\"button\"><div class=\"uagb-button__link\">Zum ROOF SPACE 2<\/div><\/a><\/div><\/div>\n<\/div><\/div>\n<a class=\"spectra-container-link-overlay\" rel=\"noopener\" target=\"_blank\" href=\"https:\/\/roofspace.de\/products\/roof-space-2?ref=dzn&amp;sub_id=shop_roofspace_2_bb_1\"> <\/a><\/div>\n\n\n\n<div class=\"wp-block-uagb-container uagb-block-751e462b\">\n<div class=\"wp-block-group is-layout-constrained wp-container-core-group-is-layout-bdcbbb17 wp-block-group-is-layout-constrained\">\n<div class=\"wp-block-uagb-advanced-heading uagb-block-a9630844\"><h2 class=\"uagb-heading-text\">ROOF SPACE 4<\/h2><div class=\"uagb-separator\"><\/div><p class=\"uagb-desc-text\"><strong>4.599\u20ac<\/strong><\/p><\/div>\n\n\n\n<div class=\"wp-block-uagb-image uagb-block-f3e48046 wp-block-uagb-image--layout-default wp-block-uagb-image--effect-static wp-block-uagb-image--align-none\"><figure class=\"wp-block-uagb-image__figure\"><img decoding=\"async\" srcset=\"https:\/\/dachzeltnomaden.com\/shop\/wp-content\/uploads\/2024\/03\/dachzeltnomaden-roof-space-dachzelte-roof-space-4_Dachzelt-fuer-4-Personen-Roof-Space-1024x1024.webp ,https:\/\/dachzeltnomaden.com\/shop\/wp-content\/uploads\/2024\/03\/dachzeltnomaden-roof-space-dachzelte-roof-space-4_Dachzelt-fuer-4-Personen-Roof-Space.webp 780w, https:\/\/dachzeltnomaden.com\/shop\/wp-content\/uploads\/2024\/03\/dachzeltnomaden-roof-space-dachzelte-roof-space-4_Dachzelt-fuer-4-Personen-Roof-Space.webp 360w\" sizes=\"auto, (max-width: 480px) 150px\" src=\"https:\/\/dachzeltnomaden.com\/shop\/wp-content\/uploads\/2024\/03\/dachzeltnomaden-roof-space-dachzelte-roof-space-4_Dachzelt-fuer-4-Personen-Roof-Space-1024x1024.webp\" alt=\"dachzelt roof space 4 kaufen produktbild\" class=\"uag-image-131270\" width=\"1024\" height=\"250\" title=\"dachzeltnomaden-roof-space-dachzelte-roof-space-4_Dachzelt-fuer-4-Personen-Roof-Space\" loading=\"lazy\" role=\"img\"\/><\/figure><\/div>\n\n\n\n<p class=\"has-ast-global-color-2-color has-text-color has-link-color wp-elements-89de63aafcc70422fc35d5adf7ed04ee\">4 Personen Dachzelt, Panorama-Modi, <br>f\u00fcr Fahrzeuge ab 94 kg Dachlast<\/p>\n\n\n\n<hr class=\"wp-block-separator has-text-color has-ast-global-color-2-color has-alpha-channel-opacity has-ast-global-color-2-background-color has-background\"\/>\n\n\n\n<ul style=\"font-size:15px\" class=\"wp-block-list has-ast-global-color-2-color has-text-color has-link-color wp-elements-862eb161ec9e0822f866c8ad62bd1943\">\n<li>Ma\u00dfe geschlossen: 221 x 136 x 24 cm<\/li>\n\n\n\n<li>Ma\u00dfe ge\u00f6ffnet: 250 x 210 x 130 cm<\/li>\n\n\n\n<li>Ma\u00dfe Matratze: 205 x 200 cm<\/li>\n\n\n\n<li>Gewicht: 89 kg<\/li>\n<\/ul>\n<\/div>\n\n\n\n<div class=\"wp-block-uagb-buttons uagb-buttons__outer-wrap uagb-btn__default-btn uagb-btn-tablet__default-btn uagb-btn-mobile__default-btn uagb-block-e9253de5\"><div class=\"uagb-buttons__wrap uagb-buttons-layout-wrap \">\n<div class=\"wp-block-uagb-buttons-child uagb-buttons__outer-wrap uagb-block-7fedee46 wp-block-button\"><div class=\"uagb-button__wrapper\"><a class=\"uagb-buttons-repeater wp-block-button__link\" aria-label=\"\" href=\"#\" rel=\"follow noopener\" target=\"_self\" role=\"button\"><div class=\"uagb-button__link\">Zum ROOF SPACE 4<\/div><\/a><\/div><\/div>\n<\/div><\/div>\n<a class=\"spectra-container-link-overlay\" rel=\"noopener\" target=\"_blank\" href=\"https:\/\/roofspace.de\/products\/roof-space-4?ref=dzn&amp;sub_id=shop_roofspace_4_bb_1\"> <\/a><\/div>\n\n\n\n<div class=\"wp-block-uagb-container uag-hide-mob uagb-block-626bd2ce\"><a class=\"spectra-container-link-overlay\" rel=\"noopener\" href=\"https:\/\/dachzeltnomaden.com\/nb-flI-XL\"> <\/a><\/div>\n<\/div>\n\n\n\n<div class=\"wp-block-uagb-buttons uagb-buttons__outer-wrap uagb-btn__default-btn uagb-btn-tablet__default-btn uagb-btn-mobile__default-btn uagb-block-858a8c1b\"><div class=\"uagb-buttons__wrap uagb-buttons-layout-wrap \">\n<div class=\"wp-block-uagb-buttons-child uagb-buttons__outer-wrap uagb-block-2b389987 wp-block-button\"><div class=\"uagb-button__wrapper\"><a class=\"uagb-buttons-repeater wp-block-button__link\" aria-label=\"\" href=\"https:\/\/roofspace.de\/collections\/dachzelte?ref=dzn\" rel=\"follow noopener\" target=\"_blank\" role=\"button\"><div class=\"uagb-button__link\">Hier gehts zu den Dachzelten von ROOF SPACE<\/div><\/a><\/div><\/div>\n<\/div><\/div>\n","protected":false},"excerpt":{"rendered":"<p>WERBUNG Du suchst ein ROOF SPACE Dachzelt? Dann bist du hier genau richtig! ROOF SPACE Dachzelte gibt es in folgenden [&hellip;]<\/p>\n","protected":false},"featured_media":130146,"template":"","meta":{"_uag_custom_page_level_css":"","site-sidebar-layout":"default","site-content-layout":"","ast-site-content-layout":"default","site-content-style":"default","site-sidebar-style":"default","ast-global-header-display":"","ast-banner-title-visibility":"","ast-main-header-display":"","ast-hfb-above-header-display":"","ast-hfb-below-header-display":"","ast-hfb-mobile-header-display":"","site-post-title":"","ast-breadcrumbs-content":"","ast-featured-img":"","footer-sml-layout":"","ast-disable-related-posts":"","theme-transparent-header-meta":"default","adv-header-id-meta":"","stick-header-meta":"default","header-above-stick-meta":"","header-main-stick-meta":"","header-below-stick-meta":"","astra-migrate-meta-layouts":"set","ast-page-background-enabled":"default","ast-page-background-meta":{"desktop":{"background-color":"var(--ast-global-color-4)","background-image":"","background-repeat":"repeat","background-position":"center center","background-size":"auto","background-attachment":"scroll","background-type":"","background-media":"","overlay-type":"","overlay-color":"","overlay-opacity":"","overlay-gradient":""},"tablet":{"background-color":"","background-image":"","background-repeat":"repeat","background-position":"center center","background-size":"auto","background-attachment":"scroll","background-type":"","background-media":"","overlay-type":"","overlay-color":"","overlay-opacity":"","overlay-gradient":""},"mobile":{"background-color":"","background-image":"","background-repeat":"repeat","background-position":"center center","background-size":"auto","background-attachment":"scroll","background-type":"","background-media":"","overlay-type":"","overlay-color":"","overlay-opacity":"","overlay-gradient":""}},"ast-content-background-meta":{"desktop":{"background-color":"var(--ast-global-color-5)","background-image":"","background-repeat":"repeat","background-position":"center center","background-size":"auto","background-attachment":"scroll","background-type":"","background-media":"","overlay-type":"","overlay-color":"","overlay-opacity":"","overlay-gradient":""},"tablet":{"background-color":"var(--ast-global-color-5)","background-image":"","background-repeat":"repeat","background-position":"center center","background-size":"auto","background-attachment":"scroll","background-type":"","background-media":"","overlay-type":"","overlay-color":"","overlay-opacity":"","overlay-gradient":""},"mobile":{"background-color":"var(--ast-global-color-5)","background-image":"","background-repeat":"repeat","background-position":"center center","background-size":"auto","background-attachment":"scroll","background-type":"","background-media":"","overlay-type":"","overlay-color":"","overlay-opacity":"","overlay-gradient":""}},"_themeisle_gutenberg_block_has_review":false},"product_brand":[],"product_cat":[108],"product_tag":[],"class_list":{"0":"post-1789","1":"product","2":"type-product","3":"status-publish","4":"has-post-thumbnail","6":"product_cat-dachzelte","7":"desktop-align-left","8":"tablet-align-left","9":"mobile-align-left","10":"ast-product-gallery-layout-vertical-slider","11":"ast-product-tabs-layout-horizontal","13":"first","14":"instock","15":"purchasable","16":"product-type-external"},"exclude_global_add_ons":[],"addons":[],"uagb_featured_image_src":{"full":["https:\/\/dachzeltnomaden.com\/shop\/wp-content\/uploads\/2024\/03\/Dachzeltnomaden_Shop_Dachzelt_kaufen_ROOF_SPACE_ROOFSPACE_2_1024x685.webp",1024,685,false],"thumbnail":["https:\/\/dachzeltnomaden.com\/shop\/wp-content\/uploads\/2024\/03\/Dachzeltnomaden_Shop_Dachzelt_kaufen_ROOF_SPACE_ROOFSPACE_2_1024x685.webp",600,401,false],"medium":["https:\/\/dachzeltnomaden.com\/shop\/wp-content\/uploads\/2024\/03\/Dachzeltnomaden_Shop_Dachzelt_kaufen_ROOF_SPACE_ROOFSPACE_2_1024x685-300x201.webp",300,201,true],"medium_large":["https:\/\/dachzeltnomaden.com\/shop\/wp-content\/uploads\/2024\/03\/Dachzeltnomaden_Shop_Dachzelt_kaufen_ROOF_SPACE_ROOFSPACE_2_1024x685-768x514.webp",768,514,true],"large":["https:\/\/dachzeltnomaden.com\/shop\/wp-content\/uploads\/2024\/03\/Dachzeltnomaden_Shop_Dachzelt_kaufen_ROOF_SPACE_ROOFSPACE_2_1024x685.webp",765,512,false],"1536x1536":["https:\/\/dachzeltnomaden.com\/shop\/wp-content\/uploads\/2024\/03\/Dachzeltnomaden_Shop_Dachzelt_kaufen_ROOF_SPACE_ROOFSPACE_2_1024x685.webp",1024,685,false],"2048x2048":["https:\/\/dachzeltnomaden.com\/shop\/wp-content\/uploads\/2024\/03\/Dachzeltnomaden_Shop_Dachzelt_kaufen_ROOF_SPACE_ROOFSPACE_2_1024x685.webp",1024,685,false],"woocommerce_thumbnail":["https:\/\/dachzeltnomaden.com\/shop\/wp-content\/uploads\/2024\/03\/Dachzeltnomaden_Shop_Dachzelt_kaufen_ROOF_SPACE_ROOFSPACE_2_1024x685-600x600.webp",600,600,true],"woocommerce_single":["https:\/\/dachzeltnomaden.com\/shop\/wp-content\/uploads\/2024\/03\/Dachzeltnomaden_Shop_Dachzelt_kaufen_ROOF_SPACE_ROOFSPACE_2_1024x685.webp",1024,685,false],"woocommerce_gallery_thumbnail":["https:\/\/dachzeltnomaden.com\/shop\/wp-content\/uploads\/2024\/03\/Dachzeltnomaden_Shop_Dachzelt_kaufen_ROOF_SPACE_ROOFSPACE_2_1024x685-100x100.webp",100,100,true]},"uagb_author_info":{"display_name":"Jasmine","author_link":"https:\/\/dachzeltnomaden.com\/shop\/author\/"},"uagb_comment_info":0,"uagb_excerpt":"WERBUNG Du suchst ein ROOF SPACE Dachzelt? Dann bist du hier genau richtig! ROOF SPACE Dachzelte gibt es in folgenden [&hellip;]","_links":{"self":[{"href":"https:\/\/dachzeltnomaden.com\/shop\/wp-json\/wp\/v2\/product\/1789","targetHints":{"allow":["GET"]}}],"collection":[{"href":"https:\/\/dachzeltnomaden.com\/shop\/wp-json\/wp\/v2\/product"}],"about":[{"href":"https:\/\/dachzeltnomaden.com\/shop\/wp-json\/wp\/v2\/types\/product"}],"wp:featuredmedia":[{"embeddable":true,"href":"https:\/\/dachzeltnomaden.com\/shop\/wp-json\/wp\/v2\/media\/130146"}],"wp:attachment":[{"href":"https:\/\/dachzeltnomaden.com\/shop\/wp-json\/wp\/v2\/media?parent=1789"}],"wp:term":[{"taxonomy":"product_brand","embeddable":true,"href":"https:\/\/dachzeltnomaden.com\/shop\/wp-json\/wp\/v2\/product_brand?post=1789"},{"taxonomy":"product_cat","embeddable":true,"href":"https:\/\/dachzeltnomaden.com\/shop\/wp-json\/wp\/v2\/product_cat?post=1789"},{"taxonomy":"product_tag","embeddable":true,"href":"https:\/\/dachzeltnomaden.com\/shop\/wp-json\/wp\/v2\/product_tag?post=1789"}],"curies":[{"name":"wp","href":"https:\/\/api.w.org\/{rel}","templated":true}]}}