{"id":1784,"date":"2024-03-18T09:57:27","date_gmt":"2024-03-18T08:57:27","guid":{"rendered":"https:\/\/shop.dachzeltnomaden.com\/?post_type=product&#038;p=1784"},"modified":"2026-03-09T03:15:53","modified_gmt":"2026-03-09T02:15:53","slug":"anees-dachzelte","status":"publish","type":"product","link":"https:\/\/dachzeltnomaden.com\/shop\/produkt\/anees-dachzelte\/","title":{"rendered":"ANEES<br>Dachzelte"},"content":{"rendered":"\n<p class=\"has-text-align-left\">WERBUNG<br><br>Du suchst ein ANEES Dachzelt? Dann bist du hier genau richtig! ANEES Dachzelte gibt es in folgenden Ausf\u00fchrungen:<\/p>\n\n\n\n<ul class=\"wp-block-list\">\n<li>Hartschalendachzelte, Hybriddachzelte<\/li>\n\n\n\n<li>Liegefl\u00e4che Breite: 120 &#8211; 192 cm<\/li>\n\n\n\n<li>Liegefl\u00e4che L\u00e4nge: 200 &#8211; 242 cm<\/li>\n\n\n\n<li>Gewicht: 61 &#8211; 81 kg<\/li>\n\n\n\n<li>Preis: 2.495 &#8211; 3.295 Euro<\/li>\n<\/ul>\n\n\n\n<p style=\"margin-top:30px\">*Die Links sind Affiliate Links. Wenn du dich f\u00fcr den Kauf eines Dachzeltes entscheidest, erhalten die Dachzeltnomaden eine Provision. Damit unterst\u00fctzt du uns &amp; unsere Arbeit. F\u00fcr dich kostet das Dachzelt deshalb nicht mehr.<br><br>Diese ANEES Dachzelt Modelle sind aktuell zu haben:<\/p>\n\n\n\n<div class=\"wp-block-uagb-container uagb-block-59993f54 default uagb-is-root-container\">\n<div class=\"wp-block-uagb-container uagb-block-c56be715 default uagb-is-root-container\">\n<div class=\"wp-block-group is-layout-constrained wp-container-core-group-is-layout-bdcbbb17 wp-block-group-is-layout-constrained\">\n<div class=\"wp-block-uagb-advanced-heading uagb-block-3d3c16d3\"><h2 class=\"uagb-heading-text\">Alu Hybrid <\/h2><div class=\"uagb-separator\"><\/div><p class=\"uagb-desc-text\"><strong>ab 2.795 \u20ac<\/strong>  <br><\/p><\/div>\n\n\n\n<div class=\"wp-block-uagb-image uagb-block-c4349972 wp-block-uagb-image--layout-default wp-block-uagb-image--effect-static wp-block-uagb-image--align-none\"><figure class=\"wp-block-uagb-image__figure\"><img decoding=\"async\" srcset=\"https:\/\/dachzeltnomaden.com\/shop\/wp-content\/uploads\/2024\/03\/Dachzeltnomaden-Dachzelt-ANEES-Alu_Hybrid_1024_75.webp ,https:\/\/dachzeltnomaden.com\/shop\/wp-content\/uploads\/2024\/03\/Dachzeltnomaden-Dachzelt-ANEES-Alu_Hybrid_1024_75.webp 780w, https:\/\/dachzeltnomaden.com\/shop\/wp-content\/uploads\/2024\/03\/Dachzeltnomaden-Dachzelt-ANEES-Alu_Hybrid_1024_75.webp 360w\" sizes=\"auto, (max-width: 480px) 150px\" src=\"https:\/\/dachzeltnomaden.com\/shop\/wp-content\/uploads\/2024\/03\/Dachzeltnomaden-Dachzelt-ANEES-Alu_Hybrid_1024_75.webp\" alt=\"Dachzeltnomaden Shop Dachzelt kaufen ANEES Alu Hybrid\" class=\"uag-image-130103\" width=\"1024\" height=\"250\" title=\"Dachzeltnomaden-Dachzelt-ANEES-Alu_Hybrid_1024_75\" loading=\"lazy\" role=\"img\"\/><\/figure><\/div>\n\n\n\n<p class=\"has-ast-global-color-2-color has-text-color has-link-color wp-elements-b72791d54b793eb6862b3f854455e58f\">Dachzelt f\u00fcr bis zu 3 Personen (zwei Gr\u00f6\u00dfen), Alu-Hartschale, f\u00fcr Fahrzeuge ab 69 kg Dachlast<\/p>\n\n\n\n<hr class=\"wp-block-separator has-text-color has-ast-global-color-2-color has-alpha-channel-opacity has-ast-global-color-2-background-color has-background\"\/>\n\n\n\n<ul style=\"font-size:15px\" class=\"wp-block-list has-ast-global-color-2-color has-text-color has-link-color wp-elements-c2b4226ea6de1a2a2fe57c6a8300d9dc\">\n<li>Farbe: braun, grau<\/li>\n\n\n\n<li>Ma\u00dfe geschlossen: 160 x 125 x 28cm | 180 x 120 x 27 cm<\/li>\n\n\n\n<li>Ma\u00dfe ge\u00f6ffnet: 160 x 210 x 116cm | 180 x 210 x 120 cm<\/li>\n\n\n\n<li>Ma\u00dfe Matratze: 200 x 152 x 4,5cm | 200 x 172 x 4,5cm<\/li>\n\n\n\n<li>Gewicht: 64 kg |  81 kg<\/li>\n<\/ul>\n<\/div>\n\n\n\n<div class=\"wp-block-uagb-buttons uagb-buttons__outer-wrap uagb-btn__default-btn uagb-btn-tablet__default-btn uagb-btn-mobile__default-btn uagb-block-e2bb357d\"><div class=\"uagb-buttons__wrap uagb-buttons-layout-wrap \">\n<div class=\"wp-block-uagb-buttons-child uagb-buttons__outer-wrap uagb-block-631faa5e wp-block-button\"><div class=\"uagb-button__wrapper\"><a class=\"uagb-buttons-repeater wp-block-button__link\" aria-label=\"\" href=\"#\" rel=\"follow noopener\" target=\"_self\" role=\"button\"><div class=\"uagb-button__link\">Zum ANEES Alu Hybrid<\/div><\/a><\/div><\/div>\n<\/div><\/div>\n<a class=\"spectra-container-link-overlay\" rel=\"noopener\" target=\"_blank\" href=\"https:\/\/dachzelte-kaufen.de\/products\/anees-aluminium-hybrid?ref=dzn&amp;sub_id=shop_anees_aluhybrid_bb_1\"> <\/a><\/div>\n\n\n\n<div class=\"wp-block-uagb-container uagb-block-15d5dd2d default uagb-is-root-container\">\n<div class=\"wp-block-group is-layout-constrained wp-container-core-group-is-layout-bdcbbb17 wp-block-group-is-layout-constrained\">\n<div class=\"wp-block-uagb-advanced-heading uagb-block-9d890500\"><h2 class=\"uagb-heading-text\">Family Hybrid 2026<\/h2><div class=\"uagb-separator\"><\/div><p class=\"uagb-desc-text\"><strong>2.995 \u20ac<\/strong><br><\/p><\/div>\n\n\n\n<div class=\"wp-block-uagb-image uagb-block-979faf06 wp-block-uagb-image--layout-default wp-block-uagb-image--effect-static wp-block-uagb-image--align-none\"><figure class=\"wp-block-uagb-image__figure\"><img decoding=\"async\" srcset=\"https:\/\/dachzeltnomaden.com\/shop\/wp-content\/uploads\/2024\/03\/dachzeltnomaden_Anees_Dachzelte-Family-Hybrid.webp ,https:\/\/dachzeltnomaden.com\/shop\/wp-content\/uploads\/2024\/03\/dachzeltnomaden_Anees_Dachzelte-Family-Hybrid.webp 780w, https:\/\/dachzeltnomaden.com\/shop\/wp-content\/uploads\/2024\/03\/dachzeltnomaden_Anees_Dachzelte-Family-Hybrid.webp 360w\" sizes=\"auto, (max-width: 480px) 150px\" src=\"https:\/\/dachzeltnomaden.com\/shop\/wp-content\/uploads\/2024\/03\/dachzeltnomaden_Anees_Dachzelte-Family-Hybrid.webp\" alt=\"Dachzeltnomaden Shop Dachzelt kaufen ANEES Family Hybrid   \" class=\"uag-image-131179\" width=\"1024\" height=\"250\" title=\"dachzeltnomaden_Anees_Dachzelte-Family-Hybrid\" loading=\"lazy\" role=\"img\"\/><\/figure><\/div>\n\n\n\n<p class=\"has-ast-global-color-2-color has-text-color has-link-color wp-elements-2e7a7f8912979404e75aaa39015c538c\">Dachzelt f\u00fcr 4 Personen, ABS-Hartschale, f\u00fcr Fahrzeuge ab 80 kg Dachlast<\/p>\n\n\n\n<hr class=\"wp-block-separator has-text-color has-ast-global-color-2-color has-alpha-channel-opacity has-ast-global-color-2-background-color has-background\"\/>\n\n\n\n<ul style=\"font-size:15px\" class=\"wp-block-list has-ast-global-color-2-color has-text-color has-link-color wp-elements-4525fcd376962a777c5782f54bc71086\">\n<li>Farbe: schwarz<\/li>\n\n\n\n<li>Ma\u00dfe geschlossen: 200 x 120 x 26 cm<\/li>\n\n\n\n<li>Ma\u00dfe ge\u00f6ffnet: 220 x 197 x 115 cm<\/li>\n\n\n\n<li>Ma\u00dfe Matratze: 200 x 192 x 4,5 cm<\/li>\n\n\n\n<li>Gewicht: 74,8 kg<\/li>\n<\/ul>\n<\/div>\n\n\n\n<div class=\"wp-block-uagb-buttons uagb-buttons__outer-wrap uagb-btn__default-btn uagb-btn-tablet__default-btn uagb-btn-mobile__default-btn uagb-block-9773b122\"><div class=\"uagb-buttons__wrap uagb-buttons-layout-wrap \">\n<div class=\"wp-block-uagb-buttons-child uagb-buttons__outer-wrap uagb-block-740763c4 wp-block-button\"><div class=\"uagb-button__wrapper\"><a class=\"uagb-buttons-repeater wp-block-button__link\" aria-label=\"\" href=\"#\" rel=\"follow noopener\" target=\"_self\" role=\"button\"><div class=\"uagb-button__link\">Zum ANEES Family Hybrid<\/div><\/a><\/div><\/div>\n<\/div><\/div>\n<a class=\"spectra-container-link-overlay\" rel=\"noopener\" target=\"_blank\" href=\"https:\/\/dachzelte-kaufen.de\/products\/anees-family-dachzelt-hybrid?ref=dzn&amp;sub_id=shop_anees_familyhybrid_bb_1\"> <\/a><\/div>\n\n\n\n<div class=\"wp-block-uagb-container uagb-block-549b2c05\">\n<div class=\"wp-block-group is-layout-constrained wp-container-core-group-is-layout-bdcbbb17 wp-block-group-is-layout-constrained\">\n<div class=\"wp-block-uagb-advanced-heading uagb-block-64d2fc5a\"><h2 class=\"uagb-heading-text\">Alu Square 2026<\/h2><div class=\"uagb-separator\"><\/div><p class=\"uagb-desc-text\"><strong>ab<\/strong> <strong>2.495 \u20ac<\/strong><br><\/p><\/div>\n\n\n\n<div class=\"wp-block-uagb-image uagb-block-cda1c6a3 wp-block-uagb-image--layout-default wp-block-uagb-image--effect-static wp-block-uagb-image--align-none\"><figure class=\"wp-block-uagb-image__figure\"><img decoding=\"async\" srcset=\"https:\/\/dachzeltnomaden.com\/shop\/wp-content\/uploads\/2024\/03\/Dachzeltnomaden-Dachzelt-ANEES-Alu_Hartschale-Square_1024_90.webp ,https:\/\/dachzeltnomaden.com\/shop\/wp-content\/uploads\/2024\/03\/Dachzeltnomaden-Dachzelt-ANEES-Alu_Hartschale-Square_1024_90.webp 780w, https:\/\/dachzeltnomaden.com\/shop\/wp-content\/uploads\/2024\/03\/Dachzeltnomaden-Dachzelt-ANEES-Alu_Hartschale-Square_1024_90.webp 360w\" sizes=\"auto, (max-width: 480px) 150px\" src=\"https:\/\/dachzeltnomaden.com\/shop\/wp-content\/uploads\/2024\/03\/Dachzeltnomaden-Dachzelt-ANEES-Alu_Hartschale-Square_1024_90.webp\" alt=\"Dachzeltnomaden Shop Dachzelt kaufen ANEES Alu Square\" class=\"uag-image-130101\" width=\"1024\" height=\"250\" title=\"Dachzeltnomaden-Dachzelt-ANEES-Alu_Hartschale-Square_1024_90\" loading=\"lazy\" role=\"img\"\/><\/figure><\/div>\n\n\n\n<p class=\"has-ast-global-color-2-color has-text-color has-link-color wp-elements-c62e14c1c56e58848f894d70c52937e7\">1-2 Personen Dachzelt, (zwei Gr\u00f6\u00dfen) extra Dachtr\u00e4ger, Alu-Hartschale, f\u00fcr Fahrzeuge ab 68 kg Dachlast<\/p>\n\n\n\n<hr class=\"wp-block-separator has-text-color has-ast-global-color-2-color has-alpha-channel-opacity has-ast-global-color-2-background-color has-background\"\/>\n\n\n\n<ul style=\"font-size:15px\" class=\"wp-block-list has-ast-global-color-2-color has-text-color has-link-color wp-elements-72fab988344901eaed3ad440096af5ea\">\n<li>Farbe: schwarz<\/li>\n\n\n\n<li>Ma\u00dfe geschlossen: 212 x 132 x 18cm | 212 x 148 x 18 cm<\/li>\n\n\n\n<li>Ma\u00dfe ge\u00f6ffnet: 212 x 132 x 100 cm | 212 x 148 x 100 cm<\/li>\n\n\n\n<li>Ma\u00dfe Matratze: 202 x 120 x 7,5 cm | 202 x 136 x 7,5 cm<\/li>\n\n\n\n<li>Gewicht: 63 kg | 71 kg<\/li>\n<\/ul>\n<\/div>\n\n\n\n<div class=\"wp-block-uagb-buttons uagb-buttons__outer-wrap uagb-btn__default-btn uagb-btn-tablet__default-btn uagb-btn-mobile__default-btn uagb-block-7c96cdbe\"><div class=\"uagb-buttons__wrap uagb-buttons-layout-wrap \">\n<div class=\"wp-block-uagb-buttons-child uagb-buttons__outer-wrap uagb-block-cb9490de wp-block-button\"><div class=\"uagb-button__wrapper\"><a class=\"uagb-buttons-repeater wp-block-button__link\" aria-label=\"\" href=\"#\" rel=\"follow noopener\" target=\"_self\" role=\"button\"><div class=\"uagb-button__link\">Zum ANEES Alu Square<\/div><\/a><\/div><\/div>\n<\/div><\/div>\n<a class=\"spectra-container-link-overlay\" rel=\"noopener\" target=\"_blank\" href=\"https:\/\/dachzelte-kaufen.de\/products\/anees-aluminium-square?ref=dzn&amp;sub_id=shop_anees_alusquare_bb_1\"> <\/a><\/div>\n<\/div>\n\n\n\n<div class=\"wp-block-uagb-container uagb-block-9e66b7cd default uagb-is-root-container\">\n<div class=\"wp-block-uagb-container uagb-block-b514fe7c default uagb-is-root-container\">\n<div class=\"wp-block-group is-layout-constrained wp-container-core-group-is-layout-bdcbbb17 wp-block-group-is-layout-constrained\">\n<div class=\"wp-block-uagb-advanced-heading uagb-block-5a971b6b\"><h2 class=\"uagb-heading-text\">Alu Triangle<\/h2><div class=\"uagb-separator\"><\/div><p class=\"uagb-desc-text\"><strong>ab 2.495\u20ac<\/strong><\/p><\/div>\n\n\n\n<div class=\"wp-block-uagb-image uagb-block-87df91fb wp-block-uagb-image--layout-default wp-block-uagb-image--effect-static wp-block-uagb-image--align-none\"><figure class=\"wp-block-uagb-image__figure\"><img decoding=\"async\" srcset=\"https:\/\/dachzeltnomaden.com\/shop\/wp-content\/uploads\/2024\/03\/Dachzeltnomaden-Dachzelt-ANEES-Alu_Hartschale-Triangle_1024_75.webp ,https:\/\/dachzeltnomaden.com\/shop\/wp-content\/uploads\/2024\/03\/Dachzeltnomaden-Dachzelt-ANEES-Alu_Hartschale-Triangle_1024_75.webp 780w, https:\/\/dachzeltnomaden.com\/shop\/wp-content\/uploads\/2024\/03\/Dachzeltnomaden-Dachzelt-ANEES-Alu_Hartschale-Triangle_1024_75.webp 360w\" sizes=\"auto, (max-width: 480px) 150px\" src=\"https:\/\/dachzeltnomaden.com\/shop\/wp-content\/uploads\/2024\/03\/Dachzeltnomaden-Dachzelt-ANEES-Alu_Hartschale-Triangle_1024_75.webp\" alt=\"Dachzeltnomaden Shop Dachzelt kaufen ANEES Alu Triangle\" class=\"uag-image-130102\" width=\"1024\" height=\"250\" title=\"Dachzeltnomaden-Dachzelt-ANEES-Alu_Hartschale-Triangle_1024_75\" loading=\"lazy\" role=\"img\"\/><\/figure><\/div>\n\n\n\n<p class=\"has-ast-global-color-2-color has-text-color has-link-color wp-elements-87b345bdebeb0ce2f331f248e2461b7d\">1-2 Personen Dachzelt, (zwei Gr\u00f6\u00dfen) extra Dachtr\u00e4ger, Alu-Hartschale, f\u00fcr Fahrzeuge ab 66 kg Dachlast<\/p>\n\n\n\n<hr class=\"wp-block-separator has-text-color has-ast-global-color-2-color has-alpha-channel-opacity has-ast-global-color-2-background-color has-background\" style=\"margin-top:10px;margin-bottom:10px\"\/>\n\n\n\n<ul style=\"font-size:15px\" class=\"wp-block-list has-ast-global-color-2-color has-text-color has-link-color wp-elements-4cdefc10fcc3be747ef56e1053ce4e16\">\n<li>Farbe: schwarz | grau<\/li>\n\n\n\n<li>Ma\u00dfe geschlossen: 212 x 136 x 18 cm | 212 x 148 x 18 cm<\/li>\n\n\n\n<li>Ma\u00dfe ge\u00f6ffnet: 212 x 136 x 100 cm | 212 x 148 x 100 cm<\/li>\n\n\n\n<li>Ma\u00dfe Matratze: 202 x 120 x 7,5 cm | 202 x 136 x 7,5 cm<\/li>\n\n\n\n<li>Gewicht: 61 kg | 70 kg<\/li>\n<\/ul>\n<\/div>\n\n\n\n<div class=\"wp-block-uagb-buttons uagb-buttons__outer-wrap uagb-btn__default-btn uagb-btn-tablet__default-btn uagb-btn-mobile__default-btn uagb-block-869ffd48\"><div class=\"uagb-buttons__wrap uagb-buttons-layout-wrap \">\n<div class=\"wp-block-uagb-buttons-child uagb-buttons__outer-wrap uagb-block-1a217c2d wp-block-button\"><div class=\"uagb-button__wrapper\"><a class=\"uagb-buttons-repeater wp-block-button__link\" aria-label=\"\" href=\"#\" rel=\"follow noopener\" target=\"_self\" role=\"button\"><div class=\"uagb-button__link\">Zum ANEES Alu Triangle<\/div><\/a><\/div><\/div>\n<\/div><\/div>\n<a class=\"spectra-container-link-overlay\" rel=\"noopener\" target=\"_blank\" href=\"https:\/\/dachzelte-kaufen.de\/products\/anees-aluminium-triangle?ref=dzn&amp;sub_id=shop_anees_alutriangle_bb_1\"> <\/a><\/div>\n\n\n\n<div class=\"wp-block-uagb-container uagb-block-bbc5993a\">\n<div class=\"wp-block-group is-layout-constrained wp-container-core-group-is-layout-bdcbbb17 wp-block-group-is-layout-constrained\">\n<div class=\"wp-block-uagb-advanced-heading uagb-block-3a8bf064\"><h2 class=\"uagb-heading-text\">Alu Triangle extralong<\/h2><div class=\"uagb-separator\"><\/div><p class=\"uagb-desc-text\"><strong>ab 3.295\u20ac<\/strong><\/p><\/div>\n\n\n\n<div class=\"wp-block-uagb-image uagb-block-1584e592 wp-block-uagb-image--layout-default wp-block-uagb-image--effect-static wp-block-uagb-image--align-none\"><figure class=\"wp-block-uagb-image__figure\"><img decoding=\"async\" srcset=\"https:\/\/dachzeltnomaden.com\/shop\/wp-content\/uploads\/2024\/03\/Dachzeltnomaden-Dachzelt-ANEES-Alu_Hartschale-Triangle_1024_75.webp ,https:\/\/dachzeltnomaden.com\/shop\/wp-content\/uploads\/2024\/03\/Dachzeltnomaden-Dachzelt-ANEES-Alu_Hartschale-Triangle_1024_75.webp 780w, https:\/\/dachzeltnomaden.com\/shop\/wp-content\/uploads\/2024\/03\/Dachzeltnomaden-Dachzelt-ANEES-Alu_Hartschale-Triangle_1024_75.webp 360w\" sizes=\"auto, (max-width: 480px) 150px\" src=\"https:\/\/dachzeltnomaden.com\/shop\/wp-content\/uploads\/2024\/03\/Dachzeltnomaden-Dachzelt-ANEES-Alu_Hartschale-Triangle_1024_75.webp\" alt=\"Dachzeltnomaden Shop Dachzelt kaufen ANEES Alu Triangle\" class=\"uag-image-130102\" width=\"1024\" height=\"250\" title=\"Dachzeltnomaden-Dachzelt-ANEES-Alu_Hartschale-Triangle_1024_75\" loading=\"lazy\" role=\"img\"\/><\/figure><\/div>\n\n\n\n<p class=\"has-ast-global-color-2-color has-text-color has-link-color wp-elements-1329eaedaa5972a94e52864e3c151e1f\">1-2 Personen Dachzelt, (zwei Gr\u00f6\u00dfen) extra Dachtr\u00e4ger, Alu-Hartschale, f\u00fcr Fahrzeuge ab 76 kg Dachlast<\/p>\n\n\n\n<hr class=\"wp-block-separator has-text-color has-ast-global-color-2-color has-alpha-channel-opacity has-ast-global-color-2-background-color has-background\"\/>\n\n\n\n<ul style=\"font-size:15px\" class=\"wp-block-list has-ast-global-color-2-color has-text-color has-link-color wp-elements-c9fa6c60af8b79b6c9c6e689d6e60b2e\">\n<li>Farbe: schwarz | grau<\/li>\n\n\n\n<li>Ma\u00dfe geschlossen: 252 x 136 x 18 cm | 252 x 148 x 18 cm<\/li>\n\n\n\n<li>Ma\u00dfe ge\u00f6ffnet: 252 x 136 x 170 cm | 252 x 148 x 170 cm<\/li>\n\n\n\n<li>Ma\u00dfe Matratze: 242 x 120 x 7,5 cm | 242 x 136 x 7,5 cm<\/li>\n\n\n\n<li>Gewicht: 71 kg | 81 kg<\/li>\n<\/ul>\n<\/div>\n\n\n\n<div class=\"wp-block-uagb-buttons uagb-buttons__outer-wrap uagb-btn__default-btn uagb-btn-tablet__default-btn uagb-btn-mobile__default-btn uagb-block-a23918ae\"><div class=\"uagb-buttons__wrap uagb-buttons-layout-wrap \">\n<div class=\"wp-block-uagb-buttons-child uagb-buttons__outer-wrap uagb-block-95fb1b45 wp-block-button\"><div class=\"uagb-button__wrapper\"><a class=\"uagb-buttons-repeater wp-block-button__link\" aria-label=\"\" href=\"#\" rel=\"follow noopener\" target=\"_self\" role=\"button\"><div class=\"uagb-button__link\">Zum ANEES Alu Triangle extralong<\/div><\/a><\/div><\/div>\n<\/div><\/div>\n<a class=\"spectra-container-link-overlay\" rel=\"noopener\" target=\"_blank\" href=\"https:\/\/dachzelte-kaufen.de\/products\/anees-aluminium-triangle?ref=dzn&amp;sub_id=shop_anees_alutriangleXL_bb_1\"> <\/a><\/div>\n\n\n\n<div class=\"wp-block-uagb-container uag-hide-mob uagb-block-11efe587 default uagb-is-root-container\"><a class=\"spectra-container-link-overlay\" rel=\"noopener\" target=\"_blank\" href=\"https:\/\/dachzeltnomaden.com\/h80f\"> <\/a><\/div>\n<\/div>\n","protected":false},"excerpt":{"rendered":"<p>WERBUNG Du suchst ein ANEES Dachzelt? Dann bist du hier genau richtig! ANEES Dachzelte gibt es in folgenden Ausf\u00fchrungen: *Die [&hellip;]<\/p>\n","protected":false},"featured_media":130100,"template":"","meta":{"_uag_custom_page_level_css":"","site-sidebar-layout":"default","site-content-layout":"","ast-site-content-layout":"default","site-content-style":"default","site-sidebar-style":"default","ast-global-header-display":"","ast-banner-title-visibility":"","ast-main-header-display":"","ast-hfb-above-header-display":"","ast-hfb-below-header-display":"","ast-hfb-mobile-header-display":"","site-post-title":"","ast-breadcrumbs-content":"","ast-featured-img":"","footer-sml-layout":"","ast-disable-related-posts":"","theme-transparent-header-meta":"default","adv-header-id-meta":"","stick-header-meta":"default","header-above-stick-meta":"","header-main-stick-meta":"","header-below-stick-meta":"","astra-migrate-meta-layouts":"set","ast-page-background-enabled":"default","ast-page-background-meta":{"desktop":{"background-color":"var(--ast-global-color-4)","background-image":"","background-repeat":"repeat","background-position":"center center","background-size":"auto","background-attachment":"scroll","background-type":"","background-media":"","overlay-type":"","overlay-color":"","overlay-opacity":"","overlay-gradient":""},"tablet":{"background-color":"","background-image":"","background-repeat":"repeat","background-position":"center center","background-size":"auto","background-attachment":"scroll","background-type":"","background-media":"","overlay-type":"","overlay-color":"","overlay-opacity":"","overlay-gradient":""},"mobile":{"background-color":"","background-image":"","background-repeat":"repeat","background-position":"center center","background-size":"auto","background-attachment":"scroll","background-type":"","background-media":"","overlay-type":"","overlay-color":"","overlay-opacity":"","overlay-gradient":""}},"ast-content-background-meta":{"desktop":{"background-color":"var(--ast-global-color-5)","background-image":"","background-repeat":"repeat","background-position":"center center","background-size":"auto","background-attachment":"scroll","background-type":"","background-media":"","overlay-type":"","overlay-color":"","overlay-opacity":"","overlay-gradient":""},"tablet":{"background-color":"var(--ast-global-color-5)","background-image":"","background-repeat":"repeat","background-position":"center center","background-size":"auto","background-attachment":"scroll","background-type":"","background-media":"","overlay-type":"","overlay-color":"","overlay-opacity":"","overlay-gradient":""},"mobile":{"background-color":"var(--ast-global-color-5)","background-image":"","background-repeat":"repeat","background-position":"center center","background-size":"auto","background-attachment":"scroll","background-type":"","background-media":"","overlay-type":"","overlay-color":"","overlay-opacity":"","overlay-gradient":""}},"_themeisle_gutenberg_block_has_review":false},"product_brand":[],"product_cat":[108],"product_tag":[112,133],"class_list":{"0":"post-1784","1":"product","2":"type-product","3":"status-publish","4":"has-post-thumbnail","6":"product_cat-dachzelte","7":"product_tag-hartschalendachzelt","8":"product_tag-aluminium-hartschalendachzelt","9":"desktop-align-left","10":"tablet-align-left","11":"mobile-align-left","12":"ast-product-gallery-layout-vertical-slider","13":"ast-product-tabs-layout-horizontal","15":"first","16":"instock","17":"purchasable","18":"product-type-external"},"exclude_global_add_ons":[],"addons":[],"uagb_featured_image_src":{"full":["https:\/\/dachzeltnomaden.com\/shop\/wp-content\/uploads\/2024\/03\/Dachzeltnomaden_Dachzelte_ANEES_1024_90.webp",1024,683,false],"thumbnail":["https:\/\/dachzeltnomaden.com\/shop\/wp-content\/uploads\/2024\/03\/Dachzeltnomaden_Dachzelte_ANEES_1024_90.webp",600,400,false],"medium":["https:\/\/dachzeltnomaden.com\/shop\/wp-content\/uploads\/2024\/03\/Dachzeltnomaden_Dachzelte_ANEES_1024_90-300x200.webp",300,200,true],"medium_large":["https:\/\/dachzeltnomaden.com\/shop\/wp-content\/uploads\/2024\/03\/Dachzeltnomaden_Dachzelte_ANEES_1024_90-768x512.webp",768,512,true],"large":["https:\/\/dachzeltnomaden.com\/shop\/wp-content\/uploads\/2024\/03\/Dachzeltnomaden_Dachzelte_ANEES_1024_90.webp",768,512,false],"1536x1536":["https:\/\/dachzeltnomaden.com\/shop\/wp-content\/uploads\/2024\/03\/Dachzeltnomaden_Dachzelte_ANEES_1024_90.webp",1024,683,false],"2048x2048":["https:\/\/dachzeltnomaden.com\/shop\/wp-content\/uploads\/2024\/03\/Dachzeltnomaden_Dachzelte_ANEES_1024_90.webp",1024,683,false],"woocommerce_thumbnail":["https:\/\/dachzeltnomaden.com\/shop\/wp-content\/uploads\/2024\/03\/Dachzeltnomaden_Dachzelte_ANEES_1024_90-600x600.webp",600,600,true],"woocommerce_single":["https:\/\/dachzeltnomaden.com\/shop\/wp-content\/uploads\/2024\/03\/Dachzeltnomaden_Dachzelte_ANEES_1024_90.webp",1024,683,false],"woocommerce_gallery_thumbnail":["https:\/\/dachzeltnomaden.com\/shop\/wp-content\/uploads\/2024\/03\/Dachzeltnomaden_Dachzelte_ANEES_1024_90-100x100.webp",100,100,true]},"uagb_author_info":{"display_name":"Jasmine","author_link":"https:\/\/dachzeltnomaden.com\/shop\/author\/"},"uagb_comment_info":0,"uagb_excerpt":"WERBUNG Du suchst ein ANEES Dachzelt? Dann bist du hier genau richtig! ANEES Dachzelte gibt es in folgenden Ausf\u00fchrungen: *Die [&hellip;]","_links":{"self":[{"href":"https:\/\/dachzeltnomaden.com\/shop\/wp-json\/wp\/v2\/product\/1784","targetHints":{"allow":["GET"]}}],"collection":[{"href":"https:\/\/dachzeltnomaden.com\/shop\/wp-json\/wp\/v2\/product"}],"about":[{"href":"https:\/\/dachzeltnomaden.com\/shop\/wp-json\/wp\/v2\/types\/product"}],"wp:featuredmedia":[{"embeddable":true,"href":"https:\/\/dachzeltnomaden.com\/shop\/wp-json\/wp\/v2\/media\/130100"}],"wp:attachment":[{"href":"https:\/\/dachzeltnomaden.com\/shop\/wp-json\/wp\/v2\/media?parent=1784"}],"wp:term":[{"taxonomy":"product_brand","embeddable":true,"href":"https:\/\/dachzeltnomaden.com\/shop\/wp-json\/wp\/v2\/product_brand?post=1784"},{"taxonomy":"product_cat","embeddable":true,"href":"https:\/\/dachzeltnomaden.com\/shop\/wp-json\/wp\/v2\/product_cat?post=1784"},{"taxonomy":"product_tag","embeddable":true,"href":"https:\/\/dachzeltnomaden.com\/shop\/wp-json\/wp\/v2\/product_tag?post=1784"}],"curies":[{"name":"wp","href":"https:\/\/api.w.org\/{rel}","templated":true}]}}