{"id":17,"date":"2024-01-11T10:55:58","date_gmt":"2024-01-11T09:55:58","guid":{"rendered":"https:\/\/shop.dachzeltnomaden.com\/?post_type=product&#038;p=17"},"modified":"2026-04-06T15:21:26","modified_gmt":"2026-04-06T13:21:26","slug":"community-aufkleber","status":"publish","type":"product","link":"https:\/\/dachzeltnomaden.com\/shop\/produkt\/community-aufkleber\/","title":{"rendered":"Community-Aufkleber"},"content":{"rendered":"<p><span style=\"font-size: 1rem;\">Wie w\u00e4re es, wenn jeder Dachzeltnomade <\/span><span style=\"font-size: 1rem;\">seine\u00a0<\/span>Leidenschaft<span style=\"font-size: 1rem;\">\u00a0f\u00fcr das Dachzelten mit einem tollen Community Aufkleber\u00a0<\/span>zeigen w\u00fcrde? Wir f\u00e4nden das klasse!<\/p>\n<p>Deswegen gibt es den\u00a0<strong>Dachzeltnomaden Community Aufkleber <\/strong>f\u00fcr ganz kleines Geld<strong>\u00a0<\/strong>im Shop!\u00a0Ob f\u00fcr dich selbst oder f\u00fcr deine Freunde, ob f\u00fcr das Auto, das Dachzelt oder wo immer dir der Community Aufkleber gef\u00e4llt!<\/p>\n<p>Hier sind alle Infos zu unserem Community Sticker:<\/p>\n<ul>\n<li>PVC-Folie<\/li>\n<li>Laminiert f\u00fcr langen Halt<\/li>\n<li>2 Gr\u00f6\u00dfen: 5 cm und 10 cm<\/li>\n<\/ul>\n<p>Du kannst auch gerne den ein oder anderen Aufkleber zus\u00e4tzlich on board haben, um ihn unter die Scheibenwischer eines anderen Dachzeltnomaden zu klemmen (bitte nicht kleben =)).\u00a0Auf die R\u00fcckseite kann man \u00fcbrigens prima eine kleine Nachricht hinterlassen! Sharing is caring!<\/p>\n<h2>Wir w\u00fcnschen dir viele spannende Begegnungen!<\/h2>\n","protected":false},"excerpt":{"rendered":"<p>Wie w\u00e4re es, wenn jeder Dachzeltnomade seine\u00a0Leidenschaft\u00a0f\u00fcr das Dachzelten mit einem tollen Community Aufkleber\u00a0zeigen w\u00fcrde? Wir f\u00e4nden das klasse! Deswegen [&hellip;]<\/p>\n","protected":false},"featured_media":130353,"template":"","meta":{"_uag_custom_page_level_css":"","site-sidebar-layout":"default","site-content-layout":"","ast-site-content-layout":"default","site-content-style":"default","site-sidebar-style":"default","ast-global-header-display":"","ast-banner-title-visibility":"","ast-main-header-display":"","ast-hfb-above-header-display":"","ast-hfb-below-header-display":"","ast-hfb-mobile-header-display":"","site-post-title":"","ast-breadcrumbs-content":"","ast-featured-img":"","footer-sml-layout":"","ast-disable-related-posts":"","theme-transparent-header-meta":"default","adv-header-id-meta":"","stick-header-meta":"default","header-above-stick-meta":"","header-main-stick-meta":"","header-below-stick-meta":"","astra-migrate-meta-layouts":"set","ast-page-background-enabled":"default","ast-page-background-meta":{"desktop":{"background-color":"var(--ast-global-color-4)","background-image":"","background-repeat":"repeat","background-position":"center center","background-size":"auto","background-attachment":"scroll","background-type":"","background-media":"","overlay-type":"","overlay-color":"","overlay-opacity":"","overlay-gradient":""},"tablet":{"background-color":"","background-image":"","background-repeat":"repeat","background-position":"center center","background-size":"auto","background-attachment":"scroll","background-type":"","background-media":"","overlay-type":"","overlay-color":"","overlay-opacity":"","overlay-gradient":""},"mobile":{"background-color":"","background-image":"","background-repeat":"repeat","background-position":"center center","background-size":"auto","background-attachment":"scroll","background-type":"","background-media":"","overlay-type":"","overlay-color":"","overlay-opacity":"","overlay-gradient":""}},"ast-content-background-meta":{"desktop":{"background-color":"var(--ast-global-color-5)","background-image":"","background-repeat":"repeat","background-position":"center center","background-size":"auto","background-attachment":"scroll","background-type":"","background-media":"","overlay-type":"","overlay-color":"","overlay-opacity":"","overlay-gradient":""},"tablet":{"background-color":"var(--ast-global-color-5)","background-image":"","background-repeat":"repeat","background-position":"center center","background-size":"auto","background-attachment":"scroll","background-type":"","background-media":"","overlay-type":"","overlay-color":"","overlay-opacity":"","overlay-gradient":""},"mobile":{"background-color":"var(--ast-global-color-5)","background-image":"","background-repeat":"repeat","background-position":"center center","background-size":"auto","background-attachment":"scroll","background-type":"","background-media":"","overlay-type":"","overlay-color":"","overlay-opacity":"","overlay-gradient":""}},"_themeisle_gutenberg_block_has_review":false},"product_brand":[],"product_cat":[18],"product_tag":[],"class_list":{"0":"post-17","1":"product","2":"type-product","3":"status-publish","4":"has-post-thumbnail","6":"product_cat-dzn-merch","7":"product_shipping_class-brief","8":"desktop-align-left","9":"tablet-align-left","10":"mobile-align-left","11":"ast-product-gallery-layout-vertical-slider","12":"ast-product-single-variable","13":"ast-product-tabs-layout-horizontal","15":"first","16":"instock","17":"taxable","18":"shipping-taxable","19":"purchasable","20":"product-type-variable"},"exclude_global_add_ons":[],"addons":[],"uagb_featured_image_src":{"full":["https:\/\/dachzeltnomaden.com\/shop\/wp-content\/uploads\/2024\/01\/Dachzeltnomaden_Shop_DZN_Merch_Community_Aufkleber_Sticker_Dachzeltnomaden_Logo-2_50.webp",960,1280,false],"thumbnail":["https:\/\/dachzeltnomaden.com\/shop\/wp-content\/uploads\/2024\/01\/Dachzeltnomaden_Shop_DZN_Merch_Community_Aufkleber_Sticker_Dachzeltnomaden_Logo-2_50-960x1024.webp",563,600,true],"medium":["https:\/\/dachzeltnomaden.com\/shop\/wp-content\/uploads\/2024\/01\/Dachzeltnomaden_Shop_DZN_Merch_Community_Aufkleber_Sticker_Dachzeltnomaden_Logo-2_50-225x300.webp",225,300,true],"medium_large":["https:\/\/dachzeltnomaden.com\/shop\/wp-content\/uploads\/2024\/01\/Dachzeltnomaden_Shop_DZN_Merch_Community_Aufkleber_Sticker_Dachzeltnomaden_Logo-2_50-768x1024.webp",768,1024,true],"large":["https:\/\/dachzeltnomaden.com\/shop\/wp-content\/uploads\/2024\/01\/Dachzeltnomaden_Shop_DZN_Merch_Community_Aufkleber_Sticker_Dachzeltnomaden_Logo-2_50-768x1024.webp",384,512,true],"1536x1536":["https:\/\/dachzeltnomaden.com\/shop\/wp-content\/uploads\/2024\/01\/Dachzeltnomaden_Shop_DZN_Merch_Community_Aufkleber_Sticker_Dachzeltnomaden_Logo-2_50.webp",960,1280,false],"2048x2048":["https:\/\/dachzeltnomaden.com\/shop\/wp-content\/uploads\/2024\/01\/Dachzeltnomaden_Shop_DZN_Merch_Community_Aufkleber_Sticker_Dachzeltnomaden_Logo-2_50.webp",960,1280,false],"woocommerce_thumbnail":["https:\/\/dachzeltnomaden.com\/shop\/wp-content\/uploads\/2024\/01\/Dachzeltnomaden_Shop_DZN_Merch_Community_Aufkleber_Sticker_Dachzeltnomaden_Logo-2_50-600x600.webp",600,600,true],"woocommerce_single":["https:\/\/dachzeltnomaden.com\/shop\/wp-content\/uploads\/2024\/01\/Dachzeltnomaden_Shop_DZN_Merch_Community_Aufkleber_Sticker_Dachzeltnomaden_Logo-2_50.webp",960,1280,false],"woocommerce_gallery_thumbnail":["https:\/\/dachzeltnomaden.com\/shop\/wp-content\/uploads\/2024\/01\/Dachzeltnomaden_Shop_DZN_Merch_Community_Aufkleber_Sticker_Dachzeltnomaden_Logo-2_50-100x100.webp",100,100,true]},"uagb_author_info":{"display_name":"admin","author_link":"https:\/\/dachzeltnomaden.com\/shop\/author\/"},"uagb_comment_info":0,"uagb_excerpt":"Wie w\u00e4re es, wenn jeder Dachzeltnomade seine\u00a0Leidenschaft\u00a0f\u00fcr das Dachzelten mit einem tollen Community Aufkleber\u00a0zeigen w\u00fcrde? Wir f\u00e4nden das klasse! Deswegen [&hellip;]","_links":{"self":[{"href":"https:\/\/dachzeltnomaden.com\/shop\/wp-json\/wp\/v2\/product\/17","targetHints":{"allow":["GET"]}}],"collection":[{"href":"https:\/\/dachzeltnomaden.com\/shop\/wp-json\/wp\/v2\/product"}],"about":[{"href":"https:\/\/dachzeltnomaden.com\/shop\/wp-json\/wp\/v2\/types\/product"}],"wp:featuredmedia":[{"embeddable":true,"href":"https:\/\/dachzeltnomaden.com\/shop\/wp-json\/wp\/v2\/media\/130353"}],"wp:attachment":[{"href":"https:\/\/dachzeltnomaden.com\/shop\/wp-json\/wp\/v2\/media?parent=17"}],"wp:term":[{"taxonomy":"product_brand","embeddable":true,"href":"https:\/\/dachzeltnomaden.com\/shop\/wp-json\/wp\/v2\/product_brand?post=17"},{"taxonomy":"product_cat","embeddable":true,"href":"https:\/\/dachzeltnomaden.com\/shop\/wp-json\/wp\/v2\/product_cat?post=17"},{"taxonomy":"product_tag","embeddable":true,"href":"https:\/\/dachzeltnomaden.com\/shop\/wp-json\/wp\/v2\/product_tag?post=17"}],"curies":[{"name":"wp","href":"https:\/\/api.w.org\/{rel}","templated":true}]}}