{"id":1563,"date":"2024-01-12T20:26:48","date_gmt":"2024-01-12T19:26:48","guid":{"rendered":"https:\/\/shop.dachzeltnomaden.com\/?post_type=product&#038;p=1563"},"modified":"2025-10-17T10:17:01","modified_gmt":"2025-10-17T08:17:01","slug":"plug-in-festivals-kuehlbox-icehero","status":"publish","type":"product","link":"https:\/\/dachzeltnomaden.com\/shop\/produkt\/plug-in-festivals-kuehlbox-icehero\/","title":{"rendered":"Plug-in Festivals Passive K\u00fchlbox"},"content":{"rendered":"\n<div class=\"wp-block-uagb-container uagb-block-be52fc24 alignwide uagb-is-root-container\">\n<div class=\"wp-block-uagb-advanced-heading uagb-block-233add0f\"><h6 class=\"uagb-heading-text\">WERBUNG<\/h6><\/div>\n\n\n\n<p class=\"has-ast-global-color-5-color has-ast-global-color-2-background-color has-text-color has-background has-link-color wp-elements-2030608a3bd8acfd53e7c17111cfccfa\">K\u00fchle Getr\u00e4nke ohne Strom?? Wie w\u00e4re es mit der passiven K\u00fchlbox von Plug-in Festivals!<br><br>*Die Links sind Affiliate Links. Wenn du dich f\u00fcr den Kauf einer K\u00fchlbox von Plug-in Festivals entscheidest, erhalten die Dachzeltnomaden eine Provision. Damit unterst\u00fctzt du uns &amp; unsere Arbeit. F\u00fcr dich kostet die K\u00fchlbox von Plug-in Festivals deshalb nicht mehr.<\/p>\n\n\n\n<div class=\"wp-block-uagb-advanced-heading uagb-block-b21af034\"><p class=\"uagb-desc-text\">Ideal f\u00fcr Festivals<\/p><h2 class=\"uagb-heading-text\"><strong>Passive K\u00fchlbox f\u00fcr Unterwegs<\/strong><\/h2><div class=\"uagb-separator\"><\/div><\/div>\n\n\n\n<p>DIE Festivalk\u00fchlbox schlecht hin. Der IceHero ist der ideale Begleiter f\u00fcr Festivals, wenn du keinen Strom Zugang hast. Die passive K\u00fchlbox besticht durch ihr unglaubliches Isolationsverhalten auch im Hochsommer. Packe deinen IceHero vor Festivalstart mit K\u00fchlakkus, Eisw\u00fcrfel und deinen Getr\u00e4nken. Alleine durch die K\u00e4lte der Eisw\u00fcrfel werden deine Getr\u00e4nke tagelang gek\u00fchlt. Sollte sich der Inhalt erw\u00e4rmen, lege einfach Eisw\u00fcfel nach. Eisw\u00fcrfel kannst du auf allen Festivals nachkaufen.<\/p>\n<\/div>\n\n\n\n<div class=\"wp-block-uagb-container uagb-block-ae00b476 alignwide uagb-is-root-container\">\n<div class=\"wp-block-uagb-container uagb-block-3d544ad6\"><style type=\"text\/css\">.otter-masonry .blocks-gallery-grid .blocks-gallery-item img{ width:100% }<\/style><div class=\"otter-masonry\" data-margin=\"10\">\n<figure class=\"wp-block-gallery has-nested-images columns-2 is-cropped wp-block-gallery-1 is-layout-flex wp-block-gallery-is-layout-flex\">\n<figure class=\"wp-block-image size-full has-custom-border\"><img decoding=\"async\" width=\"1024\" height=\"1024\" data-id=\"130414\" src=\"https:\/\/dachzeltnomaden.com\/shop\/wp-content\/uploads\/2024\/01\/Dachzeltnomaden_Shop_Zubehoer_Kochen_Plug-In-Festival-Kuehlbox-IceHero-1_1024_50.webp\" alt=\"Dachzeltnomaden Shop Zubehoer Kochen passive Kuehlbox plug-in Festivals IceHero kaufen\" class=\"wp-image-130414\" style=\"border-radius:10px\" srcset=\"https:\/\/dachzeltnomaden.com\/shop\/wp-content\/uploads\/2024\/01\/Dachzeltnomaden_Shop_Zubehoer_Kochen_Plug-In-Festival-Kuehlbox-IceHero-1_1024_50.webp 1024w, https:\/\/dachzeltnomaden.com\/shop\/wp-content\/uploads\/2024\/01\/Dachzeltnomaden_Shop_Zubehoer_Kochen_Plug-In-Festival-Kuehlbox-IceHero-1_1024_50-300x300.webp 300w, https:\/\/dachzeltnomaden.com\/shop\/wp-content\/uploads\/2024\/01\/Dachzeltnomaden_Shop_Zubehoer_Kochen_Plug-In-Festival-Kuehlbox-IceHero-1_1024_50-768x768.webp 768w, https:\/\/dachzeltnomaden.com\/shop\/wp-content\/uploads\/2024\/01\/Dachzeltnomaden_Shop_Zubehoer_Kochen_Plug-In-Festival-Kuehlbox-IceHero-1_1024_50-600x600.webp 600w, https:\/\/dachzeltnomaden.com\/shop\/wp-content\/uploads\/2024\/01\/Dachzeltnomaden_Shop_Zubehoer_Kochen_Plug-In-Festival-Kuehlbox-IceHero-1_1024_50-100x100.webp 100w\" sizes=\"(max-width: 1024px) 100vw, 1024px\" \/><\/figure>\n\n\n\n<figure class=\"wp-block-image size-full has-custom-border\"><img decoding=\"async\" width=\"1024\" height=\"1024\" data-id=\"130418\" src=\"https:\/\/dachzeltnomaden.com\/shop\/wp-content\/uploads\/2024\/01\/Dachzeltnomaden_Shop_Zubehoer_Kochen_Plug-In-Festival-Kuehlbox-IceHero-5_1024_90.webp\" alt=\"Dachzeltnomaden Shop Zubehoer Kochen passive Kuehlbox plug-in Festivals IceHero kaufen\" class=\"wp-image-130418\" style=\"border-radius:10px\" srcset=\"https:\/\/dachzeltnomaden.com\/shop\/wp-content\/uploads\/2024\/01\/Dachzeltnomaden_Shop_Zubehoer_Kochen_Plug-In-Festival-Kuehlbox-IceHero-5_1024_90.webp 1024w, https:\/\/dachzeltnomaden.com\/shop\/wp-content\/uploads\/2024\/01\/Dachzeltnomaden_Shop_Zubehoer_Kochen_Plug-In-Festival-Kuehlbox-IceHero-5_1024_90-300x300.webp 300w, https:\/\/dachzeltnomaden.com\/shop\/wp-content\/uploads\/2024\/01\/Dachzeltnomaden_Shop_Zubehoer_Kochen_Plug-In-Festival-Kuehlbox-IceHero-5_1024_90-768x768.webp 768w, https:\/\/dachzeltnomaden.com\/shop\/wp-content\/uploads\/2024\/01\/Dachzeltnomaden_Shop_Zubehoer_Kochen_Plug-In-Festival-Kuehlbox-IceHero-5_1024_90-600x600.webp 600w, https:\/\/dachzeltnomaden.com\/shop\/wp-content\/uploads\/2024\/01\/Dachzeltnomaden_Shop_Zubehoer_Kochen_Plug-In-Festival-Kuehlbox-IceHero-5_1024_90-100x100.webp 100w\" sizes=\"(max-width: 1024px) 100vw, 1024px\" \/><\/figure>\n\n\n\n<figure class=\"wp-block-image size-full has-custom-border\"><img decoding=\"async\" width=\"1024\" height=\"1024\" data-id=\"130417\" src=\"https:\/\/dachzeltnomaden.com\/shop\/wp-content\/uploads\/2024\/01\/Dachzeltnomaden_Shop_Zubehoer_Kochen_Plug-In-Festival-Kuehlbox-IceHero-4_1024_90.webp\" alt=\"Dachzeltnomaden Shop Zubehoer Kochen passive Kuehlbox plug-in Festivals IceHero kaufen\" class=\"wp-image-130417\" style=\"border-radius:10px\" srcset=\"https:\/\/dachzeltnomaden.com\/shop\/wp-content\/uploads\/2024\/01\/Dachzeltnomaden_Shop_Zubehoer_Kochen_Plug-In-Festival-Kuehlbox-IceHero-4_1024_90.webp 1024w, https:\/\/dachzeltnomaden.com\/shop\/wp-content\/uploads\/2024\/01\/Dachzeltnomaden_Shop_Zubehoer_Kochen_Plug-In-Festival-Kuehlbox-IceHero-4_1024_90-300x300.webp 300w, https:\/\/dachzeltnomaden.com\/shop\/wp-content\/uploads\/2024\/01\/Dachzeltnomaden_Shop_Zubehoer_Kochen_Plug-In-Festival-Kuehlbox-IceHero-4_1024_90-768x768.webp 768w, https:\/\/dachzeltnomaden.com\/shop\/wp-content\/uploads\/2024\/01\/Dachzeltnomaden_Shop_Zubehoer_Kochen_Plug-In-Festival-Kuehlbox-IceHero-4_1024_90-600x600.webp 600w, https:\/\/dachzeltnomaden.com\/shop\/wp-content\/uploads\/2024\/01\/Dachzeltnomaden_Shop_Zubehoer_Kochen_Plug-In-Festival-Kuehlbox-IceHero-4_1024_90-100x100.webp 100w\" sizes=\"(max-width: 1024px) 100vw, 1024px\" \/><\/figure>\n\n\n\n<figure class=\"wp-block-image size-full has-custom-border\"><img decoding=\"async\" width=\"800\" height=\"800\" data-id=\"130419\" src=\"https:\/\/dachzeltnomaden.com\/shop\/wp-content\/uploads\/2024\/01\/Dachzeltnomaden_Shop_Zubehoer_Kochen_Plug-In-Festival-passive-Kuehlbox-IceHero_3800x800-1_90.webp\" alt=\"Dachzeltnomaden Shop Zubehoer Kochen passive Kuehlbox plug-in Festivals IceHero kaufen\" class=\"wp-image-130419\" style=\"border-radius:10px\" srcset=\"https:\/\/dachzeltnomaden.com\/shop\/wp-content\/uploads\/2024\/01\/Dachzeltnomaden_Shop_Zubehoer_Kochen_Plug-In-Festival-passive-Kuehlbox-IceHero_3800x800-1_90.webp 800w, https:\/\/dachzeltnomaden.com\/shop\/wp-content\/uploads\/2024\/01\/Dachzeltnomaden_Shop_Zubehoer_Kochen_Plug-In-Festival-passive-Kuehlbox-IceHero_3800x800-1_90-300x300.webp 300w, https:\/\/dachzeltnomaden.com\/shop\/wp-content\/uploads\/2024\/01\/Dachzeltnomaden_Shop_Zubehoer_Kochen_Plug-In-Festival-passive-Kuehlbox-IceHero_3800x800-1_90-768x768.webp 768w, https:\/\/dachzeltnomaden.com\/shop\/wp-content\/uploads\/2024\/01\/Dachzeltnomaden_Shop_Zubehoer_Kochen_Plug-In-Festival-passive-Kuehlbox-IceHero_3800x800-1_90-600x600.webp 600w, https:\/\/dachzeltnomaden.com\/shop\/wp-content\/uploads\/2024\/01\/Dachzeltnomaden_Shop_Zubehoer_Kochen_Plug-In-Festival-passive-Kuehlbox-IceHero_3800x800-1_90-100x100.webp 100w\" sizes=\"(max-width: 800px) 100vw, 800px\" \/><\/figure>\n<\/figure>\n<\/div><\/div>\n\n\n\n<div class=\"wp-block-uagb-container uagb-block-76ea1ad4\">\n<h3 class=\"wp-block-heading\">Eigenschaften<\/h3>\n\n\n\n<ul class=\"wp-block-list\">\n<li>Unglaubliche Isolationsf\u00e4higkeiten<\/li>\n\n\n\n<li>Extra langes K\u00fchlhalten<\/li>\n\n\n\n<li>Ultra stabil \u2013 Rotationsgeformte Au\u00dfenh\u00fclle<\/li>\n\n\n\n<li>Au\u00dfenh\u00fclle aus recyceltem Ozean-Plastik<\/li>\n\n\n\n<li>je nach Modell: 23 &#8211; 116 Liter Volumen<\/li>\n\n\n\n<li>Perfekte Platzaufteilung<\/li>\n\n\n\n<li>Super leicht \u2013 je nach Modell: nur 7,5 &#8211; 23,7 kg<\/li>\n\n\n\n<li>ab Ice Hero 45 mit Korb und Trennscheibe<\/li>\n\n\n\n<li>Keine Stromzufuhr notwendig<\/li>\n\n\n\n<li>Praktisches Auslaufsystem<\/li>\n<\/ul>\n\n\n\n<div class=\"wp-block-buttons is-layout-flex wp-block-buttons-is-layout-flex\">\n<div class=\"wp-block-button\"><a class=\"wp-block-button__link wp-element-button\" href=\"https:\/\/dachzeltnomaden.com\/pif-ih\" target=\"_blank\" rel=\"noreferrer noopener\">Zur IceHero<\/a><\/div>\n<\/div>\n<\/div>\n<\/div>\n","protected":false},"excerpt":{"rendered":"<p><a class=\"button\" href=\"https:\/\/dachzeltnomaden.com\/pif-ih\" target=\"blank\" rel=\"noopener\">Hier gehts zur IceHero von Plug-in Festivals<\/a><\/p>\n","protected":false},"featured_media":130414,"template":"","meta":{"_uag_custom_page_level_css":"","site-sidebar-layout":"default","site-content-layout":"","ast-site-content-layout":"default","site-content-style":"default","site-sidebar-style":"default","ast-global-header-display":"","ast-banner-title-visibility":"","ast-main-header-display":"","ast-hfb-above-header-display":"","ast-hfb-below-header-display":"","ast-hfb-mobile-header-display":"","site-post-title":"","ast-breadcrumbs-content":"","ast-featured-img":"","footer-sml-layout":"","ast-disable-related-posts":"","theme-transparent-header-meta":"default","adv-header-id-meta":"","stick-header-meta":"default","header-above-stick-meta":"","header-main-stick-meta":"","header-below-stick-meta":"","astra-migrate-meta-layouts":"set","ast-page-background-enabled":"default","ast-page-background-meta":{"desktop":{"background-color":"var(--ast-global-color-4)","background-image":"","background-repeat":"repeat","background-position":"center center","background-size":"auto","background-attachment":"scroll","background-type":"","background-media":"","overlay-type":"","overlay-color":"","overlay-opacity":"","overlay-gradient":""},"tablet":{"background-color":"","background-image":"","background-repeat":"repeat","background-position":"center center","background-size":"auto","background-attachment":"scroll","background-type":"","background-media":"","overlay-type":"","overlay-color":"","overlay-opacity":"","overlay-gradient":""},"mobile":{"background-color":"","background-image":"","background-repeat":"repeat","background-position":"center center","background-size":"auto","background-attachment":"scroll","background-type":"","background-media":"","overlay-type":"","overlay-color":"","overlay-opacity":"","overlay-gradient":""}},"ast-content-background-meta":{"desktop":{"background-color":"var(--ast-global-color-5)","background-image":"","background-repeat":"repeat","background-position":"center center","background-size":"auto","background-attachment":"scroll","background-type":"","background-media":"","overlay-type":"","overlay-color":"","overlay-opacity":"","overlay-gradient":""},"tablet":{"background-color":"var(--ast-global-color-5)","background-image":"","background-repeat":"repeat","background-position":"center center","background-size":"auto","background-attachment":"scroll","background-type":"","background-media":"","overlay-type":"","overlay-color":"","overlay-opacity":"","overlay-gradient":""},"mobile":{"background-color":"var(--ast-global-color-5)","background-image":"","background-repeat":"repeat","background-position":"center center","background-size":"auto","background-attachment":"scroll","background-type":"","background-media":"","overlay-type":"","overlay-color":"","overlay-opacity":"","overlay-gradient":""}},"_themeisle_gutenberg_block_has_review":false},"product_brand":[],"product_cat":[101,115],"product_tag":[147,163,164],"class_list":{"0":"post-1563","1":"product","2":"type-product","3":"status-publish","4":"has-post-thumbnail","6":"product_cat-zubehoer","7":"product_cat-kuehlen","8":"product_tag-kuehle-getraenke","9":"product_tag-camping-kuehlbox","10":"product_tag-kuehlbox-ohne-stromzufuhr","11":"desktop-align-left","12":"tablet-align-left","13":"mobile-align-left","14":"ast-product-gallery-layout-vertical-slider","15":"ast-product-tabs-layout-horizontal","17":"first","18":"instock","19":"purchasable","20":"product-type-external"},"exclude_global_add_ons":[],"addons":[],"uagb_featured_image_src":{"full":["https:\/\/dachzeltnomaden.com\/shop\/wp-content\/uploads\/2024\/01\/Dachzeltnomaden_Shop_Zubehoer_Kochen_Plug-In-Festival-Kuehlbox-IceHero-1_1024_50.webp",1024,1024,false],"thumbnail":["https:\/\/dachzeltnomaden.com\/shop\/wp-content\/uploads\/2024\/01\/Dachzeltnomaden_Shop_Zubehoer_Kochen_Plug-In-Festival-Kuehlbox-IceHero-1_1024_50.webp",600,600,false],"medium":["https:\/\/dachzeltnomaden.com\/shop\/wp-content\/uploads\/2024\/01\/Dachzeltnomaden_Shop_Zubehoer_Kochen_Plug-In-Festival-Kuehlbox-IceHero-1_1024_50-300x300.webp",300,300,true],"medium_large":["https:\/\/dachzeltnomaden.com\/shop\/wp-content\/uploads\/2024\/01\/Dachzeltnomaden_Shop_Zubehoer_Kochen_Plug-In-Festival-Kuehlbox-IceHero-1_1024_50-768x768.webp",768,768,true],"large":["https:\/\/dachzeltnomaden.com\/shop\/wp-content\/uploads\/2024\/01\/Dachzeltnomaden_Shop_Zubehoer_Kochen_Plug-In-Festival-Kuehlbox-IceHero-1_1024_50.webp",512,512,false],"1536x1536":["https:\/\/dachzeltnomaden.com\/shop\/wp-content\/uploads\/2024\/01\/Dachzeltnomaden_Shop_Zubehoer_Kochen_Plug-In-Festival-Kuehlbox-IceHero-1_1024_50.webp",1024,1024,false],"2048x2048":["https:\/\/dachzeltnomaden.com\/shop\/wp-content\/uploads\/2024\/01\/Dachzeltnomaden_Shop_Zubehoer_Kochen_Plug-In-Festival-Kuehlbox-IceHero-1_1024_50.webp",1024,1024,false],"woocommerce_thumbnail":["https:\/\/dachzeltnomaden.com\/shop\/wp-content\/uploads\/2024\/01\/Dachzeltnomaden_Shop_Zubehoer_Kochen_Plug-In-Festival-Kuehlbox-IceHero-1_1024_50-600x600.webp",600,600,true],"woocommerce_single":["https:\/\/dachzeltnomaden.com\/shop\/wp-content\/uploads\/2024\/01\/Dachzeltnomaden_Shop_Zubehoer_Kochen_Plug-In-Festival-Kuehlbox-IceHero-1_1024_50.webp",1024,1024,false],"woocommerce_gallery_thumbnail":["https:\/\/dachzeltnomaden.com\/shop\/wp-content\/uploads\/2024\/01\/Dachzeltnomaden_Shop_Zubehoer_Kochen_Plug-In-Festival-Kuehlbox-IceHero-1_1024_50-100x100.webp",100,100,true]},"uagb_author_info":{"display_name":"Jasmine","author_link":"https:\/\/dachzeltnomaden.com\/shop\/author\/"},"uagb_comment_info":0,"uagb_excerpt":"Hier gehts zur IceHero von Plug-in Festivals","_links":{"self":[{"href":"https:\/\/dachzeltnomaden.com\/shop\/wp-json\/wp\/v2\/product\/1563","targetHints":{"allow":["GET"]}}],"collection":[{"href":"https:\/\/dachzeltnomaden.com\/shop\/wp-json\/wp\/v2\/product"}],"about":[{"href":"https:\/\/dachzeltnomaden.com\/shop\/wp-json\/wp\/v2\/types\/product"}],"wp:featuredmedia":[{"embeddable":true,"href":"https:\/\/dachzeltnomaden.com\/shop\/wp-json\/wp\/v2\/media\/130414"}],"wp:attachment":[{"href":"https:\/\/dachzeltnomaden.com\/shop\/wp-json\/wp\/v2\/media?parent=1563"}],"wp:term":[{"taxonomy":"product_brand","embeddable":true,"href":"https:\/\/dachzeltnomaden.com\/shop\/wp-json\/wp\/v2\/product_brand?post=1563"},{"taxonomy":"product_cat","embeddable":true,"href":"https:\/\/dachzeltnomaden.com\/shop\/wp-json\/wp\/v2\/product_cat?post=1563"},{"taxonomy":"product_tag","embeddable":true,"href":"https:\/\/dachzeltnomaden.com\/shop\/wp-json\/wp\/v2\/product_tag?post=1563"}],"curies":[{"name":"wp","href":"https:\/\/api.w.org\/{rel}","templated":true}]}}