{"id":1562,"date":"2024-01-12T20:26:48","date_gmt":"2024-01-12T19:26:48","guid":{"rendered":"https:\/\/shop.dachzeltnomaden.com\/?post_type=product&#038;p=1562"},"modified":"2025-10-17T10:17:01","modified_gmt":"2025-10-17T08:17:01","slug":"tillhalldachzeltmatratzen-topper","status":"publish","type":"product","link":"https:\/\/dachzeltnomaden.com\/shop\/produkt\/tillhalldachzeltmatratzen-topper\/","title":{"rendered":"TILLH\u00c5LL<br>Dachzelt<br>Matratzen-Topper"},"content":{"rendered":"<p>WERBUNG<\/p>\n<p>Du schl\u00e4fst gerne weich und kuschelig und m\u00f6chtest gleichzeitig noch deine Dachzeltmatratze sch\u00fctzen? Der Matratzen-Topper von TILLH\u00c5LL kann dir dabei helfen.<\/p>\n<p>*Die Links sind Affiliate Links. Wenn du dich f\u00fcr den Kauf eines Matratzen-Toppers entscheidest, erhalten die Dachzeltnomaden eine Provision. Damit unterst\u00fctzt du uns &amp; unsere Arbeit. F\u00fcr dich kostet der Matratzen-Topper deshalb nicht mehr.<\/p>\n<h2>TILLH\u00c5LL DACHZELT MATRATZEN-TOPPER<\/h2>\n<p>Der TILLH\u00c5LL Dachzelt Matratzen-Topper ist ein sch\u00f6ner und weicher Matratzenschoner f\u00fcr Dachzelt-Matratzen. Mit der Matratzenauflage liegst du zuk\u00fcnftig nicht nur extra weich, die reine Schurwolle sorgt zudem auch f\u00fcr einen hervorragenden Temperaturausgleich, sodass sowohl kalte als auch warme N\u00e4chte im Dachzelt jetzt noch angenehmer sind. Hergestellt in Deutschland aus 100 % reinen Naturmaterialien.<\/p>\n<p><img decoding=\"async\" class=\"alignleft wp-image-1658 size-medium\" src=\"https:\/\/shop.dachzeltnomaden.com\/wp-content\/uploads\/2024\/01\/Dachzeltnomaden-Schlafen-Tillhall-Matratzen-Topper-300x300.webp\" alt=\"Dachzeltnomaden Shop Zubehoer Schlafen Tillhall Matratzentopper kaufen\" width=\"300\" height=\"300\" srcset=\"https:\/\/dachzeltnomaden.com\/shop\/wp-content\/uploads\/2024\/01\/Dachzeltnomaden-Schlafen-Tillhall-Matratzen-Topper-300x300.webp 300w, https:\/\/dachzeltnomaden.com\/shop\/wp-content\/uploads\/2024\/01\/Dachzeltnomaden-Schlafen-Tillhall-Matratzen-Topper-100x100.webp 100w, https:\/\/dachzeltnomaden.com\/shop\/wp-content\/uploads\/2024\/01\/Dachzeltnomaden-Schlafen-Tillhall-Matratzen-Topper-150x150.webp 150w, https:\/\/dachzeltnomaden.com\/shop\/wp-content\/uploads\/2024\/01\/Dachzeltnomaden-Schlafen-Tillhall-Matratzen-Topper.webp 600w\" sizes=\"(max-width: 300px) 100vw, 300px\" \/><\/p>\n<p>MATERIAL:<br \/>\nBezug Oberseite: weicher Lammflor 400 g\/qm aus 100 % Schurwolle<br \/>\nBezug Unterseite: hochwertiger Baumwoll-Trikot aus 100 % Baumwolle<br \/>\nF\u00fcllung: 100% Schurwolle<\/p>\n<p>ABMESSUNG:<br \/>\nPerfekte Passform f\u00fcr Dachzelt-Matratzen mit den Abmessungen 140 cm x 240 cm oder 160 cm x 240 cm<\/p>\n<p>EIGENSCHAFTEN:<\/p>\n<ul>\n<li>Idealer Feuchtigkeitstransport und W\u00e4rmeausgleich<\/li>\n<li>Besonders weiche F\u00fcllung f\u00fcr noch mehr Schlafkomfort<\/li>\n<li>4 Eckgummis sorgen f\u00fcr einen sicheren Halt<\/li>\n<li>Atmungsaktiv &amp; hautneutral<\/li>\n<li>Gefertigt aus reinen Naturmaterialien<\/li>\n<li>100% Made in Germany<\/li>\n<\/ul>\n<p><a class=\"button\" href=\"https:\/\/dachzeltnomaden.com\/tillhall-topper\" target=\"_blank\" rel=\"noopener\">Hier gehts zum Matratzen-Topper von Tillh\u00e5ll<\/a><\/p>\n","protected":false},"excerpt":{"rendered":"<p><a class=\"button\" href=\"https:\/\/dachzeltnomaden.com\/tillhall-topper\" target=\"_blank\" rel=\"noopener\">Hier gehts zum Matratzen-Topper von Tillh\u00e5ll<\/a><\/p>\n","protected":false},"featured_media":1658,"template":"","meta":{"_uag_custom_page_level_css":"","site-sidebar-layout":"default","site-content-layout":"","ast-site-content-layout":"default","site-content-style":"default","site-sidebar-style":"default","ast-global-header-display":"","ast-banner-title-visibility":"","ast-main-header-display":"","ast-hfb-above-header-display":"","ast-hfb-below-header-display":"","ast-hfb-mobile-header-display":"","site-post-title":"","ast-breadcrumbs-content":"","ast-featured-img":"","footer-sml-layout":"","ast-disable-related-posts":"","theme-transparent-header-meta":"default","adv-header-id-meta":"","stick-header-meta":"default","header-above-stick-meta":"","header-main-stick-meta":"","header-below-stick-meta":"","astra-migrate-meta-layouts":"set","ast-page-background-enabled":"default","ast-page-background-meta":{"desktop":{"background-color":"var(--ast-global-color-4)","background-image":"","background-repeat":"repeat","background-position":"center center","background-size":"auto","background-attachment":"scroll","background-type":"","background-media":"","overlay-type":"","overlay-color":"","overlay-opacity":"","overlay-gradient":""},"tablet":{"background-color":"","background-image":"","background-repeat":"repeat","background-position":"center center","background-size":"auto","background-attachment":"scroll","background-type":"","background-media":"","overlay-type":"","overlay-color":"","overlay-opacity":"","overlay-gradient":""},"mobile":{"background-color":"","background-image":"","background-repeat":"repeat","background-position":"center center","background-size":"auto","background-attachment":"scroll","background-type":"","background-media":"","overlay-type":"","overlay-color":"","overlay-opacity":"","overlay-gradient":""}},"ast-content-background-meta":{"desktop":{"background-color":"var(--ast-global-color-5)","background-image":"","background-repeat":"repeat","background-position":"center center","background-size":"auto","background-attachment":"scroll","background-type":"","background-media":"","overlay-type":"","overlay-color":"","overlay-opacity":"","overlay-gradient":""},"tablet":{"background-color":"var(--ast-global-color-5)","background-image":"","background-repeat":"repeat","background-position":"center center","background-size":"auto","background-attachment":"scroll","background-type":"","background-media":"","overlay-type":"","overlay-color":"","overlay-opacity":"","overlay-gradient":""},"mobile":{"background-color":"var(--ast-global-color-5)","background-image":"","background-repeat":"repeat","background-position":"center center","background-size":"auto","background-attachment":"scroll","background-type":"","background-media":"","overlay-type":"","overlay-color":"","overlay-opacity":"","overlay-gradient":""}},"_themeisle_gutenberg_block_has_review":false},"product_brand":[],"product_cat":[101,142],"product_tag":[160,161,162],"class_list":{"0":"post-1562","1":"product","2":"type-product","3":"status-publish","4":"has-post-thumbnail","6":"product_cat-zubehoer","7":"product_cat-schlafen","8":"product_tag-matratzen-topper","9":"product_tag-schlafkomfort","10":"product_tag-schurwollenprodukt","11":"desktop-align-left","12":"tablet-align-left","13":"mobile-align-left","14":"ast-product-gallery-layout-vertical-slider","15":"ast-product-tabs-layout-horizontal","17":"first","18":"instock","19":"purchasable","20":"product-type-external"},"exclude_global_add_ons":[],"addons":[],"uagb_featured_image_src":{"full":["https:\/\/dachzeltnomaden.com\/shop\/wp-content\/uploads\/2024\/01\/Dachzeltnomaden-Schlafen-Tillhall-Matratzen-Topper.webp",600,600,false],"thumbnail":["https:\/\/dachzeltnomaden.com\/shop\/wp-content\/uploads\/2024\/01\/Dachzeltnomaden-Schlafen-Tillhall-Matratzen-Topper-150x150.webp",150,150,true],"medium":["https:\/\/dachzeltnomaden.com\/shop\/wp-content\/uploads\/2024\/01\/Dachzeltnomaden-Schlafen-Tillhall-Matratzen-Topper-300x300.webp",300,300,true],"medium_large":["https:\/\/dachzeltnomaden.com\/shop\/wp-content\/uploads\/2024\/01\/Dachzeltnomaden-Schlafen-Tillhall-Matratzen-Topper.webp",600,600,false],"large":["https:\/\/dachzeltnomaden.com\/shop\/wp-content\/uploads\/2024\/01\/Dachzeltnomaden-Schlafen-Tillhall-Matratzen-Topper.webp",512,512,false],"1536x1536":["https:\/\/dachzeltnomaden.com\/shop\/wp-content\/uploads\/2024\/01\/Dachzeltnomaden-Schlafen-Tillhall-Matratzen-Topper.webp",600,600,false],"2048x2048":["https:\/\/dachzeltnomaden.com\/shop\/wp-content\/uploads\/2024\/01\/Dachzeltnomaden-Schlafen-Tillhall-Matratzen-Topper.webp",600,600,false],"woocommerce_thumbnail":["https:\/\/dachzeltnomaden.com\/shop\/wp-content\/uploads\/2024\/01\/Dachzeltnomaden-Schlafen-Tillhall-Matratzen-Topper.webp",600,600,false],"woocommerce_single":["https:\/\/dachzeltnomaden.com\/shop\/wp-content\/uploads\/2024\/01\/Dachzeltnomaden-Schlafen-Tillhall-Matratzen-Topper.webp",600,600,false],"woocommerce_gallery_thumbnail":["https:\/\/dachzeltnomaden.com\/shop\/wp-content\/uploads\/2024\/01\/Dachzeltnomaden-Schlafen-Tillhall-Matratzen-Topper-100x100.webp",100,100,true]},"uagb_author_info":{"display_name":"Jasmine","author_link":"https:\/\/dachzeltnomaden.com\/shop\/author\/"},"uagb_comment_info":0,"uagb_excerpt":"Hier gehts zum Matratzen-Topper von Tillh\u00e5ll","_links":{"self":[{"href":"https:\/\/dachzeltnomaden.com\/shop\/wp-json\/wp\/v2\/product\/1562","targetHints":{"allow":["GET"]}}],"collection":[{"href":"https:\/\/dachzeltnomaden.com\/shop\/wp-json\/wp\/v2\/product"}],"about":[{"href":"https:\/\/dachzeltnomaden.com\/shop\/wp-json\/wp\/v2\/types\/product"}],"wp:featuredmedia":[{"embeddable":true,"href":"https:\/\/dachzeltnomaden.com\/shop\/wp-json\/wp\/v2\/media\/1658"}],"wp:attachment":[{"href":"https:\/\/dachzeltnomaden.com\/shop\/wp-json\/wp\/v2\/media?parent=1562"}],"wp:term":[{"taxonomy":"product_brand","embeddable":true,"href":"https:\/\/dachzeltnomaden.com\/shop\/wp-json\/wp\/v2\/product_brand?post=1562"},{"taxonomy":"product_cat","embeddable":true,"href":"https:\/\/dachzeltnomaden.com\/shop\/wp-json\/wp\/v2\/product_cat?post=1562"},{"taxonomy":"product_tag","embeddable":true,"href":"https:\/\/dachzeltnomaden.com\/shop\/wp-json\/wp\/v2\/product_tag?post=1562"}],"curies":[{"name":"wp","href":"https:\/\/api.w.org\/{rel}","templated":true}]}}