{"id":1546,"date":"2024-01-12T20:26:48","date_gmt":"2024-01-12T19:26:48","guid":{"rendered":"https:\/\/shop.dachzeltnomaden.com\/?post_type=product&#038;p=1546"},"modified":"2025-10-17T10:16:57","modified_gmt":"2025-10-17T08:16:57","slug":"plug-in-festivals-power-station","status":"publish","type":"product","link":"https:\/\/dachzeltnomaden.com\/shop\/produkt\/plug-in-festivals-power-station\/","title":{"rendered":"Plug-in Festivals<br>Power-<br>station"},"content":{"rendered":"\n<p>WERBUNG<\/p>\n\n\n\n<p>Du suchst nach einer autarken Stromversorgung? Dann bist du hier genau richtig!<\/p>\n\n\n\n<p>Plug-In Festivals hat verschiedene L\u00f6sungen f\u00fcr dich im Programm!<\/p>\n\n\n\n<p>*Die Links sind Affiliate Links. Wenn du dich f\u00fcr den Kauf einer Powerstation entscheidest, erhalten die Dachzeltnomaden eine Provision. Damit unterst\u00fctzt du uns &amp; unsere Arbeit. F\u00fcr dich kostet die Powerstation deshalb nicht mehr.<\/p>\n\n\n\n<h2 class=\"wp-block-heading\"><span style=\"font-size: 1.25rem;\">TRAVELBOX 500<\/span><\/h2>\n\n\n\n<figure class=\"wp-block-image alignleft size-full is-resized has-custom-border\"><img decoding=\"async\" width=\"400\" height=\"400\" src=\"https:\/\/dachzeltnomaden.com\/shop\/wp-content\/uploads\/2024\/01\/Dachzeltnomaden_Shop_Zubehoer_Strom_Plug-in_Festivals_Travelbox_500_2.webp\" alt=\"Dachzeltnomaden Shop Zubehoer Strom Plug-in Festival Powerstation kaufen\" class=\"wp-image-130469\" style=\"border-radius:10px;width:300px\" srcset=\"https:\/\/dachzeltnomaden.com\/shop\/wp-content\/uploads\/2024\/01\/Dachzeltnomaden_Shop_Zubehoer_Strom_Plug-in_Festivals_Travelbox_500_2.webp 400w, https:\/\/dachzeltnomaden.com\/shop\/wp-content\/uploads\/2024\/01\/Dachzeltnomaden_Shop_Zubehoer_Strom_Plug-in_Festivals_Travelbox_500_2-300x300.webp 300w, https:\/\/dachzeltnomaden.com\/shop\/wp-content\/uploads\/2024\/01\/Dachzeltnomaden_Shop_Zubehoer_Strom_Plug-in_Festivals_Travelbox_500_2-100x100.webp 100w\" sizes=\"(max-width: 400px) 100vw, 400px\" \/><\/figure>\n\n\n\n<p><\/p>\n\n\n\n<p><span style=\"font-size: 1rem;\">Die TRAVELBOX 500 wurde f\u00fcr eine mobile Energieversorgung entwickelt. Egal, ob beim Campen, im Van, oder einfach beim n\u00e4chsten Dachzelt Event. Mit dieser TRAVELBOX 500 wirst du immer mit Strom versorgt.<\/span><\/p>\n\n\n\n<p><a class=\"button\" href=\"https:\/\/dachzeltnomaden.com\/pif-travel\" target=\"_blank\" rel=\"noopener\">Hier&nbsp;gehts zur TRAVELBOX 500 von Plug-in Festivals<\/a><\/p>\n\n\n\n<h2 class=\"wp-block-heading\">&nbsp;<\/h2>\n\n\n\n<h2 class=\"wp-block-heading\">EcoFlow River&nbsp; &amp; EcoFlow Delta<\/h2>\n\n\n\n<figure class=\"wp-block-image alignleft size-full is-resized has-custom-border\"><img decoding=\"async\" width=\"430\" height=\"430\" src=\"https:\/\/dachzeltnomaden.com\/shop\/wp-content\/uploads\/2024\/01\/Dachzeltnomaden_Shop_Zubehoer_Strom_EcoFlow_RIVER-600-MAX6-Plug-in_Festivals.webp\" alt=\"Dachzeltnomaden Shop Zubehoer Strom Plug-in Festival Powerstation kaufen\" class=\"wp-image-130467\" style=\"border-radius:10px;width:300px\" srcset=\"https:\/\/dachzeltnomaden.com\/shop\/wp-content\/uploads\/2024\/01\/Dachzeltnomaden_Shop_Zubehoer_Strom_EcoFlow_RIVER-600-MAX6-Plug-in_Festivals.webp 430w, https:\/\/dachzeltnomaden.com\/shop\/wp-content\/uploads\/2024\/01\/Dachzeltnomaden_Shop_Zubehoer_Strom_EcoFlow_RIVER-600-MAX6-Plug-in_Festivals-300x300.webp 300w, https:\/\/dachzeltnomaden.com\/shop\/wp-content\/uploads\/2024\/01\/Dachzeltnomaden_Shop_Zubehoer_Strom_EcoFlow_RIVER-600-MAX6-Plug-in_Festivals-100x100.webp 100w\" sizes=\"(max-width: 430px) 100vw, 430px\" \/><\/figure>\n\n\n\n<p><\/p>\n\n\n\n<p>Die EcoFlow hat mit seinen Powerstationen neue Ma\u00dfst\u00e4be gesetzt. Deswegen sind diese auch bei Plug-in Festivals im Shop erh\u00e4ltlich.<\/p>\n\n\n\n<p><a class=\"button\" href=\"https:\/\/dachzeltnomaden.com\/pif-eco-delta\" target=\"_blank\" rel=\"noopener\">Hier gehts zu EcoFlow bei Plug-in Festivals<\/a><\/p>\n\n\n\n<h2 class=\"wp-block-heading\">&nbsp;<\/h2>\n","protected":false},"excerpt":{"rendered":"<p><a class=\"button\" href=\"https:\/\/dachzeltnomaden.com\/pif-travel\" target=\"_blank\" rel=\"noopener\">Hier\u00a0gehts zur TRAVELBOX 500 von Plug-in Festivals<\/a><\/p>\n","protected":false},"featured_media":130466,"template":"","meta":{"_uag_custom_page_level_css":"","site-sidebar-layout":"default","site-content-layout":"","ast-site-content-layout":"default","site-content-style":"default","site-sidebar-style":"default","ast-global-header-display":"","ast-banner-title-visibility":"","ast-main-header-display":"","ast-hfb-above-header-display":"","ast-hfb-below-header-display":"","ast-hfb-mobile-header-display":"","site-post-title":"","ast-breadcrumbs-content":"","ast-featured-img":"","footer-sml-layout":"","ast-disable-related-posts":"","theme-transparent-header-meta":"default","adv-header-id-meta":"","stick-header-meta":"default","header-above-stick-meta":"","header-main-stick-meta":"","header-below-stick-meta":"","astra-migrate-meta-layouts":"set","ast-page-background-enabled":"default","ast-page-background-meta":{"desktop":{"background-color":"var(--ast-global-color-4)","background-image":"","background-repeat":"repeat","background-position":"center center","background-size":"auto","background-attachment":"scroll","background-type":"","background-media":"","overlay-type":"","overlay-color":"","overlay-opacity":"","overlay-gradient":""},"tablet":{"background-color":"","background-image":"","background-repeat":"repeat","background-position":"center center","background-size":"auto","background-attachment":"scroll","background-type":"","background-media":"","overlay-type":"","overlay-color":"","overlay-opacity":"","overlay-gradient":""},"mobile":{"background-color":"","background-image":"","background-repeat":"repeat","background-position":"center center","background-size":"auto","background-attachment":"scroll","background-type":"","background-media":"","overlay-type":"","overlay-color":"","overlay-opacity":"","overlay-gradient":""}},"ast-content-background-meta":{"desktop":{"background-color":"var(--ast-global-color-5)","background-image":"","background-repeat":"repeat","background-position":"center center","background-size":"auto","background-attachment":"scroll","background-type":"","background-media":"","overlay-type":"","overlay-color":"","overlay-opacity":"","overlay-gradient":""},"tablet":{"background-color":"var(--ast-global-color-5)","background-image":"","background-repeat":"repeat","background-position":"center center","background-size":"auto","background-attachment":"scroll","background-type":"","background-media":"","overlay-type":"","overlay-color":"","overlay-opacity":"","overlay-gradient":""},"mobile":{"background-color":"var(--ast-global-color-5)","background-image":"","background-repeat":"repeat","background-position":"center center","background-size":"auto","background-attachment":"scroll","background-type":"","background-media":"","overlay-type":"","overlay-color":"","overlay-opacity":"","overlay-gradient":""}},"_themeisle_gutenberg_block_has_review":false},"product_brand":[],"product_cat":[101,144],"product_tag":[],"class_list":{"0":"post-1546","1":"product","2":"type-product","3":"status-publish","4":"has-post-thumbnail","6":"product_cat-zubehoer","7":"product_cat-stromversorgung","8":"desktop-align-left","9":"tablet-align-left","10":"mobile-align-left","11":"ast-product-gallery-layout-vertical-slider","12":"ast-product-tabs-layout-horizontal","14":"first","15":"instock","16":"purchasable","17":"product-type-external"},"exclude_global_add_ons":[],"addons":[],"uagb_featured_image_src":{"full":["https:\/\/dachzeltnomaden.com\/shop\/wp-content\/uploads\/2024\/01\/Dachzeltnomaden_Shop_Zubehoer_Strom_Plug-In_Festivals_Travelbox_500.webp",400,400,false],"thumbnail":["https:\/\/dachzeltnomaden.com\/shop\/wp-content\/uploads\/2024\/01\/Dachzeltnomaden_Shop_Zubehoer_Strom_Plug-In_Festivals_Travelbox_500.webp",400,400,false],"medium":["https:\/\/dachzeltnomaden.com\/shop\/wp-content\/uploads\/2024\/01\/Dachzeltnomaden_Shop_Zubehoer_Strom_Plug-In_Festivals_Travelbox_500-300x300.webp",300,300,true],"medium_large":["https:\/\/dachzeltnomaden.com\/shop\/wp-content\/uploads\/2024\/01\/Dachzeltnomaden_Shop_Zubehoer_Strom_Plug-In_Festivals_Travelbox_500.webp",400,400,false],"large":["https:\/\/dachzeltnomaden.com\/shop\/wp-content\/uploads\/2024\/01\/Dachzeltnomaden_Shop_Zubehoer_Strom_Plug-In_Festivals_Travelbox_500.webp",400,400,false],"1536x1536":["https:\/\/dachzeltnomaden.com\/shop\/wp-content\/uploads\/2024\/01\/Dachzeltnomaden_Shop_Zubehoer_Strom_Plug-In_Festivals_Travelbox_500.webp",400,400,false],"2048x2048":["https:\/\/dachzeltnomaden.com\/shop\/wp-content\/uploads\/2024\/01\/Dachzeltnomaden_Shop_Zubehoer_Strom_Plug-In_Festivals_Travelbox_500.webp",400,400,false],"woocommerce_thumbnail":["https:\/\/dachzeltnomaden.com\/shop\/wp-content\/uploads\/2024\/01\/Dachzeltnomaden_Shop_Zubehoer_Strom_Plug-In_Festivals_Travelbox_500.webp",400,400,false],"woocommerce_single":["https:\/\/dachzeltnomaden.com\/shop\/wp-content\/uploads\/2024\/01\/Dachzeltnomaden_Shop_Zubehoer_Strom_Plug-In_Festivals_Travelbox_500.webp",400,400,false],"woocommerce_gallery_thumbnail":["https:\/\/dachzeltnomaden.com\/shop\/wp-content\/uploads\/2024\/01\/Dachzeltnomaden_Shop_Zubehoer_Strom_Plug-In_Festivals_Travelbox_500-100x100.webp",100,100,true]},"uagb_author_info":{"display_name":"Jasmine","author_link":"https:\/\/dachzeltnomaden.com\/shop\/author\/"},"uagb_comment_info":0,"uagb_excerpt":"Hier\u00a0gehts zur TRAVELBOX 500 von Plug-in Festivals","_links":{"self":[{"href":"https:\/\/dachzeltnomaden.com\/shop\/wp-json\/wp\/v2\/product\/1546","targetHints":{"allow":["GET"]}}],"collection":[{"href":"https:\/\/dachzeltnomaden.com\/shop\/wp-json\/wp\/v2\/product"}],"about":[{"href":"https:\/\/dachzeltnomaden.com\/shop\/wp-json\/wp\/v2\/types\/product"}],"wp:featuredmedia":[{"embeddable":true,"href":"https:\/\/dachzeltnomaden.com\/shop\/wp-json\/wp\/v2\/media\/130466"}],"wp:attachment":[{"href":"https:\/\/dachzeltnomaden.com\/shop\/wp-json\/wp\/v2\/media?parent=1546"}],"wp:term":[{"taxonomy":"product_brand","embeddable":true,"href":"https:\/\/dachzeltnomaden.com\/shop\/wp-json\/wp\/v2\/product_brand?post=1546"},{"taxonomy":"product_cat","embeddable":true,"href":"https:\/\/dachzeltnomaden.com\/shop\/wp-json\/wp\/v2\/product_cat?post=1546"},{"taxonomy":"product_tag","embeddable":true,"href":"https:\/\/dachzeltnomaden.com\/shop\/wp-json\/wp\/v2\/product_tag?post=1546"}],"curies":[{"name":"wp","href":"https:\/\/api.w.org\/{rel}","templated":true}]}}