{"id":1545,"date":"2024-01-12T20:26:48","date_gmt":"2024-01-12T19:26:48","guid":{"rendered":"https:\/\/shop.dachzeltnomaden.com\/?post_type=product&#038;p=1545"},"modified":"2025-11-10T02:52:18","modified_gmt":"2025-11-10T01:52:18","slug":"kildwickkomposttoiletten","status":"publish","type":"product","link":"https:\/\/dachzeltnomaden.com\/shop\/produkt\/kildwickkomposttoiletten\/","title":{"rendered":"Kildwick<br>Kompost<br>Toiletten"},"content":{"rendered":"\n<p>WERBUNG<\/p>\n\n\n\n<p>Platz ist in der kleinsten H\u00fctte oder eben in diesem Fall im kleinsten Dachzeltmobil! Damit du ohne Geruchsbel\u00e4stigung und nachhaltig deinen Klo Gang erledigen kannst, findest du bei uns ab sofort die Komposttoiletten von Kildwick.<\/p>\n\n\n\n<p>Neben den fertigen Trenntoiletten gibt es auch verschiedene Baus\u00e4tze, damit du deine Trockentrenntoilette perfekt an dein Dachzeltmobil anpassen kannst.<\/p>\n\n\n\n<p>*Die Links sind Affiliate Links. Wenn du dich f\u00fcr den Kauf einer Komposttoilette entscheidest, erhalten die Dachzeltnomaden eine Provision. Damit unterst\u00fctzt du uns &amp; unsere Arbeit. F\u00fcr dich kostet die Komposttoilette deshalb nicht mehr.<\/p>\n\n\n\n<h2 class=\"wp-block-heading\"><span style=\"font-size: 1.25rem;\">Komposttoilette Komplettset<\/span><\/h2>\n\n\n\n<figure class=\"wp-block-image alignleft size-full is-resized has-custom-border\"><img decoding=\"async\" width=\"620\" height=\"620\" src=\"https:\/\/dachzeltnomaden.com\/shop\/wp-content\/uploads\/2024\/01\/Dachzeltnomaden_Shop_Zubehoer_toilette_kildwick-easyloo-trenntoilette-trockentoilette_90.webp\" alt=\"Dachzeltnomaden Shop Zubehoer Toilette Bosio easytoo trenntoilette kaufen\" class=\"wp-image-130500\" style=\"border-radius:10px;width:300px\" srcset=\"https:\/\/dachzeltnomaden.com\/shop\/wp-content\/uploads\/2024\/01\/Dachzeltnomaden_Shop_Zubehoer_toilette_kildwick-easyloo-trenntoilette-trockentoilette_90.webp 620w, https:\/\/dachzeltnomaden.com\/shop\/wp-content\/uploads\/2024\/01\/Dachzeltnomaden_Shop_Zubehoer_toilette_kildwick-easyloo-trenntoilette-trockentoilette_90-300x300.webp 300w, https:\/\/dachzeltnomaden.com\/shop\/wp-content\/uploads\/2024\/01\/Dachzeltnomaden_Shop_Zubehoer_toilette_kildwick-easyloo-trenntoilette-trockentoilette_90-600x600.webp 600w, https:\/\/dachzeltnomaden.com\/shop\/wp-content\/uploads\/2024\/01\/Dachzeltnomaden_Shop_Zubehoer_toilette_kildwick-easyloo-trenntoilette-trockentoilette_90-100x100.webp 100w\" sizes=\"(max-width: 620px) 100vw, 620px\" \/><\/figure>\n\n\n\n<p><\/p>\n\n\n\n<p>Die Komposttoiletten Komplettsets von Kildwick sind fertig zusammengebaut und sofort einsatzbereit. Sie bestehen aus einem Geh\u00e4use aus robustem Birkensperrholz. Dazu bekommst du eine Klobrille aus Bambus, den bew\u00e4hrten Kildwick Trenneinsatz, einen Kanister f\u00fcr die Fl\u00fcssigkeit und ein Beh\u00e4ltnis f\u00fcr die festen Stoffe. Optional kannst du einen L\u00fcfter mitbestellen.<\/p>\n\n\n\n<p><a class=\"button\" href=\"https:\/\/dachzeltnomaden.com\/kildwick-ttt\" target=\"_blank\" rel=\"noopener\">Hier gehts zum Komplettset der Komposttoilette von Kildwick<\/a><\/p>\n\n\n\n<h2 class=\"wp-block-heading\">&nbsp;<\/h2>\n\n\n\n<p>&nbsp;<\/p>\n\n\n\n<p>&nbsp;<\/p>\n\n\n\n<h2 class=\"wp-block-heading\">Bausatz Komposttoilette<\/h2>\n\n\n\n<figure class=\"wp-block-image alignleft size-full is-resized has-custom-border\"><img decoding=\"async\" width=\"1024\" height=\"1024\" src=\"https:\/\/dachzeltnomaden.com\/shop\/wp-content\/uploads\/2024\/01\/Dachzeltnomaden_Shop_Zubehoer_toilette_kildwick-bausatz-campingtoilette-komposttoilette-easyloo_90.webp\" alt=\"Dachzeltnomaden Shop Zubehoer Toilette Bosio kildwick bausatz komposttoilette kaufen\" class=\"wp-image-130497\" style=\"border-radius:10px;width:300px\" srcset=\"https:\/\/dachzeltnomaden.com\/shop\/wp-content\/uploads\/2024\/01\/Dachzeltnomaden_Shop_Zubehoer_toilette_kildwick-bausatz-campingtoilette-komposttoilette-easyloo_90.webp 1024w, https:\/\/dachzeltnomaden.com\/shop\/wp-content\/uploads\/2024\/01\/Dachzeltnomaden_Shop_Zubehoer_toilette_kildwick-bausatz-campingtoilette-komposttoilette-easyloo_90-300x300.webp 300w, https:\/\/dachzeltnomaden.com\/shop\/wp-content\/uploads\/2024\/01\/Dachzeltnomaden_Shop_Zubehoer_toilette_kildwick-bausatz-campingtoilette-komposttoilette-easyloo_90-768x768.webp 768w, https:\/\/dachzeltnomaden.com\/shop\/wp-content\/uploads\/2024\/01\/Dachzeltnomaden_Shop_Zubehoer_toilette_kildwick-bausatz-campingtoilette-komposttoilette-easyloo_90-600x600.webp 600w, https:\/\/dachzeltnomaden.com\/shop\/wp-content\/uploads\/2024\/01\/Dachzeltnomaden_Shop_Zubehoer_toilette_kildwick-bausatz-campingtoilette-komposttoilette-easyloo_90-100x100.webp 100w\" sizes=\"(max-width: 1024px) 100vw, 1024px\" \/><\/figure>\n\n\n\n<p><\/p>\n\n\n\n<p>Mit den verschiedenen Baus\u00e4tzen kannst du dir die Toilette bauen, die am Besten zu deinen Gegebenheiten passt. Egal ob Gartenlaube oder VW Caddy, die Baus\u00e4tze passen sich deinen Bed\u00fcrfnissen an.<\/p>\n\n\n\n<p><a class=\"button\" href=\"https:\/\/dachzeltnomaden.com\/kildwick-bausatz\" target=\"_blank\" rel=\"noopener\">Hier gehts zu den Baus\u00e4tzen der Komposttoilette von Kildwick<\/a><\/p>\n\n\n\n<h2 class=\"wp-block-heading\">&nbsp;<\/h2>\n\n\n\n<p>&nbsp;<\/p>\n","protected":false},"excerpt":{"rendered":"<p><a class=\"button\" href=\"https:\/\/dachzeltnomaden.com\/kildwick-ttt\" target=\"_blank\" rel=\"noopener\">Hier gehts zum Komplettset der Komposttoilette von Kildwick<\/a><\/p>\n","protected":false},"featured_media":130496,"template":"","meta":{"_uag_custom_page_level_css":"","site-sidebar-layout":"default","site-content-layout":"","ast-site-content-layout":"default","site-content-style":"default","site-sidebar-style":"default","ast-global-header-display":"","ast-banner-title-visibility":"","ast-main-header-display":"","ast-hfb-above-header-display":"","ast-hfb-below-header-display":"","ast-hfb-mobile-header-display":"","site-post-title":"","ast-breadcrumbs-content":"","ast-featured-img":"","footer-sml-layout":"","ast-disable-related-posts":"","theme-transparent-header-meta":"default","adv-header-id-meta":"","stick-header-meta":"default","header-above-stick-meta":"","header-main-stick-meta":"","header-below-stick-meta":"","astra-migrate-meta-layouts":"set","ast-page-background-enabled":"default","ast-page-background-meta":{"desktop":{"background-color":"var(--ast-global-color-4)","background-image":"","background-repeat":"repeat","background-position":"center center","background-size":"auto","background-attachment":"scroll","background-type":"","background-media":"","overlay-type":"","overlay-color":"","overlay-opacity":"","overlay-gradient":""},"tablet":{"background-color":"","background-image":"","background-repeat":"repeat","background-position":"center center","background-size":"auto","background-attachment":"scroll","background-type":"","background-media":"","overlay-type":"","overlay-color":"","overlay-opacity":"","overlay-gradient":""},"mobile":{"background-color":"","background-image":"","background-repeat":"repeat","background-position":"center center","background-size":"auto","background-attachment":"scroll","background-type":"","background-media":"","overlay-type":"","overlay-color":"","overlay-opacity":"","overlay-gradient":""}},"ast-content-background-meta":{"desktop":{"background-color":"var(--ast-global-color-5)","background-image":"","background-repeat":"repeat","background-position":"center center","background-size":"auto","background-attachment":"scroll","background-type":"","background-media":"","overlay-type":"","overlay-color":"","overlay-opacity":"","overlay-gradient":""},"tablet":{"background-color":"var(--ast-global-color-5)","background-image":"","background-repeat":"repeat","background-position":"center center","background-size":"auto","background-attachment":"scroll","background-type":"","background-media":"","overlay-type":"","overlay-color":"","overlay-opacity":"","overlay-gradient":""},"mobile":{"background-color":"var(--ast-global-color-5)","background-image":"","background-repeat":"repeat","background-position":"center center","background-size":"auto","background-attachment":"scroll","background-type":"","background-media":"","overlay-type":"","overlay-color":"","overlay-opacity":"","overlay-gradient":""}},"_themeisle_gutenberg_block_has_review":false},"product_brand":[],"product_cat":[101,102],"product_tag":[],"class_list":{"0":"post-1545","1":"product","2":"type-product","3":"status-publish","4":"has-post-thumbnail","6":"product_cat-zubehoer","7":"product_cat-waschen-toilette","8":"desktop-align-left","9":"tablet-align-left","10":"mobile-align-left","11":"ast-product-gallery-layout-vertical-slider","12":"ast-product-tabs-layout-horizontal","14":"first","15":"instock","16":"purchasable","17":"product-type-external"},"exclude_global_add_ons":[],"addons":[],"uagb_featured_image_src":{"full":["https:\/\/dachzeltnomaden.com\/shop\/wp-content\/uploads\/2024\/01\/Dachzeltnomaden_Shop_Zubehoer_toilette_kildwick-easyloo-trenntoilette-trockentoilette_6_10.webp",1024,1024,false],"thumbnail":["https:\/\/dachzeltnomaden.com\/shop\/wp-content\/uploads\/2024\/01\/Dachzeltnomaden_Shop_Zubehoer_toilette_kildwick-easyloo-trenntoilette-trockentoilette_6_10.webp",600,600,false],"medium":["https:\/\/dachzeltnomaden.com\/shop\/wp-content\/uploads\/2024\/01\/Dachzeltnomaden_Shop_Zubehoer_toilette_kildwick-easyloo-trenntoilette-trockentoilette_6_10-300x300.webp",300,300,true],"medium_large":["https:\/\/dachzeltnomaden.com\/shop\/wp-content\/uploads\/2024\/01\/Dachzeltnomaden_Shop_Zubehoer_toilette_kildwick-easyloo-trenntoilette-trockentoilette_6_10-768x768.webp",768,768,true],"large":["https:\/\/dachzeltnomaden.com\/shop\/wp-content\/uploads\/2024\/01\/Dachzeltnomaden_Shop_Zubehoer_toilette_kildwick-easyloo-trenntoilette-trockentoilette_6_10.webp",512,512,false],"1536x1536":["https:\/\/dachzeltnomaden.com\/shop\/wp-content\/uploads\/2024\/01\/Dachzeltnomaden_Shop_Zubehoer_toilette_kildwick-easyloo-trenntoilette-trockentoilette_6_10.webp",1024,1024,false],"2048x2048":["https:\/\/dachzeltnomaden.com\/shop\/wp-content\/uploads\/2024\/01\/Dachzeltnomaden_Shop_Zubehoer_toilette_kildwick-easyloo-trenntoilette-trockentoilette_6_10.webp",1024,1024,false],"woocommerce_thumbnail":["https:\/\/dachzeltnomaden.com\/shop\/wp-content\/uploads\/2024\/01\/Dachzeltnomaden_Shop_Zubehoer_toilette_kildwick-easyloo-trenntoilette-trockentoilette_6_10-600x600.webp",600,600,true],"woocommerce_single":["https:\/\/dachzeltnomaden.com\/shop\/wp-content\/uploads\/2024\/01\/Dachzeltnomaden_Shop_Zubehoer_toilette_kildwick-easyloo-trenntoilette-trockentoilette_6_10.webp",1024,1024,false],"woocommerce_gallery_thumbnail":["https:\/\/dachzeltnomaden.com\/shop\/wp-content\/uploads\/2024\/01\/Dachzeltnomaden_Shop_Zubehoer_toilette_kildwick-easyloo-trenntoilette-trockentoilette_6_10-100x100.webp",100,100,true]},"uagb_author_info":{"display_name":"Jasmine","author_link":"https:\/\/dachzeltnomaden.com\/shop\/author\/"},"uagb_comment_info":0,"uagb_excerpt":"Hier gehts zum Komplettset der Komposttoilette von Kildwick","_links":{"self":[{"href":"https:\/\/dachzeltnomaden.com\/shop\/wp-json\/wp\/v2\/product\/1545","targetHints":{"allow":["GET"]}}],"collection":[{"href":"https:\/\/dachzeltnomaden.com\/shop\/wp-json\/wp\/v2\/product"}],"about":[{"href":"https:\/\/dachzeltnomaden.com\/shop\/wp-json\/wp\/v2\/types\/product"}],"wp:featuredmedia":[{"embeddable":true,"href":"https:\/\/dachzeltnomaden.com\/shop\/wp-json\/wp\/v2\/media\/130496"}],"wp:attachment":[{"href":"https:\/\/dachzeltnomaden.com\/shop\/wp-json\/wp\/v2\/media?parent=1545"}],"wp:term":[{"taxonomy":"product_brand","embeddable":true,"href":"https:\/\/dachzeltnomaden.com\/shop\/wp-json\/wp\/v2\/product_brand?post=1545"},{"taxonomy":"product_cat","embeddable":true,"href":"https:\/\/dachzeltnomaden.com\/shop\/wp-json\/wp\/v2\/product_cat?post=1545"},{"taxonomy":"product_tag","embeddable":true,"href":"https:\/\/dachzeltnomaden.com\/shop\/wp-json\/wp\/v2\/product_tag?post=1545"}],"curies":[{"name":"wp","href":"https:\/\/api.w.org\/{rel}","templated":true}]}}