{"id":1544,"date":"2024-01-12T20:26:47","date_gmt":"2024-01-12T19:26:47","guid":{"rendered":"https:\/\/shop.dachzeltnomaden.com\/?post_type=product&#038;p=1544"},"modified":"2025-10-17T10:16:57","modified_gmt":"2025-10-17T08:16:57","slug":"dachzelte-berlin-tentlock","status":"publish","type":"product","link":"https:\/\/dachzeltnomaden.com\/shop\/produkt\/dachzelte-berlin-tentlock\/","title":{"rendered":"Dachzelte.Berlin &#8211; Tentlock"},"content":{"rendered":"\n<p>WERBUNG<\/p>\n\n\n\n<p>Die neue Diebstahlsicherung f\u00fcr Dachzelte auf dem deutschen Markt!<\/p>\n\n\n\n<p>Du besch\u00e4ftigst dich schon eine Weile mit dem Thema Dachzelt Sicherung? Dann hast du ab sofort die M\u00f6glichkeit dein AUTOHOME Dachzelt oder jedes andere Dachzelt welches mit M6 Befestigungen am Vierkant Stahltr\u00e4ger befestigt ist zu sichern.<\/p>\n\n\n\n<p>*Der Link ist ein Affiliate Link. Wenn du dich f\u00fcr den Kauf eines Tentlock entscheidest, erhalten die Dachzeltnomaden eine Provision. Damit unterst\u00fctzt du uns &amp; unsere Arbeit. F\u00fcr dich kostet das Tentlock deshalb nicht mehr.<\/p>\n\n\n\n<h2 class=\"wp-block-heading\"><span style=\"font-size: 1.25rem;\">TENTLOCK<\/span><\/h2>\n\n\n\n<figure class=\"wp-block-image alignleft size-full is-resized has-custom-border\"><img decoding=\"async\" width=\"700\" height=\"566\" src=\"https:\/\/dachzeltnomaden.com\/shop\/wp-content\/uploads\/2024\/01\/Dachzeltnomaden_Shop_Zubehoer_Sicherheit_Diebstahlsicherung_Tentlock_Set_75.webp\" alt=\"Dachzeltnomaden Shop Zubehoer Sicherheit Diebstahlsicherung Tentlock kaufen\" class=\"wp-image-130457\" style=\"border-radius:10px;width:350px\" srcset=\"https:\/\/dachzeltnomaden.com\/shop\/wp-content\/uploads\/2024\/01\/Dachzeltnomaden_Shop_Zubehoer_Sicherheit_Diebstahlsicherung_Tentlock_Set_75.webp 700w, https:\/\/dachzeltnomaden.com\/shop\/wp-content\/uploads\/2024\/01\/Dachzeltnomaden_Shop_Zubehoer_Sicherheit_Diebstahlsicherung_Tentlock_Set_75-300x243.webp 300w\" sizes=\"(max-width: 700px) 100vw, 700px\" \/><\/figure>\n\n\n\n<p><\/p>\n\n\n\n<p>&nbsp;<\/p>\n\n\n\n<p>&nbsp;<\/p>\n\n\n\n<p>Mit TENTLOCK von Dachzelte. Berlin habt ihr eine Diebstahlsicherung, welche kompatibel mit allen originalen Befestigungskits von Autohome ist. Dar\u00fcber hinaus passt TENTLOCK auch an alle \u00fcbrigen M6-Dachzelt-Befestigungen.<\/p>\n\n\n\n<p><a class=\"button\" href=\"https:\/\/dachzeltnomaden.com\/tentlock\" target=\"_blank\" rel=\"noopener\">Hier gehts zum TENTLOCK von Dachzelte.Berlin<\/a><\/p>\n\n\n\n<p>&nbsp;<\/p>\n","protected":false},"excerpt":{"rendered":"<p><a class=\"button\" href=\"https:\/\/dachzeltnomaden.com\/tentlock\" target=\"_blank\" rel=\"noopener\">Hier gehts zum TENTLOCK von Dachzelte.Berlin<\/a><\/p>\n","protected":false},"featured_media":130456,"template":"","meta":{"_uag_custom_page_level_css":"","site-sidebar-layout":"default","site-content-layout":"","ast-site-content-layout":"default","site-content-style":"default","site-sidebar-style":"default","ast-global-header-display":"","ast-banner-title-visibility":"","ast-main-header-display":"","ast-hfb-above-header-display":"","ast-hfb-below-header-display":"","ast-hfb-mobile-header-display":"","site-post-title":"","ast-breadcrumbs-content":"","ast-featured-img":"","footer-sml-layout":"","ast-disable-related-posts":"","theme-transparent-header-meta":"default","adv-header-id-meta":"","stick-header-meta":"default","header-above-stick-meta":"","header-main-stick-meta":"","header-below-stick-meta":"","astra-migrate-meta-layouts":"set","ast-page-background-enabled":"default","ast-page-background-meta":{"desktop":{"background-color":"var(--ast-global-color-4)","background-image":"","background-repeat":"repeat","background-position":"center center","background-size":"auto","background-attachment":"scroll","background-type":"","background-media":"","overlay-type":"","overlay-color":"","overlay-opacity":"","overlay-gradient":""},"tablet":{"background-color":"","background-image":"","background-repeat":"repeat","background-position":"center center","background-size":"auto","background-attachment":"scroll","background-type":"","background-media":"","overlay-type":"","overlay-color":"","overlay-opacity":"","overlay-gradient":""},"mobile":{"background-color":"","background-image":"","background-repeat":"repeat","background-position":"center center","background-size":"auto","background-attachment":"scroll","background-type":"","background-media":"","overlay-type":"","overlay-color":"","overlay-opacity":"","overlay-gradient":""}},"ast-content-background-meta":{"desktop":{"background-color":"var(--ast-global-color-5)","background-image":"","background-repeat":"repeat","background-position":"center center","background-size":"auto","background-attachment":"scroll","background-type":"","background-media":"","overlay-type":"","overlay-color":"","overlay-opacity":"","overlay-gradient":""},"tablet":{"background-color":"var(--ast-global-color-5)","background-image":"","background-repeat":"repeat","background-position":"center center","background-size":"auto","background-attachment":"scroll","background-type":"","background-media":"","overlay-type":"","overlay-color":"","overlay-opacity":"","overlay-gradient":""},"mobile":{"background-color":"var(--ast-global-color-5)","background-image":"","background-repeat":"repeat","background-position":"center center","background-size":"auto","background-attachment":"scroll","background-type":"","background-media":"","overlay-type":"","overlay-color":"","overlay-opacity":"","overlay-gradient":""}},"_themeisle_gutenberg_block_has_review":false},"product_brand":[],"product_cat":[101,143],"product_tag":[],"class_list":{"0":"post-1544","1":"product","2":"type-product","3":"status-publish","4":"has-post-thumbnail","6":"product_cat-zubehoer","7":"product_cat-sicherheit","8":"desktop-align-left","9":"tablet-align-left","10":"mobile-align-left","11":"ast-product-gallery-layout-vertical-slider","12":"ast-product-tabs-layout-horizontal","14":"first","15":"instock","16":"purchasable","17":"product-type-external"},"exclude_global_add_ons":[],"addons":[],"uagb_featured_image_src":{"full":["https:\/\/dachzeltnomaden.com\/shop\/wp-content\/uploads\/2024\/01\/Dachzeltnomaden_Shop_Zubehoer_Sicherheit_Diebstahlsicherung_Tentlock_montiert-1024x683_90.webp",1024,683,false],"thumbnail":["https:\/\/dachzeltnomaden.com\/shop\/wp-content\/uploads\/2024\/01\/Dachzeltnomaden_Shop_Zubehoer_Sicherheit_Diebstahlsicherung_Tentlock_montiert-1024x683_90.webp",600,400,false],"medium":["https:\/\/dachzeltnomaden.com\/shop\/wp-content\/uploads\/2024\/01\/Dachzeltnomaden_Shop_Zubehoer_Sicherheit_Diebstahlsicherung_Tentlock_montiert-1024x683_90-300x200.webp",300,200,true],"medium_large":["https:\/\/dachzeltnomaden.com\/shop\/wp-content\/uploads\/2024\/01\/Dachzeltnomaden_Shop_Zubehoer_Sicherheit_Diebstahlsicherung_Tentlock_montiert-1024x683_90-768x512.webp",768,512,true],"large":["https:\/\/dachzeltnomaden.com\/shop\/wp-content\/uploads\/2024\/01\/Dachzeltnomaden_Shop_Zubehoer_Sicherheit_Diebstahlsicherung_Tentlock_montiert-1024x683_90.webp",768,512,false],"1536x1536":["https:\/\/dachzeltnomaden.com\/shop\/wp-content\/uploads\/2024\/01\/Dachzeltnomaden_Shop_Zubehoer_Sicherheit_Diebstahlsicherung_Tentlock_montiert-1024x683_90.webp",1024,683,false],"2048x2048":["https:\/\/dachzeltnomaden.com\/shop\/wp-content\/uploads\/2024\/01\/Dachzeltnomaden_Shop_Zubehoer_Sicherheit_Diebstahlsicherung_Tentlock_montiert-1024x683_90.webp",1024,683,false],"woocommerce_thumbnail":["https:\/\/dachzeltnomaden.com\/shop\/wp-content\/uploads\/2024\/01\/Dachzeltnomaden_Shop_Zubehoer_Sicherheit_Diebstahlsicherung_Tentlock_montiert-1024x683_90-600x600.webp",600,600,true],"woocommerce_single":["https:\/\/dachzeltnomaden.com\/shop\/wp-content\/uploads\/2024\/01\/Dachzeltnomaden_Shop_Zubehoer_Sicherheit_Diebstahlsicherung_Tentlock_montiert-1024x683_90.webp",1024,683,false],"woocommerce_gallery_thumbnail":["https:\/\/dachzeltnomaden.com\/shop\/wp-content\/uploads\/2024\/01\/Dachzeltnomaden_Shop_Zubehoer_Sicherheit_Diebstahlsicherung_Tentlock_montiert-1024x683_90-100x100.webp",100,100,true]},"uagb_author_info":{"display_name":"Jasmine","author_link":"https:\/\/dachzeltnomaden.com\/shop\/author\/"},"uagb_comment_info":0,"uagb_excerpt":"Hier gehts zum TENTLOCK von Dachzelte.Berlin","_links":{"self":[{"href":"https:\/\/dachzeltnomaden.com\/shop\/wp-json\/wp\/v2\/product\/1544","targetHints":{"allow":["GET"]}}],"collection":[{"href":"https:\/\/dachzeltnomaden.com\/shop\/wp-json\/wp\/v2\/product"}],"about":[{"href":"https:\/\/dachzeltnomaden.com\/shop\/wp-json\/wp\/v2\/types\/product"}],"wp:featuredmedia":[{"embeddable":true,"href":"https:\/\/dachzeltnomaden.com\/shop\/wp-json\/wp\/v2\/media\/130456"}],"wp:attachment":[{"href":"https:\/\/dachzeltnomaden.com\/shop\/wp-json\/wp\/v2\/media?parent=1544"}],"wp:term":[{"taxonomy":"product_brand","embeddable":true,"href":"https:\/\/dachzeltnomaden.com\/shop\/wp-json\/wp\/v2\/product_brand?post=1544"},{"taxonomy":"product_cat","embeddable":true,"href":"https:\/\/dachzeltnomaden.com\/shop\/wp-json\/wp\/v2\/product_cat?post=1544"},{"taxonomy":"product_tag","embeddable":true,"href":"https:\/\/dachzeltnomaden.com\/shop\/wp-json\/wp\/v2\/product_tag?post=1544"}],"curies":[{"name":"wp","href":"https:\/\/api.w.org\/{rel}","templated":true}]}}