{"id":141144,"date":"2026-04-23T04:04:20","date_gmt":"2026-04-23T02:04:20","guid":{"rendered":"https:\/\/dachzeltnomaden.com\/shop\/?post_type=product&#038;p=141144"},"modified":"2026-04-23T10:22:14","modified_gmt":"2026-04-23T08:22:14","slug":"wahi-toa-s-vorzelt","status":"publish","type":"product","link":"https:\/\/dachzeltnomaden.com\/shop\/produkt\/wahi-toa-s-vorzelt\/","title":{"rendered":"wahi toa S &#8211; Vorzelt"},"content":{"rendered":"\n<p>Mit dem Vorzelt f\u00fcr das tao S erweiterst du dein Hartschalendachzelt um einen gesch\u00fctzten Raum direkt unter dir.<br>Ideal zum Umziehen, f\u00fcr Gep\u00e4ck oder einfach, um bei Regen trocken zu bleiben.<br><br>Das Vorzelt wird direkt am Dachzelt befestigt und schafft in wenigen Minuten zus\u00e4tzlichen Platz f\u00fcr alles, was nicht ins Zelt muss \u2013 aber trotzdem trocken bleiben soll. Zwei Seitenfenster mit Moskitonetzen und eine gro\u00dfe Frontt\u00fcr mit integriertem Moskitonetz sorgen f\u00fcr Luft und Schutz zugleich.<br><br>F\u00fcr ausreichend Licht auch bei schlechtem Wetter ist im Dach ein gro\u00dfes Kunststofffenster integriert, das sich bei Bedarf verdunkeln l\u00e4sst.<br>Mit einer H\u00f6he von bis zu 2,2 m bietet das Vorzelt viel Raum. Bei niedrigeren Fahrzeugen kann es ringsum \u00fcber B\u00e4nder angepasst und gek\u00fcrzt werden.<\/p>\n\n\n\n<h3 class=\"wp-block-heading\">Besondere Features<\/h3>\n\n\n\n<ul class=\"wp-block-list\">\n<li><strong>Einfaches Befestigungssystem: <\/strong>Das Vorzelt l\u00e4sst sich mit einem Rei\u00dfverschluss schnell und einfach an dein toa S Dachzelt anschlie\u00dfen.<\/li>\n\n\n\n<li><strong>Einfacher Zutritt:<\/strong> Zwei T\u00fcren inklusive Moskitonetz mit Rei\u00dfverschluss<\/li>\n\n\n\n<li><strong>Blick in die Natur:<\/strong> Gro\u00dfe Fenster inklusive Moskitonetz mit Rei\u00dfverschluss<\/li>\n\n\n\n<li><strong>Komplett geschlossen<\/strong> &#8211; Durch vier W\u00e4nde gehst du immer trockenen Fu\u00dfes in dein Dachzelt<\/li>\n<\/ul>\n\n\n\n<h3 class=\"wp-block-heading\">Produktdetails<\/h3>\n\n\n\n<ul class=\"wp-block-list\">\n<li><strong>T\u00fcren: <\/strong>2, inkl. Moskitonetz<\/li>\n\n\n\n<li><strong>Fenster:<\/strong> 2, inkl. Moskitonetz<\/li>\n\n\n\n<li><strong>Seitenw\u00e4nde:<\/strong> 4<\/li>\n\n\n\n<li><strong>Befestigungssystem:<\/strong> Rei\u00dfverschluss<\/li>\n\n\n\n<li>Inklusive Bodenplane<\/li>\n<\/ul>\n\n\n\n<h3 class=\"wp-block-heading\">Technische Daten<\/h3>\n\n\n\n<ul class=\"wp-block-list\">\n<li><strong>Gewicht:<\/strong> 10 kg<\/li>\n\n\n\n<li><strong>Zeltstoff: <\/strong>420D Rip-Stop Polyester Oxford, 5000 Wassers\u00e4ule, Schimmelresistent<\/li>\n<\/ul>\n","protected":false},"excerpt":{"rendered":"<p>Mit dem Vorzelt f\u00fcr das tao S erweiterst du dein Hartschalendachzelt um einen gesch\u00fctzten Raum direkt unter dir.Ideal zum Umziehen, [&hellip;]<\/p>\n","protected":false},"featured_media":141142,"template":"","meta":{"_uag_custom_page_level_css":"","site-sidebar-layout":"default","site-content-layout":"","ast-site-content-layout":"default","site-content-style":"default","site-sidebar-style":"default","ast-global-header-display":"","ast-banner-title-visibility":"","ast-main-header-display":"","ast-hfb-above-header-display":"","ast-hfb-below-header-display":"","ast-hfb-mobile-header-display":"","site-post-title":"","ast-breadcrumbs-content":"","ast-featured-img":"","footer-sml-layout":"","ast-disable-related-posts":"","theme-transparent-header-meta":"","adv-header-id-meta":"","stick-header-meta":"","header-above-stick-meta":"","header-main-stick-meta":"","header-below-stick-meta":"","astra-migrate-meta-layouts":"default","ast-page-background-enabled":"default","ast-page-background-meta":{"desktop":{"background-color":"var(--ast-global-color-4)","background-image":"","background-repeat":"repeat","background-position":"center center","background-size":"auto","background-attachment":"scroll","background-type":"","background-media":"","overlay-type":"","overlay-color":"","overlay-opacity":"","overlay-gradient":""},"tablet":{"background-color":"","background-image":"","background-repeat":"repeat","background-position":"center center","background-size":"auto","background-attachment":"scroll","background-type":"","background-media":"","overlay-type":"","overlay-color":"","overlay-opacity":"","overlay-gradient":""},"mobile":{"background-color":"","background-image":"","background-repeat":"repeat","background-position":"center center","background-size":"auto","background-attachment":"scroll","background-type":"","background-media":"","overlay-type":"","overlay-color":"","overlay-opacity":"","overlay-gradient":""}},"ast-content-background-meta":{"desktop":{"background-color":"var(--ast-global-color-5)","background-image":"","background-repeat":"repeat","background-position":"center center","background-size":"auto","background-attachment":"scroll","background-type":"","background-media":"","overlay-type":"","overlay-color":"","overlay-opacity":"","overlay-gradient":""},"tablet":{"background-color":"var(--ast-global-color-5)","background-image":"","background-repeat":"repeat","background-position":"center center","background-size":"auto","background-attachment":"scroll","background-type":"","background-media":"","overlay-type":"","overlay-color":"","overlay-opacity":"","overlay-gradient":""},"mobile":{"background-color":"var(--ast-global-color-5)","background-image":"","background-repeat":"repeat","background-position":"center center","background-size":"auto","background-attachment":"scroll","background-type":"","background-media":"","overlay-type":"","overlay-color":"","overlay-opacity":"","overlay-gradient":""}},"_themeisle_gutenberg_block_has_review":false},"product_brand":[],"product_cat":[127],"product_tag":[],"class_list":{"0":"post-141144","1":"product","2":"type-product","3":"status-publish","4":"has-post-thumbnail","6":"product_cat-neue-dachzelte-kaufen","7":"product_shipping_class-punii-zubehoer","8":"desktop-align-left","9":"tablet-align-left","10":"mobile-align-left","11":"ast-product-gallery-layout-vertical-slider","12":"ast-product-single-variable","13":"ast-product-tabs-layout-horizontal","15":"first","16":"instock","17":"taxable","18":"shipping-taxable","19":"purchasable","20":"product-type-variable"},"exclude_global_add_ons":[],"addons":[],"uagb_featured_image_src":{"full":["https:\/\/dachzeltnomaden.com\/shop\/wp-content\/uploads\/2026\/01\/dachzeltnomaden-shop-dachzelte-punii-toa-s-vorzelt-kaufen.webp",800,640,false],"thumbnail":["https:\/\/dachzeltnomaden.com\/shop\/wp-content\/uploads\/2026\/01\/dachzeltnomaden-shop-dachzelte-punii-toa-s-vorzelt-kaufen-600x600.webp",600,600,true],"medium":["https:\/\/dachzeltnomaden.com\/shop\/wp-content\/uploads\/2026\/01\/dachzeltnomaden-shop-dachzelte-punii-toa-s-vorzelt-kaufen-300x240.webp",300,240,true],"medium_large":["https:\/\/dachzeltnomaden.com\/shop\/wp-content\/uploads\/2026\/01\/dachzeltnomaden-shop-dachzelte-punii-toa-s-vorzelt-kaufen-768x614.webp",768,614,true],"large":["https:\/\/dachzeltnomaden.com\/shop\/wp-content\/uploads\/2026\/01\/dachzeltnomaden-shop-dachzelte-punii-toa-s-vorzelt-kaufen-640x512.webp",640,512,true],"1536x1536":["https:\/\/dachzeltnomaden.com\/shop\/wp-content\/uploads\/2026\/01\/dachzeltnomaden-shop-dachzelte-punii-toa-s-vorzelt-kaufen.webp",800,640,false],"2048x2048":["https:\/\/dachzeltnomaden.com\/shop\/wp-content\/uploads\/2026\/01\/dachzeltnomaden-shop-dachzelte-punii-toa-s-vorzelt-kaufen.webp",800,640,false],"woocommerce_thumbnail":["https:\/\/dachzeltnomaden.com\/shop\/wp-content\/uploads\/2026\/01\/dachzeltnomaden-shop-dachzelte-punii-toa-s-vorzelt-kaufen-600x600.webp",600,600,true],"woocommerce_single":["https:\/\/dachzeltnomaden.com\/shop\/wp-content\/uploads\/2026\/01\/dachzeltnomaden-shop-dachzelte-punii-toa-s-vorzelt-kaufen.webp",800,640,false],"woocommerce_gallery_thumbnail":["https:\/\/dachzeltnomaden.com\/shop\/wp-content\/uploads\/2026\/01\/dachzeltnomaden-shop-dachzelte-punii-toa-s-vorzelt-kaufen-100x100.webp",100,100,true]},"uagb_author_info":{"display_name":"admin","author_link":"https:\/\/dachzeltnomaden.com\/shop\/author\/"},"uagb_comment_info":0,"uagb_excerpt":"Mit dem Vorzelt f\u00fcr das tao S erweiterst du dein Hartschalendachzelt um einen gesch\u00fctzten Raum direkt unter dir.Ideal zum Umziehen, [&hellip;]","_links":{"self":[{"href":"https:\/\/dachzeltnomaden.com\/shop\/wp-json\/wp\/v2\/product\/141144","targetHints":{"allow":["GET"]}}],"collection":[{"href":"https:\/\/dachzeltnomaden.com\/shop\/wp-json\/wp\/v2\/product"}],"about":[{"href":"https:\/\/dachzeltnomaden.com\/shop\/wp-json\/wp\/v2\/types\/product"}],"wp:featuredmedia":[{"embeddable":true,"href":"https:\/\/dachzeltnomaden.com\/shop\/wp-json\/wp\/v2\/media\/141142"}],"wp:attachment":[{"href":"https:\/\/dachzeltnomaden.com\/shop\/wp-json\/wp\/v2\/media?parent=141144"}],"wp:term":[{"taxonomy":"product_brand","embeddable":true,"href":"https:\/\/dachzeltnomaden.com\/shop\/wp-json\/wp\/v2\/product_brand?post=141144"},{"taxonomy":"product_cat","embeddable":true,"href":"https:\/\/dachzeltnomaden.com\/shop\/wp-json\/wp\/v2\/product_cat?post=141144"},{"taxonomy":"product_tag","embeddable":true,"href":"https:\/\/dachzeltnomaden.com\/shop\/wp-json\/wp\/v2\/product_tag?post=141144"}],"curies":[{"name":"wp","href":"https:\/\/api.w.org\/{rel}","templated":true}]}}