{"id":140011,"date":"2026-03-06T03:45:32","date_gmt":"2026-03-06T02:45:32","guid":{"rendered":"https:\/\/dachzeltnomaden.com\/shop\/?post_type=product&#038;p=140011"},"modified":"2026-04-21T05:51:39","modified_gmt":"2026-04-21T03:51:39","slug":"campwerk-dachzelte","status":"publish","type":"product","link":"https:\/\/dachzeltnomaden.com\/shop\/produkt\/campwerk-dachzelte\/","title":{"rendered":"CAMPWERK<br>Dachzelte"},"content":{"rendered":"\n<p class=\"has-text-align-left\">WERBUNG<br><br>Du suchst ein CAMPWERK Dachzelt? Dann bist du hier genau richtig! CAMPWERK Dachzelte gibt es in folgenden Ausf\u00fchrungen:<\/p>\n\n\n\n<ul class=\"wp-block-list\">\n<li>Klappdachzelte, GFK Hartschalen Dachzelte<\/li>\n\n\n\n<li>Vorzelt und Thermo-Innenzelt je nach Modell m\u00f6glich<\/li>\n\n\n\n<li>Liegefl\u00e4che Breite: 133-163 cm<\/li>\n\n\n\n<li>Gewicht: ab 60 Kg<\/li>\n\n\n\n<li>Preis: ab 2281 Euro<\/li>\n<\/ul>\n\n\n\n<p>*Die Links sind Affiliate Links. Wenn du dich f\u00fcr den Kauf eines Dachzeltes entscheidest, erhalten die Dachzeltnomaden eine Provision. Damit unterst\u00fctzt du uns &amp; unsere Arbeit. F\u00fcr dich kostet das Dachzelt deshalb nicht mehr.<br><br>Diese CAMPWERK Dachzelt Modelle sind aktuell zu haben:<\/p>\n\n\n\n<div class=\"wp-block-uagb-container uag-hide-desktop uag-hide-tab uag-hide-mob uagb-block-fd583629 default uagb-is-root-container\">\n<div class=\"wp-block-uagb-container uagb-block-c261ec47\">\n<div class=\"wp-block-group is-layout-constrained wp-container-core-group-is-layout-bdcbbb17 wp-block-group-is-layout-constrained\">\n<div class=\"wp-block-uagb-advanced-heading uagb-block-31c479c2\"><h2 class=\"uagb-heading-text\">Adventure 140 grau<\/h2><div class=\"uagb-separator\"><\/div><p class=\"uagb-desc-text\"><strong>2.281,25 \u20ac<\/strong><\/p><\/div>\n\n\n\n<div class=\"wp-block-uagb-image uagb-block-e9deeb0a wp-block-uagb-image--layout-default wp-block-uagb-image--effect-static wp-block-uagb-image--align-none\"><figure class=\"wp-block-uagb-image__figure\"><img decoding=\"async\" srcset=\"https:\/\/dachzeltnomaden.com\/shop\/wp-content\/uploads\/2024\/01\/dachzeltnomaden-shop-dachzelte-campwerk-adventure-140-grau-kaufen.webp ,https:\/\/dachzeltnomaden.com\/shop\/wp-content\/uploads\/2024\/01\/dachzeltnomaden-shop-dachzelte-campwerk-adventure-140-grau-kaufen.webp 780w, https:\/\/dachzeltnomaden.com\/shop\/wp-content\/uploads\/2024\/01\/dachzeltnomaden-shop-dachzelte-campwerk-adventure-140-grau-kaufen.webp 360w\" sizes=\"auto, (max-width: 480px) 150px\" src=\"https:\/\/dachzeltnomaden.com\/shop\/wp-content\/uploads\/2024\/01\/dachzeltnomaden-shop-dachzelte-campwerk-adventure-140-grau-kaufen.webp\" alt=\"campwerk dachzelt adventure 140 grau kaufen\" class=\"uag-image-132238\" width=\"1024\" height=\"250\" title=\"dachzeltnomaden-shop-dachzelte-campwerk-adventure-140-grau-kaufen\" loading=\"lazy\" role=\"img\"\/><\/figure><\/div>\n\n\n\n<p class=\"has-ast-global-color-2-color has-text-color has-link-color wp-elements-16615f791eb2733e003667c230f310f9\">1-2 Personen Dachzelt, Klappdachzelt, f\u00fcr Fahrzeuge ab 65 kg Dachlast<\/p>\n\n\n\n<hr class=\"wp-block-separator has-text-color has-ast-global-color-2-color has-alpha-channel-opacity has-ast-global-color-2-background-color has-background\"\/>\n\n\n\n<ul style=\"font-size:15px\" class=\"wp-block-list has-ast-global-color-2-color has-text-color has-link-color wp-elements-55da99cb60ea9058c3537a0e15962e42\">\n<li>Ma\u00dfe geschlossen: 140 x 120 x 35 cm<\/li>\n\n\n\n<li>Ma\u00dfe ge\u00f6ffnet: 290 x 140 x 130&nbsp;cm<\/li>\n\n\n\n<li>Ma\u00dfe Matratze: 240 x 138 cm<\/li>\n\n\n\n<li>\u00fcberdachter Einstieg<\/li>\n\n\n\n<li>Gewicht: 60 kg<\/li>\n<\/ul>\n<\/div>\n\n\n\n<div class=\"wp-block-uagb-buttons uagb-buttons__outer-wrap uagb-btn__default-btn uagb-btn-tablet__default-btn uagb-btn-mobile__default-btn uagb-block-691b7039\"><div class=\"uagb-buttons__wrap uagb-buttons-layout-wrap \">\n<div class=\"wp-block-uagb-buttons-child uagb-buttons__outer-wrap uagb-block-8fa40841 wp-block-button\"><div class=\"uagb-button__wrapper\"><a class=\"uagb-buttons-repeater wp-block-button__link\" aria-label=\"\" href=\"#\" rel=\"follow noopener\" target=\"_self\" role=\"button\"><div class=\"uagb-button__link\">Zum Adventure 140 grau<\/div><\/a><\/div><\/div>\n<\/div><\/div>\n<a class=\"spectra-container-link-overlay\" rel=\"noopener\" target=\"_blank\" href=\"https:\/\/www.awin1.com\/cread.php?awinmid=12158&amp;awinaffid=728701&amp;platform=dl&amp;ued=https%3A%2F%2Fwww.campingwagner.de%2Fde%2Fp%2Fcampwerk-adventure-dachzelt-inkl-matratzenunterlage-290x140cm-grau_92520&amp;clickref=shop_campwerk_adventure140grau_cwagner_bb_1\"> <\/a><\/div>\n\n\n\n<div class=\"wp-block-uagb-container uagb-block-68673003 default uagb-is-root-container\">\n<div class=\"wp-block-group is-layout-constrained wp-container-core-group-is-layout-bdcbbb17 wp-block-group-is-layout-constrained\">\n<div class=\"wp-block-uagb-advanced-heading uagb-block-a3b8d889\"><h2 class=\"uagb-heading-text\">Adventure 140 gr\u00fcn<\/h2><div class=\"uagb-separator\"><\/div><p class=\"uagb-desc-text\"><strong>2.281,25 \u20ac<\/strong><\/p><\/div>\n\n\n\n<div class=\"wp-block-uagb-image uagb-block-9d320c41 wp-block-uagb-image--layout-default wp-block-uagb-image--effect-static wp-block-uagb-image--align-none\"><figure class=\"wp-block-uagb-image__figure\"><img decoding=\"async\" srcset=\"https:\/\/dachzeltnomaden.com\/shop\/wp-content\/uploads\/2026\/03\/dachzeltnomaden-campwerk-dachzelte-adventure-140-grau-kaufen-768x512.webp ,https:\/\/dachzeltnomaden.com\/shop\/wp-content\/uploads\/2026\/03\/dachzeltnomaden-campwerk-dachzelte-adventure-140-grau-kaufen.webp 780w, https:\/\/dachzeltnomaden.com\/shop\/wp-content\/uploads\/2026\/03\/dachzeltnomaden-campwerk-dachzelte-adventure-140-grau-kaufen.webp 360w\" sizes=\"auto, (max-width: 480px) 150px\" src=\"https:\/\/dachzeltnomaden.com\/shop\/wp-content\/uploads\/2026\/03\/dachzeltnomaden-campwerk-dachzelte-adventure-140-grau-kaufen-768x512.webp\" alt=\"campwerk dachzelt adventure 140 gruen kaufen\" class=\"uag-image-140012\" width=\"1024\" height=\"250\" title=\"dachzeltnomaden-campwerk-dachzelte-adventure-140-grau-kaufen\" loading=\"lazy\" role=\"img\"\/><\/figure><\/div>\n\n\n\n<p class=\"has-ast-global-color-2-color has-text-color has-link-color wp-elements-aaca4d5c47600051f4feab73efec85fd\">Dachzelt f\u00fcr 1-2 Personen, Klappdachzelt, f\u00fcr Fahrzeuge ab 65 kg Dachlast<\/p>\n\n\n\n<hr class=\"wp-block-separator has-text-color has-ast-global-color-2-color has-alpha-channel-opacity has-ast-global-color-2-background-color has-background\"\/>\n\n\n\n<ul style=\"font-size:15px\" class=\"wp-block-list has-ast-global-color-2-color has-text-color has-link-color wp-elements-55da99cb60ea9058c3537a0e15962e42\">\n<li>Ma\u00dfe geschlossen: 140 x 120 x 35 cm<\/li>\n\n\n\n<li>Ma\u00dfe ge\u00f6ffnet: 290 x 140 x 130&nbsp;cm<\/li>\n\n\n\n<li>Ma\u00dfe Matratze: 240 x 138 cm<\/li>\n\n\n\n<li>\u00fcberdachter Einstieg<\/li>\n\n\n\n<li>Gewicht: 60 kg<\/li>\n<\/ul>\n<\/div>\n\n\n\n<div class=\"wp-block-uagb-buttons uagb-buttons__outer-wrap uagb-btn__default-btn uagb-btn-tablet__default-btn uagb-btn-mobile__default-btn uagb-block-549aacb7\"><div class=\"uagb-buttons__wrap uagb-buttons-layout-wrap \">\n<div class=\"wp-block-uagb-buttons-child uagb-buttons__outer-wrap uagb-block-c6da84b1 wp-block-button\"><div class=\"uagb-button__wrapper\"><a class=\"uagb-buttons-repeater wp-block-button__link\" aria-label=\"\" href=\"#\" rel=\"follow noopener\" target=\"_self\" role=\"button\"><div class=\"uagb-button__link\">Zum Adventure 140 gr\u00fcn<\/div><\/a><\/div><\/div>\n<\/div><\/div>\n<a class=\"spectra-container-link-overlay\" rel=\"noopener\" target=\"_blank\" href=\"https:\/\/www.awin1.com\/cread.php?awinmid=12158&amp;awinaffid=728701&amp;platform=dl&amp;ued=https%3A%2F%2Fwww.campingwagner.de%2Fde%2Fp%2Fcampwerk-adventure-dachzelt-inkl-matratzenunterlage-olivgruen-140cm_92522&amp;clickref=shop_campwerk_adventure140gruen_cwagner_bb_1\"> <\/a><\/div>\n\n\n\n<div class=\"wp-block-uagb-container uagb-block-eae8980e default uagb-is-root-container\">\n<div class=\"wp-block-group is-layout-constrained wp-container-core-group-is-layout-bdcbbb17 wp-block-group-is-layout-constrained\">\n<div class=\"wp-block-uagb-advanced-heading uagb-block-c6435d90\"><h2 class=\"uagb-heading-text\">Adventure 165 grau<\/h2><div class=\"uagb-separator\"><\/div><p class=\"uagb-desc-text\"><strong>2.549 \u20ac<\/strong><\/p><\/div>\n\n\n\n<div class=\"wp-block-uagb-image uagb-block-bba57d38 wp-block-uagb-image--layout-default wp-block-uagb-image--effect-static wp-block-uagb-image--align-none\"><figure class=\"wp-block-uagb-image__figure\"><img decoding=\"async\" srcset=\"https:\/\/dachzeltnomaden.com\/shop\/wp-content\/uploads\/2026\/03\/dachzeltnomaden-shop-dachzelte-campwerk-adventure-165-grau-kaufen-770x512.webp ,https:\/\/dachzeltnomaden.com\/shop\/wp-content\/uploads\/2026\/03\/dachzeltnomaden-shop-dachzelte-campwerk-adventure-165-grau-kaufen.webp 780w, https:\/\/dachzeltnomaden.com\/shop\/wp-content\/uploads\/2026\/03\/dachzeltnomaden-shop-dachzelte-campwerk-adventure-165-grau-kaufen.webp 360w\" sizes=\"auto, (max-width: 480px) 150px\" src=\"https:\/\/dachzeltnomaden.com\/shop\/wp-content\/uploads\/2026\/03\/dachzeltnomaden-shop-dachzelte-campwerk-adventure-165-grau-kaufen-770x512.webp\" alt=\"campwerk dachzelt adventure 165 grau kaufen\" class=\"uag-image-140014\" width=\"1024\" height=\"250\" title=\"dachzeltnomaden-shop-dachzelte-campwerk-adventure-165-grau-kaufen\" loading=\"lazy\" role=\"img\"\/><\/figure><\/div>\n\n\n\n<p class=\"has-ast-global-color-2-color has-text-color has-link-color wp-elements-d5ec054c2f2930520561a05db1e7f3c5\">Geeignet f\u00fcr 3 Personen, Klappdachzelt, f\u00fcr Fahrzeuge ab 73 kg Dachlast<\/p>\n\n\n\n<hr class=\"wp-block-separator has-text-color has-ast-global-color-2-color has-alpha-channel-opacity has-ast-global-color-2-background-color has-background\"\/>\n\n\n\n<ul style=\"font-size:15px\" class=\"wp-block-list has-ast-global-color-2-color has-text-color has-link-color wp-elements-336a91946cd1ebe03a2844a869791a4e\">\n<li>Ma\u00dfe geschlossen: 165 x 120 x 35 cm<\/li>\n\n\n\n<li>Ma\u00dfe ge\u00f6ffnet: 290 x 165 x 130 cm<\/li>\n\n\n\n<li>Ma\u00dfe Matratze: 240 x 163 cm<\/li>\n\n\n\n<li>\u00fcberdachter Einstieg<\/li>\n\n\n\n<li>Gewicht: 68 kg<\/li>\n<\/ul>\n<\/div>\n\n\n\n<div class=\"wp-block-uagb-buttons uagb-buttons__outer-wrap uagb-btn__default-btn uagb-btn-tablet__default-btn uagb-btn-mobile__default-btn uagb-block-68ab90a2\"><div class=\"uagb-buttons__wrap uagb-buttons-layout-wrap \">\n<div class=\"wp-block-uagb-buttons-child uagb-buttons__outer-wrap uagb-block-e582c2fd wp-block-button\"><div class=\"uagb-button__wrapper\"><a class=\"uagb-buttons-repeater wp-block-button__link\" aria-label=\"\" href=\"#\" rel=\"follow noopener\" target=\"_self\" role=\"button\"><div class=\"uagb-button__link\">Zum Adventure 165 grau<\/div><\/a><\/div><\/div>\n<\/div><\/div>\n<a class=\"spectra-container-link-overlay\" rel=\"noopener\" target=\"_blank\" href=\"https:\/\/www.awin1.com\/cread.php?awinmid=12158&amp;awinaffid=728701&amp;platform=dl&amp;ued=https%3A%2F%2Fwww.campingwagner.de%2Fde%2Fp%2Fcampwerk-adventure-dachzelt-inkl-matratzenunterlage-290x165cm-grau_92521&amp;clickref=shop_campwerk_adventure165grau_cwagner_bb_1\"> <\/a><\/div>\n<\/div>\n\n\n\n<div class=\"wp-block-uagb-container uagb-block-59993f54 default uagb-is-root-container\">\n<div class=\"wp-block-uagb-container uagb-block-15d5dd2d default uagb-is-root-container\">\n<div class=\"wp-block-group is-layout-constrained wp-container-core-group-is-layout-bdcbbb17 wp-block-group-is-layout-constrained\">\n<div class=\"wp-block-uagb-advanced-heading uagb-block-9d890500\"><h2 class=\"uagb-heading-text\">Good Vibes<\/h2><div class=\"uagb-separator\"><\/div><p class=\"uagb-desc-text\"><strong>3.433 \u20ac<\/strong><\/p><\/div>\n\n\n\n<div class=\"wp-block-uagb-image uagb-block-979faf06 wp-block-uagb-image--layout-default wp-block-uagb-image--effect-static wp-block-uagb-image--align-none\"><figure class=\"wp-block-uagb-image__figure\"><img decoding=\"async\" srcset=\"https:\/\/dachzeltnomaden.com\/shop\/wp-content\/uploads\/2024\/01\/dachzeltnomaden-campwerk-dachzelte-good-vibes-gfk-hartschalendachzelt-zoomin-kaufen-camping-wagner.webp ,https:\/\/dachzeltnomaden.com\/shop\/wp-content\/uploads\/2024\/01\/dachzeltnomaden-campwerk-dachzelte-good-vibes-gfk-hartschalendachzelt-zoomin-kaufen-camping-wagner.webp 780w, https:\/\/dachzeltnomaden.com\/shop\/wp-content\/uploads\/2024\/01\/dachzeltnomaden-campwerk-dachzelte-good-vibes-gfk-hartschalendachzelt-zoomin-kaufen-camping-wagner.webp 360w\" sizes=\"auto, (max-width: 480px) 150px\" src=\"https:\/\/dachzeltnomaden.com\/shop\/wp-content\/uploads\/2024\/01\/dachzeltnomaden-campwerk-dachzelte-good-vibes-gfk-hartschalendachzelt-zoomin-kaufen-camping-wagner.webp\" alt=\"campwerk good vibes gfk hartschalendachzelt kaufen camping\" class=\"uag-image-132261\" width=\"1024\" height=\"250\" title=\"dachzeltnomaden-campwerk-dachzelte-good-vibes-gfk-hartschalendachzelt-zoomin-kaufen-camping-wagner\" loading=\"lazy\" role=\"img\"\/><\/figure><\/div>\n\n\n\n<p class=\"has-ast-global-color-2-color has-text-color has-link-color wp-elements-93a66ac37797bec9008c8015cc3d7706\">Geeignet f\u00fcr 1-2 Personen, GFK Hartschalen Dachzelt, f\u00fcr Fahrzeuge ab 73 kg Dachlast<\/p>\n\n\n\n<hr class=\"wp-block-separator has-text-color has-ast-global-color-2-color has-alpha-channel-opacity has-ast-global-color-2-background-color has-background\"\/>\n\n\n\n<ul style=\"font-size:15px\" class=\"wp-block-list has-ast-global-color-2-color has-text-color has-link-color wp-elements-3a80a38012fca27ff454269518f2559c\">\n<li>Ma\u00dfe geschlossen: 210 x 144 x 34 cm<\/li>\n\n\n\n<li>Ma\u00dfe ge\u00f6ffnet: 210 x 144 x 107&nbsp;cm<\/li>\n\n\n\n<li>Ma\u00dfe Matratze: 200 x 133 cm<\/li>\n\n\n\n<li>Viereck Dachzelt<\/li>\n\n\n\n<li>Gewicht: 68 kg<\/li>\n<\/ul>\n<\/div>\n\n\n\n<div class=\"wp-block-uagb-buttons uagb-buttons__outer-wrap uagb-btn__default-btn uagb-btn-tablet__default-btn uagb-btn-mobile__default-btn uagb-block-9773b122\"><div class=\"uagb-buttons__wrap uagb-buttons-layout-wrap \">\n<div class=\"wp-block-uagb-buttons-child uagb-buttons__outer-wrap uagb-block-740763c4 wp-block-button\"><div class=\"uagb-button__wrapper\"><a class=\"uagb-buttons-repeater wp-block-button__link\" aria-label=\"\" href=\"#\" rel=\"follow noopener\" target=\"_self\" role=\"button\"><div class=\"uagb-button__link\">Zum Good Vibes<\/div><\/a><\/div><\/div>\n<\/div><\/div>\n<a class=\"spectra-container-link-overlay\" rel=\"noopener\" target=\"_blank\" href=\"https:\/\/www.awin1.com\/cread.php?awinmid=12158&amp;awinaffid=728701&amp;platform=dl&amp;ued=https%3A%2F%2Fwww.campingwagner.de%2Fde%2Fp%2Fikamper-good-vibes-hartschalen-dachzelt-200x133cm_133660&amp;clickref=shop_campwerk_goodvibes_cwagner_bb_1\"> <\/a><\/div>\n\n\n\n<div class=\"wp-block-uagb-container uag-hide-desktop uag-hide-tab uag-hide-mob uagb-block-c56be715 default uagb-is-root-container\">\n<div class=\"wp-block-group is-layout-constrained wp-container-core-group-is-layout-bdcbbb17 wp-block-group-is-layout-constrained\">\n<div class=\"wp-block-uagb-advanced-heading uagb-block-3d3c16d3\"><h2 class=\"uagb-heading-text\">Adventure 165 gr\u00fcn<\/h2><div class=\"uagb-separator\"><\/div><p class=\"uagb-desc-text\"><strong>2.549 \u20ac<\/strong><\/p><\/div>\n\n\n\n<div class=\"wp-block-uagb-image uagb-block-c4349972 wp-block-uagb-image--layout-default wp-block-uagb-image--effect-static wp-block-uagb-image--align-none\"><figure class=\"wp-block-uagb-image__figure\"><img decoding=\"async\" srcset=\"https:\/\/dachzeltnomaden.com\/shop\/wp-content\/uploads\/2026\/03\/dachzeltnomaden-shop-dachzelte-campwerk-adventure-165-gruen-kaufen.webp ,https:\/\/dachzeltnomaden.com\/shop\/wp-content\/uploads\/2026\/03\/dachzeltnomaden-shop-dachzelte-campwerk-adventure-165-gruen-kaufen.webp 780w, https:\/\/dachzeltnomaden.com\/shop\/wp-content\/uploads\/2026\/03\/dachzeltnomaden-shop-dachzelte-campwerk-adventure-165-gruen-kaufen.webp 360w\" sizes=\"auto, (max-width: 480px) 150px\" src=\"https:\/\/dachzeltnomaden.com\/shop\/wp-content\/uploads\/2026\/03\/dachzeltnomaden-shop-dachzelte-campwerk-adventure-165-gruen-kaufen.webp\" alt=\"campwerk dachzelt adventure 165 gruen kaufen\" class=\"uag-image-140013\" width=\"1024\" height=\"250\" title=\"dachzeltnomaden-shop-dachzelte-campwerk-adventure-165-gruen-kaufen\" loading=\"lazy\" role=\"img\"\/><\/figure><\/div>\n\n\n\n<p class=\"has-ast-global-color-2-color has-text-color has-link-color wp-elements-b7b22063d70eacd4d3f02c15422c03b7\">Dachzelt f\u00fcr 3 Personen, Klappdachzelt, f\u00fcr Fahrzeuge ab 73 kg Dachlast<\/p>\n\n\n\n<hr class=\"wp-block-separator has-text-color has-ast-global-color-2-color has-alpha-channel-opacity has-ast-global-color-2-background-color has-background\"\/>\n\n\n\n<ul style=\"font-size:15px\" class=\"wp-block-list has-ast-global-color-2-color has-text-color has-link-color wp-elements-336a91946cd1ebe03a2844a869791a4e\">\n<li>Ma\u00dfe geschlossen: 165 x 120 x 35 cm<\/li>\n\n\n\n<li>Ma\u00dfe ge\u00f6ffnet: 290 x 165 x 130 cm<\/li>\n\n\n\n<li>Ma\u00dfe Matratze: 240 x 163 cm<\/li>\n\n\n\n<li>\u00fcberdachter Einstieg<\/li>\n\n\n\n<li>Gewicht: 68 kg<\/li>\n<\/ul>\n<\/div>\n\n\n\n<div class=\"wp-block-uagb-buttons uagb-buttons__outer-wrap uagb-btn__default-btn uagb-btn-tablet__default-btn uagb-btn-mobile__default-btn uagb-block-e2bb357d\"><div class=\"uagb-buttons__wrap uagb-buttons-layout-wrap \">\n<div class=\"wp-block-uagb-buttons-child uagb-buttons__outer-wrap uagb-block-631faa5e wp-block-button\"><div class=\"uagb-button__wrapper\"><a class=\"uagb-buttons-repeater wp-block-button__link\" aria-label=\"\" href=\"#\" rel=\"follow noopener\" target=\"_self\" role=\"button\"><div class=\"uagb-button__link\">Zum Adventure 165 gr\u00fcn<\/div><\/a><\/div><\/div>\n<\/div><\/div>\n<a class=\"spectra-container-link-overlay\" rel=\"noopener\" target=\"_blank\" href=\"https:\/\/www.awin1.com\/cread.php?awinmid=12158&amp;awinaffid=728701&amp;platform=dl&amp;ued=https%3A%2F%2Fwww.campingwagner.de%2Fde%2Fp%2Fcampwerk-adventure-dachzelt-inkl-matratzenunterlage-olivgruen-165cm_92523&amp;clickref=shop_campwerk_adventure165gruen_cwagner_bb_1\"> <\/a><\/div>\n\n\n\n<div class=\"wp-block-uagb-container uagb-block-549b2c05\"><a class=\"spectra-container-link-overlay\" rel=\"noopener\" target=\"_blank\" href=\"https:\/\/www.awin1.com\/cread.php?awinmid=14353u0026awinaffid=728701u0026platform=dlu0026ued=https%3A%2F%2Fwww.decathlon.de%2Fp%2Fmp%2Fzelt-mit-weicher-aussenhulle-thule-approach-s%2F119cd5ac-3e18-498c-ab70-7f9511a9267d%2Fc251\"> <\/a><\/div>\n\n\n\n<div class=\"wp-block-uagb-container uagb-block-4b6c1ece\"><a class=\"spectra-container-link-overlay\" rel=\"noopener\" target=\"_blank\" href=\"https:\/\/www.awin1.com\/cread.php?awinmid=14353u0026awinaffid=728701u0026platform=dlu0026ued=https%3A%2F%2Fwww.decathlon.de%2Fp%2Fmp%2Fzelt-mit-weicher-aussenhulle-thule-approach-s%2F119cd5ac-3e18-498c-ab70-7f9511a9267d%2Fc251\"> <\/a><\/div>\n<\/div>\n","protected":false},"excerpt":{"rendered":"<p>WERBUNG Du suchst ein CAMPWERK Dachzelt? Dann bist du hier genau richtig! CAMPWERK Dachzelte gibt es in folgenden Ausf\u00fchrungen: *Die [&hellip;]<\/p>\n","protected":false},"featured_media":132232,"template":"","meta":{"_uag_custom_page_level_css":"","site-sidebar-layout":"default","site-content-layout":"","ast-site-content-layout":"default","site-content-style":"default","site-sidebar-style":"default","ast-global-header-display":"","ast-banner-title-visibility":"","ast-main-header-display":"","ast-hfb-above-header-display":"","ast-hfb-below-header-display":"","ast-hfb-mobile-header-display":"","site-post-title":"","ast-breadcrumbs-content":"","ast-featured-img":"","footer-sml-layout":"","ast-disable-related-posts":"","theme-transparent-header-meta":"","adv-header-id-meta":"","stick-header-meta":"","header-above-stick-meta":"","header-main-stick-meta":"","header-below-stick-meta":"","astra-migrate-meta-layouts":"default","ast-page-background-enabled":"default","ast-page-background-meta":{"desktop":{"background-color":"var(--ast-global-color-4)","background-image":"","background-repeat":"repeat","background-position":"center center","background-size":"auto","background-attachment":"scroll","background-type":"","background-media":"","overlay-type":"","overlay-color":"","overlay-opacity":"","overlay-gradient":""},"tablet":{"background-color":"","background-image":"","background-repeat":"repeat","background-position":"center center","background-size":"auto","background-attachment":"scroll","background-type":"","background-media":"","overlay-type":"","overlay-color":"","overlay-opacity":"","overlay-gradient":""},"mobile":{"background-color":"","background-image":"","background-repeat":"repeat","background-position":"center center","background-size":"auto","background-attachment":"scroll","background-type":"","background-media":"","overlay-type":"","overlay-color":"","overlay-opacity":"","overlay-gradient":""}},"ast-content-background-meta":{"desktop":{"background-color":"var(--ast-global-color-5)","background-image":"","background-repeat":"repeat","background-position":"center center","background-size":"auto","background-attachment":"scroll","background-type":"","background-media":"","overlay-type":"","overlay-color":"","overlay-opacity":"","overlay-gradient":""},"tablet":{"background-color":"var(--ast-global-color-5)","background-image":"","background-repeat":"repeat","background-position":"center center","background-size":"auto","background-attachment":"scroll","background-type":"","background-media":"","overlay-type":"","overlay-color":"","overlay-opacity":"","overlay-gradient":""},"mobile":{"background-color":"var(--ast-global-color-5)","background-image":"","background-repeat":"repeat","background-position":"center center","background-size":"auto","background-attachment":"scroll","background-type":"","background-media":"","overlay-type":"","overlay-color":"","overlay-opacity":"","overlay-gradient":""}},"_themeisle_gutenberg_block_has_review":false},"product_brand":[],"product_cat":[108],"product_tag":[112,231,314,318],"class_list":{"0":"post-140011","1":"product","2":"type-product","3":"status-publish","4":"has-post-thumbnail","6":"product_cat-dachzelte","7":"product_tag-hartschalendachzelt","8":"product_tag-klappdachzelt","9":"product_tag-hartschalen-dachzelt","10":"product_tag-campwerk-dachzelt","11":"desktop-align-left","12":"tablet-align-left","13":"mobile-align-left","14":"ast-product-gallery-layout-vertical-slider","15":"ast-product-tabs-layout-horizontal","17":"first","18":"instock","19":"taxable","20":"shipping-taxable","21":"purchasable","22":"product-type-external"},"exclude_global_add_ons":[],"addons":[],"uagb_featured_image_src":{"full":["https:\/\/dachzeltnomaden.com\/shop\/wp-content\/uploads\/2024\/01\/dachzeltnomaden-shop-dachzelte-campwerk-adventure-140-kaufen.webp",800,533,false],"thumbnail":["https:\/\/dachzeltnomaden.com\/shop\/wp-content\/uploads\/2024\/01\/dachzeltnomaden-shop-dachzelte-campwerk-adventure-140-kaufen-600x533.webp",600,533,true],"medium":["https:\/\/dachzeltnomaden.com\/shop\/wp-content\/uploads\/2024\/01\/dachzeltnomaden-shop-dachzelte-campwerk-adventure-140-kaufen-300x200.webp",300,200,true],"medium_large":["https:\/\/dachzeltnomaden.com\/shop\/wp-content\/uploads\/2024\/01\/dachzeltnomaden-shop-dachzelte-campwerk-adventure-140-kaufen-768x512.webp",768,512,true],"large":["https:\/\/dachzeltnomaden.com\/shop\/wp-content\/uploads\/2024\/01\/dachzeltnomaden-shop-dachzelte-campwerk-adventure-140-kaufen.webp",768,512,false],"1536x1536":["https:\/\/dachzeltnomaden.com\/shop\/wp-content\/uploads\/2024\/01\/dachzeltnomaden-shop-dachzelte-campwerk-adventure-140-kaufen.webp",800,533,false],"2048x2048":["https:\/\/dachzeltnomaden.com\/shop\/wp-content\/uploads\/2024\/01\/dachzeltnomaden-shop-dachzelte-campwerk-adventure-140-kaufen.webp",800,533,false],"woocommerce_thumbnail":["https:\/\/dachzeltnomaden.com\/shop\/wp-content\/uploads\/2024\/01\/dachzeltnomaden-shop-dachzelte-campwerk-adventure-140-kaufen-600x533.webp",600,533,true],"woocommerce_single":["https:\/\/dachzeltnomaden.com\/shop\/wp-content\/uploads\/2024\/01\/dachzeltnomaden-shop-dachzelte-campwerk-adventure-140-kaufen.webp",800,533,false],"woocommerce_gallery_thumbnail":["https:\/\/dachzeltnomaden.com\/shop\/wp-content\/uploads\/2024\/01\/dachzeltnomaden-shop-dachzelte-campwerk-adventure-140-kaufen-100x100.webp",100,100,true]},"uagb_author_info":{"display_name":"Jasmine","author_link":"https:\/\/dachzeltnomaden.com\/shop\/author\/"},"uagb_comment_info":0,"uagb_excerpt":"WERBUNG Du suchst ein CAMPWERK Dachzelt? Dann bist du hier genau richtig! CAMPWERK Dachzelte gibt es in folgenden Ausf\u00fchrungen: *Die [&hellip;]","_links":{"self":[{"href":"https:\/\/dachzeltnomaden.com\/shop\/wp-json\/wp\/v2\/product\/140011","targetHints":{"allow":["GET"]}}],"collection":[{"href":"https:\/\/dachzeltnomaden.com\/shop\/wp-json\/wp\/v2\/product"}],"about":[{"href":"https:\/\/dachzeltnomaden.com\/shop\/wp-json\/wp\/v2\/types\/product"}],"wp:featuredmedia":[{"embeddable":true,"href":"https:\/\/dachzeltnomaden.com\/shop\/wp-json\/wp\/v2\/media\/132232"}],"wp:attachment":[{"href":"https:\/\/dachzeltnomaden.com\/shop\/wp-json\/wp\/v2\/media?parent=140011"}],"wp:term":[{"taxonomy":"product_brand","embeddable":true,"href":"https:\/\/dachzeltnomaden.com\/shop\/wp-json\/wp\/v2\/product_brand?post=140011"},{"taxonomy":"product_cat","embeddable":true,"href":"https:\/\/dachzeltnomaden.com\/shop\/wp-json\/wp\/v2\/product_cat?post=140011"},{"taxonomy":"product_tag","embeddable":true,"href":"https:\/\/dachzeltnomaden.com\/shop\/wp-json\/wp\/v2\/product_tag?post=140011"}],"curies":[{"name":"wp","href":"https:\/\/api.w.org\/{rel}","templated":true}]}}