{"id":140004,"date":"2026-03-06T02:38:49","date_gmt":"2026-03-06T01:38:49","guid":{"rendered":"https:\/\/dachzeltnomaden.com\/shop\/?post_type=product&#038;p=140004"},"modified":"2026-03-08T06:42:29","modified_gmt":"2026-03-08T05:42:29","slug":"thule-dachzelte","status":"publish","type":"product","link":"https:\/\/dachzeltnomaden.com\/shop\/produkt\/thule-dachzelte\/","title":{"rendered":"Thule<br>Dachzelte"},"content":{"rendered":"\n<p class=\"has-text-align-left\">WERBUNG<br><br>Du suchst ein Thule Dachzelt? Dann bist du hier genau richtig! Thule Dachzelte gibt es in folgenden Ausf\u00fchrungen:<\/p>\n\n\n\n<ul class=\"wp-block-list\">\n<li>Klappdachzelte<\/li>\n\n\n\n<li>Vorzelt je nach Modell m\u00f6glich<\/li>\n\n\n\n<li>Liegefl\u00e4che Breite: 110-183 cm<\/li>\n\n\n\n<li>Gewicht: ab 50 kg<\/li>\n\n\n\n<li>Preis: ab 1800 Euro<\/li>\n<\/ul>\n\n\n\n<p>*Die Links sind Affiliate Links. Wenn du dich f\u00fcr den Kauf eines Dachzeltes entscheidest, erhalten die Dachzeltnomaden eine Provision. Damit unterst\u00fctzt du uns &amp; unsere Arbeit. F\u00fcr dich kostet das Dachzelt deshalb nicht mehr.<br><br>Diese Thule Dachzelt Modelle sind aktuell zu haben:<\/p>\n\n\n\n<div class=\"wp-block-uagb-container uagb-block-fd583629 default uagb-is-root-container\">\n<div class=\"wp-block-uagb-container uagb-block-c261ec47\">\n<div class=\"wp-block-group is-layout-constrained wp-container-core-group-is-layout-bdcbbb17 wp-block-group-is-layout-constrained\">\n<div class=\"wp-block-uagb-advanced-heading uagb-block-31c479c2\"><h2 class=\"uagb-heading-text\">Approach S<\/h2><div class=\"uagb-separator\"><\/div><p class=\"uagb-desc-text\"><strong>2.299,95 \u20ac<\/strong><\/p><\/div>\n\n\n\n<div class=\"wp-block-uagb-image uagb-block-e9deeb0a wp-block-uagb-image--layout-default wp-block-uagb-image--effect-static wp-block-uagb-image--align-none\"><figure class=\"wp-block-uagb-image__figure\"><img decoding=\"async\" srcset=\"https:\/\/dachzeltnomaden.com\/shop\/wp-content\/uploads\/2026\/03\/dachzeltnomaden-shop-dachzelte-thule-approachS-kaufen-512x512.webp ,https:\/\/dachzeltnomaden.com\/shop\/wp-content\/uploads\/2026\/03\/dachzeltnomaden-shop-dachzelte-thule-approachS-kaufen.webp 780w, https:\/\/dachzeltnomaden.com\/shop\/wp-content\/uploads\/2026\/03\/dachzeltnomaden-shop-dachzelte-thule-approachS-kaufen.webp 360w\" sizes=\"auto, (max-width: 480px) 150px\" src=\"https:\/\/dachzeltnomaden.com\/shop\/wp-content\/uploads\/2026\/03\/dachzeltnomaden-shop-dachzelte-thule-approachS-kaufen-512x512.webp\" alt=\"thule approach s klappdachzelt kaufen\" class=\"uag-image-140007\" width=\"1024\" height=\"250\" title=\"dachzeltnomaden-shop-dachzelte-thule-approachS-kaufen\" loading=\"lazy\" role=\"img\"\/><\/figure><\/div>\n\n\n\n<p class=\"has-ast-global-color-2-color has-text-color has-link-color wp-elements-f4ee537b2ec7dd43605f70ee5372762f\">1 Personen Dachzelt, Klappdachzelt, f\u00fcr Fahrzeuge ab 54 kg Dachlast<\/p>\n\n\n\n<hr class=\"wp-block-separator has-text-color has-ast-global-color-2-color has-alpha-channel-opacity has-ast-global-color-2-background-color has-background\"\/>\n\n\n\n<ul style=\"font-size:15px\" class=\"wp-block-list has-ast-global-color-2-color has-text-color has-link-color wp-elements-9b5811fd42716bd63268633fe1f04390\">\n<li>Ma\u00dfe geschlossen: 123 x 108 x 28 cm<\/li>\n\n\n\n<li>Ma\u00dfe ge\u00f6ffnet: 213 x 123 x 89&nbsp;cm<\/li>\n\n\n\n<li>Ma\u00dfe Matratze: 209 x 110 cm<\/li>\n\n\n\n<li>offener Einstieg<\/li>\n\n\n\n<li>Gewicht: 50 kg <\/li>\n<\/ul>\n<\/div>\n\n\n\n<div class=\"wp-block-uagb-buttons uagb-buttons__outer-wrap uagb-btn__default-btn uagb-btn-tablet__default-btn uagb-btn-mobile__default-btn uagb-block-691b7039\"><div class=\"uagb-buttons__wrap uagb-buttons-layout-wrap \">\n<div class=\"wp-block-uagb-buttons-child uagb-buttons__outer-wrap uagb-block-8fa40841 wp-block-button\"><div class=\"uagb-button__wrapper\"><a class=\"uagb-buttons-repeater wp-block-button__link\" aria-label=\"\" href=\"#\" rel=\"follow noopener\" target=\"_self\" role=\"button\"><div class=\"uagb-button__link\">Zum Approach S<\/div><\/a><\/div><\/div>\n<\/div><\/div>\n<a class=\"spectra-container-link-overlay\" rel=\"noopener\" target=\"_blank\" href=\"https:\/\/www.awin1.com\/cread.php?awinmid=14353&amp;awinaffid=728701&amp;platform=dl&amp;ued=https%3A%2F%2Fwww.decathlon.de%2Fp%2Fmp%2Fzelt-mit-weicher-aussenhulle-thule-approach-s%2F119cd5ac-3e18-498c-ab70-7f9511a9267d%2Fc251&amp;clickref=shop_thule_approachS_decathlon_bb_1\"> <\/a><\/div>\n\n\n\n<div class=\"wp-block-uagb-container uagb-block-68673003 default uagb-is-root-container\">\n<div class=\"wp-block-group is-layout-constrained wp-container-core-group-is-layout-bdcbbb17 wp-block-group-is-layout-constrained\">\n<div class=\"wp-block-uagb-advanced-heading uagb-block-a3b8d889\"><h2 class=\"uagb-heading-text\">Approach M<\/h2><div class=\"uagb-separator\"><\/div><p class=\"uagb-desc-text\"><strong>2.699,95 \u20ac<\/strong><\/p><\/div>\n\n\n\n<div class=\"wp-block-uagb-image uagb-block-9d320c41 wp-block-uagb-image--layout-default wp-block-uagb-image--effect-static wp-block-uagb-image--align-none\"><figure class=\"wp-block-uagb-image__figure\"><img decoding=\"async\" srcset=\"https:\/\/dachzeltnomaden.com\/shop\/wp-content\/uploads\/2026\/03\/dachzeltnomaden-shop-dachzelte-thule-approachM-kaufen-512x512.webp ,https:\/\/dachzeltnomaden.com\/shop\/wp-content\/uploads\/2026\/03\/dachzeltnomaden-shop-dachzelte-thule-approachM-kaufen.webp 780w, https:\/\/dachzeltnomaden.com\/shop\/wp-content\/uploads\/2026\/03\/dachzeltnomaden-shop-dachzelte-thule-approachM-kaufen.webp 360w\" sizes=\"auto, (max-width: 480px) 150px\" src=\"https:\/\/dachzeltnomaden.com\/shop\/wp-content\/uploads\/2026\/03\/dachzeltnomaden-shop-dachzelte-thule-approachM-kaufen-512x512.webp\" alt=\"thule dachzelt approach m kaufen\" class=\"uag-image-140008\" width=\"1024\" height=\"250\" title=\"dachzeltnomaden-shop-dachzelte-thule-approachM-kaufen\" loading=\"lazy\" role=\"img\"\/><\/figure><\/div>\n\n\n\n<p class=\"has-ast-global-color-2-color has-text-color has-link-color wp-elements-5d5d69a4508ca5204fea36f9c6458fad\">Dachzelt f\u00fcr 1-2 Personen, Klappdachzelt, f\u00fcr Fahrzeuge ab 63 kg Dachlast<\/p>\n\n\n\n<hr class=\"wp-block-separator has-text-color has-ast-global-color-2-color has-alpha-channel-opacity has-ast-global-color-2-background-color has-background\"\/>\n\n\n\n<ul style=\"font-size:15px\" class=\"wp-block-list has-ast-global-color-2-color has-text-color has-link-color wp-elements-99410def85adee6f7d159cc64089da21\">\n<li>Ma\u00dfe geschlossen: 143 x 124 x 28 cm<\/li>\n\n\n\n<li>Ma\u00dfe ge\u00f6ffnet: 240 x 143 x 102&nbsp;cm<\/li>\n\n\n\n<li>Ma\u00dfe Matratze: 240 x 130 cm<\/li>\n\n\n\n<li>offener Einstieg<\/li>\n\n\n\n<li>Gewicht: 58 kg<\/li>\n<\/ul>\n<\/div>\n\n\n\n<div class=\"wp-block-uagb-buttons uagb-buttons__outer-wrap uagb-btn__default-btn uagb-btn-tablet__default-btn uagb-btn-mobile__default-btn uagb-block-549aacb7\"><div class=\"uagb-buttons__wrap uagb-buttons-layout-wrap \">\n<div class=\"wp-block-uagb-buttons-child uagb-buttons__outer-wrap uagb-block-c6da84b1 wp-block-button\"><div class=\"uagb-button__wrapper\"><a class=\"uagb-buttons-repeater wp-block-button__link\" aria-label=\"\" href=\"#\" rel=\"follow noopener\" target=\"_self\" role=\"button\"><div class=\"uagb-button__link\">Zum Approach M<\/div><\/a><\/div><\/div>\n<\/div><\/div>\n<a class=\"spectra-container-link-overlay\" rel=\"noopener\" target=\"_blank\" href=\"https:\/\/www.awin1.com\/cread.php?awinmid=14353&amp;awinaffid=728701&amp;platform=dl&amp;ued=https%3A%2F%2Fwww.decathlon.de%2Fp%2Fmp%2Fzelt-mit-weicher-aussenhulle-thule-approach-m%2Ffac95489-0d6a-421b-ba1a-9423dfb1b488%2Fnovar&amp;clickref=shop_thule_approachM_decathlon_bb_1\"> <\/a><\/div>\n\n\n\n<div class=\"wp-block-uagb-container uagb-block-eae8980e default uagb-is-root-container\">\n<div class=\"wp-block-group is-layout-constrained wp-container-core-group-is-layout-bdcbbb17 wp-block-group-is-layout-constrained\">\n<div class=\"wp-block-uagb-advanced-heading uagb-block-c6435d90\"><h2 class=\"uagb-heading-text\">Approach L<\/h2><div class=\"uagb-separator\"><\/div><p class=\"uagb-desc-text\"><strong>3.199,95 \u20ac<\/strong><\/p><\/div>\n\n\n\n<div class=\"wp-block-uagb-image uagb-block-bba57d38 wp-block-uagb-image--layout-default wp-block-uagb-image--effect-static wp-block-uagb-image--align-none\"><figure class=\"wp-block-uagb-image__figure\"><img decoding=\"async\" srcset=\"https:\/\/dachzeltnomaden.com\/shop\/wp-content\/uploads\/2026\/03\/dachzeltnomaden-shop-dachzelte-thule-approachL-kaufen-512x512.webp ,https:\/\/dachzeltnomaden.com\/shop\/wp-content\/uploads\/2026\/03\/dachzeltnomaden-shop-dachzelte-thule-approachL-kaufen.webp 780w, https:\/\/dachzeltnomaden.com\/shop\/wp-content\/uploads\/2026\/03\/dachzeltnomaden-shop-dachzelte-thule-approachL-kaufen.webp 360w\" sizes=\"auto, (max-width: 480px) 150px\" src=\"https:\/\/dachzeltnomaden.com\/shop\/wp-content\/uploads\/2026\/03\/dachzeltnomaden-shop-dachzelte-thule-approachL-kaufen-512x512.webp\" alt=\"thule dachzelt approach l kaufen\" class=\"uag-image-140009\" width=\"1024\" height=\"250\" title=\"dachzeltnomaden-shop-dachzelte-thule-approachL-kaufen\" loading=\"lazy\" role=\"img\"\/><\/figure><\/div>\n\n\n\n<p class=\"has-ast-global-color-2-color has-text-color has-link-color wp-elements-d5ec054c2f2930520561a05db1e7f3c5\">Geeignet f\u00fcr 3 Personen, Klappdachzelt, f\u00fcr Fahrzeuge ab 73 kg Dachlast<\/p>\n\n\n\n<hr class=\"wp-block-separator has-text-color has-ast-global-color-2-color has-alpha-channel-opacity has-ast-global-color-2-background-color has-background\"\/>\n\n\n\n<ul style=\"font-size:15px\" class=\"wp-block-list has-ast-global-color-2-color has-text-color has-link-color wp-elements-b8be1ee1a063954ac141a7f64d825e24\">\n<li>Ma\u00dfe geschlossen: 183 x 124 x 28 cm<\/li>\n\n\n\n<li>Ma\u00dfe ge\u00f6ffnet: 244 x 183 x 102&nbsp;cm<\/li>\n\n\n\n<li>Ma\u00dfe Matratze: 240 x 170 cm<\/li>\n\n\n\n<li>offener Einstieg<\/li>\n\n\n\n<li>Gewicht: 68 kg<\/li>\n<\/ul>\n<\/div>\n\n\n\n<div class=\"wp-block-uagb-buttons uagb-buttons__outer-wrap uagb-btn__default-btn uagb-btn-tablet__default-btn uagb-btn-mobile__default-btn uagb-block-68ab90a2\"><div class=\"uagb-buttons__wrap uagb-buttons-layout-wrap \">\n<div class=\"wp-block-uagb-buttons-child uagb-buttons__outer-wrap uagb-block-e582c2fd wp-block-button\"><div class=\"uagb-button__wrapper\"><a class=\"uagb-buttons-repeater wp-block-button__link\" aria-label=\"\" href=\"#\" rel=\"follow noopener\" target=\"_self\" role=\"button\"><div class=\"uagb-button__link\">Zum Approach L<\/div><\/a><\/div><\/div>\n<\/div><\/div>\n<a class=\"spectra-container-link-overlay\" rel=\"noopener\" target=\"_blank\" href=\"https:\/\/www.awin1.com\/cread.php?awinmid=14353&amp;awinaffid=728701&amp;platform=dl&amp;ued=https%3A%2F%2Fwww.decathlon.de%2Fp%2Fmp%2Fzelt-mit-weicher-aussenhulle-thule-approach-l-3-4-persons-z206-nbre-of-places%2Fb7fc5748-56c5-4a5c-af41-a35142dfe05c%2Fc27&amp;clickref=shop_thule_approachL_decathlon_bb_1\"> <\/a><\/div>\n<\/div>\n\n\n\n<div class=\"wp-block-uagb-container uagb-block-59993f54 default uagb-is-root-container\">\n<div class=\"wp-block-uagb-container uagb-block-c56be715 default uagb-is-root-container\">\n<div class=\"wp-block-group is-layout-constrained wp-container-core-group-is-layout-bdcbbb17 wp-block-group-is-layout-constrained\">\n<div class=\"wp-block-uagb-advanced-heading uagb-block-3d3c16d3\"><h2 class=\"uagb-heading-text\">Kukenam<\/h2><div class=\"uagb-separator\"><\/div><p class=\"uagb-desc-text\"><strong>1.999,95 \u20ac<\/strong><\/p><\/div>\n\n\n\n<div class=\"wp-block-uagb-image uagb-block-c4349972 wp-block-uagb-image--layout-default wp-block-uagb-image--effect-static wp-block-uagb-image--align-none\"><figure class=\"wp-block-uagb-image__figure\"><img decoding=\"async\" srcset=\"https:\/\/dachzeltnomaden.com\/shop\/wp-content\/uploads\/2026\/03\/dachzeltnomaden-shop-dachzelte-thule-kukenam-kaufen-512x512.webp ,https:\/\/dachzeltnomaden.com\/shop\/wp-content\/uploads\/2026\/03\/dachzeltnomaden-shop-dachzelte-thule-kukenam-kaufen.webp 780w, https:\/\/dachzeltnomaden.com\/shop\/wp-content\/uploads\/2026\/03\/dachzeltnomaden-shop-dachzelte-thule-kukenam-kaufen.webp 360w\" sizes=\"auto, (max-width: 480px) 150px\" src=\"https:\/\/dachzeltnomaden.com\/shop\/wp-content\/uploads\/2026\/03\/dachzeltnomaden-shop-dachzelte-thule-kukenam-kaufen-512x512.webp\" alt=\"thule kukenam kaufen klappdachzelt\" class=\"uag-image-140005\" width=\"1024\" height=\"250\" title=\"dachzeltnomaden-shop-dachzelte-thule-kukenam-kaufen\" loading=\"lazy\" role=\"img\"\/><\/figure><\/div>\n\n\n\n<p class=\"has-ast-global-color-2-color has-text-color has-link-color wp-elements-425925b719c4dea03fdfb2e01a84ad80\">Dachzelt f\u00fcr 1-2 Personen, Klappdachzelt, f\u00fcr Fahrzeuge ab 59 kg Dachlast<\/p>\n\n\n\n<hr class=\"wp-block-separator has-text-color has-ast-global-color-2-color has-alpha-channel-opacity has-ast-global-color-2-background-color has-background\"\/>\n\n\n\n<ul style=\"font-size:15px\" class=\"wp-block-list has-ast-global-color-2-color has-text-color has-link-color wp-elements-8877d297738ed48348227aaaad164930\">\n<li>Ma\u00dfe geschlossen: 143 x 122 x 31 cm<\/li>\n\n\n\n<li>Ma\u00dfe ge\u00f6ffnet: 244 x 143 x 132&nbsp;cm<\/li>\n\n\n\n<li>Ma\u00dfe Matratze: 244 x 142 x 6,5 cm<\/li>\n\n\n\n<li>offener Einstieg<\/li>\n\n\n\n<li>Gewicht: 54 kg<\/li>\n<\/ul>\n<\/div>\n\n\n\n<div class=\"wp-block-uagb-buttons uagb-buttons__outer-wrap uagb-btn__default-btn uagb-btn-tablet__default-btn uagb-btn-mobile__default-btn uagb-block-e2bb357d\"><div class=\"uagb-buttons__wrap uagb-buttons-layout-wrap \">\n<div class=\"wp-block-uagb-buttons-child uagb-buttons__outer-wrap uagb-block-631faa5e wp-block-button\"><div class=\"uagb-button__wrapper\"><a class=\"uagb-buttons-repeater wp-block-button__link\" aria-label=\"\" href=\"#\" rel=\"follow noopener\" target=\"_self\" role=\"button\"><div class=\"uagb-button__link\">Zum Tepui Kukenam<\/div><\/a><\/div><\/div>\n<\/div><\/div>\n<a class=\"spectra-container-link-overlay\" rel=\"noopener\" target=\"_blank\" href=\"https:\/\/www.awin1.com\/cread.php?awinmid=14353&amp;awinaffid=728701&amp;platform=dl&amp;ued=https%3A%2F%2Fwww.decathlon.de%2Fp%2Fmp%2Fzelt-mit-weicher-aussenhulle-thule-tepui-kukenam%2F3bda8fae-c749-4268-9ac9-ef2d3f499d36%2Fc251&amp;clickref=shop_thule_kukenam_decathlon_bb_1\"> <\/a><\/div>\n\n\n\n<div class=\"wp-block-uagb-container uagb-block-15d5dd2d default uagb-is-root-container\">\n<div class=\"wp-block-group is-layout-constrained wp-container-core-group-is-layout-bdcbbb17 wp-block-group-is-layout-constrained\">\n<div class=\"wp-block-uagb-advanced-heading uagb-block-9d890500\"><h2 class=\"uagb-heading-text\">Autana<\/h2><div class=\"uagb-separator\"><\/div><p class=\"uagb-desc-text\"><strong>2.999,95 \u20ac<\/strong><\/p><\/div>\n\n\n\n<div class=\"wp-block-uagb-image uagb-block-979faf06 wp-block-uagb-image--layout-default wp-block-uagb-image--effect-static wp-block-uagb-image--align-none\"><figure class=\"wp-block-uagb-image__figure\"><img decoding=\"async\" srcset=\"https:\/\/dachzeltnomaden.com\/shop\/wp-content\/uploads\/2026\/03\/Dachzeltnomaden-shop-dachzelte-thule-autana-kaufen-512x512.webp ,https:\/\/dachzeltnomaden.com\/shop\/wp-content\/uploads\/2026\/03\/Dachzeltnomaden-shop-dachzelte-thule-autana-kaufen.webp 780w, https:\/\/dachzeltnomaden.com\/shop\/wp-content\/uploads\/2026\/03\/Dachzeltnomaden-shop-dachzelte-thule-autana-kaufen.webp 360w\" sizes=\"auto, (max-width: 480px) 150px\" src=\"https:\/\/dachzeltnomaden.com\/shop\/wp-content\/uploads\/2026\/03\/Dachzeltnomaden-shop-dachzelte-thule-autana-kaufen-512x512.webp\" alt=\"thule dachzelt autana kaufen\" class=\"uag-image-140006\" width=\"1024\" height=\"250\" title=\"Dachzeltnomaden-shop-dachzelte-thule-autana-kaufen\" loading=\"lazy\" role=\"img\"\/><\/figure><\/div>\n\n\n\n<p class=\"has-ast-global-color-2-color has-text-color has-link-color wp-elements-6ebb9eeb8e00223aa61b534c72d0b664\">Geeignet f\u00fcr 4 Personen, Klappdachzelt, f\u00fcr Fahrzeuge ab 74 kg Dachlast<\/p>\n\n\n\n<hr class=\"wp-block-separator has-text-color has-ast-global-color-2-color has-alpha-channel-opacity has-ast-global-color-2-background-color has-background\"\/>\n\n\n\n<ul style=\"font-size:15px\" class=\"wp-block-list has-ast-global-color-2-color has-text-color has-link-color wp-elements-735bd560b23ab5ff14b3fce30497ddfe\">\n<li>Ma\u00dfe geschlossen: 183 x 122 x 31 cm<\/li>\n\n\n\n<li>Ma\u00dfe ge\u00f6ffnet: 310 x 183 x 132&nbsp;cm<\/li>\n\n\n\n<li>Ma\u00dfe Matratze: 244 x 183 x 6,5 cm<\/li>\n\n\n\n<li>\u00fcberdachter Einstieg<\/li>\n\n\n\n<li>Gewicht: 69 kg<\/li>\n<\/ul>\n<\/div>\n\n\n\n<div class=\"wp-block-uagb-buttons uagb-buttons__outer-wrap uagb-btn__default-btn uagb-btn-tablet__default-btn uagb-btn-mobile__default-btn uagb-block-9773b122\"><div class=\"uagb-buttons__wrap uagb-buttons-layout-wrap \">\n<div class=\"wp-block-uagb-buttons-child uagb-buttons__outer-wrap uagb-block-740763c4 wp-block-button\"><div class=\"uagb-button__wrapper\"><a class=\"uagb-buttons-repeater wp-block-button__link\" aria-label=\"\" href=\"#\" rel=\"follow noopener\" target=\"_self\" role=\"button\"><div class=\"uagb-button__link\">Zum Tepui Autana<\/div><\/a><\/div><\/div>\n<\/div><\/div>\n<a class=\"spectra-container-link-overlay\" rel=\"noopener\" target=\"_blank\" href=\"https:\/\/www.awin1.com\/cread.php?awinmid=14353&amp;awinaffid=728701&amp;platform=dl&amp;ued=https%3A%2F%2Fwww.decathlon.de%2Fp%2Fmp%2Fzelt-mit-weicher-aussenhulle-thule-tepui-autana%2Fd5b85949-37f1-48e9-89f7-289f3e6259ca%2Fc251&amp;clickref=shop_thule_autana_decathlon_bb_1\"> <\/a><\/div>\n\n\n\n<div class=\"wp-block-uagb-container uagb-block-7a0b5903 default uagb-is-root-container\">\n<div class=\"wp-block-group is-layout-constrained wp-container-core-group-is-layout-bdcbbb17 wp-block-group-is-layout-constrained\">\n<div class=\"wp-block-uagb-advanced-heading uagb-block-1f430fb7\"><h2 class=\"uagb-heading-text\">Foothill<\/h2><div class=\"uagb-separator\"><\/div><p class=\"uagb-desc-text\"><strong>1.799,95 \u20ac<\/strong><\/p><\/div>\n\n\n\n<div class=\"wp-block-uagb-image uagb-block-51dd8970 wp-block-uagb-image--layout-default wp-block-uagb-image--effect-static wp-block-uagb-image--align-none\"><figure class=\"wp-block-uagb-image__figure\"><img decoding=\"async\" srcset=\"https:\/\/dachzeltnomaden.com\/shop\/wp-content\/uploads\/2024\/01\/dachzeltnomaden-thule-dachzelte-foothill-2personen-klappdachzelt-kaufen-decathlon.webp ,https:\/\/dachzeltnomaden.com\/shop\/wp-content\/uploads\/2024\/01\/dachzeltnomaden-thule-dachzelte-foothill-2personen-klappdachzelt-kaufen-decathlon.webp 780w, https:\/\/dachzeltnomaden.com\/shop\/wp-content\/uploads\/2024\/01\/dachzeltnomaden-thule-dachzelte-foothill-2personen-klappdachzelt-kaufen-decathlon.webp 360w\" sizes=\"auto, (max-width: 480px) 150px\" src=\"https:\/\/dachzeltnomaden.com\/shop\/wp-content\/uploads\/2024\/01\/dachzeltnomaden-thule-dachzelte-foothill-2personen-klappdachzelt-kaufen-decathlon.webp\" alt=\"thule 2 personen klappdachzelt foothill kaufen decathlon\" class=\"uag-image-132273\" width=\"1024\" height=\"250\" title=\"dachzeltnomaden-thule-dachzelte-foothill-2personen-klappdachzelt-kaufen-decathlon\" loading=\"lazy\" role=\"img\"\/><\/figure><\/div>\n\n\n\n<p class=\"has-ast-global-color-2-color has-text-color has-link-color wp-elements-4535acbca985ded7a317aace1430ba40\">Geeignet f\u00fcr 1 Person, extra schmal, Klappdachzelt, f\u00fcr Fahrzeuge ab 61 kg Dachlast<\/p>\n\n\n\n<hr class=\"wp-block-separator has-text-color has-ast-global-color-2-color has-alpha-channel-opacity has-ast-global-color-2-background-color has-background\"\/>\n\n\n\n<ul style=\"font-size:15px\" class=\"wp-block-list has-ast-global-color-2-color has-text-color has-link-color wp-elements-79d080f27ef7380df597b9bf5d86e1bd\">\n<li>Ma\u00dfe geschlossen: 210.8 x 61 x 24\u00a0cm<\/li>\n\n\n\n<li>Ma\u00dfe ge\u00f6ffnet: 213 x 119 x 93\u00a0cm<\/li>\n\n\n\n<li>Ma\u00dfe Matratze: 213 x 119 x 4\u00a0cm<\/li>\n\n\n\n<li>offener Einstieg<\/li>\n\n\n\n<li>Gewicht: 55.5 kg<\/li>\n<\/ul>\n<\/div>\n\n\n\n<div class=\"wp-block-uagb-buttons uagb-buttons__outer-wrap uagb-btn__default-btn uagb-btn-tablet__default-btn uagb-btn-mobile__default-btn uagb-block-40ca123b\"><div class=\"uagb-buttons__wrap uagb-buttons-layout-wrap \">\n<div class=\"wp-block-uagb-buttons-child uagb-buttons__outer-wrap uagb-block-593bcedf wp-block-button\"><div class=\"uagb-button__wrapper\"><a class=\"uagb-buttons-repeater wp-block-button__link\" aria-label=\"\" href=\"#\" rel=\"follow noopener\" target=\"_self\" role=\"button\"><div class=\"uagb-button__link\">Zum Foothill<\/div><\/a><\/div><\/div>\n<\/div><\/div>\n<a class=\"spectra-container-link-overlay\" rel=\"noopener\" target=\"_blank\" href=\"https:\/\/www.awin1.com\/cread.php?awinmid=14353&amp;awinaffid=728701&amp;platform=dl&amp;ued=https%3A%2F%2Fwww.decathlon.de%2Fp%2Fmp%2Fzelt-mit-weicher-aussenhulle-thule-foothill%2F443b2bd3-4930-400e-90e3-27c5c0bdbb8c%2Fc9&amp;clickref=shop_thule_foothill_decathlon_bb_1\"> <\/a><\/div>\n<\/div>\n","protected":false},"excerpt":{"rendered":"<p>WERBUNG Du suchst ein Thule Dachzelt? Dann bist du hier genau richtig! Thule Dachzelte gibt es in folgenden Ausf\u00fchrungen: *Die [&hellip;]<\/p>\n","protected":false},"featured_media":140010,"template":"","meta":{"_uag_custom_page_level_css":"","site-sidebar-layout":"default","site-content-layout":"","ast-site-content-layout":"default","site-content-style":"default","site-sidebar-style":"default","ast-global-header-display":"","ast-banner-title-visibility":"","ast-main-header-display":"","ast-hfb-above-header-display":"","ast-hfb-below-header-display":"","ast-hfb-mobile-header-display":"","site-post-title":"","ast-breadcrumbs-content":"","ast-featured-img":"","footer-sml-layout":"","ast-disable-related-posts":"","theme-transparent-header-meta":"","adv-header-id-meta":"","stick-header-meta":"","header-above-stick-meta":"","header-main-stick-meta":"","header-below-stick-meta":"","astra-migrate-meta-layouts":"default","ast-page-background-enabled":"default","ast-page-background-meta":{"desktop":{"background-color":"var(--ast-global-color-4)","background-image":"","background-repeat":"repeat","background-position":"center center","background-size":"auto","background-attachment":"scroll","background-type":"","background-media":"","overlay-type":"","overlay-color":"","overlay-opacity":"","overlay-gradient":""},"tablet":{"background-color":"","background-image":"","background-repeat":"repeat","background-position":"center center","background-size":"auto","background-attachment":"scroll","background-type":"","background-media":"","overlay-type":"","overlay-color":"","overlay-opacity":"","overlay-gradient":""},"mobile":{"background-color":"","background-image":"","background-repeat":"repeat","background-position":"center center","background-size":"auto","background-attachment":"scroll","background-type":"","background-media":"","overlay-type":"","overlay-color":"","overlay-opacity":"","overlay-gradient":""}},"ast-content-background-meta":{"desktop":{"background-color":"var(--ast-global-color-5)","background-image":"","background-repeat":"repeat","background-position":"center center","background-size":"auto","background-attachment":"scroll","background-type":"","background-media":"","overlay-type":"","overlay-color":"","overlay-opacity":"","overlay-gradient":""},"tablet":{"background-color":"var(--ast-global-color-5)","background-image":"","background-repeat":"repeat","background-position":"center center","background-size":"auto","background-attachment":"scroll","background-type":"","background-media":"","overlay-type":"","overlay-color":"","overlay-opacity":"","overlay-gradient":""},"mobile":{"background-color":"var(--ast-global-color-5)","background-image":"","background-repeat":"repeat","background-position":"center center","background-size":"auto","background-attachment":"scroll","background-type":"","background-media":"","overlay-type":"","overlay-color":"","overlay-opacity":"","overlay-gradient":""}},"_themeisle_gutenberg_block_has_review":false},"product_brand":[],"product_cat":[108],"product_tag":[231,646],"class_list":{"0":"post-140004","1":"product","2":"type-product","3":"status-publish","4":"has-post-thumbnail","6":"product_cat-dachzelte","7":"product_tag-klappdachzelt","8":"product_tag-thule-dachzelt","9":"desktop-align-left","10":"tablet-align-left","11":"mobile-align-left","12":"ast-product-gallery-layout-vertical-slider","13":"ast-product-tabs-layout-horizontal","15":"first","16":"instock","17":"taxable","18":"shipping-taxable","19":"purchasable","20":"product-type-external"},"exclude_global_add_ons":[],"addons":[],"uagb_featured_image_src":{"full":["https:\/\/dachzeltnomaden.com\/shop\/wp-content\/uploads\/2026\/03\/dachzeltnomaden-shop-dachzelte-thule-kaufen.webp",800,800,false],"thumbnail":["https:\/\/dachzeltnomaden.com\/shop\/wp-content\/uploads\/2026\/03\/dachzeltnomaden-shop-dachzelte-thule-kaufen-600x600.webp",600,600,true],"medium":["https:\/\/dachzeltnomaden.com\/shop\/wp-content\/uploads\/2026\/03\/dachzeltnomaden-shop-dachzelte-thule-kaufen-300x300.webp",300,300,true],"medium_large":["https:\/\/dachzeltnomaden.com\/shop\/wp-content\/uploads\/2026\/03\/dachzeltnomaden-shop-dachzelte-thule-kaufen-768x768.webp",768,768,true],"large":["https:\/\/dachzeltnomaden.com\/shop\/wp-content\/uploads\/2026\/03\/dachzeltnomaden-shop-dachzelte-thule-kaufen-512x512.webp",512,512,true],"1536x1536":["https:\/\/dachzeltnomaden.com\/shop\/wp-content\/uploads\/2026\/03\/dachzeltnomaden-shop-dachzelte-thule-kaufen.webp",800,800,false],"2048x2048":["https:\/\/dachzeltnomaden.com\/shop\/wp-content\/uploads\/2026\/03\/dachzeltnomaden-shop-dachzelte-thule-kaufen.webp",800,800,false],"woocommerce_thumbnail":["https:\/\/dachzeltnomaden.com\/shop\/wp-content\/uploads\/2026\/03\/dachzeltnomaden-shop-dachzelte-thule-kaufen-600x600.webp",600,600,true],"woocommerce_single":["https:\/\/dachzeltnomaden.com\/shop\/wp-content\/uploads\/2026\/03\/dachzeltnomaden-shop-dachzelte-thule-kaufen.webp",800,800,false],"woocommerce_gallery_thumbnail":["https:\/\/dachzeltnomaden.com\/shop\/wp-content\/uploads\/2026\/03\/dachzeltnomaden-shop-dachzelte-thule-kaufen-100x100.webp",100,100,true]},"uagb_author_info":{"display_name":"Jasmine","author_link":"https:\/\/dachzeltnomaden.com\/shop\/author\/"},"uagb_comment_info":0,"uagb_excerpt":"WERBUNG Du suchst ein Thule Dachzelt? Dann bist du hier genau richtig! Thule Dachzelte gibt es in folgenden Ausf\u00fchrungen: *Die [&hellip;]","_links":{"self":[{"href":"https:\/\/dachzeltnomaden.com\/shop\/wp-json\/wp\/v2\/product\/140004","targetHints":{"allow":["GET"]}}],"collection":[{"href":"https:\/\/dachzeltnomaden.com\/shop\/wp-json\/wp\/v2\/product"}],"about":[{"href":"https:\/\/dachzeltnomaden.com\/shop\/wp-json\/wp\/v2\/types\/product"}],"wp:featuredmedia":[{"embeddable":true,"href":"https:\/\/dachzeltnomaden.com\/shop\/wp-json\/wp\/v2\/media\/140010"}],"wp:attachment":[{"href":"https:\/\/dachzeltnomaden.com\/shop\/wp-json\/wp\/v2\/media?parent=140004"}],"wp:term":[{"taxonomy":"product_brand","embeddable":true,"href":"https:\/\/dachzeltnomaden.com\/shop\/wp-json\/wp\/v2\/product_brand?post=140004"},{"taxonomy":"product_cat","embeddable":true,"href":"https:\/\/dachzeltnomaden.com\/shop\/wp-json\/wp\/v2\/product_cat?post=140004"},{"taxonomy":"product_tag","embeddable":true,"href":"https:\/\/dachzeltnomaden.com\/shop\/wp-json\/wp\/v2\/product_tag?post=140004"}],"curies":[{"name":"wp","href":"https:\/\/api.w.org\/{rel}","templated":true}]}}