{"id":139045,"date":"2026-02-04T04:40:43","date_gmt":"2026-02-04T03:40:43","guid":{"rendered":"https:\/\/dachzeltnomaden.com\/shop\/?post_type=product&#038;p=139045"},"modified":"2026-03-09T09:33:25","modified_gmt":"2026-03-09T08:33:25","slug":"adventure-xperience-adventuremate140-dachzelt-mit-vorzelt","status":"publish","type":"product","link":"https:\/\/dachzeltnomaden.com\/shop\/produkt\/adventure-xperience-adventuremate140-dachzelt-mit-vorzelt\/","title":{"rendered":"Adventure Xperience &#8211; AdventureMate140 Dachzelt mit Vorzelt"},"content":{"rendered":"\n<p>Das <strong>AdventureMate140 Klappdachzelt<\/strong> ist ein preisgekr\u00f6ntes Premium-Dachzelt f\u00fcr 2 Personen mit einer komfortablen Liegefl\u00e4che von 240 x 140 cm. Es \u00fcberzeugt durch exzellenten Schlafkomfort, langlebige Materialien und eine besonders robuste, wetterfeste Konstruktion. <br><br>Eine 60 mm High-Density-Matratze mit Anti-Kondensations-Mesh, atmungsaktiver Baumwoll-Canvas mit 5.000 mm Wassers\u00e4ule sowie ein durchdachtes Bel\u00fcftungssystem sorgen f\u00fcr ein angenehmes Raumklima und erholsame N\u00e4chte. Rundum-Fenster mit Insektenschutz, praktische Staurauml\u00f6sungen, ein optional nutzbares Vorzelt zur Raumerweiterung und eine universelle Fahrzeugkompatibilit\u00e4t machen dieses Dachzelt zur idealen L\u00f6sung f\u00fcr komfortables, flexibles und langlebiges Outdoor-Reisen.<\/p>\n\n\n\n<h3 class=\"wp-block-heading\">Produktdetails:<\/h3>\n\n\n\n<ul style=\"margin-bottom:30px\" class=\"wp-block-list\">\n<li><strong>Schlafpl\u00e4tze: <\/strong>1-2 Personen<\/li>\n\n\n\n<li><strong>Liegefl\u00e4che: <\/strong>240 x 140 cm<\/li>\n\n\n\n<li><strong>Matratze: <\/strong>60 mm (high density RG 38) mit waschbarem Mesh-Bezug<\/li>\n\n\n\n<li><strong>Einstieg:<\/strong> \u00fcberdacht<\/li>\n\n\n\n<li>Alle \u00d6ffnungen sind mit Fliegengittern versehen<\/li>\n\n\n\n<li><strong>Vorzelt: <\/strong>Inklusive<\/li>\n<\/ul>\n\n\n\n<h3 class=\"wp-block-heading\">Technische Daten:<\/h3>\n\n\n\n<ul class=\"wp-block-list\">\n<li><strong>Liegefl\u00e4che:&nbsp;<\/strong>240 x 140 cm<\/li>\n\n\n\n<li><strong>Zeltgr\u00f6\u00dfe aufgeklappt:&nbsp;<\/strong>310 x 140 cm<\/li>\n\n\n\n<li><strong>Transportgr\u00f6\u00dfe:&nbsp;<\/strong>143 x 123 x 32 cm<\/li>\n\n\n\n<li><strong>Gewicht: <\/strong>58 kg + 10 kg Vorzelt inkl. Heringe<\/li>\n\n\n\n<li><strong>Zeltstoff:<\/strong> 320 g Polyester-Baumwoll-Gemisch mit wasserabweisender Anti-Schmutz und Anti-Schimmel-Impr\u00e4gnierung, versiegelte N\u00e4hte, Wassers\u00e4ule 5000 mm. Angenehmes Klima, atmungsaktiv, langlebig, witterungsbest\u00e4ndig, rei\u00dffest<\/li>\n\n\n\n<li><strong>Material Regenplane:<\/strong> 420D Oxford Polyester, Rip-Stop, PU-beschichtet, versiegelte N\u00e4hte, Wassers\u00e4ule 5000 mm<\/li>\n\n\n\n<li><strong>Gest\u00e4nge:<\/strong> 25 mm Aluminium-Gest\u00e4nge (mit Stoff umh\u00fcllt), <\/li>\n\n\n\n<li><strong>Verbinder aus Metall und Edelstahl-Schrauben:<\/strong> Nicht-rostend und robust, \u2013 wir lieben Langlebigkeit und verzichten daher auf Plastik, welches nach einigen Jahren br\u00fcchig wird<\/li>\n\n\n\n<li><strong>Transportabdeckung:<\/strong> <strong>1000D 750 g PVC (LKW-Plane)<\/strong> \u2013 sch\u00fctzt das Zelt bei Nichtgebrauch vor N\u00e4sse und UV-Strahlung, kann ganzj\u00e4hrig auf dem Zelt bleiben<\/li>\n<\/ul>\n\n\n\n<h3 class=\"wp-block-heading\">Lieferumfang:<\/h3>\n\n\n\n<ul class=\"wp-block-list\">\n<li><strong>Dachzelt \u201eAdventurer140\u201c inkl. Regendach und PVC Abdeckplane<\/strong><\/li>\n\n\n\n<li><strong>2,3 m Teleskopleiter, Leitermatte<\/strong><\/li>\n\n\n\n<li><strong>60 mm Matratze (high density RG 38) mit abnehmbarem Bezug<\/strong><\/li>\n\n\n\n<li><strong><strong>10 mm Anti-Kondensationsmatte (verbleiben jeweils dauerhaft im Zelt)<\/strong><\/strong><\/li>\n\n\n\n<li><strong>1 Schuhtasche<\/strong><\/li>\n\n\n\n<li><strong>Anleitung (deutsch) und Universal Befestigungsmaterial zur Befestigung auf den Dachtr\u00e4gern<\/strong><\/li>\n\n\n\n<li><strong>Spannstangen f\u00fcr die Ausstellfenster<\/strong><\/li>\n\n\n\n<li><strong>Abspannschn\u00fcre und Heringe<\/strong><\/li>\n\n\n\n<li><strong>Vorzelt, Vorzelt-Tasche und zus\u00e4tzliche Heringe und Schn\u00fcre f\u00fcr das Vorzelt<\/strong><\/li>\n<\/ul>\n","protected":false},"excerpt":{"rendered":"<p>Das AdventureMate140 Klappdachzelt ist ein preisgekr\u00f6ntes Premium-Dachzelt f\u00fcr 2 Personen mit einer komfortablen Liegefl\u00e4che von 240 x 140 cm. Es [&hellip;]<\/p>\n","protected":false},"featured_media":139048,"template":"","meta":{"_uag_custom_page_level_css":"","site-sidebar-layout":"default","site-content-layout":"","ast-site-content-layout":"default","site-content-style":"default","site-sidebar-style":"default","ast-global-header-display":"","ast-banner-title-visibility":"","ast-main-header-display":"","ast-hfb-above-header-display":"","ast-hfb-below-header-display":"","ast-hfb-mobile-header-display":"","site-post-title":"","ast-breadcrumbs-content":"","ast-featured-img":"","footer-sml-layout":"","ast-disable-related-posts":"","theme-transparent-header-meta":"","adv-header-id-meta":"","stick-header-meta":"","header-above-stick-meta":"","header-main-stick-meta":"","header-below-stick-meta":"","astra-migrate-meta-layouts":"default","ast-page-background-enabled":"default","ast-page-background-meta":{"desktop":{"background-color":"var(--ast-global-color-4)","background-image":"","background-repeat":"repeat","background-position":"center center","background-size":"auto","background-attachment":"scroll","background-type":"","background-media":"","overlay-type":"","overlay-color":"","overlay-opacity":"","overlay-gradient":""},"tablet":{"background-color":"","background-image":"","background-repeat":"repeat","background-position":"center center","background-size":"auto","background-attachment":"scroll","background-type":"","background-media":"","overlay-type":"","overlay-color":"","overlay-opacity":"","overlay-gradient":""},"mobile":{"background-color":"","background-image":"","background-repeat":"repeat","background-position":"center center","background-size":"auto","background-attachment":"scroll","background-type":"","background-media":"","overlay-type":"","overlay-color":"","overlay-opacity":"","overlay-gradient":""}},"ast-content-background-meta":{"desktop":{"background-color":"var(--ast-global-color-5)","background-image":"","background-repeat":"repeat","background-position":"center center","background-size":"auto","background-attachment":"scroll","background-type":"","background-media":"","overlay-type":"","overlay-color":"","overlay-opacity":"","overlay-gradient":""},"tablet":{"background-color":"var(--ast-global-color-5)","background-image":"","background-repeat":"repeat","background-position":"center center","background-size":"auto","background-attachment":"scroll","background-type":"","background-media":"","overlay-type":"","overlay-color":"","overlay-opacity":"","overlay-gradient":""},"mobile":{"background-color":"var(--ast-global-color-5)","background-image":"","background-repeat":"repeat","background-position":"center center","background-size":"auto","background-attachment":"scroll","background-type":"","background-media":"","overlay-type":"","overlay-color":"","overlay-opacity":"","overlay-gradient":""}},"_themeisle_gutenberg_block_has_review":false},"product_brand":[],"product_cat":[127],"product_tag":[],"class_list":{"0":"post-139045","1":"product","2":"type-product","3":"status-publish","4":"has-post-thumbnail","6":"product_cat-neue-dachzelte-kaufen","7":"product_shipping_class-adventure-xperience","8":"desktop-align-left","9":"tablet-align-left","10":"mobile-align-left","11":"ast-product-gallery-layout-vertical-slider","12":"ast-product-single-variable","13":"ast-product-tabs-layout-horizontal","15":"first","16":"instock","17":"taxable","18":"shipping-taxable","19":"purchasable","20":"product-type-variable"},"exclude_global_add_ons":[],"addons":[],"uagb_featured_image_src":{"full":["https:\/\/dachzeltnomaden.com\/shop\/wp-content\/uploads\/2026\/02\/dachzeltnomaden-shop-dachzelte-adventure-xperience-adventuremate140-inklusive-vorzelt-kaufen.webp",800,533,false],"thumbnail":["https:\/\/dachzeltnomaden.com\/shop\/wp-content\/uploads\/2026\/02\/dachzeltnomaden-shop-dachzelte-adventure-xperience-adventuremate140-inklusive-vorzelt-kaufen-600x533.webp",600,533,true],"medium":["https:\/\/dachzeltnomaden.com\/shop\/wp-content\/uploads\/2026\/02\/dachzeltnomaden-shop-dachzelte-adventure-xperience-adventuremate140-inklusive-vorzelt-kaufen-300x200.webp",300,200,true],"medium_large":["https:\/\/dachzeltnomaden.com\/shop\/wp-content\/uploads\/2026\/02\/dachzeltnomaden-shop-dachzelte-adventure-xperience-adventuremate140-inklusive-vorzelt-kaufen-768x512.webp",768,512,true],"large":["https:\/\/dachzeltnomaden.com\/shop\/wp-content\/uploads\/2026\/02\/dachzeltnomaden-shop-dachzelte-adventure-xperience-adventuremate140-inklusive-vorzelt-kaufen-768x512.webp",768,512,true],"1536x1536":["https:\/\/dachzeltnomaden.com\/shop\/wp-content\/uploads\/2026\/02\/dachzeltnomaden-shop-dachzelte-adventure-xperience-adventuremate140-inklusive-vorzelt-kaufen.webp",800,533,false],"2048x2048":["https:\/\/dachzeltnomaden.com\/shop\/wp-content\/uploads\/2026\/02\/dachzeltnomaden-shop-dachzelte-adventure-xperience-adventuremate140-inklusive-vorzelt-kaufen.webp",800,533,false],"woocommerce_thumbnail":["https:\/\/dachzeltnomaden.com\/shop\/wp-content\/uploads\/2026\/02\/dachzeltnomaden-shop-dachzelte-adventure-xperience-adventuremate140-inklusive-vorzelt-kaufen-600x533.webp",600,533,true],"woocommerce_single":["https:\/\/dachzeltnomaden.com\/shop\/wp-content\/uploads\/2026\/02\/dachzeltnomaden-shop-dachzelte-adventure-xperience-adventuremate140-inklusive-vorzelt-kaufen.webp",800,533,false],"woocommerce_gallery_thumbnail":["https:\/\/dachzeltnomaden.com\/shop\/wp-content\/uploads\/2026\/02\/dachzeltnomaden-shop-dachzelte-adventure-xperience-adventuremate140-inklusive-vorzelt-kaufen-100x100.webp",100,100,true]},"uagb_author_info":{"display_name":"admin","author_link":"https:\/\/dachzeltnomaden.com\/shop\/author\/"},"uagb_comment_info":0,"uagb_excerpt":"Das AdventureMate140 Klappdachzelt ist ein preisgekr\u00f6ntes Premium-Dachzelt f\u00fcr 2 Personen mit einer komfortablen Liegefl\u00e4che von 240 x 140 cm. Es [&hellip;]","_links":{"self":[{"href":"https:\/\/dachzeltnomaden.com\/shop\/wp-json\/wp\/v2\/product\/139045","targetHints":{"allow":["GET"]}}],"collection":[{"href":"https:\/\/dachzeltnomaden.com\/shop\/wp-json\/wp\/v2\/product"}],"about":[{"href":"https:\/\/dachzeltnomaden.com\/shop\/wp-json\/wp\/v2\/types\/product"}],"wp:featuredmedia":[{"embeddable":true,"href":"https:\/\/dachzeltnomaden.com\/shop\/wp-json\/wp\/v2\/media\/139048"}],"wp:attachment":[{"href":"https:\/\/dachzeltnomaden.com\/shop\/wp-json\/wp\/v2\/media?parent=139045"}],"wp:term":[{"taxonomy":"product_brand","embeddable":true,"href":"https:\/\/dachzeltnomaden.com\/shop\/wp-json\/wp\/v2\/product_brand?post=139045"},{"taxonomy":"product_cat","embeddable":true,"href":"https:\/\/dachzeltnomaden.com\/shop\/wp-json\/wp\/v2\/product_cat?post=139045"},{"taxonomy":"product_tag","embeddable":true,"href":"https:\/\/dachzeltnomaden.com\/shop\/wp-json\/wp\/v2\/product_tag?post=139045"}],"curies":[{"name":"wp","href":"https:\/\/api.w.org\/{rel}","templated":true}]}}