{"id":139036,"date":"2026-02-04T01:27:09","date_gmt":"2026-02-04T00:27:09","guid":{"rendered":"https:\/\/dachzeltnomaden.com\/shop\/?post_type=product&#038;p=139036"},"modified":"2026-02-25T11:32:46","modified_gmt":"2026-02-25T10:32:46","slug":"adventure-xperience-dachzelte","status":"publish","type":"product","link":"https:\/\/dachzeltnomaden.com\/shop\/produkt\/adventure-xperience-dachzelte\/","title":{"rendered":"Adventure Xperience Dachzelte"},"content":{"rendered":"\n<ul class=\"wp-block-list\">\n<li>Klappdachzelte<\/li>\n\n\n\n<li>Liegefl\u00e4che Breite: 140 &#8211; 160 cm<\/li>\n\n\n\n<li>Liegefl\u00e4che L\u00e4nge: 240 cm<\/li>\n\n\n\n<li>Gewicht: 58 -63 kg<\/li>\n\n\n\n<li>Preis: 2.099 &#8211; 2.449 Euro<\/li>\n<\/ul>\n\n\n\n<p style=\"margin-top:30px\">*Bitte beachte, dass wir beim Verkauf dieser Dachzelte nach dem Prinzip des sogenannten Dropshippings arbeiten. Das bedeutet, dass wir nicht alle Artikel selbst auf Lager haben. Die Ware wird direkt vom Hersteller an dich versendet. <br><br>Wenn du dich f\u00fcr den Kauf eines Dachzeltes entscheidest, erhalten die Dachzeltnomaden eine Provision. Damit unterst\u00fctzt du uns &amp; unsere Arbeit. F\u00fcr dich kostet das Dachzelt deshalb nicht mehr.<br><br>Diese Adventure Xperience Dachzelt Modelle sind aktuell zu haben:<\/p>\n\n\n\n<div class=\"wp-block-uagb-container uagb-block-59993f54 default uagb-is-root-container\">\n<div class=\"wp-block-uagb-container uagb-block-b0ad0f9d\">\n<div data-block-name=\"woocommerce\/single-product\" data-product-id=\"139037\" data-wp-context=\"{&quot;productId&quot;:139037,&quot;variationId&quot;:null}\" data-wp-interactive=\"woocommerce\/single-product\" class=\"wp-block-woocommerce-single-product woocommerce\">\n<div class=\"wp-block-columns is-layout-flex wp-container-core-columns-is-layout-28f84493 wp-block-columns-is-layout-flex\">\n<div class=\"wp-block-column is-layout-flow wp-block-column-is-layout-flow\"><h2 style=\"font-size:25px;\" class=\"has-link-color wp-elements-7154a8e717ba4a51c97aa62a7f952b22 wp-block-post-title has-text-color has-ast-global-color-2-color\">Adventure Xperience &#8211; AdventureFamily160 Dachzelt mit Vorzelt<\/h2>\n\n\n<div class=\"wp-block-uagb-container uagb-block-c576e15e\"><a class=\"spectra-container-link-overlay\" rel=\"noopener\" href=\"https:\/\/dachzeltnomaden.com\/shop\/produkt\/adventure-xperience-adventurefamily160-dachzelt-mit-vorzelt\/\"> <\/a><\/div>\n\n\n<div data-block-name=\"woocommerce\/product-price\" data-is-descendent-of-single-product-block=\"true\" data-style=\"{&quot;spacing&quot;:{&quot;margin&quot;:{&quot;right&quot;:&quot;var:preset|spacing|30&quot;,&quot;left&quot;:&quot;var:preset|spacing|20&quot;}},&quot;elements&quot;:{&quot;link&quot;:{&quot;color&quot;:{&quot;text&quot;:&quot;var:preset|color|ast-global-color-2&quot;}}}}\" data-text-color=\"ast-global-color-2\" style=\"margin-right:var(--wp--preset--spacing--30);margin-left:var(--wp--preset--spacing--20); margin-right:var(--wp--preset--spacing--30);margin-left:var(--wp--preset--spacing--20);\" class=\"has-text-color has-ast-global-color-2-color wp-elements-1b02c206128a6f418bbcdb79b8c1f5a4 wp-elements-1b02c206128a6f418bbcdb79b8c1f5a4 wp-block-woocommerce-product-price has-text-color has-ast-global-color-2-color\" data-wp-interactive=\"woocommerce\/product-elements\" data-wp-context='{\"productElementKey\":\"price_html\"}'><div class=\"wc-block-components-product-price wc-block-grid__product-price\" data-wp-watch=\"callbacks.updateValue\" aria-live=\"polite\" aria-atomic=\"true\">\n\t\t\t\t\t<span class=\"woocommerce-Price-amount amount\"><bdi>2.399,00&nbsp;<span class=\"woocommerce-Price-currencySymbol\">&euro;<\/span><\/bdi><\/span> \u2013 <span class=\"woocommerce-Price-amount amount\"><bdi>2.449,00&nbsp;<span class=\"woocommerce-Price-currencySymbol\">&euro;<\/span><\/bdi><\/span>\n\t\t\t\t<\/div><\/div>\n\n\n<p class=\"has-ast-global-color-2-color has-text-color has-link-color wp-elements-4b5c9f34863af00d2c33837b68ac7b9d\" style=\"margin-top:var(--wp--preset--spacing--20);margin-right:0.67rem;margin-bottom:var(--wp--preset--spacing--20);margin-left:0.67rem\">inkl. MwSt.<\/p>\n\n\n\n<p class=\"has-ast-global-color-2-color has-text-color has-link-color wp-elements-0c4678bb7a89339b3f2cc4774306f112\" style=\"margin-top:var(--wp--preset--spacing--20);margin-right:var(--wp--preset--spacing--30);margin-bottom:0;margin-left:0.67rem\">zzgl.&nbsp;<a href=\"https:\/\/dachzeltnomaden.com\/shop\/versandarten\/\" target=\"_blank\" rel=\"noreferrer noopener\">Versandkosten<\/a><\/p>\n\n\n\n<p class=\"has-ast-global-color-2-color has-text-color has-link-color wp-elements-c6d758407ba7c44e1222104737c5ed6b\" style=\"margin-top:var(--wp--preset--spacing--20);margin-bottom:0;margin-left:var(--wp--preset--spacing--30)\">Lieferzeit:&nbsp;ab ca. 08.04.2026<\/p>\n\n\n\n<hr class=\"wp-block-separator has-text-color has-ast-global-color-2-color has-alpha-channel-opacity has-ast-global-color-2-background-color has-background\"\/>\n\n\n\n<ul style=\"font-size:16px\" class=\"wp-block-list has-ast-global-color-2-color has-text-color has-link-color wp-elements-41fc56abb73c4b68f5f00526299d49ca\">\n<li>PKWs mit Dachlast ab 67 kg<\/li>\n\n\n\n<li>240 x 160 cm<\/li>\n\n\n\n<li>2-3 Personen<\/li>\n\n\n\n<li>inklusive Vorzelt<\/li>\n\n\n\n<li>6 cm dicke Matratze<\/li>\n<\/ul>\n\n\n\n<div class=\"wp-block-uagb-buttons uagb-buttons__outer-wrap uagb-btn__default-btn uagb-btn-tablet__default-btn uagb-btn-mobile__default-btn uagb-block-6bf0e919\"><div class=\"uagb-buttons__wrap uagb-buttons-layout-wrap \">\n<div class=\"wp-block-uagb-buttons-child uagb-buttons__outer-wrap uagb-block-0495dfd8 wp-block-button\"><div class=\"uagb-button__wrapper\"><a class=\"uagb-buttons-repeater wp-block-button__link\" aria-label=\"\" href=\"https:\/\/dachzeltnomaden.com\/shop\/produkt\/adventure-xperience-adventurefamily160-dachzelt-mit-vorzelt\/\" rel=\"follow noopener\" target=\"_self\" role=\"button\"><div class=\"uagb-button__link\">Zum Dachzelt<\/div><\/a><\/div><\/div>\n<\/div><\/div>\n<\/div>\n<\/div>\n<\/div>\n<\/div>\n\n\n\n<div class=\"wp-block-uagb-container uagb-block-fd2ae48c\">\n<div data-block-name=\"woocommerce\/single-product\" data-product-id=\"139045\" data-wp-context=\"{&quot;productId&quot;:139045,&quot;variationId&quot;:null}\" data-wp-interactive=\"woocommerce\/single-product\" class=\"wp-block-woocommerce-single-product woocommerce\">\n<div class=\"wp-block-columns is-layout-flex wp-container-core-columns-is-layout-28f84493 wp-block-columns-is-layout-flex\">\n<div class=\"wp-block-column is-layout-flow wp-block-column-is-layout-flow\"><h2 style=\"font-size:25px;\" class=\"has-link-color wp-elements-7154a8e717ba4a51c97aa62a7f952b22 wp-block-post-title has-text-color has-ast-global-color-2-color\">Adventure Xperience &#8211; AdventureMate140 Dachzelt mit Vorzelt<\/h2>\n\n\n<div class=\"wp-block-uagb-container uagb-block-01ad625e\"><a class=\"spectra-container-link-overlay\" rel=\"noopener\" href=\"https:\/\/dachzeltnomaden.com\/shop\/produkt\/adventure-xperience-adventuremate140-dachzelt-mit-vorzelt\/\"> <\/a><\/div>\n\n\n<div data-block-name=\"woocommerce\/product-price\" data-is-descendent-of-single-product-block=\"true\" data-style=\"{&quot;spacing&quot;:{&quot;margin&quot;:{&quot;right&quot;:&quot;var:preset|spacing|30&quot;,&quot;left&quot;:&quot;var:preset|spacing|20&quot;}},&quot;elements&quot;:{&quot;link&quot;:{&quot;color&quot;:{&quot;text&quot;:&quot;var:preset|color|ast-global-color-2&quot;}}}}\" data-text-color=\"ast-global-color-2\" style=\"margin-right:var(--wp--preset--spacing--30);margin-left:var(--wp--preset--spacing--20); margin-right:var(--wp--preset--spacing--30);margin-left:var(--wp--preset--spacing--20);\" class=\"has-text-color has-ast-global-color-2-color wp-elements-1b02c206128a6f418bbcdb79b8c1f5a4 wp-elements-1b02c206128a6f418bbcdb79b8c1f5a4 wp-block-woocommerce-product-price has-text-color has-ast-global-color-2-color\" data-wp-interactive=\"woocommerce\/product-elements\" data-wp-context='{\"productElementKey\":\"price_html\"}'><div class=\"wc-block-components-product-price wc-block-grid__product-price\" data-wp-watch=\"callbacks.updateValue\" aria-live=\"polite\" aria-atomic=\"true\">\n\t\t\t\t\t<span class=\"woocommerce-Price-amount amount\"><bdi>2.099,00&nbsp;<span class=\"woocommerce-Price-currencySymbol\">&euro;<\/span><\/bdi><\/span> \u2013 <span class=\"woocommerce-Price-amount amount\"><bdi>2.149,00&nbsp;<span class=\"woocommerce-Price-currencySymbol\">&euro;<\/span><\/bdi><\/span>\n\t\t\t\t<\/div><\/div>\n\n\n<p class=\"has-ast-global-color-2-color has-text-color has-link-color wp-elements-4b5c9f34863af00d2c33837b68ac7b9d\" style=\"margin-top:var(--wp--preset--spacing--20);margin-right:0.67rem;margin-bottom:var(--wp--preset--spacing--20);margin-left:0.67rem\">inkl. MwSt.<\/p>\n\n\n\n<p class=\"has-ast-global-color-2-color has-text-color has-link-color wp-elements-0c4678bb7a89339b3f2cc4774306f112\" style=\"margin-top:var(--wp--preset--spacing--20);margin-right:var(--wp--preset--spacing--30);margin-bottom:0;margin-left:0.67rem\">zzgl.&nbsp;<a href=\"https:\/\/dachzeltnomaden.com\/shop\/versandarten\/\" target=\"_blank\" rel=\"noreferrer noopener\">Versandkosten<\/a><\/p>\n\n\n\n<p class=\"has-ast-global-color-2-color has-text-color has-link-color wp-elements-f6c5970c1c14da39a8e478c3653146ec\" style=\"margin-top:var(--wp--preset--spacing--20);margin-bottom:0;margin-left:var(--wp--preset--spacing--30)\">Lieferzeit:&nbsp;3-5 Werktage <\/p>\n\n\n\n<hr class=\"wp-block-separator has-text-color has-ast-global-color-2-color has-alpha-channel-opacity has-ast-global-color-2-background-color has-background\"\/>\n\n\n\n<ul style=\"font-size:16px\" class=\"wp-block-list has-ast-global-color-2-color has-text-color has-link-color wp-elements-2ddfd5c2fcc274381f004fb42492eb44\">\n<li>PKWs mit Dachlast ab 62 kg<\/li>\n\n\n\n<li>240 x 140 cm<\/li>\n\n\n\n<li>1-2 Personen<\/li>\n\n\n\n<li>inklusive Vorzelt<\/li>\n\n\n\n<li>6 cm dicke Matratze<\/li>\n<\/ul>\n\n\n\n<div class=\"wp-block-uagb-buttons uagb-buttons__outer-wrap uagb-btn__default-btn uagb-btn-tablet__default-btn uagb-btn-mobile__default-btn uagb-block-674a9d0d\"><div class=\"uagb-buttons__wrap uagb-buttons-layout-wrap \">\n<div class=\"wp-block-uagb-buttons-child uagb-buttons__outer-wrap uagb-block-1e81fadb wp-block-button\"><div class=\"uagb-button__wrapper\"><a class=\"uagb-buttons-repeater wp-block-button__link\" aria-label=\"\" href=\"https:\/\/dachzeltnomaden.com\/shop\/produkt\/adventure-xperience-adventuremate140-dachzelt-mit-vorzelt\/\" rel=\"follow noopener\" target=\"_self\" role=\"button\"><div class=\"uagb-button__link\">Zum Dachzelt<\/div><\/a><\/div><\/div>\n<\/div><\/div>\n<\/div>\n<\/div>\n<\/div>\n<\/div>\n\n\n\n<p><\/p>\n<\/div>\n","protected":false},"excerpt":{"rendered":"<p>*Bitte beachte, dass wir beim Verkauf dieser Dachzelte nach dem Prinzip des sogenannten Dropshippings arbeiten. Das bedeutet, dass wir nicht [&hellip;]<\/p>\n","protected":false},"featured_media":139038,"template":"","meta":{"_uag_custom_page_level_css":"","site-sidebar-layout":"default","site-content-layout":"","ast-site-content-layout":"default","site-content-style":"default","site-sidebar-style":"default","ast-global-header-display":"","ast-banner-title-visibility":"","ast-main-header-display":"","ast-hfb-above-header-display":"","ast-hfb-below-header-display":"","ast-hfb-mobile-header-display":"","site-post-title":"","ast-breadcrumbs-content":"","ast-featured-img":"","footer-sml-layout":"","ast-disable-related-posts":"","theme-transparent-header-meta":"default","adv-header-id-meta":"","stick-header-meta":"default","header-above-stick-meta":"","header-main-stick-meta":"","header-below-stick-meta":"","astra-migrate-meta-layouts":"set","ast-page-background-enabled":"default","ast-page-background-meta":{"desktop":{"background-color":"var(--ast-global-color-4)","background-image":"","background-repeat":"repeat","background-position":"center center","background-size":"auto","background-attachment":"scroll","background-type":"","background-media":"","overlay-type":"","overlay-color":"","overlay-opacity":"","overlay-gradient":""},"tablet":{"background-color":"","background-image":"","background-repeat":"repeat","background-position":"center center","background-size":"auto","background-attachment":"scroll","background-type":"","background-media":"","overlay-type":"","overlay-color":"","overlay-opacity":"","overlay-gradient":""},"mobile":{"background-color":"","background-image":"","background-repeat":"repeat","background-position":"center center","background-size":"auto","background-attachment":"scroll","background-type":"","background-media":"","overlay-type":"","overlay-color":"","overlay-opacity":"","overlay-gradient":""}},"ast-content-background-meta":{"desktop":{"background-color":"var(--ast-global-color-5)","background-image":"","background-repeat":"repeat","background-position":"center center","background-size":"auto","background-attachment":"scroll","background-type":"","background-media":"","overlay-type":"","overlay-color":"","overlay-opacity":"","overlay-gradient":""},"tablet":{"background-color":"var(--ast-global-color-5)","background-image":"","background-repeat":"repeat","background-position":"center center","background-size":"auto","background-attachment":"scroll","background-type":"","background-media":"","overlay-type":"","overlay-color":"","overlay-opacity":"","overlay-gradient":""},"mobile":{"background-color":"var(--ast-global-color-5)","background-image":"","background-repeat":"repeat","background-position":"center center","background-size":"auto","background-attachment":"scroll","background-type":"","background-media":"","overlay-type":"","overlay-color":"","overlay-opacity":"","overlay-gradient":""}},"_themeisle_gutenberg_block_has_review":false},"product_brand":[],"product_cat":[108],"product_tag":[],"class_list":{"0":"post-139036","1":"product","2":"type-product","3":"status-publish","4":"has-post-thumbnail","6":"product_cat-dachzelte","7":"desktop-align-left","8":"tablet-align-left","9":"mobile-align-left","10":"ast-product-gallery-layout-vertical-slider","11":"ast-product-single-variable","12":"ast-product-tabs-layout-horizontal","14":"first","15":"instock","16":"purchasable","17":"product-type-external"},"exclude_global_add_ons":[],"addons":[],"uagb_featured_image_src":{"full":["https:\/\/dachzeltnomaden.com\/shop\/wp-content\/uploads\/2026\/02\/dachzeltnomaden-shop-dachzelte-adventure-xperience-adventurefamily160-inklusive-vorzelt-kaufen-copy.webp",800,578,false],"thumbnail":["https:\/\/dachzeltnomaden.com\/shop\/wp-content\/uploads\/2026\/02\/dachzeltnomaden-shop-dachzelte-adventure-xperience-adventurefamily160-inklusive-vorzelt-kaufen-copy-600x578.webp",600,578,true],"medium":["https:\/\/dachzeltnomaden.com\/shop\/wp-content\/uploads\/2026\/02\/dachzeltnomaden-shop-dachzelte-adventure-xperience-adventurefamily160-inklusive-vorzelt-kaufen-copy-300x217.webp",300,217,true],"medium_large":["https:\/\/dachzeltnomaden.com\/shop\/wp-content\/uploads\/2026\/02\/dachzeltnomaden-shop-dachzelte-adventure-xperience-adventurefamily160-inklusive-vorzelt-kaufen-copy-768x555.webp",768,555,true],"large":["https:\/\/dachzeltnomaden.com\/shop\/wp-content\/uploads\/2026\/02\/dachzeltnomaden-shop-dachzelte-adventure-xperience-adventurefamily160-inklusive-vorzelt-kaufen-copy-709x512.webp",709,512,true],"1536x1536":["https:\/\/dachzeltnomaden.com\/shop\/wp-content\/uploads\/2026\/02\/dachzeltnomaden-shop-dachzelte-adventure-xperience-adventurefamily160-inklusive-vorzelt-kaufen-copy.webp",800,578,false],"2048x2048":["https:\/\/dachzeltnomaden.com\/shop\/wp-content\/uploads\/2026\/02\/dachzeltnomaden-shop-dachzelte-adventure-xperience-adventurefamily160-inklusive-vorzelt-kaufen-copy.webp",800,578,false],"woocommerce_thumbnail":["https:\/\/dachzeltnomaden.com\/shop\/wp-content\/uploads\/2026\/02\/dachzeltnomaden-shop-dachzelte-adventure-xperience-adventurefamily160-inklusive-vorzelt-kaufen-copy-600x578.webp",600,578,true],"woocommerce_single":["https:\/\/dachzeltnomaden.com\/shop\/wp-content\/uploads\/2026\/02\/dachzeltnomaden-shop-dachzelte-adventure-xperience-adventurefamily160-inklusive-vorzelt-kaufen-copy.webp",800,578,false],"woocommerce_gallery_thumbnail":["https:\/\/dachzeltnomaden.com\/shop\/wp-content\/uploads\/2026\/02\/dachzeltnomaden-shop-dachzelte-adventure-xperience-adventurefamily160-inklusive-vorzelt-kaufen-copy-100x100.webp",100,100,true]},"uagb_author_info":{"display_name":"admin","author_link":"https:\/\/dachzeltnomaden.com\/shop\/author\/"},"uagb_comment_info":0,"uagb_excerpt":"*Bitte beachte, dass wir beim Verkauf dieser Dachzelte nach dem Prinzip des sogenannten Dropshippings arbeiten. Das bedeutet, dass wir nicht [&hellip;]","_links":{"self":[{"href":"https:\/\/dachzeltnomaden.com\/shop\/wp-json\/wp\/v2\/product\/139036","targetHints":{"allow":["GET"]}}],"collection":[{"href":"https:\/\/dachzeltnomaden.com\/shop\/wp-json\/wp\/v2\/product"}],"about":[{"href":"https:\/\/dachzeltnomaden.com\/shop\/wp-json\/wp\/v2\/types\/product"}],"wp:featuredmedia":[{"embeddable":true,"href":"https:\/\/dachzeltnomaden.com\/shop\/wp-json\/wp\/v2\/media\/139038"}],"wp:attachment":[{"href":"https:\/\/dachzeltnomaden.com\/shop\/wp-json\/wp\/v2\/media?parent=139036"}],"wp:term":[{"taxonomy":"product_brand","embeddable":true,"href":"https:\/\/dachzeltnomaden.com\/shop\/wp-json\/wp\/v2\/product_brand?post=139036"},{"taxonomy":"product_cat","embeddable":true,"href":"https:\/\/dachzeltnomaden.com\/shop\/wp-json\/wp\/v2\/product_cat?post=139036"},{"taxonomy":"product_tag","embeddable":true,"href":"https:\/\/dachzeltnomaden.com\/shop\/wp-json\/wp\/v2\/product_tag?post=139036"}],"curies":[{"name":"wp","href":"https:\/\/api.w.org\/{rel}","templated":true}]}}