{"id":138966,"date":"2026-02-02T06:57:13","date_gmt":"2026-02-02T05:57:13","guid":{"rendered":"https:\/\/dachzeltnomaden.com\/shop\/?post_type=product&#038;p=138966"},"modified":"2026-02-25T11:21:36","modified_gmt":"2026-02-25T10:21:36","slug":"james-baroud-grand-raid","status":"publish","type":"product","link":"https:\/\/dachzeltnomaden.com\/shop\/produkt\/james-baroud-grand-raid\/","title":{"rendered":"James Baroud &#8211; GRAND RAID"},"content":{"rendered":"\n<p>Das <strong>James Baroud Grand Raid Dachzelt<\/strong> ist ein hochwertiges und langlebiges Dachzelt. Die obere und untere Dachzeltschale besteht aus 3-lagigem GFK und wird durch eine Gelschicht versiegelt, wodurch eine dichte und robuste Konstruktion entsteht. Das Zelt ist leicht zu montieren und kann innerhalb weniger Minuten auf dem Fahrzeugdach angebracht werden. Das Dachzelt ist in den Gr\u00f6\u00dfen M, X und XL erh\u00e4ltlich und bietet dir Platz f\u00fcr 2-3 Erwachsene und\/oder 2 Kinder. Im Inneren des Zeltes findest du eine 65mm weiche Matratze und ein Innentaschensystem, in dem du kleine Ausr\u00fcstung und Kleidung verstauen kannst. Mit dem Grand Raid Dachzelt hast du die Besonderheit einer<strong> Dachstaufl\u00e4che<\/strong>, die es dir erm\u00f6glicht, Gep\u00e4ck oder \u00e4hnliches <strong>bis zu 25kg<\/strong> auf dem Zeltdach zu verstauen.<br><br>Das <strong>Grand Raid<\/strong>&nbsp;<strong>Dachzelt<\/strong> bietet dir durch den eingebauten L\u00fcfter eine hervorragende Bel\u00fcftung im Zelt. Der L\u00fcfter reduziert die Kondensation im Zelt. Au\u00dferdem verf\u00fcgt es \u00fcber 3 \u00d6ffnungen, welche dir den Einstieg von allen Seiten erm\u00f6glicht. Unerw\u00fcnschte Insekten k\u00f6nnen durch das bereits eingebaute Moskitonetz ferngehalten werden, welches durch einen leisen Rei\u00dfverschluss am Tencate Zeltmaterial befestigt, und somit auch einzeln zu \u00f6ffnen, ist. Um dich vor jeglichen Wetterbedingungen zu sch\u00fctzen, ist der Zeltstoff (Tencate Material) wasserdicht und gegen Hitze und K\u00e4lte isoliert. Das Dachzelt ist au\u00dferdem mit einer energiesparenden LED-Leuchte ausgestattet, welche f\u00fcr ein angenehmes Licht im Zelt sorgt. Zus\u00e4tzlich bietet das Zelt eine 360\u00b0 Panoramasicht.<br><br>Der James Baroud Zeltstoff bietet hervorragende Bel\u00fcftung und reduziert Kondensation dank straffer Spannung, die Luft durchl\u00e4sst, aber Wasser abh\u00e4lt. Hochwertige Materialien wie der doppellagige, aluminisierte Evolution-Stoff bieten au\u00dfergew\u00f6hnliche thermische und akustische Isolation. Jahrzehntelange Handwerkserfahrung garantiert pr\u00e4zise Zuschnitte und robuste N\u00e4hte, die extreme Haltbarkeit und Wetterbest\u00e4ndigkeit sicherstellen. Mit einer branchenf\u00fchrenden 5-Jahres-Garantie steht James Baroud f\u00fcr h\u00f6chste Qualit\u00e4t und Langlebigkeit.<br><br>Insgesamt bietet das <strong>James Baroud Grand Raid Dachzelt<\/strong> eine perfekte Option f\u00fcr<strong>&nbsp;Overlanding<\/strong>, <strong>Camping&nbsp;<\/strong>oder <strong>Offroad<\/strong> Urlaube. Zus\u00e4tzlich erh\u00e4ltst du eine Leiter mit Tasche, sowie eine Matratze und passende Montagehalterungen, um das Zelt auf deinen Quertr\u00e4gern zu befestigen. Zus\u00e4tzlich erh\u00e4ltst du eine Schutzh\u00fclle, falls du das Zelt abmontieren und \u00fcber den Winter in der Garage verstauen m\u00f6chtest.<br><br>Da die Hartschalen in Handarbeit aus GFK hergestellt werden, gibt es eine Toleranz von 5% auf die angegebenen Gewichte.<\/p>\n\n\n\n<h3 class=\"wp-block-heading\">Produktdetails:<\/h3>\n\n\n\n<figure class=\"wp-block-table is-style-stripes\" style=\"margin-bottom:0px;padding-bottom:0px;font-size:15px\"><table><thead><tr><th class=\"has-text-align-left\" data-align=\"left\">Detail<\/th><th class=\"has-text-align-left\" data-align=\"left\">Gr\u00f6\u00dfe M<\/th><th class=\"has-text-align-left\" data-align=\"left\">Gr\u00f6\u00dfe X<\/th><th class=\"has-text-align-left\" data-align=\"left\">Gr\u00f6\u00dfe XL<\/th><\/tr><\/thead><tbody><tr><td class=\"has-text-align-left\" data-align=\"left\"><strong>erh\u00e4ltliche Farben<\/strong><\/td><td class=\"has-text-align-left\" data-align=\"left\">wei\u00df, schwarz<\/td><td class=\"has-text-align-left\" data-align=\"left\">wei\u00df, schwarz<\/td><td class=\"has-text-align-left\" data-align=\"left\">wei\u00df, schwarz<\/td><\/tr><tr><td class=\"has-text-align-left\" data-align=\"left\"><strong>Schlafpl\u00e4tze<\/strong><\/td><td class=\"has-text-align-left\" data-align=\"left\">1-2 Personen<\/td><td class=\"has-text-align-left\" data-align=\"left\">2-3 Personen<\/td><td class=\"has-text-align-left\" data-align=\"left\">2-3 Personen<\/td><\/tr><tr><td class=\"has-text-align-left\" data-align=\"left\"><strong>Liegefl\u00e4che<\/strong><\/td><td class=\"has-text-align-left\" data-align=\"left\">198 x 140 cm<\/td><td class=\"has-text-align-left\" data-align=\"left\">198 x 160 cm<\/td><td class=\"has-text-align-left\" data-align=\"left\">224 x 160 cm<\/td><\/tr><tr><td class=\"has-text-align-left\" data-align=\"left\"><strong>Matratze<\/strong><\/td><td class=\"has-text-align-left\" data-align=\"left\">6,5 cm High-Density-Matratze <br>( Raumgewicht von 28 kg\/m<sup>3<\/sup>)<\/td><td class=\"has-text-align-left\" data-align=\"left\">6,5 cm High-Density-Matratze <br>( Raumgewicht von 28 kg\/m<sup>3<\/sup>)<\/td><td class=\"has-text-align-left\" data-align=\"left\">6,5 cm High-Density-Matratze <br>( Raumgewicht von 28 kg\/m<sup>3<\/sup>)<\/td><\/tr><tr><td class=\"has-text-align-left\" data-align=\"left\"><strong>Fenster<\/strong><\/td><td class=\"has-text-align-left\" data-align=\"left\">Panoramafenster<\/td><td class=\"has-text-align-left\" data-align=\"left\">Panoramafenster<\/td><td class=\"has-text-align-left\" data-align=\"left\">Panoramafenster<\/td><\/tr><tr><td class=\"has-text-align-left\" data-align=\"left\"><strong>Bel\u00fcftungssystem<\/strong><\/td><td class=\"has-text-align-left\" data-align=\"left\">Ja, Solarventilator<\/td><td class=\"has-text-align-left\" data-align=\"left\">Ja, Solarventilator<\/td><td class=\"has-text-align-left\" data-align=\"left\">Ja, Solarventilator<\/td><\/tr><tr><td class=\"has-text-align-left\" data-align=\"left\"><strong>Optionales Zubeh\u00f6r<\/strong><\/td><td class=\"has-text-align-left\" data-align=\"left\">Tunnel, Falcon Markise oder Seitenmarkise, Seitenw\u00e4nde, Quertr\u00e4ger, Duschkabine, Wohlf\u00fchlunterlage<\/td><td class=\"has-text-align-left\" data-align=\"left\">Tunnel, Falcon Markise oder Seitenmarkise, Seitenw\u00e4nde, Quertr\u00e4ger, Duschkabine, Wohlf\u00fchlunterlage<\/td><td class=\"has-text-align-left\" data-align=\"left\">Tunnel, Falcon Markise oder Seitenmarkise, Seitenw\u00e4nde, Quertr\u00e4ger, Duschkabine, Wohlf\u00fchlunterlage<\/td><\/tr><tr><td class=\"has-text-align-left\" data-align=\"left\"><strong>L\u00e4nge der C-Schienen unter dem Zelt<\/strong><\/td><td class=\"has-text-align-left\" data-align=\"left\">150 cm (Idealwert)<\/td><td class=\"has-text-align-left\" data-align=\"left\">150 cm (Idealwert)<\/td><td class=\"has-text-align-left\" data-align=\"left\">150 cm (Idealwert)<\/td><\/tr><\/tbody><\/table><\/figure>\n\n\n\n<h3 class=\"wp-block-heading\">Technische Daten:<\/h3>\n\n\n\n<figure class=\"wp-block-table is-style-stripes\" style=\"font-size:15px\"><table><thead><tr><th class=\"has-text-align-left\" data-align=\"left\">Detail<\/th><th class=\"has-text-align-left\" data-align=\"left\">Gr\u00f6\u00dfe M<\/th><th class=\"has-text-align-left\" data-align=\"left\">Gr\u00f6\u00dfe X<\/th><th class=\"has-text-align-left\" data-align=\"left\">Gr\u00f6\u00dfe XL<\/th><\/tr><\/thead><tbody><tr><td class=\"has-text-align-left\" data-align=\"left\"><strong>Liegefl\u00e4che<\/strong><\/td><td class=\"has-text-align-left\" data-align=\"left\">198 x 140 cm<\/td><td class=\"has-text-align-left\" data-align=\"left\">198 x 160 cm<\/td><td class=\"has-text-align-left\" data-align=\"left\">224 x 160 cm<\/td><\/tr><tr><td class=\"has-text-align-left\" data-align=\"left\"><strong>Zeltgr\u00f6\u00dfe aufgebaut<\/strong><\/td><td class=\"has-text-align-left\" data-align=\"left\">204 x 143 cm<\/td><td class=\"has-text-align-left\" data-align=\"left\">204 x 163 cm<\/td><td class=\"has-text-align-left\" data-align=\"left\">228 x 163 cm<\/td><\/tr><tr><td class=\"has-text-align-left\" data-align=\"left\"><strong>Innenh\u00f6he<\/strong><\/td><td class=\"has-text-align-left\" data-align=\"left\">98 cm<\/td><td class=\"has-text-align-left\" data-align=\"left\">98 cm<\/td><td class=\"has-text-align-left\" data-align=\"left\">98 cm<\/td><\/tr><tr><td class=\"has-text-align-left\" data-align=\"left\"><strong>Packma\u00df<\/strong><\/td><td class=\"has-text-align-left\" data-align=\"left\">204 x 143 x 33,5 cm<\/td><td class=\"has-text-align-left\" data-align=\"left\">204 x 163 x 33,5 cm<\/td><td class=\"has-text-align-left\" data-align=\"left\">228 x 163 x 33,5 cm<\/td><\/tr><tr><td class=\"has-text-align-left\" data-align=\"left\"><strong>Gewicht<\/strong><\/td><td class=\"has-text-align-left\" data-align=\"left\">71 kg<\/td><td class=\"has-text-align-left\" data-align=\"left\">75 kg<\/td><td class=\"has-text-align-left\" data-align=\"left\">80 kg<\/td><\/tr><tr><td class=\"has-text-align-left\" data-align=\"left\"><strong>Zeltstoff<\/strong><\/td><td class=\"has-text-align-left\" data-align=\"left\">Tencate &#8211; patentiertes dreilagiges Gewebe<\/td><td class=\"has-text-align-left\" data-align=\"left\">Tencate &#8211; patentiertes dreilagiges Gewebe<\/td><td class=\"has-text-align-left\" data-align=\"left\">Tencate &#8211; patentiertes dreilagiges Gewebe<\/td><\/tr><tr><td class=\"has-text-align-left\" data-align=\"left\"><strong>Schalen-material<\/strong><\/td><td class=\"has-text-align-left\" data-align=\"left\">GFK-Hartschale, aus 3 Lagen verst\u00e4rktem Fiberglas und ist mit einer UV-sch\u00fctzenden Gelcoat-H\u00fclle beschichtet<\/td><td class=\"has-text-align-left\" data-align=\"left\">GFK-Hartschale, aus 3 Lagen verst\u00e4rktem Fiberglas und ist mit einer UV-sch\u00fctzenden Gelcoat-H\u00fclle beschichtet<\/td><td class=\"has-text-align-left\" data-align=\"left\">GFK-Hartschale, aus 3 Lagen verst\u00e4rktem Fiberglas und ist mit einer UV-sch\u00fctzenden Gelcoat-H\u00fclle beschichtet<\/td><\/tr><\/tbody><\/table><\/figure>\n\n\n\n<h3 class=\"wp-block-heading\">Lieferumfang:<\/h3>\n\n\n\n<ul class=\"wp-block-list\">\n<li><strong>Hartschalenzelt&nbsp;<\/strong><\/li>\n\n\n\n<li><strong>Leiter mit Tasche&nbsp;<\/strong><\/li>\n\n\n\n<li><strong>Matratze<\/strong><\/li>\n\n\n\n<li><strong>Montagehalterung<\/strong><\/li>\n\n\n\n<li><strong>Staubschutzh\u00fclle<\/strong><\/li>\n\n\n\n<li><strong>Taschenlampe mit Ladekabel&nbsp;<\/strong><\/li>\n\n\n\n<li><strong>Anleitung&nbsp;<\/strong><\/li>\n\n\n\n<li><strong>Innentaschen<\/strong><\/li>\n<\/ul>\n","protected":false},"excerpt":{"rendered":"<p>Das James Baroud Grand Raid Dachzelt ist ein hochwertiges und langlebiges Dachzelt. Die obere und untere Dachzeltschale besteht aus 3-lagigem [&hellip;]<\/p>\n","protected":false},"featured_media":138979,"template":"","meta":{"_uag_custom_page_level_css":"","site-sidebar-layout":"default","site-content-layout":"","ast-site-content-layout":"default","site-content-style":"default","site-sidebar-style":"default","ast-global-header-display":"","ast-banner-title-visibility":"","ast-main-header-display":"","ast-hfb-above-header-display":"","ast-hfb-below-header-display":"","ast-hfb-mobile-header-display":"","site-post-title":"","ast-breadcrumbs-content":"","ast-featured-img":"","footer-sml-layout":"","ast-disable-related-posts":"","theme-transparent-header-meta":"","adv-header-id-meta":"","stick-header-meta":"","header-above-stick-meta":"","header-main-stick-meta":"","header-below-stick-meta":"","astra-migrate-meta-layouts":"default","ast-page-background-enabled":"default","ast-page-background-meta":{"desktop":{"background-color":"var(--ast-global-color-4)","background-image":"","background-repeat":"repeat","background-position":"center center","background-size":"auto","background-attachment":"scroll","background-type":"","background-media":"","overlay-type":"","overlay-color":"","overlay-opacity":"","overlay-gradient":""},"tablet":{"background-color":"","background-image":"","background-repeat":"repeat","background-position":"center center","background-size":"auto","background-attachment":"scroll","background-type":"","background-media":"","overlay-type":"","overlay-color":"","overlay-opacity":"","overlay-gradient":""},"mobile":{"background-color":"","background-image":"","background-repeat":"repeat","background-position":"center center","background-size":"auto","background-attachment":"scroll","background-type":"","background-media":"","overlay-type":"","overlay-color":"","overlay-opacity":"","overlay-gradient":""}},"ast-content-background-meta":{"desktop":{"background-color":"var(--ast-global-color-5)","background-image":"","background-repeat":"repeat","background-position":"center center","background-size":"auto","background-attachment":"scroll","background-type":"","background-media":"","overlay-type":"","overlay-color":"","overlay-opacity":"","overlay-gradient":""},"tablet":{"background-color":"var(--ast-global-color-5)","background-image":"","background-repeat":"repeat","background-position":"center center","background-size":"auto","background-attachment":"scroll","background-type":"","background-media":"","overlay-type":"","overlay-color":"","overlay-opacity":"","overlay-gradient":""},"mobile":{"background-color":"var(--ast-global-color-5)","background-image":"","background-repeat":"repeat","background-position":"center center","background-size":"auto","background-attachment":"scroll","background-type":"","background-media":"","overlay-type":"","overlay-color":"","overlay-opacity":"","overlay-gradient":""}},"_themeisle_gutenberg_block_has_review":false},"product_brand":[],"product_cat":[127],"product_tag":[],"class_list":{"0":"post-138966","1":"product","2":"type-product","3":"status-publish","4":"has-post-thumbnail","6":"product_cat-neue-dachzelte-kaufen","7":"product_shipping_class-genesis-import","8":"desktop-align-left","9":"tablet-align-left","10":"mobile-align-left","11":"ast-product-gallery-layout-vertical-slider","12":"ast-product-single-variable","13":"ast-product-tabs-layout-horizontal","15":"first","16":"instock","17":"taxable","18":"shipping-taxable","19":"purchasable","20":"product-type-variable"},"exclude_global_add_ons":[],"addons":[],"uagb_featured_image_src":{"full":["https:\/\/dachzeltnomaden.com\/shop\/wp-content\/uploads\/2026\/02\/dachzeltnomaden-shop-dachzelte-james-baroud-grand-raid-Uros-Podlogar-photo-of-the-opened-Grand-Raid-from-below-3-e1743760504103.webp",800,557,false],"thumbnail":["https:\/\/dachzeltnomaden.com\/shop\/wp-content\/uploads\/2026\/02\/dachzeltnomaden-shop-dachzelte-james-baroud-grand-raid-Uros-Podlogar-photo-of-the-opened-Grand-Raid-from-below-3-e1743760504103-600x557.webp",600,557,true],"medium":["https:\/\/dachzeltnomaden.com\/shop\/wp-content\/uploads\/2026\/02\/dachzeltnomaden-shop-dachzelte-james-baroud-grand-raid-Uros-Podlogar-photo-of-the-opened-Grand-Raid-from-below-3-e1743760504103-300x209.webp",300,209,true],"medium_large":["https:\/\/dachzeltnomaden.com\/shop\/wp-content\/uploads\/2026\/02\/dachzeltnomaden-shop-dachzelte-james-baroud-grand-raid-Uros-Podlogar-photo-of-the-opened-Grand-Raid-from-below-3-e1743760504103-768x535.webp",768,535,true],"large":["https:\/\/dachzeltnomaden.com\/shop\/wp-content\/uploads\/2026\/02\/dachzeltnomaden-shop-dachzelte-james-baroud-grand-raid-Uros-Podlogar-photo-of-the-opened-Grand-Raid-from-below-3-e1743760504103-735x512.webp",735,512,true],"1536x1536":["https:\/\/dachzeltnomaden.com\/shop\/wp-content\/uploads\/2026\/02\/dachzeltnomaden-shop-dachzelte-james-baroud-grand-raid-Uros-Podlogar-photo-of-the-opened-Grand-Raid-from-below-3-e1743760504103.webp",800,557,false],"2048x2048":["https:\/\/dachzeltnomaden.com\/shop\/wp-content\/uploads\/2026\/02\/dachzeltnomaden-shop-dachzelte-james-baroud-grand-raid-Uros-Podlogar-photo-of-the-opened-Grand-Raid-from-below-3-e1743760504103.webp",800,557,false],"woocommerce_thumbnail":["https:\/\/dachzeltnomaden.com\/shop\/wp-content\/uploads\/2026\/02\/dachzeltnomaden-shop-dachzelte-james-baroud-grand-raid-Uros-Podlogar-photo-of-the-opened-Grand-Raid-from-below-3-e1743760504103-600x557.webp",600,557,true],"woocommerce_single":["https:\/\/dachzeltnomaden.com\/shop\/wp-content\/uploads\/2026\/02\/dachzeltnomaden-shop-dachzelte-james-baroud-grand-raid-Uros-Podlogar-photo-of-the-opened-Grand-Raid-from-below-3-e1743760504103.webp",800,557,false],"woocommerce_gallery_thumbnail":["https:\/\/dachzeltnomaden.com\/shop\/wp-content\/uploads\/2026\/02\/dachzeltnomaden-shop-dachzelte-james-baroud-grand-raid-Uros-Podlogar-photo-of-the-opened-Grand-Raid-from-below-3-e1743760504103-100x100.webp",100,100,true]},"uagb_author_info":{"display_name":"admin","author_link":"https:\/\/dachzeltnomaden.com\/shop\/author\/"},"uagb_comment_info":0,"uagb_excerpt":"Das James Baroud Grand Raid Dachzelt ist ein hochwertiges und langlebiges Dachzelt. Die obere und untere Dachzeltschale besteht aus 3-lagigem [&hellip;]","_links":{"self":[{"href":"https:\/\/dachzeltnomaden.com\/shop\/wp-json\/wp\/v2\/product\/138966","targetHints":{"allow":["GET"]}}],"collection":[{"href":"https:\/\/dachzeltnomaden.com\/shop\/wp-json\/wp\/v2\/product"}],"about":[{"href":"https:\/\/dachzeltnomaden.com\/shop\/wp-json\/wp\/v2\/types\/product"}],"wp:featuredmedia":[{"embeddable":true,"href":"https:\/\/dachzeltnomaden.com\/shop\/wp-json\/wp\/v2\/media\/138979"}],"wp:attachment":[{"href":"https:\/\/dachzeltnomaden.com\/shop\/wp-json\/wp\/v2\/media?parent=138966"}],"wp:term":[{"taxonomy":"product_brand","embeddable":true,"href":"https:\/\/dachzeltnomaden.com\/shop\/wp-json\/wp\/v2\/product_brand?post=138966"},{"taxonomy":"product_cat","embeddable":true,"href":"https:\/\/dachzeltnomaden.com\/shop\/wp-json\/wp\/v2\/product_cat?post=138966"},{"taxonomy":"product_tag","embeddable":true,"href":"https:\/\/dachzeltnomaden.com\/shop\/wp-json\/wp\/v2\/product_tag?post=138966"}],"curies":[{"name":"wp","href":"https:\/\/api.w.org\/{rel}","templated":true}]}}