{"id":138928,"date":"2026-02-02T02:57:16","date_gmt":"2026-02-02T01:57:16","guid":{"rendered":"https:\/\/dachzeltnomaden.com\/shop\/?post_type=product&#038;p=138928"},"modified":"2026-02-16T11:33:06","modified_gmt":"2026-02-16T10:33:06","slug":"moby-mountain-swell-m","status":"publish","type":"product","link":"https:\/\/dachzeltnomaden.com\/shop\/produkt\/moby-mountain-swell-m\/","title":{"rendered":"Moby Mountain &#8211; Swell M"},"content":{"rendered":"\n<p>Das Moby Mountain Swell M ist ein Hartschalen-Dachzelt aus Aluminium und das am schnellsten auf- und abzubauende Zelt in ihrem Sortiment- in nur einer Minute einsatzbereit. Genau wie ihre Peak XL und Peak XXL Dachzelte \u00f6ffnet sich das Swell einfach und schnell mithilfe von Gasdruckfedern, die die Hartschale anheben und das Zelt aufstellen.<br><br>Das Alu-Dachzelt bietet dir die  M\u00f6glichkeit, zus\u00e4tzliches Gep\u00e4ck auf dem Dachzelt zu transportieren. Fahrr\u00e4der, Kajaks, Dachboxen, Skier oder \u00c4hnliches k\u00f6nnen mithilfe von optional erh\u00e4ltlichen Dachtr\u00e4ger auf der Hartschale befestigt werden.<br><br>Das 59 kg schwere und kompakte Swell M ist an allen drei \u00d6ffnungen mit einem feinmaschigen Moskitonetz ausgestattet. Das Zeltgewebe besteht aus strapazierf\u00e4higem und atmungsaktivem Poly-Baumwolle, das speziell f\u00fcr das nordische Klima ausgew\u00e4hlt wurde.<br><br>Geliefert wird das Swell M mit einer separaten 5,6 kg schweren Leiter, die in einer praktischen Tasche verpackt ist \u2013 ideal zur Aufbewahrung im Auto oder im Dachzelt. Das Zelt enth\u00e4lt eine 40 mm Standardmatratze, die auf eine komfortablere Deluxe-Version aufger\u00fcstet werden kann. Ein Montageset ist ebenfalls enthalten, das mit 95 % aller Dachtr\u00e4ger kompatibel ist. Optional kannst du dein Swell M mit einem LED kit, den Zipper pullers oder einer 3D-Mesh-Matratzenunterlage erg\u00e4nzen.<\/p>\n\n\n\n<h3 class=\"wp-block-heading\">Produktdetails:<\/h3>\n\n\n\n<ul style=\"margin-bottom:30px\" class=\"wp-block-list\">\n<li><strong>Schlafpl\u00e4tze: <\/strong>1 Personen<\/li>\n\n\n\n<li><strong>Liegefl\u00e4che: <\/strong>195 x 115 cm<\/li>\n\n\n\n<li><strong>Matratze: <\/strong>4 cm verbesserter Komfortschaum mit hoher Dichte<\/li>\n\n\n\n<li>Alle \u00d6ffnungen sind mit Fliegengittern versehen<\/li>\n\n\n\n<li><strong>Vorzelt: <\/strong>Nein<\/li>\n<\/ul>\n\n\n\n<h3 class=\"wp-block-heading\">Technische Daten:<\/h3>\n\n\n\n<ul class=\"wp-block-list\">\n<li><strong>Liegefl\u00e4che:&nbsp;<\/strong>195 x 115 cm<\/li>\n\n\n\n<li><strong>Zeltgr\u00f6\u00dfe aufgeklappt:&nbsp;<\/strong>205 x 116 cm<\/li>\n\n\n\n<li><strong>Innenh\u00f6he:<\/strong> 150 cm<\/li>\n\n\n\n<li><strong>Transportgr\u00f6\u00dfe: <\/strong>215 x 130 x 11,5 cm<\/li>\n\n\n\n<li><strong>Gewicht: <\/strong>59 kg<\/li>\n\n\n\n<li><strong>Schalenmaterial:<\/strong> Starker schwarzer Aluminium-Honeycomb<\/li>\n\n\n\n<li><strong>Zeltstoff:<\/strong> Poly-Baumwolle. Gewicht: 300 Gramm \/ Meter. Impr\u00e4gnierung: PU-beschichtet. Wassers\u00e4ulendruck: 3000 mm<\/li>\n\n\n\n<li><strong>Regenplane:<\/strong> 420D Oxford Polyester. Impr\u00e4gnierung: PU-beschichtet. Wassers\u00e4ulendruck: 3000 mm<\/li>\n\n\n\n<li><strong>Bodenplatte:<\/strong> Sandwich aus poliertem Aluminium mit 23 mm isolierenden Wabenplatten<\/li>\n<\/ul>\n\n\n\n<h3 class=\"wp-block-heading\">Lieferumfang:<\/h3>\n\n\n\n<ul class=\"wp-block-list\">\n<li><strong>Dachzelt<\/strong><\/li>\n\n\n\n<li><strong>Standardmatratze<\/strong><\/li>\n\n\n\n<li><strong>Ausr\u00fcstungstasche<\/strong><\/li>\n\n\n\n<li><strong>Metallstangen<\/strong><\/li>\n\n\n\n<li><strong>Leiterabdeckungen<\/strong><\/li>\n\n\n\n<li><strong>Standard-Montagesatz, der auf 95 % aller Autos passen. Ein Low-Profile-\/Leichtbau-Montagesatz kann bei Bedarf zus\u00e4tzlich erworben werden.<\/strong><\/li>\n<\/ul>\n","protected":false},"excerpt":{"rendered":"<p>Das Moby Mountain Swell M ist ein Hartschalen-Dachzelt aus Aluminium und das am schnellsten auf- und abzubauende Zelt in ihrem [&hellip;]<\/p>\n","protected":false},"featured_media":138932,"template":"","meta":{"_uag_custom_page_level_css":"","site-sidebar-layout":"default","site-content-layout":"","ast-site-content-layout":"default","site-content-style":"default","site-sidebar-style":"default","ast-global-header-display":"","ast-banner-title-visibility":"","ast-main-header-display":"","ast-hfb-above-header-display":"","ast-hfb-below-header-display":"","ast-hfb-mobile-header-display":"","site-post-title":"","ast-breadcrumbs-content":"","ast-featured-img":"","footer-sml-layout":"","ast-disable-related-posts":"","theme-transparent-header-meta":"","adv-header-id-meta":"","stick-header-meta":"","header-above-stick-meta":"","header-main-stick-meta":"","header-below-stick-meta":"","astra-migrate-meta-layouts":"default","ast-page-background-enabled":"default","ast-page-background-meta":{"desktop":{"background-color":"var(--ast-global-color-4)","background-image":"","background-repeat":"repeat","background-position":"center center","background-size":"auto","background-attachment":"scroll","background-type":"","background-media":"","overlay-type":"","overlay-color":"","overlay-opacity":"","overlay-gradient":""},"tablet":{"background-color":"","background-image":"","background-repeat":"repeat","background-position":"center center","background-size":"auto","background-attachment":"scroll","background-type":"","background-media":"","overlay-type":"","overlay-color":"","overlay-opacity":"","overlay-gradient":""},"mobile":{"background-color":"","background-image":"","background-repeat":"repeat","background-position":"center center","background-size":"auto","background-attachment":"scroll","background-type":"","background-media":"","overlay-type":"","overlay-color":"","overlay-opacity":"","overlay-gradient":""}},"ast-content-background-meta":{"desktop":{"background-color":"var(--ast-global-color-5)","background-image":"","background-repeat":"repeat","background-position":"center center","background-size":"auto","background-attachment":"scroll","background-type":"","background-media":"","overlay-type":"","overlay-color":"","overlay-opacity":"","overlay-gradient":""},"tablet":{"background-color":"var(--ast-global-color-5)","background-image":"","background-repeat":"repeat","background-position":"center center","background-size":"auto","background-attachment":"scroll","background-type":"","background-media":"","overlay-type":"","overlay-color":"","overlay-opacity":"","overlay-gradient":""},"mobile":{"background-color":"var(--ast-global-color-5)","background-image":"","background-repeat":"repeat","background-position":"center center","background-size":"auto","background-attachment":"scroll","background-type":"","background-media":"","overlay-type":"","overlay-color":"","overlay-opacity":"","overlay-gradient":""}},"_themeisle_gutenberg_block_has_review":false},"product_brand":[],"product_cat":[127],"product_tag":[],"class_list":{"0":"post-138928","1":"product","2":"type-product","3":"status-publish","4":"has-post-thumbnail","6":"product_cat-neue-dachzelte-kaufen","7":"product_shipping_class-moby-mountain-dachzelte","8":"desktop-align-left","9":"tablet-align-left","10":"mobile-align-left","11":"ast-product-gallery-layout-vertical-slider","12":"ast-product-tabs-layout-horizontal","14":"first","15":"instock","16":"taxable","17":"shipping-taxable","18":"purchasable","19":"product-type-simple"},"exclude_global_add_ons":[],"addons":[],"uagb_featured_image_src":{"full":["https:\/\/dachzeltnomaden.com\/shop\/wp-content\/uploads\/2026\/02\/dachzeltnomaden-shop-dachzelte-moby-mountain-swell-m-alu-hartschale-kaufen_2.webp",800,533,false],"thumbnail":["https:\/\/dachzeltnomaden.com\/shop\/wp-content\/uploads\/2026\/02\/dachzeltnomaden-shop-dachzelte-moby-mountain-swell-m-alu-hartschale-kaufen_2-600x533.webp",600,533,true],"medium":["https:\/\/dachzeltnomaden.com\/shop\/wp-content\/uploads\/2026\/02\/dachzeltnomaden-shop-dachzelte-moby-mountain-swell-m-alu-hartschale-kaufen_2-300x200.webp",300,200,true],"medium_large":["https:\/\/dachzeltnomaden.com\/shop\/wp-content\/uploads\/2026\/02\/dachzeltnomaden-shop-dachzelte-moby-mountain-swell-m-alu-hartschale-kaufen_2-768x512.webp",768,512,true],"large":["https:\/\/dachzeltnomaden.com\/shop\/wp-content\/uploads\/2026\/02\/dachzeltnomaden-shop-dachzelte-moby-mountain-swell-m-alu-hartschale-kaufen_2-768x512.webp",768,512,true],"1536x1536":["https:\/\/dachzeltnomaden.com\/shop\/wp-content\/uploads\/2026\/02\/dachzeltnomaden-shop-dachzelte-moby-mountain-swell-m-alu-hartschale-kaufen_2.webp",800,533,false],"2048x2048":["https:\/\/dachzeltnomaden.com\/shop\/wp-content\/uploads\/2026\/02\/dachzeltnomaden-shop-dachzelte-moby-mountain-swell-m-alu-hartschale-kaufen_2.webp",800,533,false],"woocommerce_thumbnail":["https:\/\/dachzeltnomaden.com\/shop\/wp-content\/uploads\/2026\/02\/dachzeltnomaden-shop-dachzelte-moby-mountain-swell-m-alu-hartschale-kaufen_2-600x533.webp",600,533,true],"woocommerce_single":["https:\/\/dachzeltnomaden.com\/shop\/wp-content\/uploads\/2026\/02\/dachzeltnomaden-shop-dachzelte-moby-mountain-swell-m-alu-hartschale-kaufen_2.webp",800,533,false],"woocommerce_gallery_thumbnail":["https:\/\/dachzeltnomaden.com\/shop\/wp-content\/uploads\/2026\/02\/dachzeltnomaden-shop-dachzelte-moby-mountain-swell-m-alu-hartschale-kaufen_2-100x100.webp",100,100,true]},"uagb_author_info":{"display_name":"admin","author_link":"https:\/\/dachzeltnomaden.com\/shop\/author\/"},"uagb_comment_info":0,"uagb_excerpt":"Das Moby Mountain Swell M ist ein Hartschalen-Dachzelt aus Aluminium und das am schnellsten auf- und abzubauende Zelt in ihrem [&hellip;]","_links":{"self":[{"href":"https:\/\/dachzeltnomaden.com\/shop\/wp-json\/wp\/v2\/product\/138928","targetHints":{"allow":["GET"]}}],"collection":[{"href":"https:\/\/dachzeltnomaden.com\/shop\/wp-json\/wp\/v2\/product"}],"about":[{"href":"https:\/\/dachzeltnomaden.com\/shop\/wp-json\/wp\/v2\/types\/product"}],"wp:featuredmedia":[{"embeddable":true,"href":"https:\/\/dachzeltnomaden.com\/shop\/wp-json\/wp\/v2\/media\/138932"}],"wp:attachment":[{"href":"https:\/\/dachzeltnomaden.com\/shop\/wp-json\/wp\/v2\/media?parent=138928"}],"wp:term":[{"taxonomy":"product_brand","embeddable":true,"href":"https:\/\/dachzeltnomaden.com\/shop\/wp-json\/wp\/v2\/product_brand?post=138928"},{"taxonomy":"product_cat","embeddable":true,"href":"https:\/\/dachzeltnomaden.com\/shop\/wp-json\/wp\/v2\/product_cat?post=138928"},{"taxonomy":"product_tag","embeddable":true,"href":"https:\/\/dachzeltnomaden.com\/shop\/wp-json\/wp\/v2\/product_tag?post=138928"}],"curies":[{"name":"wp","href":"https:\/\/api.w.org\/{rel}","templated":true}]}}