{"id":138906,"date":"2026-02-02T01:45:45","date_gmt":"2026-02-02T00:45:45","guid":{"rendered":"https:\/\/dachzeltnomaden.com\/shop\/?post_type=product&#038;p=138906"},"modified":"2026-02-16T11:32:41","modified_gmt":"2026-02-16T10:32:41","slug":"moby-mountain-peak-xl","status":"publish","type":"product","link":"https:\/\/dachzeltnomaden.com\/shop\/produkt\/moby-mountain-peak-xl\/","title":{"rendered":"Moby Mountain &#8211; Peak XL"},"content":{"rendered":"\n<p>Das Hybriddachzelt <strong>Peak XL<\/strong> von Moby Mountain ist f\u00fcr spontane Abenteuer konzipiert und bietet Platz f\u00fcr bis zu drei Erwachsenen oder zwei Erwachsene und ein Kind. Die ABS-Hartschalenbox hat eine ideale Gr\u00f6\u00dfe f\u00fcr die meisten Autod\u00e4cher und passt mit seinem Gewicht von ca. 62 kg inklusive Leiter und Matratze auf die meisten g\u00e4ngigen Fahrzeuge.<br><br>Ausgestattet mit Oberlicht und Seitenfenstern sorgt das Dachzelt f\u00fcr gute Bel\u00fcftung und viel Tageslicht, nachts kannst du einen Ausblick in den Sternenhimmel genie\u00dfen. Ein engmaschiges Moskitonetz an allen \u00d6ffnungen sch\u00fctzt dich vor Insekten und Nagetieren, w\u00e4hrend der feste Zeltstoff Privatsph\u00e4re bietet. Das Zeltgewebe besteht aus strapazierf\u00e4higer, atmungsaktiver Poly-Baumwolle, geeignet f\u00fcr nordisches Klima.<br><br>Peak XL wird mit einer 40 mm dicken Matratze geliefert. Optional kannst du die Standardmatratze mit einer Deluxe-Matratze und\/ oder einer Antikondensationsmatte upgraden. Ebenfalls optional erh\u00e4ltlich f\u00fcr das Peak XL: Markise, Vorzelt, ein Tent Tie Down zur besseren Fixierung bei Wind und Wetter, sowie weiteres Zubeh\u00f6r wie Innentaschen, Thermo-Innenzelt und Zeltlift.<\/p>\n\n\n\n<h3 class=\"wp-block-heading\">Produktdetails:<\/h3>\n\n\n\n<ul style=\"margin-bottom:30px\" class=\"wp-block-list\">\n<li><strong>Dachfenster:<\/strong> Ja<\/li>\n\n\n\n<li><strong>Schlafpl\u00e4tze: <\/strong>2-3 Personen<\/li>\n\n\n\n<li><strong>Liegefl\u00e4che: <\/strong>220 x 157 cm<\/li>\n\n\n\n<li><strong>Matratze: <\/strong>4 cm verbesserter Komfortschaum mit hoher Dichte<\/li>\n\n\n\n<li>Alle \u00d6ffnungen sind mit Fliegengittern versehen<\/li>\n\n\n\n<li><strong>Vorzelt: <\/strong>Optional<\/li>\n<\/ul>\n\n\n\n<h3 class=\"wp-block-heading\">Technische Daten:<\/h3>\n\n\n\n<ul class=\"wp-block-list\">\n<li><strong>Liegefl\u00e4che:&nbsp;<\/strong>220 x 157 cm<\/li>\n\n\n\n<li><strong>Zeltgr\u00f6\u00dfe aufgeklappt:&nbsp;<\/strong>220 x 157 cm<\/li>\n\n\n\n<li><strong>Innenh\u00f6he:<\/strong> 115 cm<\/li>\n\n\n\n<li><strong>Transportgr\u00f6\u00dfe:&nbsp;<\/strong>160 x 120 x 26 cm<\/li>\n\n\n\n<li><strong>Gewicht: <\/strong>62 kg<\/li>\n\n\n\n<li><strong>Schalenmaterial:<\/strong> Starker 5 mm schwarzer ABS-Kunststoff<\/li>\n\n\n\n<li><strong>Zeltstoff:<\/strong> Poly-Baumwolle. Gewicht: 300 Gramm \/ Meter. Impr\u00e4gnierung: PU-beschichtet. Wassers\u00e4ulendruck: 3000 mm<\/li>\n\n\n\n<li><strong>Regenplane:<\/strong> 420D Oxford Polyester. Impr\u00e4gnierung: PU-beschichtet. Wassers\u00e4ulendruck: 3000 mm<\/li>\n\n\n\n<li><strong>Bodenplatte:<\/strong> Sandwich aus poliertem Aluminium mit 23 mm isolierenden Wabenplatten<\/li>\n<\/ul>\n\n\n\n<h3 class=\"wp-block-heading\">Lieferumfang:<\/h3>\n\n\n\n<ul class=\"wp-block-list\">\n<li><strong>Dachzelt<\/strong><\/li>\n\n\n\n<li><strong>Standardmatratze<\/strong><\/li>\n\n\n\n<li><strong>Storage-Cover<\/strong><\/li>\n\n\n\n<li><strong>Gasdruckd\u00e4mpferschl\u00f6sser<\/strong><\/li>\n\n\n\n<li><strong>Schnee- und Regenstange<\/strong><\/li>\n\n\n\n<li><strong>Schuhbeutel<\/strong><\/li>\n\n\n\n<li><strong>Ausr\u00fcstungstasche<\/strong><\/li>\n\n\n\n<li><strong>Metallstangen<\/strong><\/li>\n\n\n\n<li><strong>Leiterabdeckungen<\/strong><\/li>\n\n\n\n<li><strong>Standard-Montagesatz, der auf 95 % aller Autos passen. Ein Low-Profile-\/Leichtbau-Montagesatz kann bei Bedarf zus\u00e4tzlich erworben werden.<\/strong><\/li>\n<\/ul>\n","protected":false},"excerpt":{"rendered":"<p>Das Hybriddachzelt Peak XL von Moby Mountain ist f\u00fcr spontane Abenteuer konzipiert und bietet Platz f\u00fcr bis zu drei Erwachsenen [&hellip;]<\/p>\n","protected":false},"featured_media":138913,"template":"","meta":{"_uag_custom_page_level_css":"","site-sidebar-layout":"default","site-content-layout":"","ast-site-content-layout":"default","site-content-style":"default","site-sidebar-style":"default","ast-global-header-display":"","ast-banner-title-visibility":"","ast-main-header-display":"","ast-hfb-above-header-display":"","ast-hfb-below-header-display":"","ast-hfb-mobile-header-display":"","site-post-title":"","ast-breadcrumbs-content":"","ast-featured-img":"","footer-sml-layout":"","ast-disable-related-posts":"","theme-transparent-header-meta":"","adv-header-id-meta":"","stick-header-meta":"","header-above-stick-meta":"","header-main-stick-meta":"","header-below-stick-meta":"","astra-migrate-meta-layouts":"default","ast-page-background-enabled":"default","ast-page-background-meta":{"desktop":{"background-color":"var(--ast-global-color-4)","background-image":"","background-repeat":"repeat","background-position":"center center","background-size":"auto","background-attachment":"scroll","background-type":"","background-media":"","overlay-type":"","overlay-color":"","overlay-opacity":"","overlay-gradient":""},"tablet":{"background-color":"","background-image":"","background-repeat":"repeat","background-position":"center center","background-size":"auto","background-attachment":"scroll","background-type":"","background-media":"","overlay-type":"","overlay-color":"","overlay-opacity":"","overlay-gradient":""},"mobile":{"background-color":"","background-image":"","background-repeat":"repeat","background-position":"center center","background-size":"auto","background-attachment":"scroll","background-type":"","background-media":"","overlay-type":"","overlay-color":"","overlay-opacity":"","overlay-gradient":""}},"ast-content-background-meta":{"desktop":{"background-color":"var(--ast-global-color-5)","background-image":"","background-repeat":"repeat","background-position":"center center","background-size":"auto","background-attachment":"scroll","background-type":"","background-media":"","overlay-type":"","overlay-color":"","overlay-opacity":"","overlay-gradient":""},"tablet":{"background-color":"var(--ast-global-color-5)","background-image":"","background-repeat":"repeat","background-position":"center center","background-size":"auto","background-attachment":"scroll","background-type":"","background-media":"","overlay-type":"","overlay-color":"","overlay-opacity":"","overlay-gradient":""},"mobile":{"background-color":"var(--ast-global-color-5)","background-image":"","background-repeat":"repeat","background-position":"center center","background-size":"auto","background-attachment":"scroll","background-type":"","background-media":"","overlay-type":"","overlay-color":"","overlay-opacity":"","overlay-gradient":""}},"_themeisle_gutenberg_block_has_review":false},"product_brand":[],"product_cat":[127],"product_tag":[],"class_list":{"0":"post-138906","1":"product","2":"type-product","3":"status-publish","4":"has-post-thumbnail","6":"product_cat-neue-dachzelte-kaufen","7":"product_shipping_class-moby-mountain-dachzelte","8":"desktop-align-left","9":"tablet-align-left","10":"mobile-align-left","11":"ast-product-gallery-layout-vertical-slider","12":"ast-product-single-variable","13":"ast-product-tabs-layout-horizontal","15":"first","16":"instock","17":"taxable","18":"shipping-taxable","19":"purchasable","20":"product-type-variable"},"exclude_global_add_ons":[],"addons":[],"uagb_featured_image_src":{"full":["https:\/\/dachzeltnomaden.com\/shop\/wp-content\/uploads\/2026\/02\/dachzeltnomaden-shop-dachzelte-moby-mountain-peak-xl-grau-kaufen.webp",800,533,false],"thumbnail":["https:\/\/dachzeltnomaden.com\/shop\/wp-content\/uploads\/2026\/02\/dachzeltnomaden-shop-dachzelte-moby-mountain-peak-xl-grau-kaufen-600x533.webp",600,533,true],"medium":["https:\/\/dachzeltnomaden.com\/shop\/wp-content\/uploads\/2026\/02\/dachzeltnomaden-shop-dachzelte-moby-mountain-peak-xl-grau-kaufen-300x200.webp",300,200,true],"medium_large":["https:\/\/dachzeltnomaden.com\/shop\/wp-content\/uploads\/2026\/02\/dachzeltnomaden-shop-dachzelte-moby-mountain-peak-xl-grau-kaufen-768x512.webp",768,512,true],"large":["https:\/\/dachzeltnomaden.com\/shop\/wp-content\/uploads\/2026\/02\/dachzeltnomaden-shop-dachzelte-moby-mountain-peak-xl-grau-kaufen-768x512.webp",768,512,true],"1536x1536":["https:\/\/dachzeltnomaden.com\/shop\/wp-content\/uploads\/2026\/02\/dachzeltnomaden-shop-dachzelte-moby-mountain-peak-xl-grau-kaufen.webp",800,533,false],"2048x2048":["https:\/\/dachzeltnomaden.com\/shop\/wp-content\/uploads\/2026\/02\/dachzeltnomaden-shop-dachzelte-moby-mountain-peak-xl-grau-kaufen.webp",800,533,false],"woocommerce_thumbnail":["https:\/\/dachzeltnomaden.com\/shop\/wp-content\/uploads\/2026\/02\/dachzeltnomaden-shop-dachzelte-moby-mountain-peak-xl-grau-kaufen-600x533.webp",600,533,true],"woocommerce_single":["https:\/\/dachzeltnomaden.com\/shop\/wp-content\/uploads\/2026\/02\/dachzeltnomaden-shop-dachzelte-moby-mountain-peak-xl-grau-kaufen.webp",800,533,false],"woocommerce_gallery_thumbnail":["https:\/\/dachzeltnomaden.com\/shop\/wp-content\/uploads\/2026\/02\/dachzeltnomaden-shop-dachzelte-moby-mountain-peak-xl-grau-kaufen-100x100.webp",100,100,true]},"uagb_author_info":{"display_name":"admin","author_link":"https:\/\/dachzeltnomaden.com\/shop\/author\/"},"uagb_comment_info":0,"uagb_excerpt":"Das Hybriddachzelt Peak XL von Moby Mountain ist f\u00fcr spontane Abenteuer konzipiert und bietet Platz f\u00fcr bis zu drei Erwachsenen [&hellip;]","_links":{"self":[{"href":"https:\/\/dachzeltnomaden.com\/shop\/wp-json\/wp\/v2\/product\/138906","targetHints":{"allow":["GET"]}}],"collection":[{"href":"https:\/\/dachzeltnomaden.com\/shop\/wp-json\/wp\/v2\/product"}],"about":[{"href":"https:\/\/dachzeltnomaden.com\/shop\/wp-json\/wp\/v2\/types\/product"}],"wp:featuredmedia":[{"embeddable":true,"href":"https:\/\/dachzeltnomaden.com\/shop\/wp-json\/wp\/v2\/media\/138913"}],"wp:attachment":[{"href":"https:\/\/dachzeltnomaden.com\/shop\/wp-json\/wp\/v2\/media?parent=138906"}],"wp:term":[{"taxonomy":"product_brand","embeddable":true,"href":"https:\/\/dachzeltnomaden.com\/shop\/wp-json\/wp\/v2\/product_brand?post=138906"},{"taxonomy":"product_cat","embeddable":true,"href":"https:\/\/dachzeltnomaden.com\/shop\/wp-json\/wp\/v2\/product_cat?post=138906"},{"taxonomy":"product_tag","embeddable":true,"href":"https:\/\/dachzeltnomaden.com\/shop\/wp-json\/wp\/v2\/product_tag?post=138906"}],"curies":[{"name":"wp","href":"https:\/\/api.w.org\/{rel}","templated":true}]}}