{"id":138894,"date":"2026-01-31T12:37:45","date_gmt":"2026-01-31T11:37:45","guid":{"rendered":"https:\/\/dachzeltnomaden.com\/shop\/?post_type=product&#038;p=138894"},"modified":"2026-02-25T11:31:03","modified_gmt":"2026-02-25T10:31:03","slug":"dare-to-be-different-220xl","status":"publish","type":"product","link":"https:\/\/dachzeltnomaden.com\/shop\/produkt\/dare-to-be-different-220xl\/","title":{"rendered":"Dare to be different &#8211; 220XL"},"content":{"rendered":"\n<p>Willkommen in deinem neuen Loft, mit Platz f\u00fcr bis zu f\u00fcnf Personen, einem Kingsize-Bett und mit optionalem Vorzelt! Das <strong>200XL<\/strong> ist ein riesiges Dachzelt, mit zwei \u00fcberdachten Eing\u00e4ngen und Leitern und nicht weniger als einer Matratzenfl\u00e4che von 220 x 230 cm. Im Familiendachzelt kannst du der L\u00e4nge oder der Breite nach liegen. <br><br>Sein kompaktes Design, l\u00e4sst sich leicht auf dem Auto platzieren und ist mit seinen 75 kg \u00fcberraschend leicht f\u00fcr seine Gr\u00f6\u00dfe. Das 220XL ist in 10 Minuten aufgeklappt und einsatzbereit. <br><br> Der Zeltstoff besteht aus einem robusten 300g Segeltuch, alle N\u00e4hte sind versiegelt.<\/p>\n\n\n\n<h3 class=\"wp-block-heading\">Produktdetails:<\/h3>\n\n\n\n<ul style=\"margin-bottom:30px\" class=\"wp-block-list\">\n<li><strong>Schlafpl\u00e4tze: <\/strong>4-5 Personen<\/li>\n\n\n\n<li><strong>Liegefl\u00e4che: <\/strong>230 x 220 cm<\/li>\n\n\n\n<li><strong>Matratze: <\/strong>6 cm dicke Matratze<\/li>\n\n\n\n<li><strong>Eingang:<\/strong> \u00fcberdacht<\/li>\n\n\n\n<li>Alle \u00d6ffnungen sind <strong>mit Fliegengittern<\/strong> versehen<\/li>\n\n\n\n<li>All Season-Dachzelt<\/li>\n\n\n\n<li><strong>Vorzelt:<\/strong> Optional<\/li>\n<\/ul>\n\n\n\n<h3 class=\"wp-block-heading\">Technische Daten:<\/h3>\n\n\n\n<ul class=\"wp-block-list\">\n<li><strong>Liegefl\u00e4che:&nbsp;<\/strong>230 x 220 cm<\/li>\n\n\n\n<li><strong>Zeltgr\u00f6\u00dfe aufgeklappt: <\/strong>310 x 225 x 126 cm<\/li>\n\n\n\n<li><strong>Innenh\u00f6he:<\/strong> 120 cm<\/li>\n\n\n\n<li><strong>Transportgr\u00f6\u00dfe:&nbsp;<\/strong>230 x 130 x 38 cm<\/li>\n\n\n\n<li><strong>Gewicht: <\/strong>75 kg<\/li>\n\n\n\n<li><strong>Material Zeltstoff:<\/strong> 300g Canvas (35% Baumwolle \/ 65% Polyester) mit PU-Beschichtung, wasserdicht bis zu 2.500 mm, Ripstop und UV-best\u00e4ndig.<\/li>\n\n\n\n<li><strong>Material Flytop: <\/strong>420D 100% Polyester Oxford mit PU-Beschichtung, wasserdicht bis zu 2.500 mm, Ripstop und UV-best\u00e4ndig<\/li>\n\n\n\n<li><strong>Material Transportabdeckung:<\/strong> PVC (1200D-680g), N\u00e4hte hochfrequenzverschwei\u00dft<\/li>\n\n\n\n<li><strong>Bodenplatte:<\/strong> Hochdruck-geklebte Aluminium-Sandwichplatte mit zus\u00e4tzlichen Verst\u00e4rkungen<\/li>\n<\/ul>\n\n\n\n<h3 class=\"wp-block-heading\">Lieferumfang:<\/h3>\n\n\n\n<ul class=\"wp-block-list\">\n<li><strong>Dachzelt<\/strong><\/li>\n\n\n\n<li><strong>Matratze<\/strong><\/li>\n\n\n\n<li><strong>Teleskopleiter 2,3 m<\/strong><\/li>\n\n\n\n<li><strong>0,8 cm Meshgewebe<\/strong><\/li>\n<\/ul>\n","protected":false},"excerpt":{"rendered":"<p>Willkommen in deinem neuen Loft, mit Platz f\u00fcr bis zu f\u00fcnf Personen, einem Kingsize-Bett und mit optionalem Vorzelt! Das 200XL [&hellip;]<\/p>\n","protected":false},"featured_media":138895,"template":"","meta":{"_uag_custom_page_level_css":"","site-sidebar-layout":"default","site-content-layout":"","ast-site-content-layout":"default","site-content-style":"default","site-sidebar-style":"default","ast-global-header-display":"","ast-banner-title-visibility":"","ast-main-header-display":"","ast-hfb-above-header-display":"","ast-hfb-below-header-display":"","ast-hfb-mobile-header-display":"","site-post-title":"","ast-breadcrumbs-content":"","ast-featured-img":"","footer-sml-layout":"","ast-disable-related-posts":"","theme-transparent-header-meta":"","adv-header-id-meta":"","stick-header-meta":"","header-above-stick-meta":"","header-main-stick-meta":"","header-below-stick-meta":"","astra-migrate-meta-layouts":"default","ast-page-background-enabled":"default","ast-page-background-meta":{"desktop":{"background-color":"var(--ast-global-color-4)","background-image":"","background-repeat":"repeat","background-position":"center center","background-size":"auto","background-attachment":"scroll","background-type":"","background-media":"","overlay-type":"","overlay-color":"","overlay-opacity":"","overlay-gradient":""},"tablet":{"background-color":"","background-image":"","background-repeat":"repeat","background-position":"center center","background-size":"auto","background-attachment":"scroll","background-type":"","background-media":"","overlay-type":"","overlay-color":"","overlay-opacity":"","overlay-gradient":""},"mobile":{"background-color":"","background-image":"","background-repeat":"repeat","background-position":"center center","background-size":"auto","background-attachment":"scroll","background-type":"","background-media":"","overlay-type":"","overlay-color":"","overlay-opacity":"","overlay-gradient":""}},"ast-content-background-meta":{"desktop":{"background-color":"var(--ast-global-color-5)","background-image":"","background-repeat":"repeat","background-position":"center center","background-size":"auto","background-attachment":"scroll","background-type":"","background-media":"","overlay-type":"","overlay-color":"","overlay-opacity":"","overlay-gradient":""},"tablet":{"background-color":"var(--ast-global-color-5)","background-image":"","background-repeat":"repeat","background-position":"center center","background-size":"auto","background-attachment":"scroll","background-type":"","background-media":"","overlay-type":"","overlay-color":"","overlay-opacity":"","overlay-gradient":""},"mobile":{"background-color":"var(--ast-global-color-5)","background-image":"","background-repeat":"repeat","background-position":"center center","background-size":"auto","background-attachment":"scroll","background-type":"","background-media":"","overlay-type":"","overlay-color":"","overlay-opacity":"","overlay-gradient":""}},"_themeisle_gutenberg_block_has_review":false},"product_brand":[],"product_cat":[127],"product_tag":[],"class_list":{"0":"post-138894","1":"product","2":"type-product","3":"status-publish","4":"has-post-thumbnail","6":"product_cat-neue-dachzelte-kaufen","7":"product_shipping_class-dare-to-be-different-dachzelte","8":"desktop-align-left","9":"tablet-align-left","10":"mobile-align-left","11":"ast-product-gallery-layout-vertical-slider","12":"ast-product-tabs-layout-horizontal","14":"first","15":"instock","16":"taxable","17":"shipping-taxable","18":"purchasable","19":"product-type-simple"},"exclude_global_add_ons":false,"addons":[{"name":"Vorzelt","type":"multiple_choice","position":0,"required":true,"title_format":"label","default":"","description_enable":false,"description":"","placeholder_enable":false,"placeholder":"","display":"images","restrictions_type":"any_text","adjust_price":false,"price":"","price_type":"flat_fee","restrictions":false,"min":"0","max":"0","options":[{"label":"Keins","price":"","price_type":"flat_fee","image":0,"visibility":true},{"label":"Vorzelt 200cm H\u00f6he","price":"1125","price_type":"flat_fee","image":138896,"visibility":true}],"id":1769860612}],"uagb_featured_image_src":{"full":["https:\/\/dachzeltnomaden.com\/shop\/wp-content\/uploads\/2026\/01\/dachzeltnomaden-shop-dachzelte-dare-to-be-different-220xl-kaufen.webp",800,450,false],"thumbnail":["https:\/\/dachzeltnomaden.com\/shop\/wp-content\/uploads\/2026\/01\/dachzeltnomaden-shop-dachzelte-dare-to-be-different-220xl-kaufen-600x450.webp",600,450,true],"medium":["https:\/\/dachzeltnomaden.com\/shop\/wp-content\/uploads\/2026\/01\/dachzeltnomaden-shop-dachzelte-dare-to-be-different-220xl-kaufen-300x169.webp",300,169,true],"medium_large":["https:\/\/dachzeltnomaden.com\/shop\/wp-content\/uploads\/2026\/01\/dachzeltnomaden-shop-dachzelte-dare-to-be-different-220xl-kaufen-768x432.webp",768,432,true],"large":["https:\/\/dachzeltnomaden.com\/shop\/wp-content\/uploads\/2026\/01\/dachzeltnomaden-shop-dachzelte-dare-to-be-different-220xl-kaufen.webp",800,450,false],"1536x1536":["https:\/\/dachzeltnomaden.com\/shop\/wp-content\/uploads\/2026\/01\/dachzeltnomaden-shop-dachzelte-dare-to-be-different-220xl-kaufen.webp",800,450,false],"2048x2048":["https:\/\/dachzeltnomaden.com\/shop\/wp-content\/uploads\/2026\/01\/dachzeltnomaden-shop-dachzelte-dare-to-be-different-220xl-kaufen.webp",800,450,false],"woocommerce_thumbnail":["https:\/\/dachzeltnomaden.com\/shop\/wp-content\/uploads\/2026\/01\/dachzeltnomaden-shop-dachzelte-dare-to-be-different-220xl-kaufen-600x450.webp",600,450,true],"woocommerce_single":["https:\/\/dachzeltnomaden.com\/shop\/wp-content\/uploads\/2026\/01\/dachzeltnomaden-shop-dachzelte-dare-to-be-different-220xl-kaufen.webp",800,450,false],"woocommerce_gallery_thumbnail":["https:\/\/dachzeltnomaden.com\/shop\/wp-content\/uploads\/2026\/01\/dachzeltnomaden-shop-dachzelte-dare-to-be-different-220xl-kaufen-100x100.webp",100,100,true]},"uagb_author_info":{"display_name":"admin","author_link":"https:\/\/dachzeltnomaden.com\/shop\/author\/"},"uagb_comment_info":0,"uagb_excerpt":"Willkommen in deinem neuen Loft, mit Platz f\u00fcr bis zu f\u00fcnf Personen, einem Kingsize-Bett und mit optionalem Vorzelt! Das 200XL [&hellip;]","_links":{"self":[{"href":"https:\/\/dachzeltnomaden.com\/shop\/wp-json\/wp\/v2\/product\/138894","targetHints":{"allow":["GET"]}}],"collection":[{"href":"https:\/\/dachzeltnomaden.com\/shop\/wp-json\/wp\/v2\/product"}],"about":[{"href":"https:\/\/dachzeltnomaden.com\/shop\/wp-json\/wp\/v2\/types\/product"}],"wp:featuredmedia":[{"embeddable":true,"href":"https:\/\/dachzeltnomaden.com\/shop\/wp-json\/wp\/v2\/media\/138895"}],"wp:attachment":[{"href":"https:\/\/dachzeltnomaden.com\/shop\/wp-json\/wp\/v2\/media?parent=138894"}],"wp:term":[{"taxonomy":"product_brand","embeddable":true,"href":"https:\/\/dachzeltnomaden.com\/shop\/wp-json\/wp\/v2\/product_brand?post=138894"},{"taxonomy":"product_cat","embeddable":true,"href":"https:\/\/dachzeltnomaden.com\/shop\/wp-json\/wp\/v2\/product_cat?post=138894"},{"taxonomy":"product_tag","embeddable":true,"href":"https:\/\/dachzeltnomaden.com\/shop\/wp-json\/wp\/v2\/product_tag?post=138894"}],"curies":[{"name":"wp","href":"https:\/\/api.w.org\/{rel}","templated":true}]}}