{"id":138689,"date":"2026-01-31T11:21:24","date_gmt":"2026-01-31T10:21:24","guid":{"rendered":"https:\/\/dachzeltnomaden.com\/shop\/?post_type=product&#038;p=138689"},"modified":"2026-02-25T11:30:42","modified_gmt":"2026-02-25T10:30:42","slug":"dare-to-be-different-140l","status":"publish","type":"product","link":"https:\/\/dachzeltnomaden.com\/shop\/produkt\/dare-to-be-different-140l\/","title":{"rendered":"Dare to be Different &#8211; 140L"},"content":{"rendered":"\n<p>Das <strong>140L<\/strong> Dachzelt ist ein wahres kleines Platzwunder. Mit seinem kompakten Design w\u00fcrde man nicht erwarten, dass das Zelt im ausgeklappten Zustand eine Gesamtl\u00e4nge von 310 cm hat! Und das bei einer ger\u00e4umigen Matratze von 140 cm x 240 cm. Super einfacher Auf- und Abbau. <br><br>Dank seines \u00fcberdachten Eingangs bietet dir das 140L einen wetterfesten Einstieg. Du kannst dieses Dare to be Different Dachzelt das ganze Jahr \u00fcber benutzen. Gro\u00dfe Fenster und praktische L\u00fcftungsgitter im oberen Teil des Zeltes sorgen an hei\u00dfen Tagen f\u00fcr eine k\u00fchle Brise und das Doppeldach wirkt an k\u00fchleren Tagen isolierend. <br><br>Montiert wird das 140L einfach mit zwei Bolzen, die in eine Schiene gleiten und \u00fcber eine Montageplatte um den Dachtr\u00e4ger geklemmt werden.<br><br>Im Innern des Dachzelts erwartet dich eine tolle Aussicht mit echtem Baumhaus-Feeling. An drei Seiten findest du gro\u00dfe Fenster, die sich \u00fcber ein Rei\u00dfverschlusssystem nach Belieben \u00f6ffnen und schlie\u00dfen lassen, jede \u00d6ffnung ist zus\u00e4tzlich mit einem Moskitonetz ausgestattet. <br><br>Das 140L wird mit einer Standardgarantie von 2 Jahren geliefert.<\/p>\n\n\n\n<h3 class=\"wp-block-heading\">Produktdetails:<\/h3>\n\n\n\n<ul style=\"margin-bottom:30px\" class=\"wp-block-list\">\n<li><strong>Schlafpl\u00e4tze: <\/strong>1-2 Personen<\/li>\n\n\n\n<li><strong>Liegefl\u00e4che: <\/strong>230 x 140 cm<\/li>\n\n\n\n<li><strong>Matratze: <\/strong>6 cm dicke Matratze<\/li>\n\n\n\n<li><strong>Eingang:<\/strong> \u00fcberdacht<\/li>\n\n\n\n<li>Alle \u00d6ffnungen sind <strong>mit Fliegengittern<\/strong> versehen<\/li>\n\n\n\n<li>All Season-Dachzelt<\/li>\n\n\n\n<li><strong>Vorzelt:<\/strong> Optional<\/li>\n<\/ul>\n\n\n\n<h3 class=\"wp-block-heading\">Technische Daten:<\/h3>\n\n\n\n<ul class=\"wp-block-list\">\n<li><strong>Liegefl\u00e4che:&nbsp;<\/strong>230 x 140 cm<\/li>\n\n\n\n<li><strong>Zeltgr\u00f6\u00dfe aufgeklappt: <\/strong>310 x 143 x 126 cm<\/li>\n\n\n\n<li><strong>Innenh\u00f6he:<\/strong> 120 cm<\/li>\n\n\n\n<li><strong>Transportgr\u00f6\u00dfe:&nbsp;<\/strong>150 x 125 x 38 cm<\/li>\n\n\n\n<li><strong>Gewicht: <\/strong>59 kg<\/li>\n\n\n\n<li><strong>Material Zeltstoff:<\/strong> 300g Canvas (35% Baumwolle \/ 65% Polyester) mit PU-Beschichtung, wasserdicht bis 2.500 mm, Ripstop und UV-best\u00e4ndig.<\/li>\n\n\n\n<li><strong>Material Flytop: <\/strong>420D 100% Polyester Oxford mit PU-Beschichtung, wasserdicht bis zu 2.500 mm, Ripstop und UV-best\u00e4ndig<\/li>\n\n\n\n<li><strong>Material Transportabdeckung:<\/strong> PVC (1200D-680g), N\u00e4hte hochfrequenzverschwei\u00dft<\/li>\n\n\n\n<li><strong>Bodenplatte:<\/strong> Hochdruck-geklebte Aluminium-Sandwichplatte mit zus\u00e4tzlichen Verst\u00e4rkungen<\/li>\n<\/ul>\n\n\n\n<h3 class=\"wp-block-heading\">Lieferumfang:<\/h3>\n\n\n\n<ul class=\"wp-block-list\">\n<li><strong>Dachzelt<\/strong><\/li>\n\n\n\n<li><strong>Matratze<\/strong><\/li>\n\n\n\n<li><strong>Teleskopleiter 2,3 m<\/strong><\/li>\n\n\n\n<li><strong>0,8 cm Meshgewebe<\/strong><\/li>\n<\/ul>\n","protected":false},"excerpt":{"rendered":"<p>Das 140L Dachzelt ist ein wahres kleines Platzwunder. Mit seinem kompakten Design w\u00fcrde man nicht erwarten, dass das Zelt im [&hellip;]<\/p>\n","protected":false},"featured_media":138692,"template":"","meta":{"_uag_custom_page_level_css":"","site-sidebar-layout":"default","site-content-layout":"","ast-site-content-layout":"default","site-content-style":"default","site-sidebar-style":"default","ast-global-header-display":"","ast-banner-title-visibility":"","ast-main-header-display":"","ast-hfb-above-header-display":"","ast-hfb-below-header-display":"","ast-hfb-mobile-header-display":"","site-post-title":"","ast-breadcrumbs-content":"","ast-featured-img":"","footer-sml-layout":"","ast-disable-related-posts":"","theme-transparent-header-meta":"","adv-header-id-meta":"","stick-header-meta":"","header-above-stick-meta":"","header-main-stick-meta":"","header-below-stick-meta":"","astra-migrate-meta-layouts":"default","ast-page-background-enabled":"default","ast-page-background-meta":{"desktop":{"background-color":"var(--ast-global-color-4)","background-image":"","background-repeat":"repeat","background-position":"center center","background-size":"auto","background-attachment":"scroll","background-type":"","background-media":"","overlay-type":"","overlay-color":"","overlay-opacity":"","overlay-gradient":""},"tablet":{"background-color":"","background-image":"","background-repeat":"repeat","background-position":"center center","background-size":"auto","background-attachment":"scroll","background-type":"","background-media":"","overlay-type":"","overlay-color":"","overlay-opacity":"","overlay-gradient":""},"mobile":{"background-color":"","background-image":"","background-repeat":"repeat","background-position":"center center","background-size":"auto","background-attachment":"scroll","background-type":"","background-media":"","overlay-type":"","overlay-color":"","overlay-opacity":"","overlay-gradient":""}},"ast-content-background-meta":{"desktop":{"background-color":"var(--ast-global-color-5)","background-image":"","background-repeat":"repeat","background-position":"center center","background-size":"auto","background-attachment":"scroll","background-type":"","background-media":"","overlay-type":"","overlay-color":"","overlay-opacity":"","overlay-gradient":""},"tablet":{"background-color":"var(--ast-global-color-5)","background-image":"","background-repeat":"repeat","background-position":"center center","background-size":"auto","background-attachment":"scroll","background-type":"","background-media":"","overlay-type":"","overlay-color":"","overlay-opacity":"","overlay-gradient":""},"mobile":{"background-color":"var(--ast-global-color-5)","background-image":"","background-repeat":"repeat","background-position":"center center","background-size":"auto","background-attachment":"scroll","background-type":"","background-media":"","overlay-type":"","overlay-color":"","overlay-opacity":"","overlay-gradient":""}},"_themeisle_gutenberg_block_has_review":false},"product_brand":[],"product_cat":[127],"product_tag":[],"class_list":{"0":"post-138689","1":"product","2":"type-product","3":"status-publish","4":"has-post-thumbnail","6":"product_cat-neue-dachzelte-kaufen","7":"product_shipping_class-dare-to-be-different-dachzelte","8":"desktop-align-left","9":"tablet-align-left","10":"mobile-align-left","11":"ast-product-gallery-layout-vertical-slider","12":"ast-product-single-variable","13":"ast-product-tabs-layout-horizontal","15":"first","16":"instock","17":"taxable","18":"shipping-taxable","19":"purchasable","20":"product-type-variable"},"exclude_global_add_ons":false,"addons":[{"name":"Vorzelt","type":"multiple_choice","position":0,"required":true,"title_format":"label","default":"","description_enable":false,"description":"","placeholder_enable":false,"placeholder":"","display":"images","restrictions_type":"any_text","adjust_price":false,"price":"","price_type":"flat_fee","restrictions":false,"min":"0","max":"0","options":[{"label":"Keins","price":"","price_type":"flat_fee","image":0,"visibility":true},{"label":"Vorzelt beige 170cm H\u00f6he","price":"300","price_type":"flat_fee","image":138698,"visibility":true},{"label":"Vorzelt gr\u00fcn 170cm H\u00f6he","price":"300","price_type":"flat_fee","image":138699,"visibility":true},{"label":"Vorzelt beige 200cm H\u00f6he","price":"350","price_type":"flat_fee","image":138698,"visibility":true},{"label":"Vorzelt gr\u00fcn 200cm H\u00f6he","price":"350","price_type":"flat_fee","image":138699,"visibility":true}],"id":1769860612}],"uagb_featured_image_src":{"full":["https:\/\/dachzeltnomaden.com\/shop\/wp-content\/uploads\/2026\/01\/dachzeltnomaden-shop-dachzelte-dare-to-be-different-140L-beige-kaufen-rueckansicht.webp",800,496,false],"thumbnail":["https:\/\/dachzeltnomaden.com\/shop\/wp-content\/uploads\/2026\/01\/dachzeltnomaden-shop-dachzelte-dare-to-be-different-140L-beige-kaufen-rueckansicht-600x496.webp",600,496,true],"medium":["https:\/\/dachzeltnomaden.com\/shop\/wp-content\/uploads\/2026\/01\/dachzeltnomaden-shop-dachzelte-dare-to-be-different-140L-beige-kaufen-rueckansicht-300x186.webp",300,186,true],"medium_large":["https:\/\/dachzeltnomaden.com\/shop\/wp-content\/uploads\/2026\/01\/dachzeltnomaden-shop-dachzelte-dare-to-be-different-140L-beige-kaufen-rueckansicht-768x476.webp",768,476,true],"large":["https:\/\/dachzeltnomaden.com\/shop\/wp-content\/uploads\/2026\/01\/dachzeltnomaden-shop-dachzelte-dare-to-be-different-140L-beige-kaufen-rueckansicht.webp",800,496,false],"1536x1536":["https:\/\/dachzeltnomaden.com\/shop\/wp-content\/uploads\/2026\/01\/dachzeltnomaden-shop-dachzelte-dare-to-be-different-140L-beige-kaufen-rueckansicht.webp",800,496,false],"2048x2048":["https:\/\/dachzeltnomaden.com\/shop\/wp-content\/uploads\/2026\/01\/dachzeltnomaden-shop-dachzelte-dare-to-be-different-140L-beige-kaufen-rueckansicht.webp",800,496,false],"woocommerce_thumbnail":["https:\/\/dachzeltnomaden.com\/shop\/wp-content\/uploads\/2026\/01\/dachzeltnomaden-shop-dachzelte-dare-to-be-different-140L-beige-kaufen-rueckansicht-600x496.webp",600,496,true],"woocommerce_single":["https:\/\/dachzeltnomaden.com\/shop\/wp-content\/uploads\/2026\/01\/dachzeltnomaden-shop-dachzelte-dare-to-be-different-140L-beige-kaufen-rueckansicht.webp",800,496,false],"woocommerce_gallery_thumbnail":["https:\/\/dachzeltnomaden.com\/shop\/wp-content\/uploads\/2026\/01\/dachzeltnomaden-shop-dachzelte-dare-to-be-different-140L-beige-kaufen-rueckansicht-100x100.webp",100,100,true]},"uagb_author_info":{"display_name":"admin","author_link":"https:\/\/dachzeltnomaden.com\/shop\/author\/"},"uagb_comment_info":0,"uagb_excerpt":"Das 140L Dachzelt ist ein wahres kleines Platzwunder. Mit seinem kompakten Design w\u00fcrde man nicht erwarten, dass das Zelt im [&hellip;]","_links":{"self":[{"href":"https:\/\/dachzeltnomaden.com\/shop\/wp-json\/wp\/v2\/product\/138689","targetHints":{"allow":["GET"]}}],"collection":[{"href":"https:\/\/dachzeltnomaden.com\/shop\/wp-json\/wp\/v2\/product"}],"about":[{"href":"https:\/\/dachzeltnomaden.com\/shop\/wp-json\/wp\/v2\/types\/product"}],"wp:featuredmedia":[{"embeddable":true,"href":"https:\/\/dachzeltnomaden.com\/shop\/wp-json\/wp\/v2\/media\/138692"}],"wp:attachment":[{"href":"https:\/\/dachzeltnomaden.com\/shop\/wp-json\/wp\/v2\/media?parent=138689"}],"wp:term":[{"taxonomy":"product_brand","embeddable":true,"href":"https:\/\/dachzeltnomaden.com\/shop\/wp-json\/wp\/v2\/product_brand?post=138689"},{"taxonomy":"product_cat","embeddable":true,"href":"https:\/\/dachzeltnomaden.com\/shop\/wp-json\/wp\/v2\/product_cat?post=138689"},{"taxonomy":"product_tag","embeddable":true,"href":"https:\/\/dachzeltnomaden.com\/shop\/wp-json\/wp\/v2\/product_tag?post=138689"}],"curies":[{"name":"wp","href":"https:\/\/api.w.org\/{rel}","templated":true}]}}