{"id":138676,"date":"2026-01-31T09:20:55","date_gmt":"2026-01-31T08:20:55","guid":{"rendered":"https:\/\/dachzeltnomaden.com\/shop\/?post_type=product&#038;p=138676"},"modified":"2026-02-25T11:30:52","modified_gmt":"2026-02-25T10:30:52","slug":"dare-to-be-different-140s","status":"publish","type":"product","link":"https:\/\/dachzeltnomaden.com\/shop\/produkt\/dare-to-be-different-140s\/","title":{"rendered":"Dare to be Different &#8211; 140S"},"content":{"rendered":"\n<p>Dare to be Differents stilvolles <strong>140S<\/strong> ist ein absoluter Blickfang. Dank seiner symmetrischen und kompakten Form passt es auf nahezu jedes Fahrzeug. Trotz seines kompakten Aussehens hat es im ausgeklappten Zustand eine Gesamtl\u00e4nge von 240 cm! Der 140S ist superleicht und wiegt nur 59 kg, au\u00dferdem ist es dank des Hebelprinzips schnell aufgebaut. Der Eingang ist durch eine Markise abgedeckt.<br><br>Du hast auf allen vier Seiten gro\u00dfe Fenster, die du leicht \u00f6ffnen oder verdunkeln kannst. Au\u00dferdem sind alle Fenster mit einem Moskitonetz ausgestattet.&nbsp;Der Zeltstoff wurde aus einem 300g Segeltuch mit einer PU-Beschichtung gefertigt und ist bis zu 2500 mm wasserdicht.&nbsp;<br><br>Das 140S wird mit einer Standardgarantie von 2 Jahren geliefert<\/p>\n\n\n\n<h3 class=\"wp-block-heading\">Produktdetails:<\/h3>\n\n\n\n<ul style=\"margin-bottom:30px\" class=\"wp-block-list\">\n<li><strong>Schlafpl\u00e4tze: <\/strong>1-2 Personen<\/li>\n\n\n\n<li><strong>Liegefl\u00e4che: <\/strong>230 x 140 cm<\/li>\n\n\n\n<li><strong>Matratze: <\/strong>6 cm dicke Matratze<\/li>\n\n\n\n<li>Alle \u00d6ffnungen sind <strong>mit Fliegengittern<\/strong> versehen<\/li>\n\n\n\n<li>All Season-Dachzelt<\/li>\n<\/ul>\n\n\n\n<h3 class=\"wp-block-heading\">Technische Daten:<\/h3>\n\n\n\n<ul class=\"wp-block-list\">\n<li><strong>Liegefl\u00e4che:&nbsp;<\/strong>230 x 140 cm<\/li>\n\n\n\n<li><strong>Zeltgr\u00f6\u00dfe aufgeklappt: <\/strong>310 x 143 x 126 cm<\/li>\n\n\n\n<li><strong>Innenh\u00f6he:<\/strong> 120 cm<\/li>\n\n\n\n<li><strong>Transportgr\u00f6\u00dfe:&nbsp;<\/strong>150 x 125 x 38 cm<\/li>\n\n\n\n<li><strong>Gewicht: <\/strong>59 kg<\/li>\n\n\n\n<li><strong>Material Zeltstoff:<\/strong> 300g Canvas (35% Baumwolle \/ 65% Polyester) mit PU-Beschichtung, wasserdicht bis zu 2.500 mm, Ripstop und UV-best\u00e4ndig.<\/li>\n\n\n\n<li><strong>Material Flytop: <\/strong>420D 100% Polyester Oxford mit PU-Beschichtung, wasserdicht bis zu 2.500 mm, Ripstop und UV-best\u00e4ndig<\/li>\n\n\n\n<li><strong>Material Transportabdeckung:<\/strong> PVC (1200D-680g), N\u00e4hte hochfrequenzverschwei\u00dft<\/li>\n\n\n\n<li><strong>Bodenplatte:<\/strong> hochdruckgeklebte Aluminium-Sandwichplatte mit zus\u00e4tzlichen Verst\u00e4rkungen<\/li>\n<\/ul>\n\n\n\n<h3 class=\"wp-block-heading\">Lieferumfang:<\/h3>\n\n\n\n<ul class=\"wp-block-list\">\n<li><strong>Dachzelt<\/strong><\/li>\n\n\n\n<li><strong>Matratze<\/strong><\/li>\n\n\n\n<li><strong>Teleskopleiter 2,3 m<\/strong><\/li>\n\n\n\n<li><strong>0,8 cm Meshgewebe<\/strong><\/li>\n<\/ul>\n","protected":false},"excerpt":{"rendered":"<p>Dare to be Differents stilvolles 140S ist ein absoluter Blickfang. Dank seiner symmetrischen und kompakten Form passt es auf nahezu [&hellip;]<\/p>\n","protected":false},"featured_media":138679,"template":"","meta":{"_uag_custom_page_level_css":"","site-sidebar-layout":"default","site-content-layout":"","ast-site-content-layout":"default","site-content-style":"default","site-sidebar-style":"default","ast-global-header-display":"","ast-banner-title-visibility":"","ast-main-header-display":"","ast-hfb-above-header-display":"","ast-hfb-below-header-display":"","ast-hfb-mobile-header-display":"","site-post-title":"","ast-breadcrumbs-content":"","ast-featured-img":"","footer-sml-layout":"","ast-disable-related-posts":"","theme-transparent-header-meta":"","adv-header-id-meta":"","stick-header-meta":"","header-above-stick-meta":"","header-main-stick-meta":"","header-below-stick-meta":"","astra-migrate-meta-layouts":"default","ast-page-background-enabled":"default","ast-page-background-meta":{"desktop":{"background-color":"var(--ast-global-color-4)","background-image":"","background-repeat":"repeat","background-position":"center center","background-size":"auto","background-attachment":"scroll","background-type":"","background-media":"","overlay-type":"","overlay-color":"","overlay-opacity":"","overlay-gradient":""},"tablet":{"background-color":"","background-image":"","background-repeat":"repeat","background-position":"center center","background-size":"auto","background-attachment":"scroll","background-type":"","background-media":"","overlay-type":"","overlay-color":"","overlay-opacity":"","overlay-gradient":""},"mobile":{"background-color":"","background-image":"","background-repeat":"repeat","background-position":"center center","background-size":"auto","background-attachment":"scroll","background-type":"","background-media":"","overlay-type":"","overlay-color":"","overlay-opacity":"","overlay-gradient":""}},"ast-content-background-meta":{"desktop":{"background-color":"var(--ast-global-color-5)","background-image":"","background-repeat":"repeat","background-position":"center center","background-size":"auto","background-attachment":"scroll","background-type":"","background-media":"","overlay-type":"","overlay-color":"","overlay-opacity":"","overlay-gradient":""},"tablet":{"background-color":"var(--ast-global-color-5)","background-image":"","background-repeat":"repeat","background-position":"center center","background-size":"auto","background-attachment":"scroll","background-type":"","background-media":"","overlay-type":"","overlay-color":"","overlay-opacity":"","overlay-gradient":""},"mobile":{"background-color":"var(--ast-global-color-5)","background-image":"","background-repeat":"repeat","background-position":"center center","background-size":"auto","background-attachment":"scroll","background-type":"","background-media":"","overlay-type":"","overlay-color":"","overlay-opacity":"","overlay-gradient":""}},"_themeisle_gutenberg_block_has_review":false},"product_brand":[],"product_cat":[127],"product_tag":[],"class_list":{"0":"post-138676","1":"product","2":"type-product","3":"status-publish","4":"has-post-thumbnail","6":"product_cat-neue-dachzelte-kaufen","7":"product_shipping_class-dare-to-be-different-dachzelte","8":"desktop-align-left","9":"tablet-align-left","10":"mobile-align-left","11":"ast-product-gallery-layout-vertical-slider","12":"ast-product-single-variable","13":"ast-product-tabs-layout-horizontal","15":"first","16":"instock","17":"taxable","18":"shipping-taxable","19":"purchasable","20":"product-type-variable"},"exclude_global_add_ons":[],"addons":[],"uagb_featured_image_src":{"full":["https:\/\/dachzeltnomaden.com\/shop\/wp-content\/uploads\/2026\/01\/dachzeltnomaden-shop-dachzelte-dare-to-be-different-140-s-kaufen.webp",800,517,false],"thumbnail":["https:\/\/dachzeltnomaden.com\/shop\/wp-content\/uploads\/2026\/01\/dachzeltnomaden-shop-dachzelte-dare-to-be-different-140-s-kaufen-600x517.webp",600,517,true],"medium":["https:\/\/dachzeltnomaden.com\/shop\/wp-content\/uploads\/2026\/01\/dachzeltnomaden-shop-dachzelte-dare-to-be-different-140-s-kaufen-300x194.webp",300,194,true],"medium_large":["https:\/\/dachzeltnomaden.com\/shop\/wp-content\/uploads\/2026\/01\/dachzeltnomaden-shop-dachzelte-dare-to-be-different-140-s-kaufen-768x496.webp",768,496,true],"large":["https:\/\/dachzeltnomaden.com\/shop\/wp-content\/uploads\/2026\/01\/dachzeltnomaden-shop-dachzelte-dare-to-be-different-140-s-kaufen-792x512.webp",792,512,true],"1536x1536":["https:\/\/dachzeltnomaden.com\/shop\/wp-content\/uploads\/2026\/01\/dachzeltnomaden-shop-dachzelte-dare-to-be-different-140-s-kaufen.webp",800,517,false],"2048x2048":["https:\/\/dachzeltnomaden.com\/shop\/wp-content\/uploads\/2026\/01\/dachzeltnomaden-shop-dachzelte-dare-to-be-different-140-s-kaufen.webp",800,517,false],"woocommerce_thumbnail":["https:\/\/dachzeltnomaden.com\/shop\/wp-content\/uploads\/2026\/01\/dachzeltnomaden-shop-dachzelte-dare-to-be-different-140-s-kaufen-600x517.webp",600,517,true],"woocommerce_single":["https:\/\/dachzeltnomaden.com\/shop\/wp-content\/uploads\/2026\/01\/dachzeltnomaden-shop-dachzelte-dare-to-be-different-140-s-kaufen.webp",800,517,false],"woocommerce_gallery_thumbnail":["https:\/\/dachzeltnomaden.com\/shop\/wp-content\/uploads\/2026\/01\/dachzeltnomaden-shop-dachzelte-dare-to-be-different-140-s-kaufen-100x100.webp",100,100,true]},"uagb_author_info":{"display_name":"admin","author_link":"https:\/\/dachzeltnomaden.com\/shop\/author\/"},"uagb_comment_info":0,"uagb_excerpt":"Dare to be Differents stilvolles 140S ist ein absoluter Blickfang. Dank seiner symmetrischen und kompakten Form passt es auf nahezu [&hellip;]","_links":{"self":[{"href":"https:\/\/dachzeltnomaden.com\/shop\/wp-json\/wp\/v2\/product\/138676","targetHints":{"allow":["GET"]}}],"collection":[{"href":"https:\/\/dachzeltnomaden.com\/shop\/wp-json\/wp\/v2\/product"}],"about":[{"href":"https:\/\/dachzeltnomaden.com\/shop\/wp-json\/wp\/v2\/types\/product"}],"wp:featuredmedia":[{"embeddable":true,"href":"https:\/\/dachzeltnomaden.com\/shop\/wp-json\/wp\/v2\/media\/138679"}],"wp:attachment":[{"href":"https:\/\/dachzeltnomaden.com\/shop\/wp-json\/wp\/v2\/media?parent=138676"}],"wp:term":[{"taxonomy":"product_brand","embeddable":true,"href":"https:\/\/dachzeltnomaden.com\/shop\/wp-json\/wp\/v2\/product_brand?post=138676"},{"taxonomy":"product_cat","embeddable":true,"href":"https:\/\/dachzeltnomaden.com\/shop\/wp-json\/wp\/v2\/product_cat?post=138676"},{"taxonomy":"product_tag","embeddable":true,"href":"https:\/\/dachzeltnomaden.com\/shop\/wp-json\/wp\/v2\/product_tag?post=138676"}],"curies":[{"name":"wp","href":"https:\/\/api.w.org\/{rel}","templated":true}]}}