{"id":138670,"date":"2026-01-31T09:00:25","date_gmt":"2026-01-31T08:00:25","guid":{"rendered":"https:\/\/dachzeltnomaden.com\/shop\/?post_type=product&#038;p=138670"},"modified":"2026-02-25T11:30:22","modified_gmt":"2026-02-25T10:30:22","slug":"dare-to-be-different-140-light-weight","status":"publish","type":"product","link":"https:\/\/dachzeltnomaden.com\/shop\/produkt\/dare-to-be-different-140-light-weight\/","title":{"rendered":"Dare to be Different &#8211; 140 Light Weight"},"content":{"rendered":"\n<p>Das <strong>140 Light Weight<\/strong> ist Dare to be Different g\u00fcnstigstes und leichtestes Dachzelt, das ideale Einsteigermodell. <br><br>Dieses Zwei-Personen-Dachzelt ist dank seines Gewichts von 48 kg f\u00fcr jedes Auto geeignet und eines der leichtesten Dachzelte auf dem Markt. Das 140 Light Weight ist robust in einem kleinen Paket, aber mit einem gro\u00dfen Schlafbereich von 140 x 230 cm. <br><br>Das 140 Light Weight ist f\u00fcr wirklich typisch holl\u00e4ndisches Wetter gemacht, d.h. Regen! Die Verwendung von ultraleichtem Polyester 200D Ripstop sorgt daf\u00fcr, dass das Dachzelt eine Wassers\u00e4ule von 2500 mm hat. Dadurch kann das Dachzelt ziemlich viel Regen aushalten. Die verst\u00e4rkte Bodenplatte macht es zudem robust und sorgt f\u00fcr eine l\u00e4ngere Lebensdauer.<br><br>Dieses dare to be different Klappdachzelt wird wird mit einer Standardgarantie von zwei Jahren geliefert.<\/p>\n\n\n\n<h3 class=\"wp-block-heading\">Produktdetails:<\/h3>\n\n\n\n<ul style=\"margin-bottom:30px\" class=\"wp-block-list\">\n<li><strong>Schlafpl\u00e4tze: <\/strong>1-2 Personen<\/li>\n\n\n\n<li><strong>Liegefl\u00e4che: <\/strong>230 x 140 cm<\/li>\n\n\n\n<li><strong>Matratze: <\/strong>6 cm dicke Matratze<\/li>\n\n\n\n<li><strong>Einstieg:<\/strong> offen<\/li>\n\n\n\n<li>Alle \u00d6ffnungen sind mit Fliegengittern versehen<\/li>\n<\/ul>\n\n\n\n<h3 class=\"wp-block-heading\">Technische Daten:<\/h3>\n\n\n\n<ul class=\"wp-block-list\">\n<li><strong>Liegefl\u00e4che:&nbsp;<\/strong>230 x 140 cm<\/li>\n\n\n\n<li><strong>Zeltgr\u00f6\u00dfe aufgeklappt:&nbsp;<\/strong>240 x 143 x 126 cm<\/li>\n\n\n\n<li><strong>Innenh\u00f6he:<\/strong> 106 cm<\/li>\n\n\n\n<li><strong>Transportgr\u00f6\u00dfe:&nbsp;<\/strong>150 x 125 x 28 cm<\/li>\n\n\n\n<li><strong>Gewicht: <\/strong>48 kg<\/li>\n\n\n\n<li><strong>Zeltstoff:<\/strong> 200D 120g\/m<sup>2 <\/sup>Polyester (100% Polyester) mit PU-Beschichtung, UV50+ Beschichtung, wasserdicht bis zu 2.500 mm Ripstop<\/li>\n\n\n\n<li><strong>Bodenplatte:<\/strong> Verbundene Aluminium-Sandwichplatte mit Versteifungen<\/li>\n\n\n\n<li><strong>Transportabdeckung: <\/strong>PVC (1000D-350g), N\u00e4hte hochfrequenzverschwei\u00dft<\/li>\n<\/ul>\n\n\n\n<h3 class=\"wp-block-heading\">Lieferumfang:<\/h3>\n\n\n\n<ul class=\"wp-block-list\">\n<li><strong>Dachzelt<\/strong><\/li>\n\n\n\n<li><strong>Matratze<\/strong><\/li>\n\n\n\n<li><strong>Teleskopleiter 2,3m<\/strong><\/li>\n<\/ul>\n","protected":false},"excerpt":{"rendered":"<p>Das 140 Light Weight ist Dare to be Different g\u00fcnstigstes und leichtestes Dachzelt, das ideale Einsteigermodell. Dieses Zwei-Personen-Dachzelt ist dank [&hellip;]<\/p>\n","protected":false},"featured_media":138671,"template":"","meta":{"_uag_custom_page_level_css":"","site-sidebar-layout":"default","site-content-layout":"","ast-site-content-layout":"default","site-content-style":"default","site-sidebar-style":"default","ast-global-header-display":"","ast-banner-title-visibility":"","ast-main-header-display":"","ast-hfb-above-header-display":"","ast-hfb-below-header-display":"","ast-hfb-mobile-header-display":"","site-post-title":"","ast-breadcrumbs-content":"","ast-featured-img":"","footer-sml-layout":"","ast-disable-related-posts":"","theme-transparent-header-meta":"","adv-header-id-meta":"","stick-header-meta":"","header-above-stick-meta":"","header-main-stick-meta":"","header-below-stick-meta":"","astra-migrate-meta-layouts":"default","ast-page-background-enabled":"default","ast-page-background-meta":{"desktop":{"background-color":"var(--ast-global-color-4)","background-image":"","background-repeat":"repeat","background-position":"center center","background-size":"auto","background-attachment":"scroll","background-type":"","background-media":"","overlay-type":"","overlay-color":"","overlay-opacity":"","overlay-gradient":""},"tablet":{"background-color":"","background-image":"","background-repeat":"repeat","background-position":"center center","background-size":"auto","background-attachment":"scroll","background-type":"","background-media":"","overlay-type":"","overlay-color":"","overlay-opacity":"","overlay-gradient":""},"mobile":{"background-color":"","background-image":"","background-repeat":"repeat","background-position":"center center","background-size":"auto","background-attachment":"scroll","background-type":"","background-media":"","overlay-type":"","overlay-color":"","overlay-opacity":"","overlay-gradient":""}},"ast-content-background-meta":{"desktop":{"background-color":"var(--ast-global-color-5)","background-image":"","background-repeat":"repeat","background-position":"center center","background-size":"auto","background-attachment":"scroll","background-type":"","background-media":"","overlay-type":"","overlay-color":"","overlay-opacity":"","overlay-gradient":""},"tablet":{"background-color":"var(--ast-global-color-5)","background-image":"","background-repeat":"repeat","background-position":"center center","background-size":"auto","background-attachment":"scroll","background-type":"","background-media":"","overlay-type":"","overlay-color":"","overlay-opacity":"","overlay-gradient":""},"mobile":{"background-color":"var(--ast-global-color-5)","background-image":"","background-repeat":"repeat","background-position":"center center","background-size":"auto","background-attachment":"scroll","background-type":"","background-media":"","overlay-type":"","overlay-color":"","overlay-opacity":"","overlay-gradient":""}},"_themeisle_gutenberg_block_has_review":false},"product_brand":[],"product_cat":[127],"product_tag":[],"class_list":{"0":"post-138670","1":"product","2":"type-product","3":"status-publish","4":"has-post-thumbnail","6":"product_cat-neue-dachzelte-kaufen","7":"product_shipping_class-dare-to-be-different-dachzelte","8":"desktop-align-left","9":"tablet-align-left","10":"mobile-align-left","11":"ast-product-gallery-layout-vertical-slider","12":"ast-product-tabs-layout-horizontal","14":"first","15":"instock","16":"taxable","17":"shipping-taxable","18":"purchasable","19":"product-type-simple"},"exclude_global_add_ons":[],"addons":[],"uagb_featured_image_src":{"full":["https:\/\/dachzeltnomaden.com\/shop\/wp-content\/uploads\/2026\/01\/dachzeltnomaden-shop-dachzelte-dare-to-be-different-140-light-weight-klappdachzelt-kaufen.webp",800,533,false],"thumbnail":["https:\/\/dachzeltnomaden.com\/shop\/wp-content\/uploads\/2026\/01\/dachzeltnomaden-shop-dachzelte-dare-to-be-different-140-light-weight-klappdachzelt-kaufen-600x533.webp",600,533,true],"medium":["https:\/\/dachzeltnomaden.com\/shop\/wp-content\/uploads\/2026\/01\/dachzeltnomaden-shop-dachzelte-dare-to-be-different-140-light-weight-klappdachzelt-kaufen-300x200.webp",300,200,true],"medium_large":["https:\/\/dachzeltnomaden.com\/shop\/wp-content\/uploads\/2026\/01\/dachzeltnomaden-shop-dachzelte-dare-to-be-different-140-light-weight-klappdachzelt-kaufen-768x512.webp",768,512,true],"large":["https:\/\/dachzeltnomaden.com\/shop\/wp-content\/uploads\/2026\/01\/dachzeltnomaden-shop-dachzelte-dare-to-be-different-140-light-weight-klappdachzelt-kaufen-768x512.webp",768,512,true],"1536x1536":["https:\/\/dachzeltnomaden.com\/shop\/wp-content\/uploads\/2026\/01\/dachzeltnomaden-shop-dachzelte-dare-to-be-different-140-light-weight-klappdachzelt-kaufen.webp",800,533,false],"2048x2048":["https:\/\/dachzeltnomaden.com\/shop\/wp-content\/uploads\/2026\/01\/dachzeltnomaden-shop-dachzelte-dare-to-be-different-140-light-weight-klappdachzelt-kaufen.webp",800,533,false],"woocommerce_thumbnail":["https:\/\/dachzeltnomaden.com\/shop\/wp-content\/uploads\/2026\/01\/dachzeltnomaden-shop-dachzelte-dare-to-be-different-140-light-weight-klappdachzelt-kaufen-600x533.webp",600,533,true],"woocommerce_single":["https:\/\/dachzeltnomaden.com\/shop\/wp-content\/uploads\/2026\/01\/dachzeltnomaden-shop-dachzelte-dare-to-be-different-140-light-weight-klappdachzelt-kaufen.webp",800,533,false],"woocommerce_gallery_thumbnail":["https:\/\/dachzeltnomaden.com\/shop\/wp-content\/uploads\/2026\/01\/dachzeltnomaden-shop-dachzelte-dare-to-be-different-140-light-weight-klappdachzelt-kaufen-100x100.webp",100,100,true]},"uagb_author_info":{"display_name":"admin","author_link":"https:\/\/dachzeltnomaden.com\/shop\/author\/"},"uagb_comment_info":0,"uagb_excerpt":"Das 140 Light Weight ist Dare to be Different g\u00fcnstigstes und leichtestes Dachzelt, das ideale Einsteigermodell. Dieses Zwei-Personen-Dachzelt ist dank [&hellip;]","_links":{"self":[{"href":"https:\/\/dachzeltnomaden.com\/shop\/wp-json\/wp\/v2\/product\/138670","targetHints":{"allow":["GET"]}}],"collection":[{"href":"https:\/\/dachzeltnomaden.com\/shop\/wp-json\/wp\/v2\/product"}],"about":[{"href":"https:\/\/dachzeltnomaden.com\/shop\/wp-json\/wp\/v2\/types\/product"}],"wp:featuredmedia":[{"embeddable":true,"href":"https:\/\/dachzeltnomaden.com\/shop\/wp-json\/wp\/v2\/media\/138671"}],"wp:attachment":[{"href":"https:\/\/dachzeltnomaden.com\/shop\/wp-json\/wp\/v2\/media?parent=138670"}],"wp:term":[{"taxonomy":"product_brand","embeddable":true,"href":"https:\/\/dachzeltnomaden.com\/shop\/wp-json\/wp\/v2\/product_brand?post=138670"},{"taxonomy":"product_cat","embeddable":true,"href":"https:\/\/dachzeltnomaden.com\/shop\/wp-json\/wp\/v2\/product_cat?post=138670"},{"taxonomy":"product_tag","embeddable":true,"href":"https:\/\/dachzeltnomaden.com\/shop\/wp-json\/wp\/v2\/product_tag?post=138670"}],"curies":[{"name":"wp","href":"https:\/\/api.w.org\/{rel}","templated":true}]}}