{"id":138661,"date":"2026-01-31T07:48:17","date_gmt":"2026-01-31T06:48:17","guid":{"rendered":"https:\/\/dachzeltnomaden.com\/shop\/?post_type=product&#038;p=138661"},"modified":"2026-02-25T11:31:50","modified_gmt":"2026-02-25T10:31:50","slug":"dare-to-be-different-sitta-180","status":"publish","type":"product","link":"https:\/\/dachzeltnomaden.com\/shop\/produkt\/dare-to-be-different-sitta-180\/","title":{"rendered":"Dare to be different &#8211; Sitta 180"},"content":{"rendered":"\n<p>Das <strong>Sitta 180<\/strong>, ist der gr\u00f6\u00dferen Bruder des Sitta 140, das f\u00fcr drei Personen konzipiert wurde. Mit einem ger\u00e4umigen Bett von 180 cm x 230 cm kombiniert das Sitta 180 ein intensives Gef\u00fchl von Freiheit mit ultimativem Komfort. <br><br>Das Sitta 180 ist aus dem strapazierf\u00e4higen TenCate KA-10-Material gefertigt, einer idealen Zusammensetzung aus 50 % Baumwolle und 50 % Polyester. Das sorgt nicht nur f\u00fcr eine hervorragende Bel\u00fcftung, sondern macht dein Zelt auch besonders strapazierf\u00e4hig und robust. <br><br>Ausgestattet mit Oberlichtern bietet es einen herrlichen 360\u00b0-Rundumblick, ideal, um die Sterne zu beobachten oder den Morgen mit nat\u00fcrlichem Sonnenlicht zu starten. Trotz seines ger\u00e4umigen Innenraums f\u00fcr drei Personen bleibt das Sitta 180 mit nur 65 kg erstaunlich kompakt und leicht. Dank seines ausgekl\u00fcgelten Faltsystems nimmt das Dachzelt nur 180 x 125 x 35 cm auf deinem Autodach ein. <br><br>Das Sitta wird aus niederl\u00e4ndischem TenCate-Gewebe hergestellt und in Europa montiert<\/p>\n\n\n\n<h3 class=\"wp-block-heading\">Produktdetails:<\/h3>\n\n\n\n<ul style=\"margin-bottom:30px\" class=\"wp-block-list\">\n<li><strong>Dachfenster:<\/strong> 2 Oberlichter mit Jalousie und Fliegengitter<\/li>\n\n\n\n<li><strong>Schlafpl\u00e4tze: <\/strong>3-4 Personen<\/li>\n\n\n\n<li><strong>Liegefl\u00e4che: <\/strong>230 x 180 cm<\/li>\n\n\n\n<li><strong>Matratze: <\/strong>6 cm dicke Matratze<\/li>\n\n\n\n<li><strong>Einstieg:<\/strong> \u00fcberdacht<\/li>\n\n\n\n<li>Alle \u00d6ffnungen sind mit Fliegengittern versehen<\/li>\n\n\n\n<li>Das nachhaltig in den Niederlanden produzierte Segeltuch wurde mit Fasern behandelt, die das Dachzelt wasser-, schimmel- und schmutzabweisend machen.<\/li>\n\n\n\n<li><strong>Vorzelt: <\/strong>Optional<\/li>\n<\/ul>\n\n\n\n<h3 class=\"wp-block-heading\">Technische Daten:<\/h3>\n\n\n\n<ul class=\"wp-block-list\">\n<li><strong>Liegefl\u00e4che:&nbsp;<\/strong>230 x 180 cm<\/li>\n\n\n\n<li><strong>Zeltgr\u00f6\u00dfe aufgeklappt:&nbsp;<\/strong>310 x 182 x 126 cm<\/li>\n\n\n\n<li><strong>Innenh\u00f6he:<\/strong> 106 cm<\/li>\n\n\n\n<li><strong>Transportgr\u00f6\u00dfe:&nbsp;<\/strong>180 x 125 x 35 cm<\/li>\n\n\n\n<li><strong>Gewicht: <\/strong>65 kg<\/li>\n\n\n\n<li><strong>Zeltstoff:<\/strong> TenCate KA-10 Material, Mischung aus 50% Baumwolle und 50% Polyester<\/li>\n\n\n\n<li><strong>Bodenplatte:<\/strong> Hochdruck-geklebte Aluminium-Sandwichplatte mit zus\u00e4tzlichen Verst\u00e4rkungen<\/li>\n\n\n\n<li><strong>Transportabdeckung: <\/strong>PVC 1200D-680gr<\/li>\n<\/ul>\n\n\n\n<h3 class=\"wp-block-heading\">Lieferumfang:<\/h3>\n\n\n\n<ul class=\"wp-block-list\">\n<li><strong>Dachzelt<\/strong><\/li>\n\n\n\n<li><strong>Matratze<\/strong><\/li>\n\n\n\n<li><strong>Teleskopleiter 2,3m<\/strong><\/li>\n\n\n\n<li><strong>8 mm Meshgewebe<\/strong><\/li>\n\n\n\n<li><strong>Ezi-Organizer f\u00fcr Stauraum<\/strong><\/li>\n<\/ul>\n","protected":false},"excerpt":{"rendered":"<p>Das Sitta 180, ist der gr\u00f6\u00dferen Bruder des Sitta 140, das f\u00fcr drei Personen konzipiert wurde. Mit einem ger\u00e4umigen Bett [&hellip;]<\/p>\n","protected":false},"featured_media":138662,"template":"","meta":{"_uag_custom_page_level_css":"","site-sidebar-layout":"default","site-content-layout":"","ast-site-content-layout":"default","site-content-style":"default","site-sidebar-style":"default","ast-global-header-display":"","ast-banner-title-visibility":"","ast-main-header-display":"","ast-hfb-above-header-display":"","ast-hfb-below-header-display":"","ast-hfb-mobile-header-display":"","site-post-title":"","ast-breadcrumbs-content":"","ast-featured-img":"","footer-sml-layout":"","ast-disable-related-posts":"","theme-transparent-header-meta":"","adv-header-id-meta":"","stick-header-meta":"","header-above-stick-meta":"","header-main-stick-meta":"","header-below-stick-meta":"","astra-migrate-meta-layouts":"default","ast-page-background-enabled":"default","ast-page-background-meta":{"desktop":{"background-color":"var(--ast-global-color-4)","background-image":"","background-repeat":"repeat","background-position":"center center","background-size":"auto","background-attachment":"scroll","background-type":"","background-media":"","overlay-type":"","overlay-color":"","overlay-opacity":"","overlay-gradient":""},"tablet":{"background-color":"","background-image":"","background-repeat":"repeat","background-position":"center center","background-size":"auto","background-attachment":"scroll","background-type":"","background-media":"","overlay-type":"","overlay-color":"","overlay-opacity":"","overlay-gradient":""},"mobile":{"background-color":"","background-image":"","background-repeat":"repeat","background-position":"center center","background-size":"auto","background-attachment":"scroll","background-type":"","background-media":"","overlay-type":"","overlay-color":"","overlay-opacity":"","overlay-gradient":""}},"ast-content-background-meta":{"desktop":{"background-color":"var(--ast-global-color-5)","background-image":"","background-repeat":"repeat","background-position":"center center","background-size":"auto","background-attachment":"scroll","background-type":"","background-media":"","overlay-type":"","overlay-color":"","overlay-opacity":"","overlay-gradient":""},"tablet":{"background-color":"var(--ast-global-color-5)","background-image":"","background-repeat":"repeat","background-position":"center center","background-size":"auto","background-attachment":"scroll","background-type":"","background-media":"","overlay-type":"","overlay-color":"","overlay-opacity":"","overlay-gradient":""},"mobile":{"background-color":"var(--ast-global-color-5)","background-image":"","background-repeat":"repeat","background-position":"center center","background-size":"auto","background-attachment":"scroll","background-type":"","background-media":"","overlay-type":"","overlay-color":"","overlay-opacity":"","overlay-gradient":""}},"_themeisle_gutenberg_block_has_review":false},"product_brand":[],"product_cat":[127],"product_tag":[],"class_list":{"0":"post-138661","1":"product","2":"type-product","3":"status-publish","4":"has-post-thumbnail","6":"product_cat-neue-dachzelte-kaufen","7":"product_shipping_class-dare-to-be-different-dachzelte","8":"desktop-align-left","9":"tablet-align-left","10":"mobile-align-left","11":"ast-product-gallery-layout-vertical-slider","12":"ast-product-tabs-layout-horizontal","14":"first","15":"instock","16":"taxable","17":"shipping-taxable","18":"purchasable","19":"product-type-simple"},"exclude_global_add_ons":false,"addons":[{"name":"Vorzelt","type":"multiple_choice","position":0,"required":false,"title_format":"label","default":"","description_enable":false,"description":"","placeholder_enable":false,"placeholder":"","display":"images","restrictions_type":"any_text","adjust_price":false,"price":"","price_type":"flat_fee","restrictions":false,"min":"0","max":"0","options":[{"label":"Vorzelt 170cm H\u00f6he","price":"1295","price_type":"flat_fee","image":138669,"visibility":true},{"label":"Vorzelt 200cm H\u00f6he","price":"1395","price_type":"flat_fee","image":138669,"visibility":true}],"id":1769010837}],"uagb_featured_image_src":{"full":["https:\/\/dachzeltnomaden.com\/shop\/wp-content\/uploads\/2026\/01\/dachzeltnomaden-shop-dachzelte-dare-to-be-different-sitta-180-kaufen-01.webp",800,450,false],"thumbnail":["https:\/\/dachzeltnomaden.com\/shop\/wp-content\/uploads\/2026\/01\/dachzeltnomaden-shop-dachzelte-dare-to-be-different-sitta-180-kaufen-01-600x450.webp",600,450,true],"medium":["https:\/\/dachzeltnomaden.com\/shop\/wp-content\/uploads\/2026\/01\/dachzeltnomaden-shop-dachzelte-dare-to-be-different-sitta-180-kaufen-01-300x169.webp",300,169,true],"medium_large":["https:\/\/dachzeltnomaden.com\/shop\/wp-content\/uploads\/2026\/01\/dachzeltnomaden-shop-dachzelte-dare-to-be-different-sitta-180-kaufen-01-768x432.webp",768,432,true],"large":["https:\/\/dachzeltnomaden.com\/shop\/wp-content\/uploads\/2026\/01\/dachzeltnomaden-shop-dachzelte-dare-to-be-different-sitta-180-kaufen-01.webp",800,450,false],"1536x1536":["https:\/\/dachzeltnomaden.com\/shop\/wp-content\/uploads\/2026\/01\/dachzeltnomaden-shop-dachzelte-dare-to-be-different-sitta-180-kaufen-01.webp",800,450,false],"2048x2048":["https:\/\/dachzeltnomaden.com\/shop\/wp-content\/uploads\/2026\/01\/dachzeltnomaden-shop-dachzelte-dare-to-be-different-sitta-180-kaufen-01.webp",800,450,false],"woocommerce_thumbnail":["https:\/\/dachzeltnomaden.com\/shop\/wp-content\/uploads\/2026\/01\/dachzeltnomaden-shop-dachzelte-dare-to-be-different-sitta-180-kaufen-01-600x450.webp",600,450,true],"woocommerce_single":["https:\/\/dachzeltnomaden.com\/shop\/wp-content\/uploads\/2026\/01\/dachzeltnomaden-shop-dachzelte-dare-to-be-different-sitta-180-kaufen-01.webp",800,450,false],"woocommerce_gallery_thumbnail":["https:\/\/dachzeltnomaden.com\/shop\/wp-content\/uploads\/2026\/01\/dachzeltnomaden-shop-dachzelte-dare-to-be-different-sitta-180-kaufen-01-100x100.webp",100,100,true]},"uagb_author_info":{"display_name":"admin","author_link":"https:\/\/dachzeltnomaden.com\/shop\/author\/"},"uagb_comment_info":0,"uagb_excerpt":"Das Sitta 180, ist der gr\u00f6\u00dferen Bruder des Sitta 140, das f\u00fcr drei Personen konzipiert wurde. Mit einem ger\u00e4umigen Bett [&hellip;]","_links":{"self":[{"href":"https:\/\/dachzeltnomaden.com\/shop\/wp-json\/wp\/v2\/product\/138661","targetHints":{"allow":["GET"]}}],"collection":[{"href":"https:\/\/dachzeltnomaden.com\/shop\/wp-json\/wp\/v2\/product"}],"about":[{"href":"https:\/\/dachzeltnomaden.com\/shop\/wp-json\/wp\/v2\/types\/product"}],"wp:featuredmedia":[{"embeddable":true,"href":"https:\/\/dachzeltnomaden.com\/shop\/wp-json\/wp\/v2\/media\/138662"}],"wp:attachment":[{"href":"https:\/\/dachzeltnomaden.com\/shop\/wp-json\/wp\/v2\/media?parent=138661"}],"wp:term":[{"taxonomy":"product_brand","embeddable":true,"href":"https:\/\/dachzeltnomaden.com\/shop\/wp-json\/wp\/v2\/product_brand?post=138661"},{"taxonomy":"product_cat","embeddable":true,"href":"https:\/\/dachzeltnomaden.com\/shop\/wp-json\/wp\/v2\/product_cat?post=138661"},{"taxonomy":"product_tag","embeddable":true,"href":"https:\/\/dachzeltnomaden.com\/shop\/wp-json\/wp\/v2\/product_tag?post=138661"}],"curies":[{"name":"wp","href":"https:\/\/api.w.org\/{rel}","templated":true}]}}