{"id":138620,"date":"2026-01-31T05:08:47","date_gmt":"2026-01-31T04:08:47","guid":{"rendered":"https:\/\/dachzeltnomaden.com\/shop\/?post_type=product&#038;p=138620"},"modified":"2026-02-25T11:29:44","modified_gmt":"2026-02-25T10:29:44","slug":"dare-to-be-different-alau-140","status":"publish","type":"product","link":"https:\/\/dachzeltnomaden.com\/shop\/produkt\/dare-to-be-different-alau-140\/","title":{"rendered":"Dare to be Different &#8211; Alau 140"},"content":{"rendered":"\n<p>Das <strong>Alau 140<\/strong> ist der Nachfolger des 140L. Mit einem aktualisierten Design, einer neuen Innenausstattung, einer komfortableren Matratze und drei Dachfenstern, ger\u00e4umigen Seitenfenstern f\u00fcr Licht und Aussicht bietet das <strong>Alau<\/strong> alles, was das 140L so beliebt gemacht hat &#8211; aber mit einem modernen Upgrade. Bereit, dir den Komfort eines Zuhauses zu bieten, wohin auch immer deine Reisen dich f\u00fchrt.<br><br>Schnell aufgebaut, stilvoll gestaltet und immer bereit f\u00fcr die n\u00e4chste Reise.&nbsp;<br><br>Der Alau ist ein &#8220;All Season&#8221;-Dachzelt: Der \u00fcberdachte Einstieg l\u00e4sst dich auch bei Regen trocken ins Dachzelt steigen. Das intelligente Bel\u00fcftungssystem sorgt an hei\u00dfen Tagen f\u00fcr frische Luft, das doppelte Dach und der moderne Innenraum haben eine isolierende Wirkung und eignen sich so auch f\u00fcr k\u00fchlere N\u00e4chte.<br><br>Montiert wird das Alau ganz einfach \u00fcber zwei Bolzen die in eine Schiene gleiten und \u00fcber eine Montageplatte um den Dachtr\u00e4ger geklemmt werden. Auf dein Alau hast du eine Standardgarantie von 2 Jahren.<\/p>\n\n\n\n<h3 class=\"wp-block-heading\">Produktdetails:<\/h3>\n\n\n\n<ul style=\"margin-bottom:30px\" class=\"wp-block-list\">\n<li><strong>Schlafpl\u00e4tze: <\/strong>1-2 Personen<\/li>\n\n\n\n<li><strong>Liegefl\u00e4che: <\/strong>230 x 140 cm<\/li>\n\n\n\n<li><strong>Matratze: <\/strong>6 cm dicke Komfortmatratze aus 3 Schichten<\/li>\n\n\n\n<li><strong>Einstieg:<\/strong> \u00fcberdacht<\/li>\n\n\n\n<li>Alle \u00d6ffnungen sind mit Fliegengittern versehen<\/li>\n\n\n\n<li><strong>Vorzelt: <\/strong>Optional<\/li>\n<\/ul>\n\n\n\n<p style=\"margin-bottom:0px\">Die \u00fcberarbeitete Matratze f\u00fcr das Alu 140 ist in einem 4-Schichten-Aufbau gefertigt.<\/p>\n\n\n\n<div class=\"wp-block-uagb-container uagb-block-4e66eb34 alignwide uagb-is-root-container\">\n<div class=\"wp-block-uagb-container uagb-block-caa1d98c\">\n<div class=\"wp-block-uagb-image uagb-block-3ec805cc wp-block-uagb-image--layout-default wp-block-uagb-image--effect-static wp-block-uagb-image--align-none\"><figure class=\"wp-block-uagb-image__figure\"><img decoding=\"async\" srcset=\"https:\/\/dachzeltnomaden.com\/shop\/wp-content\/uploads\/2026\/01\/dachzeltnomaden-shop-dachzelte-dare-to-be-different-alau-140-kaufen_Matratze-512x512.webp ,https:\/\/dachzeltnomaden.com\/shop\/wp-content\/uploads\/2026\/01\/dachzeltnomaden-shop-dachzelte-dare-to-be-different-alau-140-kaufen_Matratze.webp 780w, https:\/\/dachzeltnomaden.com\/shop\/wp-content\/uploads\/2026\/01\/dachzeltnomaden-shop-dachzelte-dare-to-be-different-alau-140-kaufen_Matratze.webp 360w\" sizes=\"auto, (max-width: 480px) 150px\" src=\"https:\/\/dachzeltnomaden.com\/shop\/wp-content\/uploads\/2026\/01\/dachzeltnomaden-shop-dachzelte-dare-to-be-different-alau-140-kaufen_Matratze-512x512.webp\" alt=\"alau 140 matratze klappdachzelt dare to be different\" class=\"uag-image-138630\" width=\"512\" height=\"512\" title=\"dachzeltnomaden-shop-dachzelte-dare-to-be-different-alau-140--kaufen_Matratze\" loading=\"lazy\" role=\"img\"\/><\/figure><\/div>\n<\/div>\n\n\n\n<div class=\"wp-block-uagb-container uagb-block-1303a11b\">\n<ul class=\"wp-block-list\">\n<li>Die oberste Schicht besteht aus einem k\u00fchlenden, mit Gel infundierten Memory-Schaum, der sich perfekt an den K\u00f6rper anpasst.<\/li>\n\n\n\n<li>Darunter befinden sich zwei Schichten hochwertigen HR-Schaums mit unterschiedlicher Festigkeit, die zusammen f\u00fcr ein optimales Gleichgewicht zwischen St\u00fctzkraft und Elastizit\u00e4t sorgen.<\/li>\n\n\n\n<li>Eine atmungsaktive Mesh-Basisschicht f\u00f6rdert die Luftzirkulation und verhindert die Ansammlung von W\u00e4rme oder Feuchtigkeit.<\/li>\n<\/ul>\n\n\n\n<p style=\"margin-bottom:0px\">Der luxuri\u00f6se Matratzenbezug ist mit einer weichen Velours-Oberfl\u00e4che und einer atmungsaktiven Unterseite versehen, was das Ganze nicht nur bequem, sondern auch langlebig macht.<\/p>\n<\/div>\n<\/div>\n\n\n\n<h3 class=\"wp-block-heading\">Technische Daten:<\/h3>\n\n\n\n<ul class=\"wp-block-list\">\n<li><strong>Liegefl\u00e4che:&nbsp;<\/strong>230 x 140 cm<\/li>\n\n\n\n<li><strong>Zeltgr\u00f6\u00dfe aufgeklappt:&nbsp;<\/strong>310 x 143 x 126 cm<\/li>\n\n\n\n<li><strong>Innenh\u00f6he:<\/strong> 120 cm<\/li>\n\n\n\n<li><strong>Transportgr\u00f6\u00dfe:&nbsp;<\/strong>150 x 125 x 38 cm<\/li>\n\n\n\n<li><strong>Gewicht: <\/strong>64kg<\/li>\n\n\n\n<li><strong>Zeltstoff:<\/strong> 300g Canvas (35% Baumwolle\/65% Polyester) mit PU-Beschichtung, wasserdicht bis zu 2.500 mm, Ripstop und UV-best\u00e4ndig.<\/li>\n\n\n\n<li><strong>Flytop:<\/strong> 420D 100% Polyester Oxford mit PU-Beschichtung, wasserdicht bis zu 2.500 mm, Ripstop und UV-best\u00e4ndig<\/li>\n\n\n\n<li><strong>Transportabdeckung: <\/strong>PVC (1200D-680g), N\u00e4hte hochfrequenzverschwei\u00dft<\/li>\n\n\n\n<li><strong>Bodenplatte:<\/strong> Superstabile Bodenplatte aus Wabenstruktur<\/li>\n<\/ul>\n\n\n\n<h3 class=\"wp-block-heading\">Lieferumfang:<\/h3>\n\n\n\n<ul class=\"wp-block-list\">\n<li><strong>Dachzelt<\/strong><\/li>\n\n\n\n<li><strong>Teleskopleiter 2,3 m<\/strong><\/li>\n\n\n\n<li><strong>Matratze<\/strong><\/li>\n\n\n\n<li><strong>1 cm Anti-Kondensationsmatratze<\/strong><\/li>\n<\/ul>\n","protected":false},"excerpt":{"rendered":"<p>Das Alau 140 ist der Nachfolger des 140L. Mit einem aktualisierten Design, einer neuen Innenausstattung, einer komfortableren Matratze und drei [&hellip;]<\/p>\n","protected":false},"featured_media":138628,"template":"","meta":{"_uag_custom_page_level_css":"","site-sidebar-layout":"default","site-content-layout":"","ast-site-content-layout":"default","site-content-style":"default","site-sidebar-style":"default","ast-global-header-display":"","ast-banner-title-visibility":"","ast-main-header-display":"","ast-hfb-above-header-display":"","ast-hfb-below-header-display":"","ast-hfb-mobile-header-display":"","site-post-title":"","ast-breadcrumbs-content":"","ast-featured-img":"","footer-sml-layout":"","ast-disable-related-posts":"","theme-transparent-header-meta":"","adv-header-id-meta":"","stick-header-meta":"","header-above-stick-meta":"","header-main-stick-meta":"","header-below-stick-meta":"","astra-migrate-meta-layouts":"default","ast-page-background-enabled":"default","ast-page-background-meta":{"desktop":{"background-color":"var(--ast-global-color-4)","background-image":"","background-repeat":"repeat","background-position":"center center","background-size":"auto","background-attachment":"scroll","background-type":"","background-media":"","overlay-type":"","overlay-color":"","overlay-opacity":"","overlay-gradient":""},"tablet":{"background-color":"","background-image":"","background-repeat":"repeat","background-position":"center center","background-size":"auto","background-attachment":"scroll","background-type":"","background-media":"","overlay-type":"","overlay-color":"","overlay-opacity":"","overlay-gradient":""},"mobile":{"background-color":"","background-image":"","background-repeat":"repeat","background-position":"center center","background-size":"auto","background-attachment":"scroll","background-type":"","background-media":"","overlay-type":"","overlay-color":"","overlay-opacity":"","overlay-gradient":""}},"ast-content-background-meta":{"desktop":{"background-color":"var(--ast-global-color-5)","background-image":"","background-repeat":"repeat","background-position":"center center","background-size":"auto","background-attachment":"scroll","background-type":"","background-media":"","overlay-type":"","overlay-color":"","overlay-opacity":"","overlay-gradient":""},"tablet":{"background-color":"var(--ast-global-color-5)","background-image":"","background-repeat":"repeat","background-position":"center center","background-size":"auto","background-attachment":"scroll","background-type":"","background-media":"","overlay-type":"","overlay-color":"","overlay-opacity":"","overlay-gradient":""},"mobile":{"background-color":"var(--ast-global-color-5)","background-image":"","background-repeat":"repeat","background-position":"center center","background-size":"auto","background-attachment":"scroll","background-type":"","background-media":"","overlay-type":"","overlay-color":"","overlay-opacity":"","overlay-gradient":""}},"_themeisle_gutenberg_block_has_review":false},"product_brand":[],"product_cat":[127],"product_tag":[],"class_list":{"0":"post-138620","1":"product","2":"type-product","3":"status-publish","4":"has-post-thumbnail","6":"product_cat-neue-dachzelte-kaufen","7":"product_shipping_class-dare-to-be-different-dachzelte","8":"desktop-align-left","9":"tablet-align-left","10":"mobile-align-left","11":"ast-product-gallery-layout-vertical-slider","12":"ast-product-single-variable","13":"ast-product-tabs-layout-horizontal","15":"first","16":"instock","17":"taxable","18":"shipping-taxable","19":"purchasable","20":"product-type-variable"},"exclude_global_add_ons":false,"addons":[{"name":"Vorzelt","type":"multiple_choice","position":0,"required":false,"title_format":"label","default":"","description_enable":false,"description":"","placeholder_enable":false,"placeholder":"","display":"images","restrictions_type":"any_text","adjust_price":false,"price":"","price_type":"flat_fee","restrictions":false,"min":"0","max":"0","options":[{"label":"Vorzelt beige 170cm H\u00f6he","price":"650","price_type":"flat_fee","image":138636,"visibility":true},{"label":"Vorzelt gr\u00fcn 170cm H\u00f6he","price":"650","price_type":"flat_fee","image":138637,"visibility":true},{"label":"Vorzelt beige 200cm H\u00f6he","price":"760","price_type":"flat_fee","image":138636,"visibility":true},{"label":"Vorzelt gr\u00fcn 200cm H\u00f6he","price":"760","price_type":"flat_fee","image":138637,"visibility":true}],"id":1769010837}],"uagb_featured_image_src":{"full":["https:\/\/dachzeltnomaden.com\/shop\/wp-content\/uploads\/2026\/01\/dachzeltnomaden-shop-dachzelte-dare-to-be-different-alau-140-gruen-kaufen.webp",800,800,false],"thumbnail":["https:\/\/dachzeltnomaden.com\/shop\/wp-content\/uploads\/2026\/01\/dachzeltnomaden-shop-dachzelte-dare-to-be-different-alau-140-gruen-kaufen-600x600.webp",600,600,true],"medium":["https:\/\/dachzeltnomaden.com\/shop\/wp-content\/uploads\/2026\/01\/dachzeltnomaden-shop-dachzelte-dare-to-be-different-alau-140-gruen-kaufen-300x300.webp",300,300,true],"medium_large":["https:\/\/dachzeltnomaden.com\/shop\/wp-content\/uploads\/2026\/01\/dachzeltnomaden-shop-dachzelte-dare-to-be-different-alau-140-gruen-kaufen-768x768.webp",768,768,true],"large":["https:\/\/dachzeltnomaden.com\/shop\/wp-content\/uploads\/2026\/01\/dachzeltnomaden-shop-dachzelte-dare-to-be-different-alau-140-gruen-kaufen-512x512.webp",512,512,true],"1536x1536":["https:\/\/dachzeltnomaden.com\/shop\/wp-content\/uploads\/2026\/01\/dachzeltnomaden-shop-dachzelte-dare-to-be-different-alau-140-gruen-kaufen.webp",800,800,false],"2048x2048":["https:\/\/dachzeltnomaden.com\/shop\/wp-content\/uploads\/2026\/01\/dachzeltnomaden-shop-dachzelte-dare-to-be-different-alau-140-gruen-kaufen.webp",800,800,false],"woocommerce_thumbnail":["https:\/\/dachzeltnomaden.com\/shop\/wp-content\/uploads\/2026\/01\/dachzeltnomaden-shop-dachzelte-dare-to-be-different-alau-140-gruen-kaufen-600x600.webp",600,600,true],"woocommerce_single":["https:\/\/dachzeltnomaden.com\/shop\/wp-content\/uploads\/2026\/01\/dachzeltnomaden-shop-dachzelte-dare-to-be-different-alau-140-gruen-kaufen.webp",800,800,false],"woocommerce_gallery_thumbnail":["https:\/\/dachzeltnomaden.com\/shop\/wp-content\/uploads\/2026\/01\/dachzeltnomaden-shop-dachzelte-dare-to-be-different-alau-140-gruen-kaufen-100x100.webp",100,100,true]},"uagb_author_info":{"display_name":"admin","author_link":"https:\/\/dachzeltnomaden.com\/shop\/author\/"},"uagb_comment_info":0,"uagb_excerpt":"Das Alau 140 ist der Nachfolger des 140L. Mit einem aktualisierten Design, einer neuen Innenausstattung, einer komfortableren Matratze und drei [&hellip;]","_links":{"self":[{"href":"https:\/\/dachzeltnomaden.com\/shop\/wp-json\/wp\/v2\/product\/138620","targetHints":{"allow":["GET"]}}],"collection":[{"href":"https:\/\/dachzeltnomaden.com\/shop\/wp-json\/wp\/v2\/product"}],"about":[{"href":"https:\/\/dachzeltnomaden.com\/shop\/wp-json\/wp\/v2\/types\/product"}],"wp:featuredmedia":[{"embeddable":true,"href":"https:\/\/dachzeltnomaden.com\/shop\/wp-json\/wp\/v2\/media\/138628"}],"wp:attachment":[{"href":"https:\/\/dachzeltnomaden.com\/shop\/wp-json\/wp\/v2\/media?parent=138620"}],"wp:term":[{"taxonomy":"product_brand","embeddable":true,"href":"https:\/\/dachzeltnomaden.com\/shop\/wp-json\/wp\/v2\/product_brand?post=138620"},{"taxonomy":"product_cat","embeddable":true,"href":"https:\/\/dachzeltnomaden.com\/shop\/wp-json\/wp\/v2\/product_cat?post=138620"},{"taxonomy":"product_tag","embeddable":true,"href":"https:\/\/dachzeltnomaden.com\/shop\/wp-json\/wp\/v2\/product_tag?post=138620"}],"curies":[{"name":"wp","href":"https:\/\/api.w.org\/{rel}","templated":true}]}}