{"id":138389,"date":"2026-01-24T04:33:20","date_gmt":"2026-01-24T03:33:20","guid":{"rendered":"https:\/\/dachzeltnomaden.com\/shop\/?post_type=product&#038;p=138389"},"modified":"2026-01-26T15:50:57","modified_gmt":"2026-01-26T14:50:57","slug":"3d-mesh-matratzenunterlage","status":"publish","type":"product","link":"https:\/\/dachzeltnomaden.com\/shop\/produkt\/3d-mesh-matratzenunterlage\/","title":{"rendered":"3D-Mesh Matratzen-unterlage"},"content":{"rendered":"\n<p>Das 3D Mesh wird unter deiner Dachzelt-Matratze platziert und verbessert das Schlafklima sp\u00fcrbar. Es sorgt f\u00fcr eine kontinuierliche Luftzirkulation unter der Matratze, sodass sich Feuchtigkeit nicht sammeln oder festsetzen kann \u2013 besonders wichtig bei k\u00fchlen N\u00e4chten oder hoher Luftfeuchtigkeit. Zus\u00e4tzlich bietet das 3D-Mesh eine leichte Polsterung f\u00fcr mehr Liegekomfort und wirkt als isolierende Schicht gegen K\u00e4lte von unten. Eine einfache, aber wirkungsvolle Erg\u00e4nzung f\u00fcr erholsamen Schlaf im Dachzelt.<br><br>Passend f\u00fcr Dachzelte mit 140 x 240 cm Liegefl\u00e4che (koru S).<\/p>\n\n\n\n<h3 class=\"wp-block-heading\">Technische Daten<\/h3>\n\n\n\n<ul style=\"margin-bottom:30px\" class=\"wp-block-list\">\n<li>Unterst\u00fctzt die Luftzirkulation unter der Matratze<\/li>\n\n\n\n<li>Reduziert Feuchtigkeitsbildung<\/li>\n\n\n\n<li>Zus\u00e4tzliche Polsterung f\u00fcr mehr Komfort<\/li>\n\n\n\n<li>Isoliert gegen K\u00e4lte von unten<\/li>\n<\/ul>\n\n\n\n<h3 class=\"wp-block-heading\">Lieferumfang<\/h3>\n\n\n\n<ul class=\"wp-block-list\">\n<li>2 Zuschnitte f\u00fcr beide Zeltseiten mit Klebeband<\/li>\n\n\n\n<li>Passend f\u00fcr Dachzelte mit einer Liegefl\u00e4che von 140 x 240 cm<\/li>\n<\/ul>\n","protected":false},"excerpt":{"rendered":"<p>Das 3D Mesh wird unter deiner Dachzelt-Matratze platziert und verbessert das Schlafklima sp\u00fcrbar. Es sorgt f\u00fcr eine kontinuierliche Luftzirkulation unter [&hellip;]<\/p>\n","protected":false},"featured_media":138390,"template":"","meta":{"_uag_custom_page_level_css":"","site-sidebar-layout":"default","site-content-layout":"","ast-site-content-layout":"default","site-content-style":"default","site-sidebar-style":"default","ast-global-header-display":"","ast-banner-title-visibility":"","ast-main-header-display":"","ast-hfb-above-header-display":"","ast-hfb-below-header-display":"","ast-hfb-mobile-header-display":"","site-post-title":"","ast-breadcrumbs-content":"","ast-featured-img":"","footer-sml-layout":"","ast-disable-related-posts":"","theme-transparent-header-meta":"","adv-header-id-meta":"","stick-header-meta":"","header-above-stick-meta":"","header-main-stick-meta":"","header-below-stick-meta":"","astra-migrate-meta-layouts":"default","ast-page-background-enabled":"default","ast-page-background-meta":{"desktop":{"background-color":"var(--ast-global-color-4)","background-image":"","background-repeat":"repeat","background-position":"center center","background-size":"auto","background-attachment":"scroll","background-type":"","background-media":"","overlay-type":"","overlay-color":"","overlay-opacity":"","overlay-gradient":""},"tablet":{"background-color":"","background-image":"","background-repeat":"repeat","background-position":"center center","background-size":"auto","background-attachment":"scroll","background-type":"","background-media":"","overlay-type":"","overlay-color":"","overlay-opacity":"","overlay-gradient":""},"mobile":{"background-color":"","background-image":"","background-repeat":"repeat","background-position":"center center","background-size":"auto","background-attachment":"scroll","background-type":"","background-media":"","overlay-type":"","overlay-color":"","overlay-opacity":"","overlay-gradient":""}},"ast-content-background-meta":{"desktop":{"background-color":"var(--ast-global-color-5)","background-image":"","background-repeat":"repeat","background-position":"center center","background-size":"auto","background-attachment":"scroll","background-type":"","background-media":"","overlay-type":"","overlay-color":"","overlay-opacity":"","overlay-gradient":""},"tablet":{"background-color":"var(--ast-global-color-5)","background-image":"","background-repeat":"repeat","background-position":"center center","background-size":"auto","background-attachment":"scroll","background-type":"","background-media":"","overlay-type":"","overlay-color":"","overlay-opacity":"","overlay-gradient":""},"mobile":{"background-color":"var(--ast-global-color-5)","background-image":"","background-repeat":"repeat","background-position":"center center","background-size":"auto","background-attachment":"scroll","background-type":"","background-media":"","overlay-type":"","overlay-color":"","overlay-opacity":"","overlay-gradient":""}},"_themeisle_gutenberg_block_has_review":false},"product_brand":[],"product_cat":[127],"product_tag":[],"class_list":{"0":"post-138389","1":"product","2":"type-product","3":"status-publish","4":"has-post-thumbnail","6":"product_cat-neue-dachzelte-kaufen","7":"desktop-align-left","8":"tablet-align-left","9":"mobile-align-left","10":"ast-product-gallery-layout-vertical-slider","11":"ast-product-gallery-with-no-image","12":"ast-product-tabs-layout-horizontal","14":"first","15":"instock","16":"taxable","17":"shipping-taxable","18":"purchasable","19":"product-type-simple"},"exclude_global_add_ons":[],"addons":[],"uagb_featured_image_src":{"full":["https:\/\/dachzeltnomaden.com\/shop\/wp-content\/uploads\/2026\/01\/dachzeltnomaden-punii-dachzelte-zubehoer-3d-mesh-matratzenunterlagekaufen.webp",800,599,false],"thumbnail":["https:\/\/dachzeltnomaden.com\/shop\/wp-content\/uploads\/2026\/01\/dachzeltnomaden-punii-dachzelte-zubehoer-3d-mesh-matratzenunterlagekaufen-600x599.webp",600,599,true],"medium":["https:\/\/dachzeltnomaden.com\/shop\/wp-content\/uploads\/2026\/01\/dachzeltnomaden-punii-dachzelte-zubehoer-3d-mesh-matratzenunterlagekaufen-300x225.webp",300,225,true],"medium_large":["https:\/\/dachzeltnomaden.com\/shop\/wp-content\/uploads\/2026\/01\/dachzeltnomaden-punii-dachzelte-zubehoer-3d-mesh-matratzenunterlagekaufen-768x575.webp",768,575,true],"large":["https:\/\/dachzeltnomaden.com\/shop\/wp-content\/uploads\/2026\/01\/dachzeltnomaden-punii-dachzelte-zubehoer-3d-mesh-matratzenunterlagekaufen-684x512.webp",684,512,true],"1536x1536":["https:\/\/dachzeltnomaden.com\/shop\/wp-content\/uploads\/2026\/01\/dachzeltnomaden-punii-dachzelte-zubehoer-3d-mesh-matratzenunterlagekaufen.webp",800,599,false],"2048x2048":["https:\/\/dachzeltnomaden.com\/shop\/wp-content\/uploads\/2026\/01\/dachzeltnomaden-punii-dachzelte-zubehoer-3d-mesh-matratzenunterlagekaufen.webp",800,599,false],"woocommerce_thumbnail":["https:\/\/dachzeltnomaden.com\/shop\/wp-content\/uploads\/2026\/01\/dachzeltnomaden-punii-dachzelte-zubehoer-3d-mesh-matratzenunterlagekaufen-600x599.webp",600,599,true],"woocommerce_single":["https:\/\/dachzeltnomaden.com\/shop\/wp-content\/uploads\/2026\/01\/dachzeltnomaden-punii-dachzelte-zubehoer-3d-mesh-matratzenunterlagekaufen.webp",800,599,false],"woocommerce_gallery_thumbnail":["https:\/\/dachzeltnomaden.com\/shop\/wp-content\/uploads\/2026\/01\/dachzeltnomaden-punii-dachzelte-zubehoer-3d-mesh-matratzenunterlagekaufen-100x100.webp",100,100,true]},"uagb_author_info":{"display_name":"Jasmine","author_link":"https:\/\/dachzeltnomaden.com\/shop\/author\/"},"uagb_comment_info":0,"uagb_excerpt":"Das 3D Mesh wird unter deiner Dachzelt-Matratze platziert und verbessert das Schlafklima sp\u00fcrbar. Es sorgt f\u00fcr eine kontinuierliche Luftzirkulation unter [&hellip;]","_links":{"self":[{"href":"https:\/\/dachzeltnomaden.com\/shop\/wp-json\/wp\/v2\/product\/138389","targetHints":{"allow":["GET"]}}],"collection":[{"href":"https:\/\/dachzeltnomaden.com\/shop\/wp-json\/wp\/v2\/product"}],"about":[{"href":"https:\/\/dachzeltnomaden.com\/shop\/wp-json\/wp\/v2\/types\/product"}],"wp:featuredmedia":[{"embeddable":true,"href":"https:\/\/dachzeltnomaden.com\/shop\/wp-json\/wp\/v2\/media\/138390"}],"wp:attachment":[{"href":"https:\/\/dachzeltnomaden.com\/shop\/wp-json\/wp\/v2\/media?parent=138389"}],"wp:term":[{"taxonomy":"product_brand","embeddable":true,"href":"https:\/\/dachzeltnomaden.com\/shop\/wp-json\/wp\/v2\/product_brand?post=138389"},{"taxonomy":"product_cat","embeddable":true,"href":"https:\/\/dachzeltnomaden.com\/shop\/wp-json\/wp\/v2\/product_cat?post=138389"},{"taxonomy":"product_tag","embeddable":true,"href":"https:\/\/dachzeltnomaden.com\/shop\/wp-json\/wp\/v2\/product_tag?post=138389"}],"curies":[{"name":"wp","href":"https:\/\/api.w.org\/{rel}","templated":true}]}}