{"id":138382,"date":"2026-01-24T04:18:39","date_gmt":"2026-01-24T03:18:39","guid":{"rendered":"https:\/\/dachzeltnomaden.com\/shop\/?post_type=product&#038;p=138382"},"modified":"2026-01-24T04:26:52","modified_gmt":"2026-01-24T03:26:52","slug":"lichtband-fuer-dachzelt-und-markisen","status":"publish","type":"product","link":"https:\/\/dachzeltnomaden.com\/shop\/produkt\/lichtband-fuer-dachzelt-und-markisen\/","title":{"rendered":"Lichtband f\u00fcr Dachzelt und Markisen"},"content":{"rendered":"\n<p>Flexibles Licht f\u00fcr drinnen und drau\u00dfen.<br><br>Das 150 cm lange LED Lichtband sorgt genau dort f\u00fcr angenehme Beleuchtung, wo du sie brauchst \u2013 im Dachzelt, unter der Markise oder \u00fcberall rund ums Camp. Es wird bequem per Powerbank betrieben und bleibt damit unabh\u00e4ngig von festen Stromquellen.<br><br>Das Lichtband steckt in einer robusten H\u00fclle mit integrierten Klettb\u00e4ndern. So kannst du es ganz flexibel an Zeltstreben, Markisenarmen oder anderen passenden Stellen befestigen \u2013 schnell, unkompliziert und ohne Umbau.<br><br>Mit drei Lichtmodi und Dimmfunktion passt du die Helligkeit jederzeit an: helles Licht zum Packen oder sanftes Licht f\u00fcr entspannte Abende.<\/p>\n\n\n\n<h3 class=\"wp-block-heading\">Technische Daten<\/h3>\n\n\n\n<ul style=\"margin-bottom:30px\" class=\"wp-block-list\">\n<li>L\u00e4nge:\u00a0150 cm<\/li>\n\n\n\n<li>Stromversorgung:\u00a0Powerbank (USB)<\/li>\n\n\n\n<li>Lichtmodi: 3<\/li>\n\n\n\n<li>Dimmfunktion: ja<\/li>\n\n\n\n<li>In H\u00fclle mit integrierten Klettb\u00e4ndern<\/li>\n<\/ul>\n\n\n\n<h3 class=\"wp-block-heading\">Lieferumfang<\/h3>\n\n\n\n<ul class=\"wp-block-list\">\n<li>1 Lichtband mit USB-A Anschluss<\/li>\n\n\n\n<li>Passend f\u00fcr Dachzelte mit Gest\u00e4nde, Markisen, Camping<\/li>\n<\/ul>\n","protected":false},"excerpt":{"rendered":"<p>Flexibles Licht f\u00fcr drinnen und drau\u00dfen. Das 150 cm lange LED Lichtband sorgt genau dort f\u00fcr angenehme Beleuchtung, wo du [&hellip;]<\/p>\n","protected":false},"featured_media":138336,"template":"","meta":{"_uag_custom_page_level_css":"","site-sidebar-layout":"default","site-content-layout":"","ast-site-content-layout":"default","site-content-style":"default","site-sidebar-style":"default","ast-global-header-display":"","ast-banner-title-visibility":"","ast-main-header-display":"","ast-hfb-above-header-display":"","ast-hfb-below-header-display":"","ast-hfb-mobile-header-display":"","site-post-title":"","ast-breadcrumbs-content":"","ast-featured-img":"","footer-sml-layout":"","ast-disable-related-posts":"","theme-transparent-header-meta":"","adv-header-id-meta":"","stick-header-meta":"","header-above-stick-meta":"","header-main-stick-meta":"","header-below-stick-meta":"","astra-migrate-meta-layouts":"default","ast-page-background-enabled":"default","ast-page-background-meta":{"desktop":{"background-color":"var(--ast-global-color-4)","background-image":"","background-repeat":"repeat","background-position":"center center","background-size":"auto","background-attachment":"scroll","background-type":"","background-media":"","overlay-type":"","overlay-color":"","overlay-opacity":"","overlay-gradient":""},"tablet":{"background-color":"","background-image":"","background-repeat":"repeat","background-position":"center center","background-size":"auto","background-attachment":"scroll","background-type":"","background-media":"","overlay-type":"","overlay-color":"","overlay-opacity":"","overlay-gradient":""},"mobile":{"background-color":"","background-image":"","background-repeat":"repeat","background-position":"center center","background-size":"auto","background-attachment":"scroll","background-type":"","background-media":"","overlay-type":"","overlay-color":"","overlay-opacity":"","overlay-gradient":""}},"ast-content-background-meta":{"desktop":{"background-color":"var(--ast-global-color-5)","background-image":"","background-repeat":"repeat","background-position":"center center","background-size":"auto","background-attachment":"scroll","background-type":"","background-media":"","overlay-type":"","overlay-color":"","overlay-opacity":"","overlay-gradient":""},"tablet":{"background-color":"var(--ast-global-color-5)","background-image":"","background-repeat":"repeat","background-position":"center center","background-size":"auto","background-attachment":"scroll","background-type":"","background-media":"","overlay-type":"","overlay-color":"","overlay-opacity":"","overlay-gradient":""},"mobile":{"background-color":"var(--ast-global-color-5)","background-image":"","background-repeat":"repeat","background-position":"center center","background-size":"auto","background-attachment":"scroll","background-type":"","background-media":"","overlay-type":"","overlay-color":"","overlay-opacity":"","overlay-gradient":""}},"_themeisle_gutenberg_block_has_review":false},"product_brand":[],"product_cat":[127],"product_tag":[],"class_list":{"0":"post-138382","1":"product","2":"type-product","3":"status-publish","4":"has-post-thumbnail","6":"product_cat-neue-dachzelte-kaufen","7":"desktop-align-left","8":"tablet-align-left","9":"mobile-align-left","10":"ast-product-gallery-layout-vertical-slider","11":"ast-product-tabs-layout-horizontal","13":"first","14":"instock","15":"taxable","16":"shipping-taxable","17":"purchasable","18":"product-type-simple"},"exclude_global_add_ons":[],"addons":[],"uagb_featured_image_src":{"full":["https:\/\/dachzeltnomaden.com\/shop\/wp-content\/uploads\/2026\/01\/dachzeltnomaden-shop-dachzelte-punii-koru-s-zubehoer-led-lichtkette-kaufen.webp",800,640,false],"thumbnail":["https:\/\/dachzeltnomaden.com\/shop\/wp-content\/uploads\/2026\/01\/dachzeltnomaden-shop-dachzelte-punii-koru-s-zubehoer-led-lichtkette-kaufen-600x600.webp",600,600,true],"medium":["https:\/\/dachzeltnomaden.com\/shop\/wp-content\/uploads\/2026\/01\/dachzeltnomaden-shop-dachzelte-punii-koru-s-zubehoer-led-lichtkette-kaufen-300x240.webp",300,240,true],"medium_large":["https:\/\/dachzeltnomaden.com\/shop\/wp-content\/uploads\/2026\/01\/dachzeltnomaden-shop-dachzelte-punii-koru-s-zubehoer-led-lichtkette-kaufen-768x614.webp",768,614,true],"large":["https:\/\/dachzeltnomaden.com\/shop\/wp-content\/uploads\/2026\/01\/dachzeltnomaden-shop-dachzelte-punii-koru-s-zubehoer-led-lichtkette-kaufen-640x512.webp",640,512,true],"1536x1536":["https:\/\/dachzeltnomaden.com\/shop\/wp-content\/uploads\/2026\/01\/dachzeltnomaden-shop-dachzelte-punii-koru-s-zubehoer-led-lichtkette-kaufen.webp",800,640,false],"2048x2048":["https:\/\/dachzeltnomaden.com\/shop\/wp-content\/uploads\/2026\/01\/dachzeltnomaden-shop-dachzelte-punii-koru-s-zubehoer-led-lichtkette-kaufen.webp",800,640,false],"woocommerce_thumbnail":["https:\/\/dachzeltnomaden.com\/shop\/wp-content\/uploads\/2026\/01\/dachzeltnomaden-shop-dachzelte-punii-koru-s-zubehoer-led-lichtkette-kaufen-600x600.webp",600,600,true],"woocommerce_single":["https:\/\/dachzeltnomaden.com\/shop\/wp-content\/uploads\/2026\/01\/dachzeltnomaden-shop-dachzelte-punii-koru-s-zubehoer-led-lichtkette-kaufen.webp",800,640,false],"woocommerce_gallery_thumbnail":["https:\/\/dachzeltnomaden.com\/shop\/wp-content\/uploads\/2026\/01\/dachzeltnomaden-shop-dachzelte-punii-koru-s-zubehoer-led-lichtkette-kaufen-100x100.webp",100,100,true]},"uagb_author_info":{"display_name":"Jasmine","author_link":"https:\/\/dachzeltnomaden.com\/shop\/author\/"},"uagb_comment_info":0,"uagb_excerpt":"Flexibles Licht f\u00fcr drinnen und drau\u00dfen. Das 150 cm lange LED Lichtband sorgt genau dort f\u00fcr angenehme Beleuchtung, wo du [&hellip;]","_links":{"self":[{"href":"https:\/\/dachzeltnomaden.com\/shop\/wp-json\/wp\/v2\/product\/138382","targetHints":{"allow":["GET"]}}],"collection":[{"href":"https:\/\/dachzeltnomaden.com\/shop\/wp-json\/wp\/v2\/product"}],"about":[{"href":"https:\/\/dachzeltnomaden.com\/shop\/wp-json\/wp\/v2\/types\/product"}],"wp:featuredmedia":[{"embeddable":true,"href":"https:\/\/dachzeltnomaden.com\/shop\/wp-json\/wp\/v2\/media\/138336"}],"wp:attachment":[{"href":"https:\/\/dachzeltnomaden.com\/shop\/wp-json\/wp\/v2\/media?parent=138382"}],"wp:term":[{"taxonomy":"product_brand","embeddable":true,"href":"https:\/\/dachzeltnomaden.com\/shop\/wp-json\/wp\/v2\/product_brand?post=138382"},{"taxonomy":"product_cat","embeddable":true,"href":"https:\/\/dachzeltnomaden.com\/shop\/wp-json\/wp\/v2\/product_cat?post=138382"},{"taxonomy":"product_tag","embeddable":true,"href":"https:\/\/dachzeltnomaden.com\/shop\/wp-json\/wp\/v2\/product_tag?post=138382"}],"curies":[{"name":"wp","href":"https:\/\/api.w.org\/{rel}","templated":true}]}}