{"id":133405,"date":"2025-10-30T12:38:58","date_gmt":"2025-10-30T11:38:58","guid":{"rendered":"https:\/\/dachzeltnomaden.com\/shop\/?post_type=product&#038;p=133405"},"modified":"2026-03-13T09:06:13","modified_gmt":"2026-03-13T08:06:13","slug":"wahi-moenga-vorzeltverlaengerung","status":"publish","type":"product","link":"https:\/\/dachzeltnomaden.com\/shop\/produkt\/wahi-moenga-vorzeltverlaengerung\/","title":{"rendered":"Vorzelt-verl\u00e4ngerung"},"content":{"rendered":"\n<p>Die Vorzelterweiterung wahi+ erm\u00f6glicht eine einfache und schnelle Verl\u00e4ngerung f\u00fcr das Vorzelt wahi moenga, ideal f\u00fcr h\u00f6here Fahrzeuge wie Vans, SUVs und Transporter. Sie wird einfach mit einem Rei\u00dfverschluss angebracht und bietet zus\u00e4tzlichen Schutz vor Wind und Wetter.<\/p>\n\n\n\n<h3 class=\"wp-block-heading\">Besondere Features<\/h3>\n\n\n\n<ul class=\"wp-block-list\">\n<li>Einfache Installation mit Rei\u00dfverschluss<\/li>\n\n\n\n<li>Ideal f\u00fcr h\u00f6here Fahrzeuge wie Vans, SUVs und Transporter<\/li>\n\n\n\n<li>Erh\u00f6ht den Komfort durch mehr Platz unter dem Vorzelt<\/li>\n<\/ul>\n\n\n\n<h3 class=\"wp-block-heading\">Produktdetails<\/h3>\n\n\n\n<ul class=\"wp-block-list\">\n<li><strong>Befestigungssystem:<\/strong> Reissverschluss<\/li>\n<\/ul>\n\n\n\n<h3 class=\"wp-block-heading\">Technische Daten<\/h3>\n\n\n\n<figure class=\"wp-block-table is-style-regular\"><table class=\"has-fixed-layout\"><thead><tr><th><\/th><th>wahi + moenga S<br>Vorzeltverl\u00e4ngerung<\/th><th>wahi + moenga M<br>Vorzeltverl\u00e4ngerung<\/th><th>wahi + moenga L<br>Vorzeltverl\u00e4ngerung<\/th><th>wahi + moenga XL<br>Vorzeltverl\u00e4ngerung<\/th><\/tr><\/thead><tbody><tr><td><strong>Gewicht<\/strong><\/td><td>1,2 kg<\/td><td>1,4 kg<\/td><td>1,6 kg<\/td><td>1,9 kg<\/td><\/tr><tr><td><strong>Zeltstoff<\/strong><\/td><td>420D Rip-Stop Polyester Oxford, 2500 mm Wassers\u00e4ule, Schimmelresistent<\/td><td>420D Rip-Stop Polyester Oxford, 2500 mm Wassers\u00e4ule, Schimmelresistent<\/td><td>420D Rip-Stop Polyester Oxford, 2500 mm Wassers\u00e4ule, Schimmelresistent<\/td><td>420D Rip-Stop Polyester Oxford, 2500 mm Wassers\u00e4ule, Schimmelresistent<\/td><\/tr><\/tbody><\/table><\/figure>\n\n\n\n<h3 class=\"wp-block-heading\">Lieferumfang<\/h3>\n\n\n\n<ul class=\"wp-block-list\">\n<li>Vorzelterweiterung<\/li>\n<\/ul>\n","protected":false},"excerpt":{"rendered":"<p>Die Vorzelterweiterung wahi+ erm\u00f6glicht eine einfache und schnelle Verl\u00e4ngerung f\u00fcr das Vorzelt wahi moenga, ideal f\u00fcr h\u00f6here Fahrzeuge wie Vans, [&hellip;]<\/p>\n","protected":false},"featured_media":133313,"template":"","meta":{"_uag_custom_page_level_css":"","site-sidebar-layout":"default","site-content-layout":"","ast-site-content-layout":"default","site-content-style":"default","site-sidebar-style":"default","ast-global-header-display":"","ast-banner-title-visibility":"","ast-main-header-display":"","ast-hfb-above-header-display":"","ast-hfb-below-header-display":"","ast-hfb-mobile-header-display":"","site-post-title":"","ast-breadcrumbs-content":"","ast-featured-img":"","footer-sml-layout":"","ast-disable-related-posts":"","theme-transparent-header-meta":"","adv-header-id-meta":"","stick-header-meta":"","header-above-stick-meta":"","header-main-stick-meta":"","header-below-stick-meta":"","astra-migrate-meta-layouts":"default","ast-page-background-enabled":"default","ast-page-background-meta":{"desktop":{"background-color":"var(--ast-global-color-4)","background-image":"","background-repeat":"repeat","background-position":"center center","background-size":"auto","background-attachment":"scroll","background-type":"","background-media":"","overlay-type":"","overlay-color":"","overlay-opacity":"","overlay-gradient":""},"tablet":{"background-color":"","background-image":"","background-repeat":"repeat","background-position":"center center","background-size":"auto","background-attachment":"scroll","background-type":"","background-media":"","overlay-type":"","overlay-color":"","overlay-opacity":"","overlay-gradient":""},"mobile":{"background-color":"","background-image":"","background-repeat":"repeat","background-position":"center center","background-size":"auto","background-attachment":"scroll","background-type":"","background-media":"","overlay-type":"","overlay-color":"","overlay-opacity":"","overlay-gradient":""}},"ast-content-background-meta":{"desktop":{"background-color":"var(--ast-global-color-5)","background-image":"","background-repeat":"repeat","background-position":"center center","background-size":"auto","background-attachment":"scroll","background-type":"","background-media":"","overlay-type":"","overlay-color":"","overlay-opacity":"","overlay-gradient":""},"tablet":{"background-color":"var(--ast-global-color-5)","background-image":"","background-repeat":"repeat","background-position":"center center","background-size":"auto","background-attachment":"scroll","background-type":"","background-media":"","overlay-type":"","overlay-color":"","overlay-opacity":"","overlay-gradient":""},"mobile":{"background-color":"var(--ast-global-color-5)","background-image":"","background-repeat":"repeat","background-position":"center center","background-size":"auto","background-attachment":"scroll","background-type":"","background-media":"","overlay-type":"","overlay-color":"","overlay-opacity":"","overlay-gradient":""}},"_themeisle_gutenberg_block_has_review":false},"product_brand":[],"product_cat":[127],"product_tag":[],"class_list":{"0":"post-133405","1":"product","2":"type-product","3":"status-publish","4":"has-post-thumbnail","6":"product_cat-neue-dachzelte-kaufen","7":"desktop-align-left","8":"tablet-align-left","9":"mobile-align-left","10":"ast-product-gallery-layout-vertical-slider","11":"ast-product-single-variable","12":"ast-product-tabs-layout-horizontal","14":"first","15":"instock","16":"taxable","17":"shipping-taxable","18":"purchasable","19":"product-type-variable"},"exclude_global_add_ons":[],"addons":[],"uagb_featured_image_src":{"full":["https:\/\/dachzeltnomaden.com\/shop\/wp-content\/uploads\/2025\/10\/wahi_moenga_Vorzeltverlaengerung_01.webp",2000,1600,false],"thumbnail":["https:\/\/dachzeltnomaden.com\/shop\/wp-content\/uploads\/2025\/10\/wahi_moenga_Vorzeltverlaengerung_01-600x600.webp",600,600,true],"medium":["https:\/\/dachzeltnomaden.com\/shop\/wp-content\/uploads\/2025\/10\/wahi_moenga_Vorzeltverlaengerung_01-300x240.webp",300,240,true],"medium_large":["https:\/\/dachzeltnomaden.com\/shop\/wp-content\/uploads\/2025\/10\/wahi_moenga_Vorzeltverlaengerung_01-768x614.webp",768,614,true],"large":["https:\/\/dachzeltnomaden.com\/shop\/wp-content\/uploads\/2025\/10\/wahi_moenga_Vorzeltverlaengerung_01-640x512.webp",640,512,true],"1536x1536":["https:\/\/dachzeltnomaden.com\/shop\/wp-content\/uploads\/2025\/10\/wahi_moenga_Vorzeltverlaengerung_01-1536x1229.webp",1536,1229,true],"2048x2048":["https:\/\/dachzeltnomaden.com\/shop\/wp-content\/uploads\/2025\/10\/wahi_moenga_Vorzeltverlaengerung_01.webp",2000,1600,false],"woocommerce_thumbnail":["https:\/\/dachzeltnomaden.com\/shop\/wp-content\/uploads\/2025\/10\/wahi_moenga_Vorzeltverlaengerung_01-600x600.webp",600,600,true],"woocommerce_single":["https:\/\/dachzeltnomaden.com\/shop\/wp-content\/uploads\/2025\/10\/wahi_moenga_Vorzeltverlaengerung_01-1024x819.webp",1024,819,true],"woocommerce_gallery_thumbnail":["https:\/\/dachzeltnomaden.com\/shop\/wp-content\/uploads\/2025\/10\/wahi_moenga_Vorzeltverlaengerung_01-100x100.webp",100,100,true]},"uagb_author_info":{"display_name":"admin","author_link":"https:\/\/dachzeltnomaden.com\/shop\/author\/"},"uagb_comment_info":0,"uagb_excerpt":"Die Vorzelterweiterung wahi+ erm\u00f6glicht eine einfache und schnelle Verl\u00e4ngerung f\u00fcr das Vorzelt wahi moenga, ideal f\u00fcr h\u00f6here Fahrzeuge wie Vans, [&hellip;]","_links":{"self":[{"href":"https:\/\/dachzeltnomaden.com\/shop\/wp-json\/wp\/v2\/product\/133405","targetHints":{"allow":["GET"]}}],"collection":[{"href":"https:\/\/dachzeltnomaden.com\/shop\/wp-json\/wp\/v2\/product"}],"about":[{"href":"https:\/\/dachzeltnomaden.com\/shop\/wp-json\/wp\/v2\/types\/product"}],"wp:featuredmedia":[{"embeddable":true,"href":"https:\/\/dachzeltnomaden.com\/shop\/wp-json\/wp\/v2\/media\/133313"}],"wp:attachment":[{"href":"https:\/\/dachzeltnomaden.com\/shop\/wp-json\/wp\/v2\/media?parent=133405"}],"wp:term":[{"taxonomy":"product_brand","embeddable":true,"href":"https:\/\/dachzeltnomaden.com\/shop\/wp-json\/wp\/v2\/product_brand?post=133405"},{"taxonomy":"product_cat","embeddable":true,"href":"https:\/\/dachzeltnomaden.com\/shop\/wp-json\/wp\/v2\/product_cat?post=133405"},{"taxonomy":"product_tag","embeddable":true,"href":"https:\/\/dachzeltnomaden.com\/shop\/wp-json\/wp\/v2\/product_tag?post=133405"}],"curies":[{"name":"wp","href":"https:\/\/api.w.org\/{rel}","templated":true}]}}