{"id":133392,"date":"2025-10-30T06:38:24","date_gmt":"2025-10-30T05:38:24","guid":{"rendered":"https:\/\/dachzeltnomaden.com\/shop\/?post_type=product&#038;p=133392"},"modified":"2025-11-19T11:43:11","modified_gmt":"2025-11-19T10:43:11","slug":"autoterm-oled-control-panel-bedienteil-fuer-autoterm-standheizungen","status":"publish","type":"product","link":"https:\/\/dachzeltnomaden.com\/shop\/produkt\/autoterm-oled-control-panel-bedienteil-fuer-autoterm-standheizungen\/","title":{"rendered":"Autoterm OLED Control Panel &#8211; Bedienteil f\u00fcr Autoterm Standheizungen"},"content":{"rendered":"\n<div class=\"wp-block-uagb-container uagb-block-be52fc24 default uagb-is-root-container\">\n<div class=\"wp-block-uagb-advanced-heading uagb-block-b21af034\"><p class=\"uagb-desc-text\">Komfort pur!<\/p><h2 class=\"uagb-heading-text\">Autoterm OLED Control Panel &#8211; Bedienteil f\u00fcr Autoterm Standheizungen<\/h2><div class=\"uagb-separator\"><\/div><\/div>\n\n\n\n<p style=\"margin-bottom:0px\">Mit dem OLED Control Panel (ehem. PU-27) kannst du deine Autoterm Heizung steuern und deren Funktionen erweitern.<br><br>Das Bedienteil erweitert die Funktionalit\u00e4t im Vergleich zum Simple Control Panel erheblich. Es bietet sowohl eine Timer-Funktion, wie auch&nbsp;einen integrierten Temperatursensor und erlaubt&nbsp;die Nutzung der Heizung f\u00fcr eine verbesserte Luftzirkulation mit abgeschalteter Heizfunktion.<br><br>Aufgrund der OLEDs funktioniert das Display des Bedienfelds auch unter sehr kalten Bedingungen.<\/p>\n<\/div>\n\n\n\n<div class=\"wp-block-uagb-container uagb-block-ae00b476 default uagb-is-root-container\">\n<div class=\"wp-block-uagb-container uagb-block-3d544ad6\">\n<figure class=\"wp-block-gallery has-nested-images columns-2 is-cropped wp-block-gallery-1 is-layout-flex wp-block-gallery-is-layout-flex\">\n<figure class=\"wp-block-image size-full has-custom-border\"><img decoding=\"async\" width=\"800\" height=\"800\" data-id=\"133396\" src=\"https:\/\/dachzeltnomaden.com\/shop\/wp-content\/uploads\/2025\/10\/dachzeltnomaden-shop-zubehoer-heizen-autoterm-bedienelement-pu-27_2.webp\" alt=\"Autoterm OLED Control Panel - Bedienteil f\u00fcr Autoterm Standheizungen kaufen dachzelt heizung\" class=\"wp-image-133396\" style=\"border-radius:10px\" srcset=\"https:\/\/dachzeltnomaden.com\/shop\/wp-content\/uploads\/2025\/10\/dachzeltnomaden-shop-zubehoer-heizen-autoterm-bedienelement-pu-27_2.webp 800w, https:\/\/dachzeltnomaden.com\/shop\/wp-content\/uploads\/2025\/10\/dachzeltnomaden-shop-zubehoer-heizen-autoterm-bedienelement-pu-27_2-300x300.webp 300w, https:\/\/dachzeltnomaden.com\/shop\/wp-content\/uploads\/2025\/10\/dachzeltnomaden-shop-zubehoer-heizen-autoterm-bedienelement-pu-27_2-512x512.webp 512w, https:\/\/dachzeltnomaden.com\/shop\/wp-content\/uploads\/2025\/10\/dachzeltnomaden-shop-zubehoer-heizen-autoterm-bedienelement-pu-27_2-600x600.webp 600w, https:\/\/dachzeltnomaden.com\/shop\/wp-content\/uploads\/2025\/10\/dachzeltnomaden-shop-zubehoer-heizen-autoterm-bedienelement-pu-27_2-768x768.webp 768w, https:\/\/dachzeltnomaden.com\/shop\/wp-content\/uploads\/2025\/10\/dachzeltnomaden-shop-zubehoer-heizen-autoterm-bedienelement-pu-27_2-100x100.webp 100w\" sizes=\"(max-width: 800px) 100vw, 800px\" \/><\/figure>\n\n\n\n<figure class=\"wp-block-image size-full has-custom-border\"><img decoding=\"async\" width=\"800\" height=\"800\" data-id=\"133395\" src=\"https:\/\/dachzeltnomaden.com\/shop\/wp-content\/uploads\/2025\/10\/dachzeltnomaden-shop-zubehoer-heizen-autoterm-bedienelement-pu-27_3.webp\" alt=\"Autoterm OLED Control Panel - Bedienteil f\u00fcr Autoterm Standheizungen kaufen dachzelt heizung\" class=\"wp-image-133395\" style=\"border-radius:10px\" srcset=\"https:\/\/dachzeltnomaden.com\/shop\/wp-content\/uploads\/2025\/10\/dachzeltnomaden-shop-zubehoer-heizen-autoterm-bedienelement-pu-27_3.webp 800w, https:\/\/dachzeltnomaden.com\/shop\/wp-content\/uploads\/2025\/10\/dachzeltnomaden-shop-zubehoer-heizen-autoterm-bedienelement-pu-27_3-300x300.webp 300w, https:\/\/dachzeltnomaden.com\/shop\/wp-content\/uploads\/2025\/10\/dachzeltnomaden-shop-zubehoer-heizen-autoterm-bedienelement-pu-27_3-512x512.webp 512w, https:\/\/dachzeltnomaden.com\/shop\/wp-content\/uploads\/2025\/10\/dachzeltnomaden-shop-zubehoer-heizen-autoterm-bedienelement-pu-27_3-600x600.webp 600w, https:\/\/dachzeltnomaden.com\/shop\/wp-content\/uploads\/2025\/10\/dachzeltnomaden-shop-zubehoer-heizen-autoterm-bedienelement-pu-27_3-768x768.webp 768w, https:\/\/dachzeltnomaden.com\/shop\/wp-content\/uploads\/2025\/10\/dachzeltnomaden-shop-zubehoer-heizen-autoterm-bedienelement-pu-27_3-100x100.webp 100w\" sizes=\"(max-width: 800px) 100vw, 800px\" \/><\/figure>\n\n\n\n<figure class=\"wp-block-image size-full has-custom-border\"><img decoding=\"async\" width=\"800\" height=\"800\" data-id=\"133394\" src=\"https:\/\/dachzeltnomaden.com\/shop\/wp-content\/uploads\/2025\/10\/dachzeltnomaden-shop-zubehoer-heizen-autoterm-bedienelement-pu-27_5.webp\" alt=\"Autoterm OLED Control Panel - Bedienteil f\u00fcr Autoterm Standheizungen kaufen dachzelt heizung\" class=\"wp-image-133394\" style=\"border-radius:10px\" srcset=\"https:\/\/dachzeltnomaden.com\/shop\/wp-content\/uploads\/2025\/10\/dachzeltnomaden-shop-zubehoer-heizen-autoterm-bedienelement-pu-27_5.webp 800w, https:\/\/dachzeltnomaden.com\/shop\/wp-content\/uploads\/2025\/10\/dachzeltnomaden-shop-zubehoer-heizen-autoterm-bedienelement-pu-27_5-300x300.webp 300w, https:\/\/dachzeltnomaden.com\/shop\/wp-content\/uploads\/2025\/10\/dachzeltnomaden-shop-zubehoer-heizen-autoterm-bedienelement-pu-27_5-512x512.webp 512w, https:\/\/dachzeltnomaden.com\/shop\/wp-content\/uploads\/2025\/10\/dachzeltnomaden-shop-zubehoer-heizen-autoterm-bedienelement-pu-27_5-600x600.webp 600w, https:\/\/dachzeltnomaden.com\/shop\/wp-content\/uploads\/2025\/10\/dachzeltnomaden-shop-zubehoer-heizen-autoterm-bedienelement-pu-27_5-768x768.webp 768w, https:\/\/dachzeltnomaden.com\/shop\/wp-content\/uploads\/2025\/10\/dachzeltnomaden-shop-zubehoer-heizen-autoterm-bedienelement-pu-27_5-100x100.webp 100w\" sizes=\"(max-width: 800px) 100vw, 800px\" \/><\/figure>\n\n\n\n<figure class=\"wp-block-image size-full has-custom-border\"><img decoding=\"async\" width=\"800\" height=\"800\" data-id=\"133393\" src=\"https:\/\/dachzeltnomaden.com\/shop\/wp-content\/uploads\/2025\/10\/dachzeltnomaden-shop-zubehoer-heizen-autoterm-bedienelement-pu-27_4.webp\" alt=\"Autoterm OLED Control Panel - Bedienteil f\u00fcr Autoterm Standheizungen kaufen dachzelt heizung\" class=\"wp-image-133393\" style=\"border-radius:10px\" srcset=\"https:\/\/dachzeltnomaden.com\/shop\/wp-content\/uploads\/2025\/10\/dachzeltnomaden-shop-zubehoer-heizen-autoterm-bedienelement-pu-27_4.webp 800w, https:\/\/dachzeltnomaden.com\/shop\/wp-content\/uploads\/2025\/10\/dachzeltnomaden-shop-zubehoer-heizen-autoterm-bedienelement-pu-27_4-300x300.webp 300w, https:\/\/dachzeltnomaden.com\/shop\/wp-content\/uploads\/2025\/10\/dachzeltnomaden-shop-zubehoer-heizen-autoterm-bedienelement-pu-27_4-512x512.webp 512w, https:\/\/dachzeltnomaden.com\/shop\/wp-content\/uploads\/2025\/10\/dachzeltnomaden-shop-zubehoer-heizen-autoterm-bedienelement-pu-27_4-600x600.webp 600w, https:\/\/dachzeltnomaden.com\/shop\/wp-content\/uploads\/2025\/10\/dachzeltnomaden-shop-zubehoer-heizen-autoterm-bedienelement-pu-27_4-768x768.webp 768w, https:\/\/dachzeltnomaden.com\/shop\/wp-content\/uploads\/2025\/10\/dachzeltnomaden-shop-zubehoer-heizen-autoterm-bedienelement-pu-27_4-100x100.webp 100w\" sizes=\"(max-width: 800px) 100vw, 800px\" \/><\/figure>\n<\/figure>\n<\/div>\n\n\n\n<div class=\"wp-block-uagb-container uagb-block-76ea1ad4\">\n<h4 class=\"wp-block-heading\" style=\"margin-top:0px;margin-bottom:0px\">Eigenschaften<\/h4>\n\n\n\n<ul style=\"margin-top:10px\" class=\"wp-block-list\">\n<li><strong>Abmessungen: <\/strong>60 x 51 x 12 mm<\/li>\n\n\n\n<li>Derzeit werden alle Autoterm Air (vormals Planar) 2D und 4D Luft-Standheizungen sowie die Wasser-Standheizungen Flow (vormals Binar) 5 und 14 (mit optionalem Adapterkabel!) unterst\u00fctzt.<\/li>\n\n\n\n<li>Die Men\u00fcf\u00fchrung des OLED Control Panels ist einstellbar auf Englisch oder Russisch. Die Bedienungsanleitung ist jedoch auch in Deutscher Sprache verf\u00fcgbar.<\/li>\n<\/ul>\n<\/div>\n<\/div>\n\n\n\n<div class=\"wp-block-uagb-advanced-heading uagb-block-529afe18\"><h3 class=\"uagb-heading-text\">Heizungssteuerung<\/h3><\/div>\n\n\n\n<p>Die Heizung kann \u00fcber die Einstellung einer festen Leistungsstufe oder \u00fcber einen Temperaturmodus gesteuert werden. Im Bedienteil ist ein Temperatursensor direkt integriert. Sollte der Ort der Montage nicht zur Temperaturmessung geeignet sein (in einem Schrank oder zu weit weg vom Sitz- \/ Aufenthaltsbereich), kann ein separat erh\u00e4ltlicher externer Sensor mit 5 m Kabelll\u00e4nge verwendet werden.<br><br>*Dies ist ein reines Vermittlungsgesch\u00e4ft. Wenn du dich f\u00fcr den Kauf eines OLED Control Panel Bedienteils entscheidest, erhalten die Dachzeltnomaden eine Provision. Damit unterst\u00fctzt du uns &amp; unsere Arbeit. \u00a0Verkauf und Versand erfolgt \u00fcber <a href=\"https:\/\/www.tigerexped.de\/\" data-type=\"link\" data-id=\"https:\/\/www.tigerexped.de\/\" target=\"_blank\" rel=\"noopener\">tigerexped<\/a>.\u00a0Hier findest du <a href=\"https:\/\/www.tigerexped.de\/AGB\" data-type=\"link\" data-id=\"https:\/\/www.tigerexped.de\/AGB\" target=\"_blank\" rel=\"noopener\">die AGBs<\/a> von tigerexped. Mit dem Kauf best\u00e4tigst du diese AGBs.<\/p>\n","protected":false},"excerpt":{"rendered":"<p>Komfort pur! Autoterm OLED Control Panel &#8211; Bedienteil f\u00fcr Autoterm Standheizungen Mit dem OLED Control Panel (ehem. PU-27) kannst du [&hellip;]<\/p>\n","protected":false},"featured_media":133397,"template":"","meta":{"_uag_custom_page_level_css":"","site-sidebar-layout":"default","site-content-layout":"","ast-site-content-layout":"default","site-content-style":"default","site-sidebar-style":"default","ast-global-header-display":"","ast-banner-title-visibility":"","ast-main-header-display":"","ast-hfb-above-header-display":"","ast-hfb-below-header-display":"","ast-hfb-mobile-header-display":"","site-post-title":"","ast-breadcrumbs-content":"","ast-featured-img":"","footer-sml-layout":"","ast-disable-related-posts":"","theme-transparent-header-meta":"","adv-header-id-meta":"","stick-header-meta":"","header-above-stick-meta":"","header-main-stick-meta":"","header-below-stick-meta":"","astra-migrate-meta-layouts":"default","ast-page-background-enabled":"default","ast-page-background-meta":{"desktop":{"background-color":"var(--ast-global-color-4)","background-image":"","background-repeat":"repeat","background-position":"center center","background-size":"auto","background-attachment":"scroll","background-type":"","background-media":"","overlay-type":"","overlay-color":"","overlay-opacity":"","overlay-gradient":""},"tablet":{"background-color":"","background-image":"","background-repeat":"repeat","background-position":"center center","background-size":"auto","background-attachment":"scroll","background-type":"","background-media":"","overlay-type":"","overlay-color":"","overlay-opacity":"","overlay-gradient":""},"mobile":{"background-color":"","background-image":"","background-repeat":"repeat","background-position":"center center","background-size":"auto","background-attachment":"scroll","background-type":"","background-media":"","overlay-type":"","overlay-color":"","overlay-opacity":"","overlay-gradient":""}},"ast-content-background-meta":{"desktop":{"background-color":"var(--ast-global-color-5)","background-image":"","background-repeat":"repeat","background-position":"center center","background-size":"auto","background-attachment":"scroll","background-type":"","background-media":"","overlay-type":"","overlay-color":"","overlay-opacity":"","overlay-gradient":""},"tablet":{"background-color":"var(--ast-global-color-5)","background-image":"","background-repeat":"repeat","background-position":"center center","background-size":"auto","background-attachment":"scroll","background-type":"","background-media":"","overlay-type":"","overlay-color":"","overlay-opacity":"","overlay-gradient":""},"mobile":{"background-color":"var(--ast-global-color-5)","background-image":"","background-repeat":"repeat","background-position":"center center","background-size":"auto","background-attachment":"scroll","background-type":"","background-media":"","overlay-type":"","overlay-color":"","overlay-opacity":"","overlay-gradient":""}},"_themeisle_gutenberg_block_has_review":false},"product_brand":[],"product_cat":[101,107],"product_tag":[382,393],"class_list":{"0":"post-133392","1":"product","2":"type-product","3":"status-publish","4":"has-post-thumbnail","6":"product_cat-zubehoer","7":"product_cat-heizen","8":"product_tag-dachzelt-heizung","9":"product_tag-bedienteil","10":"product_shipping_class-tigerexped","11":"desktop-align-left","12":"tablet-align-left","13":"mobile-align-left","14":"ast-product-gallery-layout-vertical-slider","15":"ast-product-tabs-layout-horizontal","17":"first","18":"instock","19":"taxable","20":"shipping-taxable","21":"purchasable","22":"product-type-simple"},"exclude_global_add_ons":[],"addons":[],"uagb_featured_image_src":{"full":["https:\/\/dachzeltnomaden.com\/shop\/wp-content\/uploads\/2025\/10\/dachzeltnomaden-shop-zubehoer-heizen-autoterm-bedienelement-pu-27.webp",800,800,false],"thumbnail":["https:\/\/dachzeltnomaden.com\/shop\/wp-content\/uploads\/2025\/10\/dachzeltnomaden-shop-zubehoer-heizen-autoterm-bedienelement-pu-27-600x600.webp",600,600,true],"medium":["https:\/\/dachzeltnomaden.com\/shop\/wp-content\/uploads\/2025\/10\/dachzeltnomaden-shop-zubehoer-heizen-autoterm-bedienelement-pu-27-300x300.webp",300,300,true],"medium_large":["https:\/\/dachzeltnomaden.com\/shop\/wp-content\/uploads\/2025\/10\/dachzeltnomaden-shop-zubehoer-heizen-autoterm-bedienelement-pu-27-768x768.webp",768,768,true],"large":["https:\/\/dachzeltnomaden.com\/shop\/wp-content\/uploads\/2025\/10\/dachzeltnomaden-shop-zubehoer-heizen-autoterm-bedienelement-pu-27-512x512.webp",512,512,true],"1536x1536":["https:\/\/dachzeltnomaden.com\/shop\/wp-content\/uploads\/2025\/10\/dachzeltnomaden-shop-zubehoer-heizen-autoterm-bedienelement-pu-27.webp",800,800,false],"2048x2048":["https:\/\/dachzeltnomaden.com\/shop\/wp-content\/uploads\/2025\/10\/dachzeltnomaden-shop-zubehoer-heizen-autoterm-bedienelement-pu-27.webp",800,800,false],"woocommerce_thumbnail":["https:\/\/dachzeltnomaden.com\/shop\/wp-content\/uploads\/2025\/10\/dachzeltnomaden-shop-zubehoer-heizen-autoterm-bedienelement-pu-27-600x600.webp",600,600,true],"woocommerce_single":["https:\/\/dachzeltnomaden.com\/shop\/wp-content\/uploads\/2025\/10\/dachzeltnomaden-shop-zubehoer-heizen-autoterm-bedienelement-pu-27.webp",800,800,false],"woocommerce_gallery_thumbnail":["https:\/\/dachzeltnomaden.com\/shop\/wp-content\/uploads\/2025\/10\/dachzeltnomaden-shop-zubehoer-heizen-autoterm-bedienelement-pu-27-100x100.webp",100,100,true]},"uagb_author_info":{"display_name":"Jasmine","author_link":"https:\/\/dachzeltnomaden.com\/shop\/author\/"},"uagb_comment_info":0,"uagb_excerpt":"Komfort pur! Autoterm OLED Control Panel &#8211; Bedienteil f\u00fcr Autoterm Standheizungen Mit dem OLED Control Panel (ehem. PU-27) kannst du [&hellip;]","_links":{"self":[{"href":"https:\/\/dachzeltnomaden.com\/shop\/wp-json\/wp\/v2\/product\/133392","targetHints":{"allow":["GET"]}}],"collection":[{"href":"https:\/\/dachzeltnomaden.com\/shop\/wp-json\/wp\/v2\/product"}],"about":[{"href":"https:\/\/dachzeltnomaden.com\/shop\/wp-json\/wp\/v2\/types\/product"}],"wp:featuredmedia":[{"embeddable":true,"href":"https:\/\/dachzeltnomaden.com\/shop\/wp-json\/wp\/v2\/media\/133397"}],"wp:attachment":[{"href":"https:\/\/dachzeltnomaden.com\/shop\/wp-json\/wp\/v2\/media?parent=133392"}],"wp:term":[{"taxonomy":"product_brand","embeddable":true,"href":"https:\/\/dachzeltnomaden.com\/shop\/wp-json\/wp\/v2\/product_brand?post=133392"},{"taxonomy":"product_cat","embeddable":true,"href":"https:\/\/dachzeltnomaden.com\/shop\/wp-json\/wp\/v2\/product_cat?post=133392"},{"taxonomy":"product_tag","embeddable":true,"href":"https:\/\/dachzeltnomaden.com\/shop\/wp-json\/wp\/v2\/product_tag?post=133392"}],"curies":[{"name":"wp","href":"https:\/\/api.w.org\/{rel}","templated":true}]}}