{"id":133382,"date":"2025-10-30T05:14:36","date_gmt":"2025-10-30T04:14:36","guid":{"rendered":"https:\/\/dachzeltnomaden.com\/shop\/?post_type=product&#038;p=133382"},"modified":"2025-11-19T11:43:11","modified_gmt":"2025-11-19T10:43:11","slug":"push-control-s-verbindungskabel-fuer-comfort-control","status":"publish","type":"product","link":"https:\/\/dachzeltnomaden.com\/shop\/produkt\/push-control-s-verbindungskabel-fuer-comfort-control\/","title":{"rendered":"Push Control S &amp; Verbindungskabel f\u00fcr Comfort Control"},"content":{"rendered":"\n<div class=\"wp-block-uagb-container uagb-block-be52fc24 default uagb-is-root-container\">\n<div class=\"wp-block-uagb-advanced-heading uagb-block-b21af034\"><p class=\"uagb-desc-text\">Komfort pur!<\/p><h2 class=\"uagb-heading-text\">Push Control S &amp; Verbindungskabel f\u00fcr Comfort Control<\/h2><div class=\"uagb-separator\"><\/div><\/div>\n\n\n\n<p style=\"margin-bottom:0px\"><strong>NEU: <\/strong>Das Autoterm Push Control erm\u00f6glicht eine simple Steuerung von Luft- und Wasserstandheizungen und erstmals die M\u00f6glichkeit,&nbsp;zwei Bedienteile an einer Heizung anzuschlie\u00dfen!<br><br>Der Autoterm Push Control ist ein kompakter und einfach zu bedienender Schalter zur Steuerung von Autoterm Standheizungen. Er erm\u00f6glicht je nach Heizger\u00e4t verschiedene Betriebsmodi und Funktionen. Au\u00dferdem erf\u00fcllt er den lang gehegten Kundenwunsch, zwei Bedienteile an einer Heizung anschlie\u00dfen zu k\u00f6nnen &#8211; so kann die Heizung zum Beispiel bequem vom Fahrerhaus aus gestartet werden, w\u00e4hrend das Standard-Bedienteil im Wohnraum verbaut ist.<\/p>\n<\/div>\n\n\n\n<div class=\"wp-block-uagb-container uagb-block-ae00b476 default uagb-is-root-container\">\n<div class=\"wp-block-uagb-container uagb-block-3d544ad6\">\n<figure class=\"wp-block-gallery has-nested-images columns-2 is-cropped wp-block-gallery-1 is-layout-flex wp-block-gallery-is-layout-flex\">\n<figure class=\"wp-block-image size-full has-custom-border\"><img decoding=\"async\" width=\"800\" height=\"800\" data-id=\"133387\" src=\"https:\/\/dachzeltnomaden.com\/shop\/wp-content\/uploads\/2025\/10\/Dachzeltnomaden-shop-zubehoer-heizen-push-control-s-verbindungskabel_4.webp\" alt=\"Push Control S &amp; Verbindungskabel f\u00fcr Comfort Control kaufen standheizung dachzelt heizung\" class=\"wp-image-133387\" style=\"border-radius:10px\" srcset=\"https:\/\/dachzeltnomaden.com\/shop\/wp-content\/uploads\/2025\/10\/Dachzeltnomaden-shop-zubehoer-heizen-push-control-s-verbindungskabel_4.webp 800w, https:\/\/dachzeltnomaden.com\/shop\/wp-content\/uploads\/2025\/10\/Dachzeltnomaden-shop-zubehoer-heizen-push-control-s-verbindungskabel_4-300x300.webp 300w, https:\/\/dachzeltnomaden.com\/shop\/wp-content\/uploads\/2025\/10\/Dachzeltnomaden-shop-zubehoer-heizen-push-control-s-verbindungskabel_4-512x512.webp 512w, https:\/\/dachzeltnomaden.com\/shop\/wp-content\/uploads\/2025\/10\/Dachzeltnomaden-shop-zubehoer-heizen-push-control-s-verbindungskabel_4-600x600.webp 600w, https:\/\/dachzeltnomaden.com\/shop\/wp-content\/uploads\/2025\/10\/Dachzeltnomaden-shop-zubehoer-heizen-push-control-s-verbindungskabel_4-768x768.webp 768w, https:\/\/dachzeltnomaden.com\/shop\/wp-content\/uploads\/2025\/10\/Dachzeltnomaden-shop-zubehoer-heizen-push-control-s-verbindungskabel_4-100x100.webp 100w\" sizes=\"(max-width: 800px) 100vw, 800px\" \/><\/figure>\n\n\n\n<figure class=\"wp-block-image size-full has-custom-border\"><img decoding=\"async\" width=\"800\" height=\"800\" data-id=\"133384\" src=\"https:\/\/dachzeltnomaden.com\/shop\/wp-content\/uploads\/2025\/10\/Dachzeltnomaden-shop-zubehoer-heizen-push-control-s-verbindungskabel_8.webp\" alt=\"Push Control S &amp; Verbindungskabel f\u00fcr Comfort Control kaufen standheizung dachzelt heizung\" class=\"wp-image-133384\" style=\"border-radius:10px\" srcset=\"https:\/\/dachzeltnomaden.com\/shop\/wp-content\/uploads\/2025\/10\/Dachzeltnomaden-shop-zubehoer-heizen-push-control-s-verbindungskabel_8.webp 800w, https:\/\/dachzeltnomaden.com\/shop\/wp-content\/uploads\/2025\/10\/Dachzeltnomaden-shop-zubehoer-heizen-push-control-s-verbindungskabel_8-300x300.webp 300w, https:\/\/dachzeltnomaden.com\/shop\/wp-content\/uploads\/2025\/10\/Dachzeltnomaden-shop-zubehoer-heizen-push-control-s-verbindungskabel_8-512x512.webp 512w, https:\/\/dachzeltnomaden.com\/shop\/wp-content\/uploads\/2025\/10\/Dachzeltnomaden-shop-zubehoer-heizen-push-control-s-verbindungskabel_8-600x600.webp 600w, https:\/\/dachzeltnomaden.com\/shop\/wp-content\/uploads\/2025\/10\/Dachzeltnomaden-shop-zubehoer-heizen-push-control-s-verbindungskabel_8-768x768.webp 768w, https:\/\/dachzeltnomaden.com\/shop\/wp-content\/uploads\/2025\/10\/Dachzeltnomaden-shop-zubehoer-heizen-push-control-s-verbindungskabel_8-100x100.webp 100w\" sizes=\"(max-width: 800px) 100vw, 800px\" \/><\/figure>\n\n\n\n<figure class=\"wp-block-image size-full has-custom-border\"><img decoding=\"async\" width=\"800\" height=\"800\" data-id=\"133383\" src=\"https:\/\/dachzeltnomaden.com\/shop\/wp-content\/uploads\/2025\/10\/Dachzeltnomaden-shop-zubehoer-heizen-push-control-s-verbindungskabel_7.webp\" alt=\"Push Control S &amp; Verbindungskabel f\u00fcr Comfort Control kaufen standheizung dachzelt heizung\" class=\"wp-image-133383\" style=\"border-radius:10px\" srcset=\"https:\/\/dachzeltnomaden.com\/shop\/wp-content\/uploads\/2025\/10\/Dachzeltnomaden-shop-zubehoer-heizen-push-control-s-verbindungskabel_7.webp 800w, https:\/\/dachzeltnomaden.com\/shop\/wp-content\/uploads\/2025\/10\/Dachzeltnomaden-shop-zubehoer-heizen-push-control-s-verbindungskabel_7-300x300.webp 300w, https:\/\/dachzeltnomaden.com\/shop\/wp-content\/uploads\/2025\/10\/Dachzeltnomaden-shop-zubehoer-heizen-push-control-s-verbindungskabel_7-512x512.webp 512w, https:\/\/dachzeltnomaden.com\/shop\/wp-content\/uploads\/2025\/10\/Dachzeltnomaden-shop-zubehoer-heizen-push-control-s-verbindungskabel_7-600x600.webp 600w, https:\/\/dachzeltnomaden.com\/shop\/wp-content\/uploads\/2025\/10\/Dachzeltnomaden-shop-zubehoer-heizen-push-control-s-verbindungskabel_7-768x768.webp 768w, https:\/\/dachzeltnomaden.com\/shop\/wp-content\/uploads\/2025\/10\/Dachzeltnomaden-shop-zubehoer-heizen-push-control-s-verbindungskabel_7-100x100.webp 100w\" sizes=\"(max-width: 800px) 100vw, 800px\" \/><\/figure>\n\n\n\n<figure class=\"wp-block-image size-full has-custom-border\"><img decoding=\"async\" width=\"800\" height=\"800\" data-id=\"133385\" src=\"https:\/\/dachzeltnomaden.com\/shop\/wp-content\/uploads\/2025\/10\/Dachzeltnomaden-shop-zubehoer-heizen-push-control-s-verbindungskabel_6.webp\" alt=\"Push Control S &amp; Verbindungskabel f\u00fcr Comfort Control kaufen standheizung dachzelt heizung\" class=\"wp-image-133385\" style=\"border-radius:10px\" srcset=\"https:\/\/dachzeltnomaden.com\/shop\/wp-content\/uploads\/2025\/10\/Dachzeltnomaden-shop-zubehoer-heizen-push-control-s-verbindungskabel_6.webp 800w, https:\/\/dachzeltnomaden.com\/shop\/wp-content\/uploads\/2025\/10\/Dachzeltnomaden-shop-zubehoer-heizen-push-control-s-verbindungskabel_6-300x300.webp 300w, https:\/\/dachzeltnomaden.com\/shop\/wp-content\/uploads\/2025\/10\/Dachzeltnomaden-shop-zubehoer-heizen-push-control-s-verbindungskabel_6-512x512.webp 512w, https:\/\/dachzeltnomaden.com\/shop\/wp-content\/uploads\/2025\/10\/Dachzeltnomaden-shop-zubehoer-heizen-push-control-s-verbindungskabel_6-600x600.webp 600w, https:\/\/dachzeltnomaden.com\/shop\/wp-content\/uploads\/2025\/10\/Dachzeltnomaden-shop-zubehoer-heizen-push-control-s-verbindungskabel_6-768x768.webp 768w, https:\/\/dachzeltnomaden.com\/shop\/wp-content\/uploads\/2025\/10\/Dachzeltnomaden-shop-zubehoer-heizen-push-control-s-verbindungskabel_6-100x100.webp 100w\" sizes=\"(max-width: 800px) 100vw, 800px\" \/><\/figure>\n<\/figure>\n<\/div>\n\n\n\n<div class=\"wp-block-uagb-container uagb-block-76ea1ad4\">\n<h4 class=\"wp-block-heading\" style=\"margin-top:0px;margin-bottom:0px\">Eigenschaften<\/h4>\n\n\n\n<ul style=\"margin-top:10px\" class=\"wp-block-list\">\n<li>Erm\u00f6glicht das Anschliessen von zwei Bedienteilen an einer Heizung.<\/li>\n\n\n\n<li>5 Leistungsstufen<\/li>\n\n\n\n<li>4 verschiedenen Heizmodi<\/li>\n\n\n\n<li>Inkludierter Temperaturmodus<\/li>\n\n\n\n<li>Plug-and-Play-Installation<\/li>\n\n\n\n<li>Betriebsmodi f\u00fcr Wasserstsandheizung<\/li>\n\n\n\n<li>Dualsteuerung<\/li>\n\n\n\n<li>Geh\u00e4use aus Edelstahl mit IP67-Schutzklasse &#8211; wasserdicht und auch unter extremen Bedingungen sicher und langlebig<\/li>\n\n\n\n<li>Geeignet f\u00fcr Autoterm Air Heizger\u00e4te (2D, 4D, 8D, 9D) und Autoterm&nbsp;Flow Heizger\u00e4te (5D, 5B, 14D)<\/li>\n<\/ul>\n<\/div>\n<\/div>\n\n\n\n<div class=\"wp-block-uagb-advanced-heading uagb-block-529afe18\"><h3 class=\"uagb-heading-text\">Funktionen<\/h3><\/div>\n\n\n\n<div class=\"wp-block-uagb-advanced-heading uagb-block-4112a72b\"><h4 class=\"uagb-heading-text\">Betriebsmodi f\u00fcr Luftstandheizungen<\/h4><\/div>\n\n\n\n<p>Leistungsmodus (Standardmodus): Mit einfachem, bzw. mehrfachem&nbsp;Klicken, kann zwischen f\u00fcnf&nbsp;festen Leistungsstufen gew\u00e4hlt werden. Die Farbe des LED-Rings zeigt an, in welcher Leistungsstufe sich das Heizger\u00e4t gerade befindet.&nbsp;<br><br>Temperaturmodus: In Verbindung mit einem externen Temperatursensor&nbsp;kann&nbsp;eine Temperatur von 18, 21 oder&nbsp;25 Grad erzielt und gehalten werden. Auch im Temperaturmodus kann als h\u00f6chste Stufe &#8220;maximale Power&#8221; eingestellt werden.<\/p>\n\n\n\n<div class=\"wp-block-uagb-advanced-heading uagb-block-725968d4\"><h4 class=\"uagb-heading-text\"><strong>Betriebsmodi f\u00fcr&nbsp;Wasserstandheizungen<\/strong><\/h4><\/div>\n\n\n\n<p>Vorw\u00e4rmmodus: Die Heizung l\u00e4uft, bis eine bestimmte K\u00fchlmitteltemperatur erreicht ist, schaltet dann den Brenner ab und startet erneut, wenn die Temperatur sinkt. Hier kannst du zwischen einer auf zwei Stunden begrenzten Arbeitszeit f\u00fcr die Heizung oder fortlaufendem Betrieb w\u00e4hlen.<\/p>\n\n\n\n<div class=\"wp-block-uagb-advanced-heading uagb-block-56a9f4e6\"><h3 class=\"uagb-heading-text\">Einfache Installation<\/h3><\/div>\n\n\n\n<p>Das Push Control kommt im Plug-and-Play-Design mit mitgeliefertem Steuerungsmodul und Verbindungskabel f\u00fcr eine schnelle und einfache Integration.<\/p>\n\n\n\n<div class=\"wp-block-uagb-advanced-heading uagb-block-a8fd1330\"><h3 class=\"uagb-heading-text\">Dualsteuerung<\/h3><\/div>\n\n\n\n<p>Endlich m\u00f6glich: Das Push Control kann als alleiniges Steuerelement f\u00fcr deine Heizung genutzt, oder mit dem&nbsp;Bedienteil <a href=\"https:\/\/dachzeltnomaden.com\/shop\/produkt\/autoterm-comfort-control-bedienteil-fuer-autoterm-standheizungen\/\" target=\"_blank\" rel=\"noreferrer noopener\">Autoterm&nbsp;Comfort Control<\/a> kombiniert werden, um eine doppelte Steuerung f\u00fcr ein einzelnes Heizsystem zu erm\u00f6glichen. So ist die Bedienung deiner Standheizung&nbsp;in unterschiedlichen Bereichen des Fahrzeugs bequem erreichbar und erm\u00f6glicht h\u00f6chsten Nutzungskomfort.<\/p>\n\n\n\n<div class=\"wp-block-uagb-advanced-heading uagb-block-13168a00\"><h3 class=\"uagb-heading-text\">Robust und wasserdicht<\/h3><\/div>\n\n\n\n<p>Geh\u00e4use aus Edelstahl mit IP67-Schutzklasse, wodurch der Schalter wasserdicht und auch unter extremen Bedingungen sicher und langlebig ist.<\/p>\n\n\n\n<div class=\"wp-block-uagb-advanced-heading uagb-block-9ebd3e59\"><h3 class=\"uagb-heading-text\">Kompatibilit\u00e4t<\/h3><\/div>\n\n\n\n<p>Geeignet f\u00fcr Autoterm Air Heizger\u00e4te (2D, 4D, 8D, 9D) und Autoterm\u00a0Flow Heizger\u00e4te (5D, 5B, 14D). F\u00fcr die Kompatibilit\u00e4t mit \u00e4lteren Modellen, wende dich bitte unter Angabe der Seriennummer an <a href=\"mailto:info@tigerexped.de\">info@tigerexped.de<\/a>.<br><br>*Dies ist ein reines Vermittlungsgesch\u00e4ft. Wenn du dich f\u00fcr den Kauf einen Push Control S entscheidest, erhalten die Dachzeltnomaden eine Provision. Damit unterst\u00fctzt du uns &amp; unsere Arbeit. \u00a0Verkauf und Versand erfolgt \u00fcber <a href=\"https:\/\/www.tigerexped.de\/\" data-type=\"link\" data-id=\"https:\/\/www.tigerexped.de\/\" target=\"_blank\" rel=\"noopener\">tigerexped<\/a>.\u00a0Hier findest du <a href=\"https:\/\/www.tigerexped.de\/AGB\" data-type=\"link\" data-id=\"https:\/\/www.tigerexped.de\/AGB\" target=\"_blank\" rel=\"noopener\">die AGBs<\/a> von tigerexped. Mit dem Kauf best\u00e4tigst du diese AGBs.<\/p>\n","protected":false},"excerpt":{"rendered":"<p>Komfort pur! Push Control S &amp; Verbindungskabel f\u00fcr Comfort Control NEU: Das Autoterm Push Control erm\u00f6glicht eine simple Steuerung von [&hellip;]<\/p>\n","protected":false},"featured_media":133388,"template":"","meta":{"_uag_custom_page_level_css":"","site-sidebar-layout":"default","site-content-layout":"","ast-site-content-layout":"default","site-content-style":"default","site-sidebar-style":"default","ast-global-header-display":"","ast-banner-title-visibility":"","ast-main-header-display":"","ast-hfb-above-header-display":"","ast-hfb-below-header-display":"","ast-hfb-mobile-header-display":"","site-post-title":"","ast-breadcrumbs-content":"","ast-featured-img":"","footer-sml-layout":"","ast-disable-related-posts":"","theme-transparent-header-meta":"","adv-header-id-meta":"","stick-header-meta":"","header-above-stick-meta":"","header-main-stick-meta":"","header-below-stick-meta":"","astra-migrate-meta-layouts":"default","ast-page-background-enabled":"default","ast-page-background-meta":{"desktop":{"background-color":"var(--ast-global-color-4)","background-image":"","background-repeat":"repeat","background-position":"center center","background-size":"auto","background-attachment":"scroll","background-type":"","background-media":"","overlay-type":"","overlay-color":"","overlay-opacity":"","overlay-gradient":""},"tablet":{"background-color":"","background-image":"","background-repeat":"repeat","background-position":"center center","background-size":"auto","background-attachment":"scroll","background-type":"","background-media":"","overlay-type":"","overlay-color":"","overlay-opacity":"","overlay-gradient":""},"mobile":{"background-color":"","background-image":"","background-repeat":"repeat","background-position":"center center","background-size":"auto","background-attachment":"scroll","background-type":"","background-media":"","overlay-type":"","overlay-color":"","overlay-opacity":"","overlay-gradient":""}},"ast-content-background-meta":{"desktop":{"background-color":"var(--ast-global-color-5)","background-image":"","background-repeat":"repeat","background-position":"center center","background-size":"auto","background-attachment":"scroll","background-type":"","background-media":"","overlay-type":"","overlay-color":"","overlay-opacity":"","overlay-gradient":""},"tablet":{"background-color":"var(--ast-global-color-5)","background-image":"","background-repeat":"repeat","background-position":"center center","background-size":"auto","background-attachment":"scroll","background-type":"","background-media":"","overlay-type":"","overlay-color":"","overlay-opacity":"","overlay-gradient":""},"mobile":{"background-color":"var(--ast-global-color-5)","background-image":"","background-repeat":"repeat","background-position":"center center","background-size":"auto","background-attachment":"scroll","background-type":"","background-media":"","overlay-type":"","overlay-color":"","overlay-opacity":"","overlay-gradient":""}},"_themeisle_gutenberg_block_has_review":false},"product_brand":[],"product_cat":[101,107],"product_tag":[394],"class_list":{"0":"post-133382","1":"product","2":"type-product","3":"status-publish","4":"has-post-thumbnail","6":"product_cat-zubehoer","7":"product_cat-heizen","8":"product_tag-zubehoer-dachzelt-heizung","9":"product_shipping_class-tigerexped","10":"desktop-align-left","11":"tablet-align-left","12":"mobile-align-left","13":"ast-product-gallery-layout-vertical-slider","14":"ast-product-tabs-layout-horizontal","16":"first","17":"instock","18":"taxable","19":"shipping-taxable","20":"purchasable","21":"product-type-simple"},"exclude_global_add_ons":false,"addons":[{"name":"Bedienteil","type":"multiple_choice","position":0,"required":false,"title_format":"label","default":"","description_enable":false,"description":"","placeholder_enable":false,"placeholder":"","display":"images","restrictions_type":"any_text","adjust_price":false,"price":"","price_type":"flat_fee","restrictions":false,"min":"0","max":"0","options":[{"label":"Comfort Control","price":"89.95","price_type":"flat_fee","image":133378,"visibility":true}],"id":1762256259}],"uagb_featured_image_src":{"full":["https:\/\/dachzeltnomaden.com\/shop\/wp-content\/uploads\/2025\/10\/Dachzeltnomaden-shop-zubehoer-heizen-push-control-s-verbindungskabel_3.webp",800,800,false],"thumbnail":["https:\/\/dachzeltnomaden.com\/shop\/wp-content\/uploads\/2025\/10\/Dachzeltnomaden-shop-zubehoer-heizen-push-control-s-verbindungskabel_3-600x600.webp",600,600,true],"medium":["https:\/\/dachzeltnomaden.com\/shop\/wp-content\/uploads\/2025\/10\/Dachzeltnomaden-shop-zubehoer-heizen-push-control-s-verbindungskabel_3-300x300.webp",300,300,true],"medium_large":["https:\/\/dachzeltnomaden.com\/shop\/wp-content\/uploads\/2025\/10\/Dachzeltnomaden-shop-zubehoer-heizen-push-control-s-verbindungskabel_3-768x768.webp",768,768,true],"large":["https:\/\/dachzeltnomaden.com\/shop\/wp-content\/uploads\/2025\/10\/Dachzeltnomaden-shop-zubehoer-heizen-push-control-s-verbindungskabel_3-512x512.webp",512,512,true],"1536x1536":["https:\/\/dachzeltnomaden.com\/shop\/wp-content\/uploads\/2025\/10\/Dachzeltnomaden-shop-zubehoer-heizen-push-control-s-verbindungskabel_3.webp",800,800,false],"2048x2048":["https:\/\/dachzeltnomaden.com\/shop\/wp-content\/uploads\/2025\/10\/Dachzeltnomaden-shop-zubehoer-heizen-push-control-s-verbindungskabel_3.webp",800,800,false],"woocommerce_thumbnail":["https:\/\/dachzeltnomaden.com\/shop\/wp-content\/uploads\/2025\/10\/Dachzeltnomaden-shop-zubehoer-heizen-push-control-s-verbindungskabel_3-600x600.webp",600,600,true],"woocommerce_single":["https:\/\/dachzeltnomaden.com\/shop\/wp-content\/uploads\/2025\/10\/Dachzeltnomaden-shop-zubehoer-heizen-push-control-s-verbindungskabel_3.webp",800,800,false],"woocommerce_gallery_thumbnail":["https:\/\/dachzeltnomaden.com\/shop\/wp-content\/uploads\/2025\/10\/Dachzeltnomaden-shop-zubehoer-heizen-push-control-s-verbindungskabel_3-100x100.webp",100,100,true]},"uagb_author_info":{"display_name":"Jasmine","author_link":"https:\/\/dachzeltnomaden.com\/shop\/author\/"},"uagb_comment_info":0,"uagb_excerpt":"Komfort pur! Push Control S &amp; Verbindungskabel f\u00fcr Comfort Control NEU: Das Autoterm Push Control erm\u00f6glicht eine simple Steuerung von [&hellip;]","_links":{"self":[{"href":"https:\/\/dachzeltnomaden.com\/shop\/wp-json\/wp\/v2\/product\/133382","targetHints":{"allow":["GET"]}}],"collection":[{"href":"https:\/\/dachzeltnomaden.com\/shop\/wp-json\/wp\/v2\/product"}],"about":[{"href":"https:\/\/dachzeltnomaden.com\/shop\/wp-json\/wp\/v2\/types\/product"}],"wp:featuredmedia":[{"embeddable":true,"href":"https:\/\/dachzeltnomaden.com\/shop\/wp-json\/wp\/v2\/media\/133388"}],"wp:attachment":[{"href":"https:\/\/dachzeltnomaden.com\/shop\/wp-json\/wp\/v2\/media?parent=133382"}],"wp:term":[{"taxonomy":"product_brand","embeddable":true,"href":"https:\/\/dachzeltnomaden.com\/shop\/wp-json\/wp\/v2\/product_brand?post=133382"},{"taxonomy":"product_cat","embeddable":true,"href":"https:\/\/dachzeltnomaden.com\/shop\/wp-json\/wp\/v2\/product_cat?post=133382"},{"taxonomy":"product_tag","embeddable":true,"href":"https:\/\/dachzeltnomaden.com\/shop\/wp-json\/wp\/v2\/product_tag?post=133382"}],"curies":[{"name":"wp","href":"https:\/\/api.w.org\/{rel}","templated":true}]}}