{"id":133377,"date":"2025-10-30T04:46:31","date_gmt":"2025-10-30T03:46:31","guid":{"rendered":"https:\/\/dachzeltnomaden.com\/shop\/?post_type=product&#038;p=133377"},"modified":"2025-11-19T11:43:12","modified_gmt":"2025-11-19T10:43:12","slug":"autoterm-comfort-control-bedienteil-fuer-autoterm-standheizungen","status":"publish","type":"product","link":"https:\/\/dachzeltnomaden.com\/shop\/produkt\/autoterm-comfort-control-bedienteil-fuer-autoterm-standheizungen\/","title":{"rendered":"Autoterm Comfort Control Bedienteil f\u00fcr Autoterm Standheizungen"},"content":{"rendered":"\n<div class=\"wp-block-uagb-container uagb-block-be52fc24 default uagb-is-root-container\">\n<div class=\"wp-block-uagb-advanced-heading uagb-block-b21af034\"><p class=\"uagb-desc-text\">Komfort pur!<\/p><h2 class=\"uagb-heading-text\">Autoterm Comfort Control Bedienteil f\u00fcr Autoterm\/Planar Standheizungen<\/h2><div class=\"uagb-separator\"><\/div><\/div>\n\n\n\n<p style=\"margin-bottom:0px\">Das neue, verbesserte Bedienteil f\u00fcr die Autoterm\/ Planar Standheizung. Mit drei frei einstellbaren Timern f\u00fcr beliebige Wochentage, erweiterten Heiz-Modi (inkl. Thermostat-Modus), Spannungs\u00fcberwachung uvm. Multifunktions-Drehrad mit angenehm griffiger Gummibeschichtung und OLED-Display. Kleinere Einbauma\u00dfe, komfortablere Nutzung, schickeres Design.<br><br>Das Autoterm Comfort Control beinhaltet alle Verbesserungen, die sich die Kunden von Autoterm\/ Planar Standheizungen von den Vorg\u00e4nger-Bedienteilen w\u00fcnschten. Die konsequente Umsetzung dieser Wunschliste f\u00fchrte in der Entwicklung zu einem nie dagewesenen Produkt-Beta-Test, den tigerexped in Zusammenarbeit mit dem Hersteller Autoterm und engagierten Kunden durchgef\u00fchrt haben.<\/p>\n<\/div>\n\n\n\n<div class=\"wp-block-uagb-container uagb-block-ae00b476 default uagb-is-root-container\">\n<div class=\"wp-block-uagb-container uagb-block-3d544ad6\">\n<figure class=\"wp-block-gallery has-nested-images columns-2 is-cropped wp-block-gallery-1 is-layout-flex wp-block-gallery-is-layout-flex\">\n<figure class=\"wp-block-image size-full has-custom-border\"><img decoding=\"async\" width=\"800\" height=\"800\" data-id=\"133378\" src=\"https:\/\/dachzeltnomaden.com\/shop\/wp-content\/uploads\/2025\/10\/dachzeltnomaden-shop-zubehoer-heizen-autoterm-comfort-control-bedienteil-planar-standheizung.webp\" alt=\"Autoterm Comfort Control Bedienteil f\u00fcr Autoterm\/Planar Standheizungen kaufen\" class=\"wp-image-133378\" style=\"border-radius:10px\" srcset=\"https:\/\/dachzeltnomaden.com\/shop\/wp-content\/uploads\/2025\/10\/dachzeltnomaden-shop-zubehoer-heizen-autoterm-comfort-control-bedienteil-planar-standheizung.webp 800w, https:\/\/dachzeltnomaden.com\/shop\/wp-content\/uploads\/2025\/10\/dachzeltnomaden-shop-zubehoer-heizen-autoterm-comfort-control-bedienteil-planar-standheizung-300x300.webp 300w, https:\/\/dachzeltnomaden.com\/shop\/wp-content\/uploads\/2025\/10\/dachzeltnomaden-shop-zubehoer-heizen-autoterm-comfort-control-bedienteil-planar-standheizung-512x512.webp 512w, https:\/\/dachzeltnomaden.com\/shop\/wp-content\/uploads\/2025\/10\/dachzeltnomaden-shop-zubehoer-heizen-autoterm-comfort-control-bedienteil-planar-standheizung-600x600.webp 600w, https:\/\/dachzeltnomaden.com\/shop\/wp-content\/uploads\/2025\/10\/dachzeltnomaden-shop-zubehoer-heizen-autoterm-comfort-control-bedienteil-planar-standheizung-768x768.webp 768w, https:\/\/dachzeltnomaden.com\/shop\/wp-content\/uploads\/2025\/10\/dachzeltnomaden-shop-zubehoer-heizen-autoterm-comfort-control-bedienteil-planar-standheizung-100x100.webp 100w\" sizes=\"(max-width: 800px) 100vw, 800px\" \/><\/figure>\n\n\n\n<figure class=\"wp-block-image size-full has-custom-border\"><img decoding=\"async\" width=\"800\" height=\"800\" data-id=\"133381\" src=\"https:\/\/dachzeltnomaden.com\/shop\/wp-content\/uploads\/2025\/10\/dachzeltnomaden-shop-zubehoer-heizen-autoterm-comfort-control-bedienteil-planar-standheizung_2.webp\" alt=\"Autoterm Comfort Control Bedienteil f\u00fcr Autoterm\/Planar Standheizungen kaufen\" class=\"wp-image-133381\" style=\"border-radius:10px\" srcset=\"https:\/\/dachzeltnomaden.com\/shop\/wp-content\/uploads\/2025\/10\/dachzeltnomaden-shop-zubehoer-heizen-autoterm-comfort-control-bedienteil-planar-standheizung_2.webp 800w, https:\/\/dachzeltnomaden.com\/shop\/wp-content\/uploads\/2025\/10\/dachzeltnomaden-shop-zubehoer-heizen-autoterm-comfort-control-bedienteil-planar-standheizung_2-300x300.webp 300w, https:\/\/dachzeltnomaden.com\/shop\/wp-content\/uploads\/2025\/10\/dachzeltnomaden-shop-zubehoer-heizen-autoterm-comfort-control-bedienteil-planar-standheizung_2-512x512.webp 512w, https:\/\/dachzeltnomaden.com\/shop\/wp-content\/uploads\/2025\/10\/dachzeltnomaden-shop-zubehoer-heizen-autoterm-comfort-control-bedienteil-planar-standheizung_2-600x600.webp 600w, https:\/\/dachzeltnomaden.com\/shop\/wp-content\/uploads\/2025\/10\/dachzeltnomaden-shop-zubehoer-heizen-autoterm-comfort-control-bedienteil-planar-standheizung_2-768x768.webp 768w, https:\/\/dachzeltnomaden.com\/shop\/wp-content\/uploads\/2025\/10\/dachzeltnomaden-shop-zubehoer-heizen-autoterm-comfort-control-bedienteil-planar-standheizung_2-100x100.webp 100w\" sizes=\"(max-width: 800px) 100vw, 800px\" \/><\/figure>\n\n\n\n<figure class=\"wp-block-image size-full has-custom-border\"><img decoding=\"async\" width=\"800\" height=\"800\" data-id=\"133380\" src=\"https:\/\/dachzeltnomaden.com\/shop\/wp-content\/uploads\/2025\/10\/dachzeltnomaden-shop-zubehoer-heizen-autoterm-comfort-control-bedienteil-planar-standheizung_3.webp\" alt=\"Autoterm Comfort Control Bedienteil f\u00fcr Autoterm\/Planar Standheizungen kaufen\" class=\"wp-image-133380\" style=\"border-radius:10px\" srcset=\"https:\/\/dachzeltnomaden.com\/shop\/wp-content\/uploads\/2025\/10\/dachzeltnomaden-shop-zubehoer-heizen-autoterm-comfort-control-bedienteil-planar-standheizung_3.webp 800w, https:\/\/dachzeltnomaden.com\/shop\/wp-content\/uploads\/2025\/10\/dachzeltnomaden-shop-zubehoer-heizen-autoterm-comfort-control-bedienteil-planar-standheizung_3-300x300.webp 300w, https:\/\/dachzeltnomaden.com\/shop\/wp-content\/uploads\/2025\/10\/dachzeltnomaden-shop-zubehoer-heizen-autoterm-comfort-control-bedienteil-planar-standheizung_3-512x512.webp 512w, https:\/\/dachzeltnomaden.com\/shop\/wp-content\/uploads\/2025\/10\/dachzeltnomaden-shop-zubehoer-heizen-autoterm-comfort-control-bedienteil-planar-standheizung_3-600x600.webp 600w, https:\/\/dachzeltnomaden.com\/shop\/wp-content\/uploads\/2025\/10\/dachzeltnomaden-shop-zubehoer-heizen-autoterm-comfort-control-bedienteil-planar-standheizung_3-768x768.webp 768w, https:\/\/dachzeltnomaden.com\/shop\/wp-content\/uploads\/2025\/10\/dachzeltnomaden-shop-zubehoer-heizen-autoterm-comfort-control-bedienteil-planar-standheizung_3-100x100.webp 100w\" sizes=\"(max-width: 800px) 100vw, 800px\" \/><\/figure>\n\n\n\n<figure class=\"wp-block-image size-full has-custom-border\"><img decoding=\"async\" width=\"800\" height=\"800\" data-id=\"133379\" src=\"https:\/\/dachzeltnomaden.com\/shop\/wp-content\/uploads\/2025\/10\/dachzeltnomaden-shop-zubehoer-heizen-autoterm-comfort-control-bedienteil-planar-standheizung_4.webp\" alt=\"Autoterm Comfort Control Bedienteil f\u00fcr Autoterm\/Planar Standheizungen kaufen\" class=\"wp-image-133379\" style=\"border-radius:10px\" srcset=\"https:\/\/dachzeltnomaden.com\/shop\/wp-content\/uploads\/2025\/10\/dachzeltnomaden-shop-zubehoer-heizen-autoterm-comfort-control-bedienteil-planar-standheizung_4.webp 800w, https:\/\/dachzeltnomaden.com\/shop\/wp-content\/uploads\/2025\/10\/dachzeltnomaden-shop-zubehoer-heizen-autoterm-comfort-control-bedienteil-planar-standheizung_4-300x300.webp 300w, https:\/\/dachzeltnomaden.com\/shop\/wp-content\/uploads\/2025\/10\/dachzeltnomaden-shop-zubehoer-heizen-autoterm-comfort-control-bedienteil-planar-standheizung_4-512x512.webp 512w, https:\/\/dachzeltnomaden.com\/shop\/wp-content\/uploads\/2025\/10\/dachzeltnomaden-shop-zubehoer-heizen-autoterm-comfort-control-bedienteil-planar-standheizung_4-600x600.webp 600w, https:\/\/dachzeltnomaden.com\/shop\/wp-content\/uploads\/2025\/10\/dachzeltnomaden-shop-zubehoer-heizen-autoterm-comfort-control-bedienteil-planar-standheizung_4-768x768.webp 768w, https:\/\/dachzeltnomaden.com\/shop\/wp-content\/uploads\/2025\/10\/dachzeltnomaden-shop-zubehoer-heizen-autoterm-comfort-control-bedienteil-planar-standheizung_4-100x100.webp 100w\" sizes=\"(max-width: 800px) 100vw, 800px\" \/><\/figure>\n<\/figure>\n<\/div>\n\n\n\n<div class=\"wp-block-uagb-container uagb-block-76ea1ad4\">\n<h4 class=\"wp-block-heading\" style=\"margin-top:0px;margin-bottom:0px\">Eigenschaften<\/h4>\n\n\n\n<ul style=\"margin-top:10px\" class=\"wp-block-list\">\n<li>Multifunktionales Drehrad mit intuitiver Men\u00fcf\u00fchrung<\/li>\n\n\n\n<li>Eine Zur\u00fcck-Taste zum Aufrufen des vorherigen Bildschirms + Schnelltaste zum Starten oder Stoppen, ohne das Men\u00fc aufzurufen oder Timer zu aktivieren\/ deaktivieren.<\/li>\n\n\n\n<li><strong>Gr\u00f6\u00dfe:<\/strong>  82 x 37 x 19 mm<\/li>\n\n\n\n<li>Deutsche Men\u00fcf\u00fchrung<\/li>\n\n\n\n<li>4 verschiedenen Heizmodi<\/li>\n\n\n\n<li>Hysterese zwischen +3 und -7\u00b0C frei w\u00e4hlbar<\/li>\n\n\n\n<li>L\u00fcfterfunktion<\/li>\n\n\n\n<li>Spannungs\u00fcberwachung mit einstellbarer unterer Spannungsgrenze<\/li>\n\n\n\n<li>Freibrenn-Erinnerung<\/li>\n\n\n\n<li>Timer-Funktion<\/li>\n\n\n\n<li>Plug &amp; Play- Anschluss<\/li>\n<\/ul>\n<\/div>\n<\/div>\n\n\n\n<div class=\"wp-block-uagb-advanced-heading uagb-block-529afe18\"><h3 class=\"uagb-heading-text\">Neues Bedienteil &#8211; Was kann es besser<\/h3><\/div>\n\n\n\n<div class=\"wp-block-uagb-advanced-heading uagb-block-4112a72b\"><h4 class=\"uagb-heading-text\">Design und Bedienung<\/h4><\/div>\n\n\n\n<p>Schon \u00e4u\u00dferlich unterscheidet sich das neue Bedienteil f\u00fcr die Dieselstandheizungen ziemlich vom bisher bekannten OLED Bedienteil PU-27. Das Design ist moderner geworden, die gro\u00dfen Kn\u00f6pfe durch ein schickes, multifunktionales Drehrad mit intuitiver Men\u00fcf\u00fchrung ersetzt.<br><br>Daneben verf\u00fcgt das Bedienteil \u00fcber zwei weitere Tasten. Eine Zur\u00fcck-Taste zum Aufrufen des vorherigen Bildschirms und eine Schnelltaste, mit der man die Standheizung starten oder stoppen kann, ohne das Men\u00fc aufzurufen oder Timer zu aktivieren oder deaktivieren.<br><br>Das Comfort Control ben\u00f6tigt trotz einer gr\u00f6\u00dferen Vielzahl an Funktionen und angezeigter Informationen, weniger Einbauplatz, als das Vorg\u00e4nger-OLED Bedienteil PU-27. Mit nur 82 x 37 x 19 mm, passt es dezent in jeden Winkel des Campers. Egal, ob du die Anzeigen f\u00fcr Ger\u00e4te lieber gut sichtbar oder gut versteckt h\u00e4ltst: Seine Ma\u00dfe machen es klein genug, um das spezielle Design eines Campers nicht zu st\u00f6ren, aber seine Optik macht es auch schick genug, um es&nbsp; jederzeit &#8220;im Auge zu behalten&#8221;.<\/p>\n\n\n\n<div class=\"wp-block-uagb-advanced-heading uagb-block-725968d4\"><h4 class=\"uagb-heading-text\">Men\u00fcf\u00fchrung: Jetzt auch in Deutsch<\/h4><\/div>\n\n\n\n<p>Die Sprachauswahl der bisher verf\u00fcgbaren Bedienteile beschr\u00e4nkte sich auf die Sprachen Russisch und Englisch. Mit dem Autoterm Comfort Control (kurz: ACC), ist erstmals auch eine Deutsche Men\u00fcf\u00fchrung programmiert.<\/p>\n\n\n\n<div class=\"wp-block-uagb-advanced-heading uagb-block-56a9f4e6\"><h4 class=\"uagb-heading-text\">Funktionen &#8211; In welchen Heiz-Modi kann das Comfort Control die Standheizung steuern?<\/h4><\/div>\n\n\n\n<p>Die Autoterm\/ Planar Standheizung kann mit dem neuen Comfort Control Bedienteil in vier verschiedenen Heizmodi betrieben werden. Dazu geh\u00f6ren der Leistungsmodus, Temperaturmodus, Heizen und L\u00fcften sowie ein Thermostatmodus.<\/p>\n\n\n\n<div class=\"wp-block-uagb-advanced-heading uagb-block-a8fd1330\"><h4 class=\"uagb-heading-text\">NEU: Die Thermostat-Funktion<\/h4><\/div>\n\n\n\n<p>Die Heizung l\u00e4uft dabei im Volllastbetrieb bis zum Erreichen der oberen Zieltemperatur. Dann schaltet sie ab und startet bei Erreichen der unteren Zieltemperatur automatisch wieder im Volllastmodus.<br><br>Die Hysterese ist zwischen +3 und -7\u00b0C frei w\u00e4hlbar.<\/p>\n\n\n\n<div class=\"wp-block-uagb-advanced-heading uagb-block-13168a00\"><h4 class=\"uagb-heading-text\">Heizen und L\u00fcften<\/h4><\/div>\n\n\n\n<p>Dabei heizt das Ger\u00e4t so lange, bis die vorgew\u00e4hlte Temperatur um 1 Grad \u00fcberschritten ist. Danach schaltet die Verbrennung ab und die Heizung l\u00e4uft im L\u00fcften-Modus, bis die Temperatur um 5 Grad unter die voreingestellte Temperatur gefallen ist. Der Heizvorgang wird danach automatisch wieder fortgesetzt.<\/p>\n\n\n\n<div class=\"wp-block-uagb-advanced-heading uagb-block-9ebd3e59\"><h4 class=\"uagb-heading-text\">Leistungsmodus<\/h4><\/div>\n\n\n\n<p>Eine bestimmte Heizleistung wird vorausgew\u00e4hlt und egal wie hoch oder tief die Umgebungstemperatur ist &#8211; die Standheizung l\u00e4uft mit genau dieser ausgew\u00e4hlten Leistung immer weiter durch.<\/p>\n\n\n\n<div class=\"wp-block-uagb-advanced-heading uagb-block-a5aefe15\"><h4 class=\"uagb-heading-text\">Temperaturmodus<\/h4><\/div>\n\n\n\n<p>Im&nbsp;diesem Betriebsmodus&nbsp;regelt die Heizung bei Ann\u00e4herung an die obere Zieltemperatur langsam herunter, bis diese erreicht ist. Dann schaltet sie ab und startet beim Unterschreiten der unteren Zieltemperatur wieder in kleiner Stufe.&nbsp;<br><br>Die Hysterese ist dabei&nbsp;fest mit +1\/-4 Grad Celsius eingestellt.<\/p>\n\n\n\n<div class=\"wp-block-uagb-advanced-heading uagb-block-bbfd9aa0\"><h4 class=\"uagb-heading-text\">L\u00fcfterfunktion<\/h4><\/div>\n\n\n\n<p>Wie mit den Bedienteilen PU-5 und PU-27, kann die Standheizung nat\u00fcrlich auch mit dem Bedienteil Comfort Control im L\u00fcftermodus betrieben werden, um die Luftzirkulation im Reisefahrzeug deutlich zu verbessern. Dies beugt sowohl zum Beispiel Stauw\u00e4rme wie auch Schimmelbildung bei hoher Luftfeuchtigkeit vor.<\/p>\n\n\n\n<div class=\"wp-block-uagb-advanced-heading uagb-block-18640cb1\"><h4 class=\"uagb-heading-text\">Spannungs\u00fcberwachung<\/h4><\/div>\n\n\n\n<p>Autoterm\/ Planar Standheizungen verbrauchen wenig Strom. Dennoch kommen nat\u00fcrlich auch sie nicht ganz ohne aus. Um ein ungewollt tiefes Entladen der Batterien zu vermeiden, bietet das Comfort Control eine Spannungs\u00fcberwachung. Die untere Spannungsgrenze ist vom Benutzer einstellbar, wird diese erreicht, schaltet die Heizung automatisch ab.<\/p>\n\n\n\n<div class=\"wp-block-uagb-advanced-heading uagb-block-e000b8a0\"><h4 class=\"uagb-heading-text\">Freibrenn-Erinnerung<\/h4><\/div>\n\n\n\n<p>Damit ein mit Diesel betriebenes Ger\u00e4t (egal ob Automotor oder eine Dieselstandheizung) Freude durch ein langes Leben bei einwandfreier Funktion bescheren kann, muss es in einem entsprechenden Leistungsbereich betrieben werden. Genau wie ein Dieselmotor muss deswegen auch eine Standheizung im Camper mal &#8220;freigefahren&#8221;, sprich freigebrannt werden, wenn sie ansonsten viel in einem kleinen Lastbereich arbeitet. Leider geht dies allzu schnell in Vergessenheit, die Brennkammer verru\u00dft und Leistungseinbu\u00dfen bis hin zu einer nicht mehr startenden Heizung kann die Folge sein.<br><br>Das Autoterm Comfort Control passt mit auf, dass das nicht passiert. Es erinnert dich in regelm\u00e4\u00dfigen Abst\u00e4nden daran, die Heizung freizubrennen, damit du immer bekommst, was du von einer Autoterm\/ Planar Standheizung erwartest: Eine zuverl\u00e4ssige Heizleistung in deinem Camper, egal wo du unterwegs bist.<\/p>\n\n\n\n<div class=\"wp-block-uagb-advanced-heading uagb-block-3c44015b\"><h4 class=\"uagb-heading-text\">Timer-Funktion<\/h4><\/div>\n\n\n\n<p>Im Men\u00fc k\u00f6nnen drei unterschiedliche Timer eingestellt werden. Die Heizung startet dann jeweils im eingestellten Betriebsmodus f\u00fcr die eingestellte Dauer. Man kann hierbei zwischen den Einstellungen &#8220;jeden Tag&#8221;, &#8220;jeden Werktag&#8221; (Mo &#8211; Fr) oder &#8220;frei w\u00e4hlbare Tage&#8221; w\u00e4hlen.<br><br>Sind Timer aktiviert, zeigt dies das Display durch eine gr\u00fcn blinkende LED Anzeige an.<\/p>\n\n\n\n<div class=\"wp-block-uagb-advanced-heading uagb-block-036098ff\"><h4 class=\"uagb-heading-text\">Weitere Verbesserungen<\/h4><\/div>\n\n\n\n<p>Dies sind nur die wichtigsten des insgesamt komplett neu konzipierten Bedienteils f\u00fcr die Autoterm \/ Planar Standheizungen. Das Comfort Control bietet weitere Features, wie die Anzeige der Uhrzeit, eine optimierte Fehleranzeige, oder auch ein verbesserter Temperaturf\u00fchler.<\/p>\n\n\n\n<div class=\"wp-block-uagb-advanced-heading uagb-block-da349cb2\"><h4 class=\"uagb-heading-text\">Anschluss<\/h4><\/div>\n\n\n\n<p>Der Anschluss erfolgt im Plug &amp; Play Verfahren, auch im Austausch mit anderen Bedienteilen wie PU-5 oder PU-27.<br><br><strong>NEUE, OPTIONALE M\u00d6GLICHKEIT<\/strong>:<br><br>Steuerung der Heizung von zwei unterschiedlichen Orten: In Verbindung mit dem Comfort Control Panel kann die Heizung mithilfe des neuen <a href=\"https:\/\/dachzeltnomaden.com\/shop\/produkt\/push-control-s-verbindungskabel-fuer-comfort-control\/\" target=\"_blank\" rel=\"noreferrer noopener\"><strong>Push Control <\/strong><\/a>nun\u00a0von einem zweiten Platz aus gesteuert werden. Bei dem Push Control handelt es sich um einen kompakten Knopf f\u00fcr die Grundeinstellung der Heizung in\u00a0mehreren Leistungsstufen.\u00a0Du kannst ihn optional mitbestellen und so z. B. vom Fahrersitz, aber auch vom Bett aus bequem die Heizung steuern.<br><br>*Dies ist ein reines Vermittlungsgesch\u00e4ft. Wenn du dich f\u00fcr den Kauf eines Bedienteils entscheidest, erhalten die Dachzeltnomaden eine Provision. Damit unterst\u00fctzt du uns &amp; unsere Arbeit. \u00a0Verkauf und Versand erfolgt \u00fcber <a href=\"https:\/\/www.tigerexped.de\/\" data-type=\"link\" data-id=\"https:\/\/www.tigerexped.de\/\" target=\"_blank\" rel=\"noopener\">tigerexped<\/a>.\u00a0Hier findest du <a href=\"https:\/\/www.tigerexped.de\/AGB\" data-type=\"link\" data-id=\"https:\/\/www.tigerexped.de\/AGB\" target=\"_blank\" rel=\"noopener\">die AGBs<\/a> von tigerexped. Mit dem Kauf best\u00e4tigst du diese AGBs.<\/p>\n","protected":false},"excerpt":{"rendered":"<p>Komfort pur! Autoterm Comfort Control Bedienteil f\u00fcr Autoterm\/Planar Standheizungen Das neue, verbesserte Bedienteil f\u00fcr die Autoterm\/ Planar Standheizung. Mit drei [&hellip;]<\/p>\n","protected":false},"featured_media":133378,"template":"","meta":{"_uag_custom_page_level_css":"","site-sidebar-layout":"default","site-content-layout":"","ast-site-content-layout":"default","site-content-style":"default","site-sidebar-style":"default","ast-global-header-display":"","ast-banner-title-visibility":"","ast-main-header-display":"","ast-hfb-above-header-display":"","ast-hfb-below-header-display":"","ast-hfb-mobile-header-display":"","site-post-title":"","ast-breadcrumbs-content":"","ast-featured-img":"","footer-sml-layout":"","ast-disable-related-posts":"","theme-transparent-header-meta":"","adv-header-id-meta":"","stick-header-meta":"","header-above-stick-meta":"","header-main-stick-meta":"","header-below-stick-meta":"","astra-migrate-meta-layouts":"default","ast-page-background-enabled":"default","ast-page-background-meta":{"desktop":{"background-color":"var(--ast-global-color-4)","background-image":"","background-repeat":"repeat","background-position":"center center","background-size":"auto","background-attachment":"scroll","background-type":"","background-media":"","overlay-type":"","overlay-color":"","overlay-opacity":"","overlay-gradient":""},"tablet":{"background-color":"","background-image":"","background-repeat":"repeat","background-position":"center center","background-size":"auto","background-attachment":"scroll","background-type":"","background-media":"","overlay-type":"","overlay-color":"","overlay-opacity":"","overlay-gradient":""},"mobile":{"background-color":"","background-image":"","background-repeat":"repeat","background-position":"center center","background-size":"auto","background-attachment":"scroll","background-type":"","background-media":"","overlay-type":"","overlay-color":"","overlay-opacity":"","overlay-gradient":""}},"ast-content-background-meta":{"desktop":{"background-color":"var(--ast-global-color-5)","background-image":"","background-repeat":"repeat","background-position":"center center","background-size":"auto","background-attachment":"scroll","background-type":"","background-media":"","overlay-type":"","overlay-color":"","overlay-opacity":"","overlay-gradient":""},"tablet":{"background-color":"var(--ast-global-color-5)","background-image":"","background-repeat":"repeat","background-position":"center center","background-size":"auto","background-attachment":"scroll","background-type":"","background-media":"","overlay-type":"","overlay-color":"","overlay-opacity":"","overlay-gradient":""},"mobile":{"background-color":"var(--ast-global-color-5)","background-image":"","background-repeat":"repeat","background-position":"center center","background-size":"auto","background-attachment":"scroll","background-type":"","background-media":"","overlay-type":"","overlay-color":"","overlay-opacity":"","overlay-gradient":""}},"_themeisle_gutenberg_block_has_review":false},"product_brand":[],"product_cat":[101,107],"product_tag":[382,393],"class_list":{"0":"post-133377","1":"product","2":"type-product","3":"status-publish","4":"has-post-thumbnail","6":"product_cat-zubehoer","7":"product_cat-heizen","8":"product_tag-dachzelt-heizung","9":"product_tag-bedienteil","10":"product_shipping_class-tigerexped","11":"desktop-align-left","12":"tablet-align-left","13":"mobile-align-left","14":"ast-product-gallery-layout-vertical-slider","15":"ast-product-tabs-layout-horizontal","17":"first","18":"instock","19":"taxable","20":"shipping-taxable","21":"purchasable","22":"product-type-simple"},"exclude_global_add_ons":[],"addons":[],"uagb_featured_image_src":{"full":["https:\/\/dachzeltnomaden.com\/shop\/wp-content\/uploads\/2025\/10\/dachzeltnomaden-shop-zubehoer-heizen-autoterm-comfort-control-bedienteil-planar-standheizung.webp",800,800,false],"thumbnail":["https:\/\/dachzeltnomaden.com\/shop\/wp-content\/uploads\/2025\/10\/dachzeltnomaden-shop-zubehoer-heizen-autoterm-comfort-control-bedienteil-planar-standheizung-600x600.webp",600,600,true],"medium":["https:\/\/dachzeltnomaden.com\/shop\/wp-content\/uploads\/2025\/10\/dachzeltnomaden-shop-zubehoer-heizen-autoterm-comfort-control-bedienteil-planar-standheizung-300x300.webp",300,300,true],"medium_large":["https:\/\/dachzeltnomaden.com\/shop\/wp-content\/uploads\/2025\/10\/dachzeltnomaden-shop-zubehoer-heizen-autoterm-comfort-control-bedienteil-planar-standheizung-768x768.webp",768,768,true],"large":["https:\/\/dachzeltnomaden.com\/shop\/wp-content\/uploads\/2025\/10\/dachzeltnomaden-shop-zubehoer-heizen-autoterm-comfort-control-bedienteil-planar-standheizung-512x512.webp",512,512,true],"1536x1536":["https:\/\/dachzeltnomaden.com\/shop\/wp-content\/uploads\/2025\/10\/dachzeltnomaden-shop-zubehoer-heizen-autoterm-comfort-control-bedienteil-planar-standheizung.webp",800,800,false],"2048x2048":["https:\/\/dachzeltnomaden.com\/shop\/wp-content\/uploads\/2025\/10\/dachzeltnomaden-shop-zubehoer-heizen-autoterm-comfort-control-bedienteil-planar-standheizung.webp",800,800,false],"woocommerce_thumbnail":["https:\/\/dachzeltnomaden.com\/shop\/wp-content\/uploads\/2025\/10\/dachzeltnomaden-shop-zubehoer-heizen-autoterm-comfort-control-bedienteil-planar-standheizung-600x600.webp",600,600,true],"woocommerce_single":["https:\/\/dachzeltnomaden.com\/shop\/wp-content\/uploads\/2025\/10\/dachzeltnomaden-shop-zubehoer-heizen-autoterm-comfort-control-bedienteil-planar-standheizung.webp",800,800,false],"woocommerce_gallery_thumbnail":["https:\/\/dachzeltnomaden.com\/shop\/wp-content\/uploads\/2025\/10\/dachzeltnomaden-shop-zubehoer-heizen-autoterm-comfort-control-bedienteil-planar-standheizung-100x100.webp",100,100,true]},"uagb_author_info":{"display_name":"Jasmine","author_link":"https:\/\/dachzeltnomaden.com\/shop\/author\/"},"uagb_comment_info":0,"uagb_excerpt":"Komfort pur! Autoterm Comfort Control Bedienteil f\u00fcr Autoterm\/Planar Standheizungen Das neue, verbesserte Bedienteil f\u00fcr die Autoterm\/ Planar Standheizung. Mit drei [&hellip;]","_links":{"self":[{"href":"https:\/\/dachzeltnomaden.com\/shop\/wp-json\/wp\/v2\/product\/133377","targetHints":{"allow":["GET"]}}],"collection":[{"href":"https:\/\/dachzeltnomaden.com\/shop\/wp-json\/wp\/v2\/product"}],"about":[{"href":"https:\/\/dachzeltnomaden.com\/shop\/wp-json\/wp\/v2\/types\/product"}],"wp:featuredmedia":[{"embeddable":true,"href":"https:\/\/dachzeltnomaden.com\/shop\/wp-json\/wp\/v2\/media\/133378"}],"wp:attachment":[{"href":"https:\/\/dachzeltnomaden.com\/shop\/wp-json\/wp\/v2\/media?parent=133377"}],"wp:term":[{"taxonomy":"product_brand","embeddable":true,"href":"https:\/\/dachzeltnomaden.com\/shop\/wp-json\/wp\/v2\/product_brand?post=133377"},{"taxonomy":"product_cat","embeddable":true,"href":"https:\/\/dachzeltnomaden.com\/shop\/wp-json\/wp\/v2\/product_cat?post=133377"},{"taxonomy":"product_tag","embeddable":true,"href":"https:\/\/dachzeltnomaden.com\/shop\/wp-json\/wp\/v2\/product_tag?post=133377"}],"curies":[{"name":"wp","href":"https:\/\/api.w.org\/{rel}","templated":true}]}}