{"id":133375,"date":"2025-10-30T04:00:22","date_gmt":"2025-10-30T03:00:22","guid":{"rendered":"https:\/\/dachzeltnomaden.com\/shop\/?post_type=product&#038;p=133375"},"modified":"2025-11-19T11:43:12","modified_gmt":"2025-11-19T10:43:12","slug":"warmluftschlauch-60-mm-hitzebestaendig-fuer-ausseneinsatz","status":"publish","type":"product","link":"https:\/\/dachzeltnomaden.com\/shop\/produkt\/warmluftschlauch-60-mm-hitzebestaendig-fuer-ausseneinsatz\/","title":{"rendered":"Warmluftschlauch 60 mm hitzebest\u00e4ndig f\u00fcr Ausseneinsatz"},"content":{"rendered":"\n<div class=\"wp-block-uagb-container uagb-block-be52fc24 default uagb-is-root-container\">\n<div class=\"wp-block-uagb-advanced-heading uagb-block-b21af034\"><p class=\"uagb-desc-text\">Mobile W\u00e4rme!<\/p><h2 class=\"uagb-heading-text\">Warmluftschlauch 60 mm hitzebest\u00e4ndig f\u00fcr Ausseneinsatz<\/h2><div class=\"uagb-separator\"><\/div><\/div>\n\n\n\n<p style=\"margin-bottom:0px\">Warmluftschlauch 60 mm hitzebest\u00e4ndig f\u00fcr Ausseneinsatz in Dachzelt Heizungen und \u00e4hnlichen Projekten.<\/p>\n\n\n\n<ul class=\"wp-block-list\">\n<li>Meterware<\/li>\n\n\n\n<li>Max. L\u00e4nge am St\u00fcck 10m<\/li>\n\n\n\n<li>Innendurchmesser 60 mm<\/li>\n\n\n\n<li>Au\u00dfendurchmesser 66 mm<\/li>\n\n\n\n<li>Biegeradius 60 mm<\/li>\n\n\n\n<li>\u00dcberdruck 1,0 bar<\/li>\n\n\n\n<li>Unterdruck 0,25 bar<\/li>\n<\/ul>\n<\/div>\n\n\n\n<div class=\"wp-block-uagb-container uagb-block-ae00b476 default uagb-is-root-container\">\n<div class=\"wp-block-uagb-container uagb-block-3d544ad6\">\n<figure class=\"wp-block-gallery has-nested-images columns-2 is-cropped wp-block-gallery-1 is-layout-flex wp-block-gallery-is-layout-flex\">\n<figure class=\"wp-block-image size-full has-custom-border\"><img decoding=\"async\" width=\"800\" height=\"800\" data-id=\"133376\" src=\"https:\/\/dachzeltnomaden.com\/shop\/wp-content\/uploads\/2025\/10\/dachzeltnomaden-shop-zubehoer-heizen-warmluftschlauch-60mm-hitzebestaendig-aussen-dachzelt-heizung-kaufen.webp\" alt=\"Warmluftschlauch 60mm hitzebest\u00e4ndig f\u00fcr Ausseneinsatz kaufen dachzelt heizung standheizung\" class=\"wp-image-133376\" style=\"border-radius:10px\" srcset=\"https:\/\/dachzeltnomaden.com\/shop\/wp-content\/uploads\/2025\/10\/dachzeltnomaden-shop-zubehoer-heizen-warmluftschlauch-60mm-hitzebestaendig-aussen-dachzelt-heizung-kaufen.webp 800w, https:\/\/dachzeltnomaden.com\/shop\/wp-content\/uploads\/2025\/10\/dachzeltnomaden-shop-zubehoer-heizen-warmluftschlauch-60mm-hitzebestaendig-aussen-dachzelt-heizung-kaufen-300x300.webp 300w, https:\/\/dachzeltnomaden.com\/shop\/wp-content\/uploads\/2025\/10\/dachzeltnomaden-shop-zubehoer-heizen-warmluftschlauch-60mm-hitzebestaendig-aussen-dachzelt-heizung-kaufen-512x512.webp 512w, https:\/\/dachzeltnomaden.com\/shop\/wp-content\/uploads\/2025\/10\/dachzeltnomaden-shop-zubehoer-heizen-warmluftschlauch-60mm-hitzebestaendig-aussen-dachzelt-heizung-kaufen-600x600.webp 600w, https:\/\/dachzeltnomaden.com\/shop\/wp-content\/uploads\/2025\/10\/dachzeltnomaden-shop-zubehoer-heizen-warmluftschlauch-60mm-hitzebestaendig-aussen-dachzelt-heizung-kaufen-768x768.webp 768w, https:\/\/dachzeltnomaden.com\/shop\/wp-content\/uploads\/2025\/10\/dachzeltnomaden-shop-zubehoer-heizen-warmluftschlauch-60mm-hitzebestaendig-aussen-dachzelt-heizung-kaufen-100x100.webp 100w\" sizes=\"(max-width: 800px) 100vw, 800px\" \/><\/figure>\n<\/figure>\n<\/div>\n\n\n\n<div class=\"wp-block-uagb-container uagb-block-76ea1ad4\">\n<h4 class=\"wp-block-heading\" style=\"margin-top:0px;margin-bottom:0px\">Eigenschaften<\/h4>\n\n\n\n<ul style=\"margin-top:10px\" class=\"wp-block-list\">\n<li>sehr gut hitzebest\u00e4ndig bis +130\u00b0C, temperaturfest von -40\u00b0C bis +130\u00b0C<\/li>\n\n\n\n<li>hochflexibel, kleinste Biegeradien<\/li>\n\n\n\n<li>elastisch<\/li>\n\n\n\n<li>fadenverst\u00e4rkt<\/li>\n\n\n\n<li>Innen weitgehend glatt<\/li>\n\n\n\n<li>leicht<\/li>\n\n\n\n<li>langlebig\/hohe Standzeit<\/li>\n\n\n\n<li>abknicksicher<\/li>\n\n\n\n<li>besonders zug- und rei\u00dffest<\/li>\n\n\n\n<li>gute \u00d6l- und Benzinbest\u00e4ndigkeit<\/li>\n\n\n\n<li>gute UV- und Ozonbest\u00e4ndigkeit<\/li>\n\n\n\n<li>gute chemische Best\u00e4ndigkeit<\/li>\n\n\n\n<li>Weichmacher- und halogenfrei, cadmiumfrei gem\u00e4\u00df BGR 132<\/li>\n<\/ul>\n<\/div>\n<\/div>\n\n\n\n<p>Willst du wissen, wie du dir die Standheizung selbst in eine Box bauen kannst? <a href=\"https:\/\/dachzeltnomaden.com\/dachzelt-heizung-selbstgebaut-autoterm-air-2d-im-alukoffer\/\" data-type=\"link\" data-id=\"https:\/\/dachzeltnomaden.com\/dachzelt-heizung-selbstgebaut-autoterm-air-2d-im-alukoffer\/\" target=\"_blank\" rel=\"noreferrer noopener\">Dann schau mal hier vorbei!<\/a><br><br>*Dies ist ein reines Vermittlungsgesch\u00e4ft. Wenn du dich f\u00fcr den Kauf eines Warmluftschlauchs entscheidest, erhalten die Dachzeltnomaden eine Provision. Damit unterst\u00fctzt du uns &amp; unsere Arbeit. \u00a0Verkauf und Versand erfolgt \u00fcber <a href=\"https:\/\/www.tigerexped.de\/\" data-type=\"link\" data-id=\"https:\/\/www.tigerexped.de\/\" target=\"_blank\" rel=\"noopener\">tigerexped<\/a>.\u00a0Hier findest du <a href=\"https:\/\/www.tigerexped.de\/AGB\" data-type=\"link\" data-id=\"https:\/\/www.tigerexped.de\/AGB\" target=\"_blank\" rel=\"noopener\">die AGBs<\/a> von tigerexped. Mit dem Kauf best\u00e4tigst du diese AGBs.<\/p>\n","protected":false},"excerpt":{"rendered":"<p>Mobile W\u00e4rme! Warmluftschlauch 60 mm hitzebest\u00e4ndig f\u00fcr Ausseneinsatz Warmluftschlauch 60 mm hitzebest\u00e4ndig f\u00fcr Ausseneinsatz in Dachzelt Heizungen und \u00e4hnlichen Projekten. [&hellip;]<\/p>\n","protected":false},"featured_media":133376,"template":"","meta":{"_uag_custom_page_level_css":"","site-sidebar-layout":"default","site-content-layout":"","ast-site-content-layout":"default","site-content-style":"default","site-sidebar-style":"default","ast-global-header-display":"","ast-banner-title-visibility":"","ast-main-header-display":"","ast-hfb-above-header-display":"","ast-hfb-below-header-display":"","ast-hfb-mobile-header-display":"","site-post-title":"","ast-breadcrumbs-content":"","ast-featured-img":"","footer-sml-layout":"","ast-disable-related-posts":"","theme-transparent-header-meta":"","adv-header-id-meta":"","stick-header-meta":"","header-above-stick-meta":"","header-main-stick-meta":"","header-below-stick-meta":"","astra-migrate-meta-layouts":"default","ast-page-background-enabled":"default","ast-page-background-meta":{"desktop":{"background-color":"var(--ast-global-color-4)","background-image":"","background-repeat":"repeat","background-position":"center center","background-size":"auto","background-attachment":"scroll","background-type":"","background-media":"","overlay-type":"","overlay-color":"","overlay-opacity":"","overlay-gradient":""},"tablet":{"background-color":"","background-image":"","background-repeat":"repeat","background-position":"center center","background-size":"auto","background-attachment":"scroll","background-type":"","background-media":"","overlay-type":"","overlay-color":"","overlay-opacity":"","overlay-gradient":""},"mobile":{"background-color":"","background-image":"","background-repeat":"repeat","background-position":"center center","background-size":"auto","background-attachment":"scroll","background-type":"","background-media":"","overlay-type":"","overlay-color":"","overlay-opacity":"","overlay-gradient":""}},"ast-content-background-meta":{"desktop":{"background-color":"var(--ast-global-color-5)","background-image":"","background-repeat":"repeat","background-position":"center center","background-size":"auto","background-attachment":"scroll","background-type":"","background-media":"","overlay-type":"","overlay-color":"","overlay-opacity":"","overlay-gradient":""},"tablet":{"background-color":"var(--ast-global-color-5)","background-image":"","background-repeat":"repeat","background-position":"center center","background-size":"auto","background-attachment":"scroll","background-type":"","background-media":"","overlay-type":"","overlay-color":"","overlay-opacity":"","overlay-gradient":""},"mobile":{"background-color":"var(--ast-global-color-5)","background-image":"","background-repeat":"repeat","background-position":"center center","background-size":"auto","background-attachment":"scroll","background-type":"","background-media":"","overlay-type":"","overlay-color":"","overlay-opacity":"","overlay-gradient":""}},"_themeisle_gutenberg_block_has_review":false},"product_brand":[],"product_cat":[101,107],"product_tag":[382,392],"class_list":{"0":"post-133375","1":"product","2":"type-product","3":"status-publish","4":"has-post-thumbnail","6":"product_cat-zubehoer","7":"product_cat-heizen","8":"product_tag-dachzelt-heizung","9":"product_tag-warmluftschlauch","10":"product_shipping_class-tigerexped","11":"desktop-align-left","12":"tablet-align-left","13":"mobile-align-left","14":"ast-product-gallery-layout-vertical-slider","15":"ast-product-gallery-with-no-image","16":"ast-product-tabs-layout-horizontal","18":"first","19":"instock","20":"taxable","21":"shipping-taxable","22":"purchasable","23":"product-type-simple"},"exclude_global_add_ons":[],"addons":[],"uagb_featured_image_src":{"full":["https:\/\/dachzeltnomaden.com\/shop\/wp-content\/uploads\/2025\/10\/dachzeltnomaden-shop-zubehoer-heizen-warmluftschlauch-60mm-hitzebestaendig-aussen-dachzelt-heizung-kaufen.webp",800,800,false],"thumbnail":["https:\/\/dachzeltnomaden.com\/shop\/wp-content\/uploads\/2025\/10\/dachzeltnomaden-shop-zubehoer-heizen-warmluftschlauch-60mm-hitzebestaendig-aussen-dachzelt-heizung-kaufen-600x600.webp",600,600,true],"medium":["https:\/\/dachzeltnomaden.com\/shop\/wp-content\/uploads\/2025\/10\/dachzeltnomaden-shop-zubehoer-heizen-warmluftschlauch-60mm-hitzebestaendig-aussen-dachzelt-heizung-kaufen-300x300.webp",300,300,true],"medium_large":["https:\/\/dachzeltnomaden.com\/shop\/wp-content\/uploads\/2025\/10\/dachzeltnomaden-shop-zubehoer-heizen-warmluftschlauch-60mm-hitzebestaendig-aussen-dachzelt-heizung-kaufen-768x768.webp",768,768,true],"large":["https:\/\/dachzeltnomaden.com\/shop\/wp-content\/uploads\/2025\/10\/dachzeltnomaden-shop-zubehoer-heizen-warmluftschlauch-60mm-hitzebestaendig-aussen-dachzelt-heizung-kaufen-512x512.webp",512,512,true],"1536x1536":["https:\/\/dachzeltnomaden.com\/shop\/wp-content\/uploads\/2025\/10\/dachzeltnomaden-shop-zubehoer-heizen-warmluftschlauch-60mm-hitzebestaendig-aussen-dachzelt-heizung-kaufen.webp",800,800,false],"2048x2048":["https:\/\/dachzeltnomaden.com\/shop\/wp-content\/uploads\/2025\/10\/dachzeltnomaden-shop-zubehoer-heizen-warmluftschlauch-60mm-hitzebestaendig-aussen-dachzelt-heizung-kaufen.webp",800,800,false],"woocommerce_thumbnail":["https:\/\/dachzeltnomaden.com\/shop\/wp-content\/uploads\/2025\/10\/dachzeltnomaden-shop-zubehoer-heizen-warmluftschlauch-60mm-hitzebestaendig-aussen-dachzelt-heizung-kaufen-600x600.webp",600,600,true],"woocommerce_single":["https:\/\/dachzeltnomaden.com\/shop\/wp-content\/uploads\/2025\/10\/dachzeltnomaden-shop-zubehoer-heizen-warmluftschlauch-60mm-hitzebestaendig-aussen-dachzelt-heizung-kaufen.webp",800,800,false],"woocommerce_gallery_thumbnail":["https:\/\/dachzeltnomaden.com\/shop\/wp-content\/uploads\/2025\/10\/dachzeltnomaden-shop-zubehoer-heizen-warmluftschlauch-60mm-hitzebestaendig-aussen-dachzelt-heizung-kaufen-100x100.webp",100,100,true]},"uagb_author_info":{"display_name":"Jasmine","author_link":"https:\/\/dachzeltnomaden.com\/shop\/author\/"},"uagb_comment_info":0,"uagb_excerpt":"Mobile W\u00e4rme! Warmluftschlauch 60 mm hitzebest\u00e4ndig f\u00fcr Ausseneinsatz Warmluftschlauch 60 mm hitzebest\u00e4ndig f\u00fcr Ausseneinsatz in Dachzelt Heizungen und \u00e4hnlichen Projekten. [&hellip;]","_links":{"self":[{"href":"https:\/\/dachzeltnomaden.com\/shop\/wp-json\/wp\/v2\/product\/133375","targetHints":{"allow":["GET"]}}],"collection":[{"href":"https:\/\/dachzeltnomaden.com\/shop\/wp-json\/wp\/v2\/product"}],"about":[{"href":"https:\/\/dachzeltnomaden.com\/shop\/wp-json\/wp\/v2\/types\/product"}],"wp:featuredmedia":[{"embeddable":true,"href":"https:\/\/dachzeltnomaden.com\/shop\/wp-json\/wp\/v2\/media\/133376"}],"wp:attachment":[{"href":"https:\/\/dachzeltnomaden.com\/shop\/wp-json\/wp\/v2\/media?parent=133375"}],"wp:term":[{"taxonomy":"product_brand","embeddable":true,"href":"https:\/\/dachzeltnomaden.com\/shop\/wp-json\/wp\/v2\/product_brand?post=133375"},{"taxonomy":"product_cat","embeddable":true,"href":"https:\/\/dachzeltnomaden.com\/shop\/wp-json\/wp\/v2\/product_cat?post=133375"},{"taxonomy":"product_tag","embeddable":true,"href":"https:\/\/dachzeltnomaden.com\/shop\/wp-json\/wp\/v2\/product_tag?post=133375"}],"curies":[{"name":"wp","href":"https:\/\/api.w.org\/{rel}","templated":true}]}}