{"id":133365,"date":"2025-10-30T03:34:05","date_gmt":"2025-10-30T02:34:05","guid":{"rendered":"https:\/\/dachzeltnomaden.com\/shop\/?post_type=product&#038;p=133365"},"modified":"2025-11-19T11:43:12","modified_gmt":"2025-11-19T10:43:12","slug":"diy-heizbox-kit-als-dachzelt-heizung-oder-fuer-microcamper","status":"publish","type":"product","link":"https:\/\/dachzeltnomaden.com\/shop\/produkt\/diy-heizbox-kit-als-dachzelt-heizung-oder-fuer-microcamper\/","title":{"rendered":"DIY-Heizbox-Kit (als Dachzelt-Heizung oder f\u00fcr Microcamper)"},"content":{"rendered":"\n<div class=\"wp-block-uagb-container uagb-block-be52fc24 default uagb-is-root-container\">\n<div class=\"wp-block-uagb-advanced-heading uagb-block-b21af034\"><p class=\"uagb-desc-text\">W\u00e4rme pur!<\/p><h2 class=\"uagb-heading-text\">DIY-Heizbox-Kit (als Dachzelt-Heizung oder f\u00fcr Microcamper)<\/h2><div class=\"uagb-separator\"><\/div><\/div>\n\n\n\n<p style=\"margin-bottom:0px\">Das DIY Heizbox-Kit ist ein Bausatz f\u00fcr alle, die sich eine mobile Heizung selber bauen m\u00f6chten. Sie eignet sich besonders als Dachzelt-Heizung f\u00fcr Microcamper, die keinen Platz f\u00fcr innen verbaute Heizungen haben oder auch f\u00fcr Werkstatt oder Schuppen.<br><br>Im Heizbox-Kit sind alle Komponenten enthalten, um eine Autoterm Air 2D Heizung in eine individuelle Box einzubauen. Die DIY Heizbox ist mobil einsetzbar und eignet sich damit besonders gut f\u00fcr den Einsatz bei Dachzelt- und Microcamper, aber auch in Werkst\u00e4tten oder Schuppen, die nicht \u00fcber eine eingebaute Heizung verf\u00fcgen.<\/p>\n<\/div>\n\n\n\n<div class=\"wp-block-uagb-container uagb-block-ae00b476 default uagb-is-root-container\">\n<div class=\"wp-block-uagb-container uagb-block-3d544ad6\">\n<figure class=\"wp-block-gallery has-nested-images columns-2 is-cropped wp-block-gallery-1 is-layout-flex wp-block-gallery-is-layout-flex\">\n<figure class=\"wp-block-image alignright size-full has-custom-border is-style-default\"><img decoding=\"async\" width=\"800\" height=\"800\" data-id=\"133372\" src=\"https:\/\/dachzeltnomaden.com\/shop\/wp-content\/uploads\/2025\/10\/dachzeltnomaden-shop-heizen-diy-heizbox-kit-dachzelt-heizung-microcamper-kaufen.webp\" alt=\"DIY-Heizbox-Kit (als Dachzelt-Heizung oder f\u00fcr Microcamper) mit Simple Control Panel kaufen\" class=\"wp-image-133372\" style=\"border-radius:10px\" srcset=\"https:\/\/dachzeltnomaden.com\/shop\/wp-content\/uploads\/2025\/10\/dachzeltnomaden-shop-heizen-diy-heizbox-kit-dachzelt-heizung-microcamper-kaufen.webp 800w, https:\/\/dachzeltnomaden.com\/shop\/wp-content\/uploads\/2025\/10\/dachzeltnomaden-shop-heizen-diy-heizbox-kit-dachzelt-heizung-microcamper-kaufen-300x300.webp 300w, https:\/\/dachzeltnomaden.com\/shop\/wp-content\/uploads\/2025\/10\/dachzeltnomaden-shop-heizen-diy-heizbox-kit-dachzelt-heizung-microcamper-kaufen-512x512.webp 512w, https:\/\/dachzeltnomaden.com\/shop\/wp-content\/uploads\/2025\/10\/dachzeltnomaden-shop-heizen-diy-heizbox-kit-dachzelt-heizung-microcamper-kaufen-600x600.webp 600w, https:\/\/dachzeltnomaden.com\/shop\/wp-content\/uploads\/2025\/10\/dachzeltnomaden-shop-heizen-diy-heizbox-kit-dachzelt-heizung-microcamper-kaufen-768x768.webp 768w, https:\/\/dachzeltnomaden.com\/shop\/wp-content\/uploads\/2025\/10\/dachzeltnomaden-shop-heizen-diy-heizbox-kit-dachzelt-heizung-microcamper-kaufen-100x100.webp 100w\" sizes=\"(max-width: 800px) 100vw, 800px\" \/><\/figure>\n<\/figure>\n<\/div>\n\n\n\n<div class=\"wp-block-uagb-container uagb-block-76ea1ad4\">\n<h4 class=\"wp-block-heading\" style=\"margin-top:0px;margin-bottom:0px\">Lieferumfang<\/h4>\n\n\n\n<ul style=\"margin-top:0px\" class=\"wp-block-list\">\n<li>Autoterm Air 2D Ural Edition inkl. aller Kabel und elektrischer Anschl\u00fcsse, Pumpe etc<\/li>\n\n\n\n<li>Simple Control&nbsp;Bedienteil<\/li>\n\n\n\n<li>7 m Verl\u00e4ngerung f\u00fcr das Simple Control, um die Heizung auch &#8220;von Weitem&#8221; regeln zu k\u00f6nnen<\/li>\n\n\n\n<li>6 m Stromanschlusskabel<\/li>\n\n\n\n<li>2 Austr\u00f6md\u00fcsen inkl. Schellen<\/li>\n\n\n\n<li>1 Heizungshalter<\/li>\n\n\n\n<li>2 Wandurchf\u00fchrungen<\/li>\n\n\n\n<li>1 Tank mit 7,5 L&nbsp;<\/li>\n\n\n\n<li>Den hitzebest\u00e4ndigen Warmluftschlauch f\u00fcr den Au\u00dfeneinsatz kannst du nach deinen Anforderungen hinzukonfigurieren.<\/li>\n\n\n\n<li><strong>Gewicht: <\/strong>9,81 kg<\/li>\n<\/ul>\n<\/div>\n<\/div>\n\n\n\n<div class=\"wp-block-uagb-advanced-heading uagb-block-626f0b37\"><h3 class=\"uagb-heading-text\">Wie lange kann ich damit heizen?<\/h3><\/div>\n\n\n\n<p>Der Tank mit 7,5 L liefert bei Volllastverbrauch von 250 mL\/h 30h W\u00e4rme.<\/p>\n\n\n\n<div class=\"wp-block-uagb-advanced-heading uagb-block-431a31ab\"><h3 class=\"uagb-heading-text\">Was brauche ich noch zus\u00e4tzlich?<\/h3><\/div>\n\n\n\n<ul class=\"wp-block-list\">\n<li>Eine Box nach Wunsch als Geh\u00e4use. Wir&nbsp;empfehlen dir eine Alukiste mit einem Volumen von ca. 70 Liter. Das&nbsp; Mindestma\u00dfen sollte L 53 x B 32,8 x H 38 cm betragen (Innenma\u00df). Mit diesen Ma\u00dfen k\u00f6nnen&nbsp;auch die Warmluftschl\u00e4uche w\u00e4hrend des Transports verstaut und evtl. eine Batterie untergebracht werden.<\/li>\n\n\n\n<li>Die Stromversorgung&nbsp;kann individuell gestaltet werden. Wenn das Set mit 230V betrieben werden soll,&nbsp;kann ein 230V zu 12V Netzteil verbaut werden. Dieses sollte aber nicht weniger als 25A liefern.<\/li>\n\n\n\n<li>Nat\u00fcrlich kann die Box auch mit einer Batterie versehen werden. Wir empfehlen eine AGM Batterie mit nicht weniger als 30Ah.<\/li>\n<\/ul>\n\n\n\n<p>Willst du wissen, wie du dir die Standheizung selbst in eine Box bauen kannst? <a href=\"https:\/\/dachzeltnomaden.com\/dachzelt-heizung-selbstgebaut-autoterm-air-2d-im-alukoffer\/\" target=\"_blank\" rel=\"noreferrer noopener\">Dann schau mal hier vorbei!<\/a><br><br>*Dies ist ein reines Vermittlungsgesch\u00e4ft. Wenn du dich f\u00fcr den Kauf eines DIY-Heizbox Kits entscheidest, erhalten die Dachzeltnomaden eine Provision. Damit unterst\u00fctzt du uns &amp; unsere Arbeit. \u00a0Verkauf und Versand erfolgt \u00fcber <a href=\"https:\/\/www.tigerexped.de\/\" target=\"_blank\" rel=\"noreferrer noopener\">tigerexped<\/a>.\u00a0Hier findest du <a href=\"https:\/\/www.tigerexped.de\/AGB\" target=\"_blank\" rel=\"noreferrer noopener\">die AGBs<\/a> von tigerexped. Mit dem Kauf best\u00e4tigst du diese AGBs.<\/p>\n\n\n\n<p><\/p>\n","protected":false},"excerpt":{"rendered":"<p>W\u00e4rme pur! DIY-Heizbox-Kit (als Dachzelt-Heizung oder f\u00fcr Microcamper) Das DIY Heizbox-Kit ist ein Bausatz f\u00fcr alle, die sich eine mobile [&hellip;]<\/p>\n","protected":false},"featured_media":133372,"template":"","meta":{"_uag_custom_page_level_css":"","site-sidebar-layout":"default","site-content-layout":"","ast-site-content-layout":"default","site-content-style":"default","site-sidebar-style":"default","ast-global-header-display":"","ast-banner-title-visibility":"","ast-main-header-display":"","ast-hfb-above-header-display":"","ast-hfb-below-header-display":"","ast-hfb-mobile-header-display":"","site-post-title":"","ast-breadcrumbs-content":"","ast-featured-img":"","footer-sml-layout":"","ast-disable-related-posts":"","theme-transparent-header-meta":"","adv-header-id-meta":"","stick-header-meta":"","header-above-stick-meta":"","header-main-stick-meta":"","header-below-stick-meta":"","astra-migrate-meta-layouts":"default","ast-page-background-enabled":"default","ast-page-background-meta":{"desktop":{"background-color":"var(--ast-global-color-4)","background-image":"","background-repeat":"repeat","background-position":"center center","background-size":"auto","background-attachment":"scroll","background-type":"","background-media":"","overlay-type":"","overlay-color":"","overlay-opacity":"","overlay-gradient":""},"tablet":{"background-color":"","background-image":"","background-repeat":"repeat","background-position":"center center","background-size":"auto","background-attachment":"scroll","background-type":"","background-media":"","overlay-type":"","overlay-color":"","overlay-opacity":"","overlay-gradient":""},"mobile":{"background-color":"","background-image":"","background-repeat":"repeat","background-position":"center center","background-size":"auto","background-attachment":"scroll","background-type":"","background-media":"","overlay-type":"","overlay-color":"","overlay-opacity":"","overlay-gradient":""}},"ast-content-background-meta":{"desktop":{"background-color":"var(--ast-global-color-5)","background-image":"","background-repeat":"repeat","background-position":"center center","background-size":"auto","background-attachment":"scroll","background-type":"","background-media":"","overlay-type":"","overlay-color":"","overlay-opacity":"","overlay-gradient":""},"tablet":{"background-color":"var(--ast-global-color-5)","background-image":"","background-repeat":"repeat","background-position":"center center","background-size":"auto","background-attachment":"scroll","background-type":"","background-media":"","overlay-type":"","overlay-color":"","overlay-opacity":"","overlay-gradient":""},"mobile":{"background-color":"var(--ast-global-color-5)","background-image":"","background-repeat":"repeat","background-position":"center center","background-size":"auto","background-attachment":"scroll","background-type":"","background-media":"","overlay-type":"","overlay-color":"","overlay-opacity":"","overlay-gradient":""}},"_themeisle_gutenberg_block_has_review":false},"product_brand":[],"product_cat":[101,107],"product_tag":[382,391],"class_list":{"0":"post-133365","1":"product","2":"type-product","3":"status-publish","4":"has-post-thumbnail","6":"product_cat-zubehoer","7":"product_cat-heizen","8":"product_tag-dachzelt-heizung","9":"product_tag-diy-heizbox-kit","10":"product_shipping_class-tigerexped","11":"desktop-align-left","12":"tablet-align-left","13":"mobile-align-left","14":"ast-product-gallery-layout-vertical-slider","15":"ast-product-gallery-with-no-image","16":"ast-product-single-variable","17":"ast-product-tabs-layout-horizontal","19":"first","20":"instock","21":"taxable","22":"shipping-taxable","23":"purchasable","24":"product-type-variable"},"exclude_global_add_ons":[],"addons":[],"uagb_featured_image_src":{"full":["https:\/\/dachzeltnomaden.com\/shop\/wp-content\/uploads\/2025\/10\/dachzeltnomaden-shop-heizen-diy-heizbox-kit-dachzelt-heizung-microcamper-kaufen.webp",800,800,false],"thumbnail":["https:\/\/dachzeltnomaden.com\/shop\/wp-content\/uploads\/2025\/10\/dachzeltnomaden-shop-heizen-diy-heizbox-kit-dachzelt-heizung-microcamper-kaufen-600x600.webp",600,600,true],"medium":["https:\/\/dachzeltnomaden.com\/shop\/wp-content\/uploads\/2025\/10\/dachzeltnomaden-shop-heizen-diy-heizbox-kit-dachzelt-heizung-microcamper-kaufen-300x300.webp",300,300,true],"medium_large":["https:\/\/dachzeltnomaden.com\/shop\/wp-content\/uploads\/2025\/10\/dachzeltnomaden-shop-heizen-diy-heizbox-kit-dachzelt-heizung-microcamper-kaufen-768x768.webp",768,768,true],"large":["https:\/\/dachzeltnomaden.com\/shop\/wp-content\/uploads\/2025\/10\/dachzeltnomaden-shop-heizen-diy-heizbox-kit-dachzelt-heizung-microcamper-kaufen-512x512.webp",512,512,true],"1536x1536":["https:\/\/dachzeltnomaden.com\/shop\/wp-content\/uploads\/2025\/10\/dachzeltnomaden-shop-heizen-diy-heizbox-kit-dachzelt-heizung-microcamper-kaufen.webp",800,800,false],"2048x2048":["https:\/\/dachzeltnomaden.com\/shop\/wp-content\/uploads\/2025\/10\/dachzeltnomaden-shop-heizen-diy-heizbox-kit-dachzelt-heizung-microcamper-kaufen.webp",800,800,false],"woocommerce_thumbnail":["https:\/\/dachzeltnomaden.com\/shop\/wp-content\/uploads\/2025\/10\/dachzeltnomaden-shop-heizen-diy-heizbox-kit-dachzelt-heizung-microcamper-kaufen-600x600.webp",600,600,true],"woocommerce_single":["https:\/\/dachzeltnomaden.com\/shop\/wp-content\/uploads\/2025\/10\/dachzeltnomaden-shop-heizen-diy-heizbox-kit-dachzelt-heizung-microcamper-kaufen.webp",800,800,false],"woocommerce_gallery_thumbnail":["https:\/\/dachzeltnomaden.com\/shop\/wp-content\/uploads\/2025\/10\/dachzeltnomaden-shop-heizen-diy-heizbox-kit-dachzelt-heizung-microcamper-kaufen-100x100.webp",100,100,true]},"uagb_author_info":{"display_name":"Jasmine","author_link":"https:\/\/dachzeltnomaden.com\/shop\/author\/"},"uagb_comment_info":0,"uagb_excerpt":"W\u00e4rme pur! DIY-Heizbox-Kit (als Dachzelt-Heizung oder f\u00fcr Microcamper) Das DIY Heizbox-Kit ist ein Bausatz f\u00fcr alle, die sich eine mobile [&hellip;]","_links":{"self":[{"href":"https:\/\/dachzeltnomaden.com\/shop\/wp-json\/wp\/v2\/product\/133365","targetHints":{"allow":["GET"]}}],"collection":[{"href":"https:\/\/dachzeltnomaden.com\/shop\/wp-json\/wp\/v2\/product"}],"about":[{"href":"https:\/\/dachzeltnomaden.com\/shop\/wp-json\/wp\/v2\/types\/product"}],"wp:featuredmedia":[{"embeddable":true,"href":"https:\/\/dachzeltnomaden.com\/shop\/wp-json\/wp\/v2\/media\/133372"}],"wp:attachment":[{"href":"https:\/\/dachzeltnomaden.com\/shop\/wp-json\/wp\/v2\/media?parent=133365"}],"wp:term":[{"taxonomy":"product_brand","embeddable":true,"href":"https:\/\/dachzeltnomaden.com\/shop\/wp-json\/wp\/v2\/product_brand?post=133365"},{"taxonomy":"product_cat","embeddable":true,"href":"https:\/\/dachzeltnomaden.com\/shop\/wp-json\/wp\/v2\/product_cat?post=133365"},{"taxonomy":"product_tag","embeddable":true,"href":"https:\/\/dachzeltnomaden.com\/shop\/wp-json\/wp\/v2\/product_tag?post=133365"}],"curies":[{"name":"wp","href":"https:\/\/api.w.org\/{rel}","templated":true}]}}