{"id":133343,"date":"2025-10-30T01:20:05","date_gmt":"2025-10-30T00:20:05","guid":{"rendered":"https:\/\/dachzeltnomaden.com\/shop\/?post_type=product&#038;p=133343"},"modified":"2025-11-19T11:43:13","modified_gmt":"2025-11-19T10:43:13","slug":"dieselofen-sibirien","status":"publish","type":"product","link":"https:\/\/dachzeltnomaden.com\/shop\/produkt\/dieselofen-sibirien\/","title":{"rendered":"Dieselofen &#8220;Sibirien&#8221;"},"content":{"rendered":"\n<div class=\"wp-block-uagb-container uagb-block-be52fc24 default uagb-is-root-container\">\n<div class=\"wp-block-uagb-advanced-heading uagb-block-b21af034\"><p class=\"uagb-desc-text\">Heizen &amp; Kochen<\/p><h2 class=\"uagb-heading-text\">Dieselofen &#8220;Sibirien&#8221;<\/h2><div class=\"uagb-separator\"><\/div><\/div>\n\n\n\n<p style=\"margin-bottom:0px\">Dieselkaminofen mit Fenster und Kochfeld f\u00fcr Camper, Wohnmobile, Exmos und Boote mit 1,8kW oder 2kW maximaler Leistung.<br><br>Eine fantastisch sch\u00f6ne und stimmungsvolle Art, dein Fahrzeug oder Boot zu heizen. Dieser Diesel Edelstahlkamin Ofen hat alles: Aussehen, Behaglichkeit und Zuverl\u00e4ssigkeit. Dein idealer Begleiter garantiert viele Abende mit wohliger W\u00e4rme und einem gem\u00fctlichen Flammenspiel. Nach dem Einschalten dieser Heizung musst du dir keine Sorgen mehr machen. Du stellst ihn auf die gew\u00fcnschte W\u00e4rme ein und das war&#8217;s. Solange es Diesel gibt, brennt er.<\/p>\n<\/div>\n\n\n\n<div class=\"wp-block-uagb-container uagb-block-ae00b476 default uagb-is-root-container\">\n<div class=\"wp-block-uagb-container uagb-block-3d544ad6\">\n<figure class=\"wp-block-gallery has-nested-images columns-2 is-cropped wp-block-gallery-1 is-layout-flex wp-block-gallery-is-layout-flex\">\n<figure class=\"wp-block-image alignright size-full has-custom-border is-style-default\"><img decoding=\"async\" width=\"800\" height=\"789\" data-id=\"133344\" src=\"https:\/\/dachzeltnomaden.com\/shop\/wp-content\/uploads\/2025\/10\/dachzeltnomaden-shop-zubehoer-heizen-kochen-dieselofen-sibirien-kaufen_3.webp\" alt=\"Dieselofen &quot;Sibirien&quot;, 1,8 oder 2kW kaufen\" class=\"wp-image-133344\" style=\"border-radius:10px\" srcset=\"https:\/\/dachzeltnomaden.com\/shop\/wp-content\/uploads\/2025\/10\/dachzeltnomaden-shop-zubehoer-heizen-kochen-dieselofen-sibirien-kaufen_3.webp 800w, https:\/\/dachzeltnomaden.com\/shop\/wp-content\/uploads\/2025\/10\/dachzeltnomaden-shop-zubehoer-heizen-kochen-dieselofen-sibirien-kaufen_3-300x296.webp 300w, https:\/\/dachzeltnomaden.com\/shop\/wp-content\/uploads\/2025\/10\/dachzeltnomaden-shop-zubehoer-heizen-kochen-dieselofen-sibirien-kaufen_3-519x512.webp 519w, https:\/\/dachzeltnomaden.com\/shop\/wp-content\/uploads\/2025\/10\/dachzeltnomaden-shop-zubehoer-heizen-kochen-dieselofen-sibirien-kaufen_3-768x757.webp 768w, https:\/\/dachzeltnomaden.com\/shop\/wp-content\/uploads\/2025\/10\/dachzeltnomaden-shop-zubehoer-heizen-kochen-dieselofen-sibirien-kaufen_3-100x100.webp 100w\" sizes=\"(max-width: 800px) 100vw, 800px\" \/><\/figure>\n\n\n\n<figure class=\"wp-block-image size-full has-custom-border\"><img decoding=\"async\" width=\"800\" height=\"800\" data-id=\"133345\" src=\"https:\/\/dachzeltnomaden.com\/shop\/wp-content\/uploads\/2025\/10\/dachzeltnomaden-shop-zubehoer-heizen-kochen-dieselofen-sibirien-kaufen_7.webp\" alt=\"Dieselofen &quot;Sibirien&quot;, 1,8 oder 2kW kaufen\" class=\"wp-image-133345\" style=\"border-radius:10px\" srcset=\"https:\/\/dachzeltnomaden.com\/shop\/wp-content\/uploads\/2025\/10\/dachzeltnomaden-shop-zubehoer-heizen-kochen-dieselofen-sibirien-kaufen_7.webp 800w, https:\/\/dachzeltnomaden.com\/shop\/wp-content\/uploads\/2025\/10\/dachzeltnomaden-shop-zubehoer-heizen-kochen-dieselofen-sibirien-kaufen_7-300x300.webp 300w, https:\/\/dachzeltnomaden.com\/shop\/wp-content\/uploads\/2025\/10\/dachzeltnomaden-shop-zubehoer-heizen-kochen-dieselofen-sibirien-kaufen_7-512x512.webp 512w, https:\/\/dachzeltnomaden.com\/shop\/wp-content\/uploads\/2025\/10\/dachzeltnomaden-shop-zubehoer-heizen-kochen-dieselofen-sibirien-kaufen_7-600x600.webp 600w, https:\/\/dachzeltnomaden.com\/shop\/wp-content\/uploads\/2025\/10\/dachzeltnomaden-shop-zubehoer-heizen-kochen-dieselofen-sibirien-kaufen_7-768x768.webp 768w, https:\/\/dachzeltnomaden.com\/shop\/wp-content\/uploads\/2025\/10\/dachzeltnomaden-shop-zubehoer-heizen-kochen-dieselofen-sibirien-kaufen_7-100x100.webp 100w\" sizes=\"(max-width: 800px) 100vw, 800px\" \/><\/figure>\n\n\n\n<figure class=\"wp-block-image size-full has-custom-border\"><img decoding=\"async\" width=\"800\" height=\"800\" data-id=\"133346\" src=\"https:\/\/dachzeltnomaden.com\/shop\/wp-content\/uploads\/2025\/10\/dachzeltnomaden-shop-zubehoer-heizen-kochen-dieselofen-sibirien-kaufen_6.webp\" alt=\"Dieselofen &quot;Sibirien&quot;, 1,8 oder 2kW kaufen\" class=\"wp-image-133346\" style=\"border-radius:10px\" srcset=\"https:\/\/dachzeltnomaden.com\/shop\/wp-content\/uploads\/2025\/10\/dachzeltnomaden-shop-zubehoer-heizen-kochen-dieselofen-sibirien-kaufen_6.webp 800w, https:\/\/dachzeltnomaden.com\/shop\/wp-content\/uploads\/2025\/10\/dachzeltnomaden-shop-zubehoer-heizen-kochen-dieselofen-sibirien-kaufen_6-300x300.webp 300w, https:\/\/dachzeltnomaden.com\/shop\/wp-content\/uploads\/2025\/10\/dachzeltnomaden-shop-zubehoer-heizen-kochen-dieselofen-sibirien-kaufen_6-512x512.webp 512w, https:\/\/dachzeltnomaden.com\/shop\/wp-content\/uploads\/2025\/10\/dachzeltnomaden-shop-zubehoer-heizen-kochen-dieselofen-sibirien-kaufen_6-600x600.webp 600w, https:\/\/dachzeltnomaden.com\/shop\/wp-content\/uploads\/2025\/10\/dachzeltnomaden-shop-zubehoer-heizen-kochen-dieselofen-sibirien-kaufen_6-768x768.webp 768w, https:\/\/dachzeltnomaden.com\/shop\/wp-content\/uploads\/2025\/10\/dachzeltnomaden-shop-zubehoer-heizen-kochen-dieselofen-sibirien-kaufen_6-100x100.webp 100w\" sizes=\"(max-width: 800px) 100vw, 800px\" \/><\/figure>\n\n\n\n<figure class=\"wp-block-image size-full has-custom-border\"><img decoding=\"async\" width=\"800\" height=\"596\" data-id=\"133348\" src=\"https:\/\/dachzeltnomaden.com\/shop\/wp-content\/uploads\/2025\/10\/dachzeltnomaden-shop-zubehoer-heizen-kochen-dieselofen-sibirien-kaufen_2.webp\" alt=\"Dieselofen &quot;Sibirien&quot;, 1,8 oder 2kW kaufen\" class=\"wp-image-133348\" style=\"border-radius:10px\" srcset=\"https:\/\/dachzeltnomaden.com\/shop\/wp-content\/uploads\/2025\/10\/dachzeltnomaden-shop-zubehoer-heizen-kochen-dieselofen-sibirien-kaufen_2.webp 800w, https:\/\/dachzeltnomaden.com\/shop\/wp-content\/uploads\/2025\/10\/dachzeltnomaden-shop-zubehoer-heizen-kochen-dieselofen-sibirien-kaufen_2-300x224.webp 300w, https:\/\/dachzeltnomaden.com\/shop\/wp-content\/uploads\/2025\/10\/dachzeltnomaden-shop-zubehoer-heizen-kochen-dieselofen-sibirien-kaufen_2-687x512.webp 687w, https:\/\/dachzeltnomaden.com\/shop\/wp-content\/uploads\/2025\/10\/dachzeltnomaden-shop-zubehoer-heizen-kochen-dieselofen-sibirien-kaufen_2-768x572.webp 768w\" sizes=\"(max-width: 800px) 100vw, 800px\" \/><\/figure>\n<\/figure>\n<\/div>\n\n\n\n<div class=\"wp-block-uagb-container uagb-block-76ea1ad4\">\n<h4 class=\"wp-block-heading\" style=\"margin-top:0px;margin-bottom:0px\">Eigenschaften<\/h4>\n\n\n\n<ul class=\"wp-block-list\">\n<li><strong>Gesamth\u00f6he:<\/strong> 425 mm<\/li>\n\n\n\n<li><strong>Durchmesser:<\/strong>&nbsp;175mm<\/li>\n\n\n\n<li><strong>maximale Leistung: <\/strong>1,8 kW<\/li>\n\n\n\n<li><strong>Mindestleistung: <\/strong>0,3 kW<\/li>\n\n\n\n<li><strong>Kraftstoffverbrauch: <\/strong>Maximal 0,2 Liter\/Stunde, Mindestens 0,1 Liter\/Stunde<\/li>\n\n\n\n<li><strong>Gewicht: <\/strong>5,0 kg<\/li>\n\n\n\n<li><strong>Rohrdurchmesser:<\/strong> 70 mm<\/li>\n\n\n\n<li><strong>Sichtfenster:<\/strong> 130 mm x 90 mm<\/li>\n\n\n\n<li>Anschluss f\u00fcr den Dieselschlauch oder -roh<\/li>\n<\/ul>\n<\/div>\n<\/div>\n\n\n\n<div class=\"wp-block-uagb-advanced-heading uagb-block-5bb509f4\"><h3 class=\"uagb-heading-text\">Kraftstoffverbrauch<\/h3><\/div>\n\n\n\n<p>Es wird kein Strom ben\u00f6tigt, da die Schwerkraft eine konstante Versorgung des Kraftstoffs gew\u00e4hrleistet. Wenn der Kraftstofftank niedriger ist als die Heizung sitzt, kannst du eine spezielle 12V Kraftstoffpumpe verwenden. Diese Heizung bietet nicht nur die stilvollsten Flammen, sie hat auch eine maximale Leistung von 1,8 kW und eine minimale Leistung von 0,3 kW. Der Ofen ist zudem \u00e4u\u00dferst sparsam im Verbrauch: 0,1 Liter Diesel pro Stunde bei niedrigster Einstellung und 0,2 Liter pro Stunde bei maximaler Leistung. <br><br>Kein \u00c4rger mehr mit nassem Holz, das nicht brennen will, kein Aufstehen mehr mitten in der Nacht, um den Ofen wieder anz\u00fcnden zu m\u00fcssen, kein kalter Morgen mehr, weil der Ofen nachts ausging. Kein Schmutz im Fahrzeug oder Insekten, die aus deinem Brennholz kriechen.<br><br>Das tolle an diesem gem\u00fctlichen Herd ist, dass man damit auch einen Eintopf zubereiten kann oder den Kaffee warm halten kann. Unter der Abdeckung befindet sich eine dicke Metallplatte, die sich auf fast 300 Grad erw\u00e4rmt.<\/p>\n\n\n\n<div class=\"wp-block-uagb-advanced-heading uagb-block-385859c1\"><h3 class=\"uagb-heading-text\">Anz\u00fcnden des Ofens<\/h3><\/div>\n\n\n\n<p>Das Anz\u00fcnden&nbsp;dieses Ofens ist sehr einfach.&nbsp;Du drehst&nbsp;den Hahn an der Seite auf &#8221; ON &#8221; und stellst dann den Wahlschalter auf Position 2, und du siehst, dass sich an der Unterseite des Ofens eine kleine Dieselpf\u00fctze bildet. Stelle den Wahlschalter auf Null, entz\u00fcnde ein St\u00fcck Z\u00fcnderpapier und&nbsp;wirf es in den Ofen. Sobald der Ofen stabil brennt, drehst du den Wahlhahn wieder in Position 2 und&nbsp;l\u00e4sst ihn 15 Minuten lang aufw\u00e4rmen. Dann kannst du den Ofen auf jede gew\u00fcnschte Leistung einstellen. Wir haben den Ofen mit etwas Spiritus angez\u00fcndet. (25 mL), damit vermeidest du&nbsp;Ru\u00df und die Erw\u00e4rmung erfolgt schneller.<br><br>Achtung: Halte dein Gesicht nicht \u00fcber dem Herd!&nbsp;Sonst besteht&nbsp;die M\u00f6glichkeit, dass du dich von deinen Augenbrauen verabschieden musst.&nbsp;<br><br>Wenn das Fenster etwas schwarz wird, kannst du es mit einem Papiertuch oder einem St\u00fcck K\u00fcchenpapier reinigen.<\/p>\n\n\n\n<div class=\"wp-block-uagb-advanced-heading uagb-block-7b24c8ff\"><h3 class=\"uagb-heading-text\">Abstand um den Ofen<\/h3><\/div>\n\n\n\n<p>Eine h\u00e4ufig gestellte Frage ist die nach dem Abstand zu Einbauten wie Schr\u00e4nken usw.&nbsp;Der n\u00f6tige Abstand&nbsp;h\u00e4ngt nat\u00fcrlich von den verwendeten Materialien ab. Kunststoff und Plastik sind im Allgemeinen&nbsp;empfindlicher gegen\u00fcber Hitze&nbsp;als Holz, Aluminium oder Edelstahl.&nbsp;<br><br>Generell empfehlen wir die umgebenden&nbsp;W\u00e4nde mit einer Aluminium- oder Edelstahlplatte (d\u00fcnnes Blech reicht) mit einem Luftspalt von einigen Millimetern als Isolierung und Reflektionsschirm zu verkleiden. Der Ofen wird von unten nach oben von Luft durchstr\u00f6mt, sodass er seitlich gar nicht so viel strahlt, sondern der gr\u00f6\u00dfte Teil der Hitze nach oben entweicht. Man sollte um den Ofenk\u00f6rper selbst bei passendem Wandaufbau ca. 20 cm Luft einplanen, nach hinten wo das Abgas herausgef\u00fchrt wird, sind es ca. 10 cm mehr, je nach Isolation. Den n\u00f6tigen 90\u00b0-Winkel f\u00fcr den Kamin kann man auf ein Minimum k\u00fcrzen, sodass man nicht so viel Raumtiefe verliert. Hinter dem gesamten Abgasrohr ist ebenfalls eine solche Blechplatte zu empfehlen, isoliertes Abgasrohr hilft ungemein nicht nur bei schlechten Zugverh\u00e4ltnissen sondern eben auch bei beengten R\u00e4umen.<\/p>\n\n\n\n<div class=\"wp-block-uagb-advanced-heading uagb-block-69aa167e\"><h3 class=\"uagb-heading-text\">Platzierung im Fahrzeug<\/h3><\/div>\n\n\n\n<p>Der Ofen sollten m\u00f6glichst tief im Raum stehen (tief = bodennah) um <\/p>\n\n\n\n<ul class=\"wp-block-list\">\n<li>eine Abgasrohhrl\u00e4nge von grob 2 m zu erreichen (damit er gut zieht) und<\/li>\n\n\n\n<li>die kalte Luft vom Boden abzusaugen und zu erw\u00e4rmen.<\/li>\n<\/ul>\n\n\n\n<p>Ein Ofen in 1 m H\u00f6he bringt nur halb so viel Spa\u00df. Passende Dachddurchf\u00fchrung f\u00fcr das Abgasrohr ist ebenfalls im Shop erh\u00e4ltlich. Die Frischluftansaugung f\u00fcr die Verbrennungsluft sollte nach Draussen gelegt werden und m\u00f6glichst nicht an der Seitenwand mit Windeinfall liegen. Optimal w\u00e4re eine Bodendurchf\u00fchrung o.\u00e4.<\/p>\n\n\n\n<div class=\"wp-block-uagb-advanced-heading uagb-block-a69629dd\"><h4 class=\"uagb-heading-text\">2kW-Version mit Wasser-Heizschleife<\/h4><\/div>\n\n\n\n<p>Das 2kW-Modell verf\u00fcgt zus\u00e4tzlich \u00fcber eine Wasserspirale, mit welcher ein Heizk\u00f6rper in einem drucklosen\/ offenen System angeschlossen werden MUSS (nicht leer betreiben!). Je nach Verbauort reicht hier normale Schwerkraft oder es muss eine kleine Umw\u00e4lzpumpe in den Wasserkreislauf eingef\u00fcgt werden.<\/p>\n\n\n\n<p>*Dies ist ein reines Vermittlungsgesch\u00e4ft. Wenn du dich f\u00fcr den Kauf eines Dieselofens entscheidest, erhalten die Dachzeltnomaden eine Provision. Damit unterst\u00fctzt du uns &amp; unsere Arbeit. \u00a0Verkauf und Versand erfolgt \u00fcber <a href=\"https:\/\/www.tigerexped.de\/\" data-type=\"link\" data-id=\"https:\/\/www.tigerexped.de\/\" target=\"_blank\" rel=\"noopener\">tigerexped<\/a>.\u00a0Hier findest du <a href=\"https:\/\/www.tigerexped.de\/AGB\" data-type=\"link\" data-id=\"https:\/\/www.tigerexped.de\/AGB\" target=\"_blank\" rel=\"noopener\">die AGBs<\/a> von tigerexped. Mit dem Kauf best\u00e4tigst du diese AGBs.<\/p>\n","protected":false},"excerpt":{"rendered":"<p>Heizen &amp; Kochen Dieselofen &#8220;Sibirien&#8221; Dieselkaminofen mit Fenster und Kochfeld f\u00fcr Camper, Wohnmobile, Exmos und Boote mit 1,8kW oder 2kW [&hellip;]<\/p>\n","protected":false},"featured_media":133349,"template":"","meta":{"_uag_custom_page_level_css":"","site-sidebar-layout":"default","site-content-layout":"","ast-site-content-layout":"default","site-content-style":"default","site-sidebar-style":"default","ast-global-header-display":"","ast-banner-title-visibility":"","ast-main-header-display":"","ast-hfb-above-header-display":"","ast-hfb-below-header-display":"","ast-hfb-mobile-header-display":"","site-post-title":"","ast-breadcrumbs-content":"","ast-featured-img":"","footer-sml-layout":"","ast-disable-related-posts":"","theme-transparent-header-meta":"","adv-header-id-meta":"","stick-header-meta":"","header-above-stick-meta":"","header-main-stick-meta":"","header-below-stick-meta":"","astra-migrate-meta-layouts":"default","ast-page-background-enabled":"default","ast-page-background-meta":{"desktop":{"background-color":"var(--ast-global-color-4)","background-image":"","background-repeat":"repeat","background-position":"center center","background-size":"auto","background-attachment":"scroll","background-type":"","background-media":"","overlay-type":"","overlay-color":"","overlay-opacity":"","overlay-gradient":""},"tablet":{"background-color":"","background-image":"","background-repeat":"repeat","background-position":"center center","background-size":"auto","background-attachment":"scroll","background-type":"","background-media":"","overlay-type":"","overlay-color":"","overlay-opacity":"","overlay-gradient":""},"mobile":{"background-color":"","background-image":"","background-repeat":"repeat","background-position":"center center","background-size":"auto","background-attachment":"scroll","background-type":"","background-media":"","overlay-type":"","overlay-color":"","overlay-opacity":"","overlay-gradient":""}},"ast-content-background-meta":{"desktop":{"background-color":"var(--ast-global-color-5)","background-image":"","background-repeat":"repeat","background-position":"center center","background-size":"auto","background-attachment":"scroll","background-type":"","background-media":"","overlay-type":"","overlay-color":"","overlay-opacity":"","overlay-gradient":""},"tablet":{"background-color":"var(--ast-global-color-5)","background-image":"","background-repeat":"repeat","background-position":"center center","background-size":"auto","background-attachment":"scroll","background-type":"","background-media":"","overlay-type":"","overlay-color":"","overlay-opacity":"","overlay-gradient":""},"mobile":{"background-color":"var(--ast-global-color-5)","background-image":"","background-repeat":"repeat","background-position":"center center","background-size":"auto","background-attachment":"scroll","background-type":"","background-media":"","overlay-type":"","overlay-color":"","overlay-opacity":"","overlay-gradient":""}},"_themeisle_gutenberg_block_has_review":false},"product_brand":[],"product_cat":[101,107,342],"product_tag":[386,387],"class_list":{"0":"post-133343","1":"product","2":"type-product","3":"status-publish","4":"has-post-thumbnail","6":"product_cat-zubehoer","7":"product_cat-heizen","8":"product_cat-kochen","9":"product_tag-dieselofen","10":"product_tag-kaminofen","11":"product_shipping_class-tigerexped","12":"desktop-align-left","13":"tablet-align-left","14":"mobile-align-left","15":"ast-product-gallery-layout-vertical-slider","16":"ast-product-single-variable","17":"ast-product-tabs-layout-horizontal","19":"first","20":"instock","21":"sold-individually","22":"taxable","23":"shipping-taxable","24":"purchasable","25":"product-type-variable"},"exclude_global_add_ons":[],"addons":[],"uagb_featured_image_src":{"full":["https:\/\/dachzeltnomaden.com\/shop\/wp-content\/uploads\/2025\/10\/dachzeltnomaden-shop-zubehoer-heizen-kochen-dieselofen-sibirien-kaufen.webp",800,791,false],"thumbnail":["https:\/\/dachzeltnomaden.com\/shop\/wp-content\/uploads\/2025\/10\/dachzeltnomaden-shop-zubehoer-heizen-kochen-dieselofen-sibirien-kaufen-600x600.webp",600,600,true],"medium":["https:\/\/dachzeltnomaden.com\/shop\/wp-content\/uploads\/2025\/10\/dachzeltnomaden-shop-zubehoer-heizen-kochen-dieselofen-sibirien-kaufen-300x297.webp",300,297,true],"medium_large":["https:\/\/dachzeltnomaden.com\/shop\/wp-content\/uploads\/2025\/10\/dachzeltnomaden-shop-zubehoer-heizen-kochen-dieselofen-sibirien-kaufen-768x759.webp",768,759,true],"large":["https:\/\/dachzeltnomaden.com\/shop\/wp-content\/uploads\/2025\/10\/dachzeltnomaden-shop-zubehoer-heizen-kochen-dieselofen-sibirien-kaufen-518x512.webp",518,512,true],"1536x1536":["https:\/\/dachzeltnomaden.com\/shop\/wp-content\/uploads\/2025\/10\/dachzeltnomaden-shop-zubehoer-heizen-kochen-dieselofen-sibirien-kaufen.webp",800,791,false],"2048x2048":["https:\/\/dachzeltnomaden.com\/shop\/wp-content\/uploads\/2025\/10\/dachzeltnomaden-shop-zubehoer-heizen-kochen-dieselofen-sibirien-kaufen.webp",800,791,false],"woocommerce_thumbnail":["https:\/\/dachzeltnomaden.com\/shop\/wp-content\/uploads\/2025\/10\/dachzeltnomaden-shop-zubehoer-heizen-kochen-dieselofen-sibirien-kaufen-600x600.webp",600,600,true],"woocommerce_single":["https:\/\/dachzeltnomaden.com\/shop\/wp-content\/uploads\/2025\/10\/dachzeltnomaden-shop-zubehoer-heizen-kochen-dieselofen-sibirien-kaufen.webp",800,791,false],"woocommerce_gallery_thumbnail":["https:\/\/dachzeltnomaden.com\/shop\/wp-content\/uploads\/2025\/10\/dachzeltnomaden-shop-zubehoer-heizen-kochen-dieselofen-sibirien-kaufen-100x100.webp",100,100,true]},"uagb_author_info":{"display_name":"Jasmine","author_link":"https:\/\/dachzeltnomaden.com\/shop\/author\/"},"uagb_comment_info":0,"uagb_excerpt":"Heizen &amp; Kochen Dieselofen &#8220;Sibirien&#8221; Dieselkaminofen mit Fenster und Kochfeld f\u00fcr Camper, Wohnmobile, Exmos und Boote mit 1,8kW oder 2kW [&hellip;]","_links":{"self":[{"href":"https:\/\/dachzeltnomaden.com\/shop\/wp-json\/wp\/v2\/product\/133343","targetHints":{"allow":["GET"]}}],"collection":[{"href":"https:\/\/dachzeltnomaden.com\/shop\/wp-json\/wp\/v2\/product"}],"about":[{"href":"https:\/\/dachzeltnomaden.com\/shop\/wp-json\/wp\/v2\/types\/product"}],"wp:featuredmedia":[{"embeddable":true,"href":"https:\/\/dachzeltnomaden.com\/shop\/wp-json\/wp\/v2\/media\/133349"}],"wp:attachment":[{"href":"https:\/\/dachzeltnomaden.com\/shop\/wp-json\/wp\/v2\/media?parent=133343"}],"wp:term":[{"taxonomy":"product_brand","embeddable":true,"href":"https:\/\/dachzeltnomaden.com\/shop\/wp-json\/wp\/v2\/product_brand?post=133343"},{"taxonomy":"product_cat","embeddable":true,"href":"https:\/\/dachzeltnomaden.com\/shop\/wp-json\/wp\/v2\/product_cat?post=133343"},{"taxonomy":"product_tag","embeddable":true,"href":"https:\/\/dachzeltnomaden.com\/shop\/wp-json\/wp\/v2\/product_tag?post=133343"}],"curies":[{"name":"wp","href":"https:\/\/api.w.org\/{rel}","templated":true}]}}