{"id":133329,"date":"2025-10-30T00:31:24","date_gmt":"2025-10-29T23:31:24","guid":{"rendered":"https:\/\/dachzeltnomaden.com\/shop\/?post_type=product&#038;p=133329"},"modified":"2025-11-19T11:53:33","modified_gmt":"2025-11-19T10:53:33","slug":"autoterm-travel-box-2-0","status":"publish","type":"product","link":"https:\/\/dachzeltnomaden.com\/shop\/produkt\/autoterm-travel-box-2-0\/","title":{"rendered":"Autoterm Travel Box 2.0"},"content":{"rendered":"\n<div class=\"wp-block-uagb-container uagb-block-be52fc24 default uagb-is-root-container\">\n<div class=\"wp-block-uagb-advanced-heading uagb-block-b21af034\"><p class=\"uagb-desc-text\">Mobile W\u00e4rme!<\/p><h2 class=\"uagb-heading-text\">Mobile Heizbox mit 2 kW Heizleistung<\/h2><div class=\"uagb-separator\"><\/div><\/div>\n\n\n\n<p style=\"margin-bottom:0px\">Die Travel Box 2.0 ist eine kompakte, transportable Heizl\u00f6sung, die f\u00fcr vielf\u00e4ltige Anwendungen entwickelt wurde.&nbsp;Die Heizbox mit Air 2D Dieselstandheizung&nbsp;ist fix und fertig f\u00fcr den mobilen Einsatz. Die Standheizung zum Mitnehmen: Mit der Travel Box 2.0 von Autoterm hast du die volle Freiheit. Egal ob<\/p>\n\n\n\n<ul class=\"wp-block-list\">\n<li>im Dachzelt,<\/li>\n\n\n\n<li>in der Waldh\u00fctte,<\/li>\n\n\n\n<li>der unbeheizten Werkstatt oder auf der Baustelle,<\/li>\n\n\n\n<li>auf dem Boot,<\/li>\n\n\n\n<li>oder f\u00fcr die Notfallversorung mit W\u00e4rme nach \u00dcberschwemmungen, Erdbeben o.\u00e4.<\/li>\n<\/ul>\n\n\n\n<p style=\"margin-bottom:0px\">Eine komplette Heizungsinstallation mit 2kW Dieselstandheizung in einem kompakten Koffer.<\/p>\n<\/div>\n\n\n\n<div class=\"wp-block-uagb-container uagb-block-ae00b476 default uagb-is-root-container\">\n<div class=\"wp-block-uagb-container uagb-block-3d544ad6\">\n<figure class=\"wp-block-gallery has-nested-images columns-2 is-cropped wp-block-gallery-1 is-layout-flex wp-block-gallery-is-layout-flex\">\n<figure class=\"wp-block-image alignright size-full has-custom-border is-style-default\"><img decoding=\"async\" width=\"800\" height=\"663\" data-id=\"133339\" src=\"https:\/\/dachzeltnomaden.com\/shop\/wp-content\/uploads\/2025\/10\/dachzeltnomaden-shop-zubehoer-heizen-autoterm-travel-box-2-0-mobile-heizbox-2kw-kaufen_2.webp\" alt=\"Autoterm Travel Box 2.0 - Mobile Heizbox mit 2kW Heizleistung kaufen\" class=\"wp-image-133339\" style=\"border-radius:10px\" srcset=\"https:\/\/dachzeltnomaden.com\/shop\/wp-content\/uploads\/2025\/10\/dachzeltnomaden-shop-zubehoer-heizen-autoterm-travel-box-2-0-mobile-heizbox-2kw-kaufen_2.webp 800w, https:\/\/dachzeltnomaden.com\/shop\/wp-content\/uploads\/2025\/10\/dachzeltnomaden-shop-zubehoer-heizen-autoterm-travel-box-2-0-mobile-heizbox-2kw-kaufen_2-300x249.webp 300w, https:\/\/dachzeltnomaden.com\/shop\/wp-content\/uploads\/2025\/10\/dachzeltnomaden-shop-zubehoer-heizen-autoterm-travel-box-2-0-mobile-heizbox-2kw-kaufen_2-618x512.webp 618w, https:\/\/dachzeltnomaden.com\/shop\/wp-content\/uploads\/2025\/10\/dachzeltnomaden-shop-zubehoer-heizen-autoterm-travel-box-2-0-mobile-heizbox-2kw-kaufen_2-768x636.webp 768w\" sizes=\"(max-width: 800px) 100vw, 800px\" \/><\/figure>\n\n\n\n<figure class=\"wp-block-image size-full has-custom-border\"><img decoding=\"async\" width=\"800\" height=\"560\" data-id=\"133337\" src=\"https:\/\/dachzeltnomaden.com\/shop\/wp-content\/uploads\/2025\/10\/dachzeltnomaden-shop-zubehoer-heizen-autoterm-travel-box-2-0-mobile-heizbox-2kw-kaufen_4.webp\" alt=\"Autoterm Travel Box 2.0 - Mobile Heizbox mit 2kW Heizleistung kaufen\" class=\"wp-image-133337\" style=\"border-radius:10px\" srcset=\"https:\/\/dachzeltnomaden.com\/shop\/wp-content\/uploads\/2025\/10\/dachzeltnomaden-shop-zubehoer-heizen-autoterm-travel-box-2-0-mobile-heizbox-2kw-kaufen_4.webp 800w, https:\/\/dachzeltnomaden.com\/shop\/wp-content\/uploads\/2025\/10\/dachzeltnomaden-shop-zubehoer-heizen-autoterm-travel-box-2-0-mobile-heizbox-2kw-kaufen_4-300x210.webp 300w, https:\/\/dachzeltnomaden.com\/shop\/wp-content\/uploads\/2025\/10\/dachzeltnomaden-shop-zubehoer-heizen-autoterm-travel-box-2-0-mobile-heizbox-2kw-kaufen_4-731x512.webp 731w, https:\/\/dachzeltnomaden.com\/shop\/wp-content\/uploads\/2025\/10\/dachzeltnomaden-shop-zubehoer-heizen-autoterm-travel-box-2-0-mobile-heizbox-2kw-kaufen_4-768x538.webp 768w\" sizes=\"(max-width: 800px) 100vw, 800px\" \/><\/figure>\n\n\n\n<figure class=\"wp-block-image size-full has-custom-border\"><img decoding=\"async\" width=\"800\" height=\"652\" data-id=\"133338\" src=\"https:\/\/dachzeltnomaden.com\/shop\/wp-content\/uploads\/2025\/10\/dachzeltnomaden-shop-zubehoer-heizen-autoterm-travel-box-2-0-mobile-heizbox-2kw-kaufen_3.webp\" alt=\"Autoterm Travel Box 2.0 - Mobile Heizbox mit 2kW Heizleistung kaufen\" class=\"wp-image-133338\" style=\"border-radius:10px\" srcset=\"https:\/\/dachzeltnomaden.com\/shop\/wp-content\/uploads\/2025\/10\/dachzeltnomaden-shop-zubehoer-heizen-autoterm-travel-box-2-0-mobile-heizbox-2kw-kaufen_3.webp 800w, https:\/\/dachzeltnomaden.com\/shop\/wp-content\/uploads\/2025\/10\/dachzeltnomaden-shop-zubehoer-heizen-autoterm-travel-box-2-0-mobile-heizbox-2kw-kaufen_3-300x245.webp 300w, https:\/\/dachzeltnomaden.com\/shop\/wp-content\/uploads\/2025\/10\/dachzeltnomaden-shop-zubehoer-heizen-autoterm-travel-box-2-0-mobile-heizbox-2kw-kaufen_3-628x512.webp 628w, https:\/\/dachzeltnomaden.com\/shop\/wp-content\/uploads\/2025\/10\/dachzeltnomaden-shop-zubehoer-heizen-autoterm-travel-box-2-0-mobile-heizbox-2kw-kaufen_3-768x626.webp 768w\" sizes=\"(max-width: 800px) 100vw, 800px\" \/><\/figure>\n\n\n\n<figure class=\"wp-block-image size-full has-custom-border\"><img decoding=\"async\" width=\"800\" height=\"727\" data-id=\"133336\" src=\"https:\/\/dachzeltnomaden.com\/shop\/wp-content\/uploads\/2025\/10\/dachzeltnomaden-shop-zubehoer-heizen-autoterm-travel-box-2-0-mobile-heizbox-2kw-kaufen.webp\" alt=\"Autoterm Travel Box 2.0 - Mobile Heizbox mit 2kW Heizleistung kaufen\" class=\"wp-image-133336\" style=\"border-radius:10px\" srcset=\"https:\/\/dachzeltnomaden.com\/shop\/wp-content\/uploads\/2025\/10\/dachzeltnomaden-shop-zubehoer-heizen-autoterm-travel-box-2-0-mobile-heizbox-2kw-kaufen.webp 800w, https:\/\/dachzeltnomaden.com\/shop\/wp-content\/uploads\/2025\/10\/dachzeltnomaden-shop-zubehoer-heizen-autoterm-travel-box-2-0-mobile-heizbox-2kw-kaufen-300x273.webp 300w, https:\/\/dachzeltnomaden.com\/shop\/wp-content\/uploads\/2025\/10\/dachzeltnomaden-shop-zubehoer-heizen-autoterm-travel-box-2-0-mobile-heizbox-2kw-kaufen-563x512.webp 563w, https:\/\/dachzeltnomaden.com\/shop\/wp-content\/uploads\/2025\/10\/dachzeltnomaden-shop-zubehoer-heizen-autoterm-travel-box-2-0-mobile-heizbox-2kw-kaufen-768x698.webp 768w\" sizes=\"(max-width: 800px) 100vw, 800px\" \/><\/figure>\n<\/figure>\n<\/div>\n\n\n\n<div class=\"wp-block-uagb-container uagb-block-76ea1ad4\">\n<h4 class=\"wp-block-heading\" style=\"margin-top:0px;margin-bottom:0px\">Travel Box 2.0 &#8211; Spezifikationen<\/h4>\n\n\n\n<ul class=\"wp-block-list\">\n<li><strong>Heizleistung:<\/strong> 2kW<\/li>\n\n\n\n<li><strong>Kraftstoffart:<\/strong> Diesel<\/li>\n\n\n\n<li><strong>Betriebsspannung:<\/strong> 12V<\/li>\n\n\n\n<li><strong>Ma\u00dfe: <\/strong>50 x 40 x 20 cm<\/li>\n\n\n\n<li><strong>Gewicht (mit vollem 5l Kraftstofftank): <\/strong>22,5 kg<\/li>\n\n\n\n<li>Arbeitet bei voller Leistung bis zu 8 Stunden<\/li>\n\n\n\n<li>Arbeitet wahlweise mit festen Leistungsstufen oder Temperaturregelung<\/li>\n\n\n\n<li>Eingebauter Kraftstofftank, integrierte Batterie plus 12V 5A smart Charger mit integriertem Batterie-Saver<\/li>\n<\/ul>\n<\/div>\n<\/div>\n\n\n\n<div class=\"wp-block-uagb-advanced-heading uagb-block-5bb509f4\"><h3 class=\"uagb-heading-text\">Das beinhaltet die Travel Box 2.0<\/h3><\/div>\n\n\n\n<div class=\"wp-block-uagb-advanced-heading uagb-block-b345faf9\"><h4 class=\"uagb-heading-text\"><strong>Heizung:<\/strong><\/h4><\/div>\n\n\n\n<p>Die Herzst\u00fcck der Travel Box 2.0 ist die <a href=\"https:\/\/dachzeltnomaden.com\/shop\/produkt\/autoterm-2d-diesel-luftstandheizung-dachzelt\/\">Autoterm Air 2D Standheizung<\/a> mit 2kW Heizleistung. Durch ihre sich selbstst\u00e4ndig anpassende Kraftstoffeinspritzung&nbsp;funktioniert die Travel Box 2.0 in extremen H\u00f6henlagen einwandfrei. Auch&nbsp;durch Temperaturen bis zu -45\u00b0C l\u00e4sst sich die Autoterm Air 2D Standheizung nicht&nbsp;in ihrer Zuverl\u00e4ssigkeit beeinflussen.<br><br>F\u00fcr maximale Mobilit\u00e4t wurde die Travel Box 2.0 so kompakt und leicht wie m\u00f6glich gestaltet. Mit Au\u00dfenma\u00dfen von nur 50 x 40 x 20 cm und einem Gewicht von 22,5 kg bei vollem Kraftstofftank l\u00e4sst sie sich bequem transportieren und platzsparend verstauen.<\/p>\n\n\n\n<div class=\"wp-block-uagb-advanced-heading uagb-block-385859c1\"><h4 class=\"uagb-heading-text\"><strong>Batterie und Ladeger\u00e4t:<\/strong><\/h4><\/div>\n\n\n\n<p>Zur elektrischen Versorgung der Standheizung ist ein Akku samt Ladeger\u00e4t in die Travel Box 2.0 integriert. Sie kann zum Aufladen an 230V oder an eine andere 12V Batterie angeschlossen werden. Entsprechende Anschlusskabel liegen der Travel Box bei.<\/p>\n\n\n\n<div class=\"wp-block-uagb-advanced-heading uagb-block-7b24c8ff\"><h4 class=\"uagb-heading-text\"><strong>Kraftstofftank:<\/strong><\/h4><\/div>\n\n\n\n<p>Ein 5L Kraftstofftank versorgt die Standheizung mit Diesel. Zum Bef\u00fcllen ist keine Entnahme, Gefummel oder Gekleckere notwendig, da die Box einfach wie ein Reservekanister \u00fcber den integrierten Stutzen bef\u00fcllt wird. Undicht werdende Kupplungsanschl\u00fcsse oder Wartung von Einzelteilen &#8211; kein Thema bei der Travel Box 2.0.<\/p>\n\n\n\n<div class=\"wp-block-uagb-advanced-heading uagb-block-69aa167e\"><h3 class=\"uagb-heading-text\">Wie lange kann ich mit der Travel Box&nbsp;Heizbox heizen<\/h3><\/div>\n\n\n\n<p>Wenn die Travel Box bef\u00fcllt und aufgeladen ist, kannst du damit bei voller Leistung bis zu 8 Stunden durchheizen.<\/p>\n\n\n\n<div class=\"wp-block-uagb-advanced-heading uagb-block-a69629dd\"><h3 class=\"uagb-heading-text\">Bedienung made simple<\/h3><\/div>\n\n\n\n<p>Die Bedienung der Travel Box 2.0 ist denkbar einfach und ist mit dem Dr\u00fccken nur eines einzigen Knopfes erledigt. Dabei hat man die Wahl zwischen vier farblich unterschiedlich gekennzeichneten&nbsp;Schaltern f\u00fcr vier verschiedene, fest eingestellte&nbsp;Leistungsstufen.<br><br>Alternativ kann ein externer Temperatursensor an die Travel Box 2.0 angeschlossen werden, der die vier festen Leistungsstufen auf ein automatisches&nbsp;Regulieren der Raumtemperatur&nbsp;auf 18, 21, 25\u00b0C oder maximaler Power umschaltet.<\/p>\n\n\n\n<div class=\"wp-block-uagb-advanced-heading uagb-block-77fd5d4a\"><h3 class=\"uagb-heading-text\">Was du noch brauchst<\/h3><\/div>\n\n\n\n<ul class=\"wp-block-list\">\n<li>Die Travel Box produziert Abgase. Stelle sie daher ausschlie\u00dflich im Freien auf.<\/li>\n\n\n\n<li>Um die&nbsp;warme Luft in den Innenraum zu kriegen, nutze einen <a href=\"https:\/\/dachzeltnomaden.com\/shop\/produkt\/warmluftschlauch-60-mm-hitzebestaendig-fuer-ausseneinsatz\/\">Warmluftschlauch f\u00fcr den Au\u00dfeneinsatz<\/a>.<\/li>\n<\/ul>\n\n\n\n<p>Willst du wissen, wie du dir die Standheizung selbst in eine Box bauen kannst? <a href=\"https:\/\/dachzeltnomaden.com\/dachzelt-heizung-selbstgebaut-autoterm-air-2d-im-alukoffer\/\" data-type=\"link\" data-id=\"https:\/\/dachzeltnomaden.com\/dachzelt-heizung-selbstgebaut-autoterm-air-2d-im-alukoffer\/\" target=\"_blank\" rel=\"noreferrer noopener\">Dann schau mal hier vorbei!<\/a><br><br>*Dies ist ein reines Vermittlungsgesch\u00e4ft. Wenn du dich f\u00fcr den Kauf einer Travel Box entscheidest, erhalten die Dachzeltnomaden eine Provision. Damit unterst\u00fctzt du uns &amp; unsere Arbeit. \u00a0Verkauf und Versand erfolgt \u00fcber <a href=\"https:\/\/www.tigerexped.de\/\" data-type=\"link\" data-id=\"https:\/\/www.tigerexped.de\/\" target=\"_blank\" rel=\"noopener\">tigerexped<\/a>.\u00a0Hier findest du <a href=\"https:\/\/www.tigerexped.de\/AGB\" data-type=\"link\" data-id=\"https:\/\/www.tigerexped.de\/AGB\" target=\"_blank\" rel=\"noopener\">die AGBs<\/a> von tigerexped. Mit dem Kauf best\u00e4tigst du diese AGBs.<\/p>\n","protected":false},"excerpt":{"rendered":"<p>Mobile W\u00e4rme! Mobile Heizbox mit 2 kW Heizleistung Die Travel Box 2.0 ist eine kompakte, transportable Heizl\u00f6sung, die f\u00fcr vielf\u00e4ltige [&hellip;]<\/p>\n","protected":false},"featured_media":133336,"template":"","meta":{"_uag_custom_page_level_css":"","site-sidebar-layout":"default","site-content-layout":"","ast-site-content-layout":"default","site-content-style":"default","site-sidebar-style":"default","ast-global-header-display":"","ast-banner-title-visibility":"","ast-main-header-display":"","ast-hfb-above-header-display":"","ast-hfb-below-header-display":"","ast-hfb-mobile-header-display":"","site-post-title":"","ast-breadcrumbs-content":"","ast-featured-img":"","footer-sml-layout":"","ast-disable-related-posts":"","theme-transparent-header-meta":"","adv-header-id-meta":"","stick-header-meta":"","header-above-stick-meta":"","header-main-stick-meta":"","header-below-stick-meta":"","astra-migrate-meta-layouts":"default","ast-page-background-enabled":"default","ast-page-background-meta":{"desktop":{"background-color":"var(--ast-global-color-4)","background-image":"","background-repeat":"repeat","background-position":"center center","background-size":"auto","background-attachment":"scroll","background-type":"","background-media":"","overlay-type":"","overlay-color":"","overlay-opacity":"","overlay-gradient":""},"tablet":{"background-color":"","background-image":"","background-repeat":"repeat","background-position":"center center","background-size":"auto","background-attachment":"scroll","background-type":"","background-media":"","overlay-type":"","overlay-color":"","overlay-opacity":"","overlay-gradient":""},"mobile":{"background-color":"","background-image":"","background-repeat":"repeat","background-position":"center center","background-size":"auto","background-attachment":"scroll","background-type":"","background-media":"","overlay-type":"","overlay-color":"","overlay-opacity":"","overlay-gradient":""}},"ast-content-background-meta":{"desktop":{"background-color":"var(--ast-global-color-5)","background-image":"","background-repeat":"repeat","background-position":"center center","background-size":"auto","background-attachment":"scroll","background-type":"","background-media":"","overlay-type":"","overlay-color":"","overlay-opacity":"","overlay-gradient":""},"tablet":{"background-color":"var(--ast-global-color-5)","background-image":"","background-repeat":"repeat","background-position":"center center","background-size":"auto","background-attachment":"scroll","background-type":"","background-media":"","overlay-type":"","overlay-color":"","overlay-opacity":"","overlay-gradient":""},"mobile":{"background-color":"var(--ast-global-color-5)","background-image":"","background-repeat":"repeat","background-position":"center center","background-size":"auto","background-attachment":"scroll","background-type":"","background-media":"","overlay-type":"","overlay-color":"","overlay-opacity":"","overlay-gradient":""}},"_themeisle_gutenberg_block_has_review":false},"product_brand":[],"product_cat":[101,107],"product_tag":[381,382],"class_list":{"0":"post-133329","1":"product","2":"type-product","3":"status-publish","4":"has-post-thumbnail","6":"product_cat-zubehoer","7":"product_cat-heizen","8":"product_tag-mobile-heizbox","9":"product_tag-dachzelt-heizung","10":"product_shipping_class-tigerexped","11":"desktop-align-left","12":"tablet-align-left","13":"mobile-align-left","14":"ast-product-gallery-layout-vertical-slider","15":"ast-product-tabs-layout-horizontal","17":"first","18":"instock","19":"taxable","20":"shipping-taxable","21":"purchasable","22":"product-type-simple"},"exclude_global_add_ons":false,"addons":[{"name":"Warmluftschlauch","type":"multiple_choice","position":0,"required":false,"title_format":"label","default":"","description_enable":false,"description":"","placeholder_enable":false,"placeholder":"","display":"images","restrictions_type":"any_text","adjust_price":false,"price":"","price_type":"flat_fee","restrictions":false,"min":"0","max":"0","options":[{"label":"Warmluftschlauch 60 mm hitzebest\u00e4ndig f\u00fcr Ausseneinsatz","price":"15.95","price_type":"flat_fee","image":133376,"visibility":true}],"id":1762254759}],"uagb_featured_image_src":{"full":["https:\/\/dachzeltnomaden.com\/shop\/wp-content\/uploads\/2025\/10\/dachzeltnomaden-shop-zubehoer-heizen-autoterm-travel-box-2-0-mobile-heizbox-2kw-kaufen.webp",800,727,false],"thumbnail":["https:\/\/dachzeltnomaden.com\/shop\/wp-content\/uploads\/2025\/10\/dachzeltnomaden-shop-zubehoer-heizen-autoterm-travel-box-2-0-mobile-heizbox-2kw-kaufen-600x600.webp",600,600,true],"medium":["https:\/\/dachzeltnomaden.com\/shop\/wp-content\/uploads\/2025\/10\/dachzeltnomaden-shop-zubehoer-heizen-autoterm-travel-box-2-0-mobile-heizbox-2kw-kaufen-300x273.webp",300,273,true],"medium_large":["https:\/\/dachzeltnomaden.com\/shop\/wp-content\/uploads\/2025\/10\/dachzeltnomaden-shop-zubehoer-heizen-autoterm-travel-box-2-0-mobile-heizbox-2kw-kaufen-768x698.webp",768,698,true],"large":["https:\/\/dachzeltnomaden.com\/shop\/wp-content\/uploads\/2025\/10\/dachzeltnomaden-shop-zubehoer-heizen-autoterm-travel-box-2-0-mobile-heizbox-2kw-kaufen-563x512.webp",563,512,true],"1536x1536":["https:\/\/dachzeltnomaden.com\/shop\/wp-content\/uploads\/2025\/10\/dachzeltnomaden-shop-zubehoer-heizen-autoterm-travel-box-2-0-mobile-heizbox-2kw-kaufen.webp",800,727,false],"2048x2048":["https:\/\/dachzeltnomaden.com\/shop\/wp-content\/uploads\/2025\/10\/dachzeltnomaden-shop-zubehoer-heizen-autoterm-travel-box-2-0-mobile-heizbox-2kw-kaufen.webp",800,727,false],"woocommerce_thumbnail":["https:\/\/dachzeltnomaden.com\/shop\/wp-content\/uploads\/2025\/10\/dachzeltnomaden-shop-zubehoer-heizen-autoterm-travel-box-2-0-mobile-heizbox-2kw-kaufen-600x600.webp",600,600,true],"woocommerce_single":["https:\/\/dachzeltnomaden.com\/shop\/wp-content\/uploads\/2025\/10\/dachzeltnomaden-shop-zubehoer-heizen-autoterm-travel-box-2-0-mobile-heizbox-2kw-kaufen.webp",800,727,false],"woocommerce_gallery_thumbnail":["https:\/\/dachzeltnomaden.com\/shop\/wp-content\/uploads\/2025\/10\/dachzeltnomaden-shop-zubehoer-heizen-autoterm-travel-box-2-0-mobile-heizbox-2kw-kaufen-100x100.webp",100,100,true]},"uagb_author_info":{"display_name":"admin","author_link":"https:\/\/dachzeltnomaden.com\/shop\/author\/"},"uagb_comment_info":0,"uagb_excerpt":"Mobile W\u00e4rme! Mobile Heizbox mit 2 kW Heizleistung Die Travel Box 2.0 ist eine kompakte, transportable Heizl\u00f6sung, die f\u00fcr vielf\u00e4ltige [&hellip;]","_links":{"self":[{"href":"https:\/\/dachzeltnomaden.com\/shop\/wp-json\/wp\/v2\/product\/133329","targetHints":{"allow":["GET"]}}],"collection":[{"href":"https:\/\/dachzeltnomaden.com\/shop\/wp-json\/wp\/v2\/product"}],"about":[{"href":"https:\/\/dachzeltnomaden.com\/shop\/wp-json\/wp\/v2\/types\/product"}],"wp:featuredmedia":[{"embeddable":true,"href":"https:\/\/dachzeltnomaden.com\/shop\/wp-json\/wp\/v2\/media\/133336"}],"wp:attachment":[{"href":"https:\/\/dachzeltnomaden.com\/shop\/wp-json\/wp\/v2\/media?parent=133329"}],"wp:term":[{"taxonomy":"product_brand","embeddable":true,"href":"https:\/\/dachzeltnomaden.com\/shop\/wp-json\/wp\/v2\/product_brand?post=133329"},{"taxonomy":"product_cat","embeddable":true,"href":"https:\/\/dachzeltnomaden.com\/shop\/wp-json\/wp\/v2\/product_cat?post=133329"},{"taxonomy":"product_tag","embeddable":true,"href":"https:\/\/dachzeltnomaden.com\/shop\/wp-json\/wp\/v2\/product_tag?post=133329"}],"curies":[{"name":"wp","href":"https:\/\/api.w.org\/{rel}","templated":true}]}}