{"id":133309,"date":"2025-10-28T11:55:11","date_gmt":"2025-10-28T10:55:11","guid":{"rendered":"https:\/\/dachzeltnomaden.com\/shop\/?post_type=product&#038;p=133309"},"modified":"2026-03-13T09:04:56","modified_gmt":"2026-03-13T08:04:56","slug":"wahi-moenga-vorzelt","status":"publish","type":"product","link":"https:\/\/dachzeltnomaden.com\/shop\/produkt\/wahi-moenga-vorzelt\/","title":{"rendered":"wahi moenga &#8211; Vorzelt"},"content":{"rendered":"\n<p>Das Vorzelt wahi moenga  erg\u00e4nzt das Dachzelt moenga  um einen wettergesch\u00fctzten Bereich \u2013 ideal zum Umziehen, Lagern oder als trockener Einstieg.\u00a0Befestigt wird das Vorzelt mit Rei\u00dfverschl\u00fcssen und eine Seite wird beim geschlossenen Dachzelt in die Kederleiste geschoben.\u00a0Die mitgelieferte Bodenplane sch\u00fctzt vor Feuchtigkeit und Schmutz. Kompakt in der Gr\u00f6\u00dfe, praktisch im Einsatz.<\/p>\n\n\n\n<h3 class=\"wp-block-heading\">Besondere Features<\/h3>\n\n\n\n<ul class=\"wp-block-list\">\n<li><strong>Einfaches Befestigungssystem:<\/strong> Das Vorzelt l\u00e4sst sich mit einem Rei\u00dfverschluss schnell und einfach an dein moenga Dachzelt anschlie\u00dfen.<\/li>\n\n\n\n<li><strong>Einfacher Zutritt:<\/strong> Zwei T\u00fcren inklusive Moskitonetz&nbsp;mit Rei\u00dfverschluss<\/li>\n\n\n\n<li><strong>Blick in die Natur:<\/strong> Gro\u00dfe Fenster inklusive Moskitonetz mit Rei\u00dfverschluss<\/li>\n\n\n\n<li><strong>Komplett geschlossen<\/strong> &#8211; Durch vier W\u00e4nde gehst du immer trockenen Fu\u00dfes in dein Dachzelt<\/li>\n<\/ul>\n\n\n\n<h3 class=\"wp-block-heading\">Produktdetails<\/h3>\n\n\n\n<ul class=\"wp-block-list\">\n<li><strong>T\u00fcren: <\/strong>2, inkl. Moskitonetz<\/li>\n\n\n\n<li><strong>Fenster:<\/strong> 1, inkl. Moskitonetz<\/li>\n\n\n\n<li><strong>Seitenw\u00e4nde:<\/strong> 4<\/li>\n\n\n\n<li><strong>Befestigungssystem:<\/strong> Reissverschluss<\/li>\n\n\n\n<li><strong>Zubeh\u00f6r:<\/strong> optional wahi+ Verl\u00e4ngerungssystem f\u00fcr SUVs, Vans und Transporter<\/li>\n<\/ul>\n\n\n\n<h3 class=\"wp-block-heading\">Technische Daten<\/h3>\n\n\n\n<figure class=\"wp-block-table is-style-regular\"><table class=\"has-fixed-layout\"><thead><tr><th><\/th><th>wahi moenga S<\/th><th>wahi moenga M<\/th><th>wahi moenga L<\/th><th>wahi moenga XL<\/th><\/tr><\/thead><tbody><tr><td><strong>Bodenfl\u00e4che (BxLxH)<\/strong><\/td><td>225x210x190 cm<\/td><td>225x230x190 cm<\/td><td>225x260x190 cm<\/td><td>290x225x190 cm<\/td><\/tr><tr><td><strong>Gewicht<\/strong><\/td><td>7,2 kg<\/td><td>9 kg<\/td><td>11 kg<\/td><td>12,6 kg<\/td><\/tr><tr><td><strong>Zeltstoff<\/strong><\/td><td>420D Rip-Stop Polyester Oxford, 2500 mm Wassers\u00e4ule, Schimmelresistent<\/td><td>420D Rip-Stop Polyester Oxford, 2500 mm Wassers\u00e4ule, Schimmelresistent<\/td><td>420D Rip-Stop Polyester Oxford, 2500 mm Wassers\u00e4ule, Schimmelresistent<\/td><td>420D Rip-Stop Polyester Oxford, 2500 mm Wassers\u00e4ule, Schimmelresistent<\/td><\/tr><\/tbody><\/table><\/figure>\n","protected":false},"excerpt":{"rendered":"<p>Das Vorzelt wahi moenga erg\u00e4nzt das Dachzelt moenga um einen wettergesch\u00fctzten Bereich \u2013 ideal zum Umziehen, Lagern oder als trockener [&hellip;]<\/p>\n","protected":false},"featured_media":133312,"template":"","meta":{"_uag_custom_page_level_css":"","site-sidebar-layout":"default","site-content-layout":"","ast-site-content-layout":"default","site-content-style":"default","site-sidebar-style":"default","ast-global-header-display":"","ast-banner-title-visibility":"","ast-main-header-display":"","ast-hfb-above-header-display":"","ast-hfb-below-header-display":"","ast-hfb-mobile-header-display":"","site-post-title":"","ast-breadcrumbs-content":"","ast-featured-img":"","footer-sml-layout":"","ast-disable-related-posts":"","theme-transparent-header-meta":"","adv-header-id-meta":"","stick-header-meta":"","header-above-stick-meta":"","header-main-stick-meta":"","header-below-stick-meta":"","astra-migrate-meta-layouts":"default","ast-page-background-enabled":"default","ast-page-background-meta":{"desktop":{"background-color":"var(--ast-global-color-4)","background-image":"","background-repeat":"repeat","background-position":"center center","background-size":"auto","background-attachment":"scroll","background-type":"","background-media":"","overlay-type":"","overlay-color":"","overlay-opacity":"","overlay-gradient":""},"tablet":{"background-color":"","background-image":"","background-repeat":"repeat","background-position":"center center","background-size":"auto","background-attachment":"scroll","background-type":"","background-media":"","overlay-type":"","overlay-color":"","overlay-opacity":"","overlay-gradient":""},"mobile":{"background-color":"","background-image":"","background-repeat":"repeat","background-position":"center center","background-size":"auto","background-attachment":"scroll","background-type":"","background-media":"","overlay-type":"","overlay-color":"","overlay-opacity":"","overlay-gradient":""}},"ast-content-background-meta":{"desktop":{"background-color":"var(--ast-global-color-5)","background-image":"","background-repeat":"repeat","background-position":"center center","background-size":"auto","background-attachment":"scroll","background-type":"","background-media":"","overlay-type":"","overlay-color":"","overlay-opacity":"","overlay-gradient":""},"tablet":{"background-color":"var(--ast-global-color-5)","background-image":"","background-repeat":"repeat","background-position":"center center","background-size":"auto","background-attachment":"scroll","background-type":"","background-media":"","overlay-type":"","overlay-color":"","overlay-opacity":"","overlay-gradient":""},"mobile":{"background-color":"var(--ast-global-color-5)","background-image":"","background-repeat":"repeat","background-position":"center center","background-size":"auto","background-attachment":"scroll","background-type":"","background-media":"","overlay-type":"","overlay-color":"","overlay-opacity":"","overlay-gradient":""}},"_themeisle_gutenberg_block_has_review":false},"product_brand":[],"product_cat":[127],"product_tag":[],"class_list":{"0":"post-133309","1":"product","2":"type-product","3":"status-publish","4":"has-post-thumbnail","6":"product_cat-neue-dachzelte-kaufen","7":"desktop-align-left","8":"tablet-align-left","9":"mobile-align-left","10":"ast-product-gallery-layout-vertical-slider","11":"ast-product-single-variable","12":"ast-product-tabs-layout-horizontal","14":"first","15":"instock","16":"taxable","17":"shipping-taxable","18":"purchasable","19":"product-type-variable"},"exclude_global_add_ons":[],"addons":[],"uagb_featured_image_src":{"full":["https:\/\/dachzeltnomaden.com\/shop\/wp-content\/uploads\/2025\/10\/wahi_black_05.webp",2000,1600,false],"thumbnail":["https:\/\/dachzeltnomaden.com\/shop\/wp-content\/uploads\/2025\/10\/wahi_black_05-600x600.webp",600,600,true],"medium":["https:\/\/dachzeltnomaden.com\/shop\/wp-content\/uploads\/2025\/10\/wahi_black_05-300x240.webp",300,240,true],"medium_large":["https:\/\/dachzeltnomaden.com\/shop\/wp-content\/uploads\/2025\/10\/wahi_black_05-768x614.webp",768,614,true],"large":["https:\/\/dachzeltnomaden.com\/shop\/wp-content\/uploads\/2025\/10\/wahi_black_05-640x512.webp",640,512,true],"1536x1536":["https:\/\/dachzeltnomaden.com\/shop\/wp-content\/uploads\/2025\/10\/wahi_black_05-1536x1229.webp",1536,1229,true],"2048x2048":["https:\/\/dachzeltnomaden.com\/shop\/wp-content\/uploads\/2025\/10\/wahi_black_05.webp",2000,1600,false],"woocommerce_thumbnail":["https:\/\/dachzeltnomaden.com\/shop\/wp-content\/uploads\/2025\/10\/wahi_black_05-600x600.webp",600,600,true],"woocommerce_single":["https:\/\/dachzeltnomaden.com\/shop\/wp-content\/uploads\/2025\/10\/wahi_black_05-1024x819.webp",1024,819,true],"woocommerce_gallery_thumbnail":["https:\/\/dachzeltnomaden.com\/shop\/wp-content\/uploads\/2025\/10\/wahi_black_05-100x100.webp",100,100,true]},"uagb_author_info":{"display_name":"admin","author_link":"https:\/\/dachzeltnomaden.com\/shop\/author\/"},"uagb_comment_info":0,"uagb_excerpt":"Das Vorzelt wahi moenga erg\u00e4nzt das Dachzelt moenga um einen wettergesch\u00fctzten Bereich \u2013 ideal zum Umziehen, Lagern oder als trockener [&hellip;]","_links":{"self":[{"href":"https:\/\/dachzeltnomaden.com\/shop\/wp-json\/wp\/v2\/product\/133309","targetHints":{"allow":["GET"]}}],"collection":[{"href":"https:\/\/dachzeltnomaden.com\/shop\/wp-json\/wp\/v2\/product"}],"about":[{"href":"https:\/\/dachzeltnomaden.com\/shop\/wp-json\/wp\/v2\/types\/product"}],"wp:featuredmedia":[{"embeddable":true,"href":"https:\/\/dachzeltnomaden.com\/shop\/wp-json\/wp\/v2\/media\/133312"}],"wp:attachment":[{"href":"https:\/\/dachzeltnomaden.com\/shop\/wp-json\/wp\/v2\/media?parent=133309"}],"wp:term":[{"taxonomy":"product_brand","embeddable":true,"href":"https:\/\/dachzeltnomaden.com\/shop\/wp-json\/wp\/v2\/product_brand?post=133309"},{"taxonomy":"product_cat","embeddable":true,"href":"https:\/\/dachzeltnomaden.com\/shop\/wp-json\/wp\/v2\/product_cat?post=133309"},{"taxonomy":"product_tag","embeddable":true,"href":"https:\/\/dachzeltnomaden.com\/shop\/wp-json\/wp\/v2\/product_tag?post=133309"}],"curies":[{"name":"wp","href":"https:\/\/api.w.org\/{rel}","templated":true}]}}