{"id":133244,"date":"2025-10-22T10:32:10","date_gmt":"2025-10-22T08:32:10","guid":{"rendered":"https:\/\/dachzeltnomaden.com\/shop\/?post_type=product&#038;p=133244"},"modified":"2026-02-25T11:27:39","modified_gmt":"2026-02-25T10:27:39","slug":"punii-moenga-s","status":"publish","type":"product","link":"https:\/\/dachzeltnomaden.com\/shop\/produkt\/punii-moenga-s\/","title":{"rendered":"punii &#8211; moenga S"},"content":{"rendered":"\n<p>Das moenga S ist kompakt, schnell aufgebaut und ideal f\u00fcr Solo-Trips oder Reisen zu zweit. Die Teleskopleiter wird ausgezogen, das Zelt entfaltet sich in wenigen Minuten \u2013 ganz ohne Aufwand. Innen sorgt eine 7\u202fcm dicke Matratze f\u00fcr bequemen Schlaf, w\u00e4hrend das wetterfeste Material bei Regen, Wind und Sonne sch\u00fctzt. Die integrierte LED-Beleuchtung bringt Licht ins Zelt. Mit einer Liegefl\u00e4che von 140\u202fcm bietet moenga S ausreichend Platz f\u00fcr ein bis zwei Personen \u2013 ideal f\u00fcr minimalistisches Reisen mit Komfort.<\/p>\n\n\n\n<h3 class=\"wp-block-heading\">Wichtige Merkmale:<\/h3>\n\n\n\n<ul class=\"wp-block-list\">\n<li><strong>Super bequeme Komfort-Matratze<\/strong><br>Extra dicke 7 cm Matratze inkl. 3D-Meshunterlage<\/li>\n\n\n\n<li>Extrem wetterfest &#8211; <strong>f\u00fcr jedes Wetter<\/strong><br><strong>Rainfly:<\/strong>&nbsp;2.500 mm Wassers\u00e4ule, UV 50+<br><strong>Zeltstoff:<\/strong>&nbsp;3.500 mm Wassers\u00e4ule&nbsp;<em>(die empfohlene Wassers\u00e4ule bei Zelten ist 3.000 mm)<\/em><br><strong>Transportcover:<\/strong>&nbsp;10.000 mm Wassers\u00e4ule (wasserdicht), UV 50+<br><strong>Windst\u00e4rke:<\/strong>&nbsp;7 (60 Km\/h)<\/li>\n\n\n\n<li><strong>Erstklassiger Zeltstoff<\/strong><br><strong>Zeltstoff:<\/strong>&nbsp;280GSM Rip-Stop Polyester<\/li>\n\n\n\n<li><strong>Super schneller Aufbau<\/strong><br>In 5 Minuten aufgebaut<br>In 5 Minuten zusammengebaut<\/li>\n<\/ul>\n\n\n\n<h3 class=\"wp-block-heading\">Features:<\/h3>\n\n\n\n<ul class=\"wp-block-list\">\n<li><strong>Matratze:<\/strong> Extra dicke 7 cm Matratze<\/li>\n\n\n\n<li><strong>Fenster:<\/strong> Selbstaufstellende Seitenfenster<\/li>\n\n\n\n<li><strong>Licht: <\/strong>LED Beleuchtungssystem innen<\/li>\n\n\n\n<li><strong>Aufbewahrungstaschen innen<\/strong><\/li>\n\n\n\n<li><strong>Aufbewahrungsnetz au\u00dfen<\/strong><\/li>\n\n\n\n<li><strong>3D-Meshunterlage<\/strong><\/li>\n\n\n\n<li><strong>2 Schuhs\u00e4cke au\u00dfen<\/strong><\/li>\n\n\n\n<li><strong>Schwarze Aluminiumleiter ausziehbar bis 230 cm<\/strong><\/li>\n\n\n\n<li><strong>\u00d6ffnung f\u00fcr Kabel &amp; Heizungsschlauch<\/strong><\/li>\n<\/ul>\n\n\n\n<h3 class=\"wp-block-heading\">Produktdetails:<\/h3>\n\n\n\n<ul class=\"wp-block-list\">\n<li><strong>Schlafpl\u00e4tze: <\/strong>2 Personen<\/li>\n\n\n\n<li><strong>Liegefl\u00e4che: <\/strong>140 x 240 cm (BxL)<\/li>\n\n\n\n<li><strong>Matratze: <\/strong>7 cm, waschbarer Flanellbezug<\/li>\n\n\n\n<li><strong>Fenster: <\/strong>5 inkl. Skyview Fenster<\/li>\n\n\n\n<li><strong>Bel\u00fcftungssystem: <\/strong>Ja, selbstaufstellend<\/li>\n\n\n\n<li><strong>Vorzelt: <\/strong>Ja, optional als Zubeh\u00f6r<\/li>\n<\/ul>\n\n\n\n<h3 class=\"wp-block-heading\">Technische Daten:<\/h3>\n\n\n\n<ul class=\"wp-block-list\">\n<li><strong>Liegefl\u00e4che:&nbsp;<\/strong>140 x 240 cm (BxL)<\/li>\n\n\n\n<li><strong>Zeltgr\u00f6\u00dfe aufgeklappt:&nbsp;<\/strong>141 x 310 x 127 cm (BxLxH)<\/li>\n\n\n\n<li><strong>Transportgr\u00f6\u00dfe:&nbsp;<\/strong>141 x 122 x 28 cm (BxLxH)<\/li>\n\n\n\n<li><strong>Gesamtgewicht: <\/strong>ca. 63 kg inkl. Leiter und Plane<\/li>\n\n\n\n<li><strong>Rainfly: <\/strong>420D Rip-Stop Polyester Oxford in Diamandstruktur &#8211; 2500 mm Wassers\u00e4ule, UV 50+<\/li>\n\n\n\n<li><strong>Zeltstoff: <\/strong>280GSM Rip-Stop Polyester &#8211; 3500 mm Wassers\u00e4ule<\/li>\n\n\n\n<li><strong>Transportcover: <\/strong>680GSM hochbelastbares PVC, 10.000 mm Wassers\u00e4ule, UV 50+<\/li>\n<\/ul>\n\n\n\n<h3 class=\"wp-block-heading\">Lieferumfang:<\/h3>\n\n\n\n<ul class=\"wp-block-list\">\n<li><strong>Dachzelt mit Zubeh\u00f6r<\/strong><\/li>\n\n\n\n<li><strong>LED Beleuchtungssystem<\/strong><\/li>\n\n\n\n<li><strong>Zwei Schuhtaschen<\/strong><\/li>\n\n\n\n<li><strong>Aufbewahrungsnetz<\/strong><\/li>\n\n\n\n<li><strong>Befestigungsmaterial<\/strong><\/li>\n\n\n\n<li><strong>Transportcover<\/strong><\/li>\n<\/ul>\n","protected":false},"excerpt":{"rendered":"<p>Das moenga S ist kompakt, schnell aufgebaut und ideal f\u00fcr Solo-Trips oder Reisen zu zweit. Die Teleskopleiter wird ausgezogen, das [&hellip;]<\/p>\n","protected":false},"featured_media":132340,"template":"","meta":{"_uag_custom_page_level_css":"","site-sidebar-layout":"default","site-content-layout":"","ast-site-content-layout":"default","site-content-style":"default","site-sidebar-style":"default","ast-global-header-display":"","ast-banner-title-visibility":"","ast-main-header-display":"","ast-hfb-above-header-display":"","ast-hfb-below-header-display":"","ast-hfb-mobile-header-display":"","site-post-title":"","ast-breadcrumbs-content":"","ast-featured-img":"","footer-sml-layout":"","ast-disable-related-posts":"","theme-transparent-header-meta":"","adv-header-id-meta":"","stick-header-meta":"","header-above-stick-meta":"","header-main-stick-meta":"","header-below-stick-meta":"","astra-migrate-meta-layouts":"default","ast-page-background-enabled":"default","ast-page-background-meta":{"desktop":{"background-color":"var(--ast-global-color-4)","background-image":"","background-repeat":"repeat","background-position":"center center","background-size":"auto","background-attachment":"scroll","background-type":"","background-media":"","overlay-type":"","overlay-color":"","overlay-opacity":"","overlay-gradient":""},"tablet":{"background-color":"","background-image":"","background-repeat":"repeat","background-position":"center center","background-size":"auto","background-attachment":"scroll","background-type":"","background-media":"","overlay-type":"","overlay-color":"","overlay-opacity":"","overlay-gradient":""},"mobile":{"background-color":"","background-image":"","background-repeat":"repeat","background-position":"center center","background-size":"auto","background-attachment":"scroll","background-type":"","background-media":"","overlay-type":"","overlay-color":"","overlay-opacity":"","overlay-gradient":""}},"ast-content-background-meta":{"desktop":{"background-color":"var(--ast-global-color-5)","background-image":"","background-repeat":"repeat","background-position":"center center","background-size":"auto","background-attachment":"scroll","background-type":"","background-media":"","overlay-type":"","overlay-color":"","overlay-opacity":"","overlay-gradient":""},"tablet":{"background-color":"var(--ast-global-color-5)","background-image":"","background-repeat":"repeat","background-position":"center center","background-size":"auto","background-attachment":"scroll","background-type":"","background-media":"","overlay-type":"","overlay-color":"","overlay-opacity":"","overlay-gradient":""},"mobile":{"background-color":"var(--ast-global-color-5)","background-image":"","background-repeat":"repeat","background-position":"center center","background-size":"auto","background-attachment":"scroll","background-type":"","background-media":"","overlay-type":"","overlay-color":"","overlay-opacity":"","overlay-gradient":""}},"_themeisle_gutenberg_block_has_review":false},"product_brand":[],"product_cat":[127],"product_tag":[],"class_list":{"0":"post-133244","1":"product","2":"type-product","3":"status-publish","4":"has-post-thumbnail","6":"product_cat-neue-dachzelte-kaufen","7":"product_shipping_class-punii-dachzelte","8":"desktop-align-left","9":"tablet-align-left","10":"mobile-align-left","11":"ast-product-gallery-layout-vertical-slider","12":"ast-product-single-variable","13":"ast-product-tabs-layout-horizontal","15":"first","16":"outofstock","17":"taxable","18":"shipping-taxable","19":"purchasable","20":"product-type-variable"},"exclude_global_add_ons":false,"addons":[{"name":"Vorzelt","type":"multiple_choice","position":0,"required":false,"title_format":"label","default":"","description_enable":false,"description":"","placeholder_enable":false,"placeholder":"","display":"images","restrictions_type":"any_text","adjust_price":false,"price":"","price_type":"flat_fee","restrictions":false,"min":"0","max":"0","options":[{"label":"wahi moenga S Vorzelt - schwarz","price":"299","price_type":"flat_fee","image":132344,"visibility":true},{"label":"wahi moenga S Vorzelt - gr\u00fcn","price":"299","price_type":"flat_fee","image":132345,"visibility":true}],"id":1761223191}],"uagb_featured_image_src":{"full":["https:\/\/dachzeltnomaden.com\/shop\/wp-content\/uploads\/2025\/08\/dachzeltnomaden-punii-dachzelte-moenga-s-gruen-kaufen.webp",800,640,false],"thumbnail":["https:\/\/dachzeltnomaden.com\/shop\/wp-content\/uploads\/2025\/08\/dachzeltnomaden-punii-dachzelte-moenga-s-gruen-kaufen-600x600.webp",600,600,true],"medium":["https:\/\/dachzeltnomaden.com\/shop\/wp-content\/uploads\/2025\/08\/dachzeltnomaden-punii-dachzelte-moenga-s-gruen-kaufen-300x240.webp",300,240,true],"medium_large":["https:\/\/dachzeltnomaden.com\/shop\/wp-content\/uploads\/2025\/08\/dachzeltnomaden-punii-dachzelte-moenga-s-gruen-kaufen-768x614.webp",768,614,true],"large":["https:\/\/dachzeltnomaden.com\/shop\/wp-content\/uploads\/2025\/08\/dachzeltnomaden-punii-dachzelte-moenga-s-gruen-kaufen-640x512.webp",640,512,true],"1536x1536":["https:\/\/dachzeltnomaden.com\/shop\/wp-content\/uploads\/2025\/08\/dachzeltnomaden-punii-dachzelte-moenga-s-gruen-kaufen.webp",800,640,false],"2048x2048":["https:\/\/dachzeltnomaden.com\/shop\/wp-content\/uploads\/2025\/08\/dachzeltnomaden-punii-dachzelte-moenga-s-gruen-kaufen.webp",800,640,false],"woocommerce_thumbnail":["https:\/\/dachzeltnomaden.com\/shop\/wp-content\/uploads\/2025\/08\/dachzeltnomaden-punii-dachzelte-moenga-s-gruen-kaufen-600x600.webp",600,600,true],"woocommerce_single":["https:\/\/dachzeltnomaden.com\/shop\/wp-content\/uploads\/2025\/08\/dachzeltnomaden-punii-dachzelte-moenga-s-gruen-kaufen.webp",800,640,false],"woocommerce_gallery_thumbnail":["https:\/\/dachzeltnomaden.com\/shop\/wp-content\/uploads\/2025\/08\/dachzeltnomaden-punii-dachzelte-moenga-s-gruen-kaufen-100x100.webp",100,100,true]},"uagb_author_info":{"display_name":"admin","author_link":"https:\/\/dachzeltnomaden.com\/shop\/author\/"},"uagb_comment_info":0,"uagb_excerpt":"Das moenga S ist kompakt, schnell aufgebaut und ideal f\u00fcr Solo-Trips oder Reisen zu zweit. Die Teleskopleiter wird ausgezogen, das [&hellip;]","_links":{"self":[{"href":"https:\/\/dachzeltnomaden.com\/shop\/wp-json\/wp\/v2\/product\/133244","targetHints":{"allow":["GET"]}}],"collection":[{"href":"https:\/\/dachzeltnomaden.com\/shop\/wp-json\/wp\/v2\/product"}],"about":[{"href":"https:\/\/dachzeltnomaden.com\/shop\/wp-json\/wp\/v2\/types\/product"}],"wp:featuredmedia":[{"embeddable":true,"href":"https:\/\/dachzeltnomaden.com\/shop\/wp-json\/wp\/v2\/media\/132340"}],"wp:attachment":[{"href":"https:\/\/dachzeltnomaden.com\/shop\/wp-json\/wp\/v2\/media?parent=133244"}],"wp:term":[{"taxonomy":"product_brand","embeddable":true,"href":"https:\/\/dachzeltnomaden.com\/shop\/wp-json\/wp\/v2\/product_brand?post=133244"},{"taxonomy":"product_cat","embeddable":true,"href":"https:\/\/dachzeltnomaden.com\/shop\/wp-json\/wp\/v2\/product_cat?post=133244"},{"taxonomy":"product_tag","embeddable":true,"href":"https:\/\/dachzeltnomaden.com\/shop\/wp-json\/wp\/v2\/product_tag?post=133244"}],"curies":[{"name":"wp","href":"https:\/\/api.w.org\/{rel}","templated":true}]}}