{"id":133218,"date":"2025-10-18T07:59:16","date_gmt":"2025-10-18T05:59:16","guid":{"rendered":"https:\/\/dachzeltnomaden.com\/shop\/?post_type=product&#038;p=133218"},"modified":"2025-11-19T11:43:13","modified_gmt":"2025-11-19T10:43:13","slug":"kingcamp-zeltofen","status":"publish","type":"product","link":"https:\/\/dachzeltnomaden.com\/shop\/produkt\/kingcamp-zeltofen\/","title":{"rendered":"KingCamp<br>Zeltofen"},"content":{"rendered":"\n<div class=\"wp-block-uagb-container uagb-block-be52fc24 default uagb-is-root-container\">\n<div class=\"wp-block-uagb-advanced-heading uagb-block-233add0f\"><h6 class=\"uagb-heading-text\">WERBUNG<\/h6><\/div>\n\n\n\n<p class=\"has-ast-global-color-5-color has-ast-global-color-2-background-color has-text-color has-background has-link-color wp-elements-e0f6d09686b12b0f5a5b4ed51e9a23e2\">Du suchst noch nach einem Zeltofen f\u00fcr dein Dachzelt-Setup? Wie w\u00e4re es mit einem von KingCamp!<br><br>*Die Links sind Affiliate Links. Wenn du dich f\u00fcr den Kauf eines KingCamp Zeltofens entscheidest, erhalten die Dachzeltnomaden eine Provision. Damit unterst\u00fctzt du uns &amp; unsere Arbeit. F\u00fcr dich kostet der KingCamp Zeltofen deshalb nicht mehr.<\/p>\n\n\n\n<div class=\"wp-block-uagb-advanced-heading uagb-block-b21af034\"><p class=\"uagb-desc-text\">Mollig warm!<\/p><h2 class=\"uagb-heading-text\">Zeltofen Greenland in den Gr\u00f6\u00dfen S, M &amp; L<\/h2><div class=\"uagb-separator\"><\/div><\/div>\n\n\n\n<p>Perfekt f\u00fcr Camping- und Outdoorabenteuer! Der KingCamp Greenland L ist ein kompakter Luxus-Zeltholzofen aus Edelstahl, der ideal ist, um Sie beim Camping warm zu halten oder leckere Gerichte auf der herausnehmbaren Kochfl\u00e4che zuzubereiten. Der KingCamp Greenland L ist mit einer Glasfenster-Frontt\u00fcr, einer Ascheschublade mit integriertem Lufteinlass und einem 1,70 m (S)\/ 2 m (M)\/ 2,3 m (L) langen Ofenrohr mit 6cm (S &amp; M)\/ 7 cm (L) Durchmesser ausgestattet, was ihn ideal f\u00fcr den Einsatz in einem Zelt mit Schornsteinausgang macht.<br><br>Die durchdachte Konstruktion, bestehend aus einem Brennholz-Rost sowie regulierbarer Bel\u00fcftungs\u00f6ffnung und Drosselklappe am Ofenrohr, gew\u00e4hrleistet eine schnelle Hitzeentwicklung und optimale Luftzufuhr.<br><br>Dank der klappbaren Beine und des Ablagegitters, das als Tragegriff verwendet werden kann, l\u00e4sst sich der Ofen schnell aufbauen und mit einem Packma\u00df von 37 x 27 x 31 cm (S)\/ 45 x 31,5 x 34,5 cm (M)\/ 53 x 34,5 x 35 cm (L) sehr leicht transportieren. Ein Funkenfang am Rohrende bietet zus\u00e4tzlichen Schutz f\u00fcr das Zelt. Die im Lieferumfang enthaltenen Handschuhe sch\u00fctzen zuverl\u00e4ssig vor Hitze.<\/p>\n<\/div>\n\n\n\n<div class=\"wp-block-uagb-container uagb-block-ae00b476 default uagb-is-root-container\">\n<div class=\"wp-block-uagb-container uagb-block-3d544ad6\">\n<figure class=\"wp-block-gallery has-nested-images columns-2 is-cropped wp-block-gallery-1 is-layout-flex wp-block-gallery-is-layout-flex\">\n<figure class=\"wp-block-image alignright size-full has-custom-border is-style-default\"><img decoding=\"async\" width=\"800\" height=\"800\" data-id=\"133222\" src=\"https:\/\/dachzeltnomaden.com\/shop\/wp-content\/uploads\/2025\/10\/dachzeltnomaden-shop-zubehoer-heizen-kingcamp-zeltofen-greenland-kaufen-3.webp\" alt=\"kingcamp zeltofen greenland kaufen\" class=\"wp-image-133222\" style=\"border-radius:10px\" srcset=\"https:\/\/dachzeltnomaden.com\/shop\/wp-content\/uploads\/2025\/10\/dachzeltnomaden-shop-zubehoer-heizen-kingcamp-zeltofen-greenland-kaufen-3.webp 800w, https:\/\/dachzeltnomaden.com\/shop\/wp-content\/uploads\/2025\/10\/dachzeltnomaden-shop-zubehoer-heizen-kingcamp-zeltofen-greenland-kaufen-3-300x300.webp 300w, https:\/\/dachzeltnomaden.com\/shop\/wp-content\/uploads\/2025\/10\/dachzeltnomaden-shop-zubehoer-heizen-kingcamp-zeltofen-greenland-kaufen-3-512x512.webp 512w, https:\/\/dachzeltnomaden.com\/shop\/wp-content\/uploads\/2025\/10\/dachzeltnomaden-shop-zubehoer-heizen-kingcamp-zeltofen-greenland-kaufen-3-600x600.webp 600w, https:\/\/dachzeltnomaden.com\/shop\/wp-content\/uploads\/2025\/10\/dachzeltnomaden-shop-zubehoer-heizen-kingcamp-zeltofen-greenland-kaufen-3-768x768.webp 768w, https:\/\/dachzeltnomaden.com\/shop\/wp-content\/uploads\/2025\/10\/dachzeltnomaden-shop-zubehoer-heizen-kingcamp-zeltofen-greenland-kaufen-3-100x100.webp 100w\" sizes=\"(max-width: 800px) 100vw, 800px\" \/><\/figure>\n\n\n\n<figure class=\"wp-block-image size-full has-custom-border\"><img decoding=\"async\" width=\"800\" height=\"800\" data-id=\"133221\" src=\"https:\/\/dachzeltnomaden.com\/shop\/wp-content\/uploads\/2025\/10\/dachzeltnomaden-shop-zubehoer-heizen-kingcamp-zeltofen-greenland-kaufen-2.webp\" alt=\"kingcamp zeltofen greenland kaufen\" class=\"wp-image-133221\" style=\"border-radius:10px\" srcset=\"https:\/\/dachzeltnomaden.com\/shop\/wp-content\/uploads\/2025\/10\/dachzeltnomaden-shop-zubehoer-heizen-kingcamp-zeltofen-greenland-kaufen-2.webp 800w, https:\/\/dachzeltnomaden.com\/shop\/wp-content\/uploads\/2025\/10\/dachzeltnomaden-shop-zubehoer-heizen-kingcamp-zeltofen-greenland-kaufen-2-300x300.webp 300w, https:\/\/dachzeltnomaden.com\/shop\/wp-content\/uploads\/2025\/10\/dachzeltnomaden-shop-zubehoer-heizen-kingcamp-zeltofen-greenland-kaufen-2-512x512.webp 512w, https:\/\/dachzeltnomaden.com\/shop\/wp-content\/uploads\/2025\/10\/dachzeltnomaden-shop-zubehoer-heizen-kingcamp-zeltofen-greenland-kaufen-2-600x600.webp 600w, https:\/\/dachzeltnomaden.com\/shop\/wp-content\/uploads\/2025\/10\/dachzeltnomaden-shop-zubehoer-heizen-kingcamp-zeltofen-greenland-kaufen-2-768x768.webp 768w, https:\/\/dachzeltnomaden.com\/shop\/wp-content\/uploads\/2025\/10\/dachzeltnomaden-shop-zubehoer-heizen-kingcamp-zeltofen-greenland-kaufen-2-100x100.webp 100w\" sizes=\"(max-width: 800px) 100vw, 800px\" \/><\/figure>\n\n\n\n<figure class=\"wp-block-image size-full has-custom-border\"><img decoding=\"async\" width=\"800\" height=\"800\" data-id=\"133220\" src=\"https:\/\/dachzeltnomaden.com\/shop\/wp-content\/uploads\/2025\/10\/dachzeltnomaden-shop-zubehoer-heizen-kingcamp-zeltofen-greenland-kaufen.webp\" alt=\"kingcamp zeltofen greenland kaufen\" class=\"wp-image-133220\" style=\"border-radius:10px\" srcset=\"https:\/\/dachzeltnomaden.com\/shop\/wp-content\/uploads\/2025\/10\/dachzeltnomaden-shop-zubehoer-heizen-kingcamp-zeltofen-greenland-kaufen.webp 800w, https:\/\/dachzeltnomaden.com\/shop\/wp-content\/uploads\/2025\/10\/dachzeltnomaden-shop-zubehoer-heizen-kingcamp-zeltofen-greenland-kaufen-300x300.webp 300w, https:\/\/dachzeltnomaden.com\/shop\/wp-content\/uploads\/2025\/10\/dachzeltnomaden-shop-zubehoer-heizen-kingcamp-zeltofen-greenland-kaufen-512x512.webp 512w, https:\/\/dachzeltnomaden.com\/shop\/wp-content\/uploads\/2025\/10\/dachzeltnomaden-shop-zubehoer-heizen-kingcamp-zeltofen-greenland-kaufen-600x600.webp 600w, https:\/\/dachzeltnomaden.com\/shop\/wp-content\/uploads\/2025\/10\/dachzeltnomaden-shop-zubehoer-heizen-kingcamp-zeltofen-greenland-kaufen-768x768.webp 768w, https:\/\/dachzeltnomaden.com\/shop\/wp-content\/uploads\/2025\/10\/dachzeltnomaden-shop-zubehoer-heizen-kingcamp-zeltofen-greenland-kaufen-100x100.webp 100w\" sizes=\"(max-width: 800px) 100vw, 800px\" \/><\/figure>\n\n\n\n<figure class=\"wp-block-image size-full has-custom-border\"><img decoding=\"async\" width=\"800\" height=\"800\" data-id=\"133219\" src=\"https:\/\/dachzeltnomaden.com\/shop\/wp-content\/uploads\/2025\/10\/dachzeltnomaden-shop-zubehoer-heizen-kingcamp-zeltofen-greenland.webp\" alt=\"kingcamp zeltofen greenland kaufen\" class=\"wp-image-133219\" style=\"border-radius:10px\" srcset=\"https:\/\/dachzeltnomaden.com\/shop\/wp-content\/uploads\/2025\/10\/dachzeltnomaden-shop-zubehoer-heizen-kingcamp-zeltofen-greenland.webp 800w, https:\/\/dachzeltnomaden.com\/shop\/wp-content\/uploads\/2025\/10\/dachzeltnomaden-shop-zubehoer-heizen-kingcamp-zeltofen-greenland-300x300.webp 300w, https:\/\/dachzeltnomaden.com\/shop\/wp-content\/uploads\/2025\/10\/dachzeltnomaden-shop-zubehoer-heizen-kingcamp-zeltofen-greenland-512x512.webp 512w, https:\/\/dachzeltnomaden.com\/shop\/wp-content\/uploads\/2025\/10\/dachzeltnomaden-shop-zubehoer-heizen-kingcamp-zeltofen-greenland-600x600.webp 600w, https:\/\/dachzeltnomaden.com\/shop\/wp-content\/uploads\/2025\/10\/dachzeltnomaden-shop-zubehoer-heizen-kingcamp-zeltofen-greenland-768x768.webp 768w, https:\/\/dachzeltnomaden.com\/shop\/wp-content\/uploads\/2025\/10\/dachzeltnomaden-shop-zubehoer-heizen-kingcamp-zeltofen-greenland-100x100.webp 100w\" sizes=\"(max-width: 800px) 100vw, 800px\" \/><\/figure>\n<\/figure>\n<\/div>\n\n\n\n<div class=\"wp-block-uagb-container uagb-block-76ea1ad4\">\n<h4 class=\"wp-block-heading\" style=\"margin-top:0px;margin-bottom:0px\">Eigenschaften<\/h4>\n\n\n\n<ul class=\"wp-block-list\">\n<li>Kompakter Zeltofen mit herausnehmbarer Kochfl\u00e4che<\/li>\n\n\n\n<li>Geringes Packma\u00df &#8211; Ofenrohrset l\u00e4sst sich im Ofen verstauen<\/li>\n\n\n\n<li>Klappbare Beine &amp; Ablagegitter als Tragegriffe verwendbar<\/li>\n\n\n\n<li>Glasfenster-Frontt\u00fcr f\u00fcr Kamin-Atmosph\u00e4re im Zelt<\/li>\n\n\n\n<li>Regulierbarer Lufteinlass an der Schublade &amp; Drosselklappe am Ofenrohr<\/li>\n\n\n\n<li>Optimierter Abzug f\u00fcr wenig Rauchentwicklung &amp; Funkenflug<\/li>\n\n\n\n<li>Ideale Luftzufuhr &amp; schnelle Hitzeentwicklung<\/li>\n\n\n\n<li>Brennkammer mit Rost &amp; herausnehmbarer Ascheschublade<\/li>\n\n\n\n<li>Nicht lackiert &#8211; d\u00fcnstet daher nicht aus<\/li>\n\n\n\n<li>Inklusive Kochfl\u00e4che, 5 Ofenrohrteile, 1 Funkenfang, Brennholzhaken &amp; Handschuhe<\/li>\n\n\n\n<li><strong>Material:<\/strong> Edelstahl\/Glas<\/li>\n\n\n\n<li><strong>Ma\u00dfe (LxBxH): <\/strong>29 x 20 x 30\/200 cm (S), 38 x 25 x 33\/233 cm (M), 46 x 28 x 33\/263 cm (L)<\/li>\n\n\n\n<li><strong>Ma\u00dfe Ofenrohr:<\/strong> \u00d86 cm x 1,7 m (S), \u00d86 cm x 2 m (M), \u00d87 cm x 2,3 m (L)<\/li>\n\n\n\n<li><strong>Packma\u00df: <\/strong>37 x 27 x 31 cm (S), 45 x 31,5 x 34,5 cm (M), 53 x 34,5 x 35 cm (L)<\/li>\n\n\n\n<li><strong>Gewicht: <\/strong>6,3 kg (S), 8,8 kg (M), 10,56 kg (L)<\/li>\n<\/ul>\n\n\n\n<div class=\"wp-block-buttons is-layout-flex wp-block-buttons-is-layout-flex\">\n<div class=\"wp-block-button\"><a class=\"wp-block-button__link wp-element-button\" href=\"https:\/\/t.adcell.com\/p\/click?promoId=382609&amp;slotId=92838&amp;param0=https%3A%2F%2Fkingcamp.de%2Fproducts%2Fzelt-ofen-greenland-s-outdoor-kuche-mini-camping-herd-heizung-stahl\" target=\"_blank\" rel=\"noreferrer noopener\">Zum Zeltofen Greenland S<\/a><\/div>\n\n\n\n<div class=\"wp-block-button\"><a class=\"wp-block-button__link wp-element-button\" href=\"https:\/\/t.adcell.com\/p\/click?promoId=382609&amp;slotId=92838&amp;param0=https%3A%2F%2Fkingcamp.de%2Fproducts%2Fzelt-ofen-greenland-m-outdoor-kuche-mini-camping-herd-heizung-stahl\" target=\"_blank\" rel=\"noreferrer noopener\">Zum Zeltofen Greenland M<\/a><\/div>\n\n\n\n<div class=\"wp-block-button\"><a class=\"wp-block-button__link wp-element-button\" href=\"https:\/\/t.adcell.com\/p\/click?promoId=382609&amp;slotId=92838&amp;param0=https%3A%2F%2Fkingcamp.de%2Fproducts%2Fzelt-ofen-greenland-l-outdoor-kuche-mini-camping-herd-heizung-stahl\" target=\"_blank\" rel=\"noreferrer noopener\">Zum Zeltofen Greenland L<\/a><\/div>\n<\/div>\n<\/div>\n<\/div>\n","protected":false},"excerpt":{"rendered":"<p>WERBUNG Du suchst noch nach einem Zeltofen f\u00fcr dein Dachzelt-Setup? Wie w\u00e4re es mit einem von KingCamp! *Die Links sind [&hellip;]<\/p>\n","protected":false},"featured_media":133222,"template":"","meta":{"_uag_custom_page_level_css":"","site-sidebar-layout":"default","site-content-layout":"","ast-site-content-layout":"default","site-content-style":"default","site-sidebar-style":"default","ast-global-header-display":"","ast-banner-title-visibility":"","ast-main-header-display":"","ast-hfb-above-header-display":"","ast-hfb-below-header-display":"","ast-hfb-mobile-header-display":"","site-post-title":"","ast-breadcrumbs-content":"","ast-featured-img":"","footer-sml-layout":"","ast-disable-related-posts":"","theme-transparent-header-meta":"","adv-header-id-meta":"","stick-header-meta":"","header-above-stick-meta":"","header-main-stick-meta":"","header-below-stick-meta":"","astra-migrate-meta-layouts":"default","ast-page-background-enabled":"default","ast-page-background-meta":{"desktop":{"background-color":"var(--ast-global-color-4)","background-image":"","background-repeat":"repeat","background-position":"center center","background-size":"auto","background-attachment":"scroll","background-type":"","background-media":"","overlay-type":"","overlay-color":"","overlay-opacity":"","overlay-gradient":""},"tablet":{"background-color":"","background-image":"","background-repeat":"repeat","background-position":"center center","background-size":"auto","background-attachment":"scroll","background-type":"","background-media":"","overlay-type":"","overlay-color":"","overlay-opacity":"","overlay-gradient":""},"mobile":{"background-color":"","background-image":"","background-repeat":"repeat","background-position":"center center","background-size":"auto","background-attachment":"scroll","background-type":"","background-media":"","overlay-type":"","overlay-color":"","overlay-opacity":"","overlay-gradient":""}},"ast-content-background-meta":{"desktop":{"background-color":"var(--ast-global-color-5)","background-image":"","background-repeat":"repeat","background-position":"center center","background-size":"auto","background-attachment":"scroll","background-type":"","background-media":"","overlay-type":"","overlay-color":"","overlay-opacity":"","overlay-gradient":""},"tablet":{"background-color":"var(--ast-global-color-5)","background-image":"","background-repeat":"repeat","background-position":"center center","background-size":"auto","background-attachment":"scroll","background-type":"","background-media":"","overlay-type":"","overlay-color":"","overlay-opacity":"","overlay-gradient":""},"mobile":{"background-color":"var(--ast-global-color-5)","background-image":"","background-repeat":"repeat","background-position":"center center","background-size":"auto","background-attachment":"scroll","background-type":"","background-media":"","overlay-type":"","overlay-color":"","overlay-opacity":"","overlay-gradient":""}},"_themeisle_gutenberg_block_has_review":false},"product_brand":[],"product_cat":[101,107],"product_tag":[347,377],"class_list":{"0":"post-133218","1":"product","2":"type-product","3":"status-publish","4":"has-post-thumbnail","6":"product_cat-zubehoer","7":"product_cat-heizen","8":"product_tag-kingcamp","9":"product_tag-zeltofen","10":"product_shipping_class-tigerexped","11":"desktop-align-left","12":"tablet-align-left","13":"mobile-align-left","14":"ast-product-gallery-layout-vertical-slider","15":"ast-product-tabs-layout-horizontal","17":"first","18":"instock","19":"taxable","20":"shipping-taxable","21":"purchasable","22":"product-type-external"},"exclude_global_add_ons":[],"addons":[],"uagb_featured_image_src":{"full":["https:\/\/dachzeltnomaden.com\/shop\/wp-content\/uploads\/2025\/10\/dachzeltnomaden-shop-zubehoer-heizen-kingcamp-zeltofen-greenland-kaufen-3.webp",800,800,false],"thumbnail":["https:\/\/dachzeltnomaden.com\/shop\/wp-content\/uploads\/2025\/10\/dachzeltnomaden-shop-zubehoer-heizen-kingcamp-zeltofen-greenland-kaufen-3-600x600.webp",600,600,true],"medium":["https:\/\/dachzeltnomaden.com\/shop\/wp-content\/uploads\/2025\/10\/dachzeltnomaden-shop-zubehoer-heizen-kingcamp-zeltofen-greenland-kaufen-3-300x300.webp",300,300,true],"medium_large":["https:\/\/dachzeltnomaden.com\/shop\/wp-content\/uploads\/2025\/10\/dachzeltnomaden-shop-zubehoer-heizen-kingcamp-zeltofen-greenland-kaufen-3-768x768.webp",768,768,true],"large":["https:\/\/dachzeltnomaden.com\/shop\/wp-content\/uploads\/2025\/10\/dachzeltnomaden-shop-zubehoer-heizen-kingcamp-zeltofen-greenland-kaufen-3-512x512.webp",512,512,true],"1536x1536":["https:\/\/dachzeltnomaden.com\/shop\/wp-content\/uploads\/2025\/10\/dachzeltnomaden-shop-zubehoer-heizen-kingcamp-zeltofen-greenland-kaufen-3.webp",800,800,false],"2048x2048":["https:\/\/dachzeltnomaden.com\/shop\/wp-content\/uploads\/2025\/10\/dachzeltnomaden-shop-zubehoer-heizen-kingcamp-zeltofen-greenland-kaufen-3.webp",800,800,false],"woocommerce_thumbnail":["https:\/\/dachzeltnomaden.com\/shop\/wp-content\/uploads\/2025\/10\/dachzeltnomaden-shop-zubehoer-heizen-kingcamp-zeltofen-greenland-kaufen-3-600x600.webp",600,600,true],"woocommerce_single":["https:\/\/dachzeltnomaden.com\/shop\/wp-content\/uploads\/2025\/10\/dachzeltnomaden-shop-zubehoer-heizen-kingcamp-zeltofen-greenland-kaufen-3.webp",800,800,false],"woocommerce_gallery_thumbnail":["https:\/\/dachzeltnomaden.com\/shop\/wp-content\/uploads\/2025\/10\/dachzeltnomaden-shop-zubehoer-heizen-kingcamp-zeltofen-greenland-kaufen-3-100x100.webp",100,100,true]},"uagb_author_info":{"display_name":"Jasmine","author_link":"https:\/\/dachzeltnomaden.com\/shop\/author\/"},"uagb_comment_info":0,"uagb_excerpt":"WERBUNG Du suchst noch nach einem Zeltofen f\u00fcr dein Dachzelt-Setup? Wie w\u00e4re es mit einem von KingCamp! *Die Links sind [&hellip;]","_links":{"self":[{"href":"https:\/\/dachzeltnomaden.com\/shop\/wp-json\/wp\/v2\/product\/133218","targetHints":{"allow":["GET"]}}],"collection":[{"href":"https:\/\/dachzeltnomaden.com\/shop\/wp-json\/wp\/v2\/product"}],"about":[{"href":"https:\/\/dachzeltnomaden.com\/shop\/wp-json\/wp\/v2\/types\/product"}],"wp:featuredmedia":[{"embeddable":true,"href":"https:\/\/dachzeltnomaden.com\/shop\/wp-json\/wp\/v2\/media\/133222"}],"wp:attachment":[{"href":"https:\/\/dachzeltnomaden.com\/shop\/wp-json\/wp\/v2\/media?parent=133218"}],"wp:term":[{"taxonomy":"product_brand","embeddable":true,"href":"https:\/\/dachzeltnomaden.com\/shop\/wp-json\/wp\/v2\/product_brand?post=133218"},{"taxonomy":"product_cat","embeddable":true,"href":"https:\/\/dachzeltnomaden.com\/shop\/wp-json\/wp\/v2\/product_cat?post=133218"},{"taxonomy":"product_tag","embeddable":true,"href":"https:\/\/dachzeltnomaden.com\/shop\/wp-json\/wp\/v2\/product_tag?post=133218"}],"curies":[{"name":"wp","href":"https:\/\/api.w.org\/{rel}","templated":true}]}}